{"id":1027,"date":"2023-02-27T11:55:45","date_gmt":"2023-02-27T10:55:45","guid":{"rendered":"https:\/\/www.kontinenzzentrum.ch\/?page_id=1027"},"modified":"2024-09-25T11:54:24","modified_gmt":"2024-09-25T09:54:24","slug":"das-zeichnet-uns-aus-kompetenz-erfahrung-technologie","status":"publish","type":"page","link":"https:\/\/www.kontinenzzentrum.ch\/de\/das-zeichnet-uns-aus-kompetenz-erfahrung-technologie.html","title":{"rendered":"Das zeichnet uns aus"},"content":{"rendered":"<div id=\"pl-1027\"  class=\"panel-layout\" ><div id=\"pg-1027-0\"  class=\"panel-grid panel-no-style\" ><div id=\"pgc-1027-0-0\"  class=\"panel-grid-cell\" ><div id=\"panel-1027-0-0-0\" class=\"so-panel widget widget_sow-editor panel-first-child panel-last-child\" data-index=\"0\" ><div\n\t\t\t\n\t\t\tclass=\"so-widget-sow-editor so-widget-sow-editor-base\"\n\t\t\t\n\t\t>\n<div class=\"siteorigin-widget-tinymce textwidget\">\n\t<h1>Das KontinenzZentrum Hirslanden: Spitzenmedizin auf h\u00f6chstem Niveau<\/h1>\n<h2>Erfahrung - Kompetenz - Technologie<\/h2>\n<p>Das KontinenzZentrum Hirslanden in Z\u00fcrich bietet Spitzenmedizin auf h\u00f6chstem Niveau f\u00fcr Patienten mit Blasenfunktionsst\u00f6rungen, <a href=\"https:\/\/www.kontinenzzentrum.ch\/de\/kompetenzen\/inkontinenz.html\" title=\"Unsere Kernkompetenz: Untersuchung und Behandlung von Inkontinenz\">Inkontinenz<\/a>, <a href=\"https:\/\/www.kontinenzzentrum.ch\/de\/erkrankungen\/senkungen-im-becken.html\" title=\"Senkungen im Becken und ihre Behandlungsm\u00f6glichkeiten\">Senkungen<\/a> und <a href=\"https:\/\/www.kontinenzzentrum.ch\/de\/kompetenzen\/beckenbodentherapie.html\" title=\"Mehr zur Beckenbodentherapie\">Beckenbodenproblemen<\/a>. Unser erfahrenes, interdisziplin\u00e4res Team von Fach\u00e4rzten setzt modernste Technologien und innovative Behandlungsmethoden ein, um Ihnen die bestm\u00f6gliche Versorgung zu gew\u00e4hrleisten.<\/p>\n<\/div>\n<\/div><\/div><\/div><\/div><div id=\"pg-1027-1\"  class=\"panel-grid panel-no-style\" ><div id=\"pgc-1027-1-0\"  class=\"panel-grid-cell\" ><div id=\"panel-1027-1-0-0\" class=\"so-panel widget widget_sow-editor panel-first-child panel-last-child\" data-index=\"1\" ><div\n\t\t\t\n\t\t\tclass=\"so-widget-sow-editor so-widget-sow-editor-base\"\n\t\t\t\n\t\t>\n<div class=\"siteorigin-widget-tinymce textwidget\">\n\t<h2>Patientenzentrierte Versorgung<\/h2>\n<\/div>\n<\/div><\/div><\/div><\/div><div id=\"pg-1027-2\"  class=\"panel-grid panel-no-style\" ><div id=\"pgc-1027-2-0\"  class=\"panel-grid-cell\" ><div id=\"panel-1027-2-0-0\" class=\"so-panel widget widget_sow-editor panel-first-child panel-last-child\" data-index=\"2\" ><div\n\t\t\t\n\t\t\tclass=\"so-widget-sow-editor so-widget-sow-editor-base\"\n\t\t\t\n\t\t>\n<div class=\"siteorigin-widget-tinymce textwidget\">\n\t<p>Bei uns steht der Patient mit seinen individuellen Beschwerden und Bed\u00fcrfnissen im Mittelpunkt. Jede diagnostische Ma\u00dfnahme und jede Intervention wird nach dem Prinzip \u201eWas n\u00fctzt es der Patientin bzw. dem Patienten?\u201c kritisch hinterfragt.<\/p>\n<ul>\n<li><strong>Individuelle Behandlung:<\/strong> Wir behandeln Menschen mit individuellen Beschwerden und Bed\u00fcrfnissen und nicht blo\u00df Messwerte oder Laborparameter. Wir nehmen uns Zeit Sie kennen zu lernen, um die f\u00fcr sie bestm\u00f6gliche Behandlung zu erzielen.<\/li>\n<li><strong>Lebensqualit\u00e4t verbessern:<\/strong> Die Verbesserung der Lebensqualit\u00e4t ist unser wichtigstes Anliegen. Die Auswahl der Untersuchungen und Therapiema\u00dfnahmen orientiert sich daher massgeblich an den Beschwerden unserer Patienten.<\/li>\n<li><strong>Wissenschaftlich fundiert:<\/strong> Auf der Basis der neuesten klinisch-wissenschaftlicher Leitlinien werden Abkl\u00e4rungen und Therapiema\u00dfnahmen individuell auf jeden einzelnen Patienten abgestimmt und mit Augenma\u00df angewendet.<\/li>\n<\/ul>\n<\/div>\n<\/div><\/div><\/div><div id=\"pgc-1027-2-1\"  class=\"panel-grid-cell\" ><div id=\"panel-1027-2-1-0\" class=\"so-panel widget widget_sow-image panel-first-child panel-last-child\" data-index=\"3\" ><div\n\t\t\t\n\t\t\tclass=\"so-widget-sow-image so-widget-sow-image-default-8b5b6f678277-1027\"\n\t\t\t\n\t\t>\n<div class=\"sow-image-container\">\n\t\t<img \n\tsrc=\"https:\/\/www.kontinenzzentrum.ch\/wp-content\/uploads\/ueber-uns-das-zeichnet-uns-aus-213006-txt.jpeg\" width=\"640\" height=\"497\" srcset=\"https:\/\/www.kontinenzzentrum.ch\/wp-content\/uploads\/ueber-uns-das-zeichnet-uns-aus-213006-txt.jpeg 640w, https:\/\/www.kontinenzzentrum.ch\/wp-content\/uploads\/ueber-uns-das-zeichnet-uns-aus-213006-txt-300x233.jpeg 300w\" sizes=\"(max-width: 640px) 100vw, 640px\" alt=\"Prof. Dr. Andr\u00e9 Reitz ber\u00e4t Patientin kompetent und vertrauensvoll\" \t\tclass=\"so-widget-image\"\/>\n\t<\/div>\n\n<\/div><\/div><\/div><\/div><div id=\"pg-1027-3\"  class=\"panel-grid panel-no-style\" ><div id=\"pgc-1027-3-0\"  class=\"panel-grid-cell\" ><div id=\"panel-1027-3-0-0\" class=\"so-panel widget widget_sow-editor panel-first-child\" data-index=\"4\" ><div\n\t\t\t\n\t\t\tclass=\"so-widget-sow-editor so-widget-sow-editor-base\"\n\t\t\t\n\t\t>\n<div class=\"siteorigin-widget-tinymce textwidget\">\n\t<h2>Pers\u00f6nliche und vertrauensvolle Betreuung<\/h2>\n<\/div>\n<\/div><\/div><div id=\"panel-1027-3-0-1\" class=\"so-panel widget widget_sow-editor panel-last-child\" data-index=\"5\" ><div\n\t\t\t\n\t\t\tclass=\"so-widget-sow-editor so-widget-sow-editor-base\"\n\t\t\t\n\t\t>\n<div class=\"siteorigin-widget-tinymce textwidget\">\n\t<ul>\n<li><strong>Kompetente, pers\u00f6nliche, kontinuierliche Betreuung:<\/strong> Abkl\u00e4rung, konservative Behandlung, Operation und Nachbetreuung erfolgen durch denselben erfahrenen, spezialisierten Facharzt, der seine Patientinnen und Patienten daher im Detail, im Verlauf und in allen Facetten ihrer Erkrankung kennt.<\/li>\n<li><strong>Vertrauensvolle Beziehung & Diskretion:<\/strong> Sie k\u00f6nnen sich uns anvertrauen. Unsere Arbeit ist geleitet von Empathie und Mitgef\u00fchl. Im Umgang mit Patienten und Partnern sind wir pers\u00f6nlich, sorgf\u00e4ltig und authentisch. Wir behandeln jeden Patienten mit gr\u00f6\u00dfter Diskretion.<\/li>\n<li><strong>Zeit f\u00fcr Sie:<\/strong> Wir nehmen uns Zeit und h\u00f6ren unseren Patienten zu, um Ihre pers\u00f6nliche Situation und Bed\u00fcrfnisse umfassend und erfolgversprechend abkl\u00e4ren und bestm\u00f6glich behandeln zu k\u00f6nnen.<\/li>\n<\/ul>\n<\/div>\n<\/div><\/div><\/div><div id=\"pgc-1027-3-1\"  class=\"panel-grid-cell\" ><div id=\"panel-1027-3-1-0\" class=\"so-panel widget widget_sow-image panel-first-child panel-last-child\" data-index=\"6\" ><div\n\t\t\t\n\t\t\tclass=\"so-widget-sow-image so-widget-sow-image-default-8b5b6f678277-1027\"\n\t\t\t\n\t\t>\n<div class=\"sow-image-container\">\n\t\t<img \n\tsrc=\"https:\/\/www.kontinenzzentrum.ch\/wp-content\/uploads\/ueber-uns-das-haben-sie-213288-txt-2.jpeg\" width=\"640\" height=\"497\" srcset=\"https:\/\/www.kontinenzzentrum.ch\/wp-content\/uploads\/ueber-uns-das-haben-sie-213288-txt-2.jpeg 640w, https:\/\/www.kontinenzzentrum.ch\/wp-content\/uploads\/ueber-uns-das-haben-sie-213288-txt-2-300x233.jpeg 300w\" sizes=\"(max-width: 640px) 100vw, 640px\" title=\"ueber-uns-das-haben-sie-213288-txt\" alt=\"Patientin im Wartebereich des KontinenzZentrums Hirslanden erh\u00e4lt Kaffee\" \t\tclass=\"so-widget-image\"\/>\n\t<\/div>\n\n<\/div><\/div><\/div><\/div><div id=\"pg-1027-4\"  class=\"panel-grid panel-no-style\" ><div id=\"pgc-1027-4-0\"  class=\"panel-grid-cell\" ><div id=\"panel-1027-4-0-0\" class=\"so-panel widget widget_sow-editor panel-first-child panel-last-child\" data-index=\"7\" ><div\n\t\t\t\n\t\t\tclass=\"so-widget-sow-editor so-widget-sow-editor-base\"\n\t\t\t\n\t\t>\n<div class=\"siteorigin-widget-tinymce textwidget\">\n\t<h2>Unsere St\u00e4rken<\/h2>\n<ul>\n<li><strong>Umfassende Therapieangebote:<\/strong> Das KontinenzZentrum Hirslanden bietet das gesamte Spektrum der konservativen und operativen Therapien bei Inkontinenz, Blasenfunktionsst\u00f6rungen, Beckenschmerzen und Senkungszust\u00e4nden der Beckenorgane sowie Beckenbodentherapie f\u00fcr Frauen, M\u00e4nner und Kinder.<\/li>\n<li><strong>Modernste Technologien:<\/strong> Wir verf\u00fcgen \u00fcber modernste, innovative diagnostische und therapeutische Technologien und \u00e4rztliche Techniken.<\/li>\n<li><strong>Interdisziplin\u00e4re Zusammenarbeit:<\/strong> Wir arbeiten interdisziplin\u00e4r und bieten eine umfassende Abkl\u00e4rung mit ausgewiesenen Spezialisten.<\/li>\n<li><strong>Effiziente Behandlung:<\/strong> Eine zeitnahe und effiziente Beurteilung und kompetente Behandlung der Beschwerden ist unsere besondere St\u00e4rke.<\/li>\n<li><strong>Langj\u00e4hrige Erfahrung:<\/strong> Unsere langj\u00e4hrigen Erfahrungen erm\u00f6glichen eine tiefgehende und individuelle Beurteilung und erfolgversprechende Behandlung.<\/li>\n<li><strong>Zertifizierte Expertise:<\/strong> Wir sind eine zertifizierte \u00e4rztliche Beratungsstelle der Deutschen Kontinenz Gesellschaft und ein zertifiziertes Zentrum f\u00fcr Beckenschmerz und Interstitielle Zystitis.<\/li>\n<li><strong>Alternative Therapien:<\/strong> Begleitend nutzen wir auch alternative Therapieverfahren.<\/li>\n<\/ul>\n<\/div>\n<\/div><\/div><\/div><\/div><div id=\"pg-1027-5\"  class=\"panel-grid panel-no-style\" ><div id=\"pgc-1027-5-0\"  class=\"panel-grid-cell\" ><div id=\"panel-1027-5-0-0\" class=\"so-panel widget widget_fn-info-box-widget panel-first-child panel-last-child\" data-index=\"8\" ><div\n\t\t\t\n\t\t\tclass=\"so-widget-fn-info-box-widget so-widget-fn-info-box-widget-base\"\n\t\t\t\n\t\t><div class=\"uk-child-width-1-1 uk-grid-match\" uk-grid><div>\n        <div class=\"fn-info-box-title\">\n          <div class=\"uk-grid-small\" uk-grid>            <div class=\"uk-width-auto\"><img decoding=\"async\" src=\"https:\/\/www.kontinenzzentrum.ch\/wp-content\/uploads\/ICON_kontakt.svg\" class=\"attachment-small size-small\" alt=\"\" \/>            <\/div>            <div class=\"uk-width-expand\">\n              <h4 class=\"uk-h3\">Vereinbaren Sie einen Termin<\/h4>\n            <\/div>\n          <\/div>\n        <\/div>\n        <div class=\"fn-info-box-content\">\n              <p>Lassen Sie sich von unserer Expertise \u00fcberzeugen und vereinbaren Sie einen Termin in unserem Zentrum. Gemeinsam finden wir die optimale L\u00f6sung f\u00fcr Ihre Beschwerden und helfen Ihnen, Ihre Lebensqualit\u00e4t nachhaltig zu verbessern.<\/p>\n<p><div class=\"uk-flex uk-child-width-auto uk-grid-small\" uk-grid><div><a class=\"uk-button uk-button-primary\" href=\"tel:+41443872910\"><i class=\"fas fa-phone-alt uk-margin-small-right\"><\/i>+41 44 387 29 10<\/a><\/div><div><a class=\"uk-button uk-button-primary\" href=\"https:\/\/www.kontinenzzentrum.ch\/de\/ueber-uns\/termin.html\"><i class=\"fas fa-comments uk-margin-small-right\"><\/i>Online Terminvereinbarung<\/a><\/div><\/div><\/p>\n        <\/div>\n      <\/div><\/div><\/div><\/div><\/div><\/div><div id=\"pg-1027-6\"  class=\"panel-grid panel-no-style\" ><div id=\"pgc-1027-6-0\"  class=\"panel-grid-cell\" ><div id=\"panel-1027-6-0-0\" class=\"so-panel widget widget_sow-editor panel-first-child panel-last-child\" data-index=\"9\" ><div\n\t\t\t\n\t\t\tclass=\"so-widget-sow-editor so-widget-sow-editor-base\"\n\t\t\t\n\t\t>\n<div class=\"siteorigin-widget-tinymce textwidget\">\n\t<p style=\"text-align: left;\"><img decoding=\"async\" class=\"alignleft\" title=\"\" src=\"https:\/\/www.kontinenzzentrum.ch\/wp-content\/uploads\/docapp_logo.png\" alt=\"\" width=\"217\" height=\"56\" \/><br \/>\n<a href=\"https:\/\/www.docapp.ch\/de\/suche?q=KontinenzZentrum%20Hirslanden%20Spezialpraxis%20f%C3%BCr%20Blasen-%20und%20Beckenbodenerkrankungen&amp;l=Z%C3%BCrich&amp;s=practice\" target=\"_blank\" rel=\"noopener\"><br \/>\n<\/a><\/p>\n<p>&nbsp;<\/p>\n<p style=\"text-align: left;\"><a href=\"https:\/\/www.docapp.ch\/de\/suche?q=KontinenzZentrum%20Hirslanden%20Spezialpraxis%20f%C3%BCr%20Blasen-%20und%20Beckenbodenerkrankungen&amp;l=Z%C3%BCrich&amp;s=practice\" target=\"_blank\" rel=\"noopener\">Lesen Sie, was unsere Patienten sagen \u00bb<\/a><\/p>\n<\/div>\n<\/div><\/div><\/div><\/div><\/div>","protected":false},"excerpt":{"rendered":"<p>Das KontinenzZentrum Hirslanden: Spitzenmedizin auf h\u00f6chstem Niveau Erfahrung - Kompetenz - Technologie Das KontinenzZentrum Hirslanden in Z\u00fcrich bietet Spitzenmedizin auf h\u00f6chstem Niveau f\u00fcr Patienten mit Blasenfunktionsst\u00f6rungen, Inkontinenz, Senkungen und Beckenbodenproblemen. Unser erfahrenes, interdisziplin\u00e4res Team von Fach\u00e4rzten setzt modernste Technologien und innovative Behandlungsmethoden ein, um Ihnen die bestm\u00f6gliche Versorgung zu gew\u00e4hrleisten. Patientenzentrierte Versorgung<\/p>\n","protected":false},"author":1,"featured_media":1028,"parent":0,"menu_order":0,"comment_status":"closed","ping_status":"closed","template":"","meta":{"_acf_changed":false,"footnotes":""},"class_list":["post-1027","page","type-page","status-publish","has-post-thumbnail","hentry"],"acf":[],"yoast_head":"<!-- This site is optimized with the Yoast SEO plugin v26.9 - https:\/\/yoast.com\/product\/yoast-seo-wordpress\/ -->\n<title>Ihre Vorteile als Patient: Spitzenmedizin &amp; vertrauensvolle Betreuung<\/title>\n<meta name=\"description\" content=\"Wir bieten das gesamte Spektrum konservativer &amp; operativer Therapien bei Inkontinenz, Blasenst\u00f6rungen, Beckenbodenschw\u00e4che &amp; Organsenkungen.\" \/>\n<meta name=\"robots\" content=\"index, follow, max-snippet:-1, max-image-preview:large, max-video-preview:-1\" \/>\n<link rel=\"canonical\" href=\"https:\/\/www.kontinenzzentrum.ch\/de\/das-zeichnet-uns-aus-kompetenz-erfahrung-technologie.html\" \/>\n<meta property=\"og:locale\" content=\"de_DE\" \/>\n<meta property=\"og:type\" content=\"article\" \/>\n<meta property=\"og:title\" content=\"Ihre Vorteile als Patient: Spitzenmedizin &amp; vertrauensvolle Betreuung\" \/>\n<meta property=\"og:description\" content=\"Wir bieten das gesamte Spektrum konservativer &amp; operativer Therapien bei Inkontinenz, Blasenst\u00f6rungen, Beckenbodenschw\u00e4che &amp; Organsenkungen.\" \/>\n<meta property=\"og:url\" content=\"https:\/\/www.kontinenzzentrum.ch\/de\/das-zeichnet-uns-aus-kompetenz-erfahrung-technologie.html\" \/>\n<meta property=\"og:site_name\" content=\"KontinenzZentrum\" \/>\n<meta property=\"article:modified_time\" content=\"2024-09-25T09:54:24+00:00\" \/>\n<meta property=\"og:image\" content=\"https:\/\/www.kontinenzzentrum.ch\/wp-content\/uploads\/ueber-uns-das-zeichnet-uns-aus-213126.jpeg\" \/>\n\t<meta property=\"og:image:width\" content=\"1920\" \/>\n\t<meta property=\"og:image:height\" content=\"450\" \/>\n\t<meta property=\"og:image:type\" content=\"image\/jpeg\" \/>\n<meta name=\"twitter:card\" content=\"summary_large_image\" \/>\n<meta name=\"twitter:label1\" content=\"Gesch\u00e4tzte Lesezeit\" \/>\n\t<meta name=\"twitter:data1\" content=\"4\u00a0Minuten\" \/>\n<script type=\"application\/ld+json\" class=\"yoast-schema-graph\">{\"@context\":\"https:\/\/schema.org\",\"@graph\":[{\"@type\":\"WebPage\",\"@id\":\"https:\/\/www.kontinenzzentrum.ch\/de\/das-zeichnet-uns-aus-kompetenz-erfahrung-technologie.html\",\"url\":\"https:\/\/www.kontinenzzentrum.ch\/de\/das-zeichnet-uns-aus-kompetenz-erfahrung-technologie.html\",\"name\":\"Ihre Vorteile als Patient: Spitzenmedizin & vertrauensvolle Betreuung\",\"isPartOf\":{\"@id\":\"https:\/\/www.kontinenzzentrum.ch\/de\/#website\"},\"primaryImageOfPage\":{\"@id\":\"https:\/\/www.kontinenzzentrum.ch\/de\/das-zeichnet-uns-aus-kompetenz-erfahrung-technologie.html#primaryimage\"},\"image\":{\"@id\":\"https:\/\/www.kontinenzzentrum.ch\/de\/das-zeichnet-uns-aus-kompetenz-erfahrung-technologie.html#primaryimage\"},\"thumbnailUrl\":\"https:\/\/www.kontinenzzentrum.ch\/wp-content\/uploads\/ueber-uns-das-zeichnet-uns-aus-213126.jpeg\",\"datePublished\":\"2023-02-27T10:55:45+00:00\",\"dateModified\":\"2024-09-25T09:54:24+00:00\",\"description\":\"Wir bieten das gesamte Spektrum konservativer & operativer Therapien bei Inkontinenz, Blasenst\u00f6rungen, Beckenbodenschw\u00e4che & Organsenkungen.\",\"breadcrumb\":{\"@id\":\"https:\/\/www.kontinenzzentrum.ch\/de\/das-zeichnet-uns-aus-kompetenz-erfahrung-technologie.html#breadcrumb\"},\"inLanguage\":\"de\",\"potentialAction\":[{\"@type\":\"ReadAction\",\"target\":[\"https:\/\/www.kontinenzzentrum.ch\/de\/das-zeichnet-uns-aus-kompetenz-erfahrung-technologie.html\"]}]},{\"@type\":\"ImageObject\",\"inLanguage\":\"de\",\"@id\":\"https:\/\/www.kontinenzzentrum.ch\/de\/das-zeichnet-uns-aus-kompetenz-erfahrung-technologie.html#primaryimage\",\"url\":\"https:\/\/www.kontinenzzentrum.ch\/wp-content\/uploads\/ueber-uns-das-zeichnet-uns-aus-213126.jpeg\",\"contentUrl\":\"https:\/\/www.kontinenzzentrum.ch\/wp-content\/uploads\/ueber-uns-das-zeichnet-uns-aus-213126.jpeg\",\"width\":1920,\"height\":450},{\"@type\":\"BreadcrumbList\",\"@id\":\"https:\/\/www.kontinenzzentrum.ch\/de\/das-zeichnet-uns-aus-kompetenz-erfahrung-technologie.html#breadcrumb\",\"itemListElement\":[{\"@type\":\"ListItem\",\"position\":1,\"name\":\"Startseite\",\"item\":\"https:\/\/www.kontinenzzentrum.ch\/de\"},{\"@type\":\"ListItem\",\"position\":2,\"name\":\"Das zeichnet uns aus\"}]},{\"@type\":\"WebSite\",\"@id\":\"https:\/\/www.kontinenzzentrum.ch\/de\/#website\",\"url\":\"https:\/\/www.kontinenzzentrum.ch\/de\/\",\"name\":\"KontinenzZentrum Hirslanden Z\u00fcrich\",\"description\":\"KontinenzZentrum Hirslanden Z\u00fcrich: Blasenst\u00f6rungen & Inkontinenz\",\"publisher\":{\"@id\":\"https:\/\/www.kontinenzzentrum.ch\/de\/#organization\"},\"potentialAction\":[{\"@type\":\"SearchAction\",\"target\":{\"@type\":\"EntryPoint\",\"urlTemplate\":\"https:\/\/www.kontinenzzentrum.ch\/de\/?s={search_term_string}\"},\"query-input\":{\"@type\":\"PropertyValueSpecification\",\"valueRequired\":true,\"valueName\":\"search_term_string\"}}],\"inLanguage\":\"de\"},{\"@type\":\"Organization\",\"@id\":\"https:\/\/www.kontinenzzentrum.ch\/de\/#organization\",\"name\":\"KontinenzZentrum Hirslanden Z\u00fcrich\",\"url\":\"https:\/\/www.kontinenzzentrum.ch\/de\/\",\"logo\":{\"@type\":\"ImageObject\",\"inLanguage\":\"de\",\"@id\":\"https:\/\/www.kontinenzzentrum.ch\/de\/#\/schema\/logo\/image\/\",\"url\":\"https:\/\/www.kontinenzzentrum.ch\/wp-content\/uploads\/Logo_KontinenzZentrum.png\",\"contentUrl\":\"https:\/\/www.kontinenzzentrum.ch\/wp-content\/uploads\/Logo_KontinenzZentrum.png\",\"width\":800,\"height\":142,\"caption\":\"KontinenzZentrum Hirslanden Z\u00fcrich\"},\"image\":{\"@id\":\"https:\/\/www.kontinenzzentrum.ch\/de\/#\/schema\/logo\/image\/\"}}]}<\/script>\n<!-- \/ Yoast SEO plugin. -->","yoast_head_json":{"title":"Ihre Vorteile als Patient: Spitzenmedizin & vertrauensvolle Betreuung","description":"Wir bieten das gesamte Spektrum konservativer & operativer Therapien bei Inkontinenz, Blasenst\u00f6rungen, Beckenbodenschw\u00e4che & Organsenkungen.","robots":{"index":"index","follow":"follow","max-snippet":"max-snippet:-1","max-image-preview":"max-image-preview:large","max-video-preview":"max-video-preview:-1"},"canonical":"https:\/\/www.kontinenzzentrum.ch\/de\/das-zeichnet-uns-aus-kompetenz-erfahrung-technologie.html","og_locale":"de_DE","og_type":"article","og_title":"Ihre Vorteile als Patient: Spitzenmedizin & vertrauensvolle Betreuung","og_description":"Wir bieten das gesamte Spektrum konservativer & operativer Therapien bei Inkontinenz, Blasenst\u00f6rungen, Beckenbodenschw\u00e4che & Organsenkungen.","og_url":"https:\/\/www.kontinenzzentrum.ch\/de\/das-zeichnet-uns-aus-kompetenz-erfahrung-technologie.html","og_site_name":"KontinenzZentrum","article_modified_time":"2024-09-25T09:54:24+00:00","og_image":[{"width":1920,"height":450,"url":"https:\/\/www.kontinenzzentrum.ch\/wp-content\/uploads\/ueber-uns-das-zeichnet-uns-aus-213126.jpeg","type":"image\/jpeg"}],"twitter_card":"summary_large_image","twitter_misc":{"Gesch\u00e4tzte Lesezeit":"4\u00a0Minuten"},"schema":{"@context":"https:\/\/schema.org","@graph":[{"@type":"WebPage","@id":"https:\/\/www.kontinenzzentrum.ch\/de\/das-zeichnet-uns-aus-kompetenz-erfahrung-technologie.html","url":"https:\/\/www.kontinenzzentrum.ch\/de\/das-zeichnet-uns-aus-kompetenz-erfahrung-technologie.html","name":"Ihre Vorteile als Patient: Spitzenmedizin & vertrauensvolle Betreuung","isPartOf":{"@id":"https:\/\/www.kontinenzzentrum.ch\/de\/#website"},"primaryImageOfPage":{"@id":"https:\/\/www.kontinenzzentrum.ch\/de\/das-zeichnet-uns-aus-kompetenz-erfahrung-technologie.html#primaryimage"},"image":{"@id":"https:\/\/www.kontinenzzentrum.ch\/de\/das-zeichnet-uns-aus-kompetenz-erfahrung-technologie.html#primaryimage"},"thumbnailUrl":"https:\/\/www.kontinenzzentrum.ch\/wp-content\/uploads\/ueber-uns-das-zeichnet-uns-aus-213126.jpeg","datePublished":"2023-02-27T10:55:45+00:00","dateModified":"2024-09-25T09:54:24+00:00","description":"Wir bieten das gesamte Spektrum konservativer & operativer Therapien bei Inkontinenz, Blasenst\u00f6rungen, Beckenbodenschw\u00e4che & Organsenkungen.","breadcrumb":{"@id":"https:\/\/www.kontinenzzentrum.ch\/de\/das-zeichnet-uns-aus-kompetenz-erfahrung-technologie.html#breadcrumb"},"inLanguage":"de","potentialAction":[{"@type":"ReadAction","target":["https:\/\/www.kontinenzzentrum.ch\/de\/das-zeichnet-uns-aus-kompetenz-erfahrung-technologie.html"]}]},{"@type":"ImageObject","inLanguage":"de","@id":"https:\/\/www.kontinenzzentrum.ch\/de\/das-zeichnet-uns-aus-kompetenz-erfahrung-technologie.html#primaryimage","url":"https:\/\/www.kontinenzzentrum.ch\/wp-content\/uploads\/ueber-uns-das-zeichnet-uns-aus-213126.jpeg","contentUrl":"https:\/\/www.kontinenzzentrum.ch\/wp-content\/uploads\/ueber-uns-das-zeichnet-uns-aus-213126.jpeg","width":1920,"height":450},{"@type":"BreadcrumbList","@id":"https:\/\/www.kontinenzzentrum.ch\/de\/das-zeichnet-uns-aus-kompetenz-erfahrung-technologie.html#breadcrumb","itemListElement":[{"@type":"ListItem","position":1,"name":"Startseite","item":"https:\/\/www.kontinenzzentrum.ch\/de"},{"@type":"ListItem","position":2,"name":"Das zeichnet uns aus"}]},{"@type":"WebSite","@id":"https:\/\/www.kontinenzzentrum.ch\/de\/#website","url":"https:\/\/www.kontinenzzentrum.ch\/de\/","name":"KontinenzZentrum Hirslanden Z\u00fcrich","description":"KontinenzZentrum Hirslanden Z\u00fcrich: Blasenst\u00f6rungen & Inkontinenz","publisher":{"@id":"https:\/\/www.kontinenzzentrum.ch\/de\/#organization"},"potentialAction":[{"@type":"SearchAction","target":{"@type":"EntryPoint","urlTemplate":"https:\/\/www.kontinenzzentrum.ch\/de\/?s={search_term_string}"},"query-input":{"@type":"PropertyValueSpecification","valueRequired":true,"valueName":"search_term_string"}}],"inLanguage":"de"},{"@type":"Organization","@id":"https:\/\/www.kontinenzzentrum.ch\/de\/#organization","name":"KontinenzZentrum Hirslanden Z\u00fcrich","url":"https:\/\/www.kontinenzzentrum.ch\/de\/","logo":{"@type":"ImageObject","inLanguage":"de","@id":"https:\/\/www.kontinenzzentrum.ch\/de\/#\/schema\/logo\/image\/","url":"https:\/\/www.kontinenzzentrum.ch\/wp-content\/uploads\/Logo_KontinenzZentrum.png","contentUrl":"https:\/\/www.kontinenzzentrum.ch\/wp-content\/uploads\/Logo_KontinenzZentrum.png","width":800,"height":142,"caption":"KontinenzZentrum Hirslanden Z\u00fcrich"},"image":{"@id":"https:\/\/www.kontinenzzentrum.ch\/de\/#\/schema\/logo\/image\/"}}]}},"_links":{"self":[{"href":"https:\/\/www.kontinenzzentrum.ch\/de\/wp-json\/wp\/v2\/pages\/1027","targetHints":{"allow":["GET"]}}],"collection":[{"href":"https:\/\/www.kontinenzzentrum.ch\/de\/wp-json\/wp\/v2\/pages"}],"about":[{"href":"https:\/\/www.kontinenzzentrum.ch\/de\/wp-json\/wp\/v2\/types\/page"}],"author":[{"embeddable":true,"href":"https:\/\/www.kontinenzzentrum.ch\/de\/wp-json\/wp\/v2\/users\/1"}],"replies":[{"embeddable":true,"href":"https:\/\/www.kontinenzzentrum.ch\/de\/wp-json\/wp\/v2\/comments?post=1027"}],"version-history":[{"count":20,"href":"https:\/\/www.kontinenzzentrum.ch\/de\/wp-json\/wp\/v2\/pages\/1027\/revisions"}],"predecessor-version":[{"id":3977,"href":"https:\/\/www.kontinenzzentrum.ch\/de\/wp-json\/wp\/v2\/pages\/1027\/revisions\/3977"}],"wp:featuredmedia":[{"embeddable":true,"href":"https:\/\/www.kontinenzzentrum.ch\/de\/wp-json\/wp\/v2\/media\/1028"}],"wp:attachment":[{"href":"https:\/\/www.kontinenzzentrum.ch\/de\/wp-json\/wp\/v2\/media?parent=1027"}],"curies":[{"name":"wp","href":"https:\/\/api.w.org\/{rel}","templated":true}]}}