{"id":1052,"date":"2023-02-27T12:45:18","date_gmt":"2023-02-27T11:45:18","guid":{"rendered":"https:\/\/www.kontinenzzentrum.ch\/?page_id=1052"},"modified":"2023-03-02T13:31:50","modified_gmt":"2023-03-02T12:31:50","slug":"dr-med-mirjam-huwyler","status":"publish","type":"page","link":"https:\/\/www.kontinenzzentrum.ch\/de\/ueber-uns\/wer-wir-sind\/dr-med-mirjam-huwyler.html","title":{"rendered":"Dr. med. Mirjam Huwyler"},"content":{"rendered":"<div id=\"pl-1052\"  class=\"panel-layout\" ><div id=\"pg-1052-0\"  class=\"panel-grid panel-no-style\" ><div id=\"pgc-1052-0-0\"  class=\"panel-grid-cell\" ><div id=\"panel-1052-0-0-0\" class=\"so-panel widget widget_fn-team-widget panel-first-child\" data-index=\"0\" ><div\n\t\t\t\n\t\t\tclass=\"so-widget-fn-team-widget so-widget-fn-team-widget-base\"\n\t\t\t\n\t\t><div class=\"uk-margin-medium-bottom\">        <div class=\"uk-grid-medium\" uk-grid><div class=\"uk-width-1-5@m uk-width-1-1\">\n            <div class='fn-team-image uk-background-cover uk-position-relative' data-src=\"https:\/\/www.kontinenzzentrum.ch\/wp-content\/uploads\/portrait-huwyler-klein.jpeg\" data-srcset=\"https:\/\/www.kontinenzzentrum.ch\/wp-content\/uploads\/portrait-huwyler-klein.jpeg\" uk-img>\n            <\/div>\n          <\/div>          <div class=\"uk-width-expand@m uk-width-1-1 fn-team-container uk-margin-top\">\n            <h1>Dr. med. Mirjam Huwyler<\/h1>\n<h2>Fach\u00e4rztin FMH f\u00fcr Urologie, Fellow of the European Board of Urology<\/h2>\n<h2>Konsiliar\u00e4rztin<\/h2>\n          <\/div>\n        <\/div>\n    <\/div><\/div><\/div><div id=\"panel-1052-0-0-1\" class=\"so-panel widget widget_fn-accordion-widget panel-last-child\" data-index=\"1\" ><div\n\t\t\t\n\t\t\tclass=\"so-widget-fn-accordion-widget so-widget-fn-accordion-widget-base\"\n\t\t\t\n\t\t><ul class=\"uk-list\" uk-accordion><li>\n        <a class=\"uk-accordion-title\" href=\"#\">Kernkompetenzen<\/a>\n        <div class=\"uk-accordion-content\"><ul>\n \t<li>Urologie der Frau<\/li>\n \t<li>Blasenfunktionsst\u00f6rungen und Inkontinenz bei Mann und Frau<\/li>\n \t<li>Urodynamische Abkl\u00e4rungen (Funktionsdiagnostik)<\/li>\n \t<li>Abkl\u00e4rung und Behandlung von Erkrankungen:<\/li>\n<\/ul>\n- der weiblichen und m\u00e4nnlichen Harnorgane (speziell bei der Frau z.B. \u00a0 Blasenentz\u00fcndung, Blut im Urin)\n- der m\u00e4nnlichen Geschlechtsorgane\n<ul>\n \t<li>Vorsorgeuntersuchung des Mannes (Prostatakrebs)<\/li>\n \t<li>Endoskopische Eingriffe an Blase und Prostata<\/li>\n \t<li>Minimal-invasive endoskopische Steinbehandlung an Niere und Harnleiter<\/li>\n \t<li>Eingriffe an den \u00e4usseren m\u00e4nnlichen Geschlechtsorganen<\/li>\n \t<li>Unterbindung des Mannes (Vasektomie)<\/li>\n \t<li>Minimal-invasive Eingriffe bei Inkontinenz bei Frau und Mann\n(z.B. Botox-Injektionen in die Blasenwand, sakrale Neuromodulation)<\/li>\n<\/ul><\/div>\n      <\/li><li>\n        <a class=\"uk-accordion-title\" href=\"#\">Werdegang<\/a>\n        <div class=\"uk-accordion-content\"><ul>\n<li>ab November 2013 Praxist\u00e4tigkeit Urologische Gemeinschaftspraxis im L\u00f6wen Center Urologik Luzern und Beleg\u00e4rztin an der Klinik St. Anna, Luzern<\/li>\n<li>2010 - 2013 Ober\u00e4rztin Urologie, Stadtspital Triemli Z\u00fcrich, Dr. med. S. Suter \/ PD Dr. med. M. M\u00fcntener<\/li>\n<li>2006 - 2009 Assistenz\u00e4rztin bzw. stv. Ober\u00e4rztin Urologie, Inselspital Bern, Prof. Dr. med. U. Studer<\/li>\n<li>2009 Fellowship Urogynaecology Department, Birmingham Women\u2019s Hospital, Birmingham, UK<\/li>\n<li>2005 Assistenz\u00e4rztin Urologie, Universit\u00e4tsspital Z\u00fcrich, Prof. Dr. med. D. Hauri sowie Neuro-Urologie Paraplegiker-Zentrum Balgrist, Prof. Dr. med. B. Schurch<\/li>\n<li>2004 Assistenz\u00e4rztin Urologie, Kantonsspital Luzern, Prof. Dr. med. O. Schmucki \/ Prof. Dr. med. H. Danuser<\/li>\n<li>2003 Assistenz\u00e4rztin Urologie, Universit\u00e4tsspital Z\u00fcrich, Prof. Dr. med. D. Hauri sowie Neuro-Urologie Paraplegiker-Zentrum Balgrist, Prof. Dr. med. B. Schurch<\/li>\n<li>2001 - 2002 Assistenz\u00e4rztin Chirurgie, Kantonsspital Luzern, Prof. Dr. med. M. von Fl\u00fce<\/li>\n<li>2000 Assistenz\u00e4rztin Chirurgie, Kantonsspital Zug, Dr. med. B. Lerf<\/li>\n<\/ul>\n<\/div>\n      <\/li><li>\n        <a class=\"uk-accordion-title\" href=\"#\">Mitgliedschaften<\/a>\n        <div class=\"uk-accordion-content\"><ul>\n<li>Schweizerische Gesellschaft f\u00fcr Urologie (SGU)<\/li>\n<li>European Association of Urology (EAU)<\/li>\n<li>Fellow of the European Board of Urology (FEBU)<\/li>\n<\/ul>\n<\/div>\n      <\/li><li>\n        <a class=\"uk-accordion-title\" href=\"#\">Sprachen<\/a>\n        <div class=\"uk-accordion-content\"><ul>\n<li>Deutsch<\/li>\n<li>Englisch<\/li>\n<li>Italienisch<\/li>\n<li>Franz\u00f6sisch<\/li>\n<\/ul>\n<\/div>\n      <\/li><\/ul><\/div><\/div><\/div><\/div><\/div>","protected":false},"excerpt":{"rendered":"<p>Dr. med. Mirjam Huwyler Fach\u00e4rztin FMH f\u00fcr Urologie, Fellow of the European Board of Urology Konsiliar\u00e4rztin Kernkompetenzen Urologie der Frau Blasenfunktionsst\u00f6rungen und Inkontinenz bei Mann und Frau Urodynamische Abkl\u00e4rungen (Funktionsdiagnostik) Abkl\u00e4rung und Behandlung von Erkrankungen: - der weiblichen und m\u00e4nnlichen Harnorgane (speziell bei der Frau z.B. \u00a0 Blasenentz\u00fcndung, Blut im Urin) - der m\u00e4nnlichen Geschlechtsorgane [&hellip;]<\/p>\n","protected":false},"author":1,"featured_media":996,"parent":1049,"menu_order":0,"comment_status":"closed","ping_status":"closed","template":"","meta":{"_acf_changed":false,"footnotes":""},"class_list":["post-1052","page","type-page","status-publish","has-post-thumbnail","hentry"],"acf":[],"yoast_head":"<!-- This site is optimized with the Yoast SEO plugin v26.9 - https:\/\/yoast.com\/product\/yoast-seo-wordpress\/ -->\n<title>Dr. med. Mirjam Huwyler<\/title>\n<meta name=\"robots\" content=\"index, follow, max-snippet:-1, max-image-preview:large, max-video-preview:-1\" \/>\n<link rel=\"canonical\" href=\"https:\/\/www.kontinenzzentrum.ch\/de\/ueber-uns\/wer-wir-sind\/dr-med-mirjam-huwyler.html\" \/>\n<meta property=\"og:locale\" content=\"de_DE\" \/>\n<meta property=\"og:type\" content=\"article\" \/>\n<meta property=\"og:title\" content=\"Dr. med. Mirjam Huwyler\" \/>\n<meta property=\"og:description\" content=\"Dr. med. Mirjam Huwyler Fach\u00e4rztin FMH f\u00fcr Urologie, Fellow of the European Board of Urology Konsiliar\u00e4rztin Kernkompetenzen Urologie der Frau Blasenfunktionsst\u00f6rungen und Inkontinenz bei Mann und Frau Urodynamische Abkl\u00e4rungen (Funktionsdiagnostik) Abkl\u00e4rung und Behandlung von Erkrankungen: - der weiblichen und m\u00e4nnlichen Harnorgane (speziell bei der Frau z.B. \u00a0 Blasenentz\u00fcndung, Blut im Urin) - der m\u00e4nnlichen Geschlechtsorgane [&hellip;]\" \/>\n<meta property=\"og:url\" content=\"https:\/\/www.kontinenzzentrum.ch\/de\/ueber-uns\/wer-wir-sind\/dr-med-mirjam-huwyler.html\" \/>\n<meta property=\"og:site_name\" content=\"KontinenzZentrum\" \/>\n<meta property=\"article:modified_time\" content=\"2023-03-02T12:31:50+00:00\" \/>\n<meta property=\"og:image\" content=\"https:\/\/www.kontinenzzentrum.ch\/wp-content\/uploads\/ueber-uns-wer-wir-sind-10502-2.jpeg\" \/>\n\t<meta property=\"og:image:width\" content=\"1920\" \/>\n\t<meta property=\"og:image:height\" content=\"450\" \/>\n\t<meta property=\"og:image:type\" content=\"image\/jpeg\" \/>\n<meta name=\"twitter:card\" content=\"summary_large_image\" \/>\n<meta name=\"twitter:label1\" content=\"Gesch\u00e4tzte Lesezeit\" \/>\n\t<meta name=\"twitter:data1\" content=\"1\u00a0Minute\" \/>\n<script type=\"application\/ld+json\" class=\"yoast-schema-graph\">{\"@context\":\"https:\/\/schema.org\",\"@graph\":[{\"@type\":\"WebPage\",\"@id\":\"https:\/\/www.kontinenzzentrum.ch\/de\/ueber-uns\/wer-wir-sind\/dr-med-mirjam-huwyler.html\",\"url\":\"https:\/\/www.kontinenzzentrum.ch\/de\/ueber-uns\/wer-wir-sind\/dr-med-mirjam-huwyler.html\",\"name\":\"Dr. med. Mirjam Huwyler\",\"isPartOf\":{\"@id\":\"https:\/\/www.kontinenzzentrum.ch\/de\/#website\"},\"primaryImageOfPage\":{\"@id\":\"https:\/\/www.kontinenzzentrum.ch\/de\/ueber-uns\/wer-wir-sind\/dr-med-mirjam-huwyler.html#primaryimage\"},\"image\":{\"@id\":\"https:\/\/www.kontinenzzentrum.ch\/de\/ueber-uns\/wer-wir-sind\/dr-med-mirjam-huwyler.html#primaryimage\"},\"thumbnailUrl\":\"https:\/\/www.kontinenzzentrum.ch\/wp-content\/uploads\/ueber-uns-wer-wir-sind-10502-2.jpeg\",\"datePublished\":\"2023-02-27T11:45:18+00:00\",\"dateModified\":\"2023-03-02T12:31:50+00:00\",\"breadcrumb\":{\"@id\":\"https:\/\/www.kontinenzzentrum.ch\/de\/ueber-uns\/wer-wir-sind\/dr-med-mirjam-huwyler.html#breadcrumb\"},\"inLanguage\":\"de\",\"potentialAction\":[{\"@type\":\"ReadAction\",\"target\":[\"https:\/\/www.kontinenzzentrum.ch\/de\/ueber-uns\/wer-wir-sind\/dr-med-mirjam-huwyler.html\"]}]},{\"@type\":\"ImageObject\",\"inLanguage\":\"de\",\"@id\":\"https:\/\/www.kontinenzzentrum.ch\/de\/ueber-uns\/wer-wir-sind\/dr-med-mirjam-huwyler.html#primaryimage\",\"url\":\"https:\/\/www.kontinenzzentrum.ch\/wp-content\/uploads\/ueber-uns-wer-wir-sind-10502-2.jpeg\",\"contentUrl\":\"https:\/\/www.kontinenzzentrum.ch\/wp-content\/uploads\/ueber-uns-wer-wir-sind-10502-2.jpeg\",\"width\":1920,\"height\":450},{\"@type\":\"BreadcrumbList\",\"@id\":\"https:\/\/www.kontinenzzentrum.ch\/de\/ueber-uns\/wer-wir-sind\/dr-med-mirjam-huwyler.html#breadcrumb\",\"itemListElement\":[{\"@type\":\"ListItem\",\"position\":1,\"name\":\"Startseite\",\"item\":\"https:\/\/www.kontinenzzentrum.ch\/de\"},{\"@type\":\"ListItem\",\"position\":2,\"name\":\"\u00dcber uns\",\"item\":\"https:\/\/www.kontinenzzentrum.ch\/de\/ueber-uns.html\"},{\"@type\":\"ListItem\",\"position\":3,\"name\":\"Wer wir sind\",\"item\":\"https:\/\/www.kontinenzzentrum.ch\/de\/ueber-uns\/wer-wir-sind.html\"},{\"@type\":\"ListItem\",\"position\":4,\"name\":\"Dr. med. Mirjam Huwyler\"}]},{\"@type\":\"WebSite\",\"@id\":\"https:\/\/www.kontinenzzentrum.ch\/de\/#website\",\"url\":\"https:\/\/www.kontinenzzentrum.ch\/de\/\",\"name\":\"KontinenzZentrum Hirslanden Z\u00fcrich\",\"description\":\"KontinenzZentrum Hirslanden Z\u00fcrich: Blasenst\u00f6rungen & Inkontinenz\",\"publisher\":{\"@id\":\"https:\/\/www.kontinenzzentrum.ch\/de\/#organization\"},\"potentialAction\":[{\"@type\":\"SearchAction\",\"target\":{\"@type\":\"EntryPoint\",\"urlTemplate\":\"https:\/\/www.kontinenzzentrum.ch\/de\/?s={search_term_string}\"},\"query-input\":{\"@type\":\"PropertyValueSpecification\",\"valueRequired\":true,\"valueName\":\"search_term_string\"}}],\"inLanguage\":\"de\"},{\"@type\":\"Organization\",\"@id\":\"https:\/\/www.kontinenzzentrum.ch\/de\/#organization\",\"name\":\"KontinenzZentrum Hirslanden Z\u00fcrich\",\"url\":\"https:\/\/www.kontinenzzentrum.ch\/de\/\",\"logo\":{\"@type\":\"ImageObject\",\"inLanguage\":\"de\",\"@id\":\"https:\/\/www.kontinenzzentrum.ch\/de\/#\/schema\/logo\/image\/\",\"url\":\"https:\/\/www.kontinenzzentrum.ch\/wp-content\/uploads\/Logo_KontinenzZentrum.png\",\"contentUrl\":\"https:\/\/www.kontinenzzentrum.ch\/wp-content\/uploads\/Logo_KontinenzZentrum.png\",\"width\":800,\"height\":142,\"caption\":\"KontinenzZentrum Hirslanden Z\u00fcrich\"},\"image\":{\"@id\":\"https:\/\/www.kontinenzzentrum.ch\/de\/#\/schema\/logo\/image\/\"}}]}<\/script>\n<!-- \/ Yoast SEO plugin. -->","yoast_head_json":{"title":"Dr. med. Mirjam Huwyler","robots":{"index":"index","follow":"follow","max-snippet":"max-snippet:-1","max-image-preview":"max-image-preview:large","max-video-preview":"max-video-preview:-1"},"canonical":"https:\/\/www.kontinenzzentrum.ch\/de\/ueber-uns\/wer-wir-sind\/dr-med-mirjam-huwyler.html","og_locale":"de_DE","og_type":"article","og_title":"Dr. med. Mirjam Huwyler","og_description":"Dr. med. Mirjam Huwyler Fach\u00e4rztin FMH f\u00fcr Urologie, Fellow of the European Board of Urology Konsiliar\u00e4rztin Kernkompetenzen Urologie der Frau Blasenfunktionsst\u00f6rungen und Inkontinenz bei Mann und Frau Urodynamische Abkl\u00e4rungen (Funktionsdiagnostik) Abkl\u00e4rung und Behandlung von Erkrankungen: - der weiblichen und m\u00e4nnlichen Harnorgane (speziell bei der Frau z.B. \u00a0 Blasenentz\u00fcndung, Blut im Urin) - der m\u00e4nnlichen Geschlechtsorgane [&hellip;]","og_url":"https:\/\/www.kontinenzzentrum.ch\/de\/ueber-uns\/wer-wir-sind\/dr-med-mirjam-huwyler.html","og_site_name":"KontinenzZentrum","article_modified_time":"2023-03-02T12:31:50+00:00","og_image":[{"width":1920,"height":450,"url":"https:\/\/www.kontinenzzentrum.ch\/wp-content\/uploads\/ueber-uns-wer-wir-sind-10502-2.jpeg","type":"image\/jpeg"}],"twitter_card":"summary_large_image","twitter_misc":{"Gesch\u00e4tzte Lesezeit":"1\u00a0Minute"},"schema":{"@context":"https:\/\/schema.org","@graph":[{"@type":"WebPage","@id":"https:\/\/www.kontinenzzentrum.ch\/de\/ueber-uns\/wer-wir-sind\/dr-med-mirjam-huwyler.html","url":"https:\/\/www.kontinenzzentrum.ch\/de\/ueber-uns\/wer-wir-sind\/dr-med-mirjam-huwyler.html","name":"Dr. med. Mirjam Huwyler","isPartOf":{"@id":"https:\/\/www.kontinenzzentrum.ch\/de\/#website"},"primaryImageOfPage":{"@id":"https:\/\/www.kontinenzzentrum.ch\/de\/ueber-uns\/wer-wir-sind\/dr-med-mirjam-huwyler.html#primaryimage"},"image":{"@id":"https:\/\/www.kontinenzzentrum.ch\/de\/ueber-uns\/wer-wir-sind\/dr-med-mirjam-huwyler.html#primaryimage"},"thumbnailUrl":"https:\/\/www.kontinenzzentrum.ch\/wp-content\/uploads\/ueber-uns-wer-wir-sind-10502-2.jpeg","datePublished":"2023-02-27T11:45:18+00:00","dateModified":"2023-03-02T12:31:50+00:00","breadcrumb":{"@id":"https:\/\/www.kontinenzzentrum.ch\/de\/ueber-uns\/wer-wir-sind\/dr-med-mirjam-huwyler.html#breadcrumb"},"inLanguage":"de","potentialAction":[{"@type":"ReadAction","target":["https:\/\/www.kontinenzzentrum.ch\/de\/ueber-uns\/wer-wir-sind\/dr-med-mirjam-huwyler.html"]}]},{"@type":"ImageObject","inLanguage":"de","@id":"https:\/\/www.kontinenzzentrum.ch\/de\/ueber-uns\/wer-wir-sind\/dr-med-mirjam-huwyler.html#primaryimage","url":"https:\/\/www.kontinenzzentrum.ch\/wp-content\/uploads\/ueber-uns-wer-wir-sind-10502-2.jpeg","contentUrl":"https:\/\/www.kontinenzzentrum.ch\/wp-content\/uploads\/ueber-uns-wer-wir-sind-10502-2.jpeg","width":1920,"height":450},{"@type":"BreadcrumbList","@id":"https:\/\/www.kontinenzzentrum.ch\/de\/ueber-uns\/wer-wir-sind\/dr-med-mirjam-huwyler.html#breadcrumb","itemListElement":[{"@type":"ListItem","position":1,"name":"Startseite","item":"https:\/\/www.kontinenzzentrum.ch\/de"},{"@type":"ListItem","position":2,"name":"\u00dcber uns","item":"https:\/\/www.kontinenzzentrum.ch\/de\/ueber-uns.html"},{"@type":"ListItem","position":3,"name":"Wer wir sind","item":"https:\/\/www.kontinenzzentrum.ch\/de\/ueber-uns\/wer-wir-sind.html"},{"@type":"ListItem","position":4,"name":"Dr. med. Mirjam Huwyler"}]},{"@type":"WebSite","@id":"https:\/\/www.kontinenzzentrum.ch\/de\/#website","url":"https:\/\/www.kontinenzzentrum.ch\/de\/","name":"KontinenzZentrum Hirslanden Z\u00fcrich","description":"KontinenzZentrum Hirslanden Z\u00fcrich: Blasenst\u00f6rungen & Inkontinenz","publisher":{"@id":"https:\/\/www.kontinenzzentrum.ch\/de\/#organization"},"potentialAction":[{"@type":"SearchAction","target":{"@type":"EntryPoint","urlTemplate":"https:\/\/www.kontinenzzentrum.ch\/de\/?s={search_term_string}"},"query-input":{"@type":"PropertyValueSpecification","valueRequired":true,"valueName":"search_term_string"}}],"inLanguage":"de"},{"@type":"Organization","@id":"https:\/\/www.kontinenzzentrum.ch\/de\/#organization","name":"KontinenzZentrum Hirslanden Z\u00fcrich","url":"https:\/\/www.kontinenzzentrum.ch\/de\/","logo":{"@type":"ImageObject","inLanguage":"de","@id":"https:\/\/www.kontinenzzentrum.ch\/de\/#\/schema\/logo\/image\/","url":"https:\/\/www.kontinenzzentrum.ch\/wp-content\/uploads\/Logo_KontinenzZentrum.png","contentUrl":"https:\/\/www.kontinenzzentrum.ch\/wp-content\/uploads\/Logo_KontinenzZentrum.png","width":800,"height":142,"caption":"KontinenzZentrum Hirslanden Z\u00fcrich"},"image":{"@id":"https:\/\/www.kontinenzzentrum.ch\/de\/#\/schema\/logo\/image\/"}}]}},"_links":{"self":[{"href":"https:\/\/www.kontinenzzentrum.ch\/de\/wp-json\/wp\/v2\/pages\/1052","targetHints":{"allow":["GET"]}}],"collection":[{"href":"https:\/\/www.kontinenzzentrum.ch\/de\/wp-json\/wp\/v2\/pages"}],"about":[{"href":"https:\/\/www.kontinenzzentrum.ch\/de\/wp-json\/wp\/v2\/types\/page"}],"author":[{"embeddable":true,"href":"https:\/\/www.kontinenzzentrum.ch\/de\/wp-json\/wp\/v2\/users\/1"}],"replies":[{"embeddable":true,"href":"https:\/\/www.kontinenzzentrum.ch\/de\/wp-json\/wp\/v2\/comments?post=1052"}],"version-history":[{"count":13,"href":"https:\/\/www.kontinenzzentrum.ch\/de\/wp-json\/wp\/v2\/pages\/1052\/revisions"}],"predecessor-version":[{"id":1496,"href":"https:\/\/www.kontinenzzentrum.ch\/de\/wp-json\/wp\/v2\/pages\/1052\/revisions\/1496"}],"up":[{"embeddable":true,"href":"https:\/\/www.kontinenzzentrum.ch\/de\/wp-json\/wp\/v2\/pages\/1049"}],"wp:featuredmedia":[{"embeddable":true,"href":"https:\/\/www.kontinenzzentrum.ch\/de\/wp-json\/wp\/v2\/media\/996"}],"wp:attachment":[{"href":"https:\/\/www.kontinenzzentrum.ch\/de\/wp-json\/wp\/v2\/media?parent=1052"}],"curies":[{"name":"wp","href":"https:\/\/api.w.org\/{rel}","templated":true}]}}