{"id":1064,"date":"2023-02-27T12:50:15","date_gmt":"2023-02-27T11:50:15","guid":{"rendered":"https:\/\/www.kontinenzzentrum.ch\/?page_id=1064"},"modified":"2026-02-25T12:12:18","modified_gmt":"2026-02-25T11:12:18","slug":"prof-dr-med-ursula-peschers","status":"publish","type":"page","link":"https:\/\/www.kontinenzzentrum.ch\/de\/ueber-uns\/wer-wir-sind\/prof-dr-med-ursula-peschers.html","title":{"rendered":"Prof. Dr. med. Ursula Peschers"},"content":{"rendered":"<div id=\"pl-1064\"  class=\"panel-layout\" ><div id=\"pg-1064-0\"  class=\"panel-grid panel-no-style\" ><div id=\"pgc-1064-0-0\"  class=\"panel-grid-cell\" ><div id=\"panel-1064-0-0-0\" class=\"so-panel widget widget_fn-team-widget panel-first-child\" data-index=\"0\" ><div\n\t\t\t\n\t\t\tclass=\"so-widget-fn-team-widget so-widget-fn-team-widget-base\"\n\t\t\t\n\t\t><div class=\"uk-margin-medium-bottom\">        <div class=\"uk-grid-medium\" uk-grid><div class=\"uk-width-1-5@m uk-width-1-1\">\n            <div class='fn-team-image uk-background-cover uk-position-relative' data-src=\"https:\/\/www.kontinenzzentrum.ch\/wp-content\/uploads\/prof-dr-med-ursula-peschers-klein.jpg\" data-srcset=\"https:\/\/www.kontinenzzentrum.ch\/wp-content\/uploads\/prof-dr-med-ursula-peschers-klein.jpg\" uk-img>\n            <\/div>\n          <\/div>          <div class=\"uk-width-expand@m uk-width-1-1 fn-team-container uk-margin-top\">\n            <h1>Prof. Dr. med. Ursula Peschers<\/h1>\n<h3>Fach\u00e4rztin f\u00fcr Gyn\u00e4kologie, Urogyn\u00e4kologie und rekonstruktive Beckenbodenchirurgie<\/h3>\n          <\/div>\n        <\/div>\n    <\/div><\/div><\/div><div id=\"panel-1064-0-0-1\" class=\"so-panel widget widget_fn-accordion-widget panel-last-child\" data-index=\"1\" ><div\n\t\t\t\n\t\t\tclass=\"so-widget-fn-accordion-widget so-widget-fn-accordion-widget-base\"\n\t\t\t\n\t\t><ul class=\"uk-list\" uk-accordion><li>\n        <a class=\"uk-accordion-title\" href=\"#\">Kernkompetenzen<\/a>\n        <div class=\"uk-accordion-content\"><p style=\"font-weight: 400;\">Prof. Dr. med. Ursula Peschers ist Fach\u00e4rztin f\u00fcr Gyn\u00e4kologie und angerkannte Spezialistin in den Bereichen Urogyn\u00e4kologie und Rekonstruktive Beckenbodenchirurgie. Mit der h\u00f6chsten Zertifizierung der Arbeitsgemeinschaft f\u00fcr Urogyn\u00e4kologie und plastische Beckenbodenrekonstruktion ABUG III ist sie als ausgewiesene Expertin in diesem Fachgebiet anerkannt. Sie sch\u00f6pft ihre breite Erfahrung und Expertise aus 30 Jahren klinischer und wissenschaftlicher Arbeit, mehr als 5'000 vaginalen und abdominalen Senkungsoperationen, mehr als 3'000 Harninkontinenzoperationen und mehr als 500 komplexen rekonstruktiven Eingriffen am Beckenboden und an den Beckenorganen.<\/p>\n<p style=\"font-weight: 400;\"><strong>Konservative Urogyn\u00e4kologie<\/strong><\/p>\n<ul>\n<li>Urogyn\u00e4kologische Sonographie<\/li>\n<li>Urodynamische Untersuchung<\/li>\n<li>Konservative urogyn\u00e4kologische Therapie<\/li>\n<\/ul>\n<p style=\"font-weight: 400;\"><strong>Operative Urogyn\u00e4kologie<\/strong><\/p>\n<ul>\n<li>Operative Therapie bei Harninkontinenz\n<ul>\n<li>Vaginale Schlingenoperationen (retropubisch, transobtratorisch, Mini-Schlingen, Adjustierbare B\u00e4nder)<\/li>\n<li>Vaginale Schlingenoperation mit Eigengewebe<\/li>\n<li>Unterspritzung der Harnr\u00f6hre<\/li>\n<li>Abdominale Inkontinenzoperationen (Kolposuspension)<\/li>\n<\/ul>\n<\/li>\n<\/ul>\n<ul>\n<li>Operative Therapie bei Senkung der Beckenorgane\n<ul>\n<li>Vaginale Senkungsoperationen mit und ohne Geb\u00e4rmutterentfernung<\/li>\n<li>Sakrospinale Fixation nach Richter<\/li>\n<li>Abdominale Senkungsoperationen mit und ohne Geb\u00e4rmutterentfernung<\/li>\n<li>Netzgest\u00fctzte vaginale Senkungsoperationen<\/li>\n<li>Scheidenverschlussoperationen<\/li>\n<\/ul>\n<\/li>\n<\/ul>\n<p style=\"font-weight: 400;\"><strong>Rekonstruktive Beckenbodenchirurgie<\/strong><\/p>\n<ul>\n<li>Operative Therapie bei Rezidiv-Harninkontinenz und Rezidiv-Senkung der Beckenorgane<\/li>\n<li>Revisionsoperation bei Bandkomplikationen<\/li>\n<li>Komplikationsmanagement nach Beckenbodeneingriffen<\/li>\n<li>Vaginale Fistelchirurgie<\/li>\n<li>Revisionen bei Komplikationen nach Netzimplantation<\/li>\n<li>Sphinkterrekonstruktionen nach Dammriss III\/IV Grades<\/li>\n<\/ul>\n<\/div>\n      <\/li><li>\n        <a class=\"uk-accordion-title\" href=\"#\">Werdegang<\/a>\n        <div class=\"uk-accordion-content\"><ul>\n<li>2017\u00a0Chef\u00e4rztin Gyn\u00e4kologie, Bayerisches Beckenbodenzentrum am Isar Klinikum M\u00fcnchen<\/li>\n<li>2010\u00a0Ernennung zur Au\u00dferplanm\u00e4\u00dfigen Professorin an der Ludwig-Maximilians-Universit\u00e4t M\u00fcnchen<\/li>\n<li>2007 - 2016\u00a0Chef\u00e4rztin f\u00fcr Gyn\u00e4kologie, Urogyn\u00e4kologie und rekonstruktive Beckenbodenchirurgie<br \/>\nBeckenbodenzentrum M\u00fcnchen<\/li>\n<li>2004 - 2007\u00a0Chef\u00e4rztin der Frauenklinik Dachau<br \/>\nEtablierung des Beckenbodenzentrum Oberbayern<\/li>\n<li>2002 Habilitation<\/li>\n<li>2001 - 2003\u00a0Ober\u00e4rztin an der I. Frauenklinik der Universit\u00e4t M\u00fcnchen<\/li>\n<li>2001 Facharztpr\u00fcfung<\/li>\n<li>1996 - 2001\u00a0Wissenschaftliche Assistentin an der I. Frauenklinik der Universit\u00e4t M\u00fcnchen<br \/>\n(Prof. Dr. G. Kindermann)<\/li>\n<li>1995 - 1996\u00a0Pelvic Floor Research Fellow, The University of Michigan, Dept. of Obstetrics and Gynecology, Ann Arbor, USA<\/li>\n<li>1994 Approbation und\u00a0Promotion<\/li>\n<li>1993 - 1995\u00a0Klinisch-wissenschaftliche Assistenz\u00e4rztin an der Frauenklinik des Kantonspitals Luzern\/Schweiz (Chefarzt: Prof. Dr. Sch\u00fc\u00dfler)<\/li>\n<li>1993 \u00c4rztin im Praktikum in der Frauenklinik des Diakoniekrankenhauses Rotenburg\/W\u00fcmme<\/li>\n<\/ul>\n<\/div>\n      <\/li><li>\n        <a class=\"uk-accordion-title\" href=\"#\">Mitgliedschaften<\/a>\n        <div class=\"uk-accordion-content\"><ul>\n<li>International Urogynecology Association (IUGA)<\/li>\n<li>Deutsche Gesellschaft f\u00fcr Gyn\u00e4kologie und Geburtshilfe (DGGG)<\/li>\n<li>Vorstand der\u00a0Arbeitsgemeinschaft Urogyn\u00e4kologie und plastische Beckenbodenrekonstruktion (AGUB)<\/li>\n<li>Forum urodynamicm<\/li>\n<\/ul>\n<\/div>\n      <\/li><li>\n        <a class=\"uk-accordion-title\" href=\"#\">Ehrungen und Preise<\/a>\n        <div class=\"uk-accordion-content\"><ul>\n<li><b>1998: Dantec Preis f\u00fcr die beste urodynamische Arbeit beim Annual Meeting der International Continence Society in Jerusalem:<span class=\"apple-converted-space\">\u00a0<\/span><\/b>Peschers UM, Leib B, Bergauer F, Dimpfl Th.<span class=\"apple-converted-space\">\u00a0<\/span>Leak point pressure: Correlation with padtest and urodynamic parameters.<\/li>\n<li><b>1999: Preis \"Best Oral Presentation\" beim Annual Meeting der International Urogynecology Association in Denver<\/b><\/li>\n<\/ul>\n<\/div>\n      <\/li><li>\n        <a class=\"uk-accordion-title\" href=\"#\">Sprachen<\/a>\n        <div class=\"uk-accordion-content\"><ul>\n<li>Deutsch<\/li>\n<li>Englisch<\/li>\n<\/ul>\n<\/div>\n      <\/li><\/ul><\/div><\/div><\/div><\/div><\/div>","protected":false},"excerpt":{"rendered":"<p>Prof. Dr. med. Ursula Peschers Fach\u00e4rztin f\u00fcr Gyn\u00e4kologie, Urogyn\u00e4kologie und rekonstruktive Beckenbodenchirurgie Kernkompetenzen Prof. Dr. med. Ursula Peschers ist Fach\u00e4rztin f\u00fcr Gyn\u00e4kologie und angerkannte Spezialistin in den Bereichen Urogyn\u00e4kologie und Rekonstruktive Beckenbodenchirurgie. Mit der h\u00f6chsten Zertifizierung der Arbeitsgemeinschaft f\u00fcr Urogyn\u00e4kologie und plastische Beckenbodenrekonstruktion ABUG III ist sie als ausgewiesene Expertin in diesem Fachgebiet anerkannt. Sie [&hellip;]<\/p>\n","protected":false},"author":1,"featured_media":996,"parent":1049,"menu_order":0,"comment_status":"closed","ping_status":"closed","template":"","meta":{"_acf_changed":false,"footnotes":""},"class_list":["post-1064","page","type-page","status-publish","has-post-thumbnail","hentry"],"acf":[],"yoast_head":"<!-- This site is optimized with the Yoast SEO plugin v26.9 - https:\/\/yoast.com\/product\/yoast-seo-wordpress\/ -->\n<title>Prof. Dr. med. Ursula Peschers<\/title>\n<meta name=\"robots\" content=\"index, follow, max-snippet:-1, max-image-preview:large, max-video-preview:-1\" \/>\n<link rel=\"canonical\" href=\"https:\/\/www.kontinenzzentrum.ch\/de\/ueber-uns\/wer-wir-sind\/prof-dr-med-ursula-peschers.html\" \/>\n<meta property=\"og:locale\" content=\"de_DE\" \/>\n<meta property=\"og:type\" content=\"article\" \/>\n<meta property=\"og:title\" content=\"Prof. Dr. med. Ursula Peschers\" \/>\n<meta property=\"og:description\" content=\"Prof. Dr. med. Ursula Peschers Fach\u00e4rztin f\u00fcr Gyn\u00e4kologie, Urogyn\u00e4kologie und rekonstruktive Beckenbodenchirurgie Kernkompetenzen Prof. Dr. med. Ursula Peschers ist Fach\u00e4rztin f\u00fcr Gyn\u00e4kologie und angerkannte Spezialistin in den Bereichen Urogyn\u00e4kologie und Rekonstruktive Beckenbodenchirurgie. Mit der h\u00f6chsten Zertifizierung der Arbeitsgemeinschaft f\u00fcr Urogyn\u00e4kologie und plastische Beckenbodenrekonstruktion ABUG III ist sie als ausgewiesene Expertin in diesem Fachgebiet anerkannt. Sie [&hellip;]\" \/>\n<meta property=\"og:url\" content=\"https:\/\/www.kontinenzzentrum.ch\/de\/ueber-uns\/wer-wir-sind\/prof-dr-med-ursula-peschers.html\" \/>\n<meta property=\"og:site_name\" content=\"KontinenzZentrum\" \/>\n<meta property=\"article:modified_time\" content=\"2026-02-25T11:12:18+00:00\" \/>\n<meta property=\"og:image\" content=\"https:\/\/www.kontinenzzentrum.ch\/wp-content\/uploads\/ueber-uns-wer-wir-sind-10502-2.jpeg\" \/>\n\t<meta property=\"og:image:width\" content=\"1920\" \/>\n\t<meta property=\"og:image:height\" content=\"450\" \/>\n\t<meta property=\"og:image:type\" content=\"image\/jpeg\" \/>\n<meta name=\"twitter:card\" content=\"summary_large_image\" \/>\n<meta name=\"twitter:label1\" content=\"Gesch\u00e4tzte Lesezeit\" \/>\n\t<meta name=\"twitter:data1\" content=\"3\u00a0Minuten\" \/>\n<script type=\"application\/ld+json\" class=\"yoast-schema-graph\">{\"@context\":\"https:\/\/schema.org\",\"@graph\":[{\"@type\":\"WebPage\",\"@id\":\"https:\/\/www.kontinenzzentrum.ch\/de\/ueber-uns\/wer-wir-sind\/prof-dr-med-ursula-peschers.html\",\"url\":\"https:\/\/www.kontinenzzentrum.ch\/de\/ueber-uns\/wer-wir-sind\/prof-dr-med-ursula-peschers.html\",\"name\":\"Prof. Dr. med. Ursula Peschers\",\"isPartOf\":{\"@id\":\"https:\/\/www.kontinenzzentrum.ch\/de\/#website\"},\"primaryImageOfPage\":{\"@id\":\"https:\/\/www.kontinenzzentrum.ch\/de\/ueber-uns\/wer-wir-sind\/prof-dr-med-ursula-peschers.html#primaryimage\"},\"image\":{\"@id\":\"https:\/\/www.kontinenzzentrum.ch\/de\/ueber-uns\/wer-wir-sind\/prof-dr-med-ursula-peschers.html#primaryimage\"},\"thumbnailUrl\":\"https:\/\/www.kontinenzzentrum.ch\/wp-content\/uploads\/ueber-uns-wer-wir-sind-10502-2.jpeg\",\"datePublished\":\"2023-02-27T11:50:15+00:00\",\"dateModified\":\"2026-02-25T11:12:18+00:00\",\"breadcrumb\":{\"@id\":\"https:\/\/www.kontinenzzentrum.ch\/de\/ueber-uns\/wer-wir-sind\/prof-dr-med-ursula-peschers.html#breadcrumb\"},\"inLanguage\":\"de\",\"potentialAction\":[{\"@type\":\"ReadAction\",\"target\":[\"https:\/\/www.kontinenzzentrum.ch\/de\/ueber-uns\/wer-wir-sind\/prof-dr-med-ursula-peschers.html\"]}]},{\"@type\":\"ImageObject\",\"inLanguage\":\"de\",\"@id\":\"https:\/\/www.kontinenzzentrum.ch\/de\/ueber-uns\/wer-wir-sind\/prof-dr-med-ursula-peschers.html#primaryimage\",\"url\":\"https:\/\/www.kontinenzzentrum.ch\/wp-content\/uploads\/ueber-uns-wer-wir-sind-10502-2.jpeg\",\"contentUrl\":\"https:\/\/www.kontinenzzentrum.ch\/wp-content\/uploads\/ueber-uns-wer-wir-sind-10502-2.jpeg\",\"width\":1920,\"height\":450},{\"@type\":\"BreadcrumbList\",\"@id\":\"https:\/\/www.kontinenzzentrum.ch\/de\/ueber-uns\/wer-wir-sind\/prof-dr-med-ursula-peschers.html#breadcrumb\",\"itemListElement\":[{\"@type\":\"ListItem\",\"position\":1,\"name\":\"Startseite\",\"item\":\"https:\/\/www.kontinenzzentrum.ch\/de\"},{\"@type\":\"ListItem\",\"position\":2,\"name\":\"\u00dcber uns\",\"item\":\"https:\/\/www.kontinenzzentrum.ch\/de\/ueber-uns.html\"},{\"@type\":\"ListItem\",\"position\":3,\"name\":\"Wer wir sind\",\"item\":\"https:\/\/www.kontinenzzentrum.ch\/de\/ueber-uns\/wer-wir-sind.html\"},{\"@type\":\"ListItem\",\"position\":4,\"name\":\"Prof. Dr. med. Ursula Peschers\"}]},{\"@type\":\"WebSite\",\"@id\":\"https:\/\/www.kontinenzzentrum.ch\/de\/#website\",\"url\":\"https:\/\/www.kontinenzzentrum.ch\/de\/\",\"name\":\"KontinenzZentrum Hirslanden Z\u00fcrich\",\"description\":\"KontinenzZentrum Hirslanden Z\u00fcrich: Blasenst\u00f6rungen & Inkontinenz\",\"publisher\":{\"@id\":\"https:\/\/www.kontinenzzentrum.ch\/de\/#organization\"},\"potentialAction\":[{\"@type\":\"SearchAction\",\"target\":{\"@type\":\"EntryPoint\",\"urlTemplate\":\"https:\/\/www.kontinenzzentrum.ch\/de\/?s={search_term_string}\"},\"query-input\":{\"@type\":\"PropertyValueSpecification\",\"valueRequired\":true,\"valueName\":\"search_term_string\"}}],\"inLanguage\":\"de\"},{\"@type\":\"Organization\",\"@id\":\"https:\/\/www.kontinenzzentrum.ch\/de\/#organization\",\"name\":\"KontinenzZentrum Hirslanden Z\u00fcrich\",\"url\":\"https:\/\/www.kontinenzzentrum.ch\/de\/\",\"logo\":{\"@type\":\"ImageObject\",\"inLanguage\":\"de\",\"@id\":\"https:\/\/www.kontinenzzentrum.ch\/de\/#\/schema\/logo\/image\/\",\"url\":\"https:\/\/www.kontinenzzentrum.ch\/wp-content\/uploads\/Logo_KontinenzZentrum.png\",\"contentUrl\":\"https:\/\/www.kontinenzzentrum.ch\/wp-content\/uploads\/Logo_KontinenzZentrum.png\",\"width\":800,\"height\":142,\"caption\":\"KontinenzZentrum Hirslanden Z\u00fcrich\"},\"image\":{\"@id\":\"https:\/\/www.kontinenzzentrum.ch\/de\/#\/schema\/logo\/image\/\"}}]}<\/script>\n<!-- \/ Yoast SEO plugin. -->","yoast_head_json":{"title":"Prof. Dr. med. Ursula Peschers","robots":{"index":"index","follow":"follow","max-snippet":"max-snippet:-1","max-image-preview":"max-image-preview:large","max-video-preview":"max-video-preview:-1"},"canonical":"https:\/\/www.kontinenzzentrum.ch\/de\/ueber-uns\/wer-wir-sind\/prof-dr-med-ursula-peschers.html","og_locale":"de_DE","og_type":"article","og_title":"Prof. Dr. med. Ursula Peschers","og_description":"Prof. Dr. med. Ursula Peschers Fach\u00e4rztin f\u00fcr Gyn\u00e4kologie, Urogyn\u00e4kologie und rekonstruktive Beckenbodenchirurgie Kernkompetenzen Prof. Dr. med. Ursula Peschers ist Fach\u00e4rztin f\u00fcr Gyn\u00e4kologie und angerkannte Spezialistin in den Bereichen Urogyn\u00e4kologie und Rekonstruktive Beckenbodenchirurgie. Mit der h\u00f6chsten Zertifizierung der Arbeitsgemeinschaft f\u00fcr Urogyn\u00e4kologie und plastische Beckenbodenrekonstruktion ABUG III ist sie als ausgewiesene Expertin in diesem Fachgebiet anerkannt. Sie [&hellip;]","og_url":"https:\/\/www.kontinenzzentrum.ch\/de\/ueber-uns\/wer-wir-sind\/prof-dr-med-ursula-peschers.html","og_site_name":"KontinenzZentrum","article_modified_time":"2026-02-25T11:12:18+00:00","og_image":[{"width":1920,"height":450,"url":"https:\/\/www.kontinenzzentrum.ch\/wp-content\/uploads\/ueber-uns-wer-wir-sind-10502-2.jpeg","type":"image\/jpeg"}],"twitter_card":"summary_large_image","twitter_misc":{"Gesch\u00e4tzte Lesezeit":"3\u00a0Minuten"},"schema":{"@context":"https:\/\/schema.org","@graph":[{"@type":"WebPage","@id":"https:\/\/www.kontinenzzentrum.ch\/de\/ueber-uns\/wer-wir-sind\/prof-dr-med-ursula-peschers.html","url":"https:\/\/www.kontinenzzentrum.ch\/de\/ueber-uns\/wer-wir-sind\/prof-dr-med-ursula-peschers.html","name":"Prof. Dr. med. Ursula Peschers","isPartOf":{"@id":"https:\/\/www.kontinenzzentrum.ch\/de\/#website"},"primaryImageOfPage":{"@id":"https:\/\/www.kontinenzzentrum.ch\/de\/ueber-uns\/wer-wir-sind\/prof-dr-med-ursula-peschers.html#primaryimage"},"image":{"@id":"https:\/\/www.kontinenzzentrum.ch\/de\/ueber-uns\/wer-wir-sind\/prof-dr-med-ursula-peschers.html#primaryimage"},"thumbnailUrl":"https:\/\/www.kontinenzzentrum.ch\/wp-content\/uploads\/ueber-uns-wer-wir-sind-10502-2.jpeg","datePublished":"2023-02-27T11:50:15+00:00","dateModified":"2026-02-25T11:12:18+00:00","breadcrumb":{"@id":"https:\/\/www.kontinenzzentrum.ch\/de\/ueber-uns\/wer-wir-sind\/prof-dr-med-ursula-peschers.html#breadcrumb"},"inLanguage":"de","potentialAction":[{"@type":"ReadAction","target":["https:\/\/www.kontinenzzentrum.ch\/de\/ueber-uns\/wer-wir-sind\/prof-dr-med-ursula-peschers.html"]}]},{"@type":"ImageObject","inLanguage":"de","@id":"https:\/\/www.kontinenzzentrum.ch\/de\/ueber-uns\/wer-wir-sind\/prof-dr-med-ursula-peschers.html#primaryimage","url":"https:\/\/www.kontinenzzentrum.ch\/wp-content\/uploads\/ueber-uns-wer-wir-sind-10502-2.jpeg","contentUrl":"https:\/\/www.kontinenzzentrum.ch\/wp-content\/uploads\/ueber-uns-wer-wir-sind-10502-2.jpeg","width":1920,"height":450},{"@type":"BreadcrumbList","@id":"https:\/\/www.kontinenzzentrum.ch\/de\/ueber-uns\/wer-wir-sind\/prof-dr-med-ursula-peschers.html#breadcrumb","itemListElement":[{"@type":"ListItem","position":1,"name":"Startseite","item":"https:\/\/www.kontinenzzentrum.ch\/de"},{"@type":"ListItem","position":2,"name":"\u00dcber uns","item":"https:\/\/www.kontinenzzentrum.ch\/de\/ueber-uns.html"},{"@type":"ListItem","position":3,"name":"Wer wir sind","item":"https:\/\/www.kontinenzzentrum.ch\/de\/ueber-uns\/wer-wir-sind.html"},{"@type":"ListItem","position":4,"name":"Prof. Dr. med. Ursula Peschers"}]},{"@type":"WebSite","@id":"https:\/\/www.kontinenzzentrum.ch\/de\/#website","url":"https:\/\/www.kontinenzzentrum.ch\/de\/","name":"KontinenzZentrum Hirslanden Z\u00fcrich","description":"KontinenzZentrum Hirslanden Z\u00fcrich: Blasenst\u00f6rungen & Inkontinenz","publisher":{"@id":"https:\/\/www.kontinenzzentrum.ch\/de\/#organization"},"potentialAction":[{"@type":"SearchAction","target":{"@type":"EntryPoint","urlTemplate":"https:\/\/www.kontinenzzentrum.ch\/de\/?s={search_term_string}"},"query-input":{"@type":"PropertyValueSpecification","valueRequired":true,"valueName":"search_term_string"}}],"inLanguage":"de"},{"@type":"Organization","@id":"https:\/\/www.kontinenzzentrum.ch\/de\/#organization","name":"KontinenzZentrum Hirslanden Z\u00fcrich","url":"https:\/\/www.kontinenzzentrum.ch\/de\/","logo":{"@type":"ImageObject","inLanguage":"de","@id":"https:\/\/www.kontinenzzentrum.ch\/de\/#\/schema\/logo\/image\/","url":"https:\/\/www.kontinenzzentrum.ch\/wp-content\/uploads\/Logo_KontinenzZentrum.png","contentUrl":"https:\/\/www.kontinenzzentrum.ch\/wp-content\/uploads\/Logo_KontinenzZentrum.png","width":800,"height":142,"caption":"KontinenzZentrum Hirslanden Z\u00fcrich"},"image":{"@id":"https:\/\/www.kontinenzzentrum.ch\/de\/#\/schema\/logo\/image\/"}}]}},"_links":{"self":[{"href":"https:\/\/www.kontinenzzentrum.ch\/de\/wp-json\/wp\/v2\/pages\/1064","targetHints":{"allow":["GET"]}}],"collection":[{"href":"https:\/\/www.kontinenzzentrum.ch\/de\/wp-json\/wp\/v2\/pages"}],"about":[{"href":"https:\/\/www.kontinenzzentrum.ch\/de\/wp-json\/wp\/v2\/types\/page"}],"author":[{"embeddable":true,"href":"https:\/\/www.kontinenzzentrum.ch\/de\/wp-json\/wp\/v2\/users\/1"}],"replies":[{"embeddable":true,"href":"https:\/\/www.kontinenzzentrum.ch\/de\/wp-json\/wp\/v2\/comments?post=1064"}],"version-history":[{"count":9,"href":"https:\/\/www.kontinenzzentrum.ch\/de\/wp-json\/wp\/v2\/pages\/1064\/revisions"}],"predecessor-version":[{"id":4843,"href":"https:\/\/www.kontinenzzentrum.ch\/de\/wp-json\/wp\/v2\/pages\/1064\/revisions\/4843"}],"up":[{"embeddable":true,"href":"https:\/\/www.kontinenzzentrum.ch\/de\/wp-json\/wp\/v2\/pages\/1049"}],"wp:featuredmedia":[{"embeddable":true,"href":"https:\/\/www.kontinenzzentrum.ch\/de\/wp-json\/wp\/v2\/media\/996"}],"wp:attachment":[{"href":"https:\/\/www.kontinenzzentrum.ch\/de\/wp-json\/wp\/v2\/media?parent=1064"}],"curies":[{"name":"wp","href":"https:\/\/api.w.org\/{rel}","templated":true}]}}