{"id":1067,"date":"2023-02-27T12:57:58","date_gmt":"2023-02-27T11:57:58","guid":{"rendered":"https:\/\/www.kontinenzzentrum.ch\/?page_id=1067"},"modified":"2023-09-18T14:26:04","modified_gmt":"2023-09-18T12:26:04","slug":"prof-dr-med-andre-reitz","status":"publish","type":"page","link":"https:\/\/www.kontinenzzentrum.ch\/de\/ueber-uns\/wer-wir-sind\/prof-dr-med-andre-reitz.html","title":{"rendered":"Prof. Dr. med. Andr\u00e9 Reitz"},"content":{"rendered":"<div id=\"pl-1067\"  class=\"panel-layout\" ><div id=\"pg-1067-0\"  class=\"panel-grid panel-no-style\" ><div id=\"pgc-1067-0-0\"  class=\"panel-grid-cell\" ><div id=\"panel-1067-0-0-0\" class=\"so-panel widget widget_fn-team-widget panel-first-child\" data-index=\"0\" ><div\n\t\t\t\n\t\t\tclass=\"so-widget-fn-team-widget so-widget-fn-team-widget-base\"\n\t\t\t\n\t\t><div class=\"uk-margin-medium-bottom\">        <div class=\"uk-grid-medium\" uk-grid><div class=\"uk-width-1-5@m uk-width-1-1\">\n            <div class='fn-team-image uk-background-cover uk-position-relative' data-src=\"https:\/\/www.kontinenzzentrum.ch\/wp-content\/uploads\/kontinenzzentrum_010.jpg\" data-srcset=\"https:\/\/www.kontinenzzentrum.ch\/wp-content\/uploads\/kontinenzzentrum_010.jpg\" uk-img>\n            <\/div>\n          <\/div>          <div class=\"uk-width-expand@m uk-width-1-1 fn-team-container uk-margin-top\">\n            <h1>Prof. Dr. med. Andr\u00e9 Reitz<\/h1>\n<h3>Facharzt f\u00fcr Urologie spez. Neurourologie, Fellow of the European Board of Urology<\/h3>\n          <\/div>\n        <\/div>\n    <\/div><\/div><\/div><div id=\"panel-1067-0-0-1\" class=\"so-panel widget widget_fn-accordion-widget panel-last-child\" data-index=\"1\" ><div\n\t\t\t\n\t\t\tclass=\"so-widget-fn-accordion-widget so-widget-fn-accordion-widget-base\"\n\t\t\t\n\t\t><ul class=\"uk-list\" uk-accordion><li>\n        <a class=\"uk-accordion-title\" href=\"#\">Kernkompetenzen<\/a>\n        <div class=\"uk-accordion-content\"><p style=\"font-weight: 400;\">Prof. Dr. med. Andr\u00e9 Reitz ist Facharzt f\u00fcr Urologie und Neurourologie, er sch\u00f6pft seine breite Erfahrung und Expertise aus 25 Jahren klinischer und wissenschaftlicher Arbeit, mehr als 10\u2019000 urodynamischen Untersuchungen und mehr als 3\u2019000 operativen Eingriffen im gesamten Spektrum der Funktionellen Urologie, Neuro-Urologie und Urologie der Frau.<\/p>\n<h3 style=\"font-weight: 400;\"><strong>Abkl\u00e4rung und Diagnostik bei Funktionsst\u00f6rungen von Harnblase und Beckenboden:\u00a0 <\/strong><\/h3>\n<p style=\"font-weight: 400;\"><strong>Inkontinenz, Blasenschw\u00e4che, Beckenbodenschw\u00e4che, Senkungsbeschwerden<\/strong><\/p>\n<ul>\n<li>Komplexe urodynamische Funktionsdiagnostik einschliesslich R\u00f6ntgendiagnostik, Sonographie und Videoendoskopie des Harntraktes<\/li>\n<li>Neurophysiologische Messungen der Beckennerven und Beckenreflexe<\/li>\n<\/ul>\n<p style=\"font-weight: 400;\"><strong>Neuro-Urologie<\/strong><\/p>\n<ul>\n<li>Abkl\u00e4rung und Behandlung von Harntraktfunktionsst\u00f6rung bei Erkrankungen des Nervensystems\n<ul>\n<li>Multiple Sklerose<\/li>\n<li>Morbus Parkinson,<\/li>\n<li>Demenz<\/li>\n<li>Hirnschlag und Sch\u00e4delhirnverletzung<\/li>\n<li>Querschnittl\u00e4hmung (Paraplegie, Tetraplegie)<\/li>\n<li>Spina bifida<\/li>\n<li>Diabetes mellitus<\/li>\n<\/ul>\n<\/li>\n<li>Abkl\u00e4rung und Behandlung von St\u00f6rungen der Harntraktfunktion\/Inkontinenz:\n<ul>\n<li>nach operativen Eingriffen im Becken<\/li>\n<li>bei \u00fcberaktiver Blase<\/li>\n<li>bei chronischer Harnretention<\/li>\n<li>bei Schmerzzust\u00e4nden im Becken<\/li>\n<\/ul>\n<\/li>\n<li>Konservative und operative Verfahren der Nervenstimulation und Sakrale Neuromodulation mit implantierbaren Neurostimulator<\/li>\n<\/ul>\n<p style=\"font-weight: 400;\"><strong>Urologie der Frau und Urogyn\u00e4kologie<\/strong><\/p>\n<p style=\"font-weight: 400;\">Abkl\u00e4rung, konservative Behandlung und Operationen bei<\/p>\n<ul>\n<li>Dranginkontinenz (Harnverlust in Zusammenhang mit Harndrang)<\/li>\n<li>Belastungsinkontinenz (Harnverlust beim Husten, Niessen, k\u00f6rperlicher Bewegung)<\/li>\n<li>Senkung der Beckenorgane und des Beckenbodens (Blasensenkung, Scheidensenkung, Geb\u00e4rmuttersenkung, Darmsenkung)<\/li>\n<li>Roboterassistierte Operation (Da Vinci-Technik) bei Organsenkung im Becken<\/li>\n<li>Unvollst\u00e4ndiger Blasenentleerung und Restharn<\/li>\n<li>Wiederkehrenden Blaseninfekten<\/li>\n<\/ul>\n<p style=\"font-weight: 400;\"><strong>Rehabilitation von Kontinenz und Potenz nach Prostatakrebs OP oder Bestrahlung<\/strong><\/p>\n<ul>\n<li>Abkl\u00e4rung der Harninkontinenz nach der Behandlung von Prostatakrebs und individuelle konservative Rehabilitation<\/li>\n<li>Abkl\u00e4rung von Erektionsst\u00f6rungen nach der Behandlung von Prostatakrebs und individuelle Rehabilitation<\/li>\n<li>Minimal-invasive Therapieverfahren bei Harninkontinenz (Unterspritzung und Injektionsbehandlung des Harntraktes)<\/li>\n<li>Operative Therapieverfahren bei Harninkontinenz mit Implantation von Schliessmuskelprothesen (ProACT, ATOMS, AMS 800, Victo, ZSI 375)<\/li>\n<\/ul>\n<p style=\"font-weight: 400;\"><strong>Gutartige Prostatavergr\u00f6sserung \u2013 Benignes Prostatasyndrom<\/strong><\/p>\n<ul>\n<li>Abkl\u00e4rung und Behandlung von Blasenfunktionsst\u00f6rungen bei gutartiger Prostatavergr\u00f6sserung: h\u00e4ufiges Wasserlassen, n\u00e4chtliches Wasserlassen, schwacher Harnstrahl, unvollst\u00e4ndige Blasenentleerung)<\/li>\n<li>Operationen bei gutartiger Prostatavergr\u00f6sserung<\/li>\n<li>Ejakulationserhaltende Operationstechnik bei gutartiger Prostatavergr\u00f6sserung<\/li>\n<li>Roboterassistierte Operation (Da Vinci-Technik) bei gutartiger Prostatavergr\u00f6sserung<\/li>\n<\/ul>\n<p style=\"font-weight: 400;\"><strong>Erektionsst\u00f6rungen und Impotenz<\/strong><\/p>\n<ul>\n<li>Spezialsprechstunde f\u00fcr die Abkl\u00e4rung und Behandlung von Erektionsst\u00f6rungen<\/li>\n<li>Neurophysiologische Untersuchung der sensiblen und motorischen Beckennerven und der Beckenreflexe<\/li>\n<li>Pharmakologischer Schwellk\u00f6rpertest in Verbindung mit Blutgef\u00e4ssultraschall (Duplexsonographie)<\/li>\n<\/ul>\n<p style=\"font-weight: 400;\"><strong>M\u00e4nnergesundheit, Pr\u00e4vention und Vorsorgeuntersuchungen<\/strong><\/p>\n<ul>\n<li>M\u00e4nnerspezifische Pr\u00e4ventionsberatung und Fr\u00fcherkennungsuntersuchungen<\/li>\n<\/ul>\n<p style=\"font-weight: 400;\"><strong>\u00a0<\/strong><strong>Kinderurologie:<\/strong><\/p>\n<ul>\n<li>Abkl\u00e4rung und Behandlung des n\u00e4chtlichen Einn\u00e4ssens, der Inkontinenz, der Harnverhaltung und bei wiederkehrenden Harnwegsinfektionen im Kindesalter<\/li>\n<\/ul>\n<p style=\"font-weight: 400;\"><strong>Zweitmeinung<\/strong><\/p>\n<ul>\n<li>Zweitmeinungssprechstunde bei Fragestellungen in den Fachgebieten Neuro-Urologie, Urologie der Frau\/Urogyn\u00e4kologie, M\u00e4nnergesundheit und Inkontinenz\/Erektionsst\u00f6rung nach Prostatakrebs<\/li>\n<\/ul>\n<p style=\"font-weight: 400;\"><strong>Revisionseingriffe<\/strong><\/p>\n<ul>\n<li>Abkl\u00e4rung und operative Revision nach vorangegangenen Eingriffen bei Senkung der Beckenorgane mit wiederkehrender Senkung bzw. bei Komplikationen nach Operationen bei Harninkontinenz (bleibende Harninkontinenz, Fistelbildung, Bandkomplikationen)<\/li>\n<li>Abkl\u00e4rung und operative Revision nach Implantation von Schliessmuskelprothesen<\/li>\n<li>Abkl\u00e4rung und operative Revision nach Implantation von Neurostimulatoren zur sakralen Neuromodulation<\/li>\n<\/ul>\n<\/div>\n      <\/li><li>\n        <a class=\"uk-accordion-title\" href=\"#\">Werdegang<\/a>\n        <div class=\"uk-accordion-content\"><ul>\n<li>2021 Ausserplanm\u00e4ssiger Professor,\u00a0Johannes Gutenberg-Universit\u00e4t, Mainz<\/li>\n<li>2010 Leitender Arzt, KontinenzZentrum Hirslanden, Z\u00fcrich<\/li>\n<li>2007-2009 Leitender Arzt, Neurourologie, Neurologische\u00a0Rehabilitationsklinik Godesh\u00f6he Bonn<\/li>\n<li>2007-2009 Universit\u00e4tsprofessor f\u00fcr Neurourologie, Universit\u00e4t Bonn<\/li>\n<li>2007 Fellow of the European Board of Urology<\/li>\n<li>2006-2007 Leitender Arzt Neurourologie, Orthop\u00e4dische\u00a0Universit\u00e4tsklinik, Heidelberg<\/li>\n<li>2006 Habilitation im Fachgebiet Neurourologie, Universit\u00e4t Z\u00fcrich<\/li>\n<li>2006 Facharztanerkennung f\u00fcr das Fachgebiet Urologie<\/li>\n<li>1999-2006 Facharztausbildung in Heidelberg, Z\u00fcrich und Paris<\/li>\n<li>2001 Promotion, Universit\u00e4t M\u00fcnster<\/li>\n<li>1998 Staatsexamen der Medizin, Universit\u00e4t M\u00fcnster<\/li>\n<\/ul>\n<\/div>\n      <\/li><li>\n        <a class=\"uk-accordion-title\" href=\"#\">Mitgliedschaften<\/a>\n        <div class=\"uk-accordion-content\"><ul>\n<li>European Association of Urology<\/li>\n<li>Deutsche Gesellschaft f\u00fcr Urologie<\/li>\n<li>Arbeitskreis \u201cUrologische Funktionsdiagnostik und Urologie der Frau\u201d der Akademie der Deutschen Urologen<\/li>\n<li>Arbeitskreis \u201eLeitlinien zur Abkl\u00e4rung und Therapie von\u00a0Blasenfunktionsst\u00f6rungen bei Multipler Sklerose\u201c<\/li>\n<li>Forum Urodynamicum e. V. (Vorstandsmitglied, Schatzmeister)<\/li>\n<li>Deutscher Urologischer Arbeitskreis f\u00fcr Querschnittl\u00e4hmung<\/li>\n<li>Schweizer Gesellschaft f\u00fcr Urologie<\/li>\n<\/ul>\n<\/div>\n      <\/li><li>\n        <a class=\"uk-accordion-title\" href=\"#\">Ehrungen &amp; Preise<\/a>\n        <div class=\"uk-accordion-content\"><ul>\n<li>2001 Heidelberger Preis f\u00fcr Neurourologie<\/li>\n<li>2002 Annual Meeting, International Continence Society, Best Clinical Presentation<\/li>\n<li>2002 National Congress of the Italian Urodynamics Society<\/li>\n<li>2003 Congress of the European Association of Urology, Best Poster Neurourology<\/li>\n<li>2003 Eugen-Rehfisch-Preis des Forum Urodynamicum e.V.<\/li>\n<li>2004 Pfizer-Forschungspreis f\u00fcr klinische Forschung im Bereich Urologie und Nephrologie<\/li>\n<\/ul>\n<\/div>\n      <\/li><li>\n        <a class=\"uk-accordion-title\" href=\"#\">Publikationen<\/a>\n        <div class=\"uk-accordion-content\"><ul>\n<li><a href=\"https:\/\/www.researchgate.net\/profile\/Andre_Reitz\/?ev=hdr_xprf\">Wissenschaftliche\u00a0Publikationen<\/a><\/li>\n<li>Vom Bauchnabel abw\u00e4rts - Das Gesundheitsbuch f\u00fcr den Mann, Hirzel 2007<\/li>\n<li>Gesunde und starke Blase - Erfolgreiche Behandlung von Blasenst\u00f6rungen und Inkontinenz, Hirzel 2010<\/li>\n<\/ul>\n<\/div>\n      <\/li><li>\n        <a class=\"uk-accordion-title\" href=\"#\">Sprachen<\/a>\n        <div class=\"uk-accordion-content\"><ul>\n<li>Deutsch<\/li>\n<li>Englisch<\/li>\n<li>Franz\u00f6sisch<\/li>\n<\/ul>\n<\/div>\n      <\/li><\/ul><\/div><\/div><\/div><\/div><\/div>","protected":false},"excerpt":{"rendered":"<p>Prof. Dr. med. Andr\u00e9 Reitz Facharzt f\u00fcr Urologie spez. Neurourologie, Fellow of the European Board of Urology Kernkompetenzen Prof. Dr. med. Andr\u00e9 Reitz ist Facharzt f\u00fcr Urologie und Neurourologie, er sch\u00f6pft seine breite Erfahrung und Expertise aus 25 Jahren klinischer und wissenschaftlicher Arbeit, mehr als 10\u2019000 urodynamischen Untersuchungen und mehr als 3\u2019000 operativen Eingriffen im [&hellip;]<\/p>\n","protected":false},"author":1,"featured_media":996,"parent":1049,"menu_order":0,"comment_status":"closed","ping_status":"closed","template":"","meta":{"_acf_changed":false,"footnotes":""},"class_list":["post-1067","page","type-page","status-publish","has-post-thumbnail","hentry"],"acf":[],"yoast_head":"<!-- This site is optimized with the Yoast SEO plugin v26.9 - https:\/\/yoast.com\/product\/yoast-seo-wordpress\/ -->\n<title>Prof. Dr. med. Andr\u00e8 Reitz<\/title>\n<meta name=\"robots\" content=\"index, follow, max-snippet:-1, max-image-preview:large, max-video-preview:-1\" \/>\n<link rel=\"canonical\" href=\"https:\/\/www.kontinenzzentrum.ch\/de\/ueber-uns\/wer-wir-sind\/prof-dr-med-andre-reitz.html\" \/>\n<meta property=\"og:locale\" content=\"de_DE\" \/>\n<meta property=\"og:type\" content=\"article\" \/>\n<meta property=\"og:title\" content=\"Prof. Dr. med. Andr\u00e8 Reitz\" \/>\n<meta property=\"og:description\" content=\"Prof. Dr. med. Andr\u00e9 Reitz Facharzt f\u00fcr Urologie spez. Neurourologie, Fellow of the European Board of Urology Kernkompetenzen Prof. Dr. med. Andr\u00e9 Reitz ist Facharzt f\u00fcr Urologie und Neurourologie, er sch\u00f6pft seine breite Erfahrung und Expertise aus 25 Jahren klinischer und wissenschaftlicher Arbeit, mehr als 10\u2019000 urodynamischen Untersuchungen und mehr als 3\u2019000 operativen Eingriffen im [&hellip;]\" \/>\n<meta property=\"og:url\" content=\"https:\/\/www.kontinenzzentrum.ch\/de\/ueber-uns\/wer-wir-sind\/prof-dr-med-andre-reitz.html\" \/>\n<meta property=\"og:site_name\" content=\"KontinenzZentrum\" \/>\n<meta property=\"article:modified_time\" content=\"2023-09-18T12:26:04+00:00\" \/>\n<meta property=\"og:image\" content=\"https:\/\/www.kontinenzzentrum.ch\/wp-content\/uploads\/ueber-uns-wer-wir-sind-10502-2.jpeg\" \/>\n\t<meta property=\"og:image:width\" content=\"1920\" \/>\n\t<meta property=\"og:image:height\" content=\"450\" \/>\n\t<meta property=\"og:image:type\" content=\"image\/jpeg\" \/>\n<meta name=\"twitter:card\" content=\"summary_large_image\" \/>\n<meta name=\"twitter:label1\" content=\"Gesch\u00e4tzte Lesezeit\" \/>\n\t<meta name=\"twitter:data1\" content=\"1\u00a0Minute\" \/>\n<script type=\"application\/ld+json\" class=\"yoast-schema-graph\">{\"@context\":\"https:\/\/schema.org\",\"@graph\":[{\"@type\":\"WebPage\",\"@id\":\"https:\/\/www.kontinenzzentrum.ch\/de\/ueber-uns\/wer-wir-sind\/prof-dr-med-andre-reitz.html\",\"url\":\"https:\/\/www.kontinenzzentrum.ch\/de\/ueber-uns\/wer-wir-sind\/prof-dr-med-andre-reitz.html\",\"name\":\"Prof. Dr. med. Andr\u00e8 Reitz\",\"isPartOf\":{\"@id\":\"https:\/\/www.kontinenzzentrum.ch\/de\/#website\"},\"primaryImageOfPage\":{\"@id\":\"https:\/\/www.kontinenzzentrum.ch\/de\/ueber-uns\/wer-wir-sind\/prof-dr-med-andre-reitz.html#primaryimage\"},\"image\":{\"@id\":\"https:\/\/www.kontinenzzentrum.ch\/de\/ueber-uns\/wer-wir-sind\/prof-dr-med-andre-reitz.html#primaryimage\"},\"thumbnailUrl\":\"https:\/\/www.kontinenzzentrum.ch\/wp-content\/uploads\/ueber-uns-wer-wir-sind-10502-2.jpeg\",\"datePublished\":\"2023-02-27T11:57:58+00:00\",\"dateModified\":\"2023-09-18T12:26:04+00:00\",\"breadcrumb\":{\"@id\":\"https:\/\/www.kontinenzzentrum.ch\/de\/ueber-uns\/wer-wir-sind\/prof-dr-med-andre-reitz.html#breadcrumb\"},\"inLanguage\":\"de\",\"potentialAction\":[{\"@type\":\"ReadAction\",\"target\":[\"https:\/\/www.kontinenzzentrum.ch\/de\/ueber-uns\/wer-wir-sind\/prof-dr-med-andre-reitz.html\"]}]},{\"@type\":\"ImageObject\",\"inLanguage\":\"de\",\"@id\":\"https:\/\/www.kontinenzzentrum.ch\/de\/ueber-uns\/wer-wir-sind\/prof-dr-med-andre-reitz.html#primaryimage\",\"url\":\"https:\/\/www.kontinenzzentrum.ch\/wp-content\/uploads\/ueber-uns-wer-wir-sind-10502-2.jpeg\",\"contentUrl\":\"https:\/\/www.kontinenzzentrum.ch\/wp-content\/uploads\/ueber-uns-wer-wir-sind-10502-2.jpeg\",\"width\":1920,\"height\":450},{\"@type\":\"BreadcrumbList\",\"@id\":\"https:\/\/www.kontinenzzentrum.ch\/de\/ueber-uns\/wer-wir-sind\/prof-dr-med-andre-reitz.html#breadcrumb\",\"itemListElement\":[{\"@type\":\"ListItem\",\"position\":1,\"name\":\"Startseite\",\"item\":\"https:\/\/www.kontinenzzentrum.ch\/de\"},{\"@type\":\"ListItem\",\"position\":2,\"name\":\"\u00dcber uns\",\"item\":\"https:\/\/www.kontinenzzentrum.ch\/de\/ueber-uns.html\"},{\"@type\":\"ListItem\",\"position\":3,\"name\":\"Wer wir sind\",\"item\":\"https:\/\/www.kontinenzzentrum.ch\/de\/ueber-uns\/wer-wir-sind.html\"},{\"@type\":\"ListItem\",\"position\":4,\"name\":\"Prof. Dr. med. Andr\u00e9 Reitz\"}]},{\"@type\":\"WebSite\",\"@id\":\"https:\/\/www.kontinenzzentrum.ch\/de\/#website\",\"url\":\"https:\/\/www.kontinenzzentrum.ch\/de\/\",\"name\":\"KontinenzZentrum Hirslanden Z\u00fcrich\",\"description\":\"KontinenzZentrum Hirslanden Z\u00fcrich: Blasenst\u00f6rungen & Inkontinenz\",\"publisher\":{\"@id\":\"https:\/\/www.kontinenzzentrum.ch\/de\/#organization\"},\"potentialAction\":[{\"@type\":\"SearchAction\",\"target\":{\"@type\":\"EntryPoint\",\"urlTemplate\":\"https:\/\/www.kontinenzzentrum.ch\/de\/?s={search_term_string}\"},\"query-input\":{\"@type\":\"PropertyValueSpecification\",\"valueRequired\":true,\"valueName\":\"search_term_string\"}}],\"inLanguage\":\"de\"},{\"@type\":\"Organization\",\"@id\":\"https:\/\/www.kontinenzzentrum.ch\/de\/#organization\",\"name\":\"KontinenzZentrum Hirslanden Z\u00fcrich\",\"url\":\"https:\/\/www.kontinenzzentrum.ch\/de\/\",\"logo\":{\"@type\":\"ImageObject\",\"inLanguage\":\"de\",\"@id\":\"https:\/\/www.kontinenzzentrum.ch\/de\/#\/schema\/logo\/image\/\",\"url\":\"https:\/\/www.kontinenzzentrum.ch\/wp-content\/uploads\/Logo_KontinenzZentrum.png\",\"contentUrl\":\"https:\/\/www.kontinenzzentrum.ch\/wp-content\/uploads\/Logo_KontinenzZentrum.png\",\"width\":800,\"height\":142,\"caption\":\"KontinenzZentrum Hirslanden Z\u00fcrich\"},\"image\":{\"@id\":\"https:\/\/www.kontinenzzentrum.ch\/de\/#\/schema\/logo\/image\/\"}}]}<\/script>\n<!-- \/ Yoast SEO plugin. -->","yoast_head_json":{"title":"Prof. Dr. med. Andr\u00e8 Reitz","robots":{"index":"index","follow":"follow","max-snippet":"max-snippet:-1","max-image-preview":"max-image-preview:large","max-video-preview":"max-video-preview:-1"},"canonical":"https:\/\/www.kontinenzzentrum.ch\/de\/ueber-uns\/wer-wir-sind\/prof-dr-med-andre-reitz.html","og_locale":"de_DE","og_type":"article","og_title":"Prof. Dr. med. Andr\u00e8 Reitz","og_description":"Prof. Dr. med. Andr\u00e9 Reitz Facharzt f\u00fcr Urologie spez. Neurourologie, Fellow of the European Board of Urology Kernkompetenzen Prof. Dr. med. Andr\u00e9 Reitz ist Facharzt f\u00fcr Urologie und Neurourologie, er sch\u00f6pft seine breite Erfahrung und Expertise aus 25 Jahren klinischer und wissenschaftlicher Arbeit, mehr als 10\u2019000 urodynamischen Untersuchungen und mehr als 3\u2019000 operativen Eingriffen im [&hellip;]","og_url":"https:\/\/www.kontinenzzentrum.ch\/de\/ueber-uns\/wer-wir-sind\/prof-dr-med-andre-reitz.html","og_site_name":"KontinenzZentrum","article_modified_time":"2023-09-18T12:26:04+00:00","og_image":[{"width":1920,"height":450,"url":"https:\/\/www.kontinenzzentrum.ch\/wp-content\/uploads\/ueber-uns-wer-wir-sind-10502-2.jpeg","type":"image\/jpeg"}],"twitter_card":"summary_large_image","twitter_misc":{"Gesch\u00e4tzte Lesezeit":"1\u00a0Minute"},"schema":{"@context":"https:\/\/schema.org","@graph":[{"@type":"WebPage","@id":"https:\/\/www.kontinenzzentrum.ch\/de\/ueber-uns\/wer-wir-sind\/prof-dr-med-andre-reitz.html","url":"https:\/\/www.kontinenzzentrum.ch\/de\/ueber-uns\/wer-wir-sind\/prof-dr-med-andre-reitz.html","name":"Prof. Dr. med. Andr\u00e8 Reitz","isPartOf":{"@id":"https:\/\/www.kontinenzzentrum.ch\/de\/#website"},"primaryImageOfPage":{"@id":"https:\/\/www.kontinenzzentrum.ch\/de\/ueber-uns\/wer-wir-sind\/prof-dr-med-andre-reitz.html#primaryimage"},"image":{"@id":"https:\/\/www.kontinenzzentrum.ch\/de\/ueber-uns\/wer-wir-sind\/prof-dr-med-andre-reitz.html#primaryimage"},"thumbnailUrl":"https:\/\/www.kontinenzzentrum.ch\/wp-content\/uploads\/ueber-uns-wer-wir-sind-10502-2.jpeg","datePublished":"2023-02-27T11:57:58+00:00","dateModified":"2023-09-18T12:26:04+00:00","breadcrumb":{"@id":"https:\/\/www.kontinenzzentrum.ch\/de\/ueber-uns\/wer-wir-sind\/prof-dr-med-andre-reitz.html#breadcrumb"},"inLanguage":"de","potentialAction":[{"@type":"ReadAction","target":["https:\/\/www.kontinenzzentrum.ch\/de\/ueber-uns\/wer-wir-sind\/prof-dr-med-andre-reitz.html"]}]},{"@type":"ImageObject","inLanguage":"de","@id":"https:\/\/www.kontinenzzentrum.ch\/de\/ueber-uns\/wer-wir-sind\/prof-dr-med-andre-reitz.html#primaryimage","url":"https:\/\/www.kontinenzzentrum.ch\/wp-content\/uploads\/ueber-uns-wer-wir-sind-10502-2.jpeg","contentUrl":"https:\/\/www.kontinenzzentrum.ch\/wp-content\/uploads\/ueber-uns-wer-wir-sind-10502-2.jpeg","width":1920,"height":450},{"@type":"BreadcrumbList","@id":"https:\/\/www.kontinenzzentrum.ch\/de\/ueber-uns\/wer-wir-sind\/prof-dr-med-andre-reitz.html#breadcrumb","itemListElement":[{"@type":"ListItem","position":1,"name":"Startseite","item":"https:\/\/www.kontinenzzentrum.ch\/de"},{"@type":"ListItem","position":2,"name":"\u00dcber uns","item":"https:\/\/www.kontinenzzentrum.ch\/de\/ueber-uns.html"},{"@type":"ListItem","position":3,"name":"Wer wir sind","item":"https:\/\/www.kontinenzzentrum.ch\/de\/ueber-uns\/wer-wir-sind.html"},{"@type":"ListItem","position":4,"name":"Prof. Dr. med. Andr\u00e9 Reitz"}]},{"@type":"WebSite","@id":"https:\/\/www.kontinenzzentrum.ch\/de\/#website","url":"https:\/\/www.kontinenzzentrum.ch\/de\/","name":"KontinenzZentrum Hirslanden Z\u00fcrich","description":"KontinenzZentrum Hirslanden Z\u00fcrich: Blasenst\u00f6rungen & Inkontinenz","publisher":{"@id":"https:\/\/www.kontinenzzentrum.ch\/de\/#organization"},"potentialAction":[{"@type":"SearchAction","target":{"@type":"EntryPoint","urlTemplate":"https:\/\/www.kontinenzzentrum.ch\/de\/?s={search_term_string}"},"query-input":{"@type":"PropertyValueSpecification","valueRequired":true,"valueName":"search_term_string"}}],"inLanguage":"de"},{"@type":"Organization","@id":"https:\/\/www.kontinenzzentrum.ch\/de\/#organization","name":"KontinenzZentrum Hirslanden Z\u00fcrich","url":"https:\/\/www.kontinenzzentrum.ch\/de\/","logo":{"@type":"ImageObject","inLanguage":"de","@id":"https:\/\/www.kontinenzzentrum.ch\/de\/#\/schema\/logo\/image\/","url":"https:\/\/www.kontinenzzentrum.ch\/wp-content\/uploads\/Logo_KontinenzZentrum.png","contentUrl":"https:\/\/www.kontinenzzentrum.ch\/wp-content\/uploads\/Logo_KontinenzZentrum.png","width":800,"height":142,"caption":"KontinenzZentrum Hirslanden Z\u00fcrich"},"image":{"@id":"https:\/\/www.kontinenzzentrum.ch\/de\/#\/schema\/logo\/image\/"}}]}},"_links":{"self":[{"href":"https:\/\/www.kontinenzzentrum.ch\/de\/wp-json\/wp\/v2\/pages\/1067","targetHints":{"allow":["GET"]}}],"collection":[{"href":"https:\/\/www.kontinenzzentrum.ch\/de\/wp-json\/wp\/v2\/pages"}],"about":[{"href":"https:\/\/www.kontinenzzentrum.ch\/de\/wp-json\/wp\/v2\/types\/page"}],"author":[{"embeddable":true,"href":"https:\/\/www.kontinenzzentrum.ch\/de\/wp-json\/wp\/v2\/users\/1"}],"replies":[{"embeddable":true,"href":"https:\/\/www.kontinenzzentrum.ch\/de\/wp-json\/wp\/v2\/comments?post=1067"}],"version-history":[{"count":18,"href":"https:\/\/www.kontinenzzentrum.ch\/de\/wp-json\/wp\/v2\/pages\/1067\/revisions"}],"predecessor-version":[{"id":3354,"href":"https:\/\/www.kontinenzzentrum.ch\/de\/wp-json\/wp\/v2\/pages\/1067\/revisions\/3354"}],"up":[{"embeddable":true,"href":"https:\/\/www.kontinenzzentrum.ch\/de\/wp-json\/wp\/v2\/pages\/1049"}],"wp:featuredmedia":[{"embeddable":true,"href":"https:\/\/www.kontinenzzentrum.ch\/de\/wp-json\/wp\/v2\/media\/996"}],"wp:attachment":[{"href":"https:\/\/www.kontinenzzentrum.ch\/de\/wp-json\/wp\/v2\/media?parent=1067"}],"curies":[{"name":"wp","href":"https:\/\/api.w.org\/{rel}","templated":true}]}}