{"id":1092,"date":"2023-02-27T15:21:15","date_gmt":"2023-02-27T14:21:15","guid":{"rendered":"https:\/\/www.kontinenzzentrum.ch\/?page_id=1092"},"modified":"2026-01-21T15:57:06","modified_gmt":"2026-01-21T14:57:06","slug":"kontakt","status":"publish","type":"page","link":"https:\/\/www.kontinenzzentrum.ch\/de\/ueber-uns\/kontakt.html","title":{"rendered":"Kontakt"},"content":{"rendered":"<div id=\"pl-1092\"  class=\"panel-layout\" ><div id=\"pg-1092-0\"  class=\"panel-grid panel-no-style\" ><div id=\"pgc-1092-0-0\"  class=\"panel-grid-cell\" ><div id=\"panel-1092-0-0-0\" class=\"so-panel widget widget_sow-editor panel-first-child panel-last-child\" data-index=\"0\" ><div\n\t\t\t\n\t\t\tclass=\"so-widget-sow-editor so-widget-sow-editor-base\"\n\t\t\t\n\t\t>\n<div class=\"siteorigin-widget-tinymce textwidget\">\n\t<h1>KONTAKT<\/h1>\n<div class=\"container\">\n<div class=\"row\">\n<div class=\"col-xl-12\">\n<p><strong>KontinenzZentrum AG<\/strong><br \/>\nKlinik Hirslanden<br \/>Witellikerstrasse 40<br \/>\n8032 Z\u00fcrich<\/p>\n<a class=\"uk-button uk-button-primary\" href=\"tel:+41443872910\"><i class=\"fas fa-phone-alt uk-margin-small-right\"><\/i>+41 44 387 29 10<\/a>\n<p><i class=\"fas fa-globe-europe uk-margin-small-right\"><\/i><a title=\"Kontinenzzentrum Hirslanden\" href=\"\/de\">www.kontinenzzentrum.ch\/de<\/a><br \/>\n<i class=\"fas fa-envelope uk-margin-small-right\"><\/i><a class=\"\" href=\"mailto:&#107;on&#116;in&#101;&#110;zzent&#114;&#117;m.&#104;&#105;r&#115;&#108;&#97;n&#100;&#101;&#110;&#64;hi&#114;s&#108;&#97;n&#100;&#101;n.c&#104;\">&#107;&#111;nt&#105;nenz&#122;entr&#117;&#109;.&#104;i&#114;&#115;&#108;ande&#110;&#64;hi&#114;sl&#97;n&#100;en.ch<\/a><\/p>\n<\/div>\n<\/div>\n<\/div>\n<\/div>\n<\/div><\/div><\/div><\/div><div id=\"pg-1092-1\"  class=\"panel-grid panel-no-style\" ><div id=\"pgc-1092-1-0\"  class=\"panel-grid-cell\" ><div class=\"uk-padding panel-cell-style panel-cell-style-for-1092-1-0\" ><div id=\"panel-1092-1-0-0\" class=\"so-panel widget widget_sow-editor panel-first-child panel-last-child\" data-index=\"1\" ><div\n\t\t\t\n\t\t\tclass=\"so-widget-sow-editor so-widget-sow-editor-base\"\n\t\t\t\n\t\t>\n<div class=\"siteorigin-widget-tinymce textwidget\">\n\t<div class=\"container\">\n<div class=\"row\">\n<div class=\"col-xl-12\">\n<h2><strong>F\u00fcr Patienten<\/strong><\/h2>\n<p>Nutzen Sie gern unser Kontaktformular und vereinbaren Sie einen Termin im KontinenzZentrum Hirslanden in Z\u00fcrich.<\/p>\n<p><a class=\"uk-button uk-button-primary\" href=\"https:\/\/www.kontinenzzentrum.ch\/de\/ueber-uns\/termin.html\"><i class=\"fas fa-calendar-alt uk-margin-small-right\"><\/i>Termin online vereinbaren<\/a><\/p>\n<\/div>\n<\/div>\n<\/div>\n<\/div>\n<\/div><\/div><\/div><\/div><div id=\"pgc-1092-1-1\"  class=\"panel-grid-cell\" ><div class=\"uk-padding panel-cell-style panel-cell-style-for-1092-1-1\" ><div id=\"panel-1092-1-1-0\" class=\"so-panel widget widget_sow-editor panel-first-child panel-last-child\" data-index=\"2\" ><div\n\t\t\t\n\t\t\tclass=\"so-widget-sow-editor so-widget-sow-editor-base\"\n\t\t\t\n\t\t>\n<div class=\"siteorigin-widget-tinymce textwidget\">\n\t<div class=\"container\">\n<div class=\"row\">\n<div class=\"col-xl-12\">\n<h2><strong>F\u00fcr Zuweiser<\/strong><\/h2>\n<p>Auf der folgenden Seite finden zuweisende \u00c4rztinnen und \u00c4rzte Informationen und Kontaktm\u00f6glichkeiten.<\/p>\n<p><a class=\"uk-button uk-button-primary\" href=\"https:\/\/www.kontinenzzentrum.ch\/de\/fachpersonen\/zuweisung.html\"><i class=\"fas fa-clinic-medical uk-margin-small-right\"><\/i>Zuweiserinformationen und Patientenanmeldung<\/a><\/p>\n<\/div>\n<\/div>\n<\/div>\n<\/div>\n<\/div><\/div><\/div><\/div><\/div><div id=\"pg-1092-2\"  class=\"panel-grid panel-no-style\" ><div id=\"pgc-1092-2-0\"  class=\"panel-grid-cell\" ><div id=\"panel-1092-2-0-0\" class=\"so-panel widget widget_sow-editor panel-first-child panel-last-child\" data-index=\"3\" ><div\n\t\t\t\n\t\t\tclass=\"so-widget-sow-editor so-widget-sow-editor-base\"\n\t\t\t\n\t\t>\n<div class=\"siteorigin-widget-tinymce textwidget\">\n\t<div class=\"container\">\n<div class=\"row\">\n<div class=\"col-xl-12\">\n<h2><strong>Anfahrt<\/strong><\/h2>\n<p><strong>Anreise mit dem \u00f6ffentlichen Verkehr<\/strong><\/p>\n<ul>\n<li>Tram Nr. 11 ab Z\u00fcrich Hauptbahnhof oder Z\u00fcrich Stadelhofen in Richtung Rehalp bis Haltestelle Balgrist oder<\/li>\n<li>Forchbahn (S 18) ab Bahnhof Stadelhofen bis Haltestelle Balgrist<\/li>\n<\/ul>\n<p>Den SBB-Fahrplan finden Sie auf\u00a0<a href=\"https:\/\/www.sbb.ch\/de\" target=\"_blank\" rel=\"noopener noreferrer\" data-auth=\"NotApplicable\">www.sbb.ch\/de<\/a><\/p>\n<p><strong>Anreise mit dem Auto<\/strong><br \/>\nDas KontinenzZentrum befindet sich in der Klinik Hirslanden \u2013 sie liegt auf der rechten Z\u00fcrichsee-Seite zwischen Z\u00fcrich und Zollikon.<\/p>\n<p><strong><a href=\"https:\/\/www.google.com\/maps\/place\/Witellikerstrasse+40,+8032+Z%C3%BCrich,+Schweiz\/@47.3510401,8.5735203,17z\/data=!3m1!4b1!4m5!3m4!1s0x479aa7245223ea5f:0xa149c78c2f82ffa1!8m2!3d47.3510401!4d8.575709\" target=\"_blank\" rel=\"noopener\">Routenplaner via Google Maps<\/a><\/strong><\/p>\n<p><strong>Parkpl\u00e4tze<\/strong><br \/>\nIn der Tiefgarage stehen f\u00fcr Patienten geb\u00fchrenpflichtige Parkpl\u00e4tze zur Verf\u00fcgung. Die Tiefgarage ist t\u00e4glich von 6.00 bis 21.00 Uhr ge\u00f6ffnet.<\/p>\n<\/div>\n<\/div>\n<\/div>\n<\/div>\n<\/div><\/div><\/div><\/div><div id=\"pg-1092-3\"  class=\"panel-grid panel-no-style\" ><div id=\"pgc-1092-3-0\"  class=\"panel-grid-cell\" ><div id=\"panel-1092-3-0-0\" class=\"so-panel widget widget_sow-editor panel-first-child\" data-index=\"4\" ><div\n\t\t\t\n\t\t\tclass=\"so-widget-sow-editor so-widget-sow-editor-base\"\n\t\t\t\n\t\t>\n<div class=\"siteorigin-widget-tinymce textwidget\">\n\t<h3 class=\"uk-h1\">So finden Sie uns<\/h3>\n<\/div>\n<\/div><\/div><div id=\"panel-1092-3-0-1\" class=\"so-panel widget widget_sow-google-map panel-last-child\" data-index=\"5\" ><div\n\t\t\t\n\t\t\tclass=\"so-widget-sow-google-map so-widget-sow-google-map-default-6cf0154baf9c-1092\"\n\t\t\t\n\t\t>\n<div class=\"sow-google-map-canvas\"\n\tstyle=\"\"\n\tid=\"map-canvas-3d9e56fc2681688c3ee78ac862cab904\"\n\tdata-options=\"{&quot;address&quot;:&quot;Witellikerstrasse 40, 8032 Z\\u00fcrich, Schweiz&quot;,&quot;zoom&quot;:12,&quot;mobileZoom&quot;:12,&quot;gestureHandling&quot;:&quot;greedy&quot;,&quot;disableUi&quot;:&quot;&quot;,&quot;markerIcon&quot;:&quot;https:\\\/\\\/www.kontinenzzentrum.ch\\\/wp-content\\\/uploads\\\/icons8-google-maps-48.png&quot;,&quot;markersDraggable&quot;:false,&quot;markerAtCenter&quot;:true,&quot;markerInfoDisplay&quot;:&quot;click&quot;,&quot;markerInfoMultiple&quot;:true,&quot;markerPositions&quot;:false,&quot;mapName&quot;:&quot;Grey&quot;,&quot;mapStyles&quot;:[{&quot;featureType&quot;:&quot;all&quot;,&quot;elementType&quot;:&quot;all&quot;,&quot;stylers&quot;:[{&quot;saturation&quot;:-100},{&quot;gamma&quot;:0.90000000000000002220446049250313080847263336181640625}]}],&quot;directions&quot;:&quot;&quot;,&quot;apiKey&quot;:&quot;AIzaSyC9UlefCzYnFbZOMjQhGETbTVzM1emRnj8&quot;,&quot;breakpoint&quot;:959}\"\n\tdata-fallback-image=\"{&quot;img&quot;:&quot;&quot;}\"><\/div>\n<\/div><\/div><\/div><\/div><\/div>","protected":false},"excerpt":{"rendered":"<p>KONTAKT KontinenzZentrum AG www.kontinenzzentrum.ch\/de F\u00fcr Patienten Nutzen Sie gern unser Kontaktformular und vereinbaren Sie einen Termin im KontinenzZentrum Hirslanden in Z\u00fcrich. Termin online vereinbaren F\u00fcr Zuweiser Auf der folgenden Seite finden zuweisende \u00c4rztinnen und \u00c4rzte Informationen und Kontaktm\u00f6glichkeiten. Zuweiserinformationen und Patientenanmeldung<\/p>\n","protected":false},"author":1,"featured_media":1094,"parent":987,"menu_order":0,"comment_status":"closed","ping_status":"closed","template":"template-legacy.php","meta":{"_acf_changed":false,"footnotes":""},"class_list":["post-1092","page","type-page","status-publish","has-post-thumbnail","hentry"],"acf":[],"yoast_head":"<!-- This site is optimized with the Yoast SEO plugin v26.9 - https:\/\/yoast.com\/product\/yoast-seo-wordpress\/ -->\n<title>Kontaktieren Sie uns bei Beschwerden mit Blase, Beckenboden, Organsenkung etc. | KontinenzZentrum Hirslanden<\/title>\n<meta name=\"description\" content=\"Kontaktieren Sie uns f\u00fcr ein Beratungsgespr\u00e4ch, wir informieren Sie gerne \u00fcber Ihre individuellen Behandlungsm\u00f6glichkeiten f\u00fcr eine bessere Lebensqualit\u00e4t. Tel. +41 44 387 29 10\" \/>\n<meta name=\"robots\" content=\"index, follow, max-snippet:-1, max-image-preview:large, max-video-preview:-1\" \/>\n<link rel=\"canonical\" href=\"https:\/\/www.kontinenzzentrum.ch\/de\/ueber-uns\/kontakt.html\" \/>\n<meta property=\"og:locale\" content=\"de_DE\" \/>\n<meta property=\"og:type\" content=\"article\" \/>\n<meta property=\"og:title\" content=\"Kontaktieren Sie uns bei Beschwerden mit Blase, Beckenboden, Organsenkung etc. | KontinenzZentrum Hirslanden\" \/>\n<meta property=\"og:description\" content=\"Kontaktieren Sie uns f\u00fcr ein Beratungsgespr\u00e4ch, wir informieren Sie gerne \u00fcber Ihre individuellen Behandlungsm\u00f6glichkeiten f\u00fcr eine bessere Lebensqualit\u00e4t. Tel. +41 44 387 29 10\" \/>\n<meta property=\"og:url\" content=\"https:\/\/www.kontinenzzentrum.ch\/de\/ueber-uns\/kontakt.html\" \/>\n<meta property=\"og:site_name\" content=\"KontinenzZentrum\" \/>\n<meta property=\"article:modified_time\" content=\"2026-01-21T14:57:06+00:00\" \/>\n<meta property=\"og:image\" content=\"https:\/\/www.kontinenzzentrum.ch\/wp-content\/uploads\/ueber-uns-kontakt-1176.jpeg\" \/>\n\t<meta property=\"og:image:width\" content=\"1920\" \/>\n\t<meta property=\"og:image:height\" content=\"450\" \/>\n\t<meta property=\"og:image:type\" content=\"image\/jpeg\" \/>\n<meta name=\"twitter:card\" content=\"summary_large_image\" \/>\n<meta name=\"twitter:label1\" content=\"Gesch\u00e4tzte Lesezeit\" \/>\n\t<meta name=\"twitter:data1\" content=\"1\u00a0Minute\" \/>\n<script type=\"application\/ld+json\" class=\"yoast-schema-graph\">{\"@context\":\"https:\/\/schema.org\",\"@graph\":[{\"@type\":\"WebPage\",\"@id\":\"https:\/\/www.kontinenzzentrum.ch\/de\/ueber-uns\/kontakt.html\",\"url\":\"https:\/\/www.kontinenzzentrum.ch\/de\/ueber-uns\/kontakt.html\",\"name\":\"Kontaktieren Sie uns bei Beschwerden mit Blase, Beckenboden, Organsenkung etc. | KontinenzZentrum Hirslanden\",\"isPartOf\":{\"@id\":\"https:\/\/www.kontinenzzentrum.ch\/de\/#website\"},\"primaryImageOfPage\":{\"@id\":\"https:\/\/www.kontinenzzentrum.ch\/de\/ueber-uns\/kontakt.html#primaryimage\"},\"image\":{\"@id\":\"https:\/\/www.kontinenzzentrum.ch\/de\/ueber-uns\/kontakt.html#primaryimage\"},\"thumbnailUrl\":\"https:\/\/www.kontinenzzentrum.ch\/wp-content\/uploads\/ueber-uns-kontakt-1176.jpeg\",\"datePublished\":\"2023-02-27T14:21:15+00:00\",\"dateModified\":\"2026-01-21T14:57:06+00:00\",\"description\":\"Kontaktieren Sie uns f\u00fcr ein Beratungsgespr\u00e4ch, wir informieren Sie gerne \u00fcber Ihre individuellen Behandlungsm\u00f6glichkeiten f\u00fcr eine bessere Lebensqualit\u00e4t. Tel. +41 44 387 29 10\",\"breadcrumb\":{\"@id\":\"https:\/\/www.kontinenzzentrum.ch\/de\/ueber-uns\/kontakt.html#breadcrumb\"},\"inLanguage\":\"de\",\"potentialAction\":[{\"@type\":\"ReadAction\",\"target\":[\"https:\/\/www.kontinenzzentrum.ch\/de\/ueber-uns\/kontakt.html\"]}]},{\"@type\":\"ImageObject\",\"inLanguage\":\"de\",\"@id\":\"https:\/\/www.kontinenzzentrum.ch\/de\/ueber-uns\/kontakt.html#primaryimage\",\"url\":\"https:\/\/www.kontinenzzentrum.ch\/wp-content\/uploads\/ueber-uns-kontakt-1176.jpeg\",\"contentUrl\":\"https:\/\/www.kontinenzzentrum.ch\/wp-content\/uploads\/ueber-uns-kontakt-1176.jpeg\",\"width\":1920,\"height\":450},{\"@type\":\"BreadcrumbList\",\"@id\":\"https:\/\/www.kontinenzzentrum.ch\/de\/ueber-uns\/kontakt.html#breadcrumb\",\"itemListElement\":[{\"@type\":\"ListItem\",\"position\":1,\"name\":\"Startseite\",\"item\":\"https:\/\/www.kontinenzzentrum.ch\/de\"},{\"@type\":\"ListItem\",\"position\":2,\"name\":\"\u00dcber uns\",\"item\":\"https:\/\/www.kontinenzzentrum.ch\/de\/ueber-uns.html\"},{\"@type\":\"ListItem\",\"position\":3,\"name\":\"Kontakt\"}]},{\"@type\":\"WebSite\",\"@id\":\"https:\/\/www.kontinenzzentrum.ch\/de\/#website\",\"url\":\"https:\/\/www.kontinenzzentrum.ch\/de\/\",\"name\":\"KontinenzZentrum Hirslanden Z\u00fcrich\",\"description\":\"KontinenzZentrum Hirslanden Z\u00fcrich: Blasenst\u00f6rungen & Inkontinenz\",\"publisher\":{\"@id\":\"https:\/\/www.kontinenzzentrum.ch\/de\/#organization\"},\"potentialAction\":[{\"@type\":\"SearchAction\",\"target\":{\"@type\":\"EntryPoint\",\"urlTemplate\":\"https:\/\/www.kontinenzzentrum.ch\/de\/?s={search_term_string}\"},\"query-input\":{\"@type\":\"PropertyValueSpecification\",\"valueRequired\":true,\"valueName\":\"search_term_string\"}}],\"inLanguage\":\"de\"},{\"@type\":\"Organization\",\"@id\":\"https:\/\/www.kontinenzzentrum.ch\/de\/#organization\",\"name\":\"KontinenzZentrum Hirslanden Z\u00fcrich\",\"url\":\"https:\/\/www.kontinenzzentrum.ch\/de\/\",\"logo\":{\"@type\":\"ImageObject\",\"inLanguage\":\"de\",\"@id\":\"https:\/\/www.kontinenzzentrum.ch\/de\/#\/schema\/logo\/image\/\",\"url\":\"https:\/\/www.kontinenzzentrum.ch\/wp-content\/uploads\/Logo_KontinenzZentrum.png\",\"contentUrl\":\"https:\/\/www.kontinenzzentrum.ch\/wp-content\/uploads\/Logo_KontinenzZentrum.png\",\"width\":800,\"height\":142,\"caption\":\"KontinenzZentrum Hirslanden Z\u00fcrich\"},\"image\":{\"@id\":\"https:\/\/www.kontinenzzentrum.ch\/de\/#\/schema\/logo\/image\/\"}}]}<\/script>\n<!-- \/ Yoast SEO plugin. -->","yoast_head_json":{"title":"Kontaktieren Sie uns bei Beschwerden mit Blase, Beckenboden, Organsenkung etc. | KontinenzZentrum Hirslanden","description":"Kontaktieren Sie uns f\u00fcr ein Beratungsgespr\u00e4ch, wir informieren Sie gerne \u00fcber Ihre individuellen Behandlungsm\u00f6glichkeiten f\u00fcr eine bessere Lebensqualit\u00e4t. Tel. +41 44 387 29 10","robots":{"index":"index","follow":"follow","max-snippet":"max-snippet:-1","max-image-preview":"max-image-preview:large","max-video-preview":"max-video-preview:-1"},"canonical":"https:\/\/www.kontinenzzentrum.ch\/de\/ueber-uns\/kontakt.html","og_locale":"de_DE","og_type":"article","og_title":"Kontaktieren Sie uns bei Beschwerden mit Blase, Beckenboden, Organsenkung etc. | KontinenzZentrum Hirslanden","og_description":"Kontaktieren Sie uns f\u00fcr ein Beratungsgespr\u00e4ch, wir informieren Sie gerne \u00fcber Ihre individuellen Behandlungsm\u00f6glichkeiten f\u00fcr eine bessere Lebensqualit\u00e4t. Tel. +41 44 387 29 10","og_url":"https:\/\/www.kontinenzzentrum.ch\/de\/ueber-uns\/kontakt.html","og_site_name":"KontinenzZentrum","article_modified_time":"2026-01-21T14:57:06+00:00","og_image":[{"width":1920,"height":450,"url":"https:\/\/www.kontinenzzentrum.ch\/wp-content\/uploads\/ueber-uns-kontakt-1176.jpeg","type":"image\/jpeg"}],"twitter_card":"summary_large_image","twitter_misc":{"Gesch\u00e4tzte Lesezeit":"1\u00a0Minute"},"schema":{"@context":"https:\/\/schema.org","@graph":[{"@type":"WebPage","@id":"https:\/\/www.kontinenzzentrum.ch\/de\/ueber-uns\/kontakt.html","url":"https:\/\/www.kontinenzzentrum.ch\/de\/ueber-uns\/kontakt.html","name":"Kontaktieren Sie uns bei Beschwerden mit Blase, Beckenboden, Organsenkung etc. | KontinenzZentrum Hirslanden","isPartOf":{"@id":"https:\/\/www.kontinenzzentrum.ch\/de\/#website"},"primaryImageOfPage":{"@id":"https:\/\/www.kontinenzzentrum.ch\/de\/ueber-uns\/kontakt.html#primaryimage"},"image":{"@id":"https:\/\/www.kontinenzzentrum.ch\/de\/ueber-uns\/kontakt.html#primaryimage"},"thumbnailUrl":"https:\/\/www.kontinenzzentrum.ch\/wp-content\/uploads\/ueber-uns-kontakt-1176.jpeg","datePublished":"2023-02-27T14:21:15+00:00","dateModified":"2026-01-21T14:57:06+00:00","description":"Kontaktieren Sie uns f\u00fcr ein Beratungsgespr\u00e4ch, wir informieren Sie gerne \u00fcber Ihre individuellen Behandlungsm\u00f6glichkeiten f\u00fcr eine bessere Lebensqualit\u00e4t. Tel. +41 44 387 29 10","breadcrumb":{"@id":"https:\/\/www.kontinenzzentrum.ch\/de\/ueber-uns\/kontakt.html#breadcrumb"},"inLanguage":"de","potentialAction":[{"@type":"ReadAction","target":["https:\/\/www.kontinenzzentrum.ch\/de\/ueber-uns\/kontakt.html"]}]},{"@type":"ImageObject","inLanguage":"de","@id":"https:\/\/www.kontinenzzentrum.ch\/de\/ueber-uns\/kontakt.html#primaryimage","url":"https:\/\/www.kontinenzzentrum.ch\/wp-content\/uploads\/ueber-uns-kontakt-1176.jpeg","contentUrl":"https:\/\/www.kontinenzzentrum.ch\/wp-content\/uploads\/ueber-uns-kontakt-1176.jpeg","width":1920,"height":450},{"@type":"BreadcrumbList","@id":"https:\/\/www.kontinenzzentrum.ch\/de\/ueber-uns\/kontakt.html#breadcrumb","itemListElement":[{"@type":"ListItem","position":1,"name":"Startseite","item":"https:\/\/www.kontinenzzentrum.ch\/de"},{"@type":"ListItem","position":2,"name":"\u00dcber uns","item":"https:\/\/www.kontinenzzentrum.ch\/de\/ueber-uns.html"},{"@type":"ListItem","position":3,"name":"Kontakt"}]},{"@type":"WebSite","@id":"https:\/\/www.kontinenzzentrum.ch\/de\/#website","url":"https:\/\/www.kontinenzzentrum.ch\/de\/","name":"KontinenzZentrum Hirslanden Z\u00fcrich","description":"KontinenzZentrum Hirslanden Z\u00fcrich: Blasenst\u00f6rungen & Inkontinenz","publisher":{"@id":"https:\/\/www.kontinenzzentrum.ch\/de\/#organization"},"potentialAction":[{"@type":"SearchAction","target":{"@type":"EntryPoint","urlTemplate":"https:\/\/www.kontinenzzentrum.ch\/de\/?s={search_term_string}"},"query-input":{"@type":"PropertyValueSpecification","valueRequired":true,"valueName":"search_term_string"}}],"inLanguage":"de"},{"@type":"Organization","@id":"https:\/\/www.kontinenzzentrum.ch\/de\/#organization","name":"KontinenzZentrum Hirslanden Z\u00fcrich","url":"https:\/\/www.kontinenzzentrum.ch\/de\/","logo":{"@type":"ImageObject","inLanguage":"de","@id":"https:\/\/www.kontinenzzentrum.ch\/de\/#\/schema\/logo\/image\/","url":"https:\/\/www.kontinenzzentrum.ch\/wp-content\/uploads\/Logo_KontinenzZentrum.png","contentUrl":"https:\/\/www.kontinenzzentrum.ch\/wp-content\/uploads\/Logo_KontinenzZentrum.png","width":800,"height":142,"caption":"KontinenzZentrum Hirslanden Z\u00fcrich"},"image":{"@id":"https:\/\/www.kontinenzzentrum.ch\/de\/#\/schema\/logo\/image\/"}}]}},"_links":{"self":[{"href":"https:\/\/www.kontinenzzentrum.ch\/de\/wp-json\/wp\/v2\/pages\/1092","targetHints":{"allow":["GET"]}}],"collection":[{"href":"https:\/\/www.kontinenzzentrum.ch\/de\/wp-json\/wp\/v2\/pages"}],"about":[{"href":"https:\/\/www.kontinenzzentrum.ch\/de\/wp-json\/wp\/v2\/types\/page"}],"author":[{"embeddable":true,"href":"https:\/\/www.kontinenzzentrum.ch\/de\/wp-json\/wp\/v2\/users\/1"}],"replies":[{"embeddable":true,"href":"https:\/\/www.kontinenzzentrum.ch\/de\/wp-json\/wp\/v2\/comments?post=1092"}],"version-history":[{"count":20,"href":"https:\/\/www.kontinenzzentrum.ch\/de\/wp-json\/wp\/v2\/pages\/1092\/revisions"}],"predecessor-version":[{"id":4813,"href":"https:\/\/www.kontinenzzentrum.ch\/de\/wp-json\/wp\/v2\/pages\/1092\/revisions\/4813"}],"up":[{"embeddable":true,"href":"https:\/\/www.kontinenzzentrum.ch\/de\/wp-json\/wp\/v2\/pages\/987"}],"wp:featuredmedia":[{"embeddable":true,"href":"https:\/\/www.kontinenzzentrum.ch\/de\/wp-json\/wp\/v2\/media\/1094"}],"wp:attachment":[{"href":"https:\/\/www.kontinenzzentrum.ch\/de\/wp-json\/wp\/v2\/media?parent=1092"}],"curies":[{"name":"wp","href":"https:\/\/api.w.org\/{rel}","templated":true}]}}