{"id":1308,"date":"2023-03-01T16:06:32","date_gmt":"2023-03-01T15:06:32","guid":{"rendered":"https:\/\/www.kontinenzzentrum.ch\/?page_id=1308"},"modified":"2025-09-29T11:21:12","modified_gmt":"2025-09-29T09:21:12","slug":"untersuchung-und-therapie","status":"publish","type":"page","link":"https:\/\/www.kontinenzzentrum.ch\/de\/untersuchung-und-therapie.html","title":{"rendered":"Untersuchung &#038; Therapie"},"content":{"rendered":"<div id=\"pl-1308\"  class=\"panel-layout\" ><div id=\"pg-1308-0\"  class=\"panel-grid panel-no-style\" ><div id=\"pgc-1308-0-0\"  class=\"panel-grid-cell\" ><div id=\"panel-1308-0-0-0\" class=\"so-panel widget widget_sow-editor panel-first-child panel-last-child\" data-index=\"0\" ><div\n\t\t\t\n\t\t\tclass=\"so-widget-sow-editor so-widget-sow-editor-base\"\n\t\t\t\n\t\t>\n<div class=\"siteorigin-widget-tinymce textwidget\">\n\t<h1>Untersuchung \u2013 Behandlung \u2013 Therapie<\/h1>\n<h2>Bei der Abkl\u00e4rung und Behandlung den ganzen Menschen betrachten<\/h2>\n<p>F\u00fcr die Abkl\u00e4rung einer Blasenfunktionsst\u00f6rung oder einer Harninkontinenz sind vier Dinge n\u00f6tig und wichtig: die\u00a0<strong>Erfahrung des Untersuchers<\/strong>, die\u00a0<strong>Mithilfe und das Vertrauen der oder des Betroffenen<\/strong>, die\u00a0<strong>sorgf\u00e4ltige und fachlich korrekte Durchf\u00fchrung der Untersuchungen<\/strong>\u00a0und\u00a0<strong>die kritische und angemessene Interpretation der Resultate.<\/strong><\/p>\n<p>Wird jeder dieser Punkte beachtet, kann praktisch in allen F\u00e4llen die Ursache der St\u00f6rung identifiziert und eine erfolgversprechende Behandlung eingeleitet werden. Meist ist\u00a0in der Anamnese und und den\u00a0Untersuchungsbefunden ein roter Faden erkennbar, der den Therapeuten zur richtigen Diagnose f\u00fchrt. So greifen verschiedene Informationsquellen ineinander und erm\u00f6glichen eine korrekte Diagnose und damit eine Erfolg versprechende Behandlung.<\/p>\n<\/div>\n<\/div><\/div><\/div><\/div><div id=\"pg-1308-1\"  class=\"panel-grid panel-no-style\" ><div id=\"pgc-1308-1-0\"  class=\"panel-grid-cell\" ><div id=\"panel-1308-1-0-0\" class=\"so-panel widget widget_fn-info-box-widget panel-first-child panel-last-child\" data-index=\"1\" ><div\n\t\t\t\n\t\t\tclass=\"so-widget-fn-info-box-widget so-widget-fn-info-box-widget-base\"\n\t\t\t\n\t\t><div class=\"uk-child-width-1-1 uk-grid-match\" uk-grid><div>\n        <div class=\"fn-info-box-title\">\n          <div class=\"uk-grid-small\" uk-grid>            <div class=\"uk-width-auto\"><img decoding=\"async\" src=\"https:\/\/www.kontinenzzentrum.ch\/wp-content\/uploads\/ICON_kontakt.svg\" class=\"attachment-small size-small\" alt=\"\" \/>            <\/div>            <div class=\"uk-width-expand\">\n              <h4 class=\"uk-h3\">Informieren Sie sich zu unseren Untersuchungs- und Therapieangeboten<\/h4>\n            <\/div>\n          <\/div>\n        <\/div>\n        <div class=\"fn-info-box-content\">\n              <p>M\u00f6chten Sie wissen, welche diagnostischen Verfahren wir anwenden und welche Behandlungsoptionen Ihnen offenstehen? Unsere Expertinnen und Experten erl\u00e4utern Ihnen Schritt f\u00fcr Schritt alle wichtigen Untersuchungen und Therapieans\u00e4tze.<\/p>\n<p data-start=\"445\" data-end=\"530\">Kontaktieren Sie uns gerne f\u00fcr ein pers\u00f6nliches Gespr\u00e4ch \u2013 wir helfen Ihnen weiter!<\/p>\n<p data-start=\"532\" data-end=\"592\"><div class=\"uk-flex uk-child-width-auto uk-grid-small\" uk-grid><div><a class=\"uk-button uk-button-primary\" href=\"tel:+41443872910\"><i class=\"fas fa-phone-alt uk-margin-small-right\"><\/i>+41 44 387 29 10<\/a><\/div><div><a class=\"uk-button uk-button-primary\" href=\"https:\/\/www.kontinenzzentrum.ch\/de\/ueber-uns\/termin.html\"><i class=\"fas fa-comments uk-margin-small-right\"><\/i>Online Terminvereinbarung<\/a><\/div><\/div><\/p>\n        <\/div>\n      <\/div><\/div><\/div><\/div><\/div><\/div><div id=\"pg-1308-2\"  class=\"panel-grid panel-has-style\" ><div class=\"fn-lines panel-row-style panel-row-style-for-1308-2\" ><div id=\"pgc-1308-2-0\"  class=\"panel-grid-cell\" ><div id=\"panel-1308-2-0-0\" class=\"so-panel widget widget_sow-editor panel-first-child panel-last-child\" data-index=\"2\" ><div\n\t\t\t\n\t\t\tclass=\"so-widget-sow-editor so-widget-sow-editor-base\"\n\t\t\t\n\t\t>\n<div class=\"siteorigin-widget-tinymce textwidget\">\n\t<h4>Erfahren Sie mehr zu unseren Untersuchungen und Therapiemethoden<\/h4>\n<ul class=\"rex-navi1 rex-navi-depth-1 rex-navi-has-9-elements\">\n<li class=\"rex-article-160 rex-normal\"><a class=\"\" href=\"https:\/\/www.kontinenzzentrum.ch\/de\/untersuchung-und-therapie\/so-funktioniert-die-blase.html\">So funktioniert die Blase<\/a><\/li>\n<li class=\"rex-article-31 rex-normal\"><a class=\"\" href=\"https:\/\/www.kontinenzzentrum.ch\/de\/untersuchung-und-therapie\/testen-sie-sich.html\">Testen Sie sich!<\/a><\/li>\n<li class=\"rex-article-32 rex-normal\"><a class=\"\" href=\"https:\/\/www.kontinenzzentrum.ch\/de\/untersuchung-und-therapie\/zweitmeinung.html\">Zweitmeinung<\/a><\/li>\n<li class=\"rex-article-10 rex-normal\"><a class=\"\" href=\"https:\/\/www.kontinenzzentrum.ch\/de\/untersuchung-und-therapie\/untersuchungsverfahren.html\">Untersuchungsverfahren<\/a><\/li>\n<li class=\"rex-article-28 rex-normal\"><a class=\"\" href=\"https:\/\/www.kontinenzzentrum.ch\/de\/untersuchung-und-therapie\/konservative-therapieverfahren.html\">Konservative Therapieverfahren<\/a><\/li>\n<li><a href=\"https:\/\/www.kontinenzzentrum.ch\/de\/untersuchung-und-therapie\/reha-nach-prostatakrebs-behandlung.html\">Reha nach Prostatakrebs-Behandlung<\/a><\/li>\n<li><a class=\"\" href=\"https:\/\/www.kontinenzzentrum.ch\/de\/untersuchung-und-therapie\/sakrale-neuromodulation.html\">Sakrale Neuromodulation<\/a><\/li>\n<li class=\"rex-article-29 rex-normal\"><a class=\"\" href=\"https:\/\/www.kontinenzzentrum.ch\/de\/untersuchung-und-therapie\/operationen-bei-harninkontinenz.html\">Operationen bei Harninkontinenz<\/a><\/li>\n<li class=\"rex-article-155 rex-normal\"><a class=\"\" href=\"https:\/\/www.kontinenzzentrum.ch\/de\/untersuchung-und-therapie\/operationen-der-prostata.html\">Operationen der Prostata<\/a><\/li>\n<li class=\"rex-article-187 rex-normal\"><a class=\"\" href=\"https:\/\/www.kontinenzzentrum.ch\/de\/untersuchung-und-therapie\/operation-bei-senkungen.html\">Operation bei Senkungen<\/a><\/li>\n<\/ul>\n<\/div>\n<\/div><\/div><\/div><\/div><\/div><\/div>","protected":false},"excerpt":{"rendered":"<p>Untersuchung \u2013 Behandlung \u2013 Therapie Bei der Abkl\u00e4rung und Behandlung den ganzen Menschen betrachten F\u00fcr die Abkl\u00e4rung einer Blasenfunktionsst\u00f6rung oder einer Harninkontinenz sind vier Dinge n\u00f6tig und wichtig: die\u00a0Erfahrung des Untersuchers, die\u00a0Mithilfe und das Vertrauen der oder des Betroffenen, die\u00a0sorgf\u00e4ltige und fachlich korrekte Durchf\u00fchrung der Untersuchungen\u00a0und\u00a0die kritische und angemessene Interpretation der Resultate. Wird jeder dieser [&hellip;]<\/p>\n","protected":false},"author":1,"featured_media":1028,"parent":0,"menu_order":0,"comment_status":"closed","ping_status":"closed","template":"","meta":{"_acf_changed":false,"footnotes":""},"class_list":["post-1308","page","type-page","status-publish","has-post-thumbnail","hentry"],"acf":[],"yoast_head":"<!-- This site is optimized with the Yoast SEO plugin v26.9 - https:\/\/yoast.com\/product\/yoast-seo-wordpress\/ -->\n<title>Untersuchung &amp; Therapie<\/title>\n<meta name=\"robots\" content=\"index, follow, max-snippet:-1, max-image-preview:large, max-video-preview:-1\" \/>\n<link rel=\"canonical\" href=\"https:\/\/www.kontinenzzentrum.ch\/de\/untersuchung-und-therapie.html\" \/>\n<meta property=\"og:locale\" content=\"de_DE\" \/>\n<meta property=\"og:type\" content=\"article\" \/>\n<meta property=\"og:title\" content=\"Untersuchung &amp; Therapie\" \/>\n<meta property=\"og:description\" content=\"Untersuchung \u2013 Behandlung \u2013 Therapie Bei der Abkl\u00e4rung und Behandlung den ganzen Menschen betrachten F\u00fcr die Abkl\u00e4rung einer Blasenfunktionsst\u00f6rung oder einer Harninkontinenz sind vier Dinge n\u00f6tig und wichtig: die\u00a0Erfahrung des Untersuchers, die\u00a0Mithilfe und das Vertrauen der oder des Betroffenen, die\u00a0sorgf\u00e4ltige und fachlich korrekte Durchf\u00fchrung der Untersuchungen\u00a0und\u00a0die kritische und angemessene Interpretation der Resultate. Wird jeder dieser [&hellip;]\" \/>\n<meta property=\"og:url\" content=\"https:\/\/www.kontinenzzentrum.ch\/de\/untersuchung-und-therapie.html\" \/>\n<meta property=\"og:site_name\" content=\"KontinenzZentrum\" \/>\n<meta property=\"article:modified_time\" content=\"2025-09-29T09:21:12+00:00\" \/>\n<meta property=\"og:image\" content=\"https:\/\/www.kontinenzzentrum.ch\/wp-content\/uploads\/ueber-uns-das-zeichnet-uns-aus-213126.jpeg\" \/>\n\t<meta property=\"og:image:width\" content=\"1920\" \/>\n\t<meta property=\"og:image:height\" content=\"450\" \/>\n\t<meta property=\"og:image:type\" content=\"image\/jpeg\" \/>\n<meta name=\"twitter:card\" content=\"summary_large_image\" \/>\n<meta name=\"twitter:label1\" content=\"Gesch\u00e4tzte Lesezeit\" \/>\n\t<meta name=\"twitter:data1\" content=\"2\u00a0Minuten\" \/>\n<script type=\"application\/ld+json\" class=\"yoast-schema-graph\">{\"@context\":\"https:\/\/schema.org\",\"@graph\":[{\"@type\":\"WebPage\",\"@id\":\"https:\/\/www.kontinenzzentrum.ch\/de\/untersuchung-und-therapie.html\",\"url\":\"https:\/\/www.kontinenzzentrum.ch\/de\/untersuchung-und-therapie.html\",\"name\":\"Untersuchung & Therapie\",\"isPartOf\":{\"@id\":\"https:\/\/www.kontinenzzentrum.ch\/de\/#website\"},\"primaryImageOfPage\":{\"@id\":\"https:\/\/www.kontinenzzentrum.ch\/de\/untersuchung-und-therapie.html#primaryimage\"},\"image\":{\"@id\":\"https:\/\/www.kontinenzzentrum.ch\/de\/untersuchung-und-therapie.html#primaryimage\"},\"thumbnailUrl\":\"https:\/\/www.kontinenzzentrum.ch\/wp-content\/uploads\/ueber-uns-das-zeichnet-uns-aus-213126.jpeg\",\"datePublished\":\"2023-03-01T15:06:32+00:00\",\"dateModified\":\"2025-09-29T09:21:12+00:00\",\"breadcrumb\":{\"@id\":\"https:\/\/www.kontinenzzentrum.ch\/de\/untersuchung-und-therapie.html#breadcrumb\"},\"inLanguage\":\"de\",\"potentialAction\":[{\"@type\":\"ReadAction\",\"target\":[\"https:\/\/www.kontinenzzentrum.ch\/de\/untersuchung-und-therapie.html\"]}]},{\"@type\":\"ImageObject\",\"inLanguage\":\"de\",\"@id\":\"https:\/\/www.kontinenzzentrum.ch\/de\/untersuchung-und-therapie.html#primaryimage\",\"url\":\"https:\/\/www.kontinenzzentrum.ch\/wp-content\/uploads\/ueber-uns-das-zeichnet-uns-aus-213126.jpeg\",\"contentUrl\":\"https:\/\/www.kontinenzzentrum.ch\/wp-content\/uploads\/ueber-uns-das-zeichnet-uns-aus-213126.jpeg\",\"width\":1920,\"height\":450},{\"@type\":\"BreadcrumbList\",\"@id\":\"https:\/\/www.kontinenzzentrum.ch\/de\/untersuchung-und-therapie.html#breadcrumb\",\"itemListElement\":[{\"@type\":\"ListItem\",\"position\":1,\"name\":\"Startseite\",\"item\":\"https:\/\/www.kontinenzzentrum.ch\/de\"},{\"@type\":\"ListItem\",\"position\":2,\"name\":\"Untersuchung &#038; Therapie\"}]},{\"@type\":\"WebSite\",\"@id\":\"https:\/\/www.kontinenzzentrum.ch\/de\/#website\",\"url\":\"https:\/\/www.kontinenzzentrum.ch\/de\/\",\"name\":\"KontinenzZentrum Hirslanden Z\u00fcrich\",\"description\":\"KontinenzZentrum Hirslanden Z\u00fcrich: Blasenst\u00f6rungen & Inkontinenz\",\"publisher\":{\"@id\":\"https:\/\/www.kontinenzzentrum.ch\/de\/#organization\"},\"potentialAction\":[{\"@type\":\"SearchAction\",\"target\":{\"@type\":\"EntryPoint\",\"urlTemplate\":\"https:\/\/www.kontinenzzentrum.ch\/de\/?s={search_term_string}\"},\"query-input\":{\"@type\":\"PropertyValueSpecification\",\"valueRequired\":true,\"valueName\":\"search_term_string\"}}],\"inLanguage\":\"de\"},{\"@type\":\"Organization\",\"@id\":\"https:\/\/www.kontinenzzentrum.ch\/de\/#organization\",\"name\":\"KontinenzZentrum Hirslanden Z\u00fcrich\",\"url\":\"https:\/\/www.kontinenzzentrum.ch\/de\/\",\"logo\":{\"@type\":\"ImageObject\",\"inLanguage\":\"de\",\"@id\":\"https:\/\/www.kontinenzzentrum.ch\/de\/#\/schema\/logo\/image\/\",\"url\":\"https:\/\/www.kontinenzzentrum.ch\/wp-content\/uploads\/Logo_KontinenzZentrum.png\",\"contentUrl\":\"https:\/\/www.kontinenzzentrum.ch\/wp-content\/uploads\/Logo_KontinenzZentrum.png\",\"width\":800,\"height\":142,\"caption\":\"KontinenzZentrum Hirslanden Z\u00fcrich\"},\"image\":{\"@id\":\"https:\/\/www.kontinenzzentrum.ch\/de\/#\/schema\/logo\/image\/\"}}]}<\/script>\n<!-- \/ Yoast SEO plugin. -->","yoast_head_json":{"title":"Untersuchung & Therapie","robots":{"index":"index","follow":"follow","max-snippet":"max-snippet:-1","max-image-preview":"max-image-preview:large","max-video-preview":"max-video-preview:-1"},"canonical":"https:\/\/www.kontinenzzentrum.ch\/de\/untersuchung-und-therapie.html","og_locale":"de_DE","og_type":"article","og_title":"Untersuchung & Therapie","og_description":"Untersuchung \u2013 Behandlung \u2013 Therapie Bei der Abkl\u00e4rung und Behandlung den ganzen Menschen betrachten F\u00fcr die Abkl\u00e4rung einer Blasenfunktionsst\u00f6rung oder einer Harninkontinenz sind vier Dinge n\u00f6tig und wichtig: die\u00a0Erfahrung des Untersuchers, die\u00a0Mithilfe und das Vertrauen der oder des Betroffenen, die\u00a0sorgf\u00e4ltige und fachlich korrekte Durchf\u00fchrung der Untersuchungen\u00a0und\u00a0die kritische und angemessene Interpretation der Resultate. Wird jeder dieser [&hellip;]","og_url":"https:\/\/www.kontinenzzentrum.ch\/de\/untersuchung-und-therapie.html","og_site_name":"KontinenzZentrum","article_modified_time":"2025-09-29T09:21:12+00:00","og_image":[{"width":1920,"height":450,"url":"https:\/\/www.kontinenzzentrum.ch\/wp-content\/uploads\/ueber-uns-das-zeichnet-uns-aus-213126.jpeg","type":"image\/jpeg"}],"twitter_card":"summary_large_image","twitter_misc":{"Gesch\u00e4tzte Lesezeit":"2\u00a0Minuten"},"schema":{"@context":"https:\/\/schema.org","@graph":[{"@type":"WebPage","@id":"https:\/\/www.kontinenzzentrum.ch\/de\/untersuchung-und-therapie.html","url":"https:\/\/www.kontinenzzentrum.ch\/de\/untersuchung-und-therapie.html","name":"Untersuchung & Therapie","isPartOf":{"@id":"https:\/\/www.kontinenzzentrum.ch\/de\/#website"},"primaryImageOfPage":{"@id":"https:\/\/www.kontinenzzentrum.ch\/de\/untersuchung-und-therapie.html#primaryimage"},"image":{"@id":"https:\/\/www.kontinenzzentrum.ch\/de\/untersuchung-und-therapie.html#primaryimage"},"thumbnailUrl":"https:\/\/www.kontinenzzentrum.ch\/wp-content\/uploads\/ueber-uns-das-zeichnet-uns-aus-213126.jpeg","datePublished":"2023-03-01T15:06:32+00:00","dateModified":"2025-09-29T09:21:12+00:00","breadcrumb":{"@id":"https:\/\/www.kontinenzzentrum.ch\/de\/untersuchung-und-therapie.html#breadcrumb"},"inLanguage":"de","potentialAction":[{"@type":"ReadAction","target":["https:\/\/www.kontinenzzentrum.ch\/de\/untersuchung-und-therapie.html"]}]},{"@type":"ImageObject","inLanguage":"de","@id":"https:\/\/www.kontinenzzentrum.ch\/de\/untersuchung-und-therapie.html#primaryimage","url":"https:\/\/www.kontinenzzentrum.ch\/wp-content\/uploads\/ueber-uns-das-zeichnet-uns-aus-213126.jpeg","contentUrl":"https:\/\/www.kontinenzzentrum.ch\/wp-content\/uploads\/ueber-uns-das-zeichnet-uns-aus-213126.jpeg","width":1920,"height":450},{"@type":"BreadcrumbList","@id":"https:\/\/www.kontinenzzentrum.ch\/de\/untersuchung-und-therapie.html#breadcrumb","itemListElement":[{"@type":"ListItem","position":1,"name":"Startseite","item":"https:\/\/www.kontinenzzentrum.ch\/de"},{"@type":"ListItem","position":2,"name":"Untersuchung &#038; Therapie"}]},{"@type":"WebSite","@id":"https:\/\/www.kontinenzzentrum.ch\/de\/#website","url":"https:\/\/www.kontinenzzentrum.ch\/de\/","name":"KontinenzZentrum Hirslanden Z\u00fcrich","description":"KontinenzZentrum Hirslanden Z\u00fcrich: Blasenst\u00f6rungen & Inkontinenz","publisher":{"@id":"https:\/\/www.kontinenzzentrum.ch\/de\/#organization"},"potentialAction":[{"@type":"SearchAction","target":{"@type":"EntryPoint","urlTemplate":"https:\/\/www.kontinenzzentrum.ch\/de\/?s={search_term_string}"},"query-input":{"@type":"PropertyValueSpecification","valueRequired":true,"valueName":"search_term_string"}}],"inLanguage":"de"},{"@type":"Organization","@id":"https:\/\/www.kontinenzzentrum.ch\/de\/#organization","name":"KontinenzZentrum Hirslanden Z\u00fcrich","url":"https:\/\/www.kontinenzzentrum.ch\/de\/","logo":{"@type":"ImageObject","inLanguage":"de","@id":"https:\/\/www.kontinenzzentrum.ch\/de\/#\/schema\/logo\/image\/","url":"https:\/\/www.kontinenzzentrum.ch\/wp-content\/uploads\/Logo_KontinenzZentrum.png","contentUrl":"https:\/\/www.kontinenzzentrum.ch\/wp-content\/uploads\/Logo_KontinenzZentrum.png","width":800,"height":142,"caption":"KontinenzZentrum Hirslanden Z\u00fcrich"},"image":{"@id":"https:\/\/www.kontinenzzentrum.ch\/de\/#\/schema\/logo\/image\/"}}]}},"_links":{"self":[{"href":"https:\/\/www.kontinenzzentrum.ch\/de\/wp-json\/wp\/v2\/pages\/1308","targetHints":{"allow":["GET"]}}],"collection":[{"href":"https:\/\/www.kontinenzzentrum.ch\/de\/wp-json\/wp\/v2\/pages"}],"about":[{"href":"https:\/\/www.kontinenzzentrum.ch\/de\/wp-json\/wp\/v2\/types\/page"}],"author":[{"embeddable":true,"href":"https:\/\/www.kontinenzzentrum.ch\/de\/wp-json\/wp\/v2\/users\/1"}],"replies":[{"embeddable":true,"href":"https:\/\/www.kontinenzzentrum.ch\/de\/wp-json\/wp\/v2\/comments?post=1308"}],"version-history":[{"count":8,"href":"https:\/\/www.kontinenzzentrum.ch\/de\/wp-json\/wp\/v2\/pages\/1308\/revisions"}],"predecessor-version":[{"id":4582,"href":"https:\/\/www.kontinenzzentrum.ch\/de\/wp-json\/wp\/v2\/pages\/1308\/revisions\/4582"}],"wp:featuredmedia":[{"embeddable":true,"href":"https:\/\/www.kontinenzzentrum.ch\/de\/wp-json\/wp\/v2\/media\/1028"}],"wp:attachment":[{"href":"https:\/\/www.kontinenzzentrum.ch\/de\/wp-json\/wp\/v2\/media?parent=1308"}],"curies":[{"name":"wp","href":"https:\/\/api.w.org\/{rel}","templated":true}]}}