{"id":1311,"date":"2023-03-01T16:10:53","date_gmt":"2023-03-01T15:10:53","guid":{"rendered":"https:\/\/www.kontinenzzentrum.ch\/?page_id=1311"},"modified":"2025-12-02T13:57:23","modified_gmt":"2025-12-02T12:57:23","slug":"konservative-therapieverfahren","status":"publish","type":"page","link":"https:\/\/www.kontinenzzentrum.ch\/de\/untersuchung-und-therapie\/konservative-therapieverfahren.html","title":{"rendered":"Konservative Therapieverfahren"},"content":{"rendered":"<div id=\"pl-1311\"  class=\"panel-layout\" ><div id=\"pg-1311-0\"  class=\"panel-grid panel-no-style\" ><div id=\"pgc-1311-0-0\"  class=\"panel-grid-cell\" ><div id=\"panel-1311-0-0-0\" class=\"so-panel widget widget_sow-editor panel-first-child panel-last-child\" data-index=\"0\" ><div\n\t\t\t\n\t\t\tclass=\"so-widget-sow-editor so-widget-sow-editor-base\"\n\t\t\t\n\t\t>\n<div class=\"siteorigin-widget-tinymce textwidget\">\n\t<h1>Konservative Therapieverfahren<\/h1>\n<p><img decoding=\"async\" class=\"alignright\" title=\"Konservative Therapie bei Blasenst\u00f6rung oder Harninkontinenz \" src=\"https:\/\/www.kontinenzzentrum.ch\/wp-content\/uploads\/untersuchung-konservativ-213217-txt.jpeg\" alt=\"Konservative Therapie bei Blasenst\u00f6rung oder Harninkontinenz \" width=\"351\" height=\"273\" \/><\/p>\n<h2>Nicht-operative Behandlungsm\u00f6glichkeiten von Blasenst\u00f6rungen und Inkontinenz<\/h2>\n<p>Die Befunde der neurourologischen Abkl\u00e4rungen erlauben es dem erfahrenen Facharzt bei einer Untersuchung, die vorliegende Funktionsst\u00f6rung zu erkennen und ein geeignetes Therapiekonzept f\u00fcr die entdeckte St\u00f6rung zu entwerfen und mit den Betroffenen zusammen umzusetzen.<\/p>\n<p>Zun\u00e4chst steht ein breites Spektrum konservativer, also nicht-operativer Therapieverfahren im Mittelpunkt. Eine Beratung zur gezielten Anpassung der Lebensgewohnheiten kann zu einer Linderung der Beschwerden beitragen, so etwas eine Ver\u00e4nderung der Ern\u00e4hrung, des Trinkverhaltens oder eine sportliche Bet\u00e4tigung. Eine Vielzahl von Blasenst\u00f6rungen und auch alle Formen der Inkontinenz k\u00f6nnen durch ein\u00a0<a title=\"Beckenbodentraining\" href=\"https:\/\/www.kontinenzzentrum.ch\/de\/kompetenzen\/beckenbodentherapie.html\">Beckenbodentraining<\/a>\u00a0bzw. eine\u00a0<a title=\"funktionelle Beckenbodentherapie\" href=\"https:\/\/www.kontinenzzentrum.ch\/de\/untersuchung-und-therapie\/konservative-therapieverfahren\/funktionelle-beckenbodentherapie.html\">funktionelle Beckenbodentherapie<\/a>\u00a0erfolgreich behandelt werden. Eine Behandlung mit\u00a0<a href=\"https:\/\/www.kontinenzzentrum.ch\/de\/untersuchung-und-therapie\/konservative-therapieverfahren\/medikamente.html\">Medikamenten<\/a>\u00a0kann bei einer \u00fcberaktiven Blase oder bei erschwerter Blasenentleerung sinnvoll sein. Eine\u00a0<a href=\"https:\/\/www.kontinenzzentrum.ch\/de\/untersuchung-und-therapie\/konservative-therapieverfahren\/instillation-von-medikamenten.html\">Sp\u00fclung der Harnblase<\/a>\u00a0mit Medikamenten kann Schmerzen in der Blasen lindern und h\u00e4ufigen Blaseninfekte vorbeugen. Die\u00a0<a href=\"https:\/\/www.kontinenzzentrum.ch\/de\/untersuchung-und-therapie\/konservative-therapieverfahren\/funktionelle-stimulation-der-blase.html\">Stimulation von Nervenbahnen<\/a>\u00a0kann bei \u00fcberaktiver Blasen und Blasenentleerungsst\u00f6rungen hilfreich sein. L\u00e4sst sich eine Inkontinenz vor\u00fcbergehend nicht kontrollieren, so erfolgt eine\u00a0<a href=\"https:\/\/www.kontinenzzentrum.ch\/de\/untersuchung-und-therapie\/konservative-therapieverfahren\/beratung-und-hilfsmittelversorgung.html\">Beratung zur Auswahl und Anwendung von Hilfsmitteln<\/a>\u00a0wie Einlagen und Inkontinenzschutzhosen. Bei einer unvollst\u00e4ndigen Blasenentleerung kann die Unterweisung in die Technik der\u00a0<a href=\"https:\/\/www.kontinenzzentrum.ch\/de\/untersuchung-und-therapie\/konservative-therapieverfahren\/selbstkatheterismus.html\">Selbstkatheterisierung<\/a>\u00a0sinnvoll sein.<\/p>\n<\/div>\n<\/div><\/div><\/div><\/div><div id=\"pg-1311-1\"  class=\"panel-grid panel-has-style\" ><div class=\"fn-lines panel-row-style panel-row-style-for-1311-1\" ><div id=\"pgc-1311-1-0\"  class=\"panel-grid-cell\" ><div id=\"panel-1311-1-0-0\" class=\"so-panel widget widget_sow-editor panel-first-child panel-last-child\" data-index=\"1\" ><div\n\t\t\t\n\t\t\tclass=\"so-widget-sow-editor so-widget-sow-editor-base\"\n\t\t\t\n\t\t>\n<div class=\"siteorigin-widget-tinymce textwidget\">\n\t<h4>Mehr Informationen zu konservativen, nicht-operativen Behandlungsverfahren:<\/h4>\n<ul class=\"rex-navi1 rex-navi-depth-1 rex-navi-has-8-elements\">\n<li class=\"rex-article-50 rex-normal\"><a class=\"\" href=\"https:\/\/www.kontinenzzentrum.ch\/de\/untersuchung-und-therapie\/konservative-therapieverfahren\/medikamente.html\">Medikamente<\/a><\/li>\n<li class=\"rex-article-52 rex-normal\"><a class=\"\" href=\"https:\/\/www.kontinenzzentrum.ch\/de\/untersuchung-und-therapie\/konservative-therapieverfahren\/funktionelle-beckenbodentherapie.html\">Funktionelle Beckenbodentherapie<\/a><\/li>\n<li class=\"rex-article-54 rex-normal\"><a class=\"\" href=\"https:\/\/www.kontinenzzentrum.ch\/de\/untersuchung-und-therapie\/konservative-therapieverfahren\/funktionelle-stimulation-der-blase.html\">Funktionelle Stimulation der Blase<\/a><\/li>\n<li class=\"rex-article-55 rex-normal\"><a class=\"\" href=\"https:\/\/www.kontinenzzentrum.ch\/de\/untersuchung-und-therapie\/konservative-therapieverfahren\/instillation-von-medikamenten.html\">Instillation von Medikamenten<\/a><\/li>\n<li class=\"rex-article-132 rex-normal\"><a class=\"\" href=\"https:\/\/www.kontinenzzentrum.ch\/de\/untersuchung-und-therapie\/konservative-therapieverfahren\/emda-unterstuetzte-instillationstherapie.html\">EMDA-unterst\u00fctzte Instillationstherapie<\/a><\/li>\n<li class=\"rex-article-56 rex-normal\"><a class=\"\" href=\"https:\/\/www.kontinenzzentrum.ch\/de\/untersuchung-und-therapie\/konservative-therapieverfahren\/tens-therapie-des-tibialisnerven.html\">TENS-Therapie des Tibialisnerven<\/a><\/li>\n<li class=\"rex-article-57 rex-normal\"><a class=\"\" href=\"https:\/\/www.kontinenzzentrum.ch\/de\/untersuchung-und-therapie\/konservative-therapieverfahren\/beratung-und-hilfsmittelversorgung.html\">Beratung &amp; Hilfsmittelversorgung<\/a><\/li>\n<li class=\"rex-article-197 rex-normal\"><a class=\"\" href=\"https:\/\/www.kontinenzzentrum.ch\/de\/untersuchung-und-therapie\/konservative-therapieverfahren\/selbstkatheterismus.html\">Selbstkatheterismus<\/a><\/li>\n<\/ul>\n<\/div>\n<\/div><\/div><\/div><\/div><\/div><div id=\"pg-1311-2\"  class=\"panel-grid panel-no-style\" ><div id=\"pgc-1311-2-0\"  class=\"panel-grid-cell\" ><div id=\"panel-1311-2-0-0\" class=\"so-panel widget widget_fn-info-box-widget panel-first-child panel-last-child\" data-index=\"2\" ><div\n\t\t\t\n\t\t\tclass=\"so-widget-fn-info-box-widget so-widget-fn-info-box-widget-base\"\n\t\t\t\n\t\t><div class=\"uk-child-width-1-1 uk-grid-match\" uk-grid><div>\n        <div class=\"fn-info-box-title\">\n          <div class=\"uk-grid-small\" uk-grid>            <div class=\"uk-width-auto\"><img decoding=\"async\" src=\"https:\/\/www.kontinenzzentrum.ch\/wp-content\/uploads\/ICON_kontakt.svg\" class=\"attachment-small size-small\" alt=\"\" \/>            <\/div>            <div class=\"uk-width-expand\">\n              <h4 class=\"uk-h3\">Informieren Sie sich jetzt und kl\u00e4ren Sie Ihre n\u00e4chsten Schritte<\/h4>\n            <\/div>\n          <\/div>\n        <\/div>\n        <div class=\"fn-info-box-content\">\n              <p>Nicht jede Blasenst\u00f6rung oder Inkontinenz braucht sofort einen Eingriff.\u00a0Wenn Sie Beschwerden fr\u00fch abkl\u00e4ren lassen, finden sich oft schon mit konservativen Verfahren sp\u00fcrbare Verbesserungen. Melden Sie sich gern, wir besprechen, welcher Ansatz f\u00fcr Sie sinnvoll ist und wie es weitergeht.<\/p>\n<p><div class=\"uk-flex uk-child-width-auto uk-grid-small\" uk-grid><div><a class=\"uk-button uk-button-primary\" href=\"tel:+41443872910\"><i class=\"fas fa-phone-alt uk-margin-small-right\"><\/i>+41 44 387 29 10<\/a><\/div><div><a class=\"uk-button uk-button-primary\" href=\"https:\/\/www.kontinenzzentrum.ch\/de\/ueber-uns\/termin.html\"><i class=\"fas fa-comments uk-margin-small-right\"><\/i>Online Terminvereinbarung<\/a><\/div><\/div><\/p>\n        <\/div>\n      <\/div><\/div><\/div><\/div><\/div><\/div><\/div>","protected":false},"excerpt":{"rendered":"<p>Konservative Therapieverfahren Nicht-operative Behandlungsm\u00f6glichkeiten von Blasenst\u00f6rungen und Inkontinenz Die Befunde der neurourologischen Abkl\u00e4rungen erlauben es dem erfahrenen Facharzt bei einer Untersuchung, die vorliegende Funktionsst\u00f6rung zu erkennen und ein geeignetes Therapiekonzept f\u00fcr die entdeckte St\u00f6rung zu entwerfen und mit den Betroffenen zusammen umzusetzen. Zun\u00e4chst steht ein breites Spektrum konservativer, also nicht-operativer Therapieverfahren im Mittelpunkt. Eine Beratung [&hellip;]<\/p>\n","protected":false},"author":1,"featured_media":528,"parent":1308,"menu_order":0,"comment_status":"closed","ping_status":"closed","template":"","meta":{"_acf_changed":false,"footnotes":""},"class_list":["post-1311","page","type-page","status-publish","has-post-thumbnail","hentry"],"acf":[],"yoast_head":"<!-- This site is optimized with the Yoast SEO plugin v26.9 - https:\/\/yoast.com\/product\/yoast-seo-wordpress\/ -->\n<title>Therapien<\/title>\n<meta name=\"robots\" content=\"index, follow, max-snippet:-1, max-image-preview:large, max-video-preview:-1\" \/>\n<link rel=\"canonical\" href=\"https:\/\/www.kontinenzzentrum.ch\/de\/untersuchung-und-therapie\/konservative-therapieverfahren.html\" \/>\n<meta property=\"og:locale\" content=\"de_DE\" \/>\n<meta property=\"og:type\" content=\"article\" \/>\n<meta property=\"og:title\" content=\"Therapien\" \/>\n<meta property=\"og:description\" content=\"Konservative Therapieverfahren Nicht-operative Behandlungsm\u00f6glichkeiten von Blasenst\u00f6rungen und Inkontinenz Die Befunde der neurourologischen Abkl\u00e4rungen erlauben es dem erfahrenen Facharzt bei einer Untersuchung, die vorliegende Funktionsst\u00f6rung zu erkennen und ein geeignetes Therapiekonzept f\u00fcr die entdeckte St\u00f6rung zu entwerfen und mit den Betroffenen zusammen umzusetzen. Zun\u00e4chst steht ein breites Spektrum konservativer, also nicht-operativer Therapieverfahren im Mittelpunkt. Eine Beratung [&hellip;]\" \/>\n<meta property=\"og:url\" content=\"https:\/\/www.kontinenzzentrum.ch\/de\/untersuchung-und-therapie\/konservative-therapieverfahren.html\" \/>\n<meta property=\"og:site_name\" content=\"KontinenzZentrum\" \/>\n<meta property=\"article:modified_time\" content=\"2025-12-02T12:57:23+00:00\" \/>\n<meta property=\"og:image\" content=\"https:\/\/www.kontinenzzentrum.ch\/wp-content\/uploads\/erkrankung-blasenentzuendung-212813.jpeg\" \/>\n\t<meta property=\"og:image:width\" content=\"1920\" \/>\n\t<meta property=\"og:image:height\" content=\"450\" \/>\n\t<meta property=\"og:image:type\" content=\"image\/jpeg\" \/>\n<meta name=\"twitter:card\" content=\"summary_large_image\" \/>\n<meta name=\"twitter:label1\" content=\"Gesch\u00e4tzte Lesezeit\" \/>\n\t<meta name=\"twitter:data1\" content=\"3\u00a0Minuten\" \/>\n<script type=\"application\/ld+json\" class=\"yoast-schema-graph\">{\"@context\":\"https:\/\/schema.org\",\"@graph\":[{\"@type\":\"WebPage\",\"@id\":\"https:\/\/www.kontinenzzentrum.ch\/de\/untersuchung-und-therapie\/konservative-therapieverfahren.html\",\"url\":\"https:\/\/www.kontinenzzentrum.ch\/de\/untersuchung-und-therapie\/konservative-therapieverfahren.html\",\"name\":\"Therapien\",\"isPartOf\":{\"@id\":\"https:\/\/www.kontinenzzentrum.ch\/de\/#website\"},\"primaryImageOfPage\":{\"@id\":\"https:\/\/www.kontinenzzentrum.ch\/de\/untersuchung-und-therapie\/konservative-therapieverfahren.html#primaryimage\"},\"image\":{\"@id\":\"https:\/\/www.kontinenzzentrum.ch\/de\/untersuchung-und-therapie\/konservative-therapieverfahren.html#primaryimage\"},\"thumbnailUrl\":\"https:\/\/www.kontinenzzentrum.ch\/wp-content\/uploads\/erkrankung-blasenentzuendung-212813.jpeg\",\"datePublished\":\"2023-03-01T15:10:53+00:00\",\"dateModified\":\"2025-12-02T12:57:23+00:00\",\"breadcrumb\":{\"@id\":\"https:\/\/www.kontinenzzentrum.ch\/de\/untersuchung-und-therapie\/konservative-therapieverfahren.html#breadcrumb\"},\"inLanguage\":\"de\",\"potentialAction\":[{\"@type\":\"ReadAction\",\"target\":[\"https:\/\/www.kontinenzzentrum.ch\/de\/untersuchung-und-therapie\/konservative-therapieverfahren.html\"]}]},{\"@type\":\"ImageObject\",\"inLanguage\":\"de\",\"@id\":\"https:\/\/www.kontinenzzentrum.ch\/de\/untersuchung-und-therapie\/konservative-therapieverfahren.html#primaryimage\",\"url\":\"https:\/\/www.kontinenzzentrum.ch\/wp-content\/uploads\/erkrankung-blasenentzuendung-212813.jpeg\",\"contentUrl\":\"https:\/\/www.kontinenzzentrum.ch\/wp-content\/uploads\/erkrankung-blasenentzuendung-212813.jpeg\",\"width\":1920,\"height\":450},{\"@type\":\"BreadcrumbList\",\"@id\":\"https:\/\/www.kontinenzzentrum.ch\/de\/untersuchung-und-therapie\/konservative-therapieverfahren.html#breadcrumb\",\"itemListElement\":[{\"@type\":\"ListItem\",\"position\":1,\"name\":\"Startseite\",\"item\":\"https:\/\/www.kontinenzzentrum.ch\/de\"},{\"@type\":\"ListItem\",\"position\":2,\"name\":\"Untersuchung &#038; Therapie\",\"item\":\"https:\/\/www.kontinenzzentrum.ch\/de\/untersuchung-und-therapie.html\"},{\"@type\":\"ListItem\",\"position\":3,\"name\":\"Konservative Therapieverfahren\"}]},{\"@type\":\"WebSite\",\"@id\":\"https:\/\/www.kontinenzzentrum.ch\/de\/#website\",\"url\":\"https:\/\/www.kontinenzzentrum.ch\/de\/\",\"name\":\"KontinenzZentrum Hirslanden Z\u00fcrich\",\"description\":\"KontinenzZentrum Hirslanden Z\u00fcrich: Blasenst\u00f6rungen & Inkontinenz\",\"publisher\":{\"@id\":\"https:\/\/www.kontinenzzentrum.ch\/de\/#organization\"},\"potentialAction\":[{\"@type\":\"SearchAction\",\"target\":{\"@type\":\"EntryPoint\",\"urlTemplate\":\"https:\/\/www.kontinenzzentrum.ch\/de\/?s={search_term_string}\"},\"query-input\":{\"@type\":\"PropertyValueSpecification\",\"valueRequired\":true,\"valueName\":\"search_term_string\"}}],\"inLanguage\":\"de\"},{\"@type\":\"Organization\",\"@id\":\"https:\/\/www.kontinenzzentrum.ch\/de\/#organization\",\"name\":\"KontinenzZentrum Hirslanden Z\u00fcrich\",\"url\":\"https:\/\/www.kontinenzzentrum.ch\/de\/\",\"logo\":{\"@type\":\"ImageObject\",\"inLanguage\":\"de\",\"@id\":\"https:\/\/www.kontinenzzentrum.ch\/de\/#\/schema\/logo\/image\/\",\"url\":\"https:\/\/www.kontinenzzentrum.ch\/wp-content\/uploads\/Logo_KontinenzZentrum.png\",\"contentUrl\":\"https:\/\/www.kontinenzzentrum.ch\/wp-content\/uploads\/Logo_KontinenzZentrum.png\",\"width\":800,\"height\":142,\"caption\":\"KontinenzZentrum Hirslanden Z\u00fcrich\"},\"image\":{\"@id\":\"https:\/\/www.kontinenzzentrum.ch\/de\/#\/schema\/logo\/image\/\"}}]}<\/script>\n<!-- \/ Yoast SEO plugin. -->","yoast_head_json":{"title":"Therapien","robots":{"index":"index","follow":"follow","max-snippet":"max-snippet:-1","max-image-preview":"max-image-preview:large","max-video-preview":"max-video-preview:-1"},"canonical":"https:\/\/www.kontinenzzentrum.ch\/de\/untersuchung-und-therapie\/konservative-therapieverfahren.html","og_locale":"de_DE","og_type":"article","og_title":"Therapien","og_description":"Konservative Therapieverfahren Nicht-operative Behandlungsm\u00f6glichkeiten von Blasenst\u00f6rungen und Inkontinenz Die Befunde der neurourologischen Abkl\u00e4rungen erlauben es dem erfahrenen Facharzt bei einer Untersuchung, die vorliegende Funktionsst\u00f6rung zu erkennen und ein geeignetes Therapiekonzept f\u00fcr die entdeckte St\u00f6rung zu entwerfen und mit den Betroffenen zusammen umzusetzen. Zun\u00e4chst steht ein breites Spektrum konservativer, also nicht-operativer Therapieverfahren im Mittelpunkt. Eine Beratung [&hellip;]","og_url":"https:\/\/www.kontinenzzentrum.ch\/de\/untersuchung-und-therapie\/konservative-therapieverfahren.html","og_site_name":"KontinenzZentrum","article_modified_time":"2025-12-02T12:57:23+00:00","og_image":[{"width":1920,"height":450,"url":"https:\/\/www.kontinenzzentrum.ch\/wp-content\/uploads\/erkrankung-blasenentzuendung-212813.jpeg","type":"image\/jpeg"}],"twitter_card":"summary_large_image","twitter_misc":{"Gesch\u00e4tzte Lesezeit":"3\u00a0Minuten"},"schema":{"@context":"https:\/\/schema.org","@graph":[{"@type":"WebPage","@id":"https:\/\/www.kontinenzzentrum.ch\/de\/untersuchung-und-therapie\/konservative-therapieverfahren.html","url":"https:\/\/www.kontinenzzentrum.ch\/de\/untersuchung-und-therapie\/konservative-therapieverfahren.html","name":"Therapien","isPartOf":{"@id":"https:\/\/www.kontinenzzentrum.ch\/de\/#website"},"primaryImageOfPage":{"@id":"https:\/\/www.kontinenzzentrum.ch\/de\/untersuchung-und-therapie\/konservative-therapieverfahren.html#primaryimage"},"image":{"@id":"https:\/\/www.kontinenzzentrum.ch\/de\/untersuchung-und-therapie\/konservative-therapieverfahren.html#primaryimage"},"thumbnailUrl":"https:\/\/www.kontinenzzentrum.ch\/wp-content\/uploads\/erkrankung-blasenentzuendung-212813.jpeg","datePublished":"2023-03-01T15:10:53+00:00","dateModified":"2025-12-02T12:57:23+00:00","breadcrumb":{"@id":"https:\/\/www.kontinenzzentrum.ch\/de\/untersuchung-und-therapie\/konservative-therapieverfahren.html#breadcrumb"},"inLanguage":"de","potentialAction":[{"@type":"ReadAction","target":["https:\/\/www.kontinenzzentrum.ch\/de\/untersuchung-und-therapie\/konservative-therapieverfahren.html"]}]},{"@type":"ImageObject","inLanguage":"de","@id":"https:\/\/www.kontinenzzentrum.ch\/de\/untersuchung-und-therapie\/konservative-therapieverfahren.html#primaryimage","url":"https:\/\/www.kontinenzzentrum.ch\/wp-content\/uploads\/erkrankung-blasenentzuendung-212813.jpeg","contentUrl":"https:\/\/www.kontinenzzentrum.ch\/wp-content\/uploads\/erkrankung-blasenentzuendung-212813.jpeg","width":1920,"height":450},{"@type":"BreadcrumbList","@id":"https:\/\/www.kontinenzzentrum.ch\/de\/untersuchung-und-therapie\/konservative-therapieverfahren.html#breadcrumb","itemListElement":[{"@type":"ListItem","position":1,"name":"Startseite","item":"https:\/\/www.kontinenzzentrum.ch\/de"},{"@type":"ListItem","position":2,"name":"Untersuchung &#038; Therapie","item":"https:\/\/www.kontinenzzentrum.ch\/de\/untersuchung-und-therapie.html"},{"@type":"ListItem","position":3,"name":"Konservative Therapieverfahren"}]},{"@type":"WebSite","@id":"https:\/\/www.kontinenzzentrum.ch\/de\/#website","url":"https:\/\/www.kontinenzzentrum.ch\/de\/","name":"KontinenzZentrum Hirslanden Z\u00fcrich","description":"KontinenzZentrum Hirslanden Z\u00fcrich: Blasenst\u00f6rungen & Inkontinenz","publisher":{"@id":"https:\/\/www.kontinenzzentrum.ch\/de\/#organization"},"potentialAction":[{"@type":"SearchAction","target":{"@type":"EntryPoint","urlTemplate":"https:\/\/www.kontinenzzentrum.ch\/de\/?s={search_term_string}"},"query-input":{"@type":"PropertyValueSpecification","valueRequired":true,"valueName":"search_term_string"}}],"inLanguage":"de"},{"@type":"Organization","@id":"https:\/\/www.kontinenzzentrum.ch\/de\/#organization","name":"KontinenzZentrum Hirslanden Z\u00fcrich","url":"https:\/\/www.kontinenzzentrum.ch\/de\/","logo":{"@type":"ImageObject","inLanguage":"de","@id":"https:\/\/www.kontinenzzentrum.ch\/de\/#\/schema\/logo\/image\/","url":"https:\/\/www.kontinenzzentrum.ch\/wp-content\/uploads\/Logo_KontinenzZentrum.png","contentUrl":"https:\/\/www.kontinenzzentrum.ch\/wp-content\/uploads\/Logo_KontinenzZentrum.png","width":800,"height":142,"caption":"KontinenzZentrum Hirslanden Z\u00fcrich"},"image":{"@id":"https:\/\/www.kontinenzzentrum.ch\/de\/#\/schema\/logo\/image\/"}}]}},"_links":{"self":[{"href":"https:\/\/www.kontinenzzentrum.ch\/de\/wp-json\/wp\/v2\/pages\/1311","targetHints":{"allow":["GET"]}}],"collection":[{"href":"https:\/\/www.kontinenzzentrum.ch\/de\/wp-json\/wp\/v2\/pages"}],"about":[{"href":"https:\/\/www.kontinenzzentrum.ch\/de\/wp-json\/wp\/v2\/types\/page"}],"author":[{"embeddable":true,"href":"https:\/\/www.kontinenzzentrum.ch\/de\/wp-json\/wp\/v2\/users\/1"}],"replies":[{"embeddable":true,"href":"https:\/\/www.kontinenzzentrum.ch\/de\/wp-json\/wp\/v2\/comments?post=1311"}],"version-history":[{"count":6,"href":"https:\/\/www.kontinenzzentrum.ch\/de\/wp-json\/wp\/v2\/pages\/1311\/revisions"}],"predecessor-version":[{"id":4787,"href":"https:\/\/www.kontinenzzentrum.ch\/de\/wp-json\/wp\/v2\/pages\/1311\/revisions\/4787"}],"up":[{"embeddable":true,"href":"https:\/\/www.kontinenzzentrum.ch\/de\/wp-json\/wp\/v2\/pages\/1308"}],"wp:featuredmedia":[{"embeddable":true,"href":"https:\/\/www.kontinenzzentrum.ch\/de\/wp-json\/wp\/v2\/media\/528"}],"wp:attachment":[{"href":"https:\/\/www.kontinenzzentrum.ch\/de\/wp-json\/wp\/v2\/media?parent=1311"}],"curies":[{"name":"wp","href":"https:\/\/api.w.org\/{rel}","templated":true}]}}