{"id":1317,"date":"2023-03-01T16:13:36","date_gmt":"2023-03-01T15:13:36","guid":{"rendered":"https:\/\/www.kontinenzzentrum.ch\/?page_id=1317"},"modified":"2023-03-13T10:49:22","modified_gmt":"2023-03-13T09:49:22","slug":"beratung-und-hilfsmittelversorgung","status":"publish","type":"page","link":"https:\/\/www.kontinenzzentrum.ch\/de\/untersuchung-und-therapie\/konservative-therapieverfahren\/beratung-und-hilfsmittelversorgung.html","title":{"rendered":"Beratung &#038; Hilfsmittelversorgung"},"content":{"rendered":"<div id=\"pl-1317\"  class=\"panel-layout\" ><div id=\"pg-1317-0\"  class=\"panel-grid panel-no-style\" ><div id=\"pgc-1317-0-0\"  class=\"panel-grid-cell\" ><div id=\"panel-1317-0-0-0\" class=\"so-panel widget widget_sow-editor panel-first-child panel-last-child\" data-index=\"0\" ><div\n\t\t\t\n\t\t\tclass=\"so-widget-sow-editor so-widget-sow-editor-base\"\n\t\t\t\n\t\t>\n<div class=\"siteorigin-widget-tinymce textwidget\">\n\t<h1>Beratung &amp; Hilfsmittelversorgung<\/h1>\n<h2>Kompetente Beratung durch Experten<\/h2>\n<p>Nicht in allen F\u00e4llen gelingt es, eine Inkontinenz oder Funktionsst\u00f6rung des Harntraktes erfolgreich zu behandeln. Dennoch ist es bei nahezu jedem Betroffenem m\u00f6glich, eine Inkontinenz durch geeignete Hilfsmittel zu beherrschen und ihre Auswirkungen auf die Lebensqualit\u00e4t zu mindern. \u201eKontinenzhilfsmittel\u201c steht dabei als Sammelbegriff f\u00fcr harnableitende, harnauffangende und harnaufsaugende Produkte. Die sorgf\u00e4ltige Auswahl der richtigen Hilfsmittel erfordert Fachwissen, Einf\u00fchlungsverm\u00f6gen und Geduld und ist enorm wichtig f\u00fcr das Wohlbefinden des von einer Inkontinenz betroffenen Menschen.<\/p>\n<p>Die F\u00e4higkeit, mit Hilfe einer Inkontinenzvorlage die \u00e4u\u00dferliche Identit\u00e4t einer kontinenten Person zu wahren und die Stigmatisierung durch eine Inkontinenz zu vermeiden, erh\u00e4lt die Lebensqualit\u00e4t, das Selbstbewusstsein und die Teilnahme am \u00f6ffentlichen Leben. Die breite Palette solcher Hilfsmittel reicht von der Urinflasche \u00fcber die Inkontinenzvorlage bis hin zu verschiedenen Kathetermodellen, z.B. f\u00fcr die\u00a0<a title=\"Selbstkatheterisierung\" href=\"https:\/\/www.kontinenzzentrum.ch\/de\/untersuchung-und-therapie\/konservative-therapieverfahren\/selbstkatheterismus.html\">Selbstkatheterisierung<\/a>. Die Auswahl der richtigen Hilfsmittel richtet sich dabei nach dem Ausma\u00df der Inkontinenz, nach den individuellen Gegebenheiten (Geschlecht, Alter, Gr\u00f6\u00dfe, K\u00f6rperbau, Mobilit\u00e4t) und den pers\u00f6nlichen W\u00fcnschen und Bed\u00fcrfnissen jedes einzelnen Betroffenen.<\/p>\n<p>Neben dem Erhalt der Lebensqualit\u00e4t dienen Inkontinenzhilfsmittel auch zur Vermeidung von Komplikationen wie Hautsch\u00e4digungen und Blasenentz\u00fcndungen.<\/p>\n<\/div>\n<\/div><\/div><\/div><\/div><\/div>","protected":false},"excerpt":{"rendered":"<p>Beratung &amp; Hilfsmittelversorgung Kompetente Beratung durch Experten Nicht in allen F\u00e4llen gelingt es, eine Inkontinenz oder Funktionsst\u00f6rung des Harntraktes erfolgreich zu behandeln. Dennoch ist es bei nahezu jedem Betroffenem m\u00f6glich, eine Inkontinenz durch geeignete Hilfsmittel zu beherrschen und ihre Auswirkungen auf die Lebensqualit\u00e4t zu mindern. \u201eKontinenzhilfsmittel\u201c steht dabei als Sammelbegriff f\u00fcr harnableitende, harnauffangende und harnaufsaugende [&hellip;]<\/p>\n","protected":false},"author":1,"featured_media":1318,"parent":1311,"menu_order":0,"comment_status":"closed","ping_status":"closed","template":"","meta":{"_acf_changed":false,"footnotes":""},"class_list":["post-1317","page","type-page","status-publish","has-post-thumbnail","hentry"],"acf":[],"yoast_head":"<!-- This site is optimized with the Yoast SEO plugin v26.9 - https:\/\/yoast.com\/product\/yoast-seo-wordpress\/ -->\n<title>Beratung &amp; Hilfsmittelversorgung<\/title>\n<meta name=\"robots\" content=\"index, follow, max-snippet:-1, max-image-preview:large, max-video-preview:-1\" \/>\n<link rel=\"canonical\" href=\"https:\/\/www.kontinenzzentrum.ch\/de\/untersuchung-und-therapie\/konservative-therapieverfahren\/beratung-und-hilfsmittelversorgung.html\" \/>\n<meta property=\"og:locale\" content=\"de_DE\" \/>\n<meta property=\"og:type\" content=\"article\" \/>\n<meta property=\"og:title\" content=\"Beratung &amp; Hilfsmittelversorgung\" \/>\n<meta property=\"og:description\" content=\"Beratung &amp; Hilfsmittelversorgung Kompetente Beratung durch Experten Nicht in allen F\u00e4llen gelingt es, eine Inkontinenz oder Funktionsst\u00f6rung des Harntraktes erfolgreich zu behandeln. Dennoch ist es bei nahezu jedem Betroffenem m\u00f6glich, eine Inkontinenz durch geeignete Hilfsmittel zu beherrschen und ihre Auswirkungen auf die Lebensqualit\u00e4t zu mindern. \u201eKontinenzhilfsmittel\u201c steht dabei als Sammelbegriff f\u00fcr harnableitende, harnauffangende und harnaufsaugende [&hellip;]\" \/>\n<meta property=\"og:url\" content=\"https:\/\/www.kontinenzzentrum.ch\/de\/untersuchung-und-therapie\/konservative-therapieverfahren\/beratung-und-hilfsmittelversorgung.html\" \/>\n<meta property=\"og:site_name\" content=\"KontinenzZentrum\" \/>\n<meta property=\"article:modified_time\" content=\"2023-03-13T09:49:22+00:00\" \/>\n<meta property=\"og:image\" content=\"https:\/\/www.kontinenzzentrum.ch\/wp-content\/uploads\/kompetenz-beckenboden-213163.jpeg\" \/>\n\t<meta property=\"og:image:width\" content=\"1920\" \/>\n\t<meta property=\"og:image:height\" content=\"450\" \/>\n\t<meta property=\"og:image:type\" content=\"image\/jpeg\" \/>\n<meta name=\"twitter:card\" content=\"summary_large_image\" \/>\n<meta name=\"twitter:label1\" content=\"Gesch\u00e4tzte Lesezeit\" \/>\n\t<meta name=\"twitter:data1\" content=\"2\u00a0Minuten\" \/>\n<script type=\"application\/ld+json\" class=\"yoast-schema-graph\">{\"@context\":\"https:\/\/schema.org\",\"@graph\":[{\"@type\":\"WebPage\",\"@id\":\"https:\/\/www.kontinenzzentrum.ch\/de\/untersuchung-und-therapie\/konservative-therapieverfahren\/beratung-und-hilfsmittelversorgung.html\",\"url\":\"https:\/\/www.kontinenzzentrum.ch\/de\/untersuchung-und-therapie\/konservative-therapieverfahren\/beratung-und-hilfsmittelversorgung.html\",\"name\":\"Beratung & Hilfsmittelversorgung\",\"isPartOf\":{\"@id\":\"https:\/\/www.kontinenzzentrum.ch\/de\/#website\"},\"primaryImageOfPage\":{\"@id\":\"https:\/\/www.kontinenzzentrum.ch\/de\/untersuchung-und-therapie\/konservative-therapieverfahren\/beratung-und-hilfsmittelversorgung.html#primaryimage\"},\"image\":{\"@id\":\"https:\/\/www.kontinenzzentrum.ch\/de\/untersuchung-und-therapie\/konservative-therapieverfahren\/beratung-und-hilfsmittelversorgung.html#primaryimage\"},\"thumbnailUrl\":\"https:\/\/www.kontinenzzentrum.ch\/wp-content\/uploads\/kompetenz-beckenboden-213163.jpeg\",\"datePublished\":\"2023-03-01T15:13:36+00:00\",\"dateModified\":\"2023-03-13T09:49:22+00:00\",\"breadcrumb\":{\"@id\":\"https:\/\/www.kontinenzzentrum.ch\/de\/untersuchung-und-therapie\/konservative-therapieverfahren\/beratung-und-hilfsmittelversorgung.html#breadcrumb\"},\"inLanguage\":\"de\",\"potentialAction\":[{\"@type\":\"ReadAction\",\"target\":[\"https:\/\/www.kontinenzzentrum.ch\/de\/untersuchung-und-therapie\/konservative-therapieverfahren\/beratung-und-hilfsmittelversorgung.html\"]}]},{\"@type\":\"ImageObject\",\"inLanguage\":\"de\",\"@id\":\"https:\/\/www.kontinenzzentrum.ch\/de\/untersuchung-und-therapie\/konservative-therapieverfahren\/beratung-und-hilfsmittelversorgung.html#primaryimage\",\"url\":\"https:\/\/www.kontinenzzentrum.ch\/wp-content\/uploads\/kompetenz-beckenboden-213163.jpeg\",\"contentUrl\":\"https:\/\/www.kontinenzzentrum.ch\/wp-content\/uploads\/kompetenz-beckenboden-213163.jpeg\",\"width\":1920,\"height\":450},{\"@type\":\"BreadcrumbList\",\"@id\":\"https:\/\/www.kontinenzzentrum.ch\/de\/untersuchung-und-therapie\/konservative-therapieverfahren\/beratung-und-hilfsmittelversorgung.html#breadcrumb\",\"itemListElement\":[{\"@type\":\"ListItem\",\"position\":1,\"name\":\"Startseite\",\"item\":\"https:\/\/www.kontinenzzentrum.ch\/de\"},{\"@type\":\"ListItem\",\"position\":2,\"name\":\"Untersuchung &#038; Therapie\",\"item\":\"https:\/\/www.kontinenzzentrum.ch\/de\/untersuchung-und-therapie.html\"},{\"@type\":\"ListItem\",\"position\":3,\"name\":\"Konservative Therapieverfahren\",\"item\":\"https:\/\/www.kontinenzzentrum.ch\/de\/untersuchung-und-therapie\/konservative-therapieverfahren.html\"},{\"@type\":\"ListItem\",\"position\":4,\"name\":\"Beratung &#038; Hilfsmittelversorgung\"}]},{\"@type\":\"WebSite\",\"@id\":\"https:\/\/www.kontinenzzentrum.ch\/de\/#website\",\"url\":\"https:\/\/www.kontinenzzentrum.ch\/de\/\",\"name\":\"KontinenzZentrum Hirslanden Z\u00fcrich\",\"description\":\"KontinenzZentrum Hirslanden Z\u00fcrich: Blasenst\u00f6rungen & Inkontinenz\",\"publisher\":{\"@id\":\"https:\/\/www.kontinenzzentrum.ch\/de\/#organization\"},\"potentialAction\":[{\"@type\":\"SearchAction\",\"target\":{\"@type\":\"EntryPoint\",\"urlTemplate\":\"https:\/\/www.kontinenzzentrum.ch\/de\/?s={search_term_string}\"},\"query-input\":{\"@type\":\"PropertyValueSpecification\",\"valueRequired\":true,\"valueName\":\"search_term_string\"}}],\"inLanguage\":\"de\"},{\"@type\":\"Organization\",\"@id\":\"https:\/\/www.kontinenzzentrum.ch\/de\/#organization\",\"name\":\"KontinenzZentrum Hirslanden Z\u00fcrich\",\"url\":\"https:\/\/www.kontinenzzentrum.ch\/de\/\",\"logo\":{\"@type\":\"ImageObject\",\"inLanguage\":\"de\",\"@id\":\"https:\/\/www.kontinenzzentrum.ch\/de\/#\/schema\/logo\/image\/\",\"url\":\"https:\/\/www.kontinenzzentrum.ch\/wp-content\/uploads\/Logo_KontinenzZentrum.png\",\"contentUrl\":\"https:\/\/www.kontinenzzentrum.ch\/wp-content\/uploads\/Logo_KontinenzZentrum.png\",\"width\":800,\"height\":142,\"caption\":\"KontinenzZentrum Hirslanden Z\u00fcrich\"},\"image\":{\"@id\":\"https:\/\/www.kontinenzzentrum.ch\/de\/#\/schema\/logo\/image\/\"}}]}<\/script>\n<!-- \/ Yoast SEO plugin. -->","yoast_head_json":{"title":"Beratung & Hilfsmittelversorgung","robots":{"index":"index","follow":"follow","max-snippet":"max-snippet:-1","max-image-preview":"max-image-preview:large","max-video-preview":"max-video-preview:-1"},"canonical":"https:\/\/www.kontinenzzentrum.ch\/de\/untersuchung-und-therapie\/konservative-therapieverfahren\/beratung-und-hilfsmittelversorgung.html","og_locale":"de_DE","og_type":"article","og_title":"Beratung & Hilfsmittelversorgung","og_description":"Beratung &amp; Hilfsmittelversorgung Kompetente Beratung durch Experten Nicht in allen F\u00e4llen gelingt es, eine Inkontinenz oder Funktionsst\u00f6rung des Harntraktes erfolgreich zu behandeln. Dennoch ist es bei nahezu jedem Betroffenem m\u00f6glich, eine Inkontinenz durch geeignete Hilfsmittel zu beherrschen und ihre Auswirkungen auf die Lebensqualit\u00e4t zu mindern. \u201eKontinenzhilfsmittel\u201c steht dabei als Sammelbegriff f\u00fcr harnableitende, harnauffangende und harnaufsaugende [&hellip;]","og_url":"https:\/\/www.kontinenzzentrum.ch\/de\/untersuchung-und-therapie\/konservative-therapieverfahren\/beratung-und-hilfsmittelversorgung.html","og_site_name":"KontinenzZentrum","article_modified_time":"2023-03-13T09:49:22+00:00","og_image":[{"width":1920,"height":450,"url":"https:\/\/www.kontinenzzentrum.ch\/wp-content\/uploads\/kompetenz-beckenboden-213163.jpeg","type":"image\/jpeg"}],"twitter_card":"summary_large_image","twitter_misc":{"Gesch\u00e4tzte Lesezeit":"2\u00a0Minuten"},"schema":{"@context":"https:\/\/schema.org","@graph":[{"@type":"WebPage","@id":"https:\/\/www.kontinenzzentrum.ch\/de\/untersuchung-und-therapie\/konservative-therapieverfahren\/beratung-und-hilfsmittelversorgung.html","url":"https:\/\/www.kontinenzzentrum.ch\/de\/untersuchung-und-therapie\/konservative-therapieverfahren\/beratung-und-hilfsmittelversorgung.html","name":"Beratung & Hilfsmittelversorgung","isPartOf":{"@id":"https:\/\/www.kontinenzzentrum.ch\/de\/#website"},"primaryImageOfPage":{"@id":"https:\/\/www.kontinenzzentrum.ch\/de\/untersuchung-und-therapie\/konservative-therapieverfahren\/beratung-und-hilfsmittelversorgung.html#primaryimage"},"image":{"@id":"https:\/\/www.kontinenzzentrum.ch\/de\/untersuchung-und-therapie\/konservative-therapieverfahren\/beratung-und-hilfsmittelversorgung.html#primaryimage"},"thumbnailUrl":"https:\/\/www.kontinenzzentrum.ch\/wp-content\/uploads\/kompetenz-beckenboden-213163.jpeg","datePublished":"2023-03-01T15:13:36+00:00","dateModified":"2023-03-13T09:49:22+00:00","breadcrumb":{"@id":"https:\/\/www.kontinenzzentrum.ch\/de\/untersuchung-und-therapie\/konservative-therapieverfahren\/beratung-und-hilfsmittelversorgung.html#breadcrumb"},"inLanguage":"de","potentialAction":[{"@type":"ReadAction","target":["https:\/\/www.kontinenzzentrum.ch\/de\/untersuchung-und-therapie\/konservative-therapieverfahren\/beratung-und-hilfsmittelversorgung.html"]}]},{"@type":"ImageObject","inLanguage":"de","@id":"https:\/\/www.kontinenzzentrum.ch\/de\/untersuchung-und-therapie\/konservative-therapieverfahren\/beratung-und-hilfsmittelversorgung.html#primaryimage","url":"https:\/\/www.kontinenzzentrum.ch\/wp-content\/uploads\/kompetenz-beckenboden-213163.jpeg","contentUrl":"https:\/\/www.kontinenzzentrum.ch\/wp-content\/uploads\/kompetenz-beckenboden-213163.jpeg","width":1920,"height":450},{"@type":"BreadcrumbList","@id":"https:\/\/www.kontinenzzentrum.ch\/de\/untersuchung-und-therapie\/konservative-therapieverfahren\/beratung-und-hilfsmittelversorgung.html#breadcrumb","itemListElement":[{"@type":"ListItem","position":1,"name":"Startseite","item":"https:\/\/www.kontinenzzentrum.ch\/de"},{"@type":"ListItem","position":2,"name":"Untersuchung &#038; Therapie","item":"https:\/\/www.kontinenzzentrum.ch\/de\/untersuchung-und-therapie.html"},{"@type":"ListItem","position":3,"name":"Konservative Therapieverfahren","item":"https:\/\/www.kontinenzzentrum.ch\/de\/untersuchung-und-therapie\/konservative-therapieverfahren.html"},{"@type":"ListItem","position":4,"name":"Beratung &#038; Hilfsmittelversorgung"}]},{"@type":"WebSite","@id":"https:\/\/www.kontinenzzentrum.ch\/de\/#website","url":"https:\/\/www.kontinenzzentrum.ch\/de\/","name":"KontinenzZentrum Hirslanden Z\u00fcrich","description":"KontinenzZentrum Hirslanden Z\u00fcrich: Blasenst\u00f6rungen & Inkontinenz","publisher":{"@id":"https:\/\/www.kontinenzzentrum.ch\/de\/#organization"},"potentialAction":[{"@type":"SearchAction","target":{"@type":"EntryPoint","urlTemplate":"https:\/\/www.kontinenzzentrum.ch\/de\/?s={search_term_string}"},"query-input":{"@type":"PropertyValueSpecification","valueRequired":true,"valueName":"search_term_string"}}],"inLanguage":"de"},{"@type":"Organization","@id":"https:\/\/www.kontinenzzentrum.ch\/de\/#organization","name":"KontinenzZentrum Hirslanden Z\u00fcrich","url":"https:\/\/www.kontinenzzentrum.ch\/de\/","logo":{"@type":"ImageObject","inLanguage":"de","@id":"https:\/\/www.kontinenzzentrum.ch\/de\/#\/schema\/logo\/image\/","url":"https:\/\/www.kontinenzzentrum.ch\/wp-content\/uploads\/Logo_KontinenzZentrum.png","contentUrl":"https:\/\/www.kontinenzzentrum.ch\/wp-content\/uploads\/Logo_KontinenzZentrum.png","width":800,"height":142,"caption":"KontinenzZentrum Hirslanden Z\u00fcrich"},"image":{"@id":"https:\/\/www.kontinenzzentrum.ch\/de\/#\/schema\/logo\/image\/"}}]}},"_links":{"self":[{"href":"https:\/\/www.kontinenzzentrum.ch\/de\/wp-json\/wp\/v2\/pages\/1317","targetHints":{"allow":["GET"]}}],"collection":[{"href":"https:\/\/www.kontinenzzentrum.ch\/de\/wp-json\/wp\/v2\/pages"}],"about":[{"href":"https:\/\/www.kontinenzzentrum.ch\/de\/wp-json\/wp\/v2\/types\/page"}],"author":[{"embeddable":true,"href":"https:\/\/www.kontinenzzentrum.ch\/de\/wp-json\/wp\/v2\/users\/1"}],"replies":[{"embeddable":true,"href":"https:\/\/www.kontinenzzentrum.ch\/de\/wp-json\/wp\/v2\/comments?post=1317"}],"version-history":[{"count":4,"href":"https:\/\/www.kontinenzzentrum.ch\/de\/wp-json\/wp\/v2\/pages\/1317\/revisions"}],"predecessor-version":[{"id":2135,"href":"https:\/\/www.kontinenzzentrum.ch\/de\/wp-json\/wp\/v2\/pages\/1317\/revisions\/2135"}],"up":[{"embeddable":true,"href":"https:\/\/www.kontinenzzentrum.ch\/de\/wp-json\/wp\/v2\/pages\/1311"}],"wp:featuredmedia":[{"embeddable":true,"href":"https:\/\/www.kontinenzzentrum.ch\/de\/wp-json\/wp\/v2\/media\/1318"}],"wp:attachment":[{"href":"https:\/\/www.kontinenzzentrum.ch\/de\/wp-json\/wp\/v2\/media?parent=1317"}],"curies":[{"name":"wp","href":"https:\/\/api.w.org\/{rel}","templated":true}]}}