{"id":1323,"date":"2023-03-01T16:16:46","date_gmt":"2023-03-01T15:16:46","guid":{"rendered":"https:\/\/www.kontinenzzentrum.ch\/?page_id=1323"},"modified":"2025-12-02T14:43:21","modified_gmt":"2025-12-02T13:43:21","slug":"emda-unterstuetzte-instillationstherapie","status":"publish","type":"page","link":"https:\/\/www.kontinenzzentrum.ch\/de\/untersuchung-und-therapie\/konservative-therapieverfahren\/emda-unterstuetzte-instillationstherapie.html","title":{"rendered":"EMDA-unterst\u00fctzte Instillationstherapie"},"content":{"rendered":"<div id=\"pl-1323\"  class=\"panel-layout\" ><div id=\"pg-1323-0\"  class=\"panel-grid panel-no-style\" ><div id=\"pgc-1323-0-0\"  class=\"panel-grid-cell\" ><div id=\"panel-1323-0-0-0\" class=\"so-panel widget widget_sow-editor panel-first-child panel-last-child\" data-index=\"0\" ><div\n\t\t\t\n\t\t\tclass=\"so-widget-sow-editor so-widget-sow-editor-base\"\n\t\t\t\n\t\t>\n<div class=\"siteorigin-widget-tinymce textwidget\">\n\t<h1>EMDA-unterst\u00fctzte Instillationstherapie<\/h1>\n<h2>Elektromotorisch unterst\u00fctzte Installation von Medikamente in die Blase<\/h2>\n<p>Bei der zuvor beschriebenen konventionellen Instillation von Arzneimitteln in die Harnblase beruht die Wirkung allein auf einer passiven Diffusion der Wirksubstanzen aus dem Inneren der Blase in die Blasenwand, wobei die Wirkung in der Regel nur die Schleimhaut der Blase erreicht. Bei vielen Substanzen w\u00e4re jedoch f\u00fcr eine bessere Wirksamkeit eine tiefere Infiltration der Blasewand erw\u00fcnscht.<\/p>\n<p>F\u00fcr diesen Zweck steht die sogenannte Elektromotorische Instillationsbehandlung zur Verf\u00fcgung. Das Wirkprinzip basiert auf der Iontophorese, einem durch ein elektrisches Feld beg\u00fcnstigten aktiven Transport von ionisierten Molek\u00fclen in ein Gewebe. Ferner findet auch das Prinzip der Elektrophorese Anwendung, bei dem der Transport von ionisierten oder nicht-ionisierten Molek\u00fclen durch Bindung an ein hydratisiertes Tr\u00e4germolek\u00fcl erfolgt. Mit Hilfe der Elektromotorischen Instillationsbehandlung k\u00f6nnen wasserl\u00f6sliche Arzneimittel in tiefere Schichten der Blasenwand transportiert werden und dort ihre Wirkung entfalten. F\u00fcr die Behandlung wird ein elektrisches Feld aufgebaut, f\u00fcr das ein positiver und ein negativer Pol angelegt werden.<\/p>\n<p>Der negative Pol befindet sich auf der Bauchdecke, dort werden mit einem Kontaktgel zwei Elektroden befestigt. Der positive Pol auf der Spitze eines in die Blase eingelegten Spezialkatheters, \u00fcber den das zu gew\u00fcnschte Medikament zusammen mit einer Salzl\u00f6sung in die Blase eingetr\u00e4ufelt wird. Zwischen diesen beiden unterschiedlich geladenen Polen wird nun elektrisches Feld angelegt, welches dann w\u00e4hrend der Behandlungsdauer von 20 bis 30 Minuten daf\u00fcr sorgt, dass die wirksame Substanz in die tiefen Schichten der Blasenwand aufgenommen wird und dort ihre Wirksamkeit einfaltet. Eine Vielzahl von Arzneimitteln kann mit der Elektromotorischen Instillationsbehandlung appliziert werden, so etwa lokale Bet\u00e4ubungsmittel oder verschiedene Wirkstoffe zur Behandlung einer interstitiellen Zystitis. In einem Behandlungszyklus werden in der Regel zwei oder drei Anwendungen im Abstand von zwei Wochen durchgef\u00fchrt und dann die Wirkung abgesch\u00e4tzt. Gerade f\u00fcr die Therapie der interstitiellen Zystitis scheint die Elektromotorische Instillationsbehandlung besonders geeignet. Es stehen mehrere Behandlungskonzepte zur Verf\u00fcgung, die jeweils aus einer lokal an\u00e4sthesierenden und einer behandelnden Phase bestehen.<\/p>\n<p>In der therapeutischen Stufe finden Pentosan, Heparin oder Dexamethason Verwendung, die positive Wirkung dieser Behandlung auf die Symptome einer interstitiellen Zystitis wurde durch eine Reihe von Studien belegt.<\/p>\n<\/div>\n<\/div><\/div><\/div><\/div><div id=\"pg-1323-1\"  class=\"panel-grid panel-no-style\" ><div id=\"pgc-1323-1-0\"  class=\"panel-grid-cell\" ><div id=\"panel-1323-1-0-0\" class=\"so-panel widget widget_fn-info-box-widget panel-first-child panel-last-child\" data-index=\"1\" ><div\n\t\t\t\n\t\t\tclass=\"so-widget-fn-info-box-widget so-widget-fn-info-box-widget-base\"\n\t\t\t\n\t\t><div class=\"uk-child-width-1-1 uk-grid-match\" uk-grid><div>\n        <div class=\"fn-info-box-title\">\n          <div class=\"uk-grid-small\" uk-grid>            <div class=\"uk-width-auto\"><img decoding=\"async\" src=\"https:\/\/www.kontinenzzentrum.ch\/wp-content\/uploads\/ICON_kontakt.svg\" class=\"attachment-small size-small\" alt=\"\" \/>            <\/div>            <div class=\"uk-width-expand\">\n              <h4 class=\"uk-h3\">Lassen Sie sich von uns beraten!<\/h4>\n            <\/div>\n          <\/div>\n        <\/div>\n        <div class=\"fn-info-box-content\">\n              <p>Leiden Sie unter wiederkehrenden Blasenbeschwerden oder wurde bei Ihnen eine chronische Entz\u00fcndung der Blase festgestellt? Wir zeigen Ihnen, wann eine EMDA unterst\u00fctzte Instillationstherapie sinnvoll ist, wie die Behandlung abl\u00e4uft und welche Ergebnisse Sie erwarten k\u00f6nnen.<\/p>\n<p><div class=\"uk-flex uk-child-width-auto uk-grid-small\" uk-grid><div><a class=\"uk-button uk-button-primary\" href=\"tel:+41443872910\"><i class=\"fas fa-phone-alt uk-margin-small-right\"><\/i>+41 44 387 29 10<\/a><\/div><div><a class=\"uk-button uk-button-primary\" href=\"https:\/\/www.kontinenzzentrum.ch\/de\/ueber-uns\/termin.html\"><i class=\"fas fa-comments uk-margin-small-right\"><\/i>Online Terminvereinbarung<\/a><\/div><\/div><\/p>\n        <\/div>\n      <\/div><\/div><\/div><\/div><\/div><\/div><\/div>","protected":false},"excerpt":{"rendered":"<p>EMDA-unterst\u00fctzte Instillationstherapie Elektromotorisch unterst\u00fctzte Installation von Medikamente in die Blase Bei der zuvor beschriebenen konventionellen Instillation von Arzneimitteln in die Harnblase beruht die Wirkung allein auf einer passiven Diffusion der Wirksubstanzen aus dem Inneren der Blase in die Blasenwand, wobei die Wirkung in der Regel nur die Schleimhaut der Blase erreicht. Bei vielen Substanzen w\u00e4re [&hellip;]<\/p>\n","protected":false},"author":1,"featured_media":1324,"parent":1311,"menu_order":0,"comment_status":"closed","ping_status":"closed","template":"","meta":{"_acf_changed":false,"footnotes":""},"class_list":["post-1323","page","type-page","status-publish","has-post-thumbnail","hentry"],"acf":[],"yoast_head":"<!-- This site is optimized with the Yoast SEO plugin v26.9 - https:\/\/yoast.com\/product\/yoast-seo-wordpress\/ -->\n<title>Elektomotorisch unterst\u00fctzte Instillationstherapie<\/title>\n<meta name=\"robots\" content=\"index, follow, max-snippet:-1, max-image-preview:large, max-video-preview:-1\" \/>\n<link rel=\"canonical\" href=\"https:\/\/www.kontinenzzentrum.ch\/de\/untersuchung-und-therapie\/konservative-therapieverfahren\/emda-unterstuetzte-instillationstherapie.html\" \/>\n<meta property=\"og:locale\" content=\"de_DE\" \/>\n<meta property=\"og:type\" content=\"article\" \/>\n<meta property=\"og:title\" content=\"Elektomotorisch unterst\u00fctzte Instillationstherapie\" \/>\n<meta property=\"og:description\" content=\"EMDA-unterst\u00fctzte Instillationstherapie Elektromotorisch unterst\u00fctzte Installation von Medikamente in die Blase Bei der zuvor beschriebenen konventionellen Instillation von Arzneimitteln in die Harnblase beruht die Wirkung allein auf einer passiven Diffusion der Wirksubstanzen aus dem Inneren der Blase in die Blasenwand, wobei die Wirkung in der Regel nur die Schleimhaut der Blase erreicht. Bei vielen Substanzen w\u00e4re [&hellip;]\" \/>\n<meta property=\"og:url\" content=\"https:\/\/www.kontinenzzentrum.ch\/de\/untersuchung-und-therapie\/konservative-therapieverfahren\/emda-unterstuetzte-instillationstherapie.html\" \/>\n<meta property=\"og:site_name\" content=\"KontinenzZentrum\" \/>\n<meta property=\"article:modified_time\" content=\"2025-12-02T13:43:21+00:00\" \/>\n<meta property=\"og:image\" content=\"https:\/\/www.kontinenzzentrum.ch\/wp-content\/uploads\/kompetenz-beckenschmerz-213559.jpeg\" \/>\n\t<meta property=\"og:image:width\" content=\"1920\" \/>\n\t<meta property=\"og:image:height\" content=\"450\" \/>\n\t<meta property=\"og:image:type\" content=\"image\/jpeg\" \/>\n<meta name=\"twitter:card\" content=\"summary_large_image\" \/>\n<meta name=\"twitter:label1\" content=\"Gesch\u00e4tzte Lesezeit\" \/>\n\t<meta name=\"twitter:data1\" content=\"3\u00a0Minuten\" \/>\n<script type=\"application\/ld+json\" class=\"yoast-schema-graph\">{\"@context\":\"https:\/\/schema.org\",\"@graph\":[{\"@type\":\"WebPage\",\"@id\":\"https:\/\/www.kontinenzzentrum.ch\/de\/untersuchung-und-therapie\/konservative-therapieverfahren\/emda-unterstuetzte-instillationstherapie.html\",\"url\":\"https:\/\/www.kontinenzzentrum.ch\/de\/untersuchung-und-therapie\/konservative-therapieverfahren\/emda-unterstuetzte-instillationstherapie.html\",\"name\":\"Elektomotorisch unterst\u00fctzte Instillationstherapie\",\"isPartOf\":{\"@id\":\"https:\/\/www.kontinenzzentrum.ch\/de\/#website\"},\"primaryImageOfPage\":{\"@id\":\"https:\/\/www.kontinenzzentrum.ch\/de\/untersuchung-und-therapie\/konservative-therapieverfahren\/emda-unterstuetzte-instillationstherapie.html#primaryimage\"},\"image\":{\"@id\":\"https:\/\/www.kontinenzzentrum.ch\/de\/untersuchung-und-therapie\/konservative-therapieverfahren\/emda-unterstuetzte-instillationstherapie.html#primaryimage\"},\"thumbnailUrl\":\"https:\/\/www.kontinenzzentrum.ch\/wp-content\/uploads\/kompetenz-beckenschmerz-213559.jpeg\",\"datePublished\":\"2023-03-01T15:16:46+00:00\",\"dateModified\":\"2025-12-02T13:43:21+00:00\",\"breadcrumb\":{\"@id\":\"https:\/\/www.kontinenzzentrum.ch\/de\/untersuchung-und-therapie\/konservative-therapieverfahren\/emda-unterstuetzte-instillationstherapie.html#breadcrumb\"},\"inLanguage\":\"de\",\"potentialAction\":[{\"@type\":\"ReadAction\",\"target\":[\"https:\/\/www.kontinenzzentrum.ch\/de\/untersuchung-und-therapie\/konservative-therapieverfahren\/emda-unterstuetzte-instillationstherapie.html\"]}]},{\"@type\":\"ImageObject\",\"inLanguage\":\"de\",\"@id\":\"https:\/\/www.kontinenzzentrum.ch\/de\/untersuchung-und-therapie\/konservative-therapieverfahren\/emda-unterstuetzte-instillationstherapie.html#primaryimage\",\"url\":\"https:\/\/www.kontinenzzentrum.ch\/wp-content\/uploads\/kompetenz-beckenschmerz-213559.jpeg\",\"contentUrl\":\"https:\/\/www.kontinenzzentrum.ch\/wp-content\/uploads\/kompetenz-beckenschmerz-213559.jpeg\",\"width\":1920,\"height\":450},{\"@type\":\"BreadcrumbList\",\"@id\":\"https:\/\/www.kontinenzzentrum.ch\/de\/untersuchung-und-therapie\/konservative-therapieverfahren\/emda-unterstuetzte-instillationstherapie.html#breadcrumb\",\"itemListElement\":[{\"@type\":\"ListItem\",\"position\":1,\"name\":\"Startseite\",\"item\":\"https:\/\/www.kontinenzzentrum.ch\/de\"},{\"@type\":\"ListItem\",\"position\":2,\"name\":\"Untersuchung &#038; Therapie\",\"item\":\"https:\/\/www.kontinenzzentrum.ch\/de\/untersuchung-und-therapie.html\"},{\"@type\":\"ListItem\",\"position\":3,\"name\":\"Konservative Therapieverfahren\",\"item\":\"https:\/\/www.kontinenzzentrum.ch\/de\/untersuchung-und-therapie\/konservative-therapieverfahren.html\"},{\"@type\":\"ListItem\",\"position\":4,\"name\":\"EMDA-unterst\u00fctzte Instillationstherapie\"}]},{\"@type\":\"WebSite\",\"@id\":\"https:\/\/www.kontinenzzentrum.ch\/de\/#website\",\"url\":\"https:\/\/www.kontinenzzentrum.ch\/de\/\",\"name\":\"KontinenzZentrum Hirslanden Z\u00fcrich\",\"description\":\"KontinenzZentrum Hirslanden Z\u00fcrich: Blasenst\u00f6rungen & Inkontinenz\",\"publisher\":{\"@id\":\"https:\/\/www.kontinenzzentrum.ch\/de\/#organization\"},\"potentialAction\":[{\"@type\":\"SearchAction\",\"target\":{\"@type\":\"EntryPoint\",\"urlTemplate\":\"https:\/\/www.kontinenzzentrum.ch\/de\/?s={search_term_string}\"},\"query-input\":{\"@type\":\"PropertyValueSpecification\",\"valueRequired\":true,\"valueName\":\"search_term_string\"}}],\"inLanguage\":\"de\"},{\"@type\":\"Organization\",\"@id\":\"https:\/\/www.kontinenzzentrum.ch\/de\/#organization\",\"name\":\"KontinenzZentrum Hirslanden Z\u00fcrich\",\"url\":\"https:\/\/www.kontinenzzentrum.ch\/de\/\",\"logo\":{\"@type\":\"ImageObject\",\"inLanguage\":\"de\",\"@id\":\"https:\/\/www.kontinenzzentrum.ch\/de\/#\/schema\/logo\/image\/\",\"url\":\"https:\/\/www.kontinenzzentrum.ch\/wp-content\/uploads\/Logo_KontinenzZentrum.png\",\"contentUrl\":\"https:\/\/www.kontinenzzentrum.ch\/wp-content\/uploads\/Logo_KontinenzZentrum.png\",\"width\":800,\"height\":142,\"caption\":\"KontinenzZentrum Hirslanden Z\u00fcrich\"},\"image\":{\"@id\":\"https:\/\/www.kontinenzzentrum.ch\/de\/#\/schema\/logo\/image\/\"}}]}<\/script>\n<!-- \/ Yoast SEO plugin. -->","yoast_head_json":{"title":"Elektomotorisch unterst\u00fctzte Instillationstherapie","robots":{"index":"index","follow":"follow","max-snippet":"max-snippet:-1","max-image-preview":"max-image-preview:large","max-video-preview":"max-video-preview:-1"},"canonical":"https:\/\/www.kontinenzzentrum.ch\/de\/untersuchung-und-therapie\/konservative-therapieverfahren\/emda-unterstuetzte-instillationstherapie.html","og_locale":"de_DE","og_type":"article","og_title":"Elektomotorisch unterst\u00fctzte Instillationstherapie","og_description":"EMDA-unterst\u00fctzte Instillationstherapie Elektromotorisch unterst\u00fctzte Installation von Medikamente in die Blase Bei der zuvor beschriebenen konventionellen Instillation von Arzneimitteln in die Harnblase beruht die Wirkung allein auf einer passiven Diffusion der Wirksubstanzen aus dem Inneren der Blase in die Blasenwand, wobei die Wirkung in der Regel nur die Schleimhaut der Blase erreicht. Bei vielen Substanzen w\u00e4re [&hellip;]","og_url":"https:\/\/www.kontinenzzentrum.ch\/de\/untersuchung-und-therapie\/konservative-therapieverfahren\/emda-unterstuetzte-instillationstherapie.html","og_site_name":"KontinenzZentrum","article_modified_time":"2025-12-02T13:43:21+00:00","og_image":[{"width":1920,"height":450,"url":"https:\/\/www.kontinenzzentrum.ch\/wp-content\/uploads\/kompetenz-beckenschmerz-213559.jpeg","type":"image\/jpeg"}],"twitter_card":"summary_large_image","twitter_misc":{"Gesch\u00e4tzte Lesezeit":"3\u00a0Minuten"},"schema":{"@context":"https:\/\/schema.org","@graph":[{"@type":"WebPage","@id":"https:\/\/www.kontinenzzentrum.ch\/de\/untersuchung-und-therapie\/konservative-therapieverfahren\/emda-unterstuetzte-instillationstherapie.html","url":"https:\/\/www.kontinenzzentrum.ch\/de\/untersuchung-und-therapie\/konservative-therapieverfahren\/emda-unterstuetzte-instillationstherapie.html","name":"Elektomotorisch unterst\u00fctzte Instillationstherapie","isPartOf":{"@id":"https:\/\/www.kontinenzzentrum.ch\/de\/#website"},"primaryImageOfPage":{"@id":"https:\/\/www.kontinenzzentrum.ch\/de\/untersuchung-und-therapie\/konservative-therapieverfahren\/emda-unterstuetzte-instillationstherapie.html#primaryimage"},"image":{"@id":"https:\/\/www.kontinenzzentrum.ch\/de\/untersuchung-und-therapie\/konservative-therapieverfahren\/emda-unterstuetzte-instillationstherapie.html#primaryimage"},"thumbnailUrl":"https:\/\/www.kontinenzzentrum.ch\/wp-content\/uploads\/kompetenz-beckenschmerz-213559.jpeg","datePublished":"2023-03-01T15:16:46+00:00","dateModified":"2025-12-02T13:43:21+00:00","breadcrumb":{"@id":"https:\/\/www.kontinenzzentrum.ch\/de\/untersuchung-und-therapie\/konservative-therapieverfahren\/emda-unterstuetzte-instillationstherapie.html#breadcrumb"},"inLanguage":"de","potentialAction":[{"@type":"ReadAction","target":["https:\/\/www.kontinenzzentrum.ch\/de\/untersuchung-und-therapie\/konservative-therapieverfahren\/emda-unterstuetzte-instillationstherapie.html"]}]},{"@type":"ImageObject","inLanguage":"de","@id":"https:\/\/www.kontinenzzentrum.ch\/de\/untersuchung-und-therapie\/konservative-therapieverfahren\/emda-unterstuetzte-instillationstherapie.html#primaryimage","url":"https:\/\/www.kontinenzzentrum.ch\/wp-content\/uploads\/kompetenz-beckenschmerz-213559.jpeg","contentUrl":"https:\/\/www.kontinenzzentrum.ch\/wp-content\/uploads\/kompetenz-beckenschmerz-213559.jpeg","width":1920,"height":450},{"@type":"BreadcrumbList","@id":"https:\/\/www.kontinenzzentrum.ch\/de\/untersuchung-und-therapie\/konservative-therapieverfahren\/emda-unterstuetzte-instillationstherapie.html#breadcrumb","itemListElement":[{"@type":"ListItem","position":1,"name":"Startseite","item":"https:\/\/www.kontinenzzentrum.ch\/de"},{"@type":"ListItem","position":2,"name":"Untersuchung &#038; Therapie","item":"https:\/\/www.kontinenzzentrum.ch\/de\/untersuchung-und-therapie.html"},{"@type":"ListItem","position":3,"name":"Konservative Therapieverfahren","item":"https:\/\/www.kontinenzzentrum.ch\/de\/untersuchung-und-therapie\/konservative-therapieverfahren.html"},{"@type":"ListItem","position":4,"name":"EMDA-unterst\u00fctzte Instillationstherapie"}]},{"@type":"WebSite","@id":"https:\/\/www.kontinenzzentrum.ch\/de\/#website","url":"https:\/\/www.kontinenzzentrum.ch\/de\/","name":"KontinenzZentrum Hirslanden Z\u00fcrich","description":"KontinenzZentrum Hirslanden Z\u00fcrich: Blasenst\u00f6rungen & Inkontinenz","publisher":{"@id":"https:\/\/www.kontinenzzentrum.ch\/de\/#organization"},"potentialAction":[{"@type":"SearchAction","target":{"@type":"EntryPoint","urlTemplate":"https:\/\/www.kontinenzzentrum.ch\/de\/?s={search_term_string}"},"query-input":{"@type":"PropertyValueSpecification","valueRequired":true,"valueName":"search_term_string"}}],"inLanguage":"de"},{"@type":"Organization","@id":"https:\/\/www.kontinenzzentrum.ch\/de\/#organization","name":"KontinenzZentrum Hirslanden Z\u00fcrich","url":"https:\/\/www.kontinenzzentrum.ch\/de\/","logo":{"@type":"ImageObject","inLanguage":"de","@id":"https:\/\/www.kontinenzzentrum.ch\/de\/#\/schema\/logo\/image\/","url":"https:\/\/www.kontinenzzentrum.ch\/wp-content\/uploads\/Logo_KontinenzZentrum.png","contentUrl":"https:\/\/www.kontinenzzentrum.ch\/wp-content\/uploads\/Logo_KontinenzZentrum.png","width":800,"height":142,"caption":"KontinenzZentrum Hirslanden Z\u00fcrich"},"image":{"@id":"https:\/\/www.kontinenzzentrum.ch\/de\/#\/schema\/logo\/image\/"}}]}},"_links":{"self":[{"href":"https:\/\/www.kontinenzzentrum.ch\/de\/wp-json\/wp\/v2\/pages\/1323","targetHints":{"allow":["GET"]}}],"collection":[{"href":"https:\/\/www.kontinenzzentrum.ch\/de\/wp-json\/wp\/v2\/pages"}],"about":[{"href":"https:\/\/www.kontinenzzentrum.ch\/de\/wp-json\/wp\/v2\/types\/page"}],"author":[{"embeddable":true,"href":"https:\/\/www.kontinenzzentrum.ch\/de\/wp-json\/wp\/v2\/users\/1"}],"replies":[{"embeddable":true,"href":"https:\/\/www.kontinenzzentrum.ch\/de\/wp-json\/wp\/v2\/comments?post=1323"}],"version-history":[{"count":6,"href":"https:\/\/www.kontinenzzentrum.ch\/de\/wp-json\/wp\/v2\/pages\/1323\/revisions"}],"predecessor-version":[{"id":4778,"href":"https:\/\/www.kontinenzzentrum.ch\/de\/wp-json\/wp\/v2\/pages\/1323\/revisions\/4778"}],"up":[{"embeddable":true,"href":"https:\/\/www.kontinenzzentrum.ch\/de\/wp-json\/wp\/v2\/pages\/1311"}],"wp:featuredmedia":[{"embeddable":true,"href":"https:\/\/www.kontinenzzentrum.ch\/de\/wp-json\/wp\/v2\/media\/1324"}],"wp:attachment":[{"href":"https:\/\/www.kontinenzzentrum.ch\/de\/wp-json\/wp\/v2\/media?parent=1323"}],"curies":[{"name":"wp","href":"https:\/\/api.w.org\/{rel}","templated":true}]}}