{"id":1343,"date":"2023-03-01T16:43:31","date_gmt":"2023-03-01T15:43:31","guid":{"rendered":"https:\/\/www.kontinenzzentrum.ch\/?page_id=1343"},"modified":"2025-03-11T11:58:27","modified_gmt":"2025-03-11T10:58:27","slug":"funktionelle-stimulation-der-blase","status":"publish","type":"page","link":"https:\/\/www.kontinenzzentrum.ch\/de\/untersuchung-und-therapie\/konservative-therapieverfahren\/funktionelle-stimulation-der-blase.html","title":{"rendered":"Funktionelle Stimulation der Blase"},"content":{"rendered":"<div id=\"pl-1343\"  class=\"panel-layout\" ><div id=\"pg-1343-0\"  class=\"panel-grid panel-no-style\" ><div id=\"pgc-1343-0-0\"  class=\"panel-grid-cell\" ><div id=\"panel-1343-0-0-0\" class=\"so-panel widget widget_sow-editor panel-first-child panel-last-child\" data-index=\"0\" ><div\n\t\t\t\n\t\t\tclass=\"so-widget-sow-editor so-widget-sow-editor-base\"\n\t\t\t\n\t\t>\n<div class=\"siteorigin-widget-tinymce textwidget\">\n\t<h1>Funktionelle Stimulation des Blasenmuskels<\/h1>\n<h2>Stimulation der Blasenwand im elektrischen Feld<\/h2>\n<p>Bei der intravesikalen (im Inneren der Blase wirkenden) Stimulation handelt es sich um eine direkte elektrische Reizung des Blasenmuskels. F\u00fcr die Behandlung wird ein elektrisches Feld aufgebaut, f\u00fcr das ein positiver und ein negativer Pol angelegt werden. Der negative Pol befindet sich auf der Bauchdecke, dort werden mit einem Kontaktgel Elektroden auf der Haut befestigt. Der positive Pol ist auf der Spitze eines d\u00fcnnen, in die Blase eingelegten Spezialkatheters angebracht.<\/p>\n<p>Die Blase wird zun\u00e4chst mit der definierten Menge einer Kochsalzl\u00f6sung gef\u00fcllt. W\u00e4hrend der Behandlung wird die Muskulatur in der Blasenwand in einem elektrischen Feld trainiert. Die Stimulation selbst wird als ein Kribbeln wahrgenommen und ist nicht schmerzhaft. Die einzelne Behandlung dauert 20 min, in der Regel ist f\u00fcr eine nachhaltige Wirkung jedoch ein Behandlungszyklus von 12 bis 15 Sitzungen in einem Zeitraum von 6 bis 8 Wochen notwendig.<\/p>\n<p>Die Methode der intravesikalen Stimulation wird schon seit vielen Jahren erfolgreich bei\u00a0<strong>erschwerter und unvollst\u00e4ndiger Blasenentleerung<\/strong>\u00a0auf Grund eines schwachen Blasenmuskels angewendet.<\/p>\n<p>Die Trainingstherapie des Blasenmuskels unterst\u00fctzt sehr wirksam die Regeneration der Blasenfunktion. Die Stimulation sch\u00e4rft die Wahrnehmung der Blasenf\u00fcllung und des Harndrang, so dass die Entleerung leichter m\u00f6glich ist. Der im elektrischen Feld trainierte Muskel kann einen h\u00f6heren Druck zu Entleerung aufbringen und so die Blase wieder vollst\u00e4ndig entleeren.<\/p>\n<\/div>\n<\/div><\/div><\/div><\/div><div id=\"pg-1343-1\"  class=\"panel-grid panel-no-style\" ><div id=\"pgc-1343-1-0\"  class=\"panel-grid-cell\" ><div id=\"panel-1343-1-0-0\" class=\"so-panel widget widget_fn-info-box-widget panel-first-child panel-last-child\" data-index=\"1\" ><div\n\t\t\t\n\t\t\tclass=\"so-widget-fn-info-box-widget so-widget-fn-info-box-widget-base\"\n\t\t\t\n\t\t><div class=\"uk-child-width-1-1 uk-grid-match\" uk-grid><div>\n        <div class=\"fn-info-box-title\">\n          <div class=\"uk-grid-small\" uk-grid>            <div class=\"uk-width-auto\"><img decoding=\"async\" src=\"https:\/\/www.kontinenzzentrum.ch\/wp-content\/uploads\/ICON_kontakt.svg\" class=\"attachment-small size-small\" alt=\"\" \/>            <\/div>            <div class=\"uk-width-expand\">\n              <h4 class=\"uk-h3\">Kontaktieren Sie uns<\/h4>\n            <\/div>\n          <\/div>\n        <\/div>\n        <div class=\"fn-info-box-content\">\n              <p>Sie sind von Inkontinenz betroffen oder vermuten eine beginnende Blasenfunktionsst\u00f6rung? Informieren Sie sich jetzt \u00fcber Ihre individuellen Abkl\u00e4rungs- und Behandlungsm\u00f6glichkeiten.<\/p>\n<p>Sie erreichen unser KontinenzZentrum in Hirslanden, Z\u00fcrich telefonisch, <a href=\"mailto:kontinenzzentrum.hirslanden@hirslanden.ch\">per E-Mail<\/a> oder \u00fcber unser Kontaktformular.<\/p>\n<p><div class=\"uk-flex uk-child-width-auto uk-grid-small\" uk-grid><div><a class=\"uk-button uk-button-primary\" href=\"tel:+41443872910\"><i class=\"fas fa-phone-alt uk-margin-small-right\"><\/i>+41 44 387 29 10<\/a><\/div><div><a class=\"uk-button uk-button-primary\" href=\"https:\/\/www.kontinenzzentrum.ch\/de\/ueber-uns\/termin.html\"><i class=\"fas fa-comments uk-margin-small-right\"><\/i>Online Terminvereinbarung<\/a><\/div><\/div><\/p>\n        <\/div>\n      <\/div><\/div><\/div><\/div><\/div><\/div><\/div>","protected":false},"excerpt":{"rendered":"<p>Funktionelle Stimulation des Blasenmuskels Stimulation der Blasenwand im elektrischen Feld Bei der intravesikalen (im Inneren der Blase wirkenden) Stimulation handelt es sich um eine direkte elektrische Reizung des Blasenmuskels. F\u00fcr die Behandlung wird ein elektrisches Feld aufgebaut, f\u00fcr das ein positiver und ein negativer Pol angelegt werden. Der negative Pol befindet sich auf der Bauchdecke, [&hellip;]<\/p>\n","protected":false},"author":1,"featured_media":1335,"parent":1311,"menu_order":0,"comment_status":"closed","ping_status":"closed","template":"","meta":{"_acf_changed":false,"footnotes":""},"class_list":["post-1343","page","type-page","status-publish","has-post-thumbnail","hentry"],"acf":[],"yoast_head":"<!-- This site is optimized with the Yoast SEO plugin v26.9 - https:\/\/yoast.com\/product\/yoast-seo-wordpress\/ -->\n<title>Funktionelle Stimulation der Blase<\/title>\n<meta name=\"robots\" content=\"index, follow, max-snippet:-1, max-image-preview:large, max-video-preview:-1\" \/>\n<link rel=\"canonical\" href=\"https:\/\/www.kontinenzzentrum.ch\/de\/untersuchung-und-therapie\/konservative-therapieverfahren\/funktionelle-stimulation-der-blase.html\" \/>\n<meta property=\"og:locale\" content=\"de_DE\" \/>\n<meta property=\"og:type\" content=\"article\" \/>\n<meta property=\"og:title\" content=\"Funktionelle Stimulation der Blase\" \/>\n<meta property=\"og:description\" content=\"Funktionelle Stimulation des Blasenmuskels Stimulation der Blasenwand im elektrischen Feld Bei der intravesikalen (im Inneren der Blase wirkenden) Stimulation handelt es sich um eine direkte elektrische Reizung des Blasenmuskels. F\u00fcr die Behandlung wird ein elektrisches Feld aufgebaut, f\u00fcr das ein positiver und ein negativer Pol angelegt werden. Der negative Pol befindet sich auf der Bauchdecke, [&hellip;]\" \/>\n<meta property=\"og:url\" content=\"https:\/\/www.kontinenzzentrum.ch\/de\/untersuchung-und-therapie\/konservative-therapieverfahren\/funktionelle-stimulation-der-blase.html\" \/>\n<meta property=\"og:site_name\" content=\"KontinenzZentrum\" \/>\n<meta property=\"article:modified_time\" content=\"2025-03-11T10:58:27+00:00\" \/>\n<meta property=\"og:image\" content=\"https:\/\/www.kontinenzzentrum.ch\/wp-content\/uploads\/kompetenz-beckenboden-213163-1.jpeg\" \/>\n\t<meta property=\"og:image:width\" content=\"1920\" \/>\n\t<meta property=\"og:image:height\" content=\"450\" \/>\n\t<meta property=\"og:image:type\" content=\"image\/jpeg\" \/>\n<meta name=\"twitter:card\" content=\"summary_large_image\" \/>\n<meta name=\"twitter:label1\" content=\"Gesch\u00e4tzte Lesezeit\" \/>\n\t<meta name=\"twitter:data1\" content=\"2\u00a0Minuten\" \/>\n<script type=\"application\/ld+json\" class=\"yoast-schema-graph\">{\"@context\":\"https:\/\/schema.org\",\"@graph\":[{\"@type\":\"WebPage\",\"@id\":\"https:\/\/www.kontinenzzentrum.ch\/de\/untersuchung-und-therapie\/konservative-therapieverfahren\/funktionelle-stimulation-der-blase.html\",\"url\":\"https:\/\/www.kontinenzzentrum.ch\/de\/untersuchung-und-therapie\/konservative-therapieverfahren\/funktionelle-stimulation-der-blase.html\",\"name\":\"Funktionelle Stimulation der Blase\",\"isPartOf\":{\"@id\":\"https:\/\/www.kontinenzzentrum.ch\/de\/#website\"},\"primaryImageOfPage\":{\"@id\":\"https:\/\/www.kontinenzzentrum.ch\/de\/untersuchung-und-therapie\/konservative-therapieverfahren\/funktionelle-stimulation-der-blase.html#primaryimage\"},\"image\":{\"@id\":\"https:\/\/www.kontinenzzentrum.ch\/de\/untersuchung-und-therapie\/konservative-therapieverfahren\/funktionelle-stimulation-der-blase.html#primaryimage\"},\"thumbnailUrl\":\"https:\/\/www.kontinenzzentrum.ch\/wp-content\/uploads\/kompetenz-beckenboden-213163-1.jpeg\",\"datePublished\":\"2023-03-01T15:43:31+00:00\",\"dateModified\":\"2025-03-11T10:58:27+00:00\",\"breadcrumb\":{\"@id\":\"https:\/\/www.kontinenzzentrum.ch\/de\/untersuchung-und-therapie\/konservative-therapieverfahren\/funktionelle-stimulation-der-blase.html#breadcrumb\"},\"inLanguage\":\"de\",\"potentialAction\":[{\"@type\":\"ReadAction\",\"target\":[\"https:\/\/www.kontinenzzentrum.ch\/de\/untersuchung-und-therapie\/konservative-therapieverfahren\/funktionelle-stimulation-der-blase.html\"]}]},{\"@type\":\"ImageObject\",\"inLanguage\":\"de\",\"@id\":\"https:\/\/www.kontinenzzentrum.ch\/de\/untersuchung-und-therapie\/konservative-therapieverfahren\/funktionelle-stimulation-der-blase.html#primaryimage\",\"url\":\"https:\/\/www.kontinenzzentrum.ch\/wp-content\/uploads\/kompetenz-beckenboden-213163-1.jpeg\",\"contentUrl\":\"https:\/\/www.kontinenzzentrum.ch\/wp-content\/uploads\/kompetenz-beckenboden-213163-1.jpeg\",\"width\":1920,\"height\":450},{\"@type\":\"BreadcrumbList\",\"@id\":\"https:\/\/www.kontinenzzentrum.ch\/de\/untersuchung-und-therapie\/konservative-therapieverfahren\/funktionelle-stimulation-der-blase.html#breadcrumb\",\"itemListElement\":[{\"@type\":\"ListItem\",\"position\":1,\"name\":\"Startseite\",\"item\":\"https:\/\/www.kontinenzzentrum.ch\/de\"},{\"@type\":\"ListItem\",\"position\":2,\"name\":\"Untersuchung &#038; Therapie\",\"item\":\"https:\/\/www.kontinenzzentrum.ch\/de\/untersuchung-und-therapie.html\"},{\"@type\":\"ListItem\",\"position\":3,\"name\":\"Konservative Therapieverfahren\",\"item\":\"https:\/\/www.kontinenzzentrum.ch\/de\/untersuchung-und-therapie\/konservative-therapieverfahren.html\"},{\"@type\":\"ListItem\",\"position\":4,\"name\":\"Funktionelle Stimulation der Blase\"}]},{\"@type\":\"WebSite\",\"@id\":\"https:\/\/www.kontinenzzentrum.ch\/de\/#website\",\"url\":\"https:\/\/www.kontinenzzentrum.ch\/de\/\",\"name\":\"KontinenzZentrum Hirslanden Z\u00fcrich\",\"description\":\"KontinenzZentrum Hirslanden Z\u00fcrich: Blasenst\u00f6rungen & Inkontinenz\",\"publisher\":{\"@id\":\"https:\/\/www.kontinenzzentrum.ch\/de\/#organization\"},\"potentialAction\":[{\"@type\":\"SearchAction\",\"target\":{\"@type\":\"EntryPoint\",\"urlTemplate\":\"https:\/\/www.kontinenzzentrum.ch\/de\/?s={search_term_string}\"},\"query-input\":{\"@type\":\"PropertyValueSpecification\",\"valueRequired\":true,\"valueName\":\"search_term_string\"}}],\"inLanguage\":\"de\"},{\"@type\":\"Organization\",\"@id\":\"https:\/\/www.kontinenzzentrum.ch\/de\/#organization\",\"name\":\"KontinenzZentrum Hirslanden Z\u00fcrich\",\"url\":\"https:\/\/www.kontinenzzentrum.ch\/de\/\",\"logo\":{\"@type\":\"ImageObject\",\"inLanguage\":\"de\",\"@id\":\"https:\/\/www.kontinenzzentrum.ch\/de\/#\/schema\/logo\/image\/\",\"url\":\"https:\/\/www.kontinenzzentrum.ch\/wp-content\/uploads\/Logo_KontinenzZentrum.png\",\"contentUrl\":\"https:\/\/www.kontinenzzentrum.ch\/wp-content\/uploads\/Logo_KontinenzZentrum.png\",\"width\":800,\"height\":142,\"caption\":\"KontinenzZentrum Hirslanden Z\u00fcrich\"},\"image\":{\"@id\":\"https:\/\/www.kontinenzzentrum.ch\/de\/#\/schema\/logo\/image\/\"}}]}<\/script>\n<!-- \/ Yoast SEO plugin. -->","yoast_head_json":{"title":"Funktionelle Stimulation der Blase","robots":{"index":"index","follow":"follow","max-snippet":"max-snippet:-1","max-image-preview":"max-image-preview:large","max-video-preview":"max-video-preview:-1"},"canonical":"https:\/\/www.kontinenzzentrum.ch\/de\/untersuchung-und-therapie\/konservative-therapieverfahren\/funktionelle-stimulation-der-blase.html","og_locale":"de_DE","og_type":"article","og_title":"Funktionelle Stimulation der Blase","og_description":"Funktionelle Stimulation des Blasenmuskels Stimulation der Blasenwand im elektrischen Feld Bei der intravesikalen (im Inneren der Blase wirkenden) Stimulation handelt es sich um eine direkte elektrische Reizung des Blasenmuskels. F\u00fcr die Behandlung wird ein elektrisches Feld aufgebaut, f\u00fcr das ein positiver und ein negativer Pol angelegt werden. Der negative Pol befindet sich auf der Bauchdecke, [&hellip;]","og_url":"https:\/\/www.kontinenzzentrum.ch\/de\/untersuchung-und-therapie\/konservative-therapieverfahren\/funktionelle-stimulation-der-blase.html","og_site_name":"KontinenzZentrum","article_modified_time":"2025-03-11T10:58:27+00:00","og_image":[{"width":1920,"height":450,"url":"https:\/\/www.kontinenzzentrum.ch\/wp-content\/uploads\/kompetenz-beckenboden-213163-1.jpeg","type":"image\/jpeg"}],"twitter_card":"summary_large_image","twitter_misc":{"Gesch\u00e4tzte Lesezeit":"2\u00a0Minuten"},"schema":{"@context":"https:\/\/schema.org","@graph":[{"@type":"WebPage","@id":"https:\/\/www.kontinenzzentrum.ch\/de\/untersuchung-und-therapie\/konservative-therapieverfahren\/funktionelle-stimulation-der-blase.html","url":"https:\/\/www.kontinenzzentrum.ch\/de\/untersuchung-und-therapie\/konservative-therapieverfahren\/funktionelle-stimulation-der-blase.html","name":"Funktionelle Stimulation der Blase","isPartOf":{"@id":"https:\/\/www.kontinenzzentrum.ch\/de\/#website"},"primaryImageOfPage":{"@id":"https:\/\/www.kontinenzzentrum.ch\/de\/untersuchung-und-therapie\/konservative-therapieverfahren\/funktionelle-stimulation-der-blase.html#primaryimage"},"image":{"@id":"https:\/\/www.kontinenzzentrum.ch\/de\/untersuchung-und-therapie\/konservative-therapieverfahren\/funktionelle-stimulation-der-blase.html#primaryimage"},"thumbnailUrl":"https:\/\/www.kontinenzzentrum.ch\/wp-content\/uploads\/kompetenz-beckenboden-213163-1.jpeg","datePublished":"2023-03-01T15:43:31+00:00","dateModified":"2025-03-11T10:58:27+00:00","breadcrumb":{"@id":"https:\/\/www.kontinenzzentrum.ch\/de\/untersuchung-und-therapie\/konservative-therapieverfahren\/funktionelle-stimulation-der-blase.html#breadcrumb"},"inLanguage":"de","potentialAction":[{"@type":"ReadAction","target":["https:\/\/www.kontinenzzentrum.ch\/de\/untersuchung-und-therapie\/konservative-therapieverfahren\/funktionelle-stimulation-der-blase.html"]}]},{"@type":"ImageObject","inLanguage":"de","@id":"https:\/\/www.kontinenzzentrum.ch\/de\/untersuchung-und-therapie\/konservative-therapieverfahren\/funktionelle-stimulation-der-blase.html#primaryimage","url":"https:\/\/www.kontinenzzentrum.ch\/wp-content\/uploads\/kompetenz-beckenboden-213163-1.jpeg","contentUrl":"https:\/\/www.kontinenzzentrum.ch\/wp-content\/uploads\/kompetenz-beckenboden-213163-1.jpeg","width":1920,"height":450},{"@type":"BreadcrumbList","@id":"https:\/\/www.kontinenzzentrum.ch\/de\/untersuchung-und-therapie\/konservative-therapieverfahren\/funktionelle-stimulation-der-blase.html#breadcrumb","itemListElement":[{"@type":"ListItem","position":1,"name":"Startseite","item":"https:\/\/www.kontinenzzentrum.ch\/de"},{"@type":"ListItem","position":2,"name":"Untersuchung &#038; Therapie","item":"https:\/\/www.kontinenzzentrum.ch\/de\/untersuchung-und-therapie.html"},{"@type":"ListItem","position":3,"name":"Konservative Therapieverfahren","item":"https:\/\/www.kontinenzzentrum.ch\/de\/untersuchung-und-therapie\/konservative-therapieverfahren.html"},{"@type":"ListItem","position":4,"name":"Funktionelle Stimulation der Blase"}]},{"@type":"WebSite","@id":"https:\/\/www.kontinenzzentrum.ch\/de\/#website","url":"https:\/\/www.kontinenzzentrum.ch\/de\/","name":"KontinenzZentrum Hirslanden Z\u00fcrich","description":"KontinenzZentrum Hirslanden Z\u00fcrich: Blasenst\u00f6rungen & Inkontinenz","publisher":{"@id":"https:\/\/www.kontinenzzentrum.ch\/de\/#organization"},"potentialAction":[{"@type":"SearchAction","target":{"@type":"EntryPoint","urlTemplate":"https:\/\/www.kontinenzzentrum.ch\/de\/?s={search_term_string}"},"query-input":{"@type":"PropertyValueSpecification","valueRequired":true,"valueName":"search_term_string"}}],"inLanguage":"de"},{"@type":"Organization","@id":"https:\/\/www.kontinenzzentrum.ch\/de\/#organization","name":"KontinenzZentrum Hirslanden Z\u00fcrich","url":"https:\/\/www.kontinenzzentrum.ch\/de\/","logo":{"@type":"ImageObject","inLanguage":"de","@id":"https:\/\/www.kontinenzzentrum.ch\/de\/#\/schema\/logo\/image\/","url":"https:\/\/www.kontinenzzentrum.ch\/wp-content\/uploads\/Logo_KontinenzZentrum.png","contentUrl":"https:\/\/www.kontinenzzentrum.ch\/wp-content\/uploads\/Logo_KontinenzZentrum.png","width":800,"height":142,"caption":"KontinenzZentrum Hirslanden Z\u00fcrich"},"image":{"@id":"https:\/\/www.kontinenzzentrum.ch\/de\/#\/schema\/logo\/image\/"}}]}},"_links":{"self":[{"href":"https:\/\/www.kontinenzzentrum.ch\/de\/wp-json\/wp\/v2\/pages\/1343","targetHints":{"allow":["GET"]}}],"collection":[{"href":"https:\/\/www.kontinenzzentrum.ch\/de\/wp-json\/wp\/v2\/pages"}],"about":[{"href":"https:\/\/www.kontinenzzentrum.ch\/de\/wp-json\/wp\/v2\/types\/page"}],"author":[{"embeddable":true,"href":"https:\/\/www.kontinenzzentrum.ch\/de\/wp-json\/wp\/v2\/users\/1"}],"replies":[{"embeddable":true,"href":"https:\/\/www.kontinenzzentrum.ch\/de\/wp-json\/wp\/v2\/comments?post=1343"}],"version-history":[{"count":6,"href":"https:\/\/www.kontinenzzentrum.ch\/de\/wp-json\/wp\/v2\/pages\/1343\/revisions"}],"predecessor-version":[{"id":1346,"href":"https:\/\/www.kontinenzzentrum.ch\/de\/wp-json\/wp\/v2\/pages\/1343\/revisions\/1346"}],"up":[{"embeddable":true,"href":"https:\/\/www.kontinenzzentrum.ch\/de\/wp-json\/wp\/v2\/pages\/1311"}],"wp:featuredmedia":[{"embeddable":true,"href":"https:\/\/www.kontinenzzentrum.ch\/de\/wp-json\/wp\/v2\/media\/1335"}],"wp:attachment":[{"href":"https:\/\/www.kontinenzzentrum.ch\/de\/wp-json\/wp\/v2\/media?parent=1343"}],"curies":[{"name":"wp","href":"https:\/\/api.w.org\/{rel}","templated":true}]}}