{"id":1358,"date":"2023-03-02T10:53:21","date_gmt":"2023-03-02T09:53:21","guid":{"rendered":"https:\/\/www.kontinenzzentrum.ch\/?page_id=1358"},"modified":"2025-03-24T10:56:08","modified_gmt":"2025-03-24T09:56:08","slug":"selbstkatheterismus","status":"publish","type":"page","link":"https:\/\/www.kontinenzzentrum.ch\/de\/untersuchung-und-therapie\/konservative-therapieverfahren\/selbstkatheterismus.html","title":{"rendered":"Selbstkatheterismus"},"content":{"rendered":"<div id=\"pl-1358\"  class=\"panel-layout\" ><div id=\"pg-1358-0\"  class=\"panel-grid panel-no-style\" ><div id=\"pgc-1358-0-0\"  class=\"panel-grid-cell\" ><div id=\"panel-1358-0-0-0\" class=\"so-panel widget widget_sow-editor panel-first-child panel-last-child\" data-index=\"0\" ><div\n\t\t\t\n\t\t\tclass=\"so-widget-sow-editor so-widget-sow-editor-base\"\n\t\t\t\n\t\t>\n<div class=\"siteorigin-widget-tinymce textwidget\">\n\t<h1>Selbstkatheterisierung<\/h1>\n<h2>Therapie bei unvollst\u00e4ndiger Entleerung der Blase<\/h2>\n<p>Bei Funktionsst\u00f6rungen des Harntraktes mit unvollst\u00e4ndiger Entleerung der Blase und chronischer Restharnbildung geh\u00f6rt die\u00a0<strong>Selbstkatheterisierung\u00a0<\/strong>der Patienten zur Standardtherapie. Die betroffenen Frauen oder M\u00e4nner f\u00fchren sich dabei\u00a0einmal oder\u00a0mehrmals t\u00e4glich selbst einen Katheter durch die Harnr\u00f6hre in die Blase ein und entleeren sie damit vollst\u00e4ndig.<\/p>\n<p>Dieses Verfahren wird auch als\u00a0<strong>intermittierende Selbstkatheterisierung\u00a0<\/strong>bezeichnet, da der Gebrauch des Katheters nicht dauerhaft ist (Dauerkatheter), sondern nur situativ zum Kathetern des\u00a0<a href=\"\/de\/erkrankungen\/blasenfunktionsstoerung\/restharn-unvollstaendige-blasenentleerung.html\" title=\"Restharn\">Restharns<\/a>\u00a0genutzt wird.<\/p>\n<p>Das Gef\u00fchl, die Blase nicht vollst\u00e4ndig entleert zu haben, begleitet die Betroffenen durch den gesamten Tag und auch nachts ist keine Ruhe. Das kann grosse Auswirkungen aus die Lebensqualit\u00e4t der Betroffenen haben. Die Selbstkatheterisierung schafft Erleichterung und ist nach einer kurzen Eingew\u00f6hnungsphase auch einfach durchzuf\u00fchren.<\/p>\n<\/div>\n<\/div><\/div><\/div><div id=\"pgc-1358-0-1\"  class=\"panel-grid-cell\" ><div id=\"panel-1358-0-1-0\" class=\"so-panel widget widget_sow-image panel-first-child panel-last-child\" data-index=\"1\" ><div\n\t\t\t\n\t\t\tclass=\"so-widget-sow-image so-widget-sow-image-default-8b5b6f678277-1358\"\n\t\t\t\n\t\t>\n<div class=\"sow-image-container\">\n\t\t<img \n\tsrc=\"https:\/\/www.kontinenzzentrum.ch\/wp-content\/uploads\/adobestock_48870751-1.jpeg\" width=\"640\" height=\"609\" srcset=\"https:\/\/www.kontinenzzentrum.ch\/wp-content\/uploads\/adobestock_48870751-1.jpeg 640w, https:\/\/www.kontinenzzentrum.ch\/wp-content\/uploads\/adobestock_48870751-1-300x285.jpeg 300w\" sizes=\"(max-width: 640px) 100vw, 640px\" title=\"adobestock_48870751\" alt=\"Selbstkatheterismus bei Restharn\" \t\tclass=\"so-widget-image\"\/>\n\t<\/div>\n\n<\/div><\/div><\/div><\/div><div id=\"pg-1358-1\"  class=\"panel-grid panel-no-style\" ><div id=\"pgc-1358-1-0\"  class=\"panel-grid-cell\" ><div id=\"panel-1358-1-0-0\" class=\"so-panel widget widget_fn-info-box-widget panel-first-child panel-last-child\" data-index=\"2\" ><div\n\t\t\t\n\t\t\tclass=\"so-widget-fn-info-box-widget so-widget-fn-info-box-widget-base\"\n\t\t\t\n\t\t><div class=\"uk-child-width-1-1 uk-grid-match\" uk-grid><div>\n        <div class=\"fn-info-box-title\">\n          <div class=\"uk-grid-small\" uk-grid>            <div class=\"uk-width-auto\"><img decoding=\"async\" src=\"https:\/\/www.kontinenzzentrum.ch\/wp-content\/uploads\/ICON_info.svg\" class=\"attachment-small size-small\" alt=\"\" \/>            <\/div>            <div class=\"uk-width-expand\">\n              <h4 class=\"uk-h3\">Informieren Sie sich zu Selbstkatheterismus<\/h4>\n            <\/div>\n          <\/div>\n        <\/div>\n        <div class=\"fn-info-box-content\">\n              <p>Sie sind von Inkontinenz betroffen oder vermuten eine beginnende Blasenfunktionsst\u00f6rung? Informieren Sie sich jetzt \u00fcber Ihre individuellen Abkl\u00e4rungs- und Behandlungsm\u00f6glichkeiten.<\/p>\n<p>Sie erreichen uns telefonisch, per E-Mail\u00a0oder \u00fcber unser\u00a0Kontaktformular.<\/p>\n<p><div class=\"uk-flex uk-child-width-auto uk-grid-small\" uk-grid><div><a class=\"uk-button uk-button-primary\" href=\"tel:+41443872910\"><i class=\"fas fa-phone-alt uk-margin-small-right\"><\/i>+41 44 387 29 10<\/a><\/div><div><a class=\"uk-button uk-button-primary\" href=\"https:\/\/www.kontinenzzentrum.ch\/de\/ueber-uns\/termin.html\"><i class=\"fas fa-comments uk-margin-small-right\"><\/i>Online Terminvereinbarung<\/a><\/div><\/div><\/p>\n        <\/div>\n      <\/div><\/div><\/div><\/div><\/div><\/div><div id=\"pg-1358-2\"  class=\"panel-grid panel-no-style\" ><div id=\"pgc-1358-2-0\"  class=\"panel-grid-cell\" ><div id=\"panel-1358-2-0-0\" class=\"so-panel widget widget_sow-editor panel-first-child panel-last-child\" data-index=\"3\" ><div\n\t\t\t\n\t\t\tclass=\"so-widget-sow-editor so-widget-sow-editor-base\"\n\t\t\t\n\t\t>\n<div class=\"siteorigin-widget-tinymce textwidget\">\n\t<h2>Vorteile der intermittierenden Selbstkatheterisierung<\/h2>\n<p>Die\u00a0<a href=\"https:\/\/www.kontinenzzentrum.ch\/de\/kompetenzen\/neurourologie.html\">Neuro-Urologie<\/a>\u00a0befasst sich mit der Behandlung von St\u00f6rungen der Harnblasen- und Schliessmuskelfunktion, als auch der Therapie zur Behandlung von\u00a0<a title=\"Inkontinenz\" href=\"\/de\/kompetenzen\/inkontinenz.html\">Inkontinenz<\/a>. Zudem hilft der Selbstkatheterismus bei Blasenentleerungsst\u00f6rungen und Restharn erwiesenermassen dabei, einen Dauerkatheter zu vermeiden.<\/p>\n<p>Der Selbstkatheterismus \u00a0besitzt gegen\u00fcber Dauerkathetern durch die Harnr\u00f6hre oder durch die\u00a0Bauchdecke zudem deutliche Vorteile:<\/p>\n<ul>\n<li>Sehr viel seltener\u00a0Harnwegsinfekte und Sch\u00e4den des oberen und unteren Harntraktes<\/li>\n<li>Dauerkatheter k\u00f6nnen verstopfen oder abklemmen.<\/li>\n<li>Keine Einschr\u00e4nkung der\u00a0Mobilit\u00e4t der Betroffenen<\/li>\n<li>Reduktion von Blasenspastizit\u00e4t bei\u00a0Paraplegikern oder MS Patienten.<\/li>\n<li>H\u00f6here Schlafqualit\u00e4t<\/li>\n<li>Keine Beeintr\u00e4chtigung des Sexuallebens<\/li>\n<\/ul>\n<ul>Empfohlen f\u00fcr den Selbstkatheterismus zu Hause\u00a0ist der aseptische Katheterismus, bei der die Harnr\u00f6hren\u00f6ffnung mittels eines Desinfektionsmittels entkeimt und dann der sterile Katheter in die Harnr\u00f6hre eingef\u00fchrt wird. Hierbei gilt es, das Eindringen von Bakterien in den an sich keimfreien Harntrakt zu verhindern. Die steril verpackten Einmalkatheter f\u00fcr Mann und Frau unterscheiden sich\u00a0wegen Form und L\u00e4nge der Harnr\u00f6hre.<\/ul>\n<h2>Selbstkatheterismus: Die Selbst-Therapie bei unvollst\u00e4ndiger Entleerung der Blase<\/h2>\n<p>Die Katheterisierung selbst und alleine in seiner Freizeit durchzuf\u00fchren, kann zun\u00e4chst eine ziemliche Herausforderung sein. Nach einigen Versuchen werden Sie es jedoch selbst m\u00fchelos schaffen und Sie gew\u00f6hnen sich an den Gebrauch des Katheters. Auch bei\u00a0<a title=\"Inkontinenz nach Bandscheibenvorfall\" href=\"\/de\/erkrankungen\/neurogene-blasenstoerungen\/diskusprolaps-spinalkanalstenose.html\">Inkontinenz durch einen Bandscheibenvorfall<\/a>\u00a0kann die Selbstkatheterisierung zum Einsatz kommen.\u00a0<strong>F\u00fcr das Erlernen und erfolgreiche Praktizieren der\u00a0<\/strong><strong>S<\/strong><strong>elbstkatheterisierung<\/strong>\u00a0<strong>sind verschiedene Faktoren wichtig:<\/strong><\/p>\n<ul>\n<li>Eine einf\u00fchlsame und kompetente Schulung und Beratung durch speziell ausgebildete Pflegekr\u00e4fte, welche erfahren sind im Umgang mit dem intermittierenden Selbstkatheterismus. Hier werden Sie eine Technik erlernen, um die beste Position und ein geeignetes Katheter-Modell zum Entleeren der Blase zu finden.<\/li>\n<li>Motivation durch Linderung von Beschwerden.<\/li>\n<li>Einsicht in die Notwendigkeit des Katheterismus zum Schutz vor Folgesch\u00e4den.<\/li>\n<li>Sorgfalt und Hygiene bei der Durchf\u00fchrung<\/li>\n<\/ul>\n<h3>Die individuelle Auswahl des Kathetermodells ist von grosser Bedeutung<\/h3>\n<p>Auf dem Markt werden viele verschiedene Produkte zur Therapie des intermittierenden Selbstkatheterismus angeboten. Die Oberfl\u00e4che ist zumeist mit einer Gleitschicht \u00fcberzogen, sodass Irritationen der Harnr\u00f6hrenschleimhaut weitgehend vermieden werden. Eine weiche und biegsame Katheter-Spitze verhindert Verletzungen und Folgesch\u00e4den in Harnr\u00f6hre und Blase. Viele Hersteller bieten Komplettl\u00f6sungen an, bei denen Katheter und Beutel in einer Packung vereint benutzt und auch entsorgt werden k\u00f6nnen. F\u00fcr Frauen sind zudem spezielle Katheter auf dem Markt, die deutlich k\u00fcrzer und kompakter sind. Zu Beginn kann es in der Lern- und Gew\u00f6hnungsphase gelegentlich zu einer Harnwegsinfektion kommen. Wird die Technik dann aber sicher beherrscht, \u00fcbersteigt die Infektionsh\u00e4ufigkeit selten eine <a title=\"Blasenentz\u00fcndung: Symptome, Ursachen und Behandlung\" href=\"\/de\/erkrankungen\/schmerz-und-entzuendungen\/blasenentzuendung.html\">Blasenentz\u00fcndung<\/a> pro Jahr.<\/p>\n<\/div>\n<\/div><\/div><\/div><\/div><div id=\"pg-1358-3\"  class=\"panel-grid panel-no-style\" ><div id=\"pgc-1358-3-0\"  class=\"panel-grid-cell\" ><div id=\"panel-1358-3-0-0\" class=\"so-panel widget widget_fn-info-box-widget panel-first-child panel-last-child\" data-index=\"4\" ><div\n\t\t\t\n\t\t\tclass=\"so-widget-fn-info-box-widget so-widget-fn-info-box-widget-base\"\n\t\t\t\n\t\t><div class=\"uk-child-width-1-1 uk-grid-match\" uk-grid><div>\n        <div class=\"fn-info-box-title\">\n          <div class=\"uk-grid-small\" uk-grid>            <div class=\"uk-width-auto\"><img decoding=\"async\" src=\"https:\/\/www.kontinenzzentrum.ch\/wp-content\/uploads\/ICON_kontakt.svg\" class=\"attachment-small size-small\" alt=\"\" \/>            <\/div>            <div class=\"uk-width-expand\">\n              <h4 class=\"uk-h3\">Vertrauensvolle und kompetente Betreuung in unserem Kontinenzzentrum<\/h4>\n            <\/div>\n          <\/div>\n        <\/div>\n        <div class=\"fn-info-box-content\">\n              <p>Eine Harninkontinenz kann jeden treffen. Ob jung oder alt, Frau oder Mann, Restharn oder ein unfreiwilliger Harnverlust beeintr\u00e4chtigen empfindlich das t\u00e4gliche Leben. F\u00fcr jede individuelle Funktionsst\u00f6rungen des Harntraktes finden wir L\u00f6sungsans\u00e4tze und eine geeignete, wirksame Therapie.<\/p>\n<p>Unser erfahrenes Personal im\u00a0<a title=\"Kontinenzzentrum Hirslanden\" href=\"\/de\">Kontinenzzentrum Hirslanden<\/a>\u00a0in Z\u00fcrich ber\u00e4t Sie gerne!<\/p>\n<p>Sie erreichen uns telefonisch, per E-Mail\u00a0oder \u00fcber unser\u00a0Kontaktformular.<\/p>\n<p><div class=\"uk-flex uk-child-width-auto uk-grid-small\" uk-grid><div><a class=\"uk-button uk-button-primary\" href=\"tel:+41443872910\"><i class=\"fas fa-phone-alt uk-margin-small-right\"><\/i>+41 44 387 29 10<\/a><\/div><div><a class=\"uk-button uk-button-primary\" href=\"https:\/\/www.kontinenzzentrum.ch\/de\/ueber-uns\/termin.html\"><i class=\"fas fa-comments uk-margin-small-right\"><\/i>Online Terminvereinbarung<\/a><\/div><\/div><\/p>\n        <\/div>\n      <\/div><\/div><\/div><\/div><\/div><div id=\"pgc-1358-3-1\"  class=\"panel-grid-cell\" ><div id=\"panel-1358-3-1-0\" class=\"so-panel widget widget_sow-image panel-first-child panel-last-child\" data-index=\"5\" ><div\n\t\t\t\n\t\t\tclass=\"so-widget-sow-image so-widget-sow-image-default-8b5b6f678277-1358\"\n\t\t\t\n\t\t>\n<div class=\"sow-image-container\">\n\t\t<img \n\tsrc=\"https:\/\/www.kontinenzzentrum.ch\/wp-content\/uploads\/ueber-uns-213393-txt.jpeg\" width=\"640\" height=\"497\" srcset=\"https:\/\/www.kontinenzzentrum.ch\/wp-content\/uploads\/ueber-uns-213393-txt.jpeg 640w, https:\/\/www.kontinenzzentrum.ch\/wp-content\/uploads\/ueber-uns-213393-txt-300x233.jpeg 300w\" sizes=\"(max-width: 640px) 100vw, 640px\" alt=\"Kompetente Betreuung\" \t\tclass=\"so-widget-image\"\/>\n\t<\/div>\n\n<\/div><\/div><\/div><\/div><\/div>","protected":false},"excerpt":{"rendered":"<p>Selbstkatheterisierung Therapie bei unvollst\u00e4ndiger Entleerung der Blase Bei Funktionsst\u00f6rungen des Harntraktes mit unvollst\u00e4ndiger Entleerung der Blase und chronischer Restharnbildung geh\u00f6rt die\u00a0Selbstkatheterisierung\u00a0der Patienten zur Standardtherapie. Die betroffenen Frauen oder M\u00e4nner f\u00fchren sich dabei\u00a0einmal oder\u00a0mehrmals t\u00e4glich selbst einen Katheter durch die Harnr\u00f6hre in die Blase ein und entleeren sie damit vollst\u00e4ndig. Dieses Verfahren wird auch als\u00a0intermittierende Selbstkatheterisierung\u00a0bezeichnet, [&hellip;]<\/p>\n","protected":false},"author":1,"featured_media":679,"parent":1311,"menu_order":0,"comment_status":"closed","ping_status":"closed","template":"","meta":{"_acf_changed":false,"footnotes":""},"class_list":["post-1358","page","type-page","status-publish","has-post-thumbnail","hentry"],"acf":[],"yoast_head":"<!-- This site is optimized with the Yoast SEO plugin v26.9 - https:\/\/yoast.com\/product\/yoast-seo-wordpress\/ -->\n<title>Selbstkatheterisierung der Blase | KontinenzZentrum Hirslanden<\/title>\n<meta name=\"description\" content=\"Intermittierende Selbstkatheterisierung ist eine hocheffektive Standardtherapie bei Funktionsst\u00f6rungen des Harntraktes. Mehr Infos finden Sie hier \u25ba\u25ba\" \/>\n<meta name=\"robots\" content=\"index, follow, max-snippet:-1, max-image-preview:large, max-video-preview:-1\" \/>\n<link rel=\"canonical\" href=\"https:\/\/www.kontinenzzentrum.ch\/de\/untersuchung-und-therapie\/konservative-therapieverfahren\/selbstkatheterismus.html\" \/>\n<meta property=\"og:locale\" content=\"de_DE\" \/>\n<meta property=\"og:type\" content=\"article\" \/>\n<meta property=\"og:title\" content=\"Selbstkatheterisierung der Blase | KontinenzZentrum Hirslanden\" \/>\n<meta property=\"og:description\" content=\"Intermittierende Selbstkatheterisierung ist eine hocheffektive Standardtherapie bei Funktionsst\u00f6rungen des Harntraktes. Mehr Infos finden Sie hier \u25ba\u25ba\" \/>\n<meta property=\"og:url\" content=\"https:\/\/www.kontinenzzentrum.ch\/de\/untersuchung-und-therapie\/konservative-therapieverfahren\/selbstkatheterismus.html\" \/>\n<meta property=\"og:site_name\" content=\"KontinenzZentrum\" \/>\n<meta property=\"article:modified_time\" content=\"2025-03-24T09:56:08+00:00\" \/>\n<meta property=\"og:image\" content=\"https:\/\/www.kontinenzzentrum.ch\/wp-content\/uploads\/erkrankung-blasenentzuendung-212813-1.jpeg\" \/>\n\t<meta property=\"og:image:width\" content=\"1920\" \/>\n\t<meta property=\"og:image:height\" content=\"450\" \/>\n\t<meta property=\"og:image:type\" content=\"image\/jpeg\" \/>\n<meta name=\"twitter:card\" content=\"summary_large_image\" \/>\n<meta name=\"twitter:label1\" content=\"Gesch\u00e4tzte Lesezeit\" \/>\n\t<meta name=\"twitter:data1\" content=\"5\u00a0Minuten\" \/>\n<script type=\"application\/ld+json\" class=\"yoast-schema-graph\">{\"@context\":\"https:\/\/schema.org\",\"@graph\":[{\"@type\":\"WebPage\",\"@id\":\"https:\/\/www.kontinenzzentrum.ch\/de\/untersuchung-und-therapie\/konservative-therapieverfahren\/selbstkatheterismus.html\",\"url\":\"https:\/\/www.kontinenzzentrum.ch\/de\/untersuchung-und-therapie\/konservative-therapieverfahren\/selbstkatheterismus.html\",\"name\":\"Selbstkatheterisierung der Blase | KontinenzZentrum Hirslanden\",\"isPartOf\":{\"@id\":\"https:\/\/www.kontinenzzentrum.ch\/de\/#website\"},\"primaryImageOfPage\":{\"@id\":\"https:\/\/www.kontinenzzentrum.ch\/de\/untersuchung-und-therapie\/konservative-therapieverfahren\/selbstkatheterismus.html#primaryimage\"},\"image\":{\"@id\":\"https:\/\/www.kontinenzzentrum.ch\/de\/untersuchung-und-therapie\/konservative-therapieverfahren\/selbstkatheterismus.html#primaryimage\"},\"thumbnailUrl\":\"https:\/\/www.kontinenzzentrum.ch\/wp-content\/uploads\/erkrankung-blasenentzuendung-212813-1.jpeg\",\"datePublished\":\"2023-03-02T09:53:21+00:00\",\"dateModified\":\"2025-03-24T09:56:08+00:00\",\"description\":\"Intermittierende Selbstkatheterisierung ist eine hocheffektive Standardtherapie bei Funktionsst\u00f6rungen des Harntraktes. Mehr Infos finden Sie hier \u25ba\u25ba\",\"breadcrumb\":{\"@id\":\"https:\/\/www.kontinenzzentrum.ch\/de\/untersuchung-und-therapie\/konservative-therapieverfahren\/selbstkatheterismus.html#breadcrumb\"},\"inLanguage\":\"de\",\"potentialAction\":[{\"@type\":\"ReadAction\",\"target\":[\"https:\/\/www.kontinenzzentrum.ch\/de\/untersuchung-und-therapie\/konservative-therapieverfahren\/selbstkatheterismus.html\"]}]},{\"@type\":\"ImageObject\",\"inLanguage\":\"de\",\"@id\":\"https:\/\/www.kontinenzzentrum.ch\/de\/untersuchung-und-therapie\/konservative-therapieverfahren\/selbstkatheterismus.html#primaryimage\",\"url\":\"https:\/\/www.kontinenzzentrum.ch\/wp-content\/uploads\/erkrankung-blasenentzuendung-212813-1.jpeg\",\"contentUrl\":\"https:\/\/www.kontinenzzentrum.ch\/wp-content\/uploads\/erkrankung-blasenentzuendung-212813-1.jpeg\",\"width\":1920,\"height\":450},{\"@type\":\"BreadcrumbList\",\"@id\":\"https:\/\/www.kontinenzzentrum.ch\/de\/untersuchung-und-therapie\/konservative-therapieverfahren\/selbstkatheterismus.html#breadcrumb\",\"itemListElement\":[{\"@type\":\"ListItem\",\"position\":1,\"name\":\"Startseite\",\"item\":\"https:\/\/www.kontinenzzentrum.ch\/de\"},{\"@type\":\"ListItem\",\"position\":2,\"name\":\"Untersuchung &#038; Therapie\",\"item\":\"https:\/\/www.kontinenzzentrum.ch\/de\/untersuchung-und-therapie.html\"},{\"@type\":\"ListItem\",\"position\":3,\"name\":\"Konservative Therapieverfahren\",\"item\":\"https:\/\/www.kontinenzzentrum.ch\/de\/untersuchung-und-therapie\/konservative-therapieverfahren.html\"},{\"@type\":\"ListItem\",\"position\":4,\"name\":\"Selbstkatheterismus\"}]},{\"@type\":\"WebSite\",\"@id\":\"https:\/\/www.kontinenzzentrum.ch\/de\/#website\",\"url\":\"https:\/\/www.kontinenzzentrum.ch\/de\/\",\"name\":\"KontinenzZentrum Hirslanden Z\u00fcrich\",\"description\":\"KontinenzZentrum Hirslanden Z\u00fcrich: Blasenst\u00f6rungen & Inkontinenz\",\"publisher\":{\"@id\":\"https:\/\/www.kontinenzzentrum.ch\/de\/#organization\"},\"potentialAction\":[{\"@type\":\"SearchAction\",\"target\":{\"@type\":\"EntryPoint\",\"urlTemplate\":\"https:\/\/www.kontinenzzentrum.ch\/de\/?s={search_term_string}\"},\"query-input\":{\"@type\":\"PropertyValueSpecification\",\"valueRequired\":true,\"valueName\":\"search_term_string\"}}],\"inLanguage\":\"de\"},{\"@type\":\"Organization\",\"@id\":\"https:\/\/www.kontinenzzentrum.ch\/de\/#organization\",\"name\":\"KontinenzZentrum Hirslanden Z\u00fcrich\",\"url\":\"https:\/\/www.kontinenzzentrum.ch\/de\/\",\"logo\":{\"@type\":\"ImageObject\",\"inLanguage\":\"de\",\"@id\":\"https:\/\/www.kontinenzzentrum.ch\/de\/#\/schema\/logo\/image\/\",\"url\":\"https:\/\/www.kontinenzzentrum.ch\/wp-content\/uploads\/Logo_KontinenzZentrum.png\",\"contentUrl\":\"https:\/\/www.kontinenzzentrum.ch\/wp-content\/uploads\/Logo_KontinenzZentrum.png\",\"width\":800,\"height\":142,\"caption\":\"KontinenzZentrum Hirslanden Z\u00fcrich\"},\"image\":{\"@id\":\"https:\/\/www.kontinenzzentrum.ch\/de\/#\/schema\/logo\/image\/\"}}]}<\/script>\n<!-- \/ Yoast SEO plugin. -->","yoast_head_json":{"title":"Selbstkatheterisierung der Blase | KontinenzZentrum Hirslanden","description":"Intermittierende Selbstkatheterisierung ist eine hocheffektive Standardtherapie bei Funktionsst\u00f6rungen des Harntraktes. Mehr Infos finden Sie hier \u25ba\u25ba","robots":{"index":"index","follow":"follow","max-snippet":"max-snippet:-1","max-image-preview":"max-image-preview:large","max-video-preview":"max-video-preview:-1"},"canonical":"https:\/\/www.kontinenzzentrum.ch\/de\/untersuchung-und-therapie\/konservative-therapieverfahren\/selbstkatheterismus.html","og_locale":"de_DE","og_type":"article","og_title":"Selbstkatheterisierung der Blase | KontinenzZentrum Hirslanden","og_description":"Intermittierende Selbstkatheterisierung ist eine hocheffektive Standardtherapie bei Funktionsst\u00f6rungen des Harntraktes. Mehr Infos finden Sie hier \u25ba\u25ba","og_url":"https:\/\/www.kontinenzzentrum.ch\/de\/untersuchung-und-therapie\/konservative-therapieverfahren\/selbstkatheterismus.html","og_site_name":"KontinenzZentrum","article_modified_time":"2025-03-24T09:56:08+00:00","og_image":[{"width":1920,"height":450,"url":"https:\/\/www.kontinenzzentrum.ch\/wp-content\/uploads\/erkrankung-blasenentzuendung-212813-1.jpeg","type":"image\/jpeg"}],"twitter_card":"summary_large_image","twitter_misc":{"Gesch\u00e4tzte Lesezeit":"5\u00a0Minuten"},"schema":{"@context":"https:\/\/schema.org","@graph":[{"@type":"WebPage","@id":"https:\/\/www.kontinenzzentrum.ch\/de\/untersuchung-und-therapie\/konservative-therapieverfahren\/selbstkatheterismus.html","url":"https:\/\/www.kontinenzzentrum.ch\/de\/untersuchung-und-therapie\/konservative-therapieverfahren\/selbstkatheterismus.html","name":"Selbstkatheterisierung der Blase | KontinenzZentrum Hirslanden","isPartOf":{"@id":"https:\/\/www.kontinenzzentrum.ch\/de\/#website"},"primaryImageOfPage":{"@id":"https:\/\/www.kontinenzzentrum.ch\/de\/untersuchung-und-therapie\/konservative-therapieverfahren\/selbstkatheterismus.html#primaryimage"},"image":{"@id":"https:\/\/www.kontinenzzentrum.ch\/de\/untersuchung-und-therapie\/konservative-therapieverfahren\/selbstkatheterismus.html#primaryimage"},"thumbnailUrl":"https:\/\/www.kontinenzzentrum.ch\/wp-content\/uploads\/erkrankung-blasenentzuendung-212813-1.jpeg","datePublished":"2023-03-02T09:53:21+00:00","dateModified":"2025-03-24T09:56:08+00:00","description":"Intermittierende Selbstkatheterisierung ist eine hocheffektive Standardtherapie bei Funktionsst\u00f6rungen des Harntraktes. Mehr Infos finden Sie hier \u25ba\u25ba","breadcrumb":{"@id":"https:\/\/www.kontinenzzentrum.ch\/de\/untersuchung-und-therapie\/konservative-therapieverfahren\/selbstkatheterismus.html#breadcrumb"},"inLanguage":"de","potentialAction":[{"@type":"ReadAction","target":["https:\/\/www.kontinenzzentrum.ch\/de\/untersuchung-und-therapie\/konservative-therapieverfahren\/selbstkatheterismus.html"]}]},{"@type":"ImageObject","inLanguage":"de","@id":"https:\/\/www.kontinenzzentrum.ch\/de\/untersuchung-und-therapie\/konservative-therapieverfahren\/selbstkatheterismus.html#primaryimage","url":"https:\/\/www.kontinenzzentrum.ch\/wp-content\/uploads\/erkrankung-blasenentzuendung-212813-1.jpeg","contentUrl":"https:\/\/www.kontinenzzentrum.ch\/wp-content\/uploads\/erkrankung-blasenentzuendung-212813-1.jpeg","width":1920,"height":450},{"@type":"BreadcrumbList","@id":"https:\/\/www.kontinenzzentrum.ch\/de\/untersuchung-und-therapie\/konservative-therapieverfahren\/selbstkatheterismus.html#breadcrumb","itemListElement":[{"@type":"ListItem","position":1,"name":"Startseite","item":"https:\/\/www.kontinenzzentrum.ch\/de"},{"@type":"ListItem","position":2,"name":"Untersuchung &#038; Therapie","item":"https:\/\/www.kontinenzzentrum.ch\/de\/untersuchung-und-therapie.html"},{"@type":"ListItem","position":3,"name":"Konservative Therapieverfahren","item":"https:\/\/www.kontinenzzentrum.ch\/de\/untersuchung-und-therapie\/konservative-therapieverfahren.html"},{"@type":"ListItem","position":4,"name":"Selbstkatheterismus"}]},{"@type":"WebSite","@id":"https:\/\/www.kontinenzzentrum.ch\/de\/#website","url":"https:\/\/www.kontinenzzentrum.ch\/de\/","name":"KontinenzZentrum Hirslanden Z\u00fcrich","description":"KontinenzZentrum Hirslanden Z\u00fcrich: Blasenst\u00f6rungen & Inkontinenz","publisher":{"@id":"https:\/\/www.kontinenzzentrum.ch\/de\/#organization"},"potentialAction":[{"@type":"SearchAction","target":{"@type":"EntryPoint","urlTemplate":"https:\/\/www.kontinenzzentrum.ch\/de\/?s={search_term_string}"},"query-input":{"@type":"PropertyValueSpecification","valueRequired":true,"valueName":"search_term_string"}}],"inLanguage":"de"},{"@type":"Organization","@id":"https:\/\/www.kontinenzzentrum.ch\/de\/#organization","name":"KontinenzZentrum Hirslanden Z\u00fcrich","url":"https:\/\/www.kontinenzzentrum.ch\/de\/","logo":{"@type":"ImageObject","inLanguage":"de","@id":"https:\/\/www.kontinenzzentrum.ch\/de\/#\/schema\/logo\/image\/","url":"https:\/\/www.kontinenzzentrum.ch\/wp-content\/uploads\/Logo_KontinenzZentrum.png","contentUrl":"https:\/\/www.kontinenzzentrum.ch\/wp-content\/uploads\/Logo_KontinenzZentrum.png","width":800,"height":142,"caption":"KontinenzZentrum Hirslanden Z\u00fcrich"},"image":{"@id":"https:\/\/www.kontinenzzentrum.ch\/de\/#\/schema\/logo\/image\/"}}]}},"_links":{"self":[{"href":"https:\/\/www.kontinenzzentrum.ch\/de\/wp-json\/wp\/v2\/pages\/1358","targetHints":{"allow":["GET"]}}],"collection":[{"href":"https:\/\/www.kontinenzzentrum.ch\/de\/wp-json\/wp\/v2\/pages"}],"about":[{"href":"https:\/\/www.kontinenzzentrum.ch\/de\/wp-json\/wp\/v2\/types\/page"}],"author":[{"embeddable":true,"href":"https:\/\/www.kontinenzzentrum.ch\/de\/wp-json\/wp\/v2\/users\/1"}],"replies":[{"embeddable":true,"href":"https:\/\/www.kontinenzzentrum.ch\/de\/wp-json\/wp\/v2\/comments?post=1358"}],"version-history":[{"count":9,"href":"https:\/\/www.kontinenzzentrum.ch\/de\/wp-json\/wp\/v2\/pages\/1358\/revisions"}],"predecessor-version":[{"id":4253,"href":"https:\/\/www.kontinenzzentrum.ch\/de\/wp-json\/wp\/v2\/pages\/1358\/revisions\/4253"}],"up":[{"embeddable":true,"href":"https:\/\/www.kontinenzzentrum.ch\/de\/wp-json\/wp\/v2\/pages\/1311"}],"wp:featuredmedia":[{"embeddable":true,"href":"https:\/\/www.kontinenzzentrum.ch\/de\/wp-json\/wp\/v2\/media\/679"}],"wp:attachment":[{"href":"https:\/\/www.kontinenzzentrum.ch\/de\/wp-json\/wp\/v2\/media?parent=1358"}],"curies":[{"name":"wp","href":"https:\/\/api.w.org\/{rel}","templated":true}]}}