{"id":1366,"date":"2023-03-02T10:56:45","date_gmt":"2023-03-02T09:56:45","guid":{"rendered":"https:\/\/www.kontinenzzentrum.ch\/?page_id=1366"},"modified":"2025-01-28T16:54:29","modified_gmt":"2025-01-28T15:54:29","slug":"tens-therapie-des-tibialisnerven","status":"publish","type":"page","link":"https:\/\/www.kontinenzzentrum.ch\/de\/untersuchung-und-therapie\/konservative-therapieverfahren\/tens-therapie-des-tibialisnerven.html","title":{"rendered":"TENS-Therapie des Tibialisnerven"},"content":{"rendered":"<div id=\"pl-1366\"  class=\"panel-layout\" ><div id=\"pg-1366-0\"  class=\"panel-grid panel-no-style\" ><div id=\"pgc-1366-0-0\"  class=\"panel-grid-cell\" ><div id=\"panel-1366-0-0-0\" class=\"so-panel widget widget_sow-editor panel-first-child panel-last-child\" data-index=\"0\" ><div\n\t\t\t\n\t\t\tclass=\"so-widget-sow-editor so-widget-sow-editor-base\"\n\t\t\t\n\t\t>\n<div class=\"siteorigin-widget-tinymce textwidget\">\n\t<h1>TENS-Therapie des Tibialisnerven<\/h1>\n<h2>Elektrische Stimulation des Tibialisnerven als Heimtherapie<\/h2>\n<p>Der Tibialis- oder Schienbeinnerv ist einer der beiden Hauptverzweigungen des Ischiasnerven, steuert einige Muskeln des Ober- und Unterschenkels und leitet die sensible Impulse vom der Haut es Unterschenkels zum tiefen R\u00fcckenmark.<\/p>\n<p>Ist der Tibialisnerv gel\u00e4hmt, so bereitet das Gehen Schwierigkeiten und der betroffene Mensch kann sich nicht mehr auf die Zehen stellen, da die Zehenbeuger ausgefallen sind. Eine elektrische Stimulation des Tibialisnerven erm\u00f6glicht eine effektive Behandlung von verschiedenen St\u00f6rungen der Blasenfunktion. Bei der Stimulation wird der Nerve einige Zentimeter oberhalb des Innenkn\u00f6chels \u00fcber eine Nadel- oder Elektrode gereizt. Die Stimulation ist nicht schmerzhaft, die Patientin oder der Patient sitzt entspannt in einem Sessel und bemerkt lediglich ein Kribbeln oder eine milde Streckbewegung im Fu\u00df. Die Stimulation bewirkt eine Aktivierung von sensiblen, ins R\u00fcckenmark aufsteigenden Nervenbahnen im Tibialisnerven, die nach ihrem Eintritt ins R\u00fcckenmark mit Nervenbahnen zur Blase kommunizieren und deren Funktion beeinflussen k\u00f6nnen.<\/p>\n<p>Dieser auch Neuromodulation genannte Vorgang kann zum Beispiel eine \u00fcberaktive Blase beruhigen und eine gewisse Normalisierung der Blasenfunktion erm\u00f6glichen. Eine einzelne Stimulationssitzung dauert 30 Minuten und kann ambulant durchgef\u00fchrt werden. Ein Behandlungszyklus beinhaltet 12 Stimulationen, zun\u00e4chst im w\u00f6chentlichen und sp\u00e4ter auch in gr\u00f6\u00dferem Abstand. Schon seit vielen Jahren wird die Stimulation des Tibialisnerven zur Behandlung der \u00fcberaktiven Blase und der Dranginkontinenz erfolgreich eingesetzt.<\/p>\n<p>In mehreren Studien wurden Erfolgsraten zwischen 60% und 80% ermittelt, wobei sich der Erfolg der Behandlung als ein R\u00fcckgang der Entleerungsfrequenz am Tage und in der Nacht sowie der H\u00e4ufigkeit eines unfreiwilligen Harnverlustes bemerkbar machte. Auch f\u00fcr Patienten mit einer interstitiellen Zystitis konnte der Nachweis erbracht werden, dass durch eine Stimulation des Tibialisnerven eine gewisse Symptomlinderung m\u00f6glich ist.<\/p>\n<\/div>\n<\/div><\/div><\/div><\/div><div id=\"pg-1366-1\"  class=\"panel-grid panel-no-style\" ><div id=\"pgc-1366-1-0\"  class=\"panel-grid-cell\" ><div id=\"panel-1366-1-0-0\" class=\"so-panel widget widget_fn-info-box-widget panel-first-child panel-last-child\" data-index=\"1\" ><div\n\t\t\t\n\t\t\tclass=\"so-widget-fn-info-box-widget so-widget-fn-info-box-widget-base\"\n\t\t\t\n\t\t><div class=\"uk-child-width-1-1 uk-grid-match\" uk-grid><div>\n        <div class=\"fn-info-box-title\">\n          <div class=\"uk-grid-small\" uk-grid>            <div class=\"uk-width-auto\"><img decoding=\"async\" src=\"https:\/\/www.kontinenzzentrum.ch\/wp-content\/uploads\/ICON_info.svg\" class=\"attachment-small size-small\" alt=\"\" \/>            <\/div>            <div class=\"uk-width-expand\">\n              <h4 class=\"uk-h3\">Informieren Sie sich \u00fcber Neuromodulation des Tibialisnerven<\/h4>\n            <\/div>\n          <\/div>\n        <\/div>\n        <div class=\"fn-info-box-content\">\n              <p>Sie sind von einer \u00fcberaktiven Blase betroffen und m\u00f6chten sich \u00fcber Behandlungsm\u00f6glichkeiten informieren? Unsere Spezialisten beraten Sie zu Ihren M\u00f6glichkeiten wie der TENS-Therapie des Tibialisnerven.<\/p>\n<p>Sie erreichen unser KontinenzZentrum in Hirslanden, Z\u00fcrich telefonisch oder per E-Mail unter <b><a class=\"\" href=\"mailto:kontinenzzentrum.hirslanden@hirslanden.ch\">kontinenzzentrum.hirslanden@hirslanden.ch.<\/a> <\/b>Nutzen Sie auch unsere Online Terminvereinbarung!<\/p>\n<p><div class=\"uk-flex uk-child-width-auto uk-grid-small\" uk-grid><div><a class=\"uk-button uk-button-primary\" href=\"tel:+41443872910\"><i class=\"fas fa-phone-alt uk-margin-small-right\"><\/i>+41 44 387 29 10<\/a><\/div><div><a class=\"uk-button uk-button-primary\" href=\"https:\/\/www.kontinenzzentrum.ch\/de\/ueber-uns\/termin.html\"><i class=\"fas fa-comments uk-margin-small-right\"><\/i>Online Terminvereinbarung<\/a><\/div><\/div><\/p>\n        <\/div>\n      <\/div><\/div><\/div><\/div><\/div><\/div><\/div>","protected":false},"excerpt":{"rendered":"<p>TENS-Therapie des Tibialisnerven Elektrische Stimulation des Tibialisnerven als Heimtherapie Der Tibialis- oder Schienbeinnerv ist einer der beiden Hauptverzweigungen des Ischiasnerven, steuert einige Muskeln des Ober- und Unterschenkels und leitet die sensible Impulse vom der Haut es Unterschenkels zum tiefen R\u00fcckenmark. Ist der Tibialisnerv gel\u00e4hmt, so bereitet das Gehen Schwierigkeiten und der betroffene Mensch kann sich [&hellip;]<\/p>\n","protected":false},"author":1,"featured_media":1318,"parent":1311,"menu_order":0,"comment_status":"closed","ping_status":"closed","template":"","meta":{"_acf_changed":false,"footnotes":""},"class_list":["post-1366","page","type-page","status-publish","has-post-thumbnail","hentry"],"acf":[],"yoast_head":"<!-- This site is optimized with the Yoast SEO plugin v26.9 - https:\/\/yoast.com\/product\/yoast-seo-wordpress\/ -->\n<title>Stimulation des Tibialisnerven<\/title>\n<meta name=\"robots\" content=\"index, follow, max-snippet:-1, max-image-preview:large, max-video-preview:-1\" \/>\n<link rel=\"canonical\" href=\"https:\/\/www.kontinenzzentrum.ch\/de\/untersuchung-und-therapie\/konservative-therapieverfahren\/tens-therapie-des-tibialisnerven.html\" \/>\n<meta property=\"og:locale\" content=\"de_DE\" \/>\n<meta property=\"og:type\" content=\"article\" \/>\n<meta property=\"og:title\" content=\"Stimulation des Tibialisnerven\" \/>\n<meta property=\"og:description\" content=\"TENS-Therapie des Tibialisnerven Elektrische Stimulation des Tibialisnerven als Heimtherapie Der Tibialis- oder Schienbeinnerv ist einer der beiden Hauptverzweigungen des Ischiasnerven, steuert einige Muskeln des Ober- und Unterschenkels und leitet die sensible Impulse vom der Haut es Unterschenkels zum tiefen R\u00fcckenmark. Ist der Tibialisnerv gel\u00e4hmt, so bereitet das Gehen Schwierigkeiten und der betroffene Mensch kann sich [&hellip;]\" \/>\n<meta property=\"og:url\" content=\"https:\/\/www.kontinenzzentrum.ch\/de\/untersuchung-und-therapie\/konservative-therapieverfahren\/tens-therapie-des-tibialisnerven.html\" \/>\n<meta property=\"og:site_name\" content=\"KontinenzZentrum\" \/>\n<meta property=\"article:modified_time\" content=\"2025-01-28T15:54:29+00:00\" \/>\n<meta property=\"og:image\" content=\"https:\/\/www.kontinenzzentrum.ch\/wp-content\/uploads\/kompetenz-beckenboden-213163.jpeg\" \/>\n\t<meta property=\"og:image:width\" content=\"1920\" \/>\n\t<meta property=\"og:image:height\" content=\"450\" \/>\n\t<meta property=\"og:image:type\" content=\"image\/jpeg\" \/>\n<meta name=\"twitter:card\" content=\"summary_large_image\" \/>\n<meta name=\"twitter:label1\" content=\"Gesch\u00e4tzte Lesezeit\" \/>\n\t<meta name=\"twitter:data1\" content=\"3\u00a0Minuten\" \/>\n<script type=\"application\/ld+json\" class=\"yoast-schema-graph\">{\"@context\":\"https:\/\/schema.org\",\"@graph\":[{\"@type\":\"WebPage\",\"@id\":\"https:\/\/www.kontinenzzentrum.ch\/de\/untersuchung-und-therapie\/konservative-therapieverfahren\/tens-therapie-des-tibialisnerven.html\",\"url\":\"https:\/\/www.kontinenzzentrum.ch\/de\/untersuchung-und-therapie\/konservative-therapieverfahren\/tens-therapie-des-tibialisnerven.html\",\"name\":\"Stimulation des Tibialisnerven\",\"isPartOf\":{\"@id\":\"https:\/\/www.kontinenzzentrum.ch\/de\/#website\"},\"primaryImageOfPage\":{\"@id\":\"https:\/\/www.kontinenzzentrum.ch\/de\/untersuchung-und-therapie\/konservative-therapieverfahren\/tens-therapie-des-tibialisnerven.html#primaryimage\"},\"image\":{\"@id\":\"https:\/\/www.kontinenzzentrum.ch\/de\/untersuchung-und-therapie\/konservative-therapieverfahren\/tens-therapie-des-tibialisnerven.html#primaryimage\"},\"thumbnailUrl\":\"https:\/\/www.kontinenzzentrum.ch\/wp-content\/uploads\/kompetenz-beckenboden-213163.jpeg\",\"datePublished\":\"2023-03-02T09:56:45+00:00\",\"dateModified\":\"2025-01-28T15:54:29+00:00\",\"breadcrumb\":{\"@id\":\"https:\/\/www.kontinenzzentrum.ch\/de\/untersuchung-und-therapie\/konservative-therapieverfahren\/tens-therapie-des-tibialisnerven.html#breadcrumb\"},\"inLanguage\":\"de\",\"potentialAction\":[{\"@type\":\"ReadAction\",\"target\":[\"https:\/\/www.kontinenzzentrum.ch\/de\/untersuchung-und-therapie\/konservative-therapieverfahren\/tens-therapie-des-tibialisnerven.html\"]}]},{\"@type\":\"ImageObject\",\"inLanguage\":\"de\",\"@id\":\"https:\/\/www.kontinenzzentrum.ch\/de\/untersuchung-und-therapie\/konservative-therapieverfahren\/tens-therapie-des-tibialisnerven.html#primaryimage\",\"url\":\"https:\/\/www.kontinenzzentrum.ch\/wp-content\/uploads\/kompetenz-beckenboden-213163.jpeg\",\"contentUrl\":\"https:\/\/www.kontinenzzentrum.ch\/wp-content\/uploads\/kompetenz-beckenboden-213163.jpeg\",\"width\":1920,\"height\":450},{\"@type\":\"BreadcrumbList\",\"@id\":\"https:\/\/www.kontinenzzentrum.ch\/de\/untersuchung-und-therapie\/konservative-therapieverfahren\/tens-therapie-des-tibialisnerven.html#breadcrumb\",\"itemListElement\":[{\"@type\":\"ListItem\",\"position\":1,\"name\":\"Startseite\",\"item\":\"https:\/\/www.kontinenzzentrum.ch\/de\"},{\"@type\":\"ListItem\",\"position\":2,\"name\":\"Untersuchung &#038; Therapie\",\"item\":\"https:\/\/www.kontinenzzentrum.ch\/de\/untersuchung-und-therapie.html\"},{\"@type\":\"ListItem\",\"position\":3,\"name\":\"Konservative Therapieverfahren\",\"item\":\"https:\/\/www.kontinenzzentrum.ch\/de\/untersuchung-und-therapie\/konservative-therapieverfahren.html\"},{\"@type\":\"ListItem\",\"position\":4,\"name\":\"TENS-Therapie des Tibialisnerven\"}]},{\"@type\":\"WebSite\",\"@id\":\"https:\/\/www.kontinenzzentrum.ch\/de\/#website\",\"url\":\"https:\/\/www.kontinenzzentrum.ch\/de\/\",\"name\":\"KontinenzZentrum Hirslanden Z\u00fcrich\",\"description\":\"KontinenzZentrum Hirslanden Z\u00fcrich: Blasenst\u00f6rungen & Inkontinenz\",\"publisher\":{\"@id\":\"https:\/\/www.kontinenzzentrum.ch\/de\/#organization\"},\"potentialAction\":[{\"@type\":\"SearchAction\",\"target\":{\"@type\":\"EntryPoint\",\"urlTemplate\":\"https:\/\/www.kontinenzzentrum.ch\/de\/?s={search_term_string}\"},\"query-input\":{\"@type\":\"PropertyValueSpecification\",\"valueRequired\":true,\"valueName\":\"search_term_string\"}}],\"inLanguage\":\"de\"},{\"@type\":\"Organization\",\"@id\":\"https:\/\/www.kontinenzzentrum.ch\/de\/#organization\",\"name\":\"KontinenzZentrum Hirslanden Z\u00fcrich\",\"url\":\"https:\/\/www.kontinenzzentrum.ch\/de\/\",\"logo\":{\"@type\":\"ImageObject\",\"inLanguage\":\"de\",\"@id\":\"https:\/\/www.kontinenzzentrum.ch\/de\/#\/schema\/logo\/image\/\",\"url\":\"https:\/\/www.kontinenzzentrum.ch\/wp-content\/uploads\/Logo_KontinenzZentrum.png\",\"contentUrl\":\"https:\/\/www.kontinenzzentrum.ch\/wp-content\/uploads\/Logo_KontinenzZentrum.png\",\"width\":800,\"height\":142,\"caption\":\"KontinenzZentrum Hirslanden Z\u00fcrich\"},\"image\":{\"@id\":\"https:\/\/www.kontinenzzentrum.ch\/de\/#\/schema\/logo\/image\/\"}}]}<\/script>\n<!-- \/ Yoast SEO plugin. -->","yoast_head_json":{"title":"Stimulation des Tibialisnerven","robots":{"index":"index","follow":"follow","max-snippet":"max-snippet:-1","max-image-preview":"max-image-preview:large","max-video-preview":"max-video-preview:-1"},"canonical":"https:\/\/www.kontinenzzentrum.ch\/de\/untersuchung-und-therapie\/konservative-therapieverfahren\/tens-therapie-des-tibialisnerven.html","og_locale":"de_DE","og_type":"article","og_title":"Stimulation des Tibialisnerven","og_description":"TENS-Therapie des Tibialisnerven Elektrische Stimulation des Tibialisnerven als Heimtherapie Der Tibialis- oder Schienbeinnerv ist einer der beiden Hauptverzweigungen des Ischiasnerven, steuert einige Muskeln des Ober- und Unterschenkels und leitet die sensible Impulse vom der Haut es Unterschenkels zum tiefen R\u00fcckenmark. Ist der Tibialisnerv gel\u00e4hmt, so bereitet das Gehen Schwierigkeiten und der betroffene Mensch kann sich [&hellip;]","og_url":"https:\/\/www.kontinenzzentrum.ch\/de\/untersuchung-und-therapie\/konservative-therapieverfahren\/tens-therapie-des-tibialisnerven.html","og_site_name":"KontinenzZentrum","article_modified_time":"2025-01-28T15:54:29+00:00","og_image":[{"width":1920,"height":450,"url":"https:\/\/www.kontinenzzentrum.ch\/wp-content\/uploads\/kompetenz-beckenboden-213163.jpeg","type":"image\/jpeg"}],"twitter_card":"summary_large_image","twitter_misc":{"Gesch\u00e4tzte Lesezeit":"3\u00a0Minuten"},"schema":{"@context":"https:\/\/schema.org","@graph":[{"@type":"WebPage","@id":"https:\/\/www.kontinenzzentrum.ch\/de\/untersuchung-und-therapie\/konservative-therapieverfahren\/tens-therapie-des-tibialisnerven.html","url":"https:\/\/www.kontinenzzentrum.ch\/de\/untersuchung-und-therapie\/konservative-therapieverfahren\/tens-therapie-des-tibialisnerven.html","name":"Stimulation des Tibialisnerven","isPartOf":{"@id":"https:\/\/www.kontinenzzentrum.ch\/de\/#website"},"primaryImageOfPage":{"@id":"https:\/\/www.kontinenzzentrum.ch\/de\/untersuchung-und-therapie\/konservative-therapieverfahren\/tens-therapie-des-tibialisnerven.html#primaryimage"},"image":{"@id":"https:\/\/www.kontinenzzentrum.ch\/de\/untersuchung-und-therapie\/konservative-therapieverfahren\/tens-therapie-des-tibialisnerven.html#primaryimage"},"thumbnailUrl":"https:\/\/www.kontinenzzentrum.ch\/wp-content\/uploads\/kompetenz-beckenboden-213163.jpeg","datePublished":"2023-03-02T09:56:45+00:00","dateModified":"2025-01-28T15:54:29+00:00","breadcrumb":{"@id":"https:\/\/www.kontinenzzentrum.ch\/de\/untersuchung-und-therapie\/konservative-therapieverfahren\/tens-therapie-des-tibialisnerven.html#breadcrumb"},"inLanguage":"de","potentialAction":[{"@type":"ReadAction","target":["https:\/\/www.kontinenzzentrum.ch\/de\/untersuchung-und-therapie\/konservative-therapieverfahren\/tens-therapie-des-tibialisnerven.html"]}]},{"@type":"ImageObject","inLanguage":"de","@id":"https:\/\/www.kontinenzzentrum.ch\/de\/untersuchung-und-therapie\/konservative-therapieverfahren\/tens-therapie-des-tibialisnerven.html#primaryimage","url":"https:\/\/www.kontinenzzentrum.ch\/wp-content\/uploads\/kompetenz-beckenboden-213163.jpeg","contentUrl":"https:\/\/www.kontinenzzentrum.ch\/wp-content\/uploads\/kompetenz-beckenboden-213163.jpeg","width":1920,"height":450},{"@type":"BreadcrumbList","@id":"https:\/\/www.kontinenzzentrum.ch\/de\/untersuchung-und-therapie\/konservative-therapieverfahren\/tens-therapie-des-tibialisnerven.html#breadcrumb","itemListElement":[{"@type":"ListItem","position":1,"name":"Startseite","item":"https:\/\/www.kontinenzzentrum.ch\/de"},{"@type":"ListItem","position":2,"name":"Untersuchung &#038; Therapie","item":"https:\/\/www.kontinenzzentrum.ch\/de\/untersuchung-und-therapie.html"},{"@type":"ListItem","position":3,"name":"Konservative Therapieverfahren","item":"https:\/\/www.kontinenzzentrum.ch\/de\/untersuchung-und-therapie\/konservative-therapieverfahren.html"},{"@type":"ListItem","position":4,"name":"TENS-Therapie des Tibialisnerven"}]},{"@type":"WebSite","@id":"https:\/\/www.kontinenzzentrum.ch\/de\/#website","url":"https:\/\/www.kontinenzzentrum.ch\/de\/","name":"KontinenzZentrum Hirslanden Z\u00fcrich","description":"KontinenzZentrum Hirslanden Z\u00fcrich: Blasenst\u00f6rungen & Inkontinenz","publisher":{"@id":"https:\/\/www.kontinenzzentrum.ch\/de\/#organization"},"potentialAction":[{"@type":"SearchAction","target":{"@type":"EntryPoint","urlTemplate":"https:\/\/www.kontinenzzentrum.ch\/de\/?s={search_term_string}"},"query-input":{"@type":"PropertyValueSpecification","valueRequired":true,"valueName":"search_term_string"}}],"inLanguage":"de"},{"@type":"Organization","@id":"https:\/\/www.kontinenzzentrum.ch\/de\/#organization","name":"KontinenzZentrum Hirslanden Z\u00fcrich","url":"https:\/\/www.kontinenzzentrum.ch\/de\/","logo":{"@type":"ImageObject","inLanguage":"de","@id":"https:\/\/www.kontinenzzentrum.ch\/de\/#\/schema\/logo\/image\/","url":"https:\/\/www.kontinenzzentrum.ch\/wp-content\/uploads\/Logo_KontinenzZentrum.png","contentUrl":"https:\/\/www.kontinenzzentrum.ch\/wp-content\/uploads\/Logo_KontinenzZentrum.png","width":800,"height":142,"caption":"KontinenzZentrum Hirslanden Z\u00fcrich"},"image":{"@id":"https:\/\/www.kontinenzzentrum.ch\/de\/#\/schema\/logo\/image\/"}}]}},"_links":{"self":[{"href":"https:\/\/www.kontinenzzentrum.ch\/de\/wp-json\/wp\/v2\/pages\/1366","targetHints":{"allow":["GET"]}}],"collection":[{"href":"https:\/\/www.kontinenzzentrum.ch\/de\/wp-json\/wp\/v2\/pages"}],"about":[{"href":"https:\/\/www.kontinenzzentrum.ch\/de\/wp-json\/wp\/v2\/types\/page"}],"author":[{"embeddable":true,"href":"https:\/\/www.kontinenzzentrum.ch\/de\/wp-json\/wp\/v2\/users\/1"}],"replies":[{"embeddable":true,"href":"https:\/\/www.kontinenzzentrum.ch\/de\/wp-json\/wp\/v2\/comments?post=1366"}],"version-history":[{"count":4,"href":"https:\/\/www.kontinenzzentrum.ch\/de\/wp-json\/wp\/v2\/pages\/1366\/revisions"}],"predecessor-version":[{"id":4164,"href":"https:\/\/www.kontinenzzentrum.ch\/de\/wp-json\/wp\/v2\/pages\/1366\/revisions\/4164"}],"up":[{"embeddable":true,"href":"https:\/\/www.kontinenzzentrum.ch\/de\/wp-json\/wp\/v2\/pages\/1311"}],"wp:featuredmedia":[{"embeddable":true,"href":"https:\/\/www.kontinenzzentrum.ch\/de\/wp-json\/wp\/v2\/media\/1318"}],"wp:attachment":[{"href":"https:\/\/www.kontinenzzentrum.ch\/de\/wp-json\/wp\/v2\/media?parent=1366"}],"curies":[{"name":"wp","href":"https:\/\/api.w.org\/{rel}","templated":true}]}}