{"id":1390,"date":"2023-03-02T11:40:42","date_gmt":"2023-03-02T10:40:42","guid":{"rendered":"https:\/\/www.kontinenzzentrum.ch\/?page_id=1390"},"modified":"2025-01-28T15:44:46","modified_gmt":"2025-01-28T14:44:46","slug":"ams-800-schliessmuskelprothese","status":"publish","type":"page","link":"https:\/\/www.kontinenzzentrum.ch\/de\/untersuchung-und-therapie\/operationen-bei-harninkontinenz\/ams-800-schliessmuskelprothese.html","title":{"rendered":"AMS 800 Schliessmuskelprothese"},"content":{"rendered":"<div id=\"pl-1390\"  class=\"panel-layout\" ><div id=\"pg-1390-0\"  class=\"panel-grid panel-no-style\" ><div id=\"pgc-1390-0-0\"  class=\"panel-grid-cell\" ><div id=\"panel-1390-0-0-0\" class=\"so-panel widget widget_sow-editor panel-first-child panel-last-child\" data-index=\"0\" ><div\n\t\t\t\n\t\t\tclass=\"so-widget-sow-editor so-widget-sow-editor-base\"\n\t\t\t\n\t\t>\n<div class=\"siteorigin-widget-tinymce textwidget\">\n\t<h1>Schliessmuskelprothese AMS 800<\/h1>\n<h2>Hydraulische Harnr\u00f6hrenschliessmuskelprothese als wirksame Therapie bei Inkontinenz<\/h2>\n<\/div>\n<\/div><\/div><\/div><\/div><div id=\"pg-1390-1\"  class=\"panel-grid panel-no-style\" ><div id=\"pgc-1390-1-0\"  class=\"panel-grid-cell\" ><div id=\"panel-1390-1-0-0\" class=\"so-panel widget widget_sow-editor panel-first-child panel-last-child\" data-index=\"1\" ><div\n\t\t\t\n\t\t\tclass=\"so-widget-sow-editor so-widget-sow-editor-base\"\n\t\t\t\n\t\t>\n<div class=\"siteorigin-widget-tinymce textwidget\">\n\t<h3>Aufbau und Komponenten einer Schliessmuskelprothese<\/h3>\n<p>Ein k\u00fcnstlicher Harnr\u00f6hrenschliessmuskel, eine\u00a0<strong>Schliessmuskelprothese<\/strong>, ist gleicherma\u00dfen f\u00fcr M\u00e4nner wie f\u00fcr Frauen geeignet. Die Prothese besteht aus drei Komponenten: einer Harnr\u00f6hrenmanschette, einer Bedienpumpe und einem Ballon. Die Komponenten der Schliessmuskelprothese sind untereinander mit Silikonschl\u00e4uchen verbunden und bilden eine in sich geschlossene und vollst\u00e4ndig in den K\u00f6rper implantierte Einheit.<\/p>\n<p>Die Manschette dient dem Verschluss der Harnr\u00f6hre und sorgt daf\u00fcr, einen ungewollten Harnverlust zu vermeiden. Die Manschette wird mit Fl\u00fcssigkeit gef\u00fcllt und verschlie\u00dft den Harnr\u00f6hrenhohlraum durch Druck von au\u00dfen. Dieser Verschluss ist idealerweise wasserdicht und sch\u00fctzt vor einem ungewollten Harnverlust.<\/p>\n<p>Wenn die\u00a0<a href=\"https:\/\/www.kontinenzzentrum.ch\/de\/untersuchung-und-therapie.html\">Blase<\/a>\u00a0von Zeit zu Zeit entleert werden muss, so kommen ein \u00d6ffnungsmechanismus und die anderen beiden Komponenten der Schliessmuskelprothese ins Spiel.<\/p>\n<h3>Funktionsweise einer Schliessmuskelprothes<\/h3>\n<p>Mit Hilfe der Bedienpumpe der\u00a0<strong>Schliessmuskelprothese<\/strong>\u00a0kann die Fl\u00fcssigkeit aus der Manschette gepumpt werden, der Druck auf die Harnr\u00f6hre l\u00e4sst nach und gibt den Weg frei f\u00fcr die gewollte Entleerung der Blase. W\u00e4hrend der Entleerung der Blase f\u00e4ngt der Ballon die aus der Manschette abgeleitete Fl\u00fcssigkeit auf und speichert sie f\u00fcr einen kurzen Moment. Der Ballon der Schliessmuskelprothese befindet sich direkt neben der Blase oder kann in den Bauchraum platziert werden, er wird zudem mit einem gewissen \u00dcberdruck gef\u00fcllt. Dieser Druck bewirkt, dass die Fl\u00fcssigkeit nach dem Wasserlassen innerhalb von wenigen Minuten automatisch vom Ballon zur\u00fcck in die Manschette flie\u00dft, und diese die Harnr\u00f6hre wieder verschlie\u00dft.<\/p>\n<\/div>\n<\/div><\/div><\/div><div id=\"pgc-1390-1-1\"  class=\"panel-grid-cell\" ><div id=\"panel-1390-1-1-0\" class=\"so-panel widget widget_fn-image-text-widget panel-first-child panel-last-child\" data-index=\"2\" ><div\n\t\t\t\n\t\t\tclass=\"so-widget-fn-image-text-widget so-widget-fn-image-text-widget-base\"\n\t\t\t\n\t\t><div class=\"uk-child-width-1-1 uk-child-width-1-1@s uk-child-width-1-1@m uk-grid-match\" uk-grid><div><div class=\"uk-card-media-top\">\n                <img decoding=\"async\" width=\"590\" height=\"645\" src=\"https:\/\/www.kontinenzzentrum.ch\/wp-content\/uploads\/ams-800-sphinkterprothese.jpeg\" class=\"attachment-full size-full\" alt=\"Schliessmuskelprothese AMS 800\" srcset=\"https:\/\/www.kontinenzzentrum.ch\/wp-content\/uploads\/ams-800-sphinkterprothese.jpeg 590w, https:\/\/www.kontinenzzentrum.ch\/wp-content\/uploads\/ams-800-sphinkterprothese-274x300.jpeg 274w\" sizes=\"(max-width: 590px) 100vw, 590px\" \/>            <\/div><div class=\"fn-text-image uk-background-muted\">\n              <p>Abb.: So ist eine Schliessmuskelprothese AMS 800 aufgebaut<br \/>\n(1) Ballon zur Druckregulierung,<br \/>\n(2) Verschlussmanschette um die Harnr\u00f6hre,<br \/>\n(3) Pumpe zum \u00d6ffnen der Verschlussmanschette<\/p>\n          <\/div>\n      <\/div><\/div><\/div><\/div><\/div><\/div><div id=\"pg-1390-2\"  class=\"panel-grid panel-no-style\" ><div id=\"pgc-1390-2-0\"  class=\"panel-grid-cell\" ><div id=\"panel-1390-2-0-0\" class=\"so-panel widget widget_sow-editor panel-first-child panel-last-child\" data-index=\"3\" ><div\n\t\t\t\n\t\t\tclass=\"so-widget-sow-editor so-widget-sow-editor-base\"\n\t\t\t\n\t\t>\n<div class=\"siteorigin-widget-tinymce textwidget\">\n\t<p>Die manuelle \u00d6ffnung der\u00a0<strong>Schliessmuskelprothese<\/strong>\u00a0wird einige Mal am Tage, jedes Mal vor dem Wasserlassen von der Tr\u00e4gerin oder dem Tr\u00e4ger der Prothese selbst durch Bet\u00e4tigung der Bedienpumpe vorgenommen. Die Bedienpumpe wird beim Mann unter die Haut des Hodensackes und bei der Frau unter die Haut der gro\u00dfen Schamlippe platziert und kann durch die Haut hindurch getastet und bet\u00e4tigt werden. Bei rechtsh\u00e4ndigen M\u00e4nnern und Frauen wird die Pumpe auf die rechte K\u00f6rperseite implantiert, bei Linksh\u00e4ndern entsprechend links. Die Handhabung der Bedienpumpe erfordert etwas manuelle Geschicklichkeit, wird aber nach einer kurzen Trainingsphase sicher beherrscht und im Alltag ohne Probleme mehrfach am Tage vorgenommen.<\/p>\n<\/div>\n<\/div><\/div><\/div><\/div><div id=\"pg-1390-3\"  class=\"panel-grid panel-no-style\" ><div id=\"pgc-1390-3-0\"  class=\"panel-grid-cell\" ><div id=\"panel-1390-3-0-0\" class=\"so-panel widget widget_sow-editor panel-first-child panel-last-child\" data-index=\"4\" ><div\n\t\t\t\n\t\t\tclass=\"so-widget-sow-editor so-widget-sow-editor-base\"\n\t\t\t\n\t\t>\n<div class=\"siteorigin-widget-tinymce textwidget\">\n\t<h3>Operation zur Implantation der Schliessmuskelprothese<\/h3>\n<\/div>\n<\/div><\/div><\/div><\/div><div id=\"pg-1390-4\"  class=\"panel-grid panel-no-style\" ><div id=\"pgc-1390-4-0\"  class=\"panel-grid-cell\" ><div id=\"panel-1390-4-0-0\" class=\"so-panel widget widget_sow-editor panel-first-child panel-last-child\" data-index=\"5\" ><div\n\t\t\t\n\t\t\tclass=\"so-widget-sow-editor so-widget-sow-editor-base\"\n\t\t\t\n\t\t>\n<div class=\"siteorigin-widget-tinymce textwidget\">\n\t<p>F\u00fcr die Implantation der Schliessmuskelprothese ist ein station\u00e4rer Krankenhausaufenthalt von zirka einer Woche und eine etwa zwei- bis dreist\u00fcndige\u00a0<a href=\"https:\/\/www.kontinenzzentrum.ch\/de\/untersuchung-und-therapie\/operationen-bei-harninkontinenz.html\">Operation<\/a>\u00a0n\u00f6tig. Der Eingriff selbst wird in der Regel in einer Vollnarkose vorgenommen. Anschlie\u00dfend wird die\u00a0<strong>Schliessmuskelprothese<\/strong>\u00a0f\u00fcr einen Zeitraum von sechs Wochen blockiert, um ein vollst\u00e4ndiges Verheilen der Operationswunden zu gew\u00e4hrleisten. Sind die sechs Wochen verstrichen, kann der k\u00fcnstliche Harnr\u00f6hrenschlie\u00dfmuskel aktiviert werden und versieht dann meist \u00fcber viele Jahre zuverl\u00e4ssig seinen Dienst.<\/p>\n<p>Zumeist wird eine Schliessmuskelprothese bei M\u00e4nnern nach einer radikalen Prostataentfernung oder einer Operation der gutartigen Prostatavergr\u00f6\u00dferung mit anschlie\u00dfender Harninkontinenz implantiert. Das System gilt insbesondere in diesen F\u00e4llen als goldener Standard, da im Gegensatz zu anderen Verfahren eine vollst\u00e4ndige Kontinenz \u00fcber viele Jahre erreicht werden kann.<\/p>\n<\/div>\n<\/div><\/div><\/div><div id=\"pgc-1390-4-1\"  class=\"panel-grid-cell\" ><div id=\"panel-1390-4-1-0\" class=\"so-panel widget widget_sow-image panel-first-child panel-last-child\" data-index=\"6\" ><div\n\t\t\t\n\t\t\tclass=\"so-widget-sow-image so-widget-sow-image-default-8b5b6f678277-1390\"\n\t\t\t\n\t\t>\n<div class=\"sow-image-container\">\n\t\t<img \n\tsrc=\"https:\/\/www.kontinenzzentrum.ch\/wp-content\/uploads\/untersuchung-op-inkontinenz-ams-213538-txt.jpeg\" width=\"640\" height=\"497\" srcset=\"https:\/\/www.kontinenzzentrum.ch\/wp-content\/uploads\/untersuchung-op-inkontinenz-ams-213538-txt.jpeg 640w, https:\/\/www.kontinenzzentrum.ch\/wp-content\/uploads\/untersuchung-op-inkontinenz-ams-213538-txt-300x233.jpeg 300w\" sizes=\"(max-width: 640px) 100vw, 640px\" alt=\"Schliessmuskelprothese AMS\" \t\tclass=\"so-widget-image\"\/>\n\t<\/div>\n\n<\/div><\/div><\/div><\/div><div id=\"pg-1390-5\"  class=\"panel-grid panel-no-style\" ><div id=\"pgc-1390-5-0\"  class=\"panel-grid-cell\" ><div id=\"panel-1390-5-0-0\" class=\"so-panel widget widget_sow-editor panel-first-child panel-last-child\" data-index=\"7\" ><div\n\t\t\t\n\t\t\tclass=\"so-widget-sow-editor so-widget-sow-editor-base\"\n\t\t\t\n\t\t>\n<div class=\"siteorigin-widget-tinymce textwidget\">\n\t<p>In ge\u00fcbten H\u00e4nden sind Komplikationen sehr selten. Gef\u00fcrchtet ist die Infektion der Prothese, die eine teilweise oder vollst\u00e4ndige Entfernung des Systems n\u00f6tig machen kann.<\/p>\n<p>Nach Behandlung und Abklingen der Infektion kann eine neue\u00a0<strong>Schliessmuskelprothese<\/strong>\u00a0implantiert werden. Ein technisches Versagen des Systems kann durch ein Eindringen von Luft oder ein Abknicken der Schlauchverbindungen hervorgerufen werden.<\/p>\n<p>In einigen F\u00e4llen kann auch mit verschlossenem System ein unwillk\u00fcrlicher Harnverlust weiter bestehen, hier kann mit der Implantation einer zweiten Manschette ein wasserdichter Verschluss der Harnr\u00f6hre erreicht werden.<\/p>\n<\/div>\n<\/div><\/div><\/div><div id=\"pgc-1390-5-1\"  class=\"panel-grid-cell\" ><div id=\"panel-1390-5-1-0\" class=\"so-panel widget widget_sow-image panel-first-child panel-last-child\" data-index=\"8\" ><div\n\t\t\t\n\t\t\tclass=\"so-widget-sow-image so-widget-sow-image-default-8b5b6f678277-1390\"\n\t\t\t\n\t\t>\n<div class=\"sow-image-container\">\n\t\t<img \n\tsrc=\"https:\/\/www.kontinenzzentrum.ch\/wp-content\/uploads\/untersuchung-operation-harnroehre-10221-txt.jpeg\" width=\"640\" height=\"497\" srcset=\"https:\/\/www.kontinenzzentrum.ch\/wp-content\/uploads\/untersuchung-operation-harnroehre-10221-txt.jpeg 640w, https:\/\/www.kontinenzzentrum.ch\/wp-content\/uploads\/untersuchung-operation-harnroehre-10221-txt-300x233.jpeg 300w\" sizes=\"(max-width: 640px) 100vw, 640px\" alt=\"Station\u00e4rer Krankenhausaufenthalt  Schliessmuskelprothese \" \t\tclass=\"so-widget-image\"\/>\n\t<\/div>\n\n<\/div><\/div><\/div><\/div><div id=\"pg-1390-6\"  class=\"panel-grid panel-no-style\" ><div id=\"pgc-1390-6-0\"  class=\"panel-grid-cell\" ><div id=\"panel-1390-6-0-0\" class=\"so-panel widget widget_fn-info-box-widget panel-first-child panel-last-child\" data-index=\"9\" ><div\n\t\t\t\n\t\t\tclass=\"so-widget-fn-info-box-widget so-widget-fn-info-box-widget-base\"\n\t\t\t\n\t\t><div class=\"uk-child-width-1-1 uk-grid-match\" uk-grid><div>\n        <div class=\"fn-info-box-title\">\n          <div class=\"uk-grid-small\" uk-grid>            <div class=\"uk-width-auto\"><img decoding=\"async\" src=\"https:\/\/www.kontinenzzentrum.ch\/wp-content\/uploads\/ICON_info.svg\" class=\"attachment-small size-small\" alt=\"\" \/>            <\/div>            <div class=\"uk-width-expand\">\n              <h4 class=\"uk-h3\">Informieren Sie sich \u00fcber AMS 800 und weitere Therapiem\u00f6glichkeiten bei Inkontinenz<\/h4>\n            <\/div>\n          <\/div>\n        <\/div>\n        <div class=\"fn-info-box-content\">\n              <p>Sie sind von Inkontinenz betroffen und m\u00f6chten mehr \u00fcber die Therapiem\u00f6glichkeiten einer Schliessmuskelprothese erfahren?<\/p>\n<p><strong>Informieren Sie sich<\/strong> jetzt \u00fcber Ihre individuellen Behandlungsm\u00f6glichkeiten. Sie erreichen unser KontinenzZentrum in Hirslanden, Z\u00fcrich <strong>telefonisch<\/strong>, per <strong>E-Mail<\/strong> unter <a class=\"\" href=\"mailto:kontinenzzentrum.hirslanden@hirslanden.ch\">kontinenzzentrum.hirslanden@hirslanden.ch<\/a>\u00a0oder \u00fcber unser\u00a0<strong>Kontaktformular<\/strong>.<\/p>\n<p><div class=\"uk-flex uk-child-width-auto uk-grid-small\" uk-grid><div><a class=\"uk-button uk-button-primary\" href=\"tel:+41443872910\"><i class=\"fas fa-phone-alt uk-margin-small-right\"><\/i>+41 44 387 29 10<\/a><\/div><div><a class=\"uk-button uk-button-primary\" href=\"https:\/\/www.kontinenzzentrum.ch\/de\/ueber-uns\/termin.html\"><i class=\"fas fa-comments uk-margin-small-right\"><\/i>Online Terminvereinbarung<\/a><\/div><\/div><\/p>\n        <\/div>\n      <\/div><\/div><\/div><\/div><\/div><\/div><\/div>","protected":false},"excerpt":{"rendered":"<p>Schliessmuskelprothese AMS 800 Hydraulische Harnr\u00f6hrenschliessmuskelprothese als wirksame Therapie bei Inkontinenz Aufbau und Komponenten einer Schliessmuskelprothese Ein k\u00fcnstlicher Harnr\u00f6hrenschliessmuskel, eine\u00a0Schliessmuskelprothese, ist gleicherma\u00dfen f\u00fcr M\u00e4nner wie f\u00fcr Frauen geeignet. Die Prothese besteht aus drei Komponenten: einer Harnr\u00f6hrenmanschette, einer Bedienpumpe und einem Ballon. Die Komponenten der Schliessmuskelprothese sind untereinander mit Silikonschl\u00e4uchen verbunden und bilden eine in sich geschlossene [&hellip;]<\/p>\n","protected":false},"author":1,"featured_media":145,"parent":1384,"menu_order":0,"comment_status":"closed","ping_status":"closed","template":"","meta":{"_acf_changed":false,"footnotes":""},"class_list":["post-1390","page","type-page","status-publish","has-post-thumbnail","hentry"],"acf":[],"yoast_head":"<!-- This site is optimized with the Yoast SEO plugin v26.9 - https:\/\/yoast.com\/product\/yoast-seo-wordpress\/ -->\n<title>Schliessmuskelprothese AMS 800: Aufbau, Funktionsweise und Implantation<\/title>\n<meta name=\"description\" content=\"Die Schliessmuskelprothese ist eine wirksame Therapie zur Wiedererlangung der Kontinenz bei Frauen und M\u00e4nnern.\" \/>\n<meta name=\"robots\" content=\"index, follow, max-snippet:-1, max-image-preview:large, max-video-preview:-1\" \/>\n<link rel=\"canonical\" href=\"https:\/\/www.kontinenzzentrum.ch\/de\/untersuchung-und-therapie\/operationen-bei-harninkontinenz\/ams-800-schliessmuskelprothese.html\" \/>\n<meta property=\"og:locale\" content=\"de_DE\" \/>\n<meta property=\"og:type\" content=\"article\" \/>\n<meta property=\"og:title\" content=\"Schliessmuskelprothese AMS 800: Aufbau, Funktionsweise und Implantation\" \/>\n<meta property=\"og:description\" content=\"Die Schliessmuskelprothese ist eine wirksame Therapie zur Wiedererlangung der Kontinenz bei Frauen und M\u00e4nnern.\" \/>\n<meta property=\"og:url\" content=\"https:\/\/www.kontinenzzentrum.ch\/de\/untersuchung-und-therapie\/operationen-bei-harninkontinenz\/ams-800-schliessmuskelprothese.html\" \/>\n<meta property=\"og:site_name\" content=\"KontinenzZentrum\" \/>\n<meta property=\"article:modified_time\" content=\"2025-01-28T14:44:46+00:00\" \/>\n<meta property=\"og:image\" content=\"https:\/\/www.kontinenzzentrum.ch\/wp-content\/uploads\/slider-1-9579.jpg\" \/>\n\t<meta property=\"og:image:width\" content=\"1920\" \/>\n\t<meta property=\"og:image:height\" content=\"573\" \/>\n\t<meta property=\"og:image:type\" content=\"image\/jpeg\" \/>\n<meta name=\"twitter:card\" content=\"summary_large_image\" \/>\n<meta name=\"twitter:label1\" content=\"Gesch\u00e4tzte Lesezeit\" \/>\n\t<meta name=\"twitter:data1\" content=\"5\u00a0Minuten\" \/>\n<script type=\"application\/ld+json\" class=\"yoast-schema-graph\">{\"@context\":\"https:\/\/schema.org\",\"@graph\":[{\"@type\":\"WebPage\",\"@id\":\"https:\/\/www.kontinenzzentrum.ch\/de\/untersuchung-und-therapie\/operationen-bei-harninkontinenz\/ams-800-schliessmuskelprothese.html\",\"url\":\"https:\/\/www.kontinenzzentrum.ch\/de\/untersuchung-und-therapie\/operationen-bei-harninkontinenz\/ams-800-schliessmuskelprothese.html\",\"name\":\"Schliessmuskelprothese AMS 800: Aufbau, Funktionsweise und Implantation\",\"isPartOf\":{\"@id\":\"https:\/\/www.kontinenzzentrum.ch\/de\/#website\"},\"primaryImageOfPage\":{\"@id\":\"https:\/\/www.kontinenzzentrum.ch\/de\/untersuchung-und-therapie\/operationen-bei-harninkontinenz\/ams-800-schliessmuskelprothese.html#primaryimage\"},\"image\":{\"@id\":\"https:\/\/www.kontinenzzentrum.ch\/de\/untersuchung-und-therapie\/operationen-bei-harninkontinenz\/ams-800-schliessmuskelprothese.html#primaryimage\"},\"thumbnailUrl\":\"https:\/\/www.kontinenzzentrum.ch\/wp-content\/uploads\/slider-1-9579.jpg\",\"datePublished\":\"2023-03-02T10:40:42+00:00\",\"dateModified\":\"2025-01-28T14:44:46+00:00\",\"description\":\"Die Schliessmuskelprothese ist eine wirksame Therapie zur Wiedererlangung der Kontinenz bei Frauen und M\u00e4nnern.\",\"breadcrumb\":{\"@id\":\"https:\/\/www.kontinenzzentrum.ch\/de\/untersuchung-und-therapie\/operationen-bei-harninkontinenz\/ams-800-schliessmuskelprothese.html#breadcrumb\"},\"inLanguage\":\"de\",\"potentialAction\":[{\"@type\":\"ReadAction\",\"target\":[\"https:\/\/www.kontinenzzentrum.ch\/de\/untersuchung-und-therapie\/operationen-bei-harninkontinenz\/ams-800-schliessmuskelprothese.html\"]}]},{\"@type\":\"ImageObject\",\"inLanguage\":\"de\",\"@id\":\"https:\/\/www.kontinenzzentrum.ch\/de\/untersuchung-und-therapie\/operationen-bei-harninkontinenz\/ams-800-schliessmuskelprothese.html#primaryimage\",\"url\":\"https:\/\/www.kontinenzzentrum.ch\/wp-content\/uploads\/slider-1-9579.jpg\",\"contentUrl\":\"https:\/\/www.kontinenzzentrum.ch\/wp-content\/uploads\/slider-1-9579.jpg\",\"width\":1920,\"height\":573,\"caption\":\"Arzt mit OP-Maske und OP-Haube haut in die Ferne\"},{\"@type\":\"BreadcrumbList\",\"@id\":\"https:\/\/www.kontinenzzentrum.ch\/de\/untersuchung-und-therapie\/operationen-bei-harninkontinenz\/ams-800-schliessmuskelprothese.html#breadcrumb\",\"itemListElement\":[{\"@type\":\"ListItem\",\"position\":1,\"name\":\"Startseite\",\"item\":\"https:\/\/www.kontinenzzentrum.ch\/de\"},{\"@type\":\"ListItem\",\"position\":2,\"name\":\"Untersuchung &#038; Therapie\",\"item\":\"https:\/\/www.kontinenzzentrum.ch\/de\/untersuchung-und-therapie.html\"},{\"@type\":\"ListItem\",\"position\":3,\"name\":\"Operationen bei Harninkontinenz\",\"item\":\"https:\/\/www.kontinenzzentrum.ch\/de\/untersuchung-und-therapie\/operationen-bei-harninkontinenz.html\"},{\"@type\":\"ListItem\",\"position\":4,\"name\":\"AMS 800 Schliessmuskelprothese\"}]},{\"@type\":\"WebSite\",\"@id\":\"https:\/\/www.kontinenzzentrum.ch\/de\/#website\",\"url\":\"https:\/\/www.kontinenzzentrum.ch\/de\/\",\"name\":\"KontinenzZentrum Hirslanden Z\u00fcrich\",\"description\":\"KontinenzZentrum Hirslanden Z\u00fcrich: Blasenst\u00f6rungen & Inkontinenz\",\"publisher\":{\"@id\":\"https:\/\/www.kontinenzzentrum.ch\/de\/#organization\"},\"potentialAction\":[{\"@type\":\"SearchAction\",\"target\":{\"@type\":\"EntryPoint\",\"urlTemplate\":\"https:\/\/www.kontinenzzentrum.ch\/de\/?s={search_term_string}\"},\"query-input\":{\"@type\":\"PropertyValueSpecification\",\"valueRequired\":true,\"valueName\":\"search_term_string\"}}],\"inLanguage\":\"de\"},{\"@type\":\"Organization\",\"@id\":\"https:\/\/www.kontinenzzentrum.ch\/de\/#organization\",\"name\":\"KontinenzZentrum Hirslanden Z\u00fcrich\",\"url\":\"https:\/\/www.kontinenzzentrum.ch\/de\/\",\"logo\":{\"@type\":\"ImageObject\",\"inLanguage\":\"de\",\"@id\":\"https:\/\/www.kontinenzzentrum.ch\/de\/#\/schema\/logo\/image\/\",\"url\":\"https:\/\/www.kontinenzzentrum.ch\/wp-content\/uploads\/Logo_KontinenzZentrum.png\",\"contentUrl\":\"https:\/\/www.kontinenzzentrum.ch\/wp-content\/uploads\/Logo_KontinenzZentrum.png\",\"width\":800,\"height\":142,\"caption\":\"KontinenzZentrum Hirslanden Z\u00fcrich\"},\"image\":{\"@id\":\"https:\/\/www.kontinenzzentrum.ch\/de\/#\/schema\/logo\/image\/\"}}]}<\/script>\n<!-- \/ Yoast SEO plugin. -->","yoast_head_json":{"title":"Schliessmuskelprothese AMS 800: Aufbau, Funktionsweise und Implantation","description":"Die Schliessmuskelprothese ist eine wirksame Therapie zur Wiedererlangung der Kontinenz bei Frauen und M\u00e4nnern.","robots":{"index":"index","follow":"follow","max-snippet":"max-snippet:-1","max-image-preview":"max-image-preview:large","max-video-preview":"max-video-preview:-1"},"canonical":"https:\/\/www.kontinenzzentrum.ch\/de\/untersuchung-und-therapie\/operationen-bei-harninkontinenz\/ams-800-schliessmuskelprothese.html","og_locale":"de_DE","og_type":"article","og_title":"Schliessmuskelprothese AMS 800: Aufbau, Funktionsweise und Implantation","og_description":"Die Schliessmuskelprothese ist eine wirksame Therapie zur Wiedererlangung der Kontinenz bei Frauen und M\u00e4nnern.","og_url":"https:\/\/www.kontinenzzentrum.ch\/de\/untersuchung-und-therapie\/operationen-bei-harninkontinenz\/ams-800-schliessmuskelprothese.html","og_site_name":"KontinenzZentrum","article_modified_time":"2025-01-28T14:44:46+00:00","og_image":[{"width":1920,"height":573,"url":"https:\/\/www.kontinenzzentrum.ch\/wp-content\/uploads\/slider-1-9579.jpg","type":"image\/jpeg"}],"twitter_card":"summary_large_image","twitter_misc":{"Gesch\u00e4tzte Lesezeit":"5\u00a0Minuten"},"schema":{"@context":"https:\/\/schema.org","@graph":[{"@type":"WebPage","@id":"https:\/\/www.kontinenzzentrum.ch\/de\/untersuchung-und-therapie\/operationen-bei-harninkontinenz\/ams-800-schliessmuskelprothese.html","url":"https:\/\/www.kontinenzzentrum.ch\/de\/untersuchung-und-therapie\/operationen-bei-harninkontinenz\/ams-800-schliessmuskelprothese.html","name":"Schliessmuskelprothese AMS 800: Aufbau, Funktionsweise und Implantation","isPartOf":{"@id":"https:\/\/www.kontinenzzentrum.ch\/de\/#website"},"primaryImageOfPage":{"@id":"https:\/\/www.kontinenzzentrum.ch\/de\/untersuchung-und-therapie\/operationen-bei-harninkontinenz\/ams-800-schliessmuskelprothese.html#primaryimage"},"image":{"@id":"https:\/\/www.kontinenzzentrum.ch\/de\/untersuchung-und-therapie\/operationen-bei-harninkontinenz\/ams-800-schliessmuskelprothese.html#primaryimage"},"thumbnailUrl":"https:\/\/www.kontinenzzentrum.ch\/wp-content\/uploads\/slider-1-9579.jpg","datePublished":"2023-03-02T10:40:42+00:00","dateModified":"2025-01-28T14:44:46+00:00","description":"Die Schliessmuskelprothese ist eine wirksame Therapie zur Wiedererlangung der Kontinenz bei Frauen und M\u00e4nnern.","breadcrumb":{"@id":"https:\/\/www.kontinenzzentrum.ch\/de\/untersuchung-und-therapie\/operationen-bei-harninkontinenz\/ams-800-schliessmuskelprothese.html#breadcrumb"},"inLanguage":"de","potentialAction":[{"@type":"ReadAction","target":["https:\/\/www.kontinenzzentrum.ch\/de\/untersuchung-und-therapie\/operationen-bei-harninkontinenz\/ams-800-schliessmuskelprothese.html"]}]},{"@type":"ImageObject","inLanguage":"de","@id":"https:\/\/www.kontinenzzentrum.ch\/de\/untersuchung-und-therapie\/operationen-bei-harninkontinenz\/ams-800-schliessmuskelprothese.html#primaryimage","url":"https:\/\/www.kontinenzzentrum.ch\/wp-content\/uploads\/slider-1-9579.jpg","contentUrl":"https:\/\/www.kontinenzzentrum.ch\/wp-content\/uploads\/slider-1-9579.jpg","width":1920,"height":573,"caption":"Arzt mit OP-Maske und OP-Haube haut in die Ferne"},{"@type":"BreadcrumbList","@id":"https:\/\/www.kontinenzzentrum.ch\/de\/untersuchung-und-therapie\/operationen-bei-harninkontinenz\/ams-800-schliessmuskelprothese.html#breadcrumb","itemListElement":[{"@type":"ListItem","position":1,"name":"Startseite","item":"https:\/\/www.kontinenzzentrum.ch\/de"},{"@type":"ListItem","position":2,"name":"Untersuchung &#038; Therapie","item":"https:\/\/www.kontinenzzentrum.ch\/de\/untersuchung-und-therapie.html"},{"@type":"ListItem","position":3,"name":"Operationen bei Harninkontinenz","item":"https:\/\/www.kontinenzzentrum.ch\/de\/untersuchung-und-therapie\/operationen-bei-harninkontinenz.html"},{"@type":"ListItem","position":4,"name":"AMS 800 Schliessmuskelprothese"}]},{"@type":"WebSite","@id":"https:\/\/www.kontinenzzentrum.ch\/de\/#website","url":"https:\/\/www.kontinenzzentrum.ch\/de\/","name":"KontinenzZentrum Hirslanden Z\u00fcrich","description":"KontinenzZentrum Hirslanden Z\u00fcrich: Blasenst\u00f6rungen & Inkontinenz","publisher":{"@id":"https:\/\/www.kontinenzzentrum.ch\/de\/#organization"},"potentialAction":[{"@type":"SearchAction","target":{"@type":"EntryPoint","urlTemplate":"https:\/\/www.kontinenzzentrum.ch\/de\/?s={search_term_string}"},"query-input":{"@type":"PropertyValueSpecification","valueRequired":true,"valueName":"search_term_string"}}],"inLanguage":"de"},{"@type":"Organization","@id":"https:\/\/www.kontinenzzentrum.ch\/de\/#organization","name":"KontinenzZentrum Hirslanden Z\u00fcrich","url":"https:\/\/www.kontinenzzentrum.ch\/de\/","logo":{"@type":"ImageObject","inLanguage":"de","@id":"https:\/\/www.kontinenzzentrum.ch\/de\/#\/schema\/logo\/image\/","url":"https:\/\/www.kontinenzzentrum.ch\/wp-content\/uploads\/Logo_KontinenzZentrum.png","contentUrl":"https:\/\/www.kontinenzzentrum.ch\/wp-content\/uploads\/Logo_KontinenzZentrum.png","width":800,"height":142,"caption":"KontinenzZentrum Hirslanden Z\u00fcrich"},"image":{"@id":"https:\/\/www.kontinenzzentrum.ch\/de\/#\/schema\/logo\/image\/"}}]}},"_links":{"self":[{"href":"https:\/\/www.kontinenzzentrum.ch\/de\/wp-json\/wp\/v2\/pages\/1390","targetHints":{"allow":["GET"]}}],"collection":[{"href":"https:\/\/www.kontinenzzentrum.ch\/de\/wp-json\/wp\/v2\/pages"}],"about":[{"href":"https:\/\/www.kontinenzzentrum.ch\/de\/wp-json\/wp\/v2\/types\/page"}],"author":[{"embeddable":true,"href":"https:\/\/www.kontinenzzentrum.ch\/de\/wp-json\/wp\/v2\/users\/1"}],"replies":[{"embeddable":true,"href":"https:\/\/www.kontinenzzentrum.ch\/de\/wp-json\/wp\/v2\/comments?post=1390"}],"version-history":[{"count":20,"href":"https:\/\/www.kontinenzzentrum.ch\/de\/wp-json\/wp\/v2\/pages\/1390\/revisions"}],"predecessor-version":[{"id":4160,"href":"https:\/\/www.kontinenzzentrum.ch\/de\/wp-json\/wp\/v2\/pages\/1390\/revisions\/4160"}],"up":[{"embeddable":true,"href":"https:\/\/www.kontinenzzentrum.ch\/de\/wp-json\/wp\/v2\/pages\/1384"}],"wp:featuredmedia":[{"embeddable":true,"href":"https:\/\/www.kontinenzzentrum.ch\/de\/wp-json\/wp\/v2\/media\/145"}],"wp:attachment":[{"href":"https:\/\/www.kontinenzzentrum.ch\/de\/wp-json\/wp\/v2\/media?parent=1390"}],"curies":[{"name":"wp","href":"https:\/\/api.w.org\/{rel}","templated":true}]}}