{"id":1419,"date":"2023-03-02T11:48:42","date_gmt":"2023-03-02T10:48:42","guid":{"rendered":"https:\/\/www.kontinenzzentrum.ch\/?page_id=1419"},"modified":"2025-01-28T17:11:34","modified_gmt":"2025-01-28T16:11:34","slug":"atoms-schliessmuskelprothese","status":"publish","type":"page","link":"https:\/\/www.kontinenzzentrum.ch\/de\/untersuchung-und-therapie\/operationen-bei-harninkontinenz\/atoms-schliessmuskelprothese.html","title":{"rendered":"ATOMS Schliessmuskelprothese"},"content":{"rendered":"<div id=\"pl-1419\"  class=\"panel-layout\" ><div id=\"pg-1419-0\"  class=\"panel-grid panel-no-style\" ><div id=\"pgc-1419-0-0\"  class=\"panel-grid-cell\" ><div id=\"panel-1419-0-0-0\" class=\"so-panel widget widget_sow-editor panel-first-child panel-last-child\" data-index=\"0\" ><div\n\t\t\t\n\t\t\tclass=\"so-widget-sow-editor so-widget-sow-editor-base\"\n\t\t\t\n\t\t>\n<div class=\"siteorigin-widget-tinymce textwidget\">\n\t<h1>ATOMS-Schliessmuskelprothese<\/h1>\n<h2>Adjustierbares Harnr\u00f6hrenkissen<\/h2>\n<\/div>\n<\/div><\/div><\/div><\/div><div id=\"pg-1419-1\"  class=\"panel-grid panel-no-style\" ><div id=\"pgc-1419-1-0\"  class=\"panel-grid-cell\" ><div id=\"panel-1419-1-0-0\" class=\"so-panel widget widget_sow-editor panel-first-child panel-last-child\" data-index=\"1\" ><div\n\t\t\t\n\t\t\tclass=\"so-widget-sow-editor so-widget-sow-editor-base\"\n\t\t\t\n\t\t>\n<div class=\"siteorigin-widget-tinymce textwidget\">\n\t<p>Das ATOMS Implantat ist ein vollst\u00e4ndig implantierbares System zur Wiederherstellung der Kontinenz nach einer Prostataoperation.<\/p>\n<p>Es besteht aus einem unter der Harnr\u00f6hre platzierten adjustierbarem Kissen und ist f\u00fcr alle Grade der Harninkontinenz geeignet. Durch die Verstellbarkeit des Systems kann es an den individuellen Aktivit\u00e4tsgrad angepasst werden.<\/p>\n<p>Im Vergleich zu anderen Systemen ist diese Anpassung ohne neuerliche Operation m\u00f6glich, und es m\u00fcssen keinerlei mechanische Teile (wie z.B. Pumpen) bet\u00e4tigen. Die Operation ist minimal-invasiv, die Operationszeit betr\u00e4gt 30 bis 45 Minuten.<\/p>\n<p>Der Eingriff erfolgt entweder in Vollnarkose oder in R\u00fcckenmarkan\u00e4sthesie.<\/p>\n<\/div>\n<\/div><\/div><\/div><div id=\"pgc-1419-1-1\"  class=\"panel-grid-cell\" ><div id=\"panel-1419-1-1-0\" class=\"so-panel widget widget_sow-image panel-first-child panel-last-child\" data-index=\"2\" ><div\n\t\t\t\n\t\t\tclass=\"so-widget-sow-image so-widget-sow-image-default-8b5b6f678277-1419\"\n\t\t\t\n\t\t>\n<div class=\"sow-image-container\">\n\t\t<img \n\tsrc=\"https:\/\/www.kontinenzzentrum.ch\/wp-content\/uploads\/untersuchung-op-inkontinenz-atoms-213050-txt-1.jpeg\" width=\"640\" height=\"497\" srcset=\"https:\/\/www.kontinenzzentrum.ch\/wp-content\/uploads\/untersuchung-op-inkontinenz-atoms-213050-txt-1.jpeg 640w, https:\/\/www.kontinenzzentrum.ch\/wp-content\/uploads\/untersuchung-op-inkontinenz-atoms-213050-txt-1-300x233.jpeg 300w\" sizes=\"(max-width: 640px) 100vw, 640px\" title=\"untersuchung-op-inkontinenz-atoms-213050-txt\" alt=\"Schliessmuskelprothese - ATOMS Implantat \" \t\tclass=\"so-widget-image\"\/>\n\t<\/div>\n\n<\/div><\/div><\/div><\/div><div id=\"pg-1419-2\"  class=\"panel-grid panel-no-style\" ><div id=\"pgc-1419-2-0\"  class=\"panel-grid-cell\" ><div id=\"panel-1419-2-0-0\" class=\"so-panel widget widget_sow-editor panel-first-child panel-last-child\" data-index=\"3\" ><div\n\t\t\t\n\t\t\tclass=\"so-widget-sow-editor so-widget-sow-editor-base\"\n\t\t\t\n\t\t>\n<div class=\"siteorigin-widget-tinymce textwidget\">\n\t<p>Das Implantat wird durch einen kleinen Schnitt unterhalb des Hodensacks eingebracht und das zentrale Kissen an die Harnr\u00f6hre gelegt. Unter der Haut im Hodensack kommt ein Titanport zu liegen, der f\u00fcr die weitere Einstellung des Systems ben\u00f6tig wird.<\/p>\n<p>Die lagestabile Fixation des Implantats erfolgt durch eine Befestigung am unteren Schambeinast. Bei der Implantation von ATOMS werden die Netzarme des Implantats unter der Haut um eine kn\u00f6cherne Struktur gelegt.<\/p>\n<p>Nach der Operation wird noch eine Einheilungsphase von 3-4 Wochen abgewartet.<\/p>\n<\/div>\n<\/div><\/div><\/div><div id=\"pgc-1419-2-1\"  class=\"panel-grid-cell\" ><div id=\"panel-1419-2-1-0\" class=\"so-panel widget widget_sow-image panel-first-child panel-last-child\" data-index=\"4\" ><div\n\t\t\t\n\t\t\tclass=\"so-widget-sow-image so-widget-sow-image-default-8b5b6f678277-1419\"\n\t\t\t\n\t\t>\n<div class=\"sow-image-container\">\n\t\t<img \n\tsrc=\"https:\/\/www.kontinenzzentrum.ch\/wp-content\/uploads\/atoms_scrotal_port.jpeg\" width=\"640\" height=\"464\" srcset=\"https:\/\/www.kontinenzzentrum.ch\/wp-content\/uploads\/atoms_scrotal_port.jpeg 640w, https:\/\/www.kontinenzzentrum.ch\/wp-content\/uploads\/atoms_scrotal_port-300x218.jpeg 300w\" sizes=\"(max-width: 640px) 100vw, 640px\" alt=\"Schliessmuskelprothese - ATOMS Implantat \" \t\tclass=\"so-widget-image\"\/>\n\t<\/div>\n\n<\/div><\/div><\/div><\/div><div id=\"pg-1419-3\"  class=\"panel-grid panel-has-style\" ><div class=\"fn-lines panel-row-style panel-row-style-for-1419-3\" ><div id=\"pgc-1419-3-0\"  class=\"panel-grid-cell\" ><div id=\"panel-1419-3-0-0\" class=\"so-panel widget widget_fn-info-box-widget panel-first-child\" data-index=\"5\" ><div\n\t\t\t\n\t\t\tclass=\"so-widget-fn-info-box-widget so-widget-fn-info-box-widget-base\"\n\t\t\t\n\t\t><div class=\"uk-child-width-1-1 uk-grid-match\" uk-grid><div>\n        <div class=\"fn-info-box-title\">\n          <div class=\"uk-grid-small\" uk-grid>            <div class=\"uk-width-auto\"><img decoding=\"async\" src=\"https:\/\/www.kontinenzzentrum.ch\/wp-content\/uploads\/ICON_info.svg\" class=\"attachment-small size-small\" alt=\"\" \/>            <\/div>            <div class=\"uk-width-expand\">\n              <h4 class=\"uk-h3\"> Informieren Sie sich jetzt \u00fcber das ATOMS Implantat<\/h4>\n            <\/div>\n          <\/div>\n        <\/div>\n        <div class=\"fn-info-box-content\">\n              <p>Sie sind von Inkontinenz nach einer Prostataoperation betroffen und m\u00f6chten mehr \u00fcber die Therapiem\u00f6glichkeiten einer Schliessmuskelprothese erfahren?<\/p>\n<p><strong>Informieren Sie sich<\/strong> jetzt \u00fcber Ihre individuellen Behandlungsm\u00f6glichkeiten. Sie erreichen unser KontinenzZentrum in Hirslanden, Z\u00fcrich <strong>telefonisch<\/strong>, per <strong>E-Mail<\/strong> unter <a class=\"\" href=\"mailto:kontinenzzentrum.hirslanden@hirslanden.ch\">kontinenzzentrum.hirslanden@hirslanden.ch<\/a>\u00a0oder \u00fcber unser\u00a0<strong>Kontaktformular<\/strong>.<\/p>\n<p><div class=\"uk-flex uk-child-width-auto uk-grid-small\" uk-grid><div><a class=\"uk-button uk-button-primary\" href=\"tel:+41443872910\"><i class=\"fas fa-phone-alt uk-margin-small-right\"><\/i>+41 44 387 29 10<\/a><\/div><div><a class=\"uk-button uk-button-primary\" href=\"https:\/\/www.kontinenzzentrum.ch\/de\/ueber-uns\/termin.html\"><i class=\"fas fa-comments uk-margin-small-right\"><\/i>Online Terminvereinbarung<\/a><\/div><\/div><\/p>\n        <\/div>\n      <\/div><\/div><\/div><\/div><div id=\"panel-1419-3-0-1\" class=\"so-panel widget widget_sow-editor\" data-index=\"6\" ><div\n\t\t\t\n\t\t\tclass=\"so-widget-sow-editor so-widget-sow-editor-base\"\n\t\t\t\n\t\t>\n<div class=\"siteorigin-widget-tinymce textwidget\">\n\t<h3>Neue Schliessmuskelprothese - mehr Lebensqualit\u00e4t f\u00fcr Inkontinenzpatienten<\/h3>\n<div class=\"col-xl-12 spaceBottomSmall\"><a class=\"download\" href=\"https:\/\/www.kontinenzzentrum.ch\/wp-content\/uploads\/medienmitteilung_atoms_klinik-hirslanden.pdf\" target=\"_blank\" rel=\"noopener\">Medienmitteilung Klinik Hirslanden<\/a><\/div>\n<\/div>\n<\/div><\/div><div id=\"panel-1419-3-0-2\" class=\"so-panel widget widget_fn-lightbox panel-last-child\" data-index=\"7\" ><div\n\t\t\t\n\t\t\tclass=\"so-widget-fn-lightbox so-widget-fn-lightbox-base\"\n\t\t\t\n\t\t>  <div class=\"uk-grid-small\" uk-grid><div class=\"uk-width-1-5@m fn-lightbox default\"><div class=\"fn-video\" uk-lightbox><a href=\"https:\/\/www.youtube.com\/embed\/U7okdmLROxo\" data-attrs=\"width: 1280; height: 720;\"><img decoding=\"async\" width=\"400\" height=\"400\" src=\"https:\/\/www.kontinenzzentrum.ch\/wp-content\/uploads\/icon_videocheckup.jpeg\" class=\"attachment-large size-large\" alt=\"\" srcset=\"https:\/\/www.kontinenzzentrum.ch\/wp-content\/uploads\/icon_videocheckup.jpeg 400w, https:\/\/www.kontinenzzentrum.ch\/wp-content\/uploads\/icon_videocheckup-300x300.jpeg 300w, https:\/\/www.kontinenzzentrum.ch\/wp-content\/uploads\/icon_videocheckup-150x150.jpeg 150w\" sizes=\"(max-width: 400px) 100vw, 400px\" \/><\/a><\/div><\/div>    <div class=\"uk-width-4-5@m uk-width-1-1\">\n      <h3>Tele Z\u00fcri Gesundheitssendung Check-Up<\/h3>\n<p>Nach einer erfolgreichen Prostatakrebs-Behandlung bekommt Reinhard Gabathuler pl\u00f6tzlich Probleme mit Inkontinenz. Spezialisten vom Urologie- und Kontinenzzentrum in Z\u00fcrich setzten dem 71-J\u00e4hrigen ein neues Prothesensystem ein - zum ersten Mal \u00fcberhaupt in der Schweiz. Dank dieser Operation kann Reinhard Gabathuler wieder ein fast ganz normales Leben f\u00fchren.<\/p>\n      <a class=\"uk-button uk-button-text\" href=\"https:\/\/www.youtube.com\/embed\/U7okdmLROxo\" target=\"_blank\" rel=\"noopener noreferrer\">Video ansehen<\/a>\n    <\/div><\/div><\/div><\/div><\/div><\/div><\/div><\/div>","protected":false},"excerpt":{"rendered":"<p>ATOMS-Schliessmuskelprothese Adjustierbares Harnr\u00f6hrenkissen Das ATOMS Implantat ist ein vollst\u00e4ndig implantierbares System zur Wiederherstellung der Kontinenz nach einer Prostataoperation. Es besteht aus einem unter der Harnr\u00f6hre platzierten adjustierbarem Kissen und ist f\u00fcr alle Grade der Harninkontinenz geeignet. Durch die Verstellbarkeit des Systems kann es an den individuellen Aktivit\u00e4tsgrad angepasst werden. Im Vergleich zu anderen Systemen ist [&hellip;]<\/p>\n","protected":false},"author":1,"featured_media":145,"parent":1384,"menu_order":0,"comment_status":"closed","ping_status":"closed","template":"","meta":{"_acf_changed":false,"footnotes":""},"class_list":["post-1419","page","type-page","status-publish","has-post-thumbnail","hentry"],"acf":[],"yoast_head":"<!-- This site is optimized with the Yoast SEO plugin v26.9 - https:\/\/yoast.com\/product\/yoast-seo-wordpress\/ -->\n<title>ATOMS Schliessmuskelprothese<\/title>\n<meta name=\"robots\" content=\"index, follow, max-snippet:-1, max-image-preview:large, max-video-preview:-1\" \/>\n<link rel=\"canonical\" href=\"https:\/\/www.kontinenzzentrum.ch\/de\/untersuchung-und-therapie\/operationen-bei-harninkontinenz\/atoms-schliessmuskelprothese.html\" \/>\n<meta property=\"og:locale\" content=\"de_DE\" \/>\n<meta property=\"og:type\" content=\"article\" \/>\n<meta property=\"og:title\" content=\"ATOMS Schliessmuskelprothese\" \/>\n<meta property=\"og:description\" content=\"ATOMS-Schliessmuskelprothese Adjustierbares Harnr\u00f6hrenkissen Das ATOMS Implantat ist ein vollst\u00e4ndig implantierbares System zur Wiederherstellung der Kontinenz nach einer Prostataoperation. Es besteht aus einem unter der Harnr\u00f6hre platzierten adjustierbarem Kissen und ist f\u00fcr alle Grade der Harninkontinenz geeignet. Durch die Verstellbarkeit des Systems kann es an den individuellen Aktivit\u00e4tsgrad angepasst werden. Im Vergleich zu anderen Systemen ist [&hellip;]\" \/>\n<meta property=\"og:url\" content=\"https:\/\/www.kontinenzzentrum.ch\/de\/untersuchung-und-therapie\/operationen-bei-harninkontinenz\/atoms-schliessmuskelprothese.html\" \/>\n<meta property=\"og:site_name\" content=\"KontinenzZentrum\" \/>\n<meta property=\"article:modified_time\" content=\"2025-01-28T16:11:34+00:00\" \/>\n<meta property=\"og:image\" content=\"https:\/\/www.kontinenzzentrum.ch\/wp-content\/uploads\/slider-1-9579.jpg\" \/>\n\t<meta property=\"og:image:width\" content=\"1920\" \/>\n\t<meta property=\"og:image:height\" content=\"573\" \/>\n\t<meta property=\"og:image:type\" content=\"image\/jpeg\" \/>\n<meta name=\"twitter:card\" content=\"summary_large_image\" \/>\n<meta name=\"twitter:label1\" content=\"Gesch\u00e4tzte Lesezeit\" \/>\n\t<meta name=\"twitter:data1\" content=\"2\u00a0Minuten\" \/>\n<script type=\"application\/ld+json\" class=\"yoast-schema-graph\">{\"@context\":\"https:\/\/schema.org\",\"@graph\":[{\"@type\":\"WebPage\",\"@id\":\"https:\/\/www.kontinenzzentrum.ch\/de\/untersuchung-und-therapie\/operationen-bei-harninkontinenz\/atoms-schliessmuskelprothese.html\",\"url\":\"https:\/\/www.kontinenzzentrum.ch\/de\/untersuchung-und-therapie\/operationen-bei-harninkontinenz\/atoms-schliessmuskelprothese.html\",\"name\":\"ATOMS Schliessmuskelprothese\",\"isPartOf\":{\"@id\":\"https:\/\/www.kontinenzzentrum.ch\/de\/#website\"},\"primaryImageOfPage\":{\"@id\":\"https:\/\/www.kontinenzzentrum.ch\/de\/untersuchung-und-therapie\/operationen-bei-harninkontinenz\/atoms-schliessmuskelprothese.html#primaryimage\"},\"image\":{\"@id\":\"https:\/\/www.kontinenzzentrum.ch\/de\/untersuchung-und-therapie\/operationen-bei-harninkontinenz\/atoms-schliessmuskelprothese.html#primaryimage\"},\"thumbnailUrl\":\"https:\/\/www.kontinenzzentrum.ch\/wp-content\/uploads\/slider-1-9579.jpg\",\"datePublished\":\"2023-03-02T10:48:42+00:00\",\"dateModified\":\"2025-01-28T16:11:34+00:00\",\"breadcrumb\":{\"@id\":\"https:\/\/www.kontinenzzentrum.ch\/de\/untersuchung-und-therapie\/operationen-bei-harninkontinenz\/atoms-schliessmuskelprothese.html#breadcrumb\"},\"inLanguage\":\"de\",\"potentialAction\":[{\"@type\":\"ReadAction\",\"target\":[\"https:\/\/www.kontinenzzentrum.ch\/de\/untersuchung-und-therapie\/operationen-bei-harninkontinenz\/atoms-schliessmuskelprothese.html\"]}]},{\"@type\":\"ImageObject\",\"inLanguage\":\"de\",\"@id\":\"https:\/\/www.kontinenzzentrum.ch\/de\/untersuchung-und-therapie\/operationen-bei-harninkontinenz\/atoms-schliessmuskelprothese.html#primaryimage\",\"url\":\"https:\/\/www.kontinenzzentrum.ch\/wp-content\/uploads\/slider-1-9579.jpg\",\"contentUrl\":\"https:\/\/www.kontinenzzentrum.ch\/wp-content\/uploads\/slider-1-9579.jpg\",\"width\":1920,\"height\":573,\"caption\":\"Arzt mit OP-Maske und OP-Haube haut in die Ferne\"},{\"@type\":\"BreadcrumbList\",\"@id\":\"https:\/\/www.kontinenzzentrum.ch\/de\/untersuchung-und-therapie\/operationen-bei-harninkontinenz\/atoms-schliessmuskelprothese.html#breadcrumb\",\"itemListElement\":[{\"@type\":\"ListItem\",\"position\":1,\"name\":\"Startseite\",\"item\":\"https:\/\/www.kontinenzzentrum.ch\/de\"},{\"@type\":\"ListItem\",\"position\":2,\"name\":\"Untersuchung &#038; Therapie\",\"item\":\"https:\/\/www.kontinenzzentrum.ch\/de\/untersuchung-und-therapie.html\"},{\"@type\":\"ListItem\",\"position\":3,\"name\":\"Operationen bei Harninkontinenz\",\"item\":\"https:\/\/www.kontinenzzentrum.ch\/de\/untersuchung-und-therapie\/operationen-bei-harninkontinenz.html\"},{\"@type\":\"ListItem\",\"position\":4,\"name\":\"ATOMS Schliessmuskelprothese\"}]},{\"@type\":\"WebSite\",\"@id\":\"https:\/\/www.kontinenzzentrum.ch\/de\/#website\",\"url\":\"https:\/\/www.kontinenzzentrum.ch\/de\/\",\"name\":\"KontinenzZentrum Hirslanden Z\u00fcrich\",\"description\":\"KontinenzZentrum Hirslanden Z\u00fcrich: Blasenst\u00f6rungen & Inkontinenz\",\"publisher\":{\"@id\":\"https:\/\/www.kontinenzzentrum.ch\/de\/#organization\"},\"potentialAction\":[{\"@type\":\"SearchAction\",\"target\":{\"@type\":\"EntryPoint\",\"urlTemplate\":\"https:\/\/www.kontinenzzentrum.ch\/de\/?s={search_term_string}\"},\"query-input\":{\"@type\":\"PropertyValueSpecification\",\"valueRequired\":true,\"valueName\":\"search_term_string\"}}],\"inLanguage\":\"de\"},{\"@type\":\"Organization\",\"@id\":\"https:\/\/www.kontinenzzentrum.ch\/de\/#organization\",\"name\":\"KontinenzZentrum Hirslanden Z\u00fcrich\",\"url\":\"https:\/\/www.kontinenzzentrum.ch\/de\/\",\"logo\":{\"@type\":\"ImageObject\",\"inLanguage\":\"de\",\"@id\":\"https:\/\/www.kontinenzzentrum.ch\/de\/#\/schema\/logo\/image\/\",\"url\":\"https:\/\/www.kontinenzzentrum.ch\/wp-content\/uploads\/Logo_KontinenzZentrum.png\",\"contentUrl\":\"https:\/\/www.kontinenzzentrum.ch\/wp-content\/uploads\/Logo_KontinenzZentrum.png\",\"width\":800,\"height\":142,\"caption\":\"KontinenzZentrum Hirslanden Z\u00fcrich\"},\"image\":{\"@id\":\"https:\/\/www.kontinenzzentrum.ch\/de\/#\/schema\/logo\/image\/\"}}]}<\/script>\n<!-- \/ Yoast SEO plugin. -->","yoast_head_json":{"title":"ATOMS Schliessmuskelprothese","robots":{"index":"index","follow":"follow","max-snippet":"max-snippet:-1","max-image-preview":"max-image-preview:large","max-video-preview":"max-video-preview:-1"},"canonical":"https:\/\/www.kontinenzzentrum.ch\/de\/untersuchung-und-therapie\/operationen-bei-harninkontinenz\/atoms-schliessmuskelprothese.html","og_locale":"de_DE","og_type":"article","og_title":"ATOMS Schliessmuskelprothese","og_description":"ATOMS-Schliessmuskelprothese Adjustierbares Harnr\u00f6hrenkissen Das ATOMS Implantat ist ein vollst\u00e4ndig implantierbares System zur Wiederherstellung der Kontinenz nach einer Prostataoperation. Es besteht aus einem unter der Harnr\u00f6hre platzierten adjustierbarem Kissen und ist f\u00fcr alle Grade der Harninkontinenz geeignet. Durch die Verstellbarkeit des Systems kann es an den individuellen Aktivit\u00e4tsgrad angepasst werden. Im Vergleich zu anderen Systemen ist [&hellip;]","og_url":"https:\/\/www.kontinenzzentrum.ch\/de\/untersuchung-und-therapie\/operationen-bei-harninkontinenz\/atoms-schliessmuskelprothese.html","og_site_name":"KontinenzZentrum","article_modified_time":"2025-01-28T16:11:34+00:00","og_image":[{"width":1920,"height":573,"url":"https:\/\/www.kontinenzzentrum.ch\/wp-content\/uploads\/slider-1-9579.jpg","type":"image\/jpeg"}],"twitter_card":"summary_large_image","twitter_misc":{"Gesch\u00e4tzte Lesezeit":"2\u00a0Minuten"},"schema":{"@context":"https:\/\/schema.org","@graph":[{"@type":"WebPage","@id":"https:\/\/www.kontinenzzentrum.ch\/de\/untersuchung-und-therapie\/operationen-bei-harninkontinenz\/atoms-schliessmuskelprothese.html","url":"https:\/\/www.kontinenzzentrum.ch\/de\/untersuchung-und-therapie\/operationen-bei-harninkontinenz\/atoms-schliessmuskelprothese.html","name":"ATOMS Schliessmuskelprothese","isPartOf":{"@id":"https:\/\/www.kontinenzzentrum.ch\/de\/#website"},"primaryImageOfPage":{"@id":"https:\/\/www.kontinenzzentrum.ch\/de\/untersuchung-und-therapie\/operationen-bei-harninkontinenz\/atoms-schliessmuskelprothese.html#primaryimage"},"image":{"@id":"https:\/\/www.kontinenzzentrum.ch\/de\/untersuchung-und-therapie\/operationen-bei-harninkontinenz\/atoms-schliessmuskelprothese.html#primaryimage"},"thumbnailUrl":"https:\/\/www.kontinenzzentrum.ch\/wp-content\/uploads\/slider-1-9579.jpg","datePublished":"2023-03-02T10:48:42+00:00","dateModified":"2025-01-28T16:11:34+00:00","breadcrumb":{"@id":"https:\/\/www.kontinenzzentrum.ch\/de\/untersuchung-und-therapie\/operationen-bei-harninkontinenz\/atoms-schliessmuskelprothese.html#breadcrumb"},"inLanguage":"de","potentialAction":[{"@type":"ReadAction","target":["https:\/\/www.kontinenzzentrum.ch\/de\/untersuchung-und-therapie\/operationen-bei-harninkontinenz\/atoms-schliessmuskelprothese.html"]}]},{"@type":"ImageObject","inLanguage":"de","@id":"https:\/\/www.kontinenzzentrum.ch\/de\/untersuchung-und-therapie\/operationen-bei-harninkontinenz\/atoms-schliessmuskelprothese.html#primaryimage","url":"https:\/\/www.kontinenzzentrum.ch\/wp-content\/uploads\/slider-1-9579.jpg","contentUrl":"https:\/\/www.kontinenzzentrum.ch\/wp-content\/uploads\/slider-1-9579.jpg","width":1920,"height":573,"caption":"Arzt mit OP-Maske und OP-Haube haut in die Ferne"},{"@type":"BreadcrumbList","@id":"https:\/\/www.kontinenzzentrum.ch\/de\/untersuchung-und-therapie\/operationen-bei-harninkontinenz\/atoms-schliessmuskelprothese.html#breadcrumb","itemListElement":[{"@type":"ListItem","position":1,"name":"Startseite","item":"https:\/\/www.kontinenzzentrum.ch\/de"},{"@type":"ListItem","position":2,"name":"Untersuchung &#038; Therapie","item":"https:\/\/www.kontinenzzentrum.ch\/de\/untersuchung-und-therapie.html"},{"@type":"ListItem","position":3,"name":"Operationen bei Harninkontinenz","item":"https:\/\/www.kontinenzzentrum.ch\/de\/untersuchung-und-therapie\/operationen-bei-harninkontinenz.html"},{"@type":"ListItem","position":4,"name":"ATOMS Schliessmuskelprothese"}]},{"@type":"WebSite","@id":"https:\/\/www.kontinenzzentrum.ch\/de\/#website","url":"https:\/\/www.kontinenzzentrum.ch\/de\/","name":"KontinenzZentrum Hirslanden Z\u00fcrich","description":"KontinenzZentrum Hirslanden Z\u00fcrich: Blasenst\u00f6rungen & Inkontinenz","publisher":{"@id":"https:\/\/www.kontinenzzentrum.ch\/de\/#organization"},"potentialAction":[{"@type":"SearchAction","target":{"@type":"EntryPoint","urlTemplate":"https:\/\/www.kontinenzzentrum.ch\/de\/?s={search_term_string}"},"query-input":{"@type":"PropertyValueSpecification","valueRequired":true,"valueName":"search_term_string"}}],"inLanguage":"de"},{"@type":"Organization","@id":"https:\/\/www.kontinenzzentrum.ch\/de\/#organization","name":"KontinenzZentrum Hirslanden Z\u00fcrich","url":"https:\/\/www.kontinenzzentrum.ch\/de\/","logo":{"@type":"ImageObject","inLanguage":"de","@id":"https:\/\/www.kontinenzzentrum.ch\/de\/#\/schema\/logo\/image\/","url":"https:\/\/www.kontinenzzentrum.ch\/wp-content\/uploads\/Logo_KontinenzZentrum.png","contentUrl":"https:\/\/www.kontinenzzentrum.ch\/wp-content\/uploads\/Logo_KontinenzZentrum.png","width":800,"height":142,"caption":"KontinenzZentrum Hirslanden Z\u00fcrich"},"image":{"@id":"https:\/\/www.kontinenzzentrum.ch\/de\/#\/schema\/logo\/image\/"}}]}},"_links":{"self":[{"href":"https:\/\/www.kontinenzzentrum.ch\/de\/wp-json\/wp\/v2\/pages\/1419","targetHints":{"allow":["GET"]}}],"collection":[{"href":"https:\/\/www.kontinenzzentrum.ch\/de\/wp-json\/wp\/v2\/pages"}],"about":[{"href":"https:\/\/www.kontinenzzentrum.ch\/de\/wp-json\/wp\/v2\/types\/page"}],"author":[{"embeddable":true,"href":"https:\/\/www.kontinenzzentrum.ch\/de\/wp-json\/wp\/v2\/users\/1"}],"replies":[{"embeddable":true,"href":"https:\/\/www.kontinenzzentrum.ch\/de\/wp-json\/wp\/v2\/comments?post=1419"}],"version-history":[{"count":10,"href":"https:\/\/www.kontinenzzentrum.ch\/de\/wp-json\/wp\/v2\/pages\/1419\/revisions"}],"predecessor-version":[{"id":4165,"href":"https:\/\/www.kontinenzzentrum.ch\/de\/wp-json\/wp\/v2\/pages\/1419\/revisions\/4165"}],"up":[{"embeddable":true,"href":"https:\/\/www.kontinenzzentrum.ch\/de\/wp-json\/wp\/v2\/pages\/1384"}],"wp:featuredmedia":[{"embeddable":true,"href":"https:\/\/www.kontinenzzentrum.ch\/de\/wp-json\/wp\/v2\/media\/145"}],"wp:attachment":[{"href":"https:\/\/www.kontinenzzentrum.ch\/de\/wp-json\/wp\/v2\/media?parent=1419"}],"curies":[{"name":"wp","href":"https:\/\/api.w.org\/{rel}","templated":true}]}}