{"id":1431,"date":"2023-03-02T11:57:33","date_gmt":"2023-03-02T10:57:33","guid":{"rendered":"https:\/\/www.kontinenzzentrum.ch\/?page_id=1431"},"modified":"2025-03-11T17:24:35","modified_gmt":"2025-03-11T16:24:35","slug":"harnableitung-mit-einem-urostoma","status":"publish","type":"page","link":"https:\/\/www.kontinenzzentrum.ch\/de\/untersuchung-und-therapie\/operationen-bei-harninkontinenz\/harnableitung-mit-einem-urostoma.html","title":{"rendered":"Harnableitung mit einem Urostoma"},"content":{"rendered":"<div id=\"pl-1431\"  class=\"panel-layout\" ><div id=\"pg-1431-0\"  class=\"panel-grid panel-no-style\" ><div id=\"pgc-1431-0-0\"  class=\"panel-grid-cell\" ><div id=\"panel-1431-0-0-0\" class=\"so-panel widget widget_sow-editor panel-first-child\" data-index=\"0\" ><div\n\t\t\t\n\t\t\tclass=\"so-widget-sow-editor so-widget-sow-editor-base\"\n\t\t\t\n\t\t>\n<div class=\"siteorigin-widget-tinymce textwidget\">\n\t<h1>Urostoma: Harnableitung mit einem k\u00fcnstlichen Blasenausgang<\/h1>\n<p>Die Ableitung des Harns (Urin) mit einem sogenannten\u00a0<strong>Urostoma<\/strong>\u00a0kann bei einer langj\u00e4hrigen Querschnittl\u00e4hmung bzw. Paraplegie, bei einer fortgeschrittenen\u00a0<a title=\"Multiple Sklerose\" href=\"https:\/\/www.kontinenzzentrum.ch\/de\/erkrankungen\/neurogene-blasenstoerungen\/multiple-sklerose.html\">Multiple Sklerose<\/a>, einer Schrumpfblase, oder einer durch andere Faktoren nicht zu kontrollierenden Inkontinenz und auch bei einer anderweitig nicht behandelbaren Funktionsst\u00f6rung erwogen werden. Hierbei ist die Blase durch einen langen Krankheitsverlauf so gesch\u00e4digt, dass sie keinen Harn mehr speichern oder kontrolliert entleeren kann. Eine Urostomie wird dann erwogen, wenn alle anderen konservativen oder operativen Behandlungsm\u00f6glichkeiten ersch\u00f6pft, nicht ausreichend wirksam oder vertr\u00e4glich sind. Auch wenn ein durch die Harnr\u00f6hre oder die Bauchdecke eingelegter Blasenkatheter sich auf l\u00e4ngere Sicht als st\u00f6rend, unvertr\u00e4glich oder mit Komplikationen verbunden erweist, kann mit einem Urostoma eine gute bis sehr gute Lebensqualit\u00e4t erreicht werden.<\/p>\n<\/div>\n<\/div><\/div><div id=\"panel-1431-0-0-1\" class=\"so-panel widget widget_fn-info-box-widget\" data-index=\"1\" ><div\n\t\t\t\n\t\t\tclass=\"so-widget-fn-info-box-widget so-widget-fn-info-box-widget-base\"\n\t\t\t\n\t\t><div class=\"uk-child-width-1-1 uk-grid-match\" uk-grid><div>\n        <div class=\"fn-info-box-title\">\n          <div class=\"uk-grid-small\" uk-grid>            <div class=\"uk-width-auto\"><img decoding=\"async\" src=\"https:\/\/www.kontinenzzentrum.ch\/wp-content\/uploads\/ICON_kontakt.svg\" class=\"attachment-small size-small\" alt=\"\" \/>            <\/div>            <div class=\"uk-width-expand\">\n              <h4 class=\"uk-h3\">Wir beraten Sie zu Ihren Behandlungsm\u00f6glichkeiten bei Inkontinenz<\/h4>\n            <\/div>\n          <\/div>\n        <\/div>\n        <div class=\"fn-info-box-content\">\n              <p>Sie leiden an einer gravierende Inkontinenz und m\u00f6chten mehr \u00fcber die Harnableitung mittels eines <strong>Urostomas <\/strong>als Behandlungsm\u00f6glichkeit erfahren?<\/p>\n<p><strong>Kontaktieren Sie uns<\/strong>, unsere Spezialisten beraten Sie gerne. Sie erreichen unser KontinenzZentrum in Hirslanden, Z\u00fcrich telefonisch oder per E-Mail. Nutzen Sie auch unsere Online-Terminvereinbarung!<\/p>\n<p><div class=\"uk-flex uk-child-width-auto uk-grid-small\" uk-grid><div><a class=\"uk-button uk-button-primary\" href=\"tel:+41443872910\"><i class=\"fas fa-phone-alt uk-margin-small-right\"><\/i>+41 44 387 29 10<\/a><\/div><div><a class=\"uk-button uk-button-primary\" href=\"https:\/\/www.kontinenzzentrum.ch\/de\/ueber-uns\/termin.html\"><i class=\"fas fa-comments uk-margin-small-right\"><\/i>Online Terminvereinbarung<\/a><\/div><\/div><\/p>\n        <\/div>\n      <\/div><\/div><\/div><\/div><div id=\"panel-1431-0-0-2\" class=\"so-panel widget widget_sow-editor\" data-index=\"2\" ><div\n\t\t\t\n\t\t\tclass=\"so-widget-sow-editor so-widget-sow-editor-base\"\n\t\t\t\n\t\t>\n<div class=\"siteorigin-widget-tinymce textwidget\">\n\t<h2>Wie l\u00e4uft eine Urostomie durch einen Urologen ab?<\/h2>\n<p><img decoding=\"async\" class=\"alignright\" title=\"\" src=\"https:\/\/www.kontinenzzentrum.ch\/wp-content\/uploads\/da-vinci-operation.jpeg\" alt=\"\" width=\"435\" height=\"290\" \/><br \/>\nBereits vor der Operation erfolgt eine Beratung durch einen Stomaspezialisten. Dieser legt mit dem Patienten\/der Patientin fest, an welcher Stelle im rechten Unterbauch das Stoma platziert werden soll. Insbesondere bei Patienten, die die meiste Zeit des Tages auf einen Rollstuhl angewiesen sind, ist f\u00fcr einen komfortablen Sitz und eine einfache Versorgung die richtige Platzierung entscheidend. Hierbei kann es n\u00fctzlich sein, bereits vor der Operation f\u00fcr einige Tage einen Stomabeutel zur Probe zu tragen. Die Urostoma-Operation selbst wird in Vollnarkose und entweder offen chirurgisch durch einen Bauchschnitt oder mittels Bauchspiegelung (laparoskopisch) und mit Unterst\u00fctzung eines Operationsroboters (Da Vinci Methode) durchgef\u00fchrt. In der Regel ist eine Hospitalisation von sieben bis zehn Tagen erforderlich.<\/p>\n<h3>Genereller Ablauf einer Urostoma-Operation<\/h3>\n<p>Bei einer Operation zur Harnableitung wird zun\u00e4chst die Harnblase entfernt, dann wird aus dem Darm ein kurzes Segment entnommen, mit den Harnleitern verbunden und aus der Haut heraus geleitet. Damit wird der Harn direkt durch die Haut in einen auf der Bauchdecke aufgeklebten Auffangbeutel abgeleitet. \u00dcber ein Ventil am unteren Ende des Beutels kann der Urin von Zeit zu Zeit entleert werden. Um eine gr\u00f6ssere Unabh\u00e4ngigkeit zu erreichen, kann der Auffangbeutel auch mit einem gr\u00f6sseren Urinsack am Bein verbunden werden.<\/p>\n<h3>Operationsverlauf mit dem DaVinci Roboter<\/h3>\n<p>Bei der Da Vinci Operation zur Harnableitung mit einem\u00a0<strong>Urostoma<\/strong>\u00a0im Becken f\u00fchrt der Operateur zun\u00e4chst durch einen ersten Schnitt im Bereich des Bauchnabels eine kleine F\u00fchrungsh\u00fclse ein. Durch die \u00d6ffnung wird Kohlendioxid in die Bauchh\u00f6hle eingeleitet. So entsteht im Unterleib ein Hohlraum, der die Sicht auf die Organe verbessert. Durch weitere kleine Schnitte in der Bauchdecke schiebt der Arzt zus\u00e4tzliche F\u00fchrungsh\u00fclsen. Die Arme des Robotersystems (mit Kamera und speziellen Instrumenten) werden auf die F\u00fchrungsh\u00fclsen aufgesetzt. Im Verlauf der\u00a0<a title=\"DaVinci Roboter Operation\" href=\"https:\/\/www.kontinenzzentrum.ch\/de\/untersuchung-und-therapie\/operation-bei-senkungen\/da-vinci-operation.html\">DaVinci Roboter Operation<\/a>\u00a0entfernt der Chirurg die gesch\u00e4digte Harnblase vollst\u00e4ndig. Die Harnleiter werden mit einem zuvor aus dem D\u00fcnndarm ausgeschalteten Segment verbunden und aus dem rechten Oberbauch aus der Haut geleitet und vern\u00e4ht.<\/p>\n<h2>Vorteile einer Harnableitung mit einem k\u00fcnstlichen Blasenausgang<\/h2>\n<p>Eine Harnableitung mit einem\u00a0<strong>Urostoma<\/strong>\u00a0kann die Lebensqualit\u00e4t erheblich steigern, da eine oft gravierende Inkontinenz und die damit einhergehende Komplikationen dauerhaft \u00fcberwunden werden k\u00f6nnen. Nach einer Schulung durch einen spezialisierten Stomatherapeuten und einer kurzen Eingew\u00f6hnungsphase sind fast alle Patientinnen und Patienten in der Lage das Stoma selbst zu versorgen. Verglichen mit einem dauerhaft einliegendem Blasenkatheter, besteht der Hauptvorteil des k\u00fcnstlichen Blasenausgangs darin, dass sich kein Fremdmaterial im Inneren des K\u00f6rpers befindet und entsprechend keine damit verbundenen Komplikationen (Infekte, Verkrustung, Verstopfung, Steinbildung) auftreten. Auch entf\u00e4llt der regelm\u00e4ssige Katheterwechsel, da das Stoma selbstst\u00e4ndig und zu Hause versorgt werden kann.<\/p>\n<h3>Vorteile des Einsatzes eines Da Vinci Operationsroboters<\/h3>\n<p><img decoding=\"async\" class=\"alignright\" title=\"\" src=\"https:\/\/www.kontinenzzentrum.ch\/wp-content\/uploads\/da-vinci-roboter-op.jpeg\" alt=\"\" width=\"420\" height=\"280\" \/><br \/>\nDurch die minimal invasive Operationsmethode mit Hilfe hochpr\u00e4ziser Instrumente und die geschulte F\u00fchrung unserer Spezialisten bietet die\u00a0<strong>Urostoma-Operation<\/strong>\u00a0mit Hilfe des DaVinci\u00ae-Roboters folgende Vorteile:<\/p>\n<ul>\n<li>meist geringerer Blutverlust w\u00e4hrend der Operation<\/li>\n<li>k\u00fcrzerer Aufenthalt im Spital<\/li>\n<li>geringere Schmerzen nach dem Operationsverfahren<\/li>\n<li>kleinere Narben<\/li>\n<\/ul>\n<h2>Gut beraten und behandelt bei einem Urostoma<\/h2>\n<p>Im KontinenzZentrum Hirslanden versammelt sich das Wissen von Fach\u00e4rzten aus Urologie, Neuro-Urologie, Uro-Gyn\u00e4kologie und Neurologie. Sollte auf Grund einer Querschnittsl\u00e4hmung (<a title=\"Inkontinenz bei Paraplegie\" href=\"https:\/\/www.kontinenzzentrum.ch\/de\/erkrankungen\/neurogene-blasenstoerungen\/querschnittlaehmung.html\">Paraplegie<\/a>\/Tetraplegie), einer Multipler Sklerose oder eine anderen Erkrankungen Ihre Harnblase so erheblich gesch\u00e4digt sein, dass eine Inkontinenz nicht beherrschbar ist oder dauerhaft ein Katheter in der Blase einliegt, beraten Sie unsere Spezialisten individuell und pers\u00f6nlich bez\u00fcglich eines k\u00fcnstlichen Blasenausgangs, eines\u00a0<strong>Urostomas<\/strong>. Auch nach dem operativen Eingriff, der Urostomie, stehen Ihnen die Experten des KontinenzZentrums Hirslanden mit einer Schulung zu Nutzung und Pflege des Stomas sowie f\u00fcr weitere Fragen zur Seite.<\/p>\n<\/div>\n<\/div><\/div><div id=\"panel-1431-0-0-3\" class=\"so-panel widget widget_fn-info-box-widget panel-last-child\" data-index=\"3\" ><div\n\t\t\t\n\t\t\tclass=\"so-widget-fn-info-box-widget so-widget-fn-info-box-widget-base\"\n\t\t\t\n\t\t><div class=\"uk-child-width-1-1 uk-grid-match\" uk-grid><div>\n        <div class=\"fn-info-box-title\">\n          <div class=\"uk-grid-small\" uk-grid>            <div class=\"uk-width-auto\"><img decoding=\"async\" src=\"https:\/\/www.kontinenzzentrum.ch\/wp-content\/uploads\/ICON_info.svg\" class=\"attachment-small size-small\" alt=\"\" \/>            <\/div>            <div class=\"uk-width-expand\">\n              <h4 class=\"uk-h3\">Informieren Sie sich jetzt<\/h4>\n            <\/div>\n          <\/div>\n        <\/div>\n        <div class=\"fn-info-box-content\">\n              <p>Ein k\u00fcnstlicher Blasenausgang kann die Lebensqualit\u00e4t deutlich steigern, da eine oft gravierende Inkontinenz und die damit einhergehende Komplikationen dauerhaft \u00fcberwunden werden k\u00f6nnen. Kontaktieren Sie uns f\u00fcr ein individuelles Beratungsgespr\u00e4ch zu einer Harnableitung mittels eines <strong>Urostomas<\/strong>.<\/p>\n<p>Sie erreichen unser KontinenzZentrum in Hirslanden, Z\u00fcrich telefonisch, <a href=\"mailto:kontinenzzentrum.hirslanden@hirslanden.ch\">per E-Mail<\/a> oder \u00fcber unser\u00a0Kontaktformular.<\/p>\n<p><div class=\"uk-flex uk-child-width-auto uk-grid-small\" uk-grid><div><a class=\"uk-button uk-button-primary\" href=\"tel:+41443872910\"><i class=\"fas fa-phone-alt uk-margin-small-right\"><\/i>+41 44 387 29 10<\/a><\/div><div><a class=\"uk-button uk-button-primary\" href=\"https:\/\/www.kontinenzzentrum.ch\/de\/ueber-uns\/termin.html\"><i class=\"fas fa-comments uk-margin-small-right\"><\/i>Online Terminvereinbarung<\/a><\/div><\/div><\/p>\n        <\/div>\n      <\/div><\/div><\/div><\/div><\/div><\/div><\/div>","protected":false},"excerpt":{"rendered":"<p>Urostoma: Harnableitung mit einem k\u00fcnstlichen Blasenausgang Die Ableitung des Harns (Urin) mit einem sogenannten\u00a0Urostoma\u00a0kann bei einer langj\u00e4hrigen Querschnittl\u00e4hmung bzw. Paraplegie, bei einer fortgeschrittenen\u00a0Multiple Sklerose, einer Schrumpfblase, oder einer durch andere Faktoren nicht zu kontrollierenden Inkontinenz und auch bei einer anderweitig nicht behandelbaren Funktionsst\u00f6rung erwogen werden. Hierbei ist die Blase durch einen langen Krankheitsverlauf so gesch\u00e4digt, [&hellip;]<\/p>\n","protected":false},"author":1,"featured_media":145,"parent":1384,"menu_order":0,"comment_status":"closed","ping_status":"closed","template":"","meta":{"_acf_changed":false,"footnotes":""},"class_list":["post-1431","page","type-page","status-publish","has-post-thumbnail","hentry"],"acf":[],"yoast_head":"<!-- This site is optimized with the Yoast SEO plugin v26.9 - https:\/\/yoast.com\/product\/yoast-seo-wordpress\/ -->\n<title>Urostoma | KontinenzZentrum Hirslanden<\/title>\n<meta name=\"description\" content=\"Bei einer Urostomie-Operation wird ein Urostoma gelegt, wenn durch schwere Krankheitsverl\u00e4ufe die Blase besch\u00e4digt ist. Mehr zur Harnableitung erfahren.\" \/>\n<meta name=\"robots\" content=\"index, follow, max-snippet:-1, max-image-preview:large, max-video-preview:-1\" \/>\n<link rel=\"canonical\" href=\"https:\/\/www.kontinenzzentrum.ch\/de\/untersuchung-und-therapie\/operationen-bei-harninkontinenz\/harnableitung-mit-einem-urostoma.html\" \/>\n<meta property=\"og:locale\" content=\"de_DE\" \/>\n<meta property=\"og:type\" content=\"article\" \/>\n<meta property=\"og:title\" content=\"Urostoma | KontinenzZentrum Hirslanden\" \/>\n<meta property=\"og:description\" content=\"Bei einer Urostomie-Operation wird ein Urostoma gelegt, wenn durch schwere Krankheitsverl\u00e4ufe die Blase besch\u00e4digt ist. Mehr zur Harnableitung erfahren.\" \/>\n<meta property=\"og:url\" content=\"https:\/\/www.kontinenzzentrum.ch\/de\/untersuchung-und-therapie\/operationen-bei-harninkontinenz\/harnableitung-mit-einem-urostoma.html\" \/>\n<meta property=\"og:site_name\" content=\"KontinenzZentrum\" \/>\n<meta property=\"article:modified_time\" content=\"2025-03-11T16:24:35+00:00\" \/>\n<meta property=\"og:image\" content=\"https:\/\/www.kontinenzzentrum.ch\/wp-content\/uploads\/slider-1-9579.jpg\" \/>\n\t<meta property=\"og:image:width\" content=\"1920\" \/>\n\t<meta property=\"og:image:height\" content=\"573\" \/>\n\t<meta property=\"og:image:type\" content=\"image\/jpeg\" \/>\n<meta name=\"twitter:card\" content=\"summary_large_image\" \/>\n<meta name=\"twitter:label1\" content=\"Gesch\u00e4tzte Lesezeit\" \/>\n\t<meta name=\"twitter:data1\" content=\"6\u00a0Minuten\" \/>\n<script type=\"application\/ld+json\" class=\"yoast-schema-graph\">{\"@context\":\"https:\/\/schema.org\",\"@graph\":[{\"@type\":\"WebPage\",\"@id\":\"https:\/\/www.kontinenzzentrum.ch\/de\/untersuchung-und-therapie\/operationen-bei-harninkontinenz\/harnableitung-mit-einem-urostoma.html\",\"url\":\"https:\/\/www.kontinenzzentrum.ch\/de\/untersuchung-und-therapie\/operationen-bei-harninkontinenz\/harnableitung-mit-einem-urostoma.html\",\"name\":\"Urostoma | KontinenzZentrum Hirslanden\",\"isPartOf\":{\"@id\":\"https:\/\/www.kontinenzzentrum.ch\/de\/#website\"},\"primaryImageOfPage\":{\"@id\":\"https:\/\/www.kontinenzzentrum.ch\/de\/untersuchung-und-therapie\/operationen-bei-harninkontinenz\/harnableitung-mit-einem-urostoma.html#primaryimage\"},\"image\":{\"@id\":\"https:\/\/www.kontinenzzentrum.ch\/de\/untersuchung-und-therapie\/operationen-bei-harninkontinenz\/harnableitung-mit-einem-urostoma.html#primaryimage\"},\"thumbnailUrl\":\"https:\/\/www.kontinenzzentrum.ch\/wp-content\/uploads\/slider-1-9579.jpg\",\"datePublished\":\"2023-03-02T10:57:33+00:00\",\"dateModified\":\"2025-03-11T16:24:35+00:00\",\"description\":\"Bei einer Urostomie-Operation wird ein Urostoma gelegt, wenn durch schwere Krankheitsverl\u00e4ufe die Blase besch\u00e4digt ist. Mehr zur Harnableitung erfahren.\",\"breadcrumb\":{\"@id\":\"https:\/\/www.kontinenzzentrum.ch\/de\/untersuchung-und-therapie\/operationen-bei-harninkontinenz\/harnableitung-mit-einem-urostoma.html#breadcrumb\"},\"inLanguage\":\"de\",\"potentialAction\":[{\"@type\":\"ReadAction\",\"target\":[\"https:\/\/www.kontinenzzentrum.ch\/de\/untersuchung-und-therapie\/operationen-bei-harninkontinenz\/harnableitung-mit-einem-urostoma.html\"]}]},{\"@type\":\"ImageObject\",\"inLanguage\":\"de\",\"@id\":\"https:\/\/www.kontinenzzentrum.ch\/de\/untersuchung-und-therapie\/operationen-bei-harninkontinenz\/harnableitung-mit-einem-urostoma.html#primaryimage\",\"url\":\"https:\/\/www.kontinenzzentrum.ch\/wp-content\/uploads\/slider-1-9579.jpg\",\"contentUrl\":\"https:\/\/www.kontinenzzentrum.ch\/wp-content\/uploads\/slider-1-9579.jpg\",\"width\":1920,\"height\":573,\"caption\":\"Arzt mit OP-Maske und OP-Haube haut in die Ferne\"},{\"@type\":\"BreadcrumbList\",\"@id\":\"https:\/\/www.kontinenzzentrum.ch\/de\/untersuchung-und-therapie\/operationen-bei-harninkontinenz\/harnableitung-mit-einem-urostoma.html#breadcrumb\",\"itemListElement\":[{\"@type\":\"ListItem\",\"position\":1,\"name\":\"Startseite\",\"item\":\"https:\/\/www.kontinenzzentrum.ch\/de\"},{\"@type\":\"ListItem\",\"position\":2,\"name\":\"Untersuchung &#038; Therapie\",\"item\":\"https:\/\/www.kontinenzzentrum.ch\/de\/untersuchung-und-therapie.html\"},{\"@type\":\"ListItem\",\"position\":3,\"name\":\"Operationen bei Harninkontinenz\",\"item\":\"https:\/\/www.kontinenzzentrum.ch\/de\/untersuchung-und-therapie\/operationen-bei-harninkontinenz.html\"},{\"@type\":\"ListItem\",\"position\":4,\"name\":\"Harnableitung mit einem Urostoma\"}]},{\"@type\":\"WebSite\",\"@id\":\"https:\/\/www.kontinenzzentrum.ch\/de\/#website\",\"url\":\"https:\/\/www.kontinenzzentrum.ch\/de\/\",\"name\":\"KontinenzZentrum Hirslanden Z\u00fcrich\",\"description\":\"KontinenzZentrum Hirslanden Z\u00fcrich: Blasenst\u00f6rungen & Inkontinenz\",\"publisher\":{\"@id\":\"https:\/\/www.kontinenzzentrum.ch\/de\/#organization\"},\"potentialAction\":[{\"@type\":\"SearchAction\",\"target\":{\"@type\":\"EntryPoint\",\"urlTemplate\":\"https:\/\/www.kontinenzzentrum.ch\/de\/?s={search_term_string}\"},\"query-input\":{\"@type\":\"PropertyValueSpecification\",\"valueRequired\":true,\"valueName\":\"search_term_string\"}}],\"inLanguage\":\"de\"},{\"@type\":\"Organization\",\"@id\":\"https:\/\/www.kontinenzzentrum.ch\/de\/#organization\",\"name\":\"KontinenzZentrum Hirslanden Z\u00fcrich\",\"url\":\"https:\/\/www.kontinenzzentrum.ch\/de\/\",\"logo\":{\"@type\":\"ImageObject\",\"inLanguage\":\"de\",\"@id\":\"https:\/\/www.kontinenzzentrum.ch\/de\/#\/schema\/logo\/image\/\",\"url\":\"https:\/\/www.kontinenzzentrum.ch\/wp-content\/uploads\/Logo_KontinenzZentrum.png\",\"contentUrl\":\"https:\/\/www.kontinenzzentrum.ch\/wp-content\/uploads\/Logo_KontinenzZentrum.png\",\"width\":800,\"height\":142,\"caption\":\"KontinenzZentrum Hirslanden Z\u00fcrich\"},\"image\":{\"@id\":\"https:\/\/www.kontinenzzentrum.ch\/de\/#\/schema\/logo\/image\/\"}}]}<\/script>\n<!-- \/ Yoast SEO plugin. -->","yoast_head_json":{"title":"Urostoma | KontinenzZentrum Hirslanden","description":"Bei einer Urostomie-Operation wird ein Urostoma gelegt, wenn durch schwere Krankheitsverl\u00e4ufe die Blase besch\u00e4digt ist. Mehr zur Harnableitung erfahren.","robots":{"index":"index","follow":"follow","max-snippet":"max-snippet:-1","max-image-preview":"max-image-preview:large","max-video-preview":"max-video-preview:-1"},"canonical":"https:\/\/www.kontinenzzentrum.ch\/de\/untersuchung-und-therapie\/operationen-bei-harninkontinenz\/harnableitung-mit-einem-urostoma.html","og_locale":"de_DE","og_type":"article","og_title":"Urostoma | KontinenzZentrum Hirslanden","og_description":"Bei einer Urostomie-Operation wird ein Urostoma gelegt, wenn durch schwere Krankheitsverl\u00e4ufe die Blase besch\u00e4digt ist. Mehr zur Harnableitung erfahren.","og_url":"https:\/\/www.kontinenzzentrum.ch\/de\/untersuchung-und-therapie\/operationen-bei-harninkontinenz\/harnableitung-mit-einem-urostoma.html","og_site_name":"KontinenzZentrum","article_modified_time":"2025-03-11T16:24:35+00:00","og_image":[{"width":1920,"height":573,"url":"https:\/\/www.kontinenzzentrum.ch\/wp-content\/uploads\/slider-1-9579.jpg","type":"image\/jpeg"}],"twitter_card":"summary_large_image","twitter_misc":{"Gesch\u00e4tzte Lesezeit":"6\u00a0Minuten"},"schema":{"@context":"https:\/\/schema.org","@graph":[{"@type":"WebPage","@id":"https:\/\/www.kontinenzzentrum.ch\/de\/untersuchung-und-therapie\/operationen-bei-harninkontinenz\/harnableitung-mit-einem-urostoma.html","url":"https:\/\/www.kontinenzzentrum.ch\/de\/untersuchung-und-therapie\/operationen-bei-harninkontinenz\/harnableitung-mit-einem-urostoma.html","name":"Urostoma | KontinenzZentrum Hirslanden","isPartOf":{"@id":"https:\/\/www.kontinenzzentrum.ch\/de\/#website"},"primaryImageOfPage":{"@id":"https:\/\/www.kontinenzzentrum.ch\/de\/untersuchung-und-therapie\/operationen-bei-harninkontinenz\/harnableitung-mit-einem-urostoma.html#primaryimage"},"image":{"@id":"https:\/\/www.kontinenzzentrum.ch\/de\/untersuchung-und-therapie\/operationen-bei-harninkontinenz\/harnableitung-mit-einem-urostoma.html#primaryimage"},"thumbnailUrl":"https:\/\/www.kontinenzzentrum.ch\/wp-content\/uploads\/slider-1-9579.jpg","datePublished":"2023-03-02T10:57:33+00:00","dateModified":"2025-03-11T16:24:35+00:00","description":"Bei einer Urostomie-Operation wird ein Urostoma gelegt, wenn durch schwere Krankheitsverl\u00e4ufe die Blase besch\u00e4digt ist. Mehr zur Harnableitung erfahren.","breadcrumb":{"@id":"https:\/\/www.kontinenzzentrum.ch\/de\/untersuchung-und-therapie\/operationen-bei-harninkontinenz\/harnableitung-mit-einem-urostoma.html#breadcrumb"},"inLanguage":"de","potentialAction":[{"@type":"ReadAction","target":["https:\/\/www.kontinenzzentrum.ch\/de\/untersuchung-und-therapie\/operationen-bei-harninkontinenz\/harnableitung-mit-einem-urostoma.html"]}]},{"@type":"ImageObject","inLanguage":"de","@id":"https:\/\/www.kontinenzzentrum.ch\/de\/untersuchung-und-therapie\/operationen-bei-harninkontinenz\/harnableitung-mit-einem-urostoma.html#primaryimage","url":"https:\/\/www.kontinenzzentrum.ch\/wp-content\/uploads\/slider-1-9579.jpg","contentUrl":"https:\/\/www.kontinenzzentrum.ch\/wp-content\/uploads\/slider-1-9579.jpg","width":1920,"height":573,"caption":"Arzt mit OP-Maske und OP-Haube haut in die Ferne"},{"@type":"BreadcrumbList","@id":"https:\/\/www.kontinenzzentrum.ch\/de\/untersuchung-und-therapie\/operationen-bei-harninkontinenz\/harnableitung-mit-einem-urostoma.html#breadcrumb","itemListElement":[{"@type":"ListItem","position":1,"name":"Startseite","item":"https:\/\/www.kontinenzzentrum.ch\/de"},{"@type":"ListItem","position":2,"name":"Untersuchung &#038; Therapie","item":"https:\/\/www.kontinenzzentrum.ch\/de\/untersuchung-und-therapie.html"},{"@type":"ListItem","position":3,"name":"Operationen bei Harninkontinenz","item":"https:\/\/www.kontinenzzentrum.ch\/de\/untersuchung-und-therapie\/operationen-bei-harninkontinenz.html"},{"@type":"ListItem","position":4,"name":"Harnableitung mit einem Urostoma"}]},{"@type":"WebSite","@id":"https:\/\/www.kontinenzzentrum.ch\/de\/#website","url":"https:\/\/www.kontinenzzentrum.ch\/de\/","name":"KontinenzZentrum Hirslanden Z\u00fcrich","description":"KontinenzZentrum Hirslanden Z\u00fcrich: Blasenst\u00f6rungen & Inkontinenz","publisher":{"@id":"https:\/\/www.kontinenzzentrum.ch\/de\/#organization"},"potentialAction":[{"@type":"SearchAction","target":{"@type":"EntryPoint","urlTemplate":"https:\/\/www.kontinenzzentrum.ch\/de\/?s={search_term_string}"},"query-input":{"@type":"PropertyValueSpecification","valueRequired":true,"valueName":"search_term_string"}}],"inLanguage":"de"},{"@type":"Organization","@id":"https:\/\/www.kontinenzzentrum.ch\/de\/#organization","name":"KontinenzZentrum Hirslanden Z\u00fcrich","url":"https:\/\/www.kontinenzzentrum.ch\/de\/","logo":{"@type":"ImageObject","inLanguage":"de","@id":"https:\/\/www.kontinenzzentrum.ch\/de\/#\/schema\/logo\/image\/","url":"https:\/\/www.kontinenzzentrum.ch\/wp-content\/uploads\/Logo_KontinenzZentrum.png","contentUrl":"https:\/\/www.kontinenzzentrum.ch\/wp-content\/uploads\/Logo_KontinenzZentrum.png","width":800,"height":142,"caption":"KontinenzZentrum Hirslanden Z\u00fcrich"},"image":{"@id":"https:\/\/www.kontinenzzentrum.ch\/de\/#\/schema\/logo\/image\/"}}]}},"_links":{"self":[{"href":"https:\/\/www.kontinenzzentrum.ch\/de\/wp-json\/wp\/v2\/pages\/1431","targetHints":{"allow":["GET"]}}],"collection":[{"href":"https:\/\/www.kontinenzzentrum.ch\/de\/wp-json\/wp\/v2\/pages"}],"about":[{"href":"https:\/\/www.kontinenzzentrum.ch\/de\/wp-json\/wp\/v2\/types\/page"}],"author":[{"embeddable":true,"href":"https:\/\/www.kontinenzzentrum.ch\/de\/wp-json\/wp\/v2\/users\/1"}],"replies":[{"embeddable":true,"href":"https:\/\/www.kontinenzzentrum.ch\/de\/wp-json\/wp\/v2\/comments?post=1431"}],"version-history":[{"count":8,"href":"https:\/\/www.kontinenzzentrum.ch\/de\/wp-json\/wp\/v2\/pages\/1431\/revisions"}],"predecessor-version":[{"id":4224,"href":"https:\/\/www.kontinenzzentrum.ch\/de\/wp-json\/wp\/v2\/pages\/1431\/revisions\/4224"}],"up":[{"embeddable":true,"href":"https:\/\/www.kontinenzzentrum.ch\/de\/wp-json\/wp\/v2\/pages\/1384"}],"wp:featuredmedia":[{"embeddable":true,"href":"https:\/\/www.kontinenzzentrum.ch\/de\/wp-json\/wp\/v2\/media\/145"}],"wp:attachment":[{"href":"https:\/\/www.kontinenzzentrum.ch\/de\/wp-json\/wp\/v2\/media?parent=1431"}],"curies":[{"name":"wp","href":"https:\/\/api.w.org\/{rel}","templated":true}]}}