{"id":1444,"date":"2023-03-02T13:06:33","date_gmt":"2023-03-02T12:06:33","guid":{"rendered":"https:\/\/www.kontinenzzentrum.ch\/?page_id=1444"},"modified":"2024-08-22T12:25:49","modified_gmt":"2024-08-22T10:25:49","slug":"harnroehrenbaender-bei-frauen","status":"publish","type":"page","link":"https:\/\/www.kontinenzzentrum.ch\/de\/untersuchung-und-therapie\/operationen-bei-harninkontinenz\/harnroehrenbaender-bei-frauen.html","title":{"rendered":"Harnr\u00f6hrenb\u00e4nder bei Frauen"},"content":{"rendered":"<div id=\"pl-1444\"  class=\"panel-layout\" ><div id=\"pg-1444-0\"  class=\"panel-grid panel-no-style\" ><div id=\"pgc-1444-0-0\"  class=\"panel-grid-cell\" ><div id=\"panel-1444-0-0-0\" class=\"so-panel widget widget_sow-editor panel-first-child\" data-index=\"0\" ><div\n\t\t\t\n\t\t\tclass=\"so-widget-sow-editor so-widget-sow-editor-base\"\n\t\t\t\n\t\t>\n<div class=\"siteorigin-widget-tinymce textwidget\">\n\t<h1>Bandoperation bei Frauen<\/h1>\n<h2>Operative Therapie bei Belastungsinkontinenz der Frau<\/h2>\n<p><img decoding=\"async\" class=\"alignright\" title=\"\" src=\"https:\/\/www.kontinenzzentrum.ch\/wp-content\/uploads\/untersuchung-operation-harnroehre-9918-txt.jpeg\" alt=\"\" width=\"462\" height=\"359\" \/><br \/>\nDas spannungsfreie Harnr\u00f6hrenband wird englisch als Tension-free Vaginal Tape oder abgek\u00fcrzt TVT bezeichnet. Die Einlage eines solchen Kunststoffbandes wird als\u00a0<strong>TVT-Operation<\/strong>\u00a0bezeichnet, diese gilt als einfaches und schonendes Operationsverfahren zur Behandlung der Inkontinenz unter Husten und k\u00f6rperlichen Belastung.<\/p>\n<p>Die Technik ist weltweit verbreitet und man sch\u00e4tzt, dass mittlerweile schon mehrere Millionen Frauen von dieser Methode profitieren. Das wichtige Einsatzgebiet der TVT-Methode ist die\u00a0<strong>Belastungsinkontinenz<\/strong>, also der\u00a0<strong>unfreiwillige Harnverlust beim Husten, Niesen, Lachen und unter k\u00f6rperlicher Belastung<\/strong>, zum Beispiel beim Sport, Tanzen, Treppensteigen oder Heben einer Last. Diese Form der Harninkontinenz der Frau ist kann unter anderem auf einen gedehnten und gelockerten Beckenbodens nach mehreren Geburten, eine angeborene Bindegewebsschw\u00e4che oder \u00dcbergewicht zur\u00fcckgef\u00fchrt werden. In einer Belastungssituation erh\u00f6ht sich der Druck im Bauchraum, der unmittelbar auch auf die Blase einwirkt. Ein intakter und straffer Beckenboden bietet der Unterseite der Harnblase und der Harnr\u00f6hre ein Gegenlager, so dass zu jeder Zeit ein wasserdichter Verschluss der Harnr\u00f6hre gew\u00e4hrleistet ist.<\/p>\n<p>Sind die Halteb\u00e4nder von Harnr\u00f6hre und Blase jedoch gedehnt oder gar gerissen und ist der der Beckenboden dadurch geschw\u00e4cht, so h\u00e4lt der Verschlussapparat dem Druck nicht stand und Urin tritt ungewollt aus der Blase. Vor einer Operation muss eine sorgf\u00e4ltige Abkl\u00e4rung und Untersuchung der Harninkontinenz durch einen erfahrenen Arzt erfolgen. Die Operation selbst wird meist in einem kurzen station\u00e4ren Aufenthalt vorgenommen. Die Einlage des Bandes kann in einer kurzen Vollnarkose oder in einer lokalen Bet\u00e4ubung \u00fcber einen kleinen Schnitt in der Scheide vorgenommen werden. Das unter der Harnr\u00f6hre in der Form eines U nach oben zum Schambein verlaufende Kunststoffband unterst\u00fctzt und stabilisiert das mittlere Drittel der Harnr\u00f6hre und verhindert ein Absinken.<\/p>\n<p>Dabei kompensiert das Band den gelockerten Bandapparat und verhindert so einen ungewollten Harnverlust. Neben der Originalmethode wird mittlerweile das\u00a0<strong>transobturatorische Band<\/strong>\u00a0angewendet. Im Unterschied zur U-f\u00f6rmigen Lage des TVT liegt das transobturatorische fast waagerecht und wird durch seitlich zum Becken eingelegt. In der Effektivit\u00e4t sind beide Verfahren gleichwertig.<\/p>\n<\/div>\n<\/div><\/div><div id=\"panel-1444-0-0-1\" class=\"so-panel widget widget_fn-info-box-widget panel-last-child\" data-index=\"1\" ><div\n\t\t\t\n\t\t\tclass=\"so-widget-fn-info-box-widget so-widget-fn-info-box-widget-base\"\n\t\t\t\n\t\t><div class=\"uk-child-width-1-1 uk-grid-match\" uk-grid><div>\n        <div class=\"fn-info-box-title\">\n          <div class=\"uk-grid-small\" uk-grid>            <div class=\"uk-width-expand\">\n              <h4 class=\"uk-h3\">Kontaktieren Sie uns f\u00fcr ein pers\u00f6nliches Gespr\u00e4ch<\/h4>\n            <\/div>\n          <\/div>\n        <\/div>\n        <div class=\"fn-info-box-content\">\n              <p>Bei Blasenschw\u00e4che bieten wir Ihnen individuelle Beratung und massgeschneiderte Behandlungsm\u00f6glichkeiten. Kontaktieren Sie uns f\u00fcr ein Beratungsgespr\u00e4ch und informieren Sie sich \u00fcber die Bandoperation sowie andere Optionen. Sie erreichen unser KontinenzZentrum Hirslanden in Z\u00fcrich telefonisch von Montag bis Freitag, zwischen 8 und 17 Uhr. Nutzen Sie auch unsere Online-Terminvereinbarung f\u00fcr eine einfache und schnelle Buchung.<\/p>\n<p><div class=\"uk-flex uk-child-width-auto uk-grid-small\" uk-grid><div><a class=\"uk-button uk-button-primary\" href=\"tel:+41443872910\"><i class=\"fas fa-phone-alt uk-margin-small-right\"><\/i>+41 44 387 29 10<\/a><\/div><div><a class=\"uk-button uk-button-primary\" href=\"https:\/\/www.kontinenzzentrum.ch\/de\/ueber-uns\/termin.html\"><i class=\"fas fa-comments uk-margin-small-right\"><\/i>Online Terminvereinbarung<\/a><\/div><\/div><\/p>\n        <\/div>\n      <\/div><\/div><\/div><\/div><\/div><\/div><\/div>","protected":false},"excerpt":{"rendered":"<p>Bandoperation bei Frauen Operative Therapie bei Belastungsinkontinenz der Frau Das spannungsfreie Harnr\u00f6hrenband wird englisch als Tension-free Vaginal Tape oder abgek\u00fcrzt TVT bezeichnet. Die Einlage eines solchen Kunststoffbandes wird als\u00a0TVT-Operation\u00a0bezeichnet, diese gilt als einfaches und schonendes Operationsverfahren zur Behandlung der Inkontinenz unter Husten und k\u00f6rperlichen Belastung. Die Technik ist weltweit verbreitet und man sch\u00e4tzt, dass mittlerweile [&hellip;]<\/p>\n","protected":false},"author":1,"featured_media":1447,"parent":1384,"menu_order":0,"comment_status":"closed","ping_status":"closed","template":"","meta":{"_acf_changed":false,"footnotes":""},"class_list":["post-1444","page","type-page","status-publish","has-post-thumbnail","hentry"],"acf":[],"yoast_head":"<!-- This site is optimized with the Yoast SEO plugin v26.9 - https:\/\/yoast.com\/product\/yoast-seo-wordpress\/ -->\n<title>Harnr\u00f6hrenb\u00e4nder bei Frauen<\/title>\n<meta name=\"robots\" content=\"index, follow, max-snippet:-1, max-image-preview:large, max-video-preview:-1\" \/>\n<link rel=\"canonical\" href=\"https:\/\/www.kontinenzzentrum.ch\/de\/untersuchung-und-therapie\/operationen-bei-harninkontinenz\/harnroehrenbaender-bei-frauen.html\" \/>\n<meta property=\"og:locale\" content=\"de_DE\" \/>\n<meta property=\"og:type\" content=\"article\" \/>\n<meta property=\"og:title\" content=\"Harnr\u00f6hrenb\u00e4nder bei Frauen\" \/>\n<meta property=\"og:description\" content=\"Bandoperation bei Frauen Operative Therapie bei Belastungsinkontinenz der Frau Das spannungsfreie Harnr\u00f6hrenband wird englisch als Tension-free Vaginal Tape oder abgek\u00fcrzt TVT bezeichnet. Die Einlage eines solchen Kunststoffbandes wird als\u00a0TVT-Operation\u00a0bezeichnet, diese gilt als einfaches und schonendes Operationsverfahren zur Behandlung der Inkontinenz unter Husten und k\u00f6rperlichen Belastung. Die Technik ist weltweit verbreitet und man sch\u00e4tzt, dass mittlerweile [&hellip;]\" \/>\n<meta property=\"og:url\" content=\"https:\/\/www.kontinenzzentrum.ch\/de\/untersuchung-und-therapie\/operationen-bei-harninkontinenz\/harnroehrenbaender-bei-frauen.html\" \/>\n<meta property=\"og:site_name\" content=\"KontinenzZentrum\" \/>\n<meta property=\"article:modified_time\" content=\"2024-08-22T10:25:49+00:00\" \/>\n<meta property=\"og:image\" content=\"https:\/\/www.kontinenzzentrum.ch\/wp-content\/uploads\/untersuchung-spiegelung-harntrakt-9768.jpeg\" \/>\n\t<meta property=\"og:image:width\" content=\"1920\" \/>\n\t<meta property=\"og:image:height\" content=\"450\" \/>\n\t<meta property=\"og:image:type\" content=\"image\/jpeg\" \/>\n<meta name=\"twitter:card\" content=\"summary_large_image\" \/>\n<meta name=\"twitter:label1\" content=\"Gesch\u00e4tzte Lesezeit\" \/>\n\t<meta name=\"twitter:data1\" content=\"3\u00a0Minuten\" \/>\n<script type=\"application\/ld+json\" class=\"yoast-schema-graph\">{\"@context\":\"https:\/\/schema.org\",\"@graph\":[{\"@type\":\"WebPage\",\"@id\":\"https:\/\/www.kontinenzzentrum.ch\/de\/untersuchung-und-therapie\/operationen-bei-harninkontinenz\/harnroehrenbaender-bei-frauen.html\",\"url\":\"https:\/\/www.kontinenzzentrum.ch\/de\/untersuchung-und-therapie\/operationen-bei-harninkontinenz\/harnroehrenbaender-bei-frauen.html\",\"name\":\"Harnr\u00f6hrenb\u00e4nder bei Frauen\",\"isPartOf\":{\"@id\":\"https:\/\/www.kontinenzzentrum.ch\/de\/#website\"},\"primaryImageOfPage\":{\"@id\":\"https:\/\/www.kontinenzzentrum.ch\/de\/untersuchung-und-therapie\/operationen-bei-harninkontinenz\/harnroehrenbaender-bei-frauen.html#primaryimage\"},\"image\":{\"@id\":\"https:\/\/www.kontinenzzentrum.ch\/de\/untersuchung-und-therapie\/operationen-bei-harninkontinenz\/harnroehrenbaender-bei-frauen.html#primaryimage\"},\"thumbnailUrl\":\"https:\/\/www.kontinenzzentrum.ch\/wp-content\/uploads\/untersuchung-spiegelung-harntrakt-9768.jpeg\",\"datePublished\":\"2023-03-02T12:06:33+00:00\",\"dateModified\":\"2024-08-22T10:25:49+00:00\",\"breadcrumb\":{\"@id\":\"https:\/\/www.kontinenzzentrum.ch\/de\/untersuchung-und-therapie\/operationen-bei-harninkontinenz\/harnroehrenbaender-bei-frauen.html#breadcrumb\"},\"inLanguage\":\"de\",\"potentialAction\":[{\"@type\":\"ReadAction\",\"target\":[\"https:\/\/www.kontinenzzentrum.ch\/de\/untersuchung-und-therapie\/operationen-bei-harninkontinenz\/harnroehrenbaender-bei-frauen.html\"]}]},{\"@type\":\"ImageObject\",\"inLanguage\":\"de\",\"@id\":\"https:\/\/www.kontinenzzentrum.ch\/de\/untersuchung-und-therapie\/operationen-bei-harninkontinenz\/harnroehrenbaender-bei-frauen.html#primaryimage\",\"url\":\"https:\/\/www.kontinenzzentrum.ch\/wp-content\/uploads\/untersuchung-spiegelung-harntrakt-9768.jpeg\",\"contentUrl\":\"https:\/\/www.kontinenzzentrum.ch\/wp-content\/uploads\/untersuchung-spiegelung-harntrakt-9768.jpeg\",\"width\":1920,\"height\":450},{\"@type\":\"BreadcrumbList\",\"@id\":\"https:\/\/www.kontinenzzentrum.ch\/de\/untersuchung-und-therapie\/operationen-bei-harninkontinenz\/harnroehrenbaender-bei-frauen.html#breadcrumb\",\"itemListElement\":[{\"@type\":\"ListItem\",\"position\":1,\"name\":\"Startseite\",\"item\":\"https:\/\/www.kontinenzzentrum.ch\/de\"},{\"@type\":\"ListItem\",\"position\":2,\"name\":\"Untersuchung &#038; Therapie\",\"item\":\"https:\/\/www.kontinenzzentrum.ch\/de\/untersuchung-und-therapie.html\"},{\"@type\":\"ListItem\",\"position\":3,\"name\":\"Operationen bei Harninkontinenz\",\"item\":\"https:\/\/www.kontinenzzentrum.ch\/de\/untersuchung-und-therapie\/operationen-bei-harninkontinenz.html\"},{\"@type\":\"ListItem\",\"position\":4,\"name\":\"Harnr\u00f6hrenb\u00e4nder bei Frauen\"}]},{\"@type\":\"WebSite\",\"@id\":\"https:\/\/www.kontinenzzentrum.ch\/de\/#website\",\"url\":\"https:\/\/www.kontinenzzentrum.ch\/de\/\",\"name\":\"KontinenzZentrum Hirslanden Z\u00fcrich\",\"description\":\"KontinenzZentrum Hirslanden Z\u00fcrich: Blasenst\u00f6rungen & Inkontinenz\",\"publisher\":{\"@id\":\"https:\/\/www.kontinenzzentrum.ch\/de\/#organization\"},\"potentialAction\":[{\"@type\":\"SearchAction\",\"target\":{\"@type\":\"EntryPoint\",\"urlTemplate\":\"https:\/\/www.kontinenzzentrum.ch\/de\/?s={search_term_string}\"},\"query-input\":{\"@type\":\"PropertyValueSpecification\",\"valueRequired\":true,\"valueName\":\"search_term_string\"}}],\"inLanguage\":\"de\"},{\"@type\":\"Organization\",\"@id\":\"https:\/\/www.kontinenzzentrum.ch\/de\/#organization\",\"name\":\"KontinenzZentrum Hirslanden Z\u00fcrich\",\"url\":\"https:\/\/www.kontinenzzentrum.ch\/de\/\",\"logo\":{\"@type\":\"ImageObject\",\"inLanguage\":\"de\",\"@id\":\"https:\/\/www.kontinenzzentrum.ch\/de\/#\/schema\/logo\/image\/\",\"url\":\"https:\/\/www.kontinenzzentrum.ch\/wp-content\/uploads\/Logo_KontinenzZentrum.png\",\"contentUrl\":\"https:\/\/www.kontinenzzentrum.ch\/wp-content\/uploads\/Logo_KontinenzZentrum.png\",\"width\":800,\"height\":142,\"caption\":\"KontinenzZentrum Hirslanden Z\u00fcrich\"},\"image\":{\"@id\":\"https:\/\/www.kontinenzzentrum.ch\/de\/#\/schema\/logo\/image\/\"}}]}<\/script>\n<!-- \/ Yoast SEO plugin. -->","yoast_head_json":{"title":"Harnr\u00f6hrenb\u00e4nder bei Frauen","robots":{"index":"index","follow":"follow","max-snippet":"max-snippet:-1","max-image-preview":"max-image-preview:large","max-video-preview":"max-video-preview:-1"},"canonical":"https:\/\/www.kontinenzzentrum.ch\/de\/untersuchung-und-therapie\/operationen-bei-harninkontinenz\/harnroehrenbaender-bei-frauen.html","og_locale":"de_DE","og_type":"article","og_title":"Harnr\u00f6hrenb\u00e4nder bei Frauen","og_description":"Bandoperation bei Frauen Operative Therapie bei Belastungsinkontinenz der Frau Das spannungsfreie Harnr\u00f6hrenband wird englisch als Tension-free Vaginal Tape oder abgek\u00fcrzt TVT bezeichnet. Die Einlage eines solchen Kunststoffbandes wird als\u00a0TVT-Operation\u00a0bezeichnet, diese gilt als einfaches und schonendes Operationsverfahren zur Behandlung der Inkontinenz unter Husten und k\u00f6rperlichen Belastung. Die Technik ist weltweit verbreitet und man sch\u00e4tzt, dass mittlerweile [&hellip;]","og_url":"https:\/\/www.kontinenzzentrum.ch\/de\/untersuchung-und-therapie\/operationen-bei-harninkontinenz\/harnroehrenbaender-bei-frauen.html","og_site_name":"KontinenzZentrum","article_modified_time":"2024-08-22T10:25:49+00:00","og_image":[{"width":1920,"height":450,"url":"https:\/\/www.kontinenzzentrum.ch\/wp-content\/uploads\/untersuchung-spiegelung-harntrakt-9768.jpeg","type":"image\/jpeg"}],"twitter_card":"summary_large_image","twitter_misc":{"Gesch\u00e4tzte Lesezeit":"3\u00a0Minuten"},"schema":{"@context":"https:\/\/schema.org","@graph":[{"@type":"WebPage","@id":"https:\/\/www.kontinenzzentrum.ch\/de\/untersuchung-und-therapie\/operationen-bei-harninkontinenz\/harnroehrenbaender-bei-frauen.html","url":"https:\/\/www.kontinenzzentrum.ch\/de\/untersuchung-und-therapie\/operationen-bei-harninkontinenz\/harnroehrenbaender-bei-frauen.html","name":"Harnr\u00f6hrenb\u00e4nder bei Frauen","isPartOf":{"@id":"https:\/\/www.kontinenzzentrum.ch\/de\/#website"},"primaryImageOfPage":{"@id":"https:\/\/www.kontinenzzentrum.ch\/de\/untersuchung-und-therapie\/operationen-bei-harninkontinenz\/harnroehrenbaender-bei-frauen.html#primaryimage"},"image":{"@id":"https:\/\/www.kontinenzzentrum.ch\/de\/untersuchung-und-therapie\/operationen-bei-harninkontinenz\/harnroehrenbaender-bei-frauen.html#primaryimage"},"thumbnailUrl":"https:\/\/www.kontinenzzentrum.ch\/wp-content\/uploads\/untersuchung-spiegelung-harntrakt-9768.jpeg","datePublished":"2023-03-02T12:06:33+00:00","dateModified":"2024-08-22T10:25:49+00:00","breadcrumb":{"@id":"https:\/\/www.kontinenzzentrum.ch\/de\/untersuchung-und-therapie\/operationen-bei-harninkontinenz\/harnroehrenbaender-bei-frauen.html#breadcrumb"},"inLanguage":"de","potentialAction":[{"@type":"ReadAction","target":["https:\/\/www.kontinenzzentrum.ch\/de\/untersuchung-und-therapie\/operationen-bei-harninkontinenz\/harnroehrenbaender-bei-frauen.html"]}]},{"@type":"ImageObject","inLanguage":"de","@id":"https:\/\/www.kontinenzzentrum.ch\/de\/untersuchung-und-therapie\/operationen-bei-harninkontinenz\/harnroehrenbaender-bei-frauen.html#primaryimage","url":"https:\/\/www.kontinenzzentrum.ch\/wp-content\/uploads\/untersuchung-spiegelung-harntrakt-9768.jpeg","contentUrl":"https:\/\/www.kontinenzzentrum.ch\/wp-content\/uploads\/untersuchung-spiegelung-harntrakt-9768.jpeg","width":1920,"height":450},{"@type":"BreadcrumbList","@id":"https:\/\/www.kontinenzzentrum.ch\/de\/untersuchung-und-therapie\/operationen-bei-harninkontinenz\/harnroehrenbaender-bei-frauen.html#breadcrumb","itemListElement":[{"@type":"ListItem","position":1,"name":"Startseite","item":"https:\/\/www.kontinenzzentrum.ch\/de"},{"@type":"ListItem","position":2,"name":"Untersuchung &#038; Therapie","item":"https:\/\/www.kontinenzzentrum.ch\/de\/untersuchung-und-therapie.html"},{"@type":"ListItem","position":3,"name":"Operationen bei Harninkontinenz","item":"https:\/\/www.kontinenzzentrum.ch\/de\/untersuchung-und-therapie\/operationen-bei-harninkontinenz.html"},{"@type":"ListItem","position":4,"name":"Harnr\u00f6hrenb\u00e4nder bei Frauen"}]},{"@type":"WebSite","@id":"https:\/\/www.kontinenzzentrum.ch\/de\/#website","url":"https:\/\/www.kontinenzzentrum.ch\/de\/","name":"KontinenzZentrum Hirslanden Z\u00fcrich","description":"KontinenzZentrum Hirslanden Z\u00fcrich: Blasenst\u00f6rungen & Inkontinenz","publisher":{"@id":"https:\/\/www.kontinenzzentrum.ch\/de\/#organization"},"potentialAction":[{"@type":"SearchAction","target":{"@type":"EntryPoint","urlTemplate":"https:\/\/www.kontinenzzentrum.ch\/de\/?s={search_term_string}"},"query-input":{"@type":"PropertyValueSpecification","valueRequired":true,"valueName":"search_term_string"}}],"inLanguage":"de"},{"@type":"Organization","@id":"https:\/\/www.kontinenzzentrum.ch\/de\/#organization","name":"KontinenzZentrum Hirslanden Z\u00fcrich","url":"https:\/\/www.kontinenzzentrum.ch\/de\/","logo":{"@type":"ImageObject","inLanguage":"de","@id":"https:\/\/www.kontinenzzentrum.ch\/de\/#\/schema\/logo\/image\/","url":"https:\/\/www.kontinenzzentrum.ch\/wp-content\/uploads\/Logo_KontinenzZentrum.png","contentUrl":"https:\/\/www.kontinenzzentrum.ch\/wp-content\/uploads\/Logo_KontinenzZentrum.png","width":800,"height":142,"caption":"KontinenzZentrum Hirslanden Z\u00fcrich"},"image":{"@id":"https:\/\/www.kontinenzzentrum.ch\/de\/#\/schema\/logo\/image\/"}}]}},"_links":{"self":[{"href":"https:\/\/www.kontinenzzentrum.ch\/de\/wp-json\/wp\/v2\/pages\/1444","targetHints":{"allow":["GET"]}}],"collection":[{"href":"https:\/\/www.kontinenzzentrum.ch\/de\/wp-json\/wp\/v2\/pages"}],"about":[{"href":"https:\/\/www.kontinenzzentrum.ch\/de\/wp-json\/wp\/v2\/types\/page"}],"author":[{"embeddable":true,"href":"https:\/\/www.kontinenzzentrum.ch\/de\/wp-json\/wp\/v2\/users\/1"}],"replies":[{"embeddable":true,"href":"https:\/\/www.kontinenzzentrum.ch\/de\/wp-json\/wp\/v2\/comments?post=1444"}],"version-history":[{"count":7,"href":"https:\/\/www.kontinenzzentrum.ch\/de\/wp-json\/wp\/v2\/pages\/1444\/revisions"}],"predecessor-version":[{"id":3946,"href":"https:\/\/www.kontinenzzentrum.ch\/de\/wp-json\/wp\/v2\/pages\/1444\/revisions\/3946"}],"up":[{"embeddable":true,"href":"https:\/\/www.kontinenzzentrum.ch\/de\/wp-json\/wp\/v2\/pages\/1384"}],"wp:featuredmedia":[{"embeddable":true,"href":"https:\/\/www.kontinenzzentrum.ch\/de\/wp-json\/wp\/v2\/media\/1447"}],"wp:attachment":[{"href":"https:\/\/www.kontinenzzentrum.ch\/de\/wp-json\/wp\/v2\/media?parent=1444"}],"curies":[{"name":"wp","href":"https:\/\/api.w.org\/{rel}","templated":true}]}}