{"id":1452,"date":"2023-03-02T13:11:44","date_gmt":"2023-03-02T12:11:44","guid":{"rendered":"https:\/\/www.kontinenzzentrum.ch\/?page_id=1452"},"modified":"2025-10-01T12:10:54","modified_gmt":"2025-10-01T10:10:54","slug":"harnroehrenbaender-bei-maennern","status":"publish","type":"page","link":"https:\/\/www.kontinenzzentrum.ch\/de\/untersuchung-und-therapie\/operationen-bei-harninkontinenz\/harnroehrenbaender-bei-maennern.html","title":{"rendered":"Harnr\u00f6hrenb\u00e4nder bei M\u00e4nnern"},"content":{"rendered":"<div id=\"pl-1452\"  class=\"panel-layout\" ><div id=\"pg-1452-0\"  class=\"panel-grid panel-no-style\" ><div id=\"pgc-1452-0-0\"  class=\"panel-grid-cell\" ><div id=\"panel-1452-0-0-0\" class=\"so-panel widget widget_sow-editor panel-first-child panel-last-child\" data-index=\"0\" ><div\n\t\t\t\n\t\t\tclass=\"so-widget-sow-editor so-widget-sow-editor-base\"\n\t\t\t\n\t\t>\n<div class=\"siteorigin-widget-tinymce textwidget\">\n\t<h1>Harnr\u00f6hrenb\u00e4nder bei M\u00e4nnern<\/h1>\n<p>Unter dem Eindruck des \u00fcberw\u00e4ltigenden Erfolgs der Harnr\u00f6hrenb\u00e4nder f\u00fcr die Behandlung der Belastungsinkontinenz bei Frauen wurden in den letzten Jahren auch Harnr\u00f6hrenb\u00e4nder und Schlingen f\u00fcr M\u00e4nner mit Belastungsinkontinenz entwickelt und in ersten Studien erprobt.<\/p>\n<\/div>\n<\/div><\/div><\/div><\/div><div id=\"pg-1452-1\"  class=\"panel-grid panel-no-style\" ><div id=\"pgc-1452-1-0\"  class=\"panel-grid-cell\" ><div id=\"panel-1452-1-0-0\" class=\"so-panel widget widget_sow-editor panel-first-child panel-last-child\" data-index=\"1\" ><div\n\t\t\t\n\t\t\tclass=\"so-widget-sow-editor so-widget-sow-editor-base\"\n\t\t\t\n\t\t>\n<div class=\"siteorigin-widget-tinymce textwidget\">\n\t<p>Insbesondere M\u00e4nner mit ungewolltem Harnverlust nach einer Prostataoperation scheinen von dieser Methode zu profitieren. Hintergrund ist die Beobachtung, dass sich die Harnr\u00f6hre nach einer Prostataentfernung aus der Verankerung im Beckenboden l\u00f6sen und absinken kann, und so der Verschlussmechanismus nicht mehr optimal funktioniert. Das Prinzip der Harnr\u00f6hrenb\u00e4nder besteht nun darin, ein Kunststoffband unter der Harnr\u00f6hre zu platzieren und ihr so ein einer H\u00e4ngematte \u00e4hnliches Widerlager zu schaffen.<\/p>\n<p>Diese H\u00e4ngematte verhindert ein Absinken der Harnr\u00f6hre beim Husten oder bei k\u00f6rperlicher Aktivit\u00e4t und sorgt so f\u00fcr einen verbesserten Verschluss. Die ersten Studien zeigen ermutigende Resultate, etwa zwei Drittel der Operierten k\u00f6nnen mit einem Erfolg der Operation rechnen. Grundvoraussetzung f\u00fcr eine erfolgreiche Anwendung ist eine ausf\u00fchrliche Abkl\u00e4rung der Ursachen und des Ausmasses der Inkontinenz.<\/p>\n<\/div>\n<\/div><\/div><\/div><div id=\"pgc-1452-1-1\"  class=\"panel-grid-cell\" ><div id=\"panel-1452-1-1-0\" class=\"so-panel widget widget_sow-image panel-first-child panel-last-child\" data-index=\"2\" ><div\n\t\t\t\n\t\t\tclass=\"so-widget-sow-image so-widget-sow-image-default-8b5b6f678277-1452\"\n\t\t\t\n\t\t>\n<div class=\"sow-image-container\">\n\t\t<img \n\tsrc=\"https:\/\/www.kontinenzzentrum.ch\/wp-content\/uploads\/untersuchung-operation-harnroehre-mann-9918-txt.jpeg\" width=\"640\" height=\"497\" srcset=\"https:\/\/www.kontinenzzentrum.ch\/wp-content\/uploads\/untersuchung-operation-harnroehre-mann-9918-txt.jpeg 640w, https:\/\/www.kontinenzzentrum.ch\/wp-content\/uploads\/untersuchung-operation-harnroehre-mann-9918-txt-300x233.jpeg 300w\" sizes=\"(max-width: 640px) 100vw, 640px\" alt=\"Untersuchung und Operation der Harnr\u00f6hre beim Mann\" \t\tclass=\"so-widget-image\"\/>\n\t<\/div>\n\n<\/div><\/div><\/div><\/div><div id=\"pg-1452-2\"  class=\"panel-grid panel-no-style\" ><div id=\"pgc-1452-2-0\"  class=\"panel-grid-cell\" ><div id=\"panel-1452-2-0-0\" class=\"so-panel widget widget_fn-info-box-widget panel-first-child panel-last-child\" data-index=\"3\" ><div\n\t\t\t\n\t\t\tclass=\"so-widget-fn-info-box-widget so-widget-fn-info-box-widget-base\"\n\t\t\t\n\t\t><div class=\"uk-child-width-1-1 uk-grid-match\" uk-grid><div>\n        <div class=\"fn-info-box-title\">\n          <div class=\"uk-grid-small\" uk-grid>            <div class=\"uk-width-auto\"><img decoding=\"async\" src=\"https:\/\/www.kontinenzzentrum.ch\/wp-content\/uploads\/ICON_kontakt.svg\" class=\"attachment-small size-small\" alt=\"\" \/>            <\/div>            <div class=\"uk-width-expand\">\n              <h4 class=\"uk-h3\">Informieren Sie sich \u00fcber Harnr\u00f6hrenb\u00e4nder f\u00fcr M\u00e4nner<\/h4>\n            <\/div>\n          <\/div>\n        <\/div>\n        <div class=\"fn-info-box-content\">\n              <p>Kontaktieren Sie uns f\u00fcr ein Beratungsgespr\u00e4ch, wenn Sie von einer Belastungsinkontinenz betroffen sind. Wir informieren Sie gerne \u00fcber Ihre individuellen Diagnose- und Behandlungsm\u00f6glichkeiten wie Harnr\u00f6hrenb\u00e4nder.<\/p>\n<p>Sie erreichen unser Zentrum (KontinenzZentrum Hirslanden in Z\u00fcrich) von Montag bis Freitag zwischen 8 und 17 Uhr. Vereinbaren Sie gerne einen Termin per Telefon oder \u00fcber unsere Online Terminvereinbarung.<\/p>\n<p><div class=\"uk-flex uk-child-width-auto uk-grid-small\" uk-grid><div><a class=\"uk-button uk-button-primary\" href=\"tel:+41443872910\"><i class=\"fas fa-phone-alt uk-margin-small-right\"><\/i>+41 44 387 29 10<\/a><\/div><div><a class=\"uk-button uk-button-primary\" href=\"https:\/\/www.kontinenzzentrum.ch\/de\/ueber-uns\/termin.html\"><i class=\"fas fa-comments uk-margin-small-right\"><\/i>Online Terminvereinbarung<\/a><\/div><\/div><\/p>\n        <\/div>\n      <\/div><\/div><\/div><\/div><\/div><\/div><\/div>","protected":false},"excerpt":{"rendered":"<p>Harnr\u00f6hrenb\u00e4nder bei M\u00e4nnern Unter dem Eindruck des \u00fcberw\u00e4ltigenden Erfolgs der Harnr\u00f6hrenb\u00e4nder f\u00fcr die Behandlung der Belastungsinkontinenz bei Frauen wurden in den letzten Jahren auch Harnr\u00f6hrenb\u00e4nder und Schlingen f\u00fcr M\u00e4nner mit Belastungsinkontinenz entwickelt und in ersten Studien erprobt. Insbesondere M\u00e4nner mit ungewolltem Harnverlust nach einer Prostataoperation scheinen von dieser Methode zu profitieren. Hintergrund ist die Beobachtung, [&hellip;]<\/p>\n","protected":false},"author":1,"featured_media":1447,"parent":1384,"menu_order":0,"comment_status":"closed","ping_status":"closed","template":"","meta":{"_acf_changed":false,"footnotes":""},"class_list":["post-1452","page","type-page","status-publish","has-post-thumbnail","hentry"],"acf":[],"yoast_head":"<!-- This site is optimized with the Yoast SEO plugin v26.9 - https:\/\/yoast.com\/product\/yoast-seo-wordpress\/ -->\n<title>Harnr\u00f6hrenb\u00e4nder bei M\u00e4nnern<\/title>\n<meta name=\"robots\" content=\"index, follow, max-snippet:-1, max-image-preview:large, max-video-preview:-1\" \/>\n<link rel=\"canonical\" href=\"https:\/\/www.kontinenzzentrum.ch\/de\/untersuchung-und-therapie\/operationen-bei-harninkontinenz\/harnroehrenbaender-bei-maennern.html\" \/>\n<meta property=\"og:locale\" content=\"de_DE\" \/>\n<meta property=\"og:type\" content=\"article\" \/>\n<meta property=\"og:title\" content=\"Harnr\u00f6hrenb\u00e4nder bei M\u00e4nnern\" \/>\n<meta property=\"og:description\" content=\"Harnr\u00f6hrenb\u00e4nder bei M\u00e4nnern Unter dem Eindruck des \u00fcberw\u00e4ltigenden Erfolgs der Harnr\u00f6hrenb\u00e4nder f\u00fcr die Behandlung der Belastungsinkontinenz bei Frauen wurden in den letzten Jahren auch Harnr\u00f6hrenb\u00e4nder und Schlingen f\u00fcr M\u00e4nner mit Belastungsinkontinenz entwickelt und in ersten Studien erprobt. Insbesondere M\u00e4nner mit ungewolltem Harnverlust nach einer Prostataoperation scheinen von dieser Methode zu profitieren. Hintergrund ist die Beobachtung, [&hellip;]\" \/>\n<meta property=\"og:url\" content=\"https:\/\/www.kontinenzzentrum.ch\/de\/untersuchung-und-therapie\/operationen-bei-harninkontinenz\/harnroehrenbaender-bei-maennern.html\" \/>\n<meta property=\"og:site_name\" content=\"KontinenzZentrum\" \/>\n<meta property=\"article:modified_time\" content=\"2025-10-01T10:10:54+00:00\" \/>\n<meta property=\"og:image\" content=\"https:\/\/www.kontinenzzentrum.ch\/wp-content\/uploads\/untersuchung-spiegelung-harntrakt-9768.jpeg\" \/>\n\t<meta property=\"og:image:width\" content=\"1920\" \/>\n\t<meta property=\"og:image:height\" content=\"450\" \/>\n\t<meta property=\"og:image:type\" content=\"image\/jpeg\" \/>\n<meta name=\"twitter:card\" content=\"summary_large_image\" \/>\n<meta name=\"twitter:label1\" content=\"Gesch\u00e4tzte Lesezeit\" \/>\n\t<meta name=\"twitter:data1\" content=\"2\u00a0Minuten\" \/>\n<script type=\"application\/ld+json\" class=\"yoast-schema-graph\">{\"@context\":\"https:\/\/schema.org\",\"@graph\":[{\"@type\":\"WebPage\",\"@id\":\"https:\/\/www.kontinenzzentrum.ch\/de\/untersuchung-und-therapie\/operationen-bei-harninkontinenz\/harnroehrenbaender-bei-maennern.html\",\"url\":\"https:\/\/www.kontinenzzentrum.ch\/de\/untersuchung-und-therapie\/operationen-bei-harninkontinenz\/harnroehrenbaender-bei-maennern.html\",\"name\":\"Harnr\u00f6hrenb\u00e4nder bei M\u00e4nnern\",\"isPartOf\":{\"@id\":\"https:\/\/www.kontinenzzentrum.ch\/de\/#website\"},\"primaryImageOfPage\":{\"@id\":\"https:\/\/www.kontinenzzentrum.ch\/de\/untersuchung-und-therapie\/operationen-bei-harninkontinenz\/harnroehrenbaender-bei-maennern.html#primaryimage\"},\"image\":{\"@id\":\"https:\/\/www.kontinenzzentrum.ch\/de\/untersuchung-und-therapie\/operationen-bei-harninkontinenz\/harnroehrenbaender-bei-maennern.html#primaryimage\"},\"thumbnailUrl\":\"https:\/\/www.kontinenzzentrum.ch\/wp-content\/uploads\/untersuchung-spiegelung-harntrakt-9768.jpeg\",\"datePublished\":\"2023-03-02T12:11:44+00:00\",\"dateModified\":\"2025-10-01T10:10:54+00:00\",\"breadcrumb\":{\"@id\":\"https:\/\/www.kontinenzzentrum.ch\/de\/untersuchung-und-therapie\/operationen-bei-harninkontinenz\/harnroehrenbaender-bei-maennern.html#breadcrumb\"},\"inLanguage\":\"de\",\"potentialAction\":[{\"@type\":\"ReadAction\",\"target\":[\"https:\/\/www.kontinenzzentrum.ch\/de\/untersuchung-und-therapie\/operationen-bei-harninkontinenz\/harnroehrenbaender-bei-maennern.html\"]}]},{\"@type\":\"ImageObject\",\"inLanguage\":\"de\",\"@id\":\"https:\/\/www.kontinenzzentrum.ch\/de\/untersuchung-und-therapie\/operationen-bei-harninkontinenz\/harnroehrenbaender-bei-maennern.html#primaryimage\",\"url\":\"https:\/\/www.kontinenzzentrum.ch\/wp-content\/uploads\/untersuchung-spiegelung-harntrakt-9768.jpeg\",\"contentUrl\":\"https:\/\/www.kontinenzzentrum.ch\/wp-content\/uploads\/untersuchung-spiegelung-harntrakt-9768.jpeg\",\"width\":1920,\"height\":450},{\"@type\":\"BreadcrumbList\",\"@id\":\"https:\/\/www.kontinenzzentrum.ch\/de\/untersuchung-und-therapie\/operationen-bei-harninkontinenz\/harnroehrenbaender-bei-maennern.html#breadcrumb\",\"itemListElement\":[{\"@type\":\"ListItem\",\"position\":1,\"name\":\"Startseite\",\"item\":\"https:\/\/www.kontinenzzentrum.ch\/de\"},{\"@type\":\"ListItem\",\"position\":2,\"name\":\"Untersuchung &#038; Therapie\",\"item\":\"https:\/\/www.kontinenzzentrum.ch\/de\/untersuchung-und-therapie.html\"},{\"@type\":\"ListItem\",\"position\":3,\"name\":\"Operationen bei Harninkontinenz\",\"item\":\"https:\/\/www.kontinenzzentrum.ch\/de\/untersuchung-und-therapie\/operationen-bei-harninkontinenz.html\"},{\"@type\":\"ListItem\",\"position\":4,\"name\":\"Harnr\u00f6hrenb\u00e4nder bei M\u00e4nnern\"}]},{\"@type\":\"WebSite\",\"@id\":\"https:\/\/www.kontinenzzentrum.ch\/de\/#website\",\"url\":\"https:\/\/www.kontinenzzentrum.ch\/de\/\",\"name\":\"KontinenzZentrum Hirslanden Z\u00fcrich\",\"description\":\"KontinenzZentrum Hirslanden Z\u00fcrich: Blasenst\u00f6rungen & Inkontinenz\",\"publisher\":{\"@id\":\"https:\/\/www.kontinenzzentrum.ch\/de\/#organization\"},\"potentialAction\":[{\"@type\":\"SearchAction\",\"target\":{\"@type\":\"EntryPoint\",\"urlTemplate\":\"https:\/\/www.kontinenzzentrum.ch\/de\/?s={search_term_string}\"},\"query-input\":{\"@type\":\"PropertyValueSpecification\",\"valueRequired\":true,\"valueName\":\"search_term_string\"}}],\"inLanguage\":\"de\"},{\"@type\":\"Organization\",\"@id\":\"https:\/\/www.kontinenzzentrum.ch\/de\/#organization\",\"name\":\"KontinenzZentrum Hirslanden Z\u00fcrich\",\"url\":\"https:\/\/www.kontinenzzentrum.ch\/de\/\",\"logo\":{\"@type\":\"ImageObject\",\"inLanguage\":\"de\",\"@id\":\"https:\/\/www.kontinenzzentrum.ch\/de\/#\/schema\/logo\/image\/\",\"url\":\"https:\/\/www.kontinenzzentrum.ch\/wp-content\/uploads\/Logo_KontinenzZentrum.png\",\"contentUrl\":\"https:\/\/www.kontinenzzentrum.ch\/wp-content\/uploads\/Logo_KontinenzZentrum.png\",\"width\":800,\"height\":142,\"caption\":\"KontinenzZentrum Hirslanden Z\u00fcrich\"},\"image\":{\"@id\":\"https:\/\/www.kontinenzzentrum.ch\/de\/#\/schema\/logo\/image\/\"}}]}<\/script>\n<!-- \/ Yoast SEO plugin. -->","yoast_head_json":{"title":"Harnr\u00f6hrenb\u00e4nder bei M\u00e4nnern","robots":{"index":"index","follow":"follow","max-snippet":"max-snippet:-1","max-image-preview":"max-image-preview:large","max-video-preview":"max-video-preview:-1"},"canonical":"https:\/\/www.kontinenzzentrum.ch\/de\/untersuchung-und-therapie\/operationen-bei-harninkontinenz\/harnroehrenbaender-bei-maennern.html","og_locale":"de_DE","og_type":"article","og_title":"Harnr\u00f6hrenb\u00e4nder bei M\u00e4nnern","og_description":"Harnr\u00f6hrenb\u00e4nder bei M\u00e4nnern Unter dem Eindruck des \u00fcberw\u00e4ltigenden Erfolgs der Harnr\u00f6hrenb\u00e4nder f\u00fcr die Behandlung der Belastungsinkontinenz bei Frauen wurden in den letzten Jahren auch Harnr\u00f6hrenb\u00e4nder und Schlingen f\u00fcr M\u00e4nner mit Belastungsinkontinenz entwickelt und in ersten Studien erprobt. Insbesondere M\u00e4nner mit ungewolltem Harnverlust nach einer Prostataoperation scheinen von dieser Methode zu profitieren. Hintergrund ist die Beobachtung, [&hellip;]","og_url":"https:\/\/www.kontinenzzentrum.ch\/de\/untersuchung-und-therapie\/operationen-bei-harninkontinenz\/harnroehrenbaender-bei-maennern.html","og_site_name":"KontinenzZentrum","article_modified_time":"2025-10-01T10:10:54+00:00","og_image":[{"width":1920,"height":450,"url":"https:\/\/www.kontinenzzentrum.ch\/wp-content\/uploads\/untersuchung-spiegelung-harntrakt-9768.jpeg","type":"image\/jpeg"}],"twitter_card":"summary_large_image","twitter_misc":{"Gesch\u00e4tzte Lesezeit":"2\u00a0Minuten"},"schema":{"@context":"https:\/\/schema.org","@graph":[{"@type":"WebPage","@id":"https:\/\/www.kontinenzzentrum.ch\/de\/untersuchung-und-therapie\/operationen-bei-harninkontinenz\/harnroehrenbaender-bei-maennern.html","url":"https:\/\/www.kontinenzzentrum.ch\/de\/untersuchung-und-therapie\/operationen-bei-harninkontinenz\/harnroehrenbaender-bei-maennern.html","name":"Harnr\u00f6hrenb\u00e4nder bei M\u00e4nnern","isPartOf":{"@id":"https:\/\/www.kontinenzzentrum.ch\/de\/#website"},"primaryImageOfPage":{"@id":"https:\/\/www.kontinenzzentrum.ch\/de\/untersuchung-und-therapie\/operationen-bei-harninkontinenz\/harnroehrenbaender-bei-maennern.html#primaryimage"},"image":{"@id":"https:\/\/www.kontinenzzentrum.ch\/de\/untersuchung-und-therapie\/operationen-bei-harninkontinenz\/harnroehrenbaender-bei-maennern.html#primaryimage"},"thumbnailUrl":"https:\/\/www.kontinenzzentrum.ch\/wp-content\/uploads\/untersuchung-spiegelung-harntrakt-9768.jpeg","datePublished":"2023-03-02T12:11:44+00:00","dateModified":"2025-10-01T10:10:54+00:00","breadcrumb":{"@id":"https:\/\/www.kontinenzzentrum.ch\/de\/untersuchung-und-therapie\/operationen-bei-harninkontinenz\/harnroehrenbaender-bei-maennern.html#breadcrumb"},"inLanguage":"de","potentialAction":[{"@type":"ReadAction","target":["https:\/\/www.kontinenzzentrum.ch\/de\/untersuchung-und-therapie\/operationen-bei-harninkontinenz\/harnroehrenbaender-bei-maennern.html"]}]},{"@type":"ImageObject","inLanguage":"de","@id":"https:\/\/www.kontinenzzentrum.ch\/de\/untersuchung-und-therapie\/operationen-bei-harninkontinenz\/harnroehrenbaender-bei-maennern.html#primaryimage","url":"https:\/\/www.kontinenzzentrum.ch\/wp-content\/uploads\/untersuchung-spiegelung-harntrakt-9768.jpeg","contentUrl":"https:\/\/www.kontinenzzentrum.ch\/wp-content\/uploads\/untersuchung-spiegelung-harntrakt-9768.jpeg","width":1920,"height":450},{"@type":"BreadcrumbList","@id":"https:\/\/www.kontinenzzentrum.ch\/de\/untersuchung-und-therapie\/operationen-bei-harninkontinenz\/harnroehrenbaender-bei-maennern.html#breadcrumb","itemListElement":[{"@type":"ListItem","position":1,"name":"Startseite","item":"https:\/\/www.kontinenzzentrum.ch\/de"},{"@type":"ListItem","position":2,"name":"Untersuchung &#038; Therapie","item":"https:\/\/www.kontinenzzentrum.ch\/de\/untersuchung-und-therapie.html"},{"@type":"ListItem","position":3,"name":"Operationen bei Harninkontinenz","item":"https:\/\/www.kontinenzzentrum.ch\/de\/untersuchung-und-therapie\/operationen-bei-harninkontinenz.html"},{"@type":"ListItem","position":4,"name":"Harnr\u00f6hrenb\u00e4nder bei M\u00e4nnern"}]},{"@type":"WebSite","@id":"https:\/\/www.kontinenzzentrum.ch\/de\/#website","url":"https:\/\/www.kontinenzzentrum.ch\/de\/","name":"KontinenzZentrum Hirslanden Z\u00fcrich","description":"KontinenzZentrum Hirslanden Z\u00fcrich: Blasenst\u00f6rungen & Inkontinenz","publisher":{"@id":"https:\/\/www.kontinenzzentrum.ch\/de\/#organization"},"potentialAction":[{"@type":"SearchAction","target":{"@type":"EntryPoint","urlTemplate":"https:\/\/www.kontinenzzentrum.ch\/de\/?s={search_term_string}"},"query-input":{"@type":"PropertyValueSpecification","valueRequired":true,"valueName":"search_term_string"}}],"inLanguage":"de"},{"@type":"Organization","@id":"https:\/\/www.kontinenzzentrum.ch\/de\/#organization","name":"KontinenzZentrum Hirslanden Z\u00fcrich","url":"https:\/\/www.kontinenzzentrum.ch\/de\/","logo":{"@type":"ImageObject","inLanguage":"de","@id":"https:\/\/www.kontinenzzentrum.ch\/de\/#\/schema\/logo\/image\/","url":"https:\/\/www.kontinenzzentrum.ch\/wp-content\/uploads\/Logo_KontinenzZentrum.png","contentUrl":"https:\/\/www.kontinenzzentrum.ch\/wp-content\/uploads\/Logo_KontinenzZentrum.png","width":800,"height":142,"caption":"KontinenzZentrum Hirslanden Z\u00fcrich"},"image":{"@id":"https:\/\/www.kontinenzzentrum.ch\/de\/#\/schema\/logo\/image\/"}}]}},"_links":{"self":[{"href":"https:\/\/www.kontinenzzentrum.ch\/de\/wp-json\/wp\/v2\/pages\/1452","targetHints":{"allow":["GET"]}}],"collection":[{"href":"https:\/\/www.kontinenzzentrum.ch\/de\/wp-json\/wp\/v2\/pages"}],"about":[{"href":"https:\/\/www.kontinenzzentrum.ch\/de\/wp-json\/wp\/v2\/types\/page"}],"author":[{"embeddable":true,"href":"https:\/\/www.kontinenzzentrum.ch\/de\/wp-json\/wp\/v2\/users\/1"}],"replies":[{"embeddable":true,"href":"https:\/\/www.kontinenzzentrum.ch\/de\/wp-json\/wp\/v2\/comments?post=1452"}],"version-history":[{"count":8,"href":"https:\/\/www.kontinenzzentrum.ch\/de\/wp-json\/wp\/v2\/pages\/1452\/revisions"}],"predecessor-version":[{"id":4618,"href":"https:\/\/www.kontinenzzentrum.ch\/de\/wp-json\/wp\/v2\/pages\/1452\/revisions\/4618"}],"up":[{"embeddable":true,"href":"https:\/\/www.kontinenzzentrum.ch\/de\/wp-json\/wp\/v2\/pages\/1384"}],"wp:featuredmedia":[{"embeddable":true,"href":"https:\/\/www.kontinenzzentrum.ch\/de\/wp-json\/wp\/v2\/media\/1447"}],"wp:attachment":[{"href":"https:\/\/www.kontinenzzentrum.ch\/de\/wp-json\/wp\/v2\/media?parent=1452"}],"curies":[{"name":"wp","href":"https:\/\/api.w.org\/{rel}","templated":true}]}}