{"id":1459,"date":"2023-03-02T13:15:14","date_gmt":"2023-03-02T12:15:14","guid":{"rendered":"https:\/\/www.kontinenzzentrum.ch\/?page_id=1459"},"modified":"2025-10-01T11:07:41","modified_gmt":"2025-10-01T09:07:41","slug":"harnroehrenunterspritzung","status":"publish","type":"page","link":"https:\/\/www.kontinenzzentrum.ch\/de\/untersuchung-und-therapie\/operationen-bei-harninkontinenz\/harnroehrenunterspritzung.html","title":{"rendered":"Harnr\u00f6hrenunterspritzung"},"content":{"rendered":"<div id=\"pl-1459\"  class=\"panel-layout\" ><div id=\"pg-1459-0\"  class=\"panel-grid panel-no-style\" ><div id=\"pgc-1459-0-0\"  class=\"panel-grid-cell\" ><div id=\"panel-1459-0-0-0\" class=\"so-panel widget widget_sow-editor panel-first-child panel-last-child\" data-index=\"0\" ><div\n\t\t\t\n\t\t\tclass=\"so-widget-sow-editor so-widget-sow-editor-base\"\n\t\t\t\n\t\t>\n<div class=\"siteorigin-widget-tinymce textwidget\">\n\t<h1>Harnr\u00f6hrenunterspritzung<\/h1>\n<h2>Minimal-invasives Therapieverfahren bei Belastungsinkontinenz<\/h2>\n<h1><\/h1>\n<p>Ein leichter ungewollter Harnverlust kann durch eine Unterspritzung der Harnr\u00f6hrewand behandelt werden. Hierbei wird unter lokaler Bet\u00e4ubung der Harnr\u00f6hre oder unter Narkose eine Kunststoffgel von innen in die Wand der Harnr\u00f6hre gespritzt, die Abflussbahn eingeengt und damit die Verschlussfunktion der Harnr\u00f6hre unterst\u00fctzt.<\/p>\n<p>Das verwendete Produkt (Bulkamid<sup>\u00ae<\/sup>-Hydrogel) ein nicht resorbierbares, injizierbares, transparentes, hydrophiles Gel zur Unterspritzung der Harnr\u00f6hre. Es besteht aus ca. 2,5 % quervernetztem Polyacrylamid und 97,5 % pyrogenem Wasser. Es ist biokompatibel und nicht biologisch abbaubar.<\/p>\n<p>Bei einer leichten\u00a0<a href=\"https:\/\/www.kontinenzzentrum.ch\/de\/kompetenzen\/inkontinenz.html\">Inkontinenz<\/a>\u00a0und Versagen der\u00a0<a href=\"https:\/\/www.kontinenzzentrum.ch\/de\/untersuchung-und-therapie\/konservative-therapieverfahren\/medikamente.html\">medikament\u00f6sen Behandlung<\/a>\u00a0und des\u00a0<a href=\"https:\/\/www.kontinenzzentrum.ch\/de\/kompetenzen\/beckenbodentherapie.html\">Beckenbodentrainings<\/a>\u00a0ist der Versuch einer\u00a0<strong>Harnr\u00f6hrenunterspritzung<\/strong>\u00a0lohnenswert, zumal danach folgende Therapieverfahren dadurch nicht behindert oder ausgeschlossen werden.<\/p>\n<\/div>\n<\/div><\/div><\/div><div id=\"pgc-1459-0-1\"  class=\"panel-grid-cell\" ><div id=\"panel-1459-0-1-0\" class=\"so-panel widget widget_sow-image panel-first-child panel-last-child\" data-index=\"1\" ><div\n\t\t\t\n\t\t\tclass=\"so-widget-sow-image so-widget-sow-image-default-8b5b6f678277-1459\"\n\t\t\t\n\t\t>\n<div class=\"sow-image-container\">\n\t\t<img \n\tsrc=\"https:\/\/www.kontinenzzentrum.ch\/wp-content\/uploads\/bulkamid.jpeg\" width=\"416\" height=\"1151\" srcset=\"https:\/\/www.kontinenzzentrum.ch\/wp-content\/uploads\/bulkamid.jpeg 416w, https:\/\/www.kontinenzzentrum.ch\/wp-content\/uploads\/bulkamid-108x300.jpeg 108w, https:\/\/www.kontinenzzentrum.ch\/wp-content\/uploads\/bulkamid-370x1024.jpeg 370w\" sizes=\"(max-width: 416px) 100vw, 416px\" alt=\"Unterspritzung der Harnr\u00f6hre\" \t\tclass=\"so-widget-image\"\/>\n\t<\/div>\n\n<\/div><\/div><\/div><\/div><div id=\"pg-1459-1\"  class=\"panel-grid panel-no-style\" ><div id=\"pgc-1459-1-0\"  class=\"panel-grid-cell\" ><div id=\"panel-1459-1-0-0\" class=\"so-panel widget widget_fn-info-box-widget panel-first-child panel-last-child\" data-index=\"2\" ><div\n\t\t\t\n\t\t\tclass=\"so-widget-fn-info-box-widget so-widget-fn-info-box-widget-base\"\n\t\t\t\n\t\t><div class=\"uk-child-width-1-1 uk-grid-match\" uk-grid><div>\n        <div class=\"fn-info-box-title\">\n          <div class=\"uk-grid-small\" uk-grid>            <div class=\"uk-width-auto\"><img decoding=\"async\" src=\"https:\/\/www.kontinenzzentrum.ch\/wp-content\/uploads\/ICON_kontakt.svg\" class=\"attachment-small size-small\" alt=\"\" \/>            <\/div>            <div class=\"uk-width-expand\">\n              <h4 class=\"uk-h3\">Informieren Sie sich \u00fcber Therapieverfahren bei Belastungsinkontinenz<\/h4>\n            <\/div>\n          <\/div>\n        <\/div>\n        <div class=\"fn-info-box-content\">\n              <p>Kontaktieren Sie uns f\u00fcr ein Beratungsgespr\u00e4ch, wenn Sie von einer Belastungsinkontinenz betroffen sind. Wir informieren Sie gerne \u00fcber Ihre individuellen Diagnosem\u00f6glichkeiten und minimal-invasive Verfahren wie Harnr\u00f6hrenunterspritzung.<\/p>\n<p>Sie erreichen unser Zentrum (KontinenzZentrum Hirslanden in Z\u00fcrich) von Montag bis Freitag zwischen 8 und 17 Uhr. Vereinbaren Sie gerne einen Termin per Telefon oder \u00fcber unsere Online Terminvereinbarung.<\/p>\n<p><div class=\"uk-flex uk-child-width-auto uk-grid-small\" uk-grid><div><a class=\"uk-button uk-button-primary\" href=\"tel:+41443872910\"><i class=\"fas fa-phone-alt uk-margin-small-right\"><\/i>+41 44 387 29 10<\/a><\/div><div><a class=\"uk-button uk-button-primary\" href=\"https:\/\/www.kontinenzzentrum.ch\/de\/ueber-uns\/termin.html\"><i class=\"fas fa-comments uk-margin-small-right\"><\/i>Online Terminvereinbarung<\/a><\/div><\/div><\/p>\n        <\/div>\n      <\/div><\/div><\/div><\/div><\/div><\/div><\/div>","protected":false},"excerpt":{"rendered":"<p>Harnr\u00f6hrenunterspritzung Minimal-invasives Therapieverfahren bei Belastungsinkontinenz Ein leichter ungewollter Harnverlust kann durch eine Unterspritzung der Harnr\u00f6hrewand behandelt werden. Hierbei wird unter lokaler Bet\u00e4ubung der Harnr\u00f6hre oder unter Narkose eine Kunststoffgel von innen in die Wand der Harnr\u00f6hre gespritzt, die Abflussbahn eingeengt und damit die Verschlussfunktion der Harnr\u00f6hre unterst\u00fctzt. Das verwendete Produkt (Bulkamid\u00ae-Hydrogel) ein nicht resorbierbares, injizierbares, [&hellip;]<\/p>\n","protected":false},"author":1,"featured_media":1464,"parent":1384,"menu_order":0,"comment_status":"closed","ping_status":"closed","template":"","meta":{"_acf_changed":false,"footnotes":""},"class_list":["post-1459","page","type-page","status-publish","has-post-thumbnail","hentry"],"acf":[],"yoast_head":"<!-- This site is optimized with the Yoast SEO plugin v26.9 - https:\/\/yoast.com\/product\/yoast-seo-wordpress\/ -->\n<title>Harnr\u00f6hrenunterspritzung<\/title>\n<meta name=\"robots\" content=\"index, follow, max-snippet:-1, max-image-preview:large, max-video-preview:-1\" \/>\n<link rel=\"canonical\" href=\"https:\/\/www.kontinenzzentrum.ch\/de\/untersuchung-und-therapie\/operationen-bei-harninkontinenz\/harnroehrenunterspritzung.html\" \/>\n<meta property=\"og:locale\" content=\"de_DE\" \/>\n<meta property=\"og:type\" content=\"article\" \/>\n<meta property=\"og:title\" content=\"Harnr\u00f6hrenunterspritzung\" \/>\n<meta property=\"og:description\" content=\"Harnr\u00f6hrenunterspritzung Minimal-invasives Therapieverfahren bei Belastungsinkontinenz Ein leichter ungewollter Harnverlust kann durch eine Unterspritzung der Harnr\u00f6hrewand behandelt werden. Hierbei wird unter lokaler Bet\u00e4ubung der Harnr\u00f6hre oder unter Narkose eine Kunststoffgel von innen in die Wand der Harnr\u00f6hre gespritzt, die Abflussbahn eingeengt und damit die Verschlussfunktion der Harnr\u00f6hre unterst\u00fctzt. Das verwendete Produkt (Bulkamid\u00ae-Hydrogel) ein nicht resorbierbares, injizierbares, [&hellip;]\" \/>\n<meta property=\"og:url\" content=\"https:\/\/www.kontinenzzentrum.ch\/de\/untersuchung-und-therapie\/operationen-bei-harninkontinenz\/harnroehrenunterspritzung.html\" \/>\n<meta property=\"og:site_name\" content=\"KontinenzZentrum\" \/>\n<meta property=\"article:modified_time\" content=\"2025-10-01T09:07:41+00:00\" \/>\n<meta property=\"og:image\" content=\"https:\/\/www.kontinenzzentrum.ch\/wp-content\/uploads\/untersuchung-op-harnroehrenunterspritzung-9570.jpeg\" \/>\n\t<meta property=\"og:image:width\" content=\"1920\" \/>\n\t<meta property=\"og:image:height\" content=\"450\" \/>\n\t<meta property=\"og:image:type\" content=\"image\/jpeg\" \/>\n<meta name=\"twitter:card\" content=\"summary_large_image\" \/>\n<meta name=\"twitter:label1\" content=\"Gesch\u00e4tzte Lesezeit\" \/>\n\t<meta name=\"twitter:data1\" content=\"2\u00a0Minuten\" \/>\n<script type=\"application\/ld+json\" class=\"yoast-schema-graph\">{\"@context\":\"https:\/\/schema.org\",\"@graph\":[{\"@type\":\"WebPage\",\"@id\":\"https:\/\/www.kontinenzzentrum.ch\/de\/untersuchung-und-therapie\/operationen-bei-harninkontinenz\/harnroehrenunterspritzung.html\",\"url\":\"https:\/\/www.kontinenzzentrum.ch\/de\/untersuchung-und-therapie\/operationen-bei-harninkontinenz\/harnroehrenunterspritzung.html\",\"name\":\"Harnr\u00f6hrenunterspritzung\",\"isPartOf\":{\"@id\":\"https:\/\/www.kontinenzzentrum.ch\/de\/#website\"},\"primaryImageOfPage\":{\"@id\":\"https:\/\/www.kontinenzzentrum.ch\/de\/untersuchung-und-therapie\/operationen-bei-harninkontinenz\/harnroehrenunterspritzung.html#primaryimage\"},\"image\":{\"@id\":\"https:\/\/www.kontinenzzentrum.ch\/de\/untersuchung-und-therapie\/operationen-bei-harninkontinenz\/harnroehrenunterspritzung.html#primaryimage\"},\"thumbnailUrl\":\"https:\/\/www.kontinenzzentrum.ch\/wp-content\/uploads\/untersuchung-op-harnroehrenunterspritzung-9570.jpeg\",\"datePublished\":\"2023-03-02T12:15:14+00:00\",\"dateModified\":\"2025-10-01T09:07:41+00:00\",\"breadcrumb\":{\"@id\":\"https:\/\/www.kontinenzzentrum.ch\/de\/untersuchung-und-therapie\/operationen-bei-harninkontinenz\/harnroehrenunterspritzung.html#breadcrumb\"},\"inLanguage\":\"de\",\"potentialAction\":[{\"@type\":\"ReadAction\",\"target\":[\"https:\/\/www.kontinenzzentrum.ch\/de\/untersuchung-und-therapie\/operationen-bei-harninkontinenz\/harnroehrenunterspritzung.html\"]}]},{\"@type\":\"ImageObject\",\"inLanguage\":\"de\",\"@id\":\"https:\/\/www.kontinenzzentrum.ch\/de\/untersuchung-und-therapie\/operationen-bei-harninkontinenz\/harnroehrenunterspritzung.html#primaryimage\",\"url\":\"https:\/\/www.kontinenzzentrum.ch\/wp-content\/uploads\/untersuchung-op-harnroehrenunterspritzung-9570.jpeg\",\"contentUrl\":\"https:\/\/www.kontinenzzentrum.ch\/wp-content\/uploads\/untersuchung-op-harnroehrenunterspritzung-9570.jpeg\",\"width\":1920,\"height\":450},{\"@type\":\"BreadcrumbList\",\"@id\":\"https:\/\/www.kontinenzzentrum.ch\/de\/untersuchung-und-therapie\/operationen-bei-harninkontinenz\/harnroehrenunterspritzung.html#breadcrumb\",\"itemListElement\":[{\"@type\":\"ListItem\",\"position\":1,\"name\":\"Startseite\",\"item\":\"https:\/\/www.kontinenzzentrum.ch\/de\"},{\"@type\":\"ListItem\",\"position\":2,\"name\":\"Untersuchung &#038; Therapie\",\"item\":\"https:\/\/www.kontinenzzentrum.ch\/de\/untersuchung-und-therapie.html\"},{\"@type\":\"ListItem\",\"position\":3,\"name\":\"Operationen bei Harninkontinenz\",\"item\":\"https:\/\/www.kontinenzzentrum.ch\/de\/untersuchung-und-therapie\/operationen-bei-harninkontinenz.html\"},{\"@type\":\"ListItem\",\"position\":4,\"name\":\"Harnr\u00f6hrenunterspritzung\"}]},{\"@type\":\"WebSite\",\"@id\":\"https:\/\/www.kontinenzzentrum.ch\/de\/#website\",\"url\":\"https:\/\/www.kontinenzzentrum.ch\/de\/\",\"name\":\"KontinenzZentrum Hirslanden Z\u00fcrich\",\"description\":\"KontinenzZentrum Hirslanden Z\u00fcrich: Blasenst\u00f6rungen & Inkontinenz\",\"publisher\":{\"@id\":\"https:\/\/www.kontinenzzentrum.ch\/de\/#organization\"},\"potentialAction\":[{\"@type\":\"SearchAction\",\"target\":{\"@type\":\"EntryPoint\",\"urlTemplate\":\"https:\/\/www.kontinenzzentrum.ch\/de\/?s={search_term_string}\"},\"query-input\":{\"@type\":\"PropertyValueSpecification\",\"valueRequired\":true,\"valueName\":\"search_term_string\"}}],\"inLanguage\":\"de\"},{\"@type\":\"Organization\",\"@id\":\"https:\/\/www.kontinenzzentrum.ch\/de\/#organization\",\"name\":\"KontinenzZentrum Hirslanden Z\u00fcrich\",\"url\":\"https:\/\/www.kontinenzzentrum.ch\/de\/\",\"logo\":{\"@type\":\"ImageObject\",\"inLanguage\":\"de\",\"@id\":\"https:\/\/www.kontinenzzentrum.ch\/de\/#\/schema\/logo\/image\/\",\"url\":\"https:\/\/www.kontinenzzentrum.ch\/wp-content\/uploads\/Logo_KontinenzZentrum.png\",\"contentUrl\":\"https:\/\/www.kontinenzzentrum.ch\/wp-content\/uploads\/Logo_KontinenzZentrum.png\",\"width\":800,\"height\":142,\"caption\":\"KontinenzZentrum Hirslanden Z\u00fcrich\"},\"image\":{\"@id\":\"https:\/\/www.kontinenzzentrum.ch\/de\/#\/schema\/logo\/image\/\"}}]}<\/script>\n<!-- \/ Yoast SEO plugin. -->","yoast_head_json":{"title":"Harnr\u00f6hrenunterspritzung","robots":{"index":"index","follow":"follow","max-snippet":"max-snippet:-1","max-image-preview":"max-image-preview:large","max-video-preview":"max-video-preview:-1"},"canonical":"https:\/\/www.kontinenzzentrum.ch\/de\/untersuchung-und-therapie\/operationen-bei-harninkontinenz\/harnroehrenunterspritzung.html","og_locale":"de_DE","og_type":"article","og_title":"Harnr\u00f6hrenunterspritzung","og_description":"Harnr\u00f6hrenunterspritzung Minimal-invasives Therapieverfahren bei Belastungsinkontinenz Ein leichter ungewollter Harnverlust kann durch eine Unterspritzung der Harnr\u00f6hrewand behandelt werden. Hierbei wird unter lokaler Bet\u00e4ubung der Harnr\u00f6hre oder unter Narkose eine Kunststoffgel von innen in die Wand der Harnr\u00f6hre gespritzt, die Abflussbahn eingeengt und damit die Verschlussfunktion der Harnr\u00f6hre unterst\u00fctzt. Das verwendete Produkt (Bulkamid\u00ae-Hydrogel) ein nicht resorbierbares, injizierbares, [&hellip;]","og_url":"https:\/\/www.kontinenzzentrum.ch\/de\/untersuchung-und-therapie\/operationen-bei-harninkontinenz\/harnroehrenunterspritzung.html","og_site_name":"KontinenzZentrum","article_modified_time":"2025-10-01T09:07:41+00:00","og_image":[{"width":1920,"height":450,"url":"https:\/\/www.kontinenzzentrum.ch\/wp-content\/uploads\/untersuchung-op-harnroehrenunterspritzung-9570.jpeg","type":"image\/jpeg"}],"twitter_card":"summary_large_image","twitter_misc":{"Gesch\u00e4tzte Lesezeit":"2\u00a0Minuten"},"schema":{"@context":"https:\/\/schema.org","@graph":[{"@type":"WebPage","@id":"https:\/\/www.kontinenzzentrum.ch\/de\/untersuchung-und-therapie\/operationen-bei-harninkontinenz\/harnroehrenunterspritzung.html","url":"https:\/\/www.kontinenzzentrum.ch\/de\/untersuchung-und-therapie\/operationen-bei-harninkontinenz\/harnroehrenunterspritzung.html","name":"Harnr\u00f6hrenunterspritzung","isPartOf":{"@id":"https:\/\/www.kontinenzzentrum.ch\/de\/#website"},"primaryImageOfPage":{"@id":"https:\/\/www.kontinenzzentrum.ch\/de\/untersuchung-und-therapie\/operationen-bei-harninkontinenz\/harnroehrenunterspritzung.html#primaryimage"},"image":{"@id":"https:\/\/www.kontinenzzentrum.ch\/de\/untersuchung-und-therapie\/operationen-bei-harninkontinenz\/harnroehrenunterspritzung.html#primaryimage"},"thumbnailUrl":"https:\/\/www.kontinenzzentrum.ch\/wp-content\/uploads\/untersuchung-op-harnroehrenunterspritzung-9570.jpeg","datePublished":"2023-03-02T12:15:14+00:00","dateModified":"2025-10-01T09:07:41+00:00","breadcrumb":{"@id":"https:\/\/www.kontinenzzentrum.ch\/de\/untersuchung-und-therapie\/operationen-bei-harninkontinenz\/harnroehrenunterspritzung.html#breadcrumb"},"inLanguage":"de","potentialAction":[{"@type":"ReadAction","target":["https:\/\/www.kontinenzzentrum.ch\/de\/untersuchung-und-therapie\/operationen-bei-harninkontinenz\/harnroehrenunterspritzung.html"]}]},{"@type":"ImageObject","inLanguage":"de","@id":"https:\/\/www.kontinenzzentrum.ch\/de\/untersuchung-und-therapie\/operationen-bei-harninkontinenz\/harnroehrenunterspritzung.html#primaryimage","url":"https:\/\/www.kontinenzzentrum.ch\/wp-content\/uploads\/untersuchung-op-harnroehrenunterspritzung-9570.jpeg","contentUrl":"https:\/\/www.kontinenzzentrum.ch\/wp-content\/uploads\/untersuchung-op-harnroehrenunterspritzung-9570.jpeg","width":1920,"height":450},{"@type":"BreadcrumbList","@id":"https:\/\/www.kontinenzzentrum.ch\/de\/untersuchung-und-therapie\/operationen-bei-harninkontinenz\/harnroehrenunterspritzung.html#breadcrumb","itemListElement":[{"@type":"ListItem","position":1,"name":"Startseite","item":"https:\/\/www.kontinenzzentrum.ch\/de"},{"@type":"ListItem","position":2,"name":"Untersuchung &#038; Therapie","item":"https:\/\/www.kontinenzzentrum.ch\/de\/untersuchung-und-therapie.html"},{"@type":"ListItem","position":3,"name":"Operationen bei Harninkontinenz","item":"https:\/\/www.kontinenzzentrum.ch\/de\/untersuchung-und-therapie\/operationen-bei-harninkontinenz.html"},{"@type":"ListItem","position":4,"name":"Harnr\u00f6hrenunterspritzung"}]},{"@type":"WebSite","@id":"https:\/\/www.kontinenzzentrum.ch\/de\/#website","url":"https:\/\/www.kontinenzzentrum.ch\/de\/","name":"KontinenzZentrum Hirslanden Z\u00fcrich","description":"KontinenzZentrum Hirslanden Z\u00fcrich: Blasenst\u00f6rungen & Inkontinenz","publisher":{"@id":"https:\/\/www.kontinenzzentrum.ch\/de\/#organization"},"potentialAction":[{"@type":"SearchAction","target":{"@type":"EntryPoint","urlTemplate":"https:\/\/www.kontinenzzentrum.ch\/de\/?s={search_term_string}"},"query-input":{"@type":"PropertyValueSpecification","valueRequired":true,"valueName":"search_term_string"}}],"inLanguage":"de"},{"@type":"Organization","@id":"https:\/\/www.kontinenzzentrum.ch\/de\/#organization","name":"KontinenzZentrum Hirslanden Z\u00fcrich","url":"https:\/\/www.kontinenzzentrum.ch\/de\/","logo":{"@type":"ImageObject","inLanguage":"de","@id":"https:\/\/www.kontinenzzentrum.ch\/de\/#\/schema\/logo\/image\/","url":"https:\/\/www.kontinenzzentrum.ch\/wp-content\/uploads\/Logo_KontinenzZentrum.png","contentUrl":"https:\/\/www.kontinenzzentrum.ch\/wp-content\/uploads\/Logo_KontinenzZentrum.png","width":800,"height":142,"caption":"KontinenzZentrum Hirslanden Z\u00fcrich"},"image":{"@id":"https:\/\/www.kontinenzzentrum.ch\/de\/#\/schema\/logo\/image\/"}}]}},"_links":{"self":[{"href":"https:\/\/www.kontinenzzentrum.ch\/de\/wp-json\/wp\/v2\/pages\/1459","targetHints":{"allow":["GET"]}}],"collection":[{"href":"https:\/\/www.kontinenzzentrum.ch\/de\/wp-json\/wp\/v2\/pages"}],"about":[{"href":"https:\/\/www.kontinenzzentrum.ch\/de\/wp-json\/wp\/v2\/types\/page"}],"author":[{"embeddable":true,"href":"https:\/\/www.kontinenzzentrum.ch\/de\/wp-json\/wp\/v2\/users\/1"}],"replies":[{"embeddable":true,"href":"https:\/\/www.kontinenzzentrum.ch\/de\/wp-json\/wp\/v2\/comments?post=1459"}],"version-history":[{"count":6,"href":"https:\/\/www.kontinenzzentrum.ch\/de\/wp-json\/wp\/v2\/pages\/1459\/revisions"}],"predecessor-version":[{"id":1466,"href":"https:\/\/www.kontinenzzentrum.ch\/de\/wp-json\/wp\/v2\/pages\/1459\/revisions\/1466"}],"up":[{"embeddable":true,"href":"https:\/\/www.kontinenzzentrum.ch\/de\/wp-json\/wp\/v2\/pages\/1384"}],"wp:featuredmedia":[{"embeddable":true,"href":"https:\/\/www.kontinenzzentrum.ch\/de\/wp-json\/wp\/v2\/media\/1464"}],"wp:attachment":[{"href":"https:\/\/www.kontinenzzentrum.ch\/de\/wp-json\/wp\/v2\/media?parent=1459"}],"curies":[{"name":"wp","href":"https:\/\/api.w.org\/{rel}","templated":true}]}}