{"id":1475,"date":"2023-03-02T13:22:33","date_gmt":"2023-03-02T12:22:33","guid":{"rendered":"https:\/\/www.kontinenzzentrum.ch\/?page_id=1475"},"modified":"2025-11-05T09:02:05","modified_gmt":"2025-11-05T08:02:05","slug":"unterspritzung-der-blasenwand","status":"publish","type":"page","link":"https:\/\/www.kontinenzzentrum.ch\/de\/untersuchung-und-therapie\/operationen-bei-harninkontinenz\/unterspritzung-der-blasenwand.html","title":{"rendered":"Unterspritzung der Blasenwand"},"content":{"rendered":"<div id=\"pl-1475\"  class=\"panel-layout\" ><div id=\"pg-1475-0\"  class=\"panel-grid panel-no-style\" ><div id=\"pgc-1475-0-0\"  class=\"panel-grid-cell\" ><div id=\"panel-1475-0-0-0\" class=\"so-panel widget widget_sow-editor panel-first-child panel-last-child\" data-index=\"0\" ><div\n\t\t\t\n\t\t\tclass=\"so-widget-sow-editor so-widget-sow-editor-base\"\n\t\t\t\n\t\t>\n<div class=\"siteorigin-widget-tinymce textwidget\">\n\t<h1>Unterspritzung der Blasenwand<\/h1>\n<h2>Unterspritzung der Blasenwand mit krampfl\u00f6senden Medikamenten<\/h2>\n<p>Spritzt man spezielle krampfl\u00f6senden Medikamente in einer sehr geringen Dosis in einen verspannten Muskel, blockiert es die Schnittstelle zwischen Nerv und Muskel und l\u00f6st die Verkrampfung der Muskelfasern.<\/p>\n<p>Dies wird seit vielen Jahren sehr erfolgreich bei der Behandlung von\u00a0<strong>Blasenst\u00f6rungen<\/strong>\u00a0eingesetzt, so etwa bei der\u00a0<strong>\u00fcberaktiven Blase<\/strong>\u00a0und der\u00a0<strong>Dranginkontinenz<\/strong>. Die \u00dcberaktivit\u00e4t des Blasenmuskels f\u00fchrt zu verst\u00e4rktem Harndrang, h\u00e4ufigem Wasserlassen und auch zu unwillk\u00fcrlichem Harnverlust, einer\u00a0<strong>Dranginkontinenz<\/strong>.<\/p>\n<p>Die Injektionsbehandlung der Harnblase ist ein kleiner operativer Eingriff unter \u00f6rtlicher Bet\u00e4ubung. Die Blaseninnenwand wird zun\u00e4chst mit Hilfe eines \u00f6rtlichen Bet\u00e4ubungsmittels unempfindlich gemacht. W\u00e4hrend einer Blasenspiegelung wird dann das in Kochsalzl\u00f6sung aufgel\u00f6ste Toxin mit einer feinen Injektionsnadel von innen in die Blasenwand gespritzt. Nach f\u00fcnf bis sieben Tagen entfaltet der Wirkstoff dort seine Wirkung und d\u00e4mpft den \u00fcberaktiven Blasenmuskel f\u00fcr bis zu zw\u00f6lf Monate. Treten wieder Beschwerden auf, kann die Injektion wiederholt werden.<\/p>\n<\/div>\n<\/div><\/div><\/div><div id=\"pgc-1475-0-1\"  class=\"panel-grid-cell\" ><div id=\"panel-1475-0-1-0\" class=\"so-panel widget widget_fn-image-text-widget panel-first-child panel-last-child\" data-index=\"1\" ><div\n\t\t\t\n\t\t\tclass=\"so-widget-fn-image-text-widget so-widget-fn-image-text-widget-base\"\n\t\t\t\n\t\t><div class=\"uk-child-width-1-1 uk-child-width-1-1@s uk-child-width-1-1@m uk-grid-match\" uk-grid><div><div class=\"uk-card-media-top\">\n                <img decoding=\"async\" width=\"640\" height=\"573\" src=\"https:\/\/www.kontinenzzentrum.ch\/wp-content\/uploads\/botulinumtoxin.jpeg\" class=\"attachment-full size-full\" alt=\"\" srcset=\"https:\/\/www.kontinenzzentrum.ch\/wp-content\/uploads\/botulinumtoxin.jpeg 640w, https:\/\/www.kontinenzzentrum.ch\/wp-content\/uploads\/botulinumtoxin-300x269.jpeg 300w\" sizes=\"(max-width: 640px) 100vw, 640px\" \/>            <\/div><div class=\"fn-text-image uk-background-muted\">\n              <p>Abb.: Injektionsbehandlung der Harnblase<br \/>\n(1) Blasenwand, (2) Injektionsnadel<\/p>\n          <\/div>\n      <\/div><\/div><\/div><\/div><\/div><\/div><div id=\"pg-1475-1\"  class=\"panel-grid panel-no-style\" ><div id=\"pgc-1475-1-0\"  class=\"panel-grid-cell\" ><div id=\"panel-1475-1-0-0\" class=\"so-panel widget widget_fn-info-box-widget panel-first-child panel-last-child\" data-index=\"2\" ><div\n\t\t\t\n\t\t\tclass=\"so-widget-fn-info-box-widget so-widget-fn-info-box-widget-base\"\n\t\t\t\n\t\t><div class=\"uk-child-width-1-1 uk-grid-match\" uk-grid><div>\n        <div class=\"fn-info-box-title\">\n          <div class=\"uk-grid-small\" uk-grid>            <div class=\"uk-width-auto\"><img decoding=\"async\" src=\"https:\/\/www.kontinenzzentrum.ch\/wp-content\/uploads\/ICON_kontakt.svg\" class=\"attachment-small size-small\" alt=\"\" \/>            <\/div>            <div class=\"uk-width-expand\">\n              <h4 class=\"uk-h3\">Informieren Sie sich zur Unterspritzung der Blasenwand<\/h4>\n            <\/div>\n          <\/div>\n        <\/div>\n        <div class=\"fn-info-box-content\">\n              <p>Sie sind von einer \u00fcberaktiven Blase oder einer Dranginkontinenz betroffen oder Sie vermuten eine beginnende Blasenfunktionsst\u00f6rung? Eventuell kommt eine Unterspritzung der Blasenwand zur Behandlung in Frage. Vereinbaren Sie gern ein ausf\u00fchrliches Beratungsgespr\u00e4ch mit unseren Spezialistinnen und Spezialisten. Wir informieren Sie gerne \u00fcber Ihre individuellen Abkl\u00e4rungs- und Behandlungsm\u00f6glichkeiten.<\/p>\n<p>Sie erreichen unser KontinenzZentrum in Hirslanden, Z\u00fcrich telefonisch unter <b><a class=\"\" href=\"tel:+41443872910\">+41 44 387 29 10<\/a><\/b>, per E-Mail unter <b><a class=\"\" href=\"mailto:ko&#110;&#116;in&#101;nzze&#110;&#116;ru&#109;.&#104;i&#114;&#115;&#108;&#97;nd&#101;n&#64;hi&#114;s&#108;a&#110;den.&#99;h\">ko&#110;&#116;i&#110;&#101;nz&#122;en&#116;&#114;um.h&#105;&#114;sl&#97;&#110;&#100;&#101;n&#64;&#104;&#105;&#114;slan&#100;e&#110;&#46;c&#104;<\/a><\/b>\u00a0oder \u00fcber unser\u00a0<strong><a title=\"Nutzen Sie einfach unser Kontaktformular!\" href=\"https:\/\/www.kontinenzzentrum.ch\/de\/ueber-uns\/termin.html\">Kontaktformular<\/a><\/strong>.<\/p>\n<p><div class=\"uk-flex uk-child-width-auto uk-grid-small\" uk-grid><div><a class=\"uk-button uk-button-primary\" href=\"tel:+41443872910\"><i class=\"fas fa-phone-alt uk-margin-small-right\"><\/i>+41 44 387 29 10<\/a><\/div><div><a class=\"uk-button uk-button-primary\" href=\"https:\/\/www.kontinenzzentrum.ch\/de\/ueber-uns\/termin.html\"><i class=\"fas fa-comments uk-margin-small-right\"><\/i>Online Terminvereinbarung<\/a><\/div><\/div><\/p>\n        <\/div>\n      <\/div><\/div><\/div><\/div><\/div><\/div><\/div>","protected":false},"excerpt":{"rendered":"<p>Unterspritzung der Blasenwand Unterspritzung der Blasenwand mit krampfl\u00f6senden Medikamenten Spritzt man spezielle krampfl\u00f6senden Medikamente in einer sehr geringen Dosis in einen verspannten Muskel, blockiert es die Schnittstelle zwischen Nerv und Muskel und l\u00f6st die Verkrampfung der Muskelfasern. Dies wird seit vielen Jahren sehr erfolgreich bei der Behandlung von\u00a0Blasenst\u00f6rungen\u00a0eingesetzt, so etwa bei der\u00a0\u00fcberaktiven Blase\u00a0und der\u00a0Dranginkontinenz. Die [&hellip;]<\/p>\n","protected":false},"author":1,"featured_media":1476,"parent":1384,"menu_order":0,"comment_status":"closed","ping_status":"closed","template":"","meta":{"_acf_changed":false,"footnotes":""},"class_list":["post-1475","page","type-page","status-publish","has-post-thumbnail","hentry"],"acf":[],"yoast_head":"<!-- This site is optimized with the Yoast SEO plugin v26.9 - https:\/\/yoast.com\/product\/yoast-seo-wordpress\/ -->\n<title>Unterspritzung der Blasenwand<\/title>\n<meta name=\"robots\" content=\"index, follow, max-snippet:-1, max-image-preview:large, max-video-preview:-1\" \/>\n<link rel=\"canonical\" href=\"https:\/\/www.kontinenzzentrum.ch\/de\/untersuchung-und-therapie\/operationen-bei-harninkontinenz\/unterspritzung-der-blasenwand.html\" \/>\n<meta property=\"og:locale\" content=\"de_DE\" \/>\n<meta property=\"og:type\" content=\"article\" \/>\n<meta property=\"og:title\" content=\"Unterspritzung der Blasenwand\" \/>\n<meta property=\"og:description\" content=\"Unterspritzung der Blasenwand Unterspritzung der Blasenwand mit krampfl\u00f6senden Medikamenten Spritzt man spezielle krampfl\u00f6senden Medikamente in einer sehr geringen Dosis in einen verspannten Muskel, blockiert es die Schnittstelle zwischen Nerv und Muskel und l\u00f6st die Verkrampfung der Muskelfasern. Dies wird seit vielen Jahren sehr erfolgreich bei der Behandlung von\u00a0Blasenst\u00f6rungen\u00a0eingesetzt, so etwa bei der\u00a0\u00fcberaktiven Blase\u00a0und der\u00a0Dranginkontinenz. Die [&hellip;]\" \/>\n<meta property=\"og:url\" content=\"https:\/\/www.kontinenzzentrum.ch\/de\/untersuchung-und-therapie\/operationen-bei-harninkontinenz\/unterspritzung-der-blasenwand.html\" \/>\n<meta property=\"og:site_name\" content=\"KontinenzZentrum\" \/>\n<meta property=\"article:modified_time\" content=\"2025-11-05T08:02:05+00:00\" \/>\n<meta property=\"og:image\" content=\"https:\/\/www.kontinenzzentrum.ch\/wp-content\/uploads\/untersuchung-op-harninkontinenz-botox-12008.jpeg\" \/>\n\t<meta property=\"og:image:width\" content=\"1920\" \/>\n\t<meta property=\"og:image:height\" content=\"450\" \/>\n\t<meta property=\"og:image:type\" content=\"image\/jpeg\" \/>\n<meta name=\"twitter:card\" content=\"summary_large_image\" \/>\n<meta name=\"twitter:label1\" content=\"Gesch\u00e4tzte Lesezeit\" \/>\n\t<meta name=\"twitter:data1\" content=\"2\u00a0Minuten\" \/>\n<script type=\"application\/ld+json\" class=\"yoast-schema-graph\">{\"@context\":\"https:\/\/schema.org\",\"@graph\":[{\"@type\":\"WebPage\",\"@id\":\"https:\/\/www.kontinenzzentrum.ch\/de\/untersuchung-und-therapie\/operationen-bei-harninkontinenz\/unterspritzung-der-blasenwand.html\",\"url\":\"https:\/\/www.kontinenzzentrum.ch\/de\/untersuchung-und-therapie\/operationen-bei-harninkontinenz\/unterspritzung-der-blasenwand.html\",\"name\":\"Unterspritzung der Blasenwand\",\"isPartOf\":{\"@id\":\"https:\/\/www.kontinenzzentrum.ch\/de\/#website\"},\"primaryImageOfPage\":{\"@id\":\"https:\/\/www.kontinenzzentrum.ch\/de\/untersuchung-und-therapie\/operationen-bei-harninkontinenz\/unterspritzung-der-blasenwand.html#primaryimage\"},\"image\":{\"@id\":\"https:\/\/www.kontinenzzentrum.ch\/de\/untersuchung-und-therapie\/operationen-bei-harninkontinenz\/unterspritzung-der-blasenwand.html#primaryimage\"},\"thumbnailUrl\":\"https:\/\/www.kontinenzzentrum.ch\/wp-content\/uploads\/untersuchung-op-harninkontinenz-botox-12008.jpeg\",\"datePublished\":\"2023-03-02T12:22:33+00:00\",\"dateModified\":\"2025-11-05T08:02:05+00:00\",\"breadcrumb\":{\"@id\":\"https:\/\/www.kontinenzzentrum.ch\/de\/untersuchung-und-therapie\/operationen-bei-harninkontinenz\/unterspritzung-der-blasenwand.html#breadcrumb\"},\"inLanguage\":\"de\",\"potentialAction\":[{\"@type\":\"ReadAction\",\"target\":[\"https:\/\/www.kontinenzzentrum.ch\/de\/untersuchung-und-therapie\/operationen-bei-harninkontinenz\/unterspritzung-der-blasenwand.html\"]}]},{\"@type\":\"ImageObject\",\"inLanguage\":\"de\",\"@id\":\"https:\/\/www.kontinenzzentrum.ch\/de\/untersuchung-und-therapie\/operationen-bei-harninkontinenz\/unterspritzung-der-blasenwand.html#primaryimage\",\"url\":\"https:\/\/www.kontinenzzentrum.ch\/wp-content\/uploads\/untersuchung-op-harninkontinenz-botox-12008.jpeg\",\"contentUrl\":\"https:\/\/www.kontinenzzentrum.ch\/wp-content\/uploads\/untersuchung-op-harninkontinenz-botox-12008.jpeg\",\"width\":1920,\"height\":450,\"caption\":\"Unterspritzung der Blasenwand mit krampfl\u00f6senden Medikamenten\"},{\"@type\":\"BreadcrumbList\",\"@id\":\"https:\/\/www.kontinenzzentrum.ch\/de\/untersuchung-und-therapie\/operationen-bei-harninkontinenz\/unterspritzung-der-blasenwand.html#breadcrumb\",\"itemListElement\":[{\"@type\":\"ListItem\",\"position\":1,\"name\":\"Startseite\",\"item\":\"https:\/\/www.kontinenzzentrum.ch\/de\"},{\"@type\":\"ListItem\",\"position\":2,\"name\":\"Untersuchung &#038; Therapie\",\"item\":\"https:\/\/www.kontinenzzentrum.ch\/de\/untersuchung-und-therapie.html\"},{\"@type\":\"ListItem\",\"position\":3,\"name\":\"Operationen bei Harninkontinenz\",\"item\":\"https:\/\/www.kontinenzzentrum.ch\/de\/untersuchung-und-therapie\/operationen-bei-harninkontinenz.html\"},{\"@type\":\"ListItem\",\"position\":4,\"name\":\"Unterspritzung der Blasenwand\"}]},{\"@type\":\"WebSite\",\"@id\":\"https:\/\/www.kontinenzzentrum.ch\/de\/#website\",\"url\":\"https:\/\/www.kontinenzzentrum.ch\/de\/\",\"name\":\"KontinenzZentrum Hirslanden Z\u00fcrich\",\"description\":\"KontinenzZentrum Hirslanden Z\u00fcrich: Blasenst\u00f6rungen & Inkontinenz\",\"publisher\":{\"@id\":\"https:\/\/www.kontinenzzentrum.ch\/de\/#organization\"},\"potentialAction\":[{\"@type\":\"SearchAction\",\"target\":{\"@type\":\"EntryPoint\",\"urlTemplate\":\"https:\/\/www.kontinenzzentrum.ch\/de\/?s={search_term_string}\"},\"query-input\":{\"@type\":\"PropertyValueSpecification\",\"valueRequired\":true,\"valueName\":\"search_term_string\"}}],\"inLanguage\":\"de\"},{\"@type\":\"Organization\",\"@id\":\"https:\/\/www.kontinenzzentrum.ch\/de\/#organization\",\"name\":\"KontinenzZentrum Hirslanden Z\u00fcrich\",\"url\":\"https:\/\/www.kontinenzzentrum.ch\/de\/\",\"logo\":{\"@type\":\"ImageObject\",\"inLanguage\":\"de\",\"@id\":\"https:\/\/www.kontinenzzentrum.ch\/de\/#\/schema\/logo\/image\/\",\"url\":\"https:\/\/www.kontinenzzentrum.ch\/wp-content\/uploads\/Logo_KontinenzZentrum.png\",\"contentUrl\":\"https:\/\/www.kontinenzzentrum.ch\/wp-content\/uploads\/Logo_KontinenzZentrum.png\",\"width\":800,\"height\":142,\"caption\":\"KontinenzZentrum Hirslanden Z\u00fcrich\"},\"image\":{\"@id\":\"https:\/\/www.kontinenzzentrum.ch\/de\/#\/schema\/logo\/image\/\"}}]}<\/script>\n<!-- \/ Yoast SEO plugin. -->","yoast_head_json":{"title":"Unterspritzung der Blasenwand","robots":{"index":"index","follow":"follow","max-snippet":"max-snippet:-1","max-image-preview":"max-image-preview:large","max-video-preview":"max-video-preview:-1"},"canonical":"https:\/\/www.kontinenzzentrum.ch\/de\/untersuchung-und-therapie\/operationen-bei-harninkontinenz\/unterspritzung-der-blasenwand.html","og_locale":"de_DE","og_type":"article","og_title":"Unterspritzung der Blasenwand","og_description":"Unterspritzung der Blasenwand Unterspritzung der Blasenwand mit krampfl\u00f6senden Medikamenten Spritzt man spezielle krampfl\u00f6senden Medikamente in einer sehr geringen Dosis in einen verspannten Muskel, blockiert es die Schnittstelle zwischen Nerv und Muskel und l\u00f6st die Verkrampfung der Muskelfasern. Dies wird seit vielen Jahren sehr erfolgreich bei der Behandlung von\u00a0Blasenst\u00f6rungen\u00a0eingesetzt, so etwa bei der\u00a0\u00fcberaktiven Blase\u00a0und der\u00a0Dranginkontinenz. Die [&hellip;]","og_url":"https:\/\/www.kontinenzzentrum.ch\/de\/untersuchung-und-therapie\/operationen-bei-harninkontinenz\/unterspritzung-der-blasenwand.html","og_site_name":"KontinenzZentrum","article_modified_time":"2025-11-05T08:02:05+00:00","og_image":[{"width":1920,"height":450,"url":"https:\/\/www.kontinenzzentrum.ch\/wp-content\/uploads\/untersuchung-op-harninkontinenz-botox-12008.jpeg","type":"image\/jpeg"}],"twitter_card":"summary_large_image","twitter_misc":{"Gesch\u00e4tzte Lesezeit":"2\u00a0Minuten"},"schema":{"@context":"https:\/\/schema.org","@graph":[{"@type":"WebPage","@id":"https:\/\/www.kontinenzzentrum.ch\/de\/untersuchung-und-therapie\/operationen-bei-harninkontinenz\/unterspritzung-der-blasenwand.html","url":"https:\/\/www.kontinenzzentrum.ch\/de\/untersuchung-und-therapie\/operationen-bei-harninkontinenz\/unterspritzung-der-blasenwand.html","name":"Unterspritzung der Blasenwand","isPartOf":{"@id":"https:\/\/www.kontinenzzentrum.ch\/de\/#website"},"primaryImageOfPage":{"@id":"https:\/\/www.kontinenzzentrum.ch\/de\/untersuchung-und-therapie\/operationen-bei-harninkontinenz\/unterspritzung-der-blasenwand.html#primaryimage"},"image":{"@id":"https:\/\/www.kontinenzzentrum.ch\/de\/untersuchung-und-therapie\/operationen-bei-harninkontinenz\/unterspritzung-der-blasenwand.html#primaryimage"},"thumbnailUrl":"https:\/\/www.kontinenzzentrum.ch\/wp-content\/uploads\/untersuchung-op-harninkontinenz-botox-12008.jpeg","datePublished":"2023-03-02T12:22:33+00:00","dateModified":"2025-11-05T08:02:05+00:00","breadcrumb":{"@id":"https:\/\/www.kontinenzzentrum.ch\/de\/untersuchung-und-therapie\/operationen-bei-harninkontinenz\/unterspritzung-der-blasenwand.html#breadcrumb"},"inLanguage":"de","potentialAction":[{"@type":"ReadAction","target":["https:\/\/www.kontinenzzentrum.ch\/de\/untersuchung-und-therapie\/operationen-bei-harninkontinenz\/unterspritzung-der-blasenwand.html"]}]},{"@type":"ImageObject","inLanguage":"de","@id":"https:\/\/www.kontinenzzentrum.ch\/de\/untersuchung-und-therapie\/operationen-bei-harninkontinenz\/unterspritzung-der-blasenwand.html#primaryimage","url":"https:\/\/www.kontinenzzentrum.ch\/wp-content\/uploads\/untersuchung-op-harninkontinenz-botox-12008.jpeg","contentUrl":"https:\/\/www.kontinenzzentrum.ch\/wp-content\/uploads\/untersuchung-op-harninkontinenz-botox-12008.jpeg","width":1920,"height":450,"caption":"Unterspritzung der Blasenwand mit krampfl\u00f6senden Medikamenten"},{"@type":"BreadcrumbList","@id":"https:\/\/www.kontinenzzentrum.ch\/de\/untersuchung-und-therapie\/operationen-bei-harninkontinenz\/unterspritzung-der-blasenwand.html#breadcrumb","itemListElement":[{"@type":"ListItem","position":1,"name":"Startseite","item":"https:\/\/www.kontinenzzentrum.ch\/de"},{"@type":"ListItem","position":2,"name":"Untersuchung &#038; Therapie","item":"https:\/\/www.kontinenzzentrum.ch\/de\/untersuchung-und-therapie.html"},{"@type":"ListItem","position":3,"name":"Operationen bei Harninkontinenz","item":"https:\/\/www.kontinenzzentrum.ch\/de\/untersuchung-und-therapie\/operationen-bei-harninkontinenz.html"},{"@type":"ListItem","position":4,"name":"Unterspritzung der Blasenwand"}]},{"@type":"WebSite","@id":"https:\/\/www.kontinenzzentrum.ch\/de\/#website","url":"https:\/\/www.kontinenzzentrum.ch\/de\/","name":"KontinenzZentrum Hirslanden Z\u00fcrich","description":"KontinenzZentrum Hirslanden Z\u00fcrich: Blasenst\u00f6rungen & Inkontinenz","publisher":{"@id":"https:\/\/www.kontinenzzentrum.ch\/de\/#organization"},"potentialAction":[{"@type":"SearchAction","target":{"@type":"EntryPoint","urlTemplate":"https:\/\/www.kontinenzzentrum.ch\/de\/?s={search_term_string}"},"query-input":{"@type":"PropertyValueSpecification","valueRequired":true,"valueName":"search_term_string"}}],"inLanguage":"de"},{"@type":"Organization","@id":"https:\/\/www.kontinenzzentrum.ch\/de\/#organization","name":"KontinenzZentrum Hirslanden Z\u00fcrich","url":"https:\/\/www.kontinenzzentrum.ch\/de\/","logo":{"@type":"ImageObject","inLanguage":"de","@id":"https:\/\/www.kontinenzzentrum.ch\/de\/#\/schema\/logo\/image\/","url":"https:\/\/www.kontinenzzentrum.ch\/wp-content\/uploads\/Logo_KontinenzZentrum.png","contentUrl":"https:\/\/www.kontinenzzentrum.ch\/wp-content\/uploads\/Logo_KontinenzZentrum.png","width":800,"height":142,"caption":"KontinenzZentrum Hirslanden Z\u00fcrich"},"image":{"@id":"https:\/\/www.kontinenzzentrum.ch\/de\/#\/schema\/logo\/image\/"}}]}},"_links":{"self":[{"href":"https:\/\/www.kontinenzzentrum.ch\/de\/wp-json\/wp\/v2\/pages\/1475","targetHints":{"allow":["GET"]}}],"collection":[{"href":"https:\/\/www.kontinenzzentrum.ch\/de\/wp-json\/wp\/v2\/pages"}],"about":[{"href":"https:\/\/www.kontinenzzentrum.ch\/de\/wp-json\/wp\/v2\/types\/page"}],"author":[{"embeddable":true,"href":"https:\/\/www.kontinenzzentrum.ch\/de\/wp-json\/wp\/v2\/users\/1"}],"replies":[{"embeddable":true,"href":"https:\/\/www.kontinenzzentrum.ch\/de\/wp-json\/wp\/v2\/comments?post=1475"}],"version-history":[{"count":8,"href":"https:\/\/www.kontinenzzentrum.ch\/de\/wp-json\/wp\/v2\/pages\/1475\/revisions"}],"predecessor-version":[{"id":4675,"href":"https:\/\/www.kontinenzzentrum.ch\/de\/wp-json\/wp\/v2\/pages\/1475\/revisions\/4675"}],"up":[{"embeddable":true,"href":"https:\/\/www.kontinenzzentrum.ch\/de\/wp-json\/wp\/v2\/pages\/1384"}],"wp:featuredmedia":[{"embeddable":true,"href":"https:\/\/www.kontinenzzentrum.ch\/de\/wp-json\/wp\/v2\/media\/1476"}],"wp:attachment":[{"href":"https:\/\/www.kontinenzzentrum.ch\/de\/wp-json\/wp\/v2\/media?parent=1475"}],"curies":[{"name":"wp","href":"https:\/\/api.w.org\/{rel}","templated":true}]}}