{"id":1484,"date":"2023-03-02T13:28:05","date_gmt":"2023-03-02T12:28:05","guid":{"rendered":"https:\/\/www.kontinenzzentrum.ch\/?page_id=1484"},"modified":"2025-11-05T16:07:25","modified_gmt":"2025-11-05T15:07:25","slug":"victo-und-victo-plus-schliessmuskelprothese","status":"publish","type":"page","link":"https:\/\/www.kontinenzzentrum.ch\/de\/untersuchung-und-therapie\/operationen-bei-harninkontinenz\/victo-und-victo-plus-schliessmuskelprothese.html","title":{"rendered":"Victo &#038; Victo plus Schliessmuskelprothese"},"content":{"rendered":"<div id=\"pl-1484\"  class=\"panel-layout\" ><div id=\"pg-1484-0\"  class=\"panel-grid panel-no-style\" ><div id=\"pgc-1484-0-0\"  class=\"panel-grid-cell\" ><div id=\"panel-1484-0-0-0\" class=\"so-panel widget widget_sow-editor panel-first-child panel-last-child\" data-index=\"0\" ><div\n\t\t\t\n\t\t\tclass=\"so-widget-sow-editor so-widget-sow-editor-base\"\n\t\t\t\n\t\t>\n<div class=\"siteorigin-widget-tinymce textwidget\">\n\t<h1>Schliessmuskelprothese Victo und Victo plus<\/h1>\n<h2>Adjustierbare Harnr\u00f6hrenschliessmuskelprothese bei Inkontinenz nach Prostataoperation<\/h2>\n<p>Die neu entwickelte Schliessmuskelprothese VICTO besteht aus einer Manschette, die um die Harnr\u00f6hre gelegt wird, einer Pumpe, die im Hodensack platziert wird und ein (VICTO) oder zwei (VICTO plus) Ballons, die in den Bauchraum implantiert werden. Als bereits vom Hersteller komplett vorgefertigtes System k\u00f6nnen die drei bzw. vier Komponenten die Funktion des Harnr\u00f6hrenschliessmuskels komplett ersetzen. Der entscheidende Vorteil der VICTO Prothese ist die M\u00f6glichkeit der individuellen Anpassung des Verschlussdrucks der Prothese nach der Implantation. \u00dcber eine in die Pumpe im Hodensatz integrierte Membran kann das System so nachgef\u00fcllt werden, bis ein wasserdichter Verschluss der Harnr\u00f6hre erreicht ist.<\/p>\n<p>Unsere Experten und Expertinnen im KontinenzZentrum Hirslanden in Z\u00fcrich informieren Sie gern \u00fcber Diagnose- und Therapie-M\u00f6glichkeiten, wenn bei Ihnen eine Blasenst\u00f6rung oder Inkontinenz festgestellt wurde. Gern beraten wir Sie auch zu den M\u00f6glichkeiten von <strong>Schliessmuskelprothesen<\/strong> und dem Umgang damit im Alltag.<\/p>\n<h2>Aufbau und Funktion der Schliessmuskelprothese VICTO<\/h2>\n<p><img decoding=\"async\" class=\"alignright\" title=\"\" src=\"https:\/\/www.kontinenzzentrum.ch\/wp-content\/uploads\/imgvicto-1.png\" alt=\"\" width=\"223\" height=\"183\" \/><br \/>\nDas aus Silikon gefertigte Implantat besteht aus der Harnr\u00f6hrenmanschette, der Pumpe und dem Druckregulationsballon. Die drei Komponenten sind mit einem Schlauchsystem verbunden. Verbindungschl\u00e4uche und Komponenten sind mit steriler Kochsalzl\u00f6sung gef\u00fcllt. Die Manschette wird um die Harnr\u00f6hre gelegt und sorgt f\u00fcr den Verschluss. Die zirka olivengrosse Pumpe wird im Hodensack platziert und dient dazu, die Manschette zur Blasenentleerung zu entleeren. Die Fl\u00fcssigkeit wird hierbei aus der Manschette in den Druckausgleichsballon gepumpt. Da der Ballon im Bauchraum einem h\u00f6heren Druck ausgesetzt ist, fliesst die Fl\u00fcssigkeit nach Ende der Blasenentleerung innerhalb von zirka zwei Minuten automatisch zur\u00fcck in die Manschette und sorgt f\u00fcr einen wasserdichten Wiederverschluss der Harnr\u00f6hre. Ist ein sofortiger Wiederverschluss gew\u00fcnscht, so kann \u00fcber einen Schnellverschlussmechanismus an der Pumpe die Manschette sofort verschlossen werden.<\/p>\n<h2>Aufbau und Funktion der Schliessmuskelprothese VICTO plus<\/h2>\n<p><img decoding=\"async\" class=\"alignright\" title=\"\" src=\"https:\/\/www.kontinenzzentrum.ch\/wp-content\/uploads\/imgvicto_.png\" alt=\"\" width=\"229\" height=\"159\" \/><br \/>\nDie Schliessmuskelprothese VICTO plus wird in erster Linie bei Patienten mit starker und sehr starker Inkontinenz implantiert. Zus\u00e4tzlich zu den drei Komponenten der VICTO Schliessmuskelprothese ist in die VICTO plus Prothese ein zweiter Ballon integriert. Dieser sogenannte Stressballon ist direkt mit der Manschette verbunden und verst\u00e4rkt den Harnr\u00f6hrenverschluss insbesondere dann, wenn beim Husten, Niessen oder k\u00f6rperlicher Bewegung ein unfreiwilliger Harnabgang droht.<\/p>\n<h2>Operation zur Implantation einer Schliessmuskelprothese VICTO<\/h2>\n<p>Die Implantation der Schliessmuskelprothese VICTO erfolgt w\u00e4hrend eines station\u00e4rer Spitalaufenthaltes von 4 bis 5 Tagen. Der Eingriff dauert zirka zwei Stunden und wird in der Regel in einer Vollnarkose vorgenommen. Anschliessend wird die\u00a0<b>Schliessmuskelprothese VICTO<\/b>\u00a0f\u00fcr einen Zeitraum von sechs Wochen deaktiviert, um ein vollst\u00e4ndiges Einheilen der Komponenten in das Gewebe zu gew\u00e4hrleisten. Dann kann das System durch F\u00fcllung von Fl\u00fcssigkeit in die Pumpe aktiviert werden und sorgt fortan f\u00fcr eine zuverl\u00e4ssigen Verschluss der Harnr\u00f6hre. Komplikationen sind bei erfahrenen Operateuren selten. Selten kommt es zu einer Infektion der Prothese, die in der Regel eine Entfernung des gesamten Systems erforderlich macht.<\/p>\n<h2>Leben mit der Schliessmuskelprothese VICTO oder VICTO plus<\/h2>\n<p><img decoding=\"async\" class=\"alignleft\" title=\"\" src=\"https:\/\/www.kontinenzzentrum.ch\/wp-content\/uploads\/victo_aplicado_finalbaja_1_.jpeg\" alt=\"\" width=\"218\" height=\"264\" \/><br \/>\nNach der Aktivierung der Prothese umschliesst die mit Fl\u00fcssigkeit gef\u00fcllte Manschette die Harnr\u00f6hre und verhindert einen unfreiwilligen Harnabgang. Zur Blasenentleerung wird die im Hodensack tastbare Pumpe mit zwei Fingern vorsichtig getastet und dann zweimal auf die Pumpe gedr\u00fcckt. Nun fliesst die Fl\u00fcssigkeit aus der Manschette in den Druckausgleichsballon, und die Blase kann entleert werden. Der Wiederverschluss erfolgt entweder automatisch innerhalb einiger Minuten oder \u00fcber die Bet\u00e4tigung des an der Pumpe befindlichen Schnellverschlussmechanismus. Die Handhabung der Pumpe erfordert etwas \u00dcbung, wird aber nach wenige Tagen von den allermeisten M\u00e4nnern problemlos gemeistert.<\/p>\n<p>Mit der Schliessmuskelprothese VICTO oder VICTO plus sind alle Aktivit\u00e4ten im Alltag und in der Freizeit m\u00f6glich, es kann selbstverst\u00e4ndlich auch Sport getrieben werden. Beim Radfahren sollte jedoch ein spezieller Sattel mit Druckentlastung des Damms verwendet werden. Da das Implantat vollst\u00e4ndig aus Silikon besteht, kann insofern n\u00f6tig ein MRI erfolgen, auch beim der Sicherheits\u00fcberpr\u00fcfung am Flughafen wird die Prothese nicht erkannt.<\/p>\n<\/div>\n<\/div><\/div><\/div><\/div><div id=\"pg-1484-1\"  class=\"panel-grid panel-no-style\" ><div id=\"pgc-1484-1-0\"  class=\"panel-grid-cell\" ><div id=\"panel-1484-1-0-0\" class=\"so-panel widget widget_fn-info-box-widget panel-first-child panel-last-child\" data-index=\"1\" ><div\n\t\t\t\n\t\t\tclass=\"so-widget-fn-info-box-widget so-widget-fn-info-box-widget-base\"\n\t\t\t\n\t\t><div class=\"uk-child-width-1-1 uk-grid-match\" uk-grid><div>\n        <div class=\"fn-info-box-title\">\n          <div class=\"uk-grid-small\" uk-grid>            <div class=\"uk-width-auto\"><img decoding=\"async\" src=\"https:\/\/www.kontinenzzentrum.ch\/wp-content\/uploads\/ICON_kontakt.svg\" class=\"attachment-small size-small\" alt=\"\" \/>            <\/div>            <div class=\"uk-width-expand\">\n              <h4 class=\"uk-h3\">Informieren Sie sich zu Schliessmuskelprothesen<\/h4>\n            <\/div>\n          <\/div>\n        <\/div>\n        <div class=\"fn-info-box-content\">\n              <p><strong>Kontaktieren Sie uns f\u00fcr ein Beratungsgespr\u00e4ch.<\/strong> Unsere Experten und Expertinnen informieren Sie \u00fcber Ihre individuellen Abkl\u00e4rungs- und Behandlungsm\u00f6glichkeiten, wenn bei Ihnen St\u00f6rungen der Blasenfunktion vorliegen. Wir beantworten zudem gern Ihre Fragen zu Schliessmuskelprothesen wie Victo und Victo plus.<\/p>\n<p>Sie erreichen unser KontinenzZentrum in Hirslanden, Z\u00fcrich, telefonisch oder per <a title=\"Senden Sie uns eine E-Mail\" href=\"mailto:kontinenzzentrum.hirslanden@hirslanden.ch\">E-Mail<\/a>. Nutzen Sie auch unsere praktische Online Terminvereinbarung!<\/p>\n<p><div class=\"uk-flex uk-child-width-auto uk-grid-small\" uk-grid><div><a class=\"uk-button uk-button-primary\" href=\"tel:+41443872910\"><i class=\"fas fa-phone-alt uk-margin-small-right\"><\/i>+41 44 387 29 10<\/a><\/div><div><a class=\"uk-button uk-button-primary\" href=\"https:\/\/www.kontinenzzentrum.ch\/de\/ueber-uns\/termin.html\"><i class=\"fas fa-comments uk-margin-small-right\"><\/i>Online Terminvereinbarung<\/a><\/div><\/div><\/p>\n        <\/div>\n      <\/div><\/div><\/div><\/div><\/div><\/div><\/div>","protected":false},"excerpt":{"rendered":"<p>Schliessmuskelprothese Victo und Victo plus Adjustierbare Harnr\u00f6hrenschliessmuskelprothese bei Inkontinenz nach Prostataoperation Die neu entwickelte Schliessmuskelprothese VICTO besteht aus einer Manschette, die um die Harnr\u00f6hre gelegt wird, einer Pumpe, die im Hodensack platziert wird und ein (VICTO) oder zwei (VICTO plus) Ballons, die in den Bauchraum implantiert werden. Als bereits vom Hersteller komplett vorgefertigtes System k\u00f6nnen [&hellip;]<\/p>\n","protected":false},"author":1,"featured_media":145,"parent":1384,"menu_order":0,"comment_status":"closed","ping_status":"closed","template":"","meta":{"_acf_changed":false,"footnotes":""},"class_list":["post-1484","page","type-page","status-publish","has-post-thumbnail","hentry"],"acf":[],"yoast_head":"<!-- This site is optimized with the Yoast SEO plugin v26.9 - https:\/\/yoast.com\/product\/yoast-seo-wordpress\/ -->\n<title>Victor &amp; Victo plus Schliessmuskelprothese<\/title>\n<meta name=\"robots\" content=\"index, follow, max-snippet:-1, max-image-preview:large, max-video-preview:-1\" \/>\n<link rel=\"canonical\" href=\"https:\/\/www.kontinenzzentrum.ch\/de\/untersuchung-und-therapie\/operationen-bei-harninkontinenz\/victo-und-victo-plus-schliessmuskelprothese.html\" \/>\n<meta property=\"og:locale\" content=\"de_DE\" \/>\n<meta property=\"og:type\" content=\"article\" \/>\n<meta property=\"og:title\" content=\"Victor &amp; Victo plus Schliessmuskelprothese\" \/>\n<meta property=\"og:description\" content=\"Schliessmuskelprothese Victo und Victo plus Adjustierbare Harnr\u00f6hrenschliessmuskelprothese bei Inkontinenz nach Prostataoperation Die neu entwickelte Schliessmuskelprothese VICTO besteht aus einer Manschette, die um die Harnr\u00f6hre gelegt wird, einer Pumpe, die im Hodensack platziert wird und ein (VICTO) oder zwei (VICTO plus) Ballons, die in den Bauchraum implantiert werden. Als bereits vom Hersteller komplett vorgefertigtes System k\u00f6nnen [&hellip;]\" \/>\n<meta property=\"og:url\" content=\"https:\/\/www.kontinenzzentrum.ch\/de\/untersuchung-und-therapie\/operationen-bei-harninkontinenz\/victo-und-victo-plus-schliessmuskelprothese.html\" \/>\n<meta property=\"og:site_name\" content=\"KontinenzZentrum\" \/>\n<meta property=\"article:modified_time\" content=\"2025-11-05T15:07:25+00:00\" \/>\n<meta property=\"og:image\" content=\"https:\/\/www.kontinenzzentrum.ch\/wp-content\/uploads\/slider-1-9579.jpg\" \/>\n\t<meta property=\"og:image:width\" content=\"1920\" \/>\n\t<meta property=\"og:image:height\" content=\"573\" \/>\n\t<meta property=\"og:image:type\" content=\"image\/jpeg\" \/>\n<meta name=\"twitter:card\" content=\"summary_large_image\" \/>\n<meta name=\"twitter:label1\" content=\"Gesch\u00e4tzte Lesezeit\" \/>\n\t<meta name=\"twitter:data1\" content=\"5\u00a0Minuten\" \/>\n<script type=\"application\/ld+json\" class=\"yoast-schema-graph\">{\"@context\":\"https:\/\/schema.org\",\"@graph\":[{\"@type\":\"WebPage\",\"@id\":\"https:\/\/www.kontinenzzentrum.ch\/de\/untersuchung-und-therapie\/operationen-bei-harninkontinenz\/victo-und-victo-plus-schliessmuskelprothese.html\",\"url\":\"https:\/\/www.kontinenzzentrum.ch\/de\/untersuchung-und-therapie\/operationen-bei-harninkontinenz\/victo-und-victo-plus-schliessmuskelprothese.html\",\"name\":\"Victor & Victo plus Schliessmuskelprothese\",\"isPartOf\":{\"@id\":\"https:\/\/www.kontinenzzentrum.ch\/de\/#website\"},\"primaryImageOfPage\":{\"@id\":\"https:\/\/www.kontinenzzentrum.ch\/de\/untersuchung-und-therapie\/operationen-bei-harninkontinenz\/victo-und-victo-plus-schliessmuskelprothese.html#primaryimage\"},\"image\":{\"@id\":\"https:\/\/www.kontinenzzentrum.ch\/de\/untersuchung-und-therapie\/operationen-bei-harninkontinenz\/victo-und-victo-plus-schliessmuskelprothese.html#primaryimage\"},\"thumbnailUrl\":\"https:\/\/www.kontinenzzentrum.ch\/wp-content\/uploads\/slider-1-9579.jpg\",\"datePublished\":\"2023-03-02T12:28:05+00:00\",\"dateModified\":\"2025-11-05T15:07:25+00:00\",\"breadcrumb\":{\"@id\":\"https:\/\/www.kontinenzzentrum.ch\/de\/untersuchung-und-therapie\/operationen-bei-harninkontinenz\/victo-und-victo-plus-schliessmuskelprothese.html#breadcrumb\"},\"inLanguage\":\"de\",\"potentialAction\":[{\"@type\":\"ReadAction\",\"target\":[\"https:\/\/www.kontinenzzentrum.ch\/de\/untersuchung-und-therapie\/operationen-bei-harninkontinenz\/victo-und-victo-plus-schliessmuskelprothese.html\"]}]},{\"@type\":\"ImageObject\",\"inLanguage\":\"de\",\"@id\":\"https:\/\/www.kontinenzzentrum.ch\/de\/untersuchung-und-therapie\/operationen-bei-harninkontinenz\/victo-und-victo-plus-schliessmuskelprothese.html#primaryimage\",\"url\":\"https:\/\/www.kontinenzzentrum.ch\/wp-content\/uploads\/slider-1-9579.jpg\",\"contentUrl\":\"https:\/\/www.kontinenzzentrum.ch\/wp-content\/uploads\/slider-1-9579.jpg\",\"width\":1920,\"height\":573,\"caption\":\"Arzt mit OP-Maske und OP-Haube haut in die Ferne\"},{\"@type\":\"BreadcrumbList\",\"@id\":\"https:\/\/www.kontinenzzentrum.ch\/de\/untersuchung-und-therapie\/operationen-bei-harninkontinenz\/victo-und-victo-plus-schliessmuskelprothese.html#breadcrumb\",\"itemListElement\":[{\"@type\":\"ListItem\",\"position\":1,\"name\":\"Startseite\",\"item\":\"https:\/\/www.kontinenzzentrum.ch\/de\"},{\"@type\":\"ListItem\",\"position\":2,\"name\":\"Untersuchung &#038; Therapie\",\"item\":\"https:\/\/www.kontinenzzentrum.ch\/de\/untersuchung-und-therapie.html\"},{\"@type\":\"ListItem\",\"position\":3,\"name\":\"Operationen bei Harninkontinenz\",\"item\":\"https:\/\/www.kontinenzzentrum.ch\/de\/untersuchung-und-therapie\/operationen-bei-harninkontinenz.html\"},{\"@type\":\"ListItem\",\"position\":4,\"name\":\"Victo &#038; Victo plus Schliessmuskelprothese\"}]},{\"@type\":\"WebSite\",\"@id\":\"https:\/\/www.kontinenzzentrum.ch\/de\/#website\",\"url\":\"https:\/\/www.kontinenzzentrum.ch\/de\/\",\"name\":\"KontinenzZentrum Hirslanden Z\u00fcrich\",\"description\":\"KontinenzZentrum Hirslanden Z\u00fcrich: Blasenst\u00f6rungen & Inkontinenz\",\"publisher\":{\"@id\":\"https:\/\/www.kontinenzzentrum.ch\/de\/#organization\"},\"potentialAction\":[{\"@type\":\"SearchAction\",\"target\":{\"@type\":\"EntryPoint\",\"urlTemplate\":\"https:\/\/www.kontinenzzentrum.ch\/de\/?s={search_term_string}\"},\"query-input\":{\"@type\":\"PropertyValueSpecification\",\"valueRequired\":true,\"valueName\":\"search_term_string\"}}],\"inLanguage\":\"de\"},{\"@type\":\"Organization\",\"@id\":\"https:\/\/www.kontinenzzentrum.ch\/de\/#organization\",\"name\":\"KontinenzZentrum Hirslanden Z\u00fcrich\",\"url\":\"https:\/\/www.kontinenzzentrum.ch\/de\/\",\"logo\":{\"@type\":\"ImageObject\",\"inLanguage\":\"de\",\"@id\":\"https:\/\/www.kontinenzzentrum.ch\/de\/#\/schema\/logo\/image\/\",\"url\":\"https:\/\/www.kontinenzzentrum.ch\/wp-content\/uploads\/Logo_KontinenzZentrum.png\",\"contentUrl\":\"https:\/\/www.kontinenzzentrum.ch\/wp-content\/uploads\/Logo_KontinenzZentrum.png\",\"width\":800,\"height\":142,\"caption\":\"KontinenzZentrum Hirslanden Z\u00fcrich\"},\"image\":{\"@id\":\"https:\/\/www.kontinenzzentrum.ch\/de\/#\/schema\/logo\/image\/\"}}]}<\/script>\n<!-- \/ Yoast SEO plugin. -->","yoast_head_json":{"title":"Victor & Victo plus Schliessmuskelprothese","robots":{"index":"index","follow":"follow","max-snippet":"max-snippet:-1","max-image-preview":"max-image-preview:large","max-video-preview":"max-video-preview:-1"},"canonical":"https:\/\/www.kontinenzzentrum.ch\/de\/untersuchung-und-therapie\/operationen-bei-harninkontinenz\/victo-und-victo-plus-schliessmuskelprothese.html","og_locale":"de_DE","og_type":"article","og_title":"Victor & Victo plus Schliessmuskelprothese","og_description":"Schliessmuskelprothese Victo und Victo plus Adjustierbare Harnr\u00f6hrenschliessmuskelprothese bei Inkontinenz nach Prostataoperation Die neu entwickelte Schliessmuskelprothese VICTO besteht aus einer Manschette, die um die Harnr\u00f6hre gelegt wird, einer Pumpe, die im Hodensack platziert wird und ein (VICTO) oder zwei (VICTO plus) Ballons, die in den Bauchraum implantiert werden. Als bereits vom Hersteller komplett vorgefertigtes System k\u00f6nnen [&hellip;]","og_url":"https:\/\/www.kontinenzzentrum.ch\/de\/untersuchung-und-therapie\/operationen-bei-harninkontinenz\/victo-und-victo-plus-schliessmuskelprothese.html","og_site_name":"KontinenzZentrum","article_modified_time":"2025-11-05T15:07:25+00:00","og_image":[{"width":1920,"height":573,"url":"https:\/\/www.kontinenzzentrum.ch\/wp-content\/uploads\/slider-1-9579.jpg","type":"image\/jpeg"}],"twitter_card":"summary_large_image","twitter_misc":{"Gesch\u00e4tzte Lesezeit":"5\u00a0Minuten"},"schema":{"@context":"https:\/\/schema.org","@graph":[{"@type":"WebPage","@id":"https:\/\/www.kontinenzzentrum.ch\/de\/untersuchung-und-therapie\/operationen-bei-harninkontinenz\/victo-und-victo-plus-schliessmuskelprothese.html","url":"https:\/\/www.kontinenzzentrum.ch\/de\/untersuchung-und-therapie\/operationen-bei-harninkontinenz\/victo-und-victo-plus-schliessmuskelprothese.html","name":"Victor & Victo plus Schliessmuskelprothese","isPartOf":{"@id":"https:\/\/www.kontinenzzentrum.ch\/de\/#website"},"primaryImageOfPage":{"@id":"https:\/\/www.kontinenzzentrum.ch\/de\/untersuchung-und-therapie\/operationen-bei-harninkontinenz\/victo-und-victo-plus-schliessmuskelprothese.html#primaryimage"},"image":{"@id":"https:\/\/www.kontinenzzentrum.ch\/de\/untersuchung-und-therapie\/operationen-bei-harninkontinenz\/victo-und-victo-plus-schliessmuskelprothese.html#primaryimage"},"thumbnailUrl":"https:\/\/www.kontinenzzentrum.ch\/wp-content\/uploads\/slider-1-9579.jpg","datePublished":"2023-03-02T12:28:05+00:00","dateModified":"2025-11-05T15:07:25+00:00","breadcrumb":{"@id":"https:\/\/www.kontinenzzentrum.ch\/de\/untersuchung-und-therapie\/operationen-bei-harninkontinenz\/victo-und-victo-plus-schliessmuskelprothese.html#breadcrumb"},"inLanguage":"de","potentialAction":[{"@type":"ReadAction","target":["https:\/\/www.kontinenzzentrum.ch\/de\/untersuchung-und-therapie\/operationen-bei-harninkontinenz\/victo-und-victo-plus-schliessmuskelprothese.html"]}]},{"@type":"ImageObject","inLanguage":"de","@id":"https:\/\/www.kontinenzzentrum.ch\/de\/untersuchung-und-therapie\/operationen-bei-harninkontinenz\/victo-und-victo-plus-schliessmuskelprothese.html#primaryimage","url":"https:\/\/www.kontinenzzentrum.ch\/wp-content\/uploads\/slider-1-9579.jpg","contentUrl":"https:\/\/www.kontinenzzentrum.ch\/wp-content\/uploads\/slider-1-9579.jpg","width":1920,"height":573,"caption":"Arzt mit OP-Maske und OP-Haube haut in die Ferne"},{"@type":"BreadcrumbList","@id":"https:\/\/www.kontinenzzentrum.ch\/de\/untersuchung-und-therapie\/operationen-bei-harninkontinenz\/victo-und-victo-plus-schliessmuskelprothese.html#breadcrumb","itemListElement":[{"@type":"ListItem","position":1,"name":"Startseite","item":"https:\/\/www.kontinenzzentrum.ch\/de"},{"@type":"ListItem","position":2,"name":"Untersuchung &#038; Therapie","item":"https:\/\/www.kontinenzzentrum.ch\/de\/untersuchung-und-therapie.html"},{"@type":"ListItem","position":3,"name":"Operationen bei Harninkontinenz","item":"https:\/\/www.kontinenzzentrum.ch\/de\/untersuchung-und-therapie\/operationen-bei-harninkontinenz.html"},{"@type":"ListItem","position":4,"name":"Victo &#038; Victo plus Schliessmuskelprothese"}]},{"@type":"WebSite","@id":"https:\/\/www.kontinenzzentrum.ch\/de\/#website","url":"https:\/\/www.kontinenzzentrum.ch\/de\/","name":"KontinenzZentrum Hirslanden Z\u00fcrich","description":"KontinenzZentrum Hirslanden Z\u00fcrich: Blasenst\u00f6rungen & Inkontinenz","publisher":{"@id":"https:\/\/www.kontinenzzentrum.ch\/de\/#organization"},"potentialAction":[{"@type":"SearchAction","target":{"@type":"EntryPoint","urlTemplate":"https:\/\/www.kontinenzzentrum.ch\/de\/?s={search_term_string}"},"query-input":{"@type":"PropertyValueSpecification","valueRequired":true,"valueName":"search_term_string"}}],"inLanguage":"de"},{"@type":"Organization","@id":"https:\/\/www.kontinenzzentrum.ch\/de\/#organization","name":"KontinenzZentrum Hirslanden Z\u00fcrich","url":"https:\/\/www.kontinenzzentrum.ch\/de\/","logo":{"@type":"ImageObject","inLanguage":"de","@id":"https:\/\/www.kontinenzzentrum.ch\/de\/#\/schema\/logo\/image\/","url":"https:\/\/www.kontinenzzentrum.ch\/wp-content\/uploads\/Logo_KontinenzZentrum.png","contentUrl":"https:\/\/www.kontinenzzentrum.ch\/wp-content\/uploads\/Logo_KontinenzZentrum.png","width":800,"height":142,"caption":"KontinenzZentrum Hirslanden Z\u00fcrich"},"image":{"@id":"https:\/\/www.kontinenzzentrum.ch\/de\/#\/schema\/logo\/image\/"}}]}},"_links":{"self":[{"href":"https:\/\/www.kontinenzzentrum.ch\/de\/wp-json\/wp\/v2\/pages\/1484","targetHints":{"allow":["GET"]}}],"collection":[{"href":"https:\/\/www.kontinenzzentrum.ch\/de\/wp-json\/wp\/v2\/pages"}],"about":[{"href":"https:\/\/www.kontinenzzentrum.ch\/de\/wp-json\/wp\/v2\/types\/page"}],"author":[{"embeddable":true,"href":"https:\/\/www.kontinenzzentrum.ch\/de\/wp-json\/wp\/v2\/users\/1"}],"replies":[{"embeddable":true,"href":"https:\/\/www.kontinenzzentrum.ch\/de\/wp-json\/wp\/v2\/comments?post=1484"}],"version-history":[{"count":6,"href":"https:\/\/www.kontinenzzentrum.ch\/de\/wp-json\/wp\/v2\/pages\/1484\/revisions"}],"predecessor-version":[{"id":4685,"href":"https:\/\/www.kontinenzzentrum.ch\/de\/wp-json\/wp\/v2\/pages\/1484\/revisions\/4685"}],"up":[{"embeddable":true,"href":"https:\/\/www.kontinenzzentrum.ch\/de\/wp-json\/wp\/v2\/pages\/1384"}],"wp:featuredmedia":[{"embeddable":true,"href":"https:\/\/www.kontinenzzentrum.ch\/de\/wp-json\/wp\/v2\/media\/145"}],"wp:attachment":[{"href":"https:\/\/www.kontinenzzentrum.ch\/de\/wp-json\/wp\/v2\/media?parent=1484"}],"curies":[{"name":"wp","href":"https:\/\/api.w.org\/{rel}","templated":true}]}}