{"id":1517,"date":"2023-03-03T13:27:04","date_gmt":"2023-03-03T12:27:04","guid":{"rendered":"https:\/\/www.kontinenzzentrum.ch\/?page_id=1517"},"modified":"2025-09-29T11:37:06","modified_gmt":"2025-09-29T09:37:06","slug":"kompetenzen","status":"publish","type":"page","link":"https:\/\/www.kontinenzzentrum.ch\/de\/kompetenzen.html","title":{"rendered":"Kompetenzen"},"content":{"rendered":"<div id=\"pl-1517\"  class=\"panel-layout\" ><div id=\"pg-1517-0\"  class=\"panel-grid panel-no-style\" ><div id=\"pgc-1517-0-0\"  class=\"panel-grid-cell\" ><div id=\"panel-1517-0-0-0\" class=\"so-panel widget widget_sow-editor panel-first-child panel-last-child\" data-index=\"0\" ><div\n\t\t\t\n\t\t\tclass=\"so-widget-sow-editor so-widget-sow-editor-base\"\n\t\t\t\n\t\t>\n<div class=\"siteorigin-widget-tinymce textwidget\">\n\t<h1>Kompetenzen<\/h1>\n<h2 id=\"inkontinenz\"><a href=\"https:\/\/www.kontinenzzentrum.ch\/de\/kompetenzen\/inkontinenz.html\">Inkontinenz<\/a><\/h2>\n<ul>\n<li>Blasenschw\u00e4che<\/li>\n<li>Belastungsinkontinenz<\/li>\n<li>Dranginkontinenz<\/li>\n<li>Mischinkontinenz<\/li>\n<li>\u00dcberlaufinkontinenz<\/li>\n<\/ul>\n<h2 id=\"neurourologie\"><a href=\"https:\/\/www.kontinenzzentrum.ch\/de\/kompetenzen\/neurourologie.html\">Neurourologie<\/a><\/h2>\n<ul>\n<li>St\u00f6rungen der Harnblasen- und Schliessmuskelfunktion mit und ohne Erkrankung des Nervensystems<\/li>\n<li>Harninkontinenz insbesondere bei Erkrankung oder Verletzung des Nervensystems<\/li>\n<li>St\u00f6rung der Sexualfunktion bei neurologischer Erkrankung<\/li>\n<\/ul>\n<h2 id=\"urogynaekologie\"><a href=\"https:\/\/www.kontinenzzentrum.ch\/de\/kompetenzen\/urogynaekologie.html\">Urologie der Frau \u2013 Urogyn\u00e4kologie<\/a><\/h2>\n<ul>\n<li>Harnwegsinfekte<\/li>\n<li>Funktionsst\u00f6rungen der Blase und des Beckenbodens<\/li>\n<li>Senkungszust\u00e4nde der Urogenitalorgane<\/li>\n<li>Schmerzzust\u00e4nde der Beckenorgane<\/li>\n<\/ul>\n<h2 id=\"kinderurologie\"><a href=\"https:\/\/www.kontinenzzentrum.ch\/de\/kompetenzen\/kinderurologie.html\">Kinderurologie<\/a><\/h2>\n<ul>\n<li>N\u00e4chtliches Einn\u00e4ssen (Enuresis nocturna)<\/li>\n<li>Harnwegsinfekte im Kindesalter<\/li>\n<li>Kindliche Harninkontinenz<\/li>\n<li>Blasenentleerungst\u00f6rung im Kindesalter<\/li>\n<\/ul>\n<h2 id=\"beckenschmerz\"><a href=\"https:\/\/www.kontinenzzentrum.ch\/de\/kompetenzen\/beckenschmerz.html\">Beckenschmerz<\/a><\/h2>\n<ul>\n<li>Chronische Prostatitis<\/li>\n<li>Interstitielle Zysthitis \/Blasenschmerz<\/li>\n<li>Harnr\u00f6hrenschmerz<\/li>\n<li>Hodenschmerz<\/li>\n<li>Endometriose<\/li>\n<li>Vulvadynie \/ Scheidenschmerzen<\/li>\n<li>Dyspareunie \/ Schmerzen beim Geschlechtsverkehr<\/li>\n<\/ul>\n<h2 id=\"beckenboden\"><a title=\"Beckenbodentherapie\" href=\"https:\/\/www.kontinenzzentrum.ch\/de\/kompetenzen\/beckenbodentherapie.html\">Beckenbodentherapie<\/a><\/h2>\n<ul>\n<li>Beckenbodentraining f\u00fcr M\u00e4nner, Frauen und Kinder<\/li>\n<li>Biofeedbacktherapie<\/li>\n<li>Funktonelle Beckenbodenstimulation<\/li>\n<\/ul>\n<h2 id=\"psychosomatik\"><a href=\"https:\/\/www.kontinenzzentrum.ch\/de\/kompetenzen\/psychosomatische-urologie.html\">Psychosomatische Urologie<\/a><\/h2>\n<ul>\n<li>Chronischer Beckenschmerz des Mannes<\/li>\n<li>Chronischer Beckenschmerz der Frau<\/li>\n<li>Schmerzhafte Verkrampfung der Harnr\u00f6hre (Urethralsyndrom)<\/li>\n<li>Psychosomatische St\u00f6rungen der Blasenentleerung<\/li>\n<li>Besondere Formen des n\u00e4chtlichen Einn\u00e4ssens beim Kind<\/li>\n<li>Psychogene Harninkontinenz<\/li>\n<li>Psychogene Harnverhaltung<\/li>\n<li>Reizblasensymptomatik<\/li>\n<li>Besondere Formen der wiederkehrenden Blaseninfekte<\/li>\n<li>Interstitielle Zystitis<\/li>\n<\/ul>\n<h2 id=\"maennergesundheit\"><a href=\"https:\/\/www.kontinenzzentrum.ch\/de\/kompetenzen\/maennergesundheit-vorsorge.html\">M\u00e4nnergesundheit<\/a><\/h2>\n<ul>\n<li>Funktionsst\u00f6rung der Blase<\/li>\n<li>Vorsorgeuntersuchung der Prostata<\/li>\n<li>Erektionsst\u00f6rungen Schmerzzust\u00e4nde des Beckens und der Prostata<\/li>\n<li>Jungensprechstunde<\/li>\n<li>M\u00e4nnerspezifische Gesundheitsf\u00f6rderung<\/li>\n<\/ul>\n<\/div>\n<\/div><\/div><\/div><\/div><div id=\"pg-1517-1\"  class=\"panel-grid panel-no-style\" ><div id=\"pgc-1517-1-0\"  class=\"panel-grid-cell\" ><div id=\"panel-1517-1-0-0\" class=\"so-panel widget widget_fn-info-box-widget panel-first-child panel-last-child\" data-index=\"1\" ><div\n\t\t\t\n\t\t\tclass=\"so-widget-fn-info-box-widget so-widget-fn-info-box-widget-base\"\n\t\t\t\n\t\t><div class=\"uk-child-width-1-1 uk-grid-match\" uk-grid><div>\n        <div class=\"fn-info-box-title\">\n          <div class=\"uk-grid-small\" uk-grid>            <div class=\"uk-width-auto\"><img decoding=\"async\" src=\"https:\/\/www.kontinenzzentrum.ch\/wp-content\/uploads\/ICON_kontakt.svg\" class=\"attachment-small size-small\" alt=\"\" \/>            <\/div>            <div class=\"uk-width-expand\">\n              <h4 class=\"uk-h3\">Erfahren Sie mehr \u00fcber unsere Behandlungsmethoden<\/h4>\n            <\/div>\n          <\/div>\n        <\/div>\n        <div class=\"fn-info-box-content\">\n              <p data-start=\"136\" data-end=\"350\">Ob Inkontinenz, Beschwerden der Prostata, gyn\u00e4kologischen oder neurogenen Leiden: Wenn Sie von einer dieser Erkrankungen betroffen sind, steht Ihnen unser erfahrenes Team zur Seite. Gemeinsam entwickeln wir die f\u00fcr Sie passende Behandlung.<\/p>\n<p data-start=\"352\" data-end=\"409\">Kontaktieren Sie uns, wir beraten Sie gerne pers\u00f6nlich.<\/p>\n<p data-start=\"411\" data-end=\"469\"><div class=\"uk-flex uk-child-width-auto uk-grid-small\" uk-grid><div><a class=\"uk-button uk-button-primary\" href=\"tel:+41443872910\"><i class=\"fas fa-phone-alt uk-margin-small-right\"><\/i>+41 44 387 29 10<\/a><\/div><div><a class=\"uk-button uk-button-primary\" href=\"https:\/\/www.kontinenzzentrum.ch\/de\/ueber-uns\/termin.html\"><i class=\"fas fa-comments uk-margin-small-right\"><\/i>Online Terminvereinbarung<\/a><\/div><\/div><\/p>\n        <\/div>\n      <\/div><\/div><\/div><\/div><\/div><\/div><div id=\"pg-1517-2\"  class=\"panel-grid panel-has-style\" ><div class=\"fn-lines panel-row-style panel-row-style-for-1517-2\" ><div id=\"pgc-1517-2-0\"  class=\"panel-grid-cell\" ><div id=\"panel-1517-2-0-0\" class=\"so-panel widget widget_sow-editor panel-first-child panel-last-child\" data-index=\"2\" ><div\n\t\t\t\n\t\t\tclass=\"so-widget-sow-editor so-widget-sow-editor-base\"\n\t\t\t\n\t\t>\n<div class=\"siteorigin-widget-tinymce textwidget\">\n\t<h4>Lesen Sie mehr \u00fcber unsere Kompetenzen<\/h4>\n<ul class=\"rex-navi1 rex-navi-depth-1 rex-navi-has-8-elements\">\n<li class=\"rex-article-23 rex-normal\"><a class=\"\" href=\"https:\/\/www.kontinenzzentrum.ch\/de\/kompetenzen\/inkontinenz.html\">Inkontinenz<\/a><\/li>\n<li class=\"rex-article-21 rex-normal\"><a class=\"\" href=\"https:\/\/www.kontinenzzentrum.ch\/de\/kompetenzen\/neurourologie.html\">Neurourologie<\/a><\/li>\n<li class=\"rex-article-22 rex-normal\"><a class=\"\" href=\"https:\/\/www.kontinenzzentrum.ch\/de\/kompetenzen\/urogynaekologie.html\">Urologie der Frau-Urogyn\u00e4kologie<\/a><\/li>\n<li class=\"rex-article-24 rex-normal\"><a class=\"\" href=\"https:\/\/www.kontinenzzentrum.ch\/de\/kompetenzen\/kinderurologie.html\">Kinderurologie<\/a><\/li>\n<li class=\"rex-article-38 rex-normal\"><a class=\"\" href=\"https:\/\/www.kontinenzzentrum.ch\/de\/kompetenzen\/beckenschmerz.html\">Beckenschmerz<\/a><\/li>\n<li class=\"rex-article-105 rex-normal\"><a class=\"\" href=\"https:\/\/www.kontinenzzentrum.ch\/de\/kompetenzen\/beckenbodentherapie.html\">Beckenboden<\/a><\/li>\n<li class=\"rex-article-170 rex-normal\"><a class=\"\" href=\"https:\/\/www.kontinenzzentrum.ch\/de\/kompetenzen\/maennergesundheit-vorsorge.html\">M\u00e4nnergesundheit<\/a><\/li>\n<li class=\"rex-article-148 rex-normal\"><a class=\"\" href=\"https:\/\/www.kontinenzzentrum.ch\/de\/kompetenzen\/psychosomatische-urologie.html\">Psychosomatische Urologie<\/a><\/li>\n<\/ul>\n<\/div>\n<\/div><\/div><\/div><\/div><\/div><\/div>","protected":false},"excerpt":{"rendered":"<p>Kompetenzen Inkontinenz Blasenschw\u00e4che Belastungsinkontinenz Dranginkontinenz Mischinkontinenz \u00dcberlaufinkontinenz Neurourologie St\u00f6rungen der Harnblasen- und Schliessmuskelfunktion mit und ohne Erkrankung des Nervensystems Harninkontinenz insbesondere bei Erkrankung oder Verletzung des Nervensystems St\u00f6rung der Sexualfunktion bei neurologischer Erkrankung Urologie der Frau \u2013 Urogyn\u00e4kologie Harnwegsinfekte Funktionsst\u00f6rungen der Blase und des Beckenbodens Senkungszust\u00e4nde der Urogenitalorgane Schmerzzust\u00e4nde der Beckenorgane Kinderurologie N\u00e4chtliches Einn\u00e4ssen (Enuresis [&hellip;]<\/p>\n","protected":false},"author":1,"featured_media":453,"parent":0,"menu_order":0,"comment_status":"closed","ping_status":"closed","template":"","meta":{"_acf_changed":false,"footnotes":""},"class_list":["post-1517","page","type-page","status-publish","has-post-thumbnail","hentry"],"acf":[],"yoast_head":"<!-- This site is optimized with the Yoast SEO plugin v26.9 - https:\/\/yoast.com\/product\/yoast-seo-wordpress\/ -->\n<title>Kompetenzen unseres Fach\u00e4rzte-Teams - KontinenzZentrum Hirslanden<\/title>\n<meta name=\"description\" content=\"Unsere Kompetenzen: Untersuchung &amp; Therapie von Inkontinenz, Blasenst\u00f6rungen, Beckenbodenschw\u00e4che &amp; Organsenkungen. Jetzt informieren! Tel. +41 44 387 29 10\" \/>\n<meta name=\"robots\" content=\"index, follow, max-snippet:-1, max-image-preview:large, max-video-preview:-1\" \/>\n<link rel=\"canonical\" href=\"https:\/\/www.kontinenzzentrum.ch\/de\/kompetenzen.html\" \/>\n<meta property=\"og:locale\" content=\"de_DE\" \/>\n<meta property=\"og:type\" content=\"article\" \/>\n<meta property=\"og:title\" content=\"Kompetenzen unseres Fach\u00e4rzte-Teams - KontinenzZentrum Hirslanden\" \/>\n<meta property=\"og:description\" content=\"Unsere Kompetenzen: Untersuchung &amp; Therapie von Inkontinenz, Blasenst\u00f6rungen, Beckenbodenschw\u00e4che &amp; Organsenkungen. Jetzt informieren! Tel. +41 44 387 29 10\" \/>\n<meta property=\"og:url\" content=\"https:\/\/www.kontinenzzentrum.ch\/de\/kompetenzen.html\" \/>\n<meta property=\"og:site_name\" content=\"KontinenzZentrum\" \/>\n<meta property=\"article:modified_time\" content=\"2025-09-29T09:37:06+00:00\" \/>\n<meta property=\"og:image\" content=\"https:\/\/www.kontinenzzentrum.ch\/wp-content\/uploads\/kompetenz-inkontinenz-212980.jpeg\" \/>\n\t<meta property=\"og:image:width\" content=\"1920\" \/>\n\t<meta property=\"og:image:height\" content=\"450\" \/>\n\t<meta property=\"og:image:type\" content=\"image\/jpeg\" \/>\n<meta name=\"twitter:card\" content=\"summary_large_image\" \/>\n<meta name=\"twitter:label1\" content=\"Gesch\u00e4tzte Lesezeit\" \/>\n\t<meta name=\"twitter:data1\" content=\"2\u00a0Minuten\" \/>\n<script type=\"application\/ld+json\" class=\"yoast-schema-graph\">{\"@context\":\"https:\/\/schema.org\",\"@graph\":[{\"@type\":\"WebPage\",\"@id\":\"https:\/\/www.kontinenzzentrum.ch\/de\/kompetenzen.html\",\"url\":\"https:\/\/www.kontinenzzentrum.ch\/de\/kompetenzen.html\",\"name\":\"Kompetenzen unseres Fach\u00e4rzte-Teams - KontinenzZentrum Hirslanden\",\"isPartOf\":{\"@id\":\"https:\/\/www.kontinenzzentrum.ch\/de\/#website\"},\"primaryImageOfPage\":{\"@id\":\"https:\/\/www.kontinenzzentrum.ch\/de\/kompetenzen.html#primaryimage\"},\"image\":{\"@id\":\"https:\/\/www.kontinenzzentrum.ch\/de\/kompetenzen.html#primaryimage\"},\"thumbnailUrl\":\"https:\/\/www.kontinenzzentrum.ch\/wp-content\/uploads\/kompetenz-inkontinenz-212980.jpeg\",\"datePublished\":\"2023-03-03T12:27:04+00:00\",\"dateModified\":\"2025-09-29T09:37:06+00:00\",\"description\":\"Unsere Kompetenzen: Untersuchung & Therapie von Inkontinenz, Blasenst\u00f6rungen, Beckenbodenschw\u00e4che & Organsenkungen. Jetzt informieren! Tel. +41 44 387 29 10\",\"breadcrumb\":{\"@id\":\"https:\/\/www.kontinenzzentrum.ch\/de\/kompetenzen.html#breadcrumb\"},\"inLanguage\":\"de\",\"potentialAction\":[{\"@type\":\"ReadAction\",\"target\":[\"https:\/\/www.kontinenzzentrum.ch\/de\/kompetenzen.html\"]}]},{\"@type\":\"ImageObject\",\"inLanguage\":\"de\",\"@id\":\"https:\/\/www.kontinenzzentrum.ch\/de\/kompetenzen.html#primaryimage\",\"url\":\"https:\/\/www.kontinenzzentrum.ch\/wp-content\/uploads\/kompetenz-inkontinenz-212980.jpeg\",\"contentUrl\":\"https:\/\/www.kontinenzzentrum.ch\/wp-content\/uploads\/kompetenz-inkontinenz-212980.jpeg\",\"width\":1920,\"height\":450},{\"@type\":\"BreadcrumbList\",\"@id\":\"https:\/\/www.kontinenzzentrum.ch\/de\/kompetenzen.html#breadcrumb\",\"itemListElement\":[{\"@type\":\"ListItem\",\"position\":1,\"name\":\"Startseite\",\"item\":\"https:\/\/www.kontinenzzentrum.ch\/de\"},{\"@type\":\"ListItem\",\"position\":2,\"name\":\"Kompetenzen\"}]},{\"@type\":\"WebSite\",\"@id\":\"https:\/\/www.kontinenzzentrum.ch\/de\/#website\",\"url\":\"https:\/\/www.kontinenzzentrum.ch\/de\/\",\"name\":\"KontinenzZentrum Hirslanden Z\u00fcrich\",\"description\":\"KontinenzZentrum Hirslanden Z\u00fcrich: Blasenst\u00f6rungen & Inkontinenz\",\"publisher\":{\"@id\":\"https:\/\/www.kontinenzzentrum.ch\/de\/#organization\"},\"potentialAction\":[{\"@type\":\"SearchAction\",\"target\":{\"@type\":\"EntryPoint\",\"urlTemplate\":\"https:\/\/www.kontinenzzentrum.ch\/de\/?s={search_term_string}\"},\"query-input\":{\"@type\":\"PropertyValueSpecification\",\"valueRequired\":true,\"valueName\":\"search_term_string\"}}],\"inLanguage\":\"de\"},{\"@type\":\"Organization\",\"@id\":\"https:\/\/www.kontinenzzentrum.ch\/de\/#organization\",\"name\":\"KontinenzZentrum Hirslanden Z\u00fcrich\",\"url\":\"https:\/\/www.kontinenzzentrum.ch\/de\/\",\"logo\":{\"@type\":\"ImageObject\",\"inLanguage\":\"de\",\"@id\":\"https:\/\/www.kontinenzzentrum.ch\/de\/#\/schema\/logo\/image\/\",\"url\":\"https:\/\/www.kontinenzzentrum.ch\/wp-content\/uploads\/Logo_KontinenzZentrum.png\",\"contentUrl\":\"https:\/\/www.kontinenzzentrum.ch\/wp-content\/uploads\/Logo_KontinenzZentrum.png\",\"width\":800,\"height\":142,\"caption\":\"KontinenzZentrum Hirslanden Z\u00fcrich\"},\"image\":{\"@id\":\"https:\/\/www.kontinenzzentrum.ch\/de\/#\/schema\/logo\/image\/\"}}]}<\/script>\n<!-- \/ Yoast SEO plugin. -->","yoast_head_json":{"title":"Kompetenzen unseres Fach\u00e4rzte-Teams - KontinenzZentrum Hirslanden","description":"Unsere Kompetenzen: Untersuchung & Therapie von Inkontinenz, Blasenst\u00f6rungen, Beckenbodenschw\u00e4che & Organsenkungen. Jetzt informieren! Tel. +41 44 387 29 10","robots":{"index":"index","follow":"follow","max-snippet":"max-snippet:-1","max-image-preview":"max-image-preview:large","max-video-preview":"max-video-preview:-1"},"canonical":"https:\/\/www.kontinenzzentrum.ch\/de\/kompetenzen.html","og_locale":"de_DE","og_type":"article","og_title":"Kompetenzen unseres Fach\u00e4rzte-Teams - KontinenzZentrum Hirslanden","og_description":"Unsere Kompetenzen: Untersuchung & Therapie von Inkontinenz, Blasenst\u00f6rungen, Beckenbodenschw\u00e4che & Organsenkungen. Jetzt informieren! Tel. +41 44 387 29 10","og_url":"https:\/\/www.kontinenzzentrum.ch\/de\/kompetenzen.html","og_site_name":"KontinenzZentrum","article_modified_time":"2025-09-29T09:37:06+00:00","og_image":[{"width":1920,"height":450,"url":"https:\/\/www.kontinenzzentrum.ch\/wp-content\/uploads\/kompetenz-inkontinenz-212980.jpeg","type":"image\/jpeg"}],"twitter_card":"summary_large_image","twitter_misc":{"Gesch\u00e4tzte Lesezeit":"2\u00a0Minuten"},"schema":{"@context":"https:\/\/schema.org","@graph":[{"@type":"WebPage","@id":"https:\/\/www.kontinenzzentrum.ch\/de\/kompetenzen.html","url":"https:\/\/www.kontinenzzentrum.ch\/de\/kompetenzen.html","name":"Kompetenzen unseres Fach\u00e4rzte-Teams - KontinenzZentrum Hirslanden","isPartOf":{"@id":"https:\/\/www.kontinenzzentrum.ch\/de\/#website"},"primaryImageOfPage":{"@id":"https:\/\/www.kontinenzzentrum.ch\/de\/kompetenzen.html#primaryimage"},"image":{"@id":"https:\/\/www.kontinenzzentrum.ch\/de\/kompetenzen.html#primaryimage"},"thumbnailUrl":"https:\/\/www.kontinenzzentrum.ch\/wp-content\/uploads\/kompetenz-inkontinenz-212980.jpeg","datePublished":"2023-03-03T12:27:04+00:00","dateModified":"2025-09-29T09:37:06+00:00","description":"Unsere Kompetenzen: Untersuchung & Therapie von Inkontinenz, Blasenst\u00f6rungen, Beckenbodenschw\u00e4che & Organsenkungen. Jetzt informieren! Tel. +41 44 387 29 10","breadcrumb":{"@id":"https:\/\/www.kontinenzzentrum.ch\/de\/kompetenzen.html#breadcrumb"},"inLanguage":"de","potentialAction":[{"@type":"ReadAction","target":["https:\/\/www.kontinenzzentrum.ch\/de\/kompetenzen.html"]}]},{"@type":"ImageObject","inLanguage":"de","@id":"https:\/\/www.kontinenzzentrum.ch\/de\/kompetenzen.html#primaryimage","url":"https:\/\/www.kontinenzzentrum.ch\/wp-content\/uploads\/kompetenz-inkontinenz-212980.jpeg","contentUrl":"https:\/\/www.kontinenzzentrum.ch\/wp-content\/uploads\/kompetenz-inkontinenz-212980.jpeg","width":1920,"height":450},{"@type":"BreadcrumbList","@id":"https:\/\/www.kontinenzzentrum.ch\/de\/kompetenzen.html#breadcrumb","itemListElement":[{"@type":"ListItem","position":1,"name":"Startseite","item":"https:\/\/www.kontinenzzentrum.ch\/de"},{"@type":"ListItem","position":2,"name":"Kompetenzen"}]},{"@type":"WebSite","@id":"https:\/\/www.kontinenzzentrum.ch\/de\/#website","url":"https:\/\/www.kontinenzzentrum.ch\/de\/","name":"KontinenzZentrum Hirslanden Z\u00fcrich","description":"KontinenzZentrum Hirslanden Z\u00fcrich: Blasenst\u00f6rungen & Inkontinenz","publisher":{"@id":"https:\/\/www.kontinenzzentrum.ch\/de\/#organization"},"potentialAction":[{"@type":"SearchAction","target":{"@type":"EntryPoint","urlTemplate":"https:\/\/www.kontinenzzentrum.ch\/de\/?s={search_term_string}"},"query-input":{"@type":"PropertyValueSpecification","valueRequired":true,"valueName":"search_term_string"}}],"inLanguage":"de"},{"@type":"Organization","@id":"https:\/\/www.kontinenzzentrum.ch\/de\/#organization","name":"KontinenzZentrum Hirslanden Z\u00fcrich","url":"https:\/\/www.kontinenzzentrum.ch\/de\/","logo":{"@type":"ImageObject","inLanguage":"de","@id":"https:\/\/www.kontinenzzentrum.ch\/de\/#\/schema\/logo\/image\/","url":"https:\/\/www.kontinenzzentrum.ch\/wp-content\/uploads\/Logo_KontinenzZentrum.png","contentUrl":"https:\/\/www.kontinenzzentrum.ch\/wp-content\/uploads\/Logo_KontinenzZentrum.png","width":800,"height":142,"caption":"KontinenzZentrum Hirslanden Z\u00fcrich"},"image":{"@id":"https:\/\/www.kontinenzzentrum.ch\/de\/#\/schema\/logo\/image\/"}}]}},"_links":{"self":[{"href":"https:\/\/www.kontinenzzentrum.ch\/de\/wp-json\/wp\/v2\/pages\/1517","targetHints":{"allow":["GET"]}}],"collection":[{"href":"https:\/\/www.kontinenzzentrum.ch\/de\/wp-json\/wp\/v2\/pages"}],"about":[{"href":"https:\/\/www.kontinenzzentrum.ch\/de\/wp-json\/wp\/v2\/types\/page"}],"author":[{"embeddable":true,"href":"https:\/\/www.kontinenzzentrum.ch\/de\/wp-json\/wp\/v2\/users\/1"}],"replies":[{"embeddable":true,"href":"https:\/\/www.kontinenzzentrum.ch\/de\/wp-json\/wp\/v2\/comments?post=1517"}],"version-history":[{"count":5,"href":"https:\/\/www.kontinenzzentrum.ch\/de\/wp-json\/wp\/v2\/pages\/1517\/revisions"}],"predecessor-version":[{"id":4584,"href":"https:\/\/www.kontinenzzentrum.ch\/de\/wp-json\/wp\/v2\/pages\/1517\/revisions\/4584"}],"wp:featuredmedia":[{"embeddable":true,"href":"https:\/\/www.kontinenzzentrum.ch\/de\/wp-json\/wp\/v2\/media\/453"}],"wp:attachment":[{"href":"https:\/\/www.kontinenzzentrum.ch\/de\/wp-json\/wp\/v2\/media?parent=1517"}],"curies":[{"name":"wp","href":"https:\/\/api.w.org\/{rel}","templated":true}]}}