{"id":1596,"date":"2023-03-03T14:48:19","date_gmt":"2023-03-03T13:48:19","guid":{"rendered":"https:\/\/www.kontinenzzentrum.ch\/?page_id=1596"},"modified":"2024-04-04T15:51:17","modified_gmt":"2024-04-04T13:51:17","slug":"kinderurologie","status":"publish","type":"page","link":"https:\/\/www.kontinenzzentrum.ch\/de\/kompetenzen\/kinderurologie.html","title":{"rendered":"Kinderurologie"},"content":{"rendered":"<div id=\"pl-1596\"  class=\"panel-layout\" ><div id=\"pg-1596-0\"  class=\"panel-grid panel-no-style\" ><div id=\"pgc-1596-0-0\"  class=\"panel-grid-cell\" ><div id=\"panel-1596-0-0-0\" class=\"so-panel widget widget_sow-editor panel-first-child\" data-index=\"0\" ><div\n\t\t\t\n\t\t\tclass=\"so-widget-sow-editor so-widget-sow-editor-base\"\n\t\t\t\n\t\t>\n<div class=\"siteorigin-widget-tinymce textwidget\">\n\t<h1>Kinderurologie<\/h1>\n<h2>Inkontinenz, Blasenentz\u00fcndungen &amp; Blasenst\u00f6rungen bei Kindern<\/h2>\n<p>Die\u00a0<strong>Kinderurologie<\/strong>\u00a0befasst sich mit den urologischen Erkrankungen, die speziell im Kindesalter auftreten. Hierzu geh\u00f6ren\u00a0<a title=\"Mehr \u00fcber Inkontinenz erfahren\" href=\"https:\/\/www.kontinenzzentrum.ch\/de\/kompetenzen\/inkontinenz.html\">Inkontinenz<\/a>, Erkrankungen der Nieren, Harnleiter, Harnblase, Harnr\u00f6hre, angeborene Fehlbildungen und funktionelle Probleme.<br \/>\n<img decoding=\"async\" class=\"alignright uk-margin-medium-top\" title=\"Vater Sohn Strand\" src=\"https:\/\/www.kontinenzzentrum.ch\/wp-content\/uploads\/vater_sohn_strand-1.jpeg\" alt=\"Vater Sohn Strand\" width=\"481\" height=\"321\" \/><br \/>\n<strong>Unser Zentrum ist spezialisiert auf folgende urologische Probleme bei Kindern:<\/strong><\/p>\n<ul>\n<li>Kindliche Inkontinenz<\/li>\n<li>N\u00e4chtliches Einn\u00e4ssen<\/li>\n<li>Neurogene Blasenst\u00f6rung im Kindesalter, zum Beispiel:\n<ul>\n<li>bei Spina bifida<\/li>\n<li>nach einem fr\u00fchkindlichen Hirnschaden<\/li>\n<li>Vesikoureteraler Reflux<\/li>\n<\/ul>\n<\/li>\n<li>Harnwegsinfekte (betreffend die Nieren, Harnleiter, Harnblase oder Harnr\u00f6hre)<\/li>\n<li>Fehlbildungen im Urogenitalbereich wie Hypospadie, Epispadie oder Mega-Ureter<\/li>\n<\/ul>\n<p>Im KontinenzZentrum Hirslanden in Z\u00fcrich in der Schweiz sind wir auf die <strong>Kinderurologie<\/strong> spezialisiert. Unsere Fachmediziner:innen unterst\u00fctzen und beraten Kinder und ihre Eltern kompetent, einf\u00fchlsam und verst\u00e4ndlich. Notwendige Diagnose- und Therapie-Verfahren f\u00fchren unsere \u00c4rztinnen und \u00c4rzte mit besonderem Augenmerk auf die Bed\u00fcrfnisse und Unsicherheiten von Kindern durch.<\/p>\n<\/div>\n<\/div><\/div><div id=\"panel-1596-0-0-1\" class=\"so-panel widget widget_fn-info-box-widget\" data-index=\"1\" ><div\n\t\t\t\n\t\t\tclass=\"so-widget-fn-info-box-widget so-widget-fn-info-box-widget-base\"\n\t\t\t\n\t\t><div class=\"uk-child-width-1-1 uk-grid-match\" uk-grid><div>\n        <div class=\"fn-info-box-title\">\n          <div class=\"uk-grid-small\" uk-grid>            <div class=\"uk-width-auto\"><img decoding=\"async\" src=\"https:\/\/www.kontinenzzentrum.ch\/wp-content\/uploads\/ICON_kontakt.svg\" class=\"attachment-small size-small\" alt=\"\" \/>            <\/div>            <div class=\"uk-width-expand\">\n              <h4 class=\"uk-h3\">Spezialisiert auf Kinderurologie in Z\u00fcrich<\/h4>\n            <\/div>\n          <\/div>\n        <\/div>\n        <div class=\"fn-info-box-content\">\n              <p>Sie erreichen unser\u00a0<strong>Kompetenzzentrum f\u00fcr Kinderurologie in Z\u00fcrich<\/strong> (KontinenzZentrum Hirslanden) telefonisch und per <a href=\"mailto:kontinenzzentrum.hirslanden@hirslanden.ch\">E-Mail<\/a>.<\/p>\n<p>Nutzen Sie gern auch unser praktisches Onlineformular zur Termin-Vereinbarung.<\/p>\n<p><div class=\"uk-flex uk-child-width-auto uk-grid-small\" uk-grid><div><a class=\"uk-button uk-button-primary\" href=\"tel:+41443872910\"><i class=\"fas fa-phone-alt uk-margin-small-right\"><\/i>+41 44 387 29 10<\/a><\/div><div><a class=\"uk-button uk-button-primary\" href=\"https:\/\/www.kontinenzzentrum.ch\/de\/ueber-uns\/termin.html\"><i class=\"fas fa-comments uk-margin-small-right\"><\/i>Online Terminvereinbarung<\/a><\/div><\/div><\/p>\n        <\/div>\n      <\/div><\/div><\/div><\/div><div id=\"panel-1596-0-0-2\" class=\"so-panel widget widget_sow-editor\" data-index=\"2\" ><div\n\t\t\t\n\t\t\tclass=\"so-widget-sow-editor so-widget-sow-editor-base\"\n\t\t\t\n\t\t>\n<div class=\"siteorigin-widget-tinymce textwidget\">\n\t<h2>Inkontinenz und Blasenst\u00f6rungen bei Kindern<\/h2>\n<p>Im fr\u00fchen Kindesalter besteht zun\u00e4chst eine unkontrollierte Blasenentleerung. Im Zuge der Ausreifung der Blasenkontrolle erlangt das Kind zun\u00e4chst am Tage und sp\u00e4ter auch nachts die F\u00e4higkeit, die Blase willk\u00fcrlich zu kontrollieren.<\/p>\n<p>Kindliche Blasenfunktionsst\u00f6rungen sind vielschichtig, wobei organische, neurologische und psychische Aspekte beachtet werden m\u00fcssen. Die medizinische Untersuchung erfolgt dabei kindgerecht, bei der anschliessenden Behandlung w\u00e4hlt der Urologe bzw. die Urologin je nach zu Grunde liegender Ursache eine Therapie-Methode, die so schonend wie m\u00f6glich f\u00fcr den jungen Organismus ist. Einer konservativen Therapie wird dabei immer der Vorzug vor einer operativen Behandlung gegeben.<\/p>\n<h3>Kindliche Neurogene Harntrakt- und Mastdarmfunktionsst\u00f6rungen<\/h3>\n<p>Kinder mit Spina bifida oder einem fr\u00fchkindlichem Hirnschaden leiden sehr h\u00e4ufig unter einer neurogenen Harntrakt- und Mastdarmfunktionsst\u00f6rung und m\u00fcssen von fr\u00fchester Kindheit an neurourologisch behandelt und langfristig betreut werden. Unsere Fachmediziner:innen im Bereich\u00a0<strong>Kinderurologie<\/strong>\u00a0und\u00a0<a title=\"Mehr \u00fcber Neuro-Urologie erfahren\" href=\"https:\/\/www.kontinenzzentrum.ch\/de\/kompetenzen\/neurourologie.html\">Neuro-Urologie<\/a>\u00a0begleiten Kinder und Eltern w\u00e4hrend des gesamten Behandlungsprozesses, beraten sie zu geeigneten Abkl\u00e4rungs- und Therapiemethoden und unterst\u00fctzen sie bei der Versorgung der jungen Patientinnen und Patienten.<\/p>\n<h3>N\u00e4chtliches Einn\u00e4ssen bei Kindern<\/h3>\n<p>H\u00e4ufigste nicht-neurogene Blasenfunktionsst\u00f6rung im Kindesalter ist die Enuresis nocturna (n\u00e4chtliches Einn\u00e4ssen) mit oder ohne begleitende Symptome am Tage. Diese Symptome k\u00f6nnen beispielsweise h\u00e4ufiger Harndrang, Einn\u00e4ssen oder erschwerte Entleerung der Blase sein.<\/p>\n<p>Als Ursachen der Enuresis nocturna gelten eine vermehrte Harnproduktion in der Nacht, eine \u00dcberaktivit\u00e4t des Blasenmuskels sowie eine verminderte Erweckbarkeit aus dem Schlaf. Zus\u00e4tzlich wird den Begleitfaktoren heute mehr Beachtung geschenkt. Dazu z\u00e4hlen:<\/p>\n<ul>\n<li>h\u00e4ufige Blaseninfekte<\/li>\n<li>Verstopfung mit und ohne Stuhlinkontinenz<\/li>\n<li>Aufmerksamkeitsdefizit-Syndrom (ADS \/ ADHS) oder hyperkinetische St\u00f6rungen<\/li>\n<li>Entwicklungs- und Schlafst\u00f6rungen<\/li>\n<\/ul>\n<p>Der wichtigste Schritt ist die Abgrenzung eines rein n\u00e4chtlichen Einn\u00e4ssens von einem Einn\u00e4ssen in der Nacht mit zus\u00e4tzlichen Tagsymptomen oder isoliertem Einn\u00e4ssen am Tag. Diese Differenzierung ist nicht immer einfach und erfordert eine standardisierte Basisdiagnostik sowie im Einzelfall unterschiedlich aufw\u00e4ndige weiterf\u00fchrende diagnostische Schritte.<\/p>\n<h3>H\u00e4ufige Blasenentz\u00fcndungen im Kindesalter<\/h3>\n<p>Im KontinenzZentrum werden auch Harnwegsinfekte im Kindesalter abgekl\u00e4rt und kindgerecht und nachhaltig behandelt.<\/p>\n<p>Sofern sie geh\u00e4uft auftreten, kommen entsprechende Pr\u00e4ventionsmassnahmen f\u00fcr Blasenentz\u00fcndungen zur Anwendung. Unsere Fachmediziner:innen beraten Sie und das betroffene Kind zu Ursachen, Massnahmen zur Pr\u00e4vention, den Einsatz von Hausmitteln bei Blasenentz\u00fcndungen sowie geeignete Therapie-Verfahren.<\/p>\n<\/div>\n<\/div><\/div><div id=\"panel-1596-0-0-3\" class=\"so-panel widget widget_fn-info-box-widget panel-last-child\" data-index=\"3\" ><div\n\t\t\t\n\t\t\tclass=\"so-widget-fn-info-box-widget so-widget-fn-info-box-widget-base\"\n\t\t\t\n\t\t><div class=\"uk-child-width-1-1 uk-grid-match\" uk-grid><div>\n        <div class=\"fn-info-box-title\">\n          <div class=\"uk-grid-small\" uk-grid>            <div class=\"uk-width-auto\"><img decoding=\"async\" src=\"https:\/\/www.kontinenzzentrum.ch\/wp-content\/uploads\/ICON_kontakt.svg\" class=\"attachment-small size-small\" alt=\"\" \/>            <\/div>            <div class=\"uk-width-expand\">\n              <h4 class=\"uk-h3\">Informieren Sie sich jetzt<\/h4>\n            <\/div>\n          <\/div>\n        <\/div>\n        <div class=\"fn-info-box-content\">\n              <p><strong>Kontaktieren Sie unsere \u00c4rztinnen und \u00c4rzte im Bereich Kinderurologie<\/strong>\u00a0f\u00fcr ein Beratungsgespr\u00e4ch, wir informieren Sie gerne \u00fcber individuelle und kindgerechte Abkl\u00e4rungs- und Behandlungsm\u00f6glichkeiten.<\/p>\n<p><div class=\"uk-flex uk-child-width-auto uk-grid-small\" uk-grid><div><a class=\"uk-button uk-button-primary\" href=\"tel:+41443872910\"><i class=\"fas fa-phone-alt uk-margin-small-right\"><\/i>+41 44 387 29 10<\/a><\/div><div><a class=\"uk-button uk-button-primary\" href=\"https:\/\/www.kontinenzzentrum.ch\/de\/ueber-uns\/termin.html\"><i class=\"fas fa-comments uk-margin-small-right\"><\/i>Online Terminvereinbarung<\/a><\/div><\/div><\/p>\n        <\/div>\n      <\/div><\/div><\/div><\/div><\/div><\/div><\/div>","protected":false},"excerpt":{"rendered":"<p>Kinderurologie Inkontinenz, Blasenentz\u00fcndungen &amp; Blasenst\u00f6rungen bei Kindern Die\u00a0Kinderurologie\u00a0befasst sich mit den urologischen Erkrankungen, die speziell im Kindesalter auftreten. Hierzu geh\u00f6ren\u00a0Inkontinenz, Erkrankungen der Nieren, Harnleiter, Harnblase, Harnr\u00f6hre, angeborene Fehlbildungen und funktionelle Probleme. Unser Zentrum ist spezialisiert auf folgende urologische Probleme bei Kindern: Kindliche Inkontinenz N\u00e4chtliches Einn\u00e4ssen Neurogene Blasenst\u00f6rung im Kindesalter, zum Beispiel: bei Spina bifida nach [&hellip;]<\/p>\n","protected":false},"author":1,"featured_media":1597,"parent":1517,"menu_order":0,"comment_status":"closed","ping_status":"closed","template":"","meta":{"_acf_changed":false,"footnotes":""},"class_list":["post-1596","page","type-page","status-publish","has-post-thumbnail","hentry"],"acf":[],"yoast_head":"<!-- This site is optimized with the Yoast SEO plugin v26.9 - https:\/\/yoast.com\/product\/yoast-seo-wordpress\/ -->\n<title>Kinderurologie: Kindgerechte Therapie bei Blasenbeschwerden<\/title>\n<meta name=\"description\" content=\"Unsere Fachmediziner:innen der Kinderurologie im KontinenzZentrum Hirsladen behandeln kindgerecht, z.B. bei n\u00e4chtlichem Einn\u00e4ssen oder Entz\u00fcndungen.\" \/>\n<meta name=\"robots\" content=\"index, follow, max-snippet:-1, max-image-preview:large, max-video-preview:-1\" \/>\n<link rel=\"canonical\" href=\"https:\/\/www.kontinenzzentrum.ch\/de\/kompetenzen\/kinderurologie.html\" \/>\n<meta property=\"og:locale\" content=\"de_DE\" \/>\n<meta property=\"og:type\" content=\"article\" \/>\n<meta property=\"og:title\" content=\"Kinderurologie: Kindgerechte Therapie bei Blasenbeschwerden\" \/>\n<meta property=\"og:description\" content=\"Unsere Fachmediziner:innen der Kinderurologie im KontinenzZentrum Hirsladen behandeln kindgerecht, z.B. bei n\u00e4chtlichem Einn\u00e4ssen oder Entz\u00fcndungen.\" \/>\n<meta property=\"og:url\" content=\"https:\/\/www.kontinenzzentrum.ch\/de\/kompetenzen\/kinderurologie.html\" \/>\n<meta property=\"og:site_name\" content=\"KontinenzZentrum\" \/>\n<meta property=\"article:modified_time\" content=\"2024-04-04T13:51:17+00:00\" \/>\n<meta property=\"og:image\" content=\"https:\/\/www.kontinenzzentrum.ch\/wp-content\/uploads\/kompetenz-kinderurologie-stock1982404335.jpeg\" \/>\n\t<meta property=\"og:image:width\" content=\"1920\" \/>\n\t<meta property=\"og:image:height\" content=\"450\" \/>\n\t<meta property=\"og:image:type\" content=\"image\/jpeg\" \/>\n<meta name=\"twitter:card\" content=\"summary_large_image\" \/>\n<meta name=\"twitter:label1\" content=\"Gesch\u00e4tzte Lesezeit\" \/>\n\t<meta name=\"twitter:data1\" content=\"4\u00a0Minuten\" \/>\n<script type=\"application\/ld+json\" class=\"yoast-schema-graph\">{\"@context\":\"https:\/\/schema.org\",\"@graph\":[{\"@type\":\"WebPage\",\"@id\":\"https:\/\/www.kontinenzzentrum.ch\/de\/kompetenzen\/kinderurologie.html\",\"url\":\"https:\/\/www.kontinenzzentrum.ch\/de\/kompetenzen\/kinderurologie.html\",\"name\":\"Kinderurologie: Kindgerechte Therapie bei Blasenbeschwerden\",\"isPartOf\":{\"@id\":\"https:\/\/www.kontinenzzentrum.ch\/de\/#website\"},\"primaryImageOfPage\":{\"@id\":\"https:\/\/www.kontinenzzentrum.ch\/de\/kompetenzen\/kinderurologie.html#primaryimage\"},\"image\":{\"@id\":\"https:\/\/www.kontinenzzentrum.ch\/de\/kompetenzen\/kinderurologie.html#primaryimage\"},\"thumbnailUrl\":\"https:\/\/www.kontinenzzentrum.ch\/wp-content\/uploads\/kompetenz-kinderurologie-stock1982404335.jpeg\",\"datePublished\":\"2023-03-03T13:48:19+00:00\",\"dateModified\":\"2024-04-04T13:51:17+00:00\",\"description\":\"Unsere Fachmediziner:innen der Kinderurologie im KontinenzZentrum Hirsladen behandeln kindgerecht, z.B. bei n\u00e4chtlichem Einn\u00e4ssen oder Entz\u00fcndungen.\",\"breadcrumb\":{\"@id\":\"https:\/\/www.kontinenzzentrum.ch\/de\/kompetenzen\/kinderurologie.html#breadcrumb\"},\"inLanguage\":\"de\",\"potentialAction\":[{\"@type\":\"ReadAction\",\"target\":[\"https:\/\/www.kontinenzzentrum.ch\/de\/kompetenzen\/kinderurologie.html\"]}]},{\"@type\":\"ImageObject\",\"inLanguage\":\"de\",\"@id\":\"https:\/\/www.kontinenzzentrum.ch\/de\/kompetenzen\/kinderurologie.html#primaryimage\",\"url\":\"https:\/\/www.kontinenzzentrum.ch\/wp-content\/uploads\/kompetenz-kinderurologie-stock1982404335.jpeg\",\"contentUrl\":\"https:\/\/www.kontinenzzentrum.ch\/wp-content\/uploads\/kompetenz-kinderurologie-stock1982404335.jpeg\",\"width\":1920,\"height\":450},{\"@type\":\"BreadcrumbList\",\"@id\":\"https:\/\/www.kontinenzzentrum.ch\/de\/kompetenzen\/kinderurologie.html#breadcrumb\",\"itemListElement\":[{\"@type\":\"ListItem\",\"position\":1,\"name\":\"Startseite\",\"item\":\"https:\/\/www.kontinenzzentrum.ch\/de\"},{\"@type\":\"ListItem\",\"position\":2,\"name\":\"Kompetenzen\",\"item\":\"https:\/\/www.kontinenzzentrum.ch\/de\/kompetenzen.html\"},{\"@type\":\"ListItem\",\"position\":3,\"name\":\"Kinderurologie\"}]},{\"@type\":\"WebSite\",\"@id\":\"https:\/\/www.kontinenzzentrum.ch\/de\/#website\",\"url\":\"https:\/\/www.kontinenzzentrum.ch\/de\/\",\"name\":\"KontinenzZentrum Hirslanden Z\u00fcrich\",\"description\":\"KontinenzZentrum Hirslanden Z\u00fcrich: Blasenst\u00f6rungen & Inkontinenz\",\"publisher\":{\"@id\":\"https:\/\/www.kontinenzzentrum.ch\/de\/#organization\"},\"potentialAction\":[{\"@type\":\"SearchAction\",\"target\":{\"@type\":\"EntryPoint\",\"urlTemplate\":\"https:\/\/www.kontinenzzentrum.ch\/de\/?s={search_term_string}\"},\"query-input\":{\"@type\":\"PropertyValueSpecification\",\"valueRequired\":true,\"valueName\":\"search_term_string\"}}],\"inLanguage\":\"de\"},{\"@type\":\"Organization\",\"@id\":\"https:\/\/www.kontinenzzentrum.ch\/de\/#organization\",\"name\":\"KontinenzZentrum Hirslanden Z\u00fcrich\",\"url\":\"https:\/\/www.kontinenzzentrum.ch\/de\/\",\"logo\":{\"@type\":\"ImageObject\",\"inLanguage\":\"de\",\"@id\":\"https:\/\/www.kontinenzzentrum.ch\/de\/#\/schema\/logo\/image\/\",\"url\":\"https:\/\/www.kontinenzzentrum.ch\/wp-content\/uploads\/Logo_KontinenzZentrum.png\",\"contentUrl\":\"https:\/\/www.kontinenzzentrum.ch\/wp-content\/uploads\/Logo_KontinenzZentrum.png\",\"width\":800,\"height\":142,\"caption\":\"KontinenzZentrum Hirslanden Z\u00fcrich\"},\"image\":{\"@id\":\"https:\/\/www.kontinenzzentrum.ch\/de\/#\/schema\/logo\/image\/\"}}]}<\/script>\n<!-- \/ Yoast SEO plugin. -->","yoast_head_json":{"title":"Kinderurologie: Kindgerechte Therapie bei Blasenbeschwerden","description":"Unsere Fachmediziner:innen der Kinderurologie im KontinenzZentrum Hirsladen behandeln kindgerecht, z.B. bei n\u00e4chtlichem Einn\u00e4ssen oder Entz\u00fcndungen.","robots":{"index":"index","follow":"follow","max-snippet":"max-snippet:-1","max-image-preview":"max-image-preview:large","max-video-preview":"max-video-preview:-1"},"canonical":"https:\/\/www.kontinenzzentrum.ch\/de\/kompetenzen\/kinderurologie.html","og_locale":"de_DE","og_type":"article","og_title":"Kinderurologie: Kindgerechte Therapie bei Blasenbeschwerden","og_description":"Unsere Fachmediziner:innen der Kinderurologie im KontinenzZentrum Hirsladen behandeln kindgerecht, z.B. bei n\u00e4chtlichem Einn\u00e4ssen oder Entz\u00fcndungen.","og_url":"https:\/\/www.kontinenzzentrum.ch\/de\/kompetenzen\/kinderurologie.html","og_site_name":"KontinenzZentrum","article_modified_time":"2024-04-04T13:51:17+00:00","og_image":[{"width":1920,"height":450,"url":"https:\/\/www.kontinenzzentrum.ch\/wp-content\/uploads\/kompetenz-kinderurologie-stock1982404335.jpeg","type":"image\/jpeg"}],"twitter_card":"summary_large_image","twitter_misc":{"Gesch\u00e4tzte Lesezeit":"4\u00a0Minuten"},"schema":{"@context":"https:\/\/schema.org","@graph":[{"@type":"WebPage","@id":"https:\/\/www.kontinenzzentrum.ch\/de\/kompetenzen\/kinderurologie.html","url":"https:\/\/www.kontinenzzentrum.ch\/de\/kompetenzen\/kinderurologie.html","name":"Kinderurologie: Kindgerechte Therapie bei Blasenbeschwerden","isPartOf":{"@id":"https:\/\/www.kontinenzzentrum.ch\/de\/#website"},"primaryImageOfPage":{"@id":"https:\/\/www.kontinenzzentrum.ch\/de\/kompetenzen\/kinderurologie.html#primaryimage"},"image":{"@id":"https:\/\/www.kontinenzzentrum.ch\/de\/kompetenzen\/kinderurologie.html#primaryimage"},"thumbnailUrl":"https:\/\/www.kontinenzzentrum.ch\/wp-content\/uploads\/kompetenz-kinderurologie-stock1982404335.jpeg","datePublished":"2023-03-03T13:48:19+00:00","dateModified":"2024-04-04T13:51:17+00:00","description":"Unsere Fachmediziner:innen der Kinderurologie im KontinenzZentrum Hirsladen behandeln kindgerecht, z.B. bei n\u00e4chtlichem Einn\u00e4ssen oder Entz\u00fcndungen.","breadcrumb":{"@id":"https:\/\/www.kontinenzzentrum.ch\/de\/kompetenzen\/kinderurologie.html#breadcrumb"},"inLanguage":"de","potentialAction":[{"@type":"ReadAction","target":["https:\/\/www.kontinenzzentrum.ch\/de\/kompetenzen\/kinderurologie.html"]}]},{"@type":"ImageObject","inLanguage":"de","@id":"https:\/\/www.kontinenzzentrum.ch\/de\/kompetenzen\/kinderurologie.html#primaryimage","url":"https:\/\/www.kontinenzzentrum.ch\/wp-content\/uploads\/kompetenz-kinderurologie-stock1982404335.jpeg","contentUrl":"https:\/\/www.kontinenzzentrum.ch\/wp-content\/uploads\/kompetenz-kinderurologie-stock1982404335.jpeg","width":1920,"height":450},{"@type":"BreadcrumbList","@id":"https:\/\/www.kontinenzzentrum.ch\/de\/kompetenzen\/kinderurologie.html#breadcrumb","itemListElement":[{"@type":"ListItem","position":1,"name":"Startseite","item":"https:\/\/www.kontinenzzentrum.ch\/de"},{"@type":"ListItem","position":2,"name":"Kompetenzen","item":"https:\/\/www.kontinenzzentrum.ch\/de\/kompetenzen.html"},{"@type":"ListItem","position":3,"name":"Kinderurologie"}]},{"@type":"WebSite","@id":"https:\/\/www.kontinenzzentrum.ch\/de\/#website","url":"https:\/\/www.kontinenzzentrum.ch\/de\/","name":"KontinenzZentrum Hirslanden Z\u00fcrich","description":"KontinenzZentrum Hirslanden Z\u00fcrich: Blasenst\u00f6rungen & Inkontinenz","publisher":{"@id":"https:\/\/www.kontinenzzentrum.ch\/de\/#organization"},"potentialAction":[{"@type":"SearchAction","target":{"@type":"EntryPoint","urlTemplate":"https:\/\/www.kontinenzzentrum.ch\/de\/?s={search_term_string}"},"query-input":{"@type":"PropertyValueSpecification","valueRequired":true,"valueName":"search_term_string"}}],"inLanguage":"de"},{"@type":"Organization","@id":"https:\/\/www.kontinenzzentrum.ch\/de\/#organization","name":"KontinenzZentrum Hirslanden Z\u00fcrich","url":"https:\/\/www.kontinenzzentrum.ch\/de\/","logo":{"@type":"ImageObject","inLanguage":"de","@id":"https:\/\/www.kontinenzzentrum.ch\/de\/#\/schema\/logo\/image\/","url":"https:\/\/www.kontinenzzentrum.ch\/wp-content\/uploads\/Logo_KontinenzZentrum.png","contentUrl":"https:\/\/www.kontinenzzentrum.ch\/wp-content\/uploads\/Logo_KontinenzZentrum.png","width":800,"height":142,"caption":"KontinenzZentrum Hirslanden Z\u00fcrich"},"image":{"@id":"https:\/\/www.kontinenzzentrum.ch\/de\/#\/schema\/logo\/image\/"}}]}},"_links":{"self":[{"href":"https:\/\/www.kontinenzzentrum.ch\/de\/wp-json\/wp\/v2\/pages\/1596","targetHints":{"allow":["GET"]}}],"collection":[{"href":"https:\/\/www.kontinenzzentrum.ch\/de\/wp-json\/wp\/v2\/pages"}],"about":[{"href":"https:\/\/www.kontinenzzentrum.ch\/de\/wp-json\/wp\/v2\/types\/page"}],"author":[{"embeddable":true,"href":"https:\/\/www.kontinenzzentrum.ch\/de\/wp-json\/wp\/v2\/users\/1"}],"replies":[{"embeddable":true,"href":"https:\/\/www.kontinenzzentrum.ch\/de\/wp-json\/wp\/v2\/comments?post=1596"}],"version-history":[{"count":10,"href":"https:\/\/www.kontinenzzentrum.ch\/de\/wp-json\/wp\/v2\/pages\/1596\/revisions"}],"predecessor-version":[{"id":1603,"href":"https:\/\/www.kontinenzzentrum.ch\/de\/wp-json\/wp\/v2\/pages\/1596\/revisions\/1603"}],"up":[{"embeddable":true,"href":"https:\/\/www.kontinenzzentrum.ch\/de\/wp-json\/wp\/v2\/pages\/1517"}],"wp:featuredmedia":[{"embeddable":true,"href":"https:\/\/www.kontinenzzentrum.ch\/de\/wp-json\/wp\/v2\/media\/1597"}],"wp:attachment":[{"href":"https:\/\/www.kontinenzzentrum.ch\/de\/wp-json\/wp\/v2\/media?parent=1596"}],"curies":[{"name":"wp","href":"https:\/\/api.w.org\/{rel}","templated":true}]}}