{"id":1644,"date":"2023-03-03T16:03:58","date_gmt":"2023-03-03T15:03:58","guid":{"rendered":"https:\/\/www.kontinenzzentrum.ch\/?page_id=1644"},"modified":"2024-04-04T17:00:09","modified_gmt":"2024-04-04T15:00:09","slug":"psychosomatische-urologie","status":"publish","type":"page","link":"https:\/\/www.kontinenzzentrum.ch\/de\/kompetenzen\/psychosomatische-urologie.html","title":{"rendered":"Psychosomatische Urologie"},"content":{"rendered":"<div id=\"pl-1644\"  class=\"panel-layout\" ><div id=\"pg-1644-0\"  class=\"panel-grid panel-no-style\" ><div id=\"pgc-1644-0-0\"  class=\"panel-grid-cell\" ><div id=\"panel-1644-0-0-0\" class=\"so-panel widget widget_sow-editor panel-first-child\" data-index=\"0\" ><div\n\t\t\t\n\t\t\tclass=\"so-widget-sow-editor so-widget-sow-editor-base\"\n\t\t\t\n\t\t>\n<div class=\"siteorigin-widget-tinymce textwidget\">\n\t<h1>Psychosomatische Urologie<\/h1>\n<p>In der\u00a0<strong>psychosomatischen Urologie<\/strong>\u00a0werden die Wechselwirkungen zwischen K\u00f6rper und Seele in der Funktionsweise der Beckenorgane und des Beckenbodens untersucht. Die Harnblase, der Enddarm, der Beckenboden und die Sexualorgane sind in hohem Masse anf\u00e4llig f\u00fcr ein psychosomatisches Geschehen. Fehlfunktionen dieser Organe zeigen neben k\u00f6rperlichen Ursachen oft auch eine Verflechtung mit Vorg\u00e4ngen in der Psyche, bestimmten Reaktionsweisen im Alltag und sozialen Lebensbedingungen. H\u00e4ufig werden diese Verkn\u00fcpfungen jedoch \u00fcbersehen oder zu wenig beachtet.<\/p>\n<p>Die\u00a0<strong>psychosomatische Urologie<\/strong>\u00a0betrachtet bestimmte Beschwerden unter dem Aspekt der Einheit von K\u00f6rper und Seele. Einerseits k\u00f6nnen k\u00f6rperliche Beschwerden und Symptome der Beckenorgane und des Beckenbodens psychische Probleme zur Folge haben, andererseits gelten auch bestimmte St\u00f6rungen in der Psyche als Ausl\u00f6ser von k\u00f6rperlich wahrnehmbare Beschwerden oder Funktionsbeeintr\u00e4chtigungen der Beckenorgane und des Beckenbodens.<\/p>\n<p>In der\u00a0<strong>psychosomatischen Urologie<\/strong>\u00a0werden Beschwerden im Becken parallel objektiv untersucht und psychodynamisch beurteilt. Hierbei werden apparativ-instrumentelle Untersuchungen zur\u00fcckhaltend und mit Augenmass eingesetzt.<\/p>\n<h2>Krankheitsbilder in der psychosomatischen Urologie<img decoding=\"async\" class=\" wp-image-1014 alignright\" src=\"https:\/\/www.kontinenzzentrum.ch\/wp-content\/uploads\/ueber-uns-wer-wir-sind-11930-txt-300x233.jpeg\" alt=\"\" width=\"529\" height=\"411\" srcset=\"https:\/\/www.kontinenzzentrum.ch\/wp-content\/uploads\/ueber-uns-wer-wir-sind-11930-txt-300x233.jpeg 300w, https:\/\/www.kontinenzzentrum.ch\/wp-content\/uploads\/ueber-uns-wer-wir-sind-11930-txt.jpeg 640w\" sizes=\"(max-width: 529px) 100vw, 529px\" \/><\/h2>\n<ul>\n<li>Chronischer Beckenschmerz des Mannes<\/li>\n<li>Chronischer Beckenschmerz der Frau<\/li>\n<li>Schmerzhafte Verkrampfung der Harnr\u00f6hre (Urethralsyndrom)<\/li>\n<li>Psychosomatische St\u00f6rungen der Blasenentleerung<\/li>\n<li>Besondere Formen des n\u00e4chtlichen Einn\u00e4ssens beim Kind<\/li>\n<li>Psychogene\u00a0<a title=\"Inkontinenz - Ursachen, Diagnose und Behandlung\" href=\"https:\/\/www.kontinenzzentrum.ch\/de\/kompetenzen\/inkontinenz.html\">Urininkontinenz<\/a><\/li>\n<li>Psychogene Harnverhaltung<\/li>\n<li>Reizblasensymptomatik<\/li>\n<li>Besondere Formen der wiederkehrenden Blaseninfekte<\/li>\n<li>Interstitielle Zystitis<\/li>\n<\/ul>\n<\/div>\n<\/div><\/div><div id=\"panel-1644-0-0-1\" class=\"so-panel widget widget_sow-editor\" data-index=\"1\" ><div\n\t\t\t\n\t\t\tclass=\"so-widget-sow-editor so-widget-sow-editor-base\"\n\t\t\t\n\t\t>\n<div class=\"siteorigin-widget-tinymce textwidget\">\n\t<p>Die \u00c4rztinnen und \u00c4rzte des KontinenzZentrums Hirslanden in Z\u00fcrich sind erfahrene Experten im Bereich psychosomatische Urologie. Mit Fachwissen und Empathie begegnen wir unseren Patienten vom ersten Beratungsgespr\u00e4ch an, \u00fcber die Diagnose bis zur Behandlung.<\/p>\n<\/div>\n<\/div><\/div><div id=\"panel-1644-0-0-2\" class=\"so-panel widget widget_fn-info-box-widget panel-last-child\" data-index=\"2\" ><div\n\t\t\t\n\t\t\tclass=\"so-widget-fn-info-box-widget so-widget-fn-info-box-widget-base\"\n\t\t\t\n\t\t><div class=\"uk-child-width-1-1 uk-grid-match\" uk-grid><div>\n        <div class=\"fn-info-box-title\">\n          <div class=\"uk-grid-small\" uk-grid>            <div class=\"uk-width-auto\"><img decoding=\"async\" src=\"https:\/\/www.kontinenzzentrum.ch\/wp-content\/uploads\/ICON_kontakt.svg\" class=\"attachment-small size-small\" alt=\"\" \/>            <\/div>            <div class=\"uk-width-expand\">\n              <h4 class=\"uk-h3\">Informieren Sie sich jetzt<\/h4>\n            <\/div>\n          <\/div>\n        <\/div>\n        <div class=\"fn-info-box-content\">\n              <p><strong>Kontaktieren Sie uns<\/strong>\u00a0f\u00fcr ein Beratungsgespr\u00e4ch, wir informieren Sie gerne \u00fcber Ihre individuellen Behandlungsm\u00f6glichkeiten.<\/p>\n<p><div class=\"uk-flex uk-child-width-auto uk-grid-small\" uk-grid><div><a class=\"uk-button uk-button-primary\" href=\"tel:+41443872910\"><i class=\"fas fa-phone-alt uk-margin-small-right\"><\/i>+41 44 387 29 10<\/a><\/div><div><a class=\"uk-button uk-button-primary\" href=\"https:\/\/www.kontinenzzentrum.ch\/de\/ueber-uns\/termin.html\"><i class=\"fas fa-comments uk-margin-small-right\"><\/i>Online Terminvereinbarung<\/a><\/div><\/div><\/p>\n        <\/div>\n      <\/div><\/div><\/div><\/div><\/div><\/div><\/div>","protected":false},"excerpt":{"rendered":"<p>Psychosomatische Urologie In der\u00a0psychosomatischen Urologie\u00a0werden die Wechselwirkungen zwischen K\u00f6rper und Seele in der Funktionsweise der Beckenorgane und des Beckenbodens untersucht. Die Harnblase, der Enddarm, der Beckenboden und die Sexualorgane sind in hohem Masse anf\u00e4llig f\u00fcr ein psychosomatisches Geschehen. Fehlfunktionen dieser Organe zeigen neben k\u00f6rperlichen Ursachen oft auch eine Verflechtung mit Vorg\u00e4ngen in der Psyche, bestimmten [&hellip;]<\/p>\n","protected":false},"author":1,"featured_media":1645,"parent":1517,"menu_order":0,"comment_status":"closed","ping_status":"closed","template":"","meta":{"_acf_changed":false,"footnotes":""},"class_list":["post-1644","page","type-page","status-publish","has-post-thumbnail","hentry"],"acf":[],"yoast_head":"<!-- This site is optimized with the Yoast SEO plugin v26.9 - https:\/\/yoast.com\/product\/yoast-seo-wordpress\/ -->\n<title>Psychosomatische Urologie - KontinenzZentrum Hirslanden<\/title>\n<meta name=\"description\" content=\"Im Bereich psychosomatische Urologie untersuchen und behandeln wir psychosomatische Beschwerden bei Blase, Enddarm, Beckenboden und Sexualorganen.\" \/>\n<meta name=\"robots\" content=\"index, follow, max-snippet:-1, max-image-preview:large, max-video-preview:-1\" \/>\n<link rel=\"canonical\" href=\"https:\/\/www.kontinenzzentrum.ch\/de\/kompetenzen\/psychosomatische-urologie.html\" \/>\n<meta property=\"og:locale\" content=\"de_DE\" \/>\n<meta property=\"og:type\" content=\"article\" \/>\n<meta property=\"og:title\" content=\"Psychosomatische Urologie - KontinenzZentrum Hirslanden\" \/>\n<meta property=\"og:description\" content=\"Im Bereich psychosomatische Urologie untersuchen und behandeln wir psychosomatische Beschwerden bei Blase, Enddarm, Beckenboden und Sexualorganen.\" \/>\n<meta property=\"og:url\" content=\"https:\/\/www.kontinenzzentrum.ch\/de\/kompetenzen\/psychosomatische-urologie.html\" \/>\n<meta property=\"og:site_name\" content=\"KontinenzZentrum\" \/>\n<meta property=\"article:modified_time\" content=\"2024-04-04T15:00:09+00:00\" \/>\n<meta property=\"og:image\" content=\"https:\/\/www.kontinenzzentrum.ch\/wp-content\/uploads\/kompetenz-psychosomatische-urologie-212871.jpeg\" \/>\n\t<meta property=\"og:image:width\" content=\"1920\" \/>\n\t<meta property=\"og:image:height\" content=\"450\" \/>\n\t<meta property=\"og:image:type\" content=\"image\/jpeg\" \/>\n<meta name=\"twitter:card\" content=\"summary_large_image\" \/>\n<meta name=\"twitter:label1\" content=\"Gesch\u00e4tzte Lesezeit\" \/>\n\t<meta name=\"twitter:data1\" content=\"3\u00a0Minuten\" \/>\n<script type=\"application\/ld+json\" class=\"yoast-schema-graph\">{\"@context\":\"https:\/\/schema.org\",\"@graph\":[{\"@type\":\"WebPage\",\"@id\":\"https:\/\/www.kontinenzzentrum.ch\/de\/kompetenzen\/psychosomatische-urologie.html\",\"url\":\"https:\/\/www.kontinenzzentrum.ch\/de\/kompetenzen\/psychosomatische-urologie.html\",\"name\":\"Psychosomatische Urologie - KontinenzZentrum Hirslanden\",\"isPartOf\":{\"@id\":\"https:\/\/www.kontinenzzentrum.ch\/de\/#website\"},\"primaryImageOfPage\":{\"@id\":\"https:\/\/www.kontinenzzentrum.ch\/de\/kompetenzen\/psychosomatische-urologie.html#primaryimage\"},\"image\":{\"@id\":\"https:\/\/www.kontinenzzentrum.ch\/de\/kompetenzen\/psychosomatische-urologie.html#primaryimage\"},\"thumbnailUrl\":\"https:\/\/www.kontinenzzentrum.ch\/wp-content\/uploads\/kompetenz-psychosomatische-urologie-212871.jpeg\",\"datePublished\":\"2023-03-03T15:03:58+00:00\",\"dateModified\":\"2024-04-04T15:00:09+00:00\",\"description\":\"Im Bereich psychosomatische Urologie untersuchen und behandeln wir psychosomatische Beschwerden bei Blase, Enddarm, Beckenboden und Sexualorganen.\",\"breadcrumb\":{\"@id\":\"https:\/\/www.kontinenzzentrum.ch\/de\/kompetenzen\/psychosomatische-urologie.html#breadcrumb\"},\"inLanguage\":\"de\",\"potentialAction\":[{\"@type\":\"ReadAction\",\"target\":[\"https:\/\/www.kontinenzzentrum.ch\/de\/kompetenzen\/psychosomatische-urologie.html\"]}]},{\"@type\":\"ImageObject\",\"inLanguage\":\"de\",\"@id\":\"https:\/\/www.kontinenzzentrum.ch\/de\/kompetenzen\/psychosomatische-urologie.html#primaryimage\",\"url\":\"https:\/\/www.kontinenzzentrum.ch\/wp-content\/uploads\/kompetenz-psychosomatische-urologie-212871.jpeg\",\"contentUrl\":\"https:\/\/www.kontinenzzentrum.ch\/wp-content\/uploads\/kompetenz-psychosomatische-urologie-212871.jpeg\",\"width\":1920,\"height\":450},{\"@type\":\"BreadcrumbList\",\"@id\":\"https:\/\/www.kontinenzzentrum.ch\/de\/kompetenzen\/psychosomatische-urologie.html#breadcrumb\",\"itemListElement\":[{\"@type\":\"ListItem\",\"position\":1,\"name\":\"Startseite\",\"item\":\"https:\/\/www.kontinenzzentrum.ch\/de\"},{\"@type\":\"ListItem\",\"position\":2,\"name\":\"Kompetenzen\",\"item\":\"https:\/\/www.kontinenzzentrum.ch\/de\/kompetenzen.html\"},{\"@type\":\"ListItem\",\"position\":3,\"name\":\"Psychosomatische Urologie\"}]},{\"@type\":\"WebSite\",\"@id\":\"https:\/\/www.kontinenzzentrum.ch\/de\/#website\",\"url\":\"https:\/\/www.kontinenzzentrum.ch\/de\/\",\"name\":\"KontinenzZentrum Hirslanden Z\u00fcrich\",\"description\":\"KontinenzZentrum Hirslanden Z\u00fcrich: Blasenst\u00f6rungen & Inkontinenz\",\"publisher\":{\"@id\":\"https:\/\/www.kontinenzzentrum.ch\/de\/#organization\"},\"potentialAction\":[{\"@type\":\"SearchAction\",\"target\":{\"@type\":\"EntryPoint\",\"urlTemplate\":\"https:\/\/www.kontinenzzentrum.ch\/de\/?s={search_term_string}\"},\"query-input\":{\"@type\":\"PropertyValueSpecification\",\"valueRequired\":true,\"valueName\":\"search_term_string\"}}],\"inLanguage\":\"de\"},{\"@type\":\"Organization\",\"@id\":\"https:\/\/www.kontinenzzentrum.ch\/de\/#organization\",\"name\":\"KontinenzZentrum Hirslanden Z\u00fcrich\",\"url\":\"https:\/\/www.kontinenzzentrum.ch\/de\/\",\"logo\":{\"@type\":\"ImageObject\",\"inLanguage\":\"de\",\"@id\":\"https:\/\/www.kontinenzzentrum.ch\/de\/#\/schema\/logo\/image\/\",\"url\":\"https:\/\/www.kontinenzzentrum.ch\/wp-content\/uploads\/Logo_KontinenzZentrum.png\",\"contentUrl\":\"https:\/\/www.kontinenzzentrum.ch\/wp-content\/uploads\/Logo_KontinenzZentrum.png\",\"width\":800,\"height\":142,\"caption\":\"KontinenzZentrum Hirslanden Z\u00fcrich\"},\"image\":{\"@id\":\"https:\/\/www.kontinenzzentrum.ch\/de\/#\/schema\/logo\/image\/\"}}]}<\/script>\n<!-- \/ Yoast SEO plugin. -->","yoast_head_json":{"title":"Psychosomatische Urologie - KontinenzZentrum Hirslanden","description":"Im Bereich psychosomatische Urologie untersuchen und behandeln wir psychosomatische Beschwerden bei Blase, Enddarm, Beckenboden und Sexualorganen.","robots":{"index":"index","follow":"follow","max-snippet":"max-snippet:-1","max-image-preview":"max-image-preview:large","max-video-preview":"max-video-preview:-1"},"canonical":"https:\/\/www.kontinenzzentrum.ch\/de\/kompetenzen\/psychosomatische-urologie.html","og_locale":"de_DE","og_type":"article","og_title":"Psychosomatische Urologie - KontinenzZentrum Hirslanden","og_description":"Im Bereich psychosomatische Urologie untersuchen und behandeln wir psychosomatische Beschwerden bei Blase, Enddarm, Beckenboden und Sexualorganen.","og_url":"https:\/\/www.kontinenzzentrum.ch\/de\/kompetenzen\/psychosomatische-urologie.html","og_site_name":"KontinenzZentrum","article_modified_time":"2024-04-04T15:00:09+00:00","og_image":[{"width":1920,"height":450,"url":"https:\/\/www.kontinenzzentrum.ch\/wp-content\/uploads\/kompetenz-psychosomatische-urologie-212871.jpeg","type":"image\/jpeg"}],"twitter_card":"summary_large_image","twitter_misc":{"Gesch\u00e4tzte Lesezeit":"3\u00a0Minuten"},"schema":{"@context":"https:\/\/schema.org","@graph":[{"@type":"WebPage","@id":"https:\/\/www.kontinenzzentrum.ch\/de\/kompetenzen\/psychosomatische-urologie.html","url":"https:\/\/www.kontinenzzentrum.ch\/de\/kompetenzen\/psychosomatische-urologie.html","name":"Psychosomatische Urologie - KontinenzZentrum Hirslanden","isPartOf":{"@id":"https:\/\/www.kontinenzzentrum.ch\/de\/#website"},"primaryImageOfPage":{"@id":"https:\/\/www.kontinenzzentrum.ch\/de\/kompetenzen\/psychosomatische-urologie.html#primaryimage"},"image":{"@id":"https:\/\/www.kontinenzzentrum.ch\/de\/kompetenzen\/psychosomatische-urologie.html#primaryimage"},"thumbnailUrl":"https:\/\/www.kontinenzzentrum.ch\/wp-content\/uploads\/kompetenz-psychosomatische-urologie-212871.jpeg","datePublished":"2023-03-03T15:03:58+00:00","dateModified":"2024-04-04T15:00:09+00:00","description":"Im Bereich psychosomatische Urologie untersuchen und behandeln wir psychosomatische Beschwerden bei Blase, Enddarm, Beckenboden und Sexualorganen.","breadcrumb":{"@id":"https:\/\/www.kontinenzzentrum.ch\/de\/kompetenzen\/psychosomatische-urologie.html#breadcrumb"},"inLanguage":"de","potentialAction":[{"@type":"ReadAction","target":["https:\/\/www.kontinenzzentrum.ch\/de\/kompetenzen\/psychosomatische-urologie.html"]}]},{"@type":"ImageObject","inLanguage":"de","@id":"https:\/\/www.kontinenzzentrum.ch\/de\/kompetenzen\/psychosomatische-urologie.html#primaryimage","url":"https:\/\/www.kontinenzzentrum.ch\/wp-content\/uploads\/kompetenz-psychosomatische-urologie-212871.jpeg","contentUrl":"https:\/\/www.kontinenzzentrum.ch\/wp-content\/uploads\/kompetenz-psychosomatische-urologie-212871.jpeg","width":1920,"height":450},{"@type":"BreadcrumbList","@id":"https:\/\/www.kontinenzzentrum.ch\/de\/kompetenzen\/psychosomatische-urologie.html#breadcrumb","itemListElement":[{"@type":"ListItem","position":1,"name":"Startseite","item":"https:\/\/www.kontinenzzentrum.ch\/de"},{"@type":"ListItem","position":2,"name":"Kompetenzen","item":"https:\/\/www.kontinenzzentrum.ch\/de\/kompetenzen.html"},{"@type":"ListItem","position":3,"name":"Psychosomatische Urologie"}]},{"@type":"WebSite","@id":"https:\/\/www.kontinenzzentrum.ch\/de\/#website","url":"https:\/\/www.kontinenzzentrum.ch\/de\/","name":"KontinenzZentrum Hirslanden Z\u00fcrich","description":"KontinenzZentrum Hirslanden Z\u00fcrich: Blasenst\u00f6rungen & Inkontinenz","publisher":{"@id":"https:\/\/www.kontinenzzentrum.ch\/de\/#organization"},"potentialAction":[{"@type":"SearchAction","target":{"@type":"EntryPoint","urlTemplate":"https:\/\/www.kontinenzzentrum.ch\/de\/?s={search_term_string}"},"query-input":{"@type":"PropertyValueSpecification","valueRequired":true,"valueName":"search_term_string"}}],"inLanguage":"de"},{"@type":"Organization","@id":"https:\/\/www.kontinenzzentrum.ch\/de\/#organization","name":"KontinenzZentrum Hirslanden Z\u00fcrich","url":"https:\/\/www.kontinenzzentrum.ch\/de\/","logo":{"@type":"ImageObject","inLanguage":"de","@id":"https:\/\/www.kontinenzzentrum.ch\/de\/#\/schema\/logo\/image\/","url":"https:\/\/www.kontinenzzentrum.ch\/wp-content\/uploads\/Logo_KontinenzZentrum.png","contentUrl":"https:\/\/www.kontinenzzentrum.ch\/wp-content\/uploads\/Logo_KontinenzZentrum.png","width":800,"height":142,"caption":"KontinenzZentrum Hirslanden Z\u00fcrich"},"image":{"@id":"https:\/\/www.kontinenzzentrum.ch\/de\/#\/schema\/logo\/image\/"}}]}},"_links":{"self":[{"href":"https:\/\/www.kontinenzzentrum.ch\/de\/wp-json\/wp\/v2\/pages\/1644","targetHints":{"allow":["GET"]}}],"collection":[{"href":"https:\/\/www.kontinenzzentrum.ch\/de\/wp-json\/wp\/v2\/pages"}],"about":[{"href":"https:\/\/www.kontinenzzentrum.ch\/de\/wp-json\/wp\/v2\/types\/page"}],"author":[{"embeddable":true,"href":"https:\/\/www.kontinenzzentrum.ch\/de\/wp-json\/wp\/v2\/users\/1"}],"replies":[{"embeddable":true,"href":"https:\/\/www.kontinenzzentrum.ch\/de\/wp-json\/wp\/v2\/comments?post=1644"}],"version-history":[{"count":4,"href":"https:\/\/www.kontinenzzentrum.ch\/de\/wp-json\/wp\/v2\/pages\/1644\/revisions"}],"predecessor-version":[{"id":3732,"href":"https:\/\/www.kontinenzzentrum.ch\/de\/wp-json\/wp\/v2\/pages\/1644\/revisions\/3732"}],"up":[{"embeddable":true,"href":"https:\/\/www.kontinenzzentrum.ch\/de\/wp-json\/wp\/v2\/pages\/1517"}],"wp:featuredmedia":[{"embeddable":true,"href":"https:\/\/www.kontinenzzentrum.ch\/de\/wp-json\/wp\/v2\/media\/1645"}],"wp:attachment":[{"href":"https:\/\/www.kontinenzzentrum.ch\/de\/wp-json\/wp\/v2\/media?parent=1644"}],"curies":[{"name":"wp","href":"https:\/\/api.w.org\/{rel}","templated":true}]}}