{"id":1670,"date":"2023-03-03T16:33:39","date_gmt":"2023-03-03T15:33:39","guid":{"rendered":"https:\/\/www.kontinenzzentrum.ch\/?page_id=1670"},"modified":"2025-03-11T16:57:00","modified_gmt":"2025-03-11T15:57:00","slug":"bipolare-prostataenukleation","status":"publish","type":"page","link":"https:\/\/www.kontinenzzentrum.ch\/de\/untersuchung-und-therapie\/operationen-der-prostata\/bipolare-prostataenukleation.html","title":{"rendered":"Bipolare Prostataenukleation"},"content":{"rendered":"<div id=\"pl-1670\"  class=\"panel-layout\" ><div id=\"pg-1670-0\"  class=\"panel-grid panel-no-style\" ><div id=\"pgc-1670-0-0\"  class=\"panel-grid-cell\" ><div id=\"panel-1670-0-0-0\" class=\"so-panel widget widget_sow-editor panel-first-child\" data-index=\"0\" ><div\n\t\t\t\n\t\t\tclass=\"so-widget-sow-editor so-widget-sow-editor-base\"\n\t\t\t\n\t\t>\n<div class=\"siteorigin-widget-tinymce textwidget\">\n\t<h1>Bipolare Prostataenukleation<\/h1>\n<h2>Prostata Aussch\u00e4lung bei starker Prostatavergr\u00f6sserung<\/h2>\n<p><img decoding=\"async\" class=\"alignright\" title=\"elektrische Vaporisationsonde \" src=\"https:\/\/www.kontinenzzentrum.ch\/wp-content\/uploads\/enukleation.png\" alt=\"elektrische Vaporisationsonde \" width=\"515\" height=\"306\" \/><br \/>\nBei einer sehr ausgepr\u00e4gten Prostatavergr\u00f6sserung ist der Abfluss aus der Blase so stark eingeengt, dass die Blasenentleerung nur noch unvollst\u00e4ndig m\u00f6glich ist. Betroffene M\u00e4nner leiden unter erhebliche\u00a0<a title=\"Beschwerden bei gutartiger Prostatavergr\u00f6sserung\" href=\"https:\/\/www.kontinenzzentrum.ch\/de\/erkrankungen\/blasenfunktionsstoerung\/gutartige-prostatavergroesserung.html\">Beschwerden bei gutartiger Prostatavergr\u00f6sserung<\/a>. H\u00e4ufig sind die verf\u00fcgbaren Medikamente nicht mehr ausreichend wirksam, um die Beschwerden durch die so ausgepr\u00e4gte vergr\u00f6sserte Prostata zu lindern.<\/p>\n<p>Zur Behandlung kann dann eine ausgedehnte operative Entfernung von Prostatagewebe, die sogenannte\u00a0<strong>\u201eBipolare Prostataenukleation\u201c<\/strong>, durchgef\u00fchrt werden. Es handelt sich dabei um eine Prostata-Aussch\u00e4lung \u2013 ein Verfahren, bei dem das innere Gewebe der Prostata entfernt wird. Nach der OP ist die Blasenentleerung wieder ungest\u00f6rt und mit gutem Harnstrahl m\u00f6glich.<\/p>\n<\/div>\n<\/div><\/div><div id=\"panel-1670-0-0-1\" class=\"so-panel widget widget_fn-info-box-widget\" data-index=\"1\" ><div\n\t\t\t\n\t\t\tclass=\"so-widget-fn-info-box-widget so-widget-fn-info-box-widget-base\"\n\t\t\t\n\t\t><div class=\"uk-child-width-1-1 uk-grid-match\" uk-grid><div>\n        <div class=\"fn-info-box-title\">\n          <div class=\"uk-grid-small\" uk-grid>            <div class=\"uk-width-auto\"><img decoding=\"async\" src=\"https:\/\/www.kontinenzzentrum.ch\/wp-content\/uploads\/ICON_kontakt.svg\" class=\"attachment-small size-small\" alt=\"\" \/>            <\/div>            <div class=\"uk-width-expand\">\n              <h4 class=\"uk-h3\">Wir beraten Sie ganz individuell bei vergr\u00f6sserter Prostata<\/h4>\n            <\/div>\n          <\/div>\n        <\/div>\n        <div class=\"fn-info-box-content\">\n              <p>Die Spezialisten im KontinenzZentrum Hirslanden in Z\u00fcrich beraten Sie gern zur bipolaren Prostataenukleation sowie zu m\u00f6glichen weiteren\u00a0<a title=\"Weitere Prostata-Op-Verfahren\" href=\"https:\/\/www.kontinenzzentrum.ch\/de\/untersuchung-und-therapie\/operationen-der-prostata.html\"><b>Prostata-OP-Verfahren<\/b><\/a>.<\/p>\n<p>Sie erreichen unser Zentrum telefonisch von Montag bis Freitag zwischen 8 und 17 Uhr. Nutzen Sie auch unsere <b>Online-Terminvereinbarung<\/b>!<\/p>\n<p><div class=\"uk-flex uk-child-width-auto uk-grid-small\" uk-grid><div><a class=\"uk-button uk-button-primary\" href=\"tel:+41443872910\"><i class=\"fas fa-phone-alt uk-margin-small-right\"><\/i>+41 44 387 29 10<\/a><\/div><div><a class=\"uk-button uk-button-primary\" href=\"https:\/\/www.kontinenzzentrum.ch\/de\/ueber-uns\/termin.html\"><i class=\"fas fa-comments uk-margin-small-right\"><\/i>Online Terminvereinbarung<\/a><\/div><\/div><\/p>\n        <\/div>\n      <\/div><\/div><\/div><\/div><div id=\"panel-1670-0-0-2\" class=\"so-panel widget widget_sow-editor\" data-index=\"2\" ><div\n\t\t\t\n\t\t\tclass=\"so-widget-sow-editor so-widget-sow-editor-base\"\n\t\t\t\n\t\t>\n<div class=\"siteorigin-widget-tinymce textwidget\">\n\t<h2>Ablauf des Eingriffs bei der bipolaren Enukleation der Prostata<\/h2>\n<p>Die\u00a0<strong>bipolare Enukleation der Prostata<\/strong>\u00a0kann in Vollnarkose oder auch unter Spinalan\u00e4sthesie erfolgen. Beim Eingriff werden ein optisches Instrument sowie eine elektrische Vaporisationssonde \u00fcber die Harnr\u00f6hre (transurethral) eingef\u00fchrt. Deshalb wird diese Prostata-Operation auch als \u201etransurethrale Prostataenukleation\u201c bezeichnet. Mithilfe der Laser-Sonde werden\u00a0<strong>die vergr\u00f6sserten Anteile der Prostata verdampft und in einem St\u00fcck abgetragen<\/strong>.<\/p>\n<p>Durch die Laser-Energie bei der Verdampfung und die geringe Eindringtiefe (weniger als 0,5 mm) in das Gewebe werden Blutgef\u00e4sse effektiv verschlossen, sodass es kaum zu Blutungen kommt. Zudem kann der Arzt durch Sichtkontrolle sehr pr\u00e4zise arbeiten. Durch das Abtragen des \u00fcbersch\u00fcssigen Prostatagewebes wird die Abflussbahn aus der Blase wieder er\u00f6ffnet. Gegebenenfalls auftretende Blutungen aus er\u00f6ffneten Gef\u00e4ssen werden mit elektrischem Strom gestillt. Die Prostata-Aussch\u00e4lung \u00fcber die Harnr\u00f6hre dauert je nach Gr\u00f6sse zwischen 1 und 2 Stunden.<\/p>\n<p>Nach dem Eingriff wird ein Dauerkatheter mit einer Blasensp\u00fclung eingelegt und f\u00fcr drei bis f\u00fcnf Tage belassen. Vor der Entlassung aus dem Spital wird der Katheter entfernt.<\/p>\n<\/div>\n<\/div><\/div><div id=\"panel-1670-0-0-3\" class=\"so-panel widget widget_fn-info-box-widget\" data-index=\"3\" ><div\n\t\t\t\n\t\t\tclass=\"so-widget-fn-info-box-widget so-widget-fn-info-box-widget-base\"\n\t\t\t\n\t\t><div class=\"uk-child-width-1-1 uk-grid-match\" uk-grid><div>\n        <div class=\"fn-info-box-title\">\n          <div class=\"uk-grid-small\" uk-grid>            <div class=\"uk-width-auto\"><img decoding=\"async\" src=\"https:\/\/www.kontinenzzentrum.ch\/wp-content\/uploads\/ICON_achtung.svg\" class=\"attachment-small size-small\" alt=\"\" \/>            <\/div>            <div class=\"uk-width-expand\">\n              <h4 class=\"uk-h3\">Wichtiger Hinweis zur Prostatakrebs-Vorsorge<\/h4>\n            <\/div>\n          <\/div>\n        <\/div>\n        <div class=\"fn-info-box-content\">\n              <p>Bei der\u00a0<strong>Prostataenukleation<\/strong>\u00a0wird nur das innere Prostatagewebe entfernt. Da Prostatakrebs bevorzugt die \u00e4ussere Prostatah\u00fclle bef\u00e4llt, bleibt das Risiko einer Krebserkankung bestehen. Patienten sollten daher unbedingt weiterhin regelm\u00e4ssig Termine zur Krebsvorsorge beim ihrem Urologen wahrnehmen.<\/p>\n        <\/div>\n      <\/div><\/div><\/div><\/div><div id=\"panel-1670-0-0-4\" class=\"so-panel widget widget_sow-editor\" data-index=\"4\" ><div\n\t\t\t\n\t\t\tclass=\"so-widget-sow-editor so-widget-sow-editor-base\"\n\t\t\t\n\t\t>\n<div class=\"siteorigin-widget-tinymce textwidget\">\n\t<h2>Verhalten nach der Prostata Aussch\u00e4lung und Nachsorge<\/h2>\n<p><b>Direkt nach der Prostata-Aussch\u00e4lung<\/b>\u00a0bleiben Patienten etwa drei bis vier Tage in der Klinik. In dieser Zeit erfolgt die Blasenentleerung zun\u00e4chst mittels Katheter. In den ersten Tage nach Entfernung des Katheters ist es wichtig, viel Fl\u00fcssigkeit zu trinken, um die Blase zu sp\u00fclen und die Heilung der Wunde zu beschleunigen. Bitte vermeiden Sie in den ersten Wochen st\u00e4rkere k\u00f6rperliche Belastungen (z.B. Rad fahren, schweres Heben). Auch auf heisse Vollb\u00e4der, Sauna sowie W\u00e4rmeanwendungen sollten Sie in den ersten Wochen ebenfalls verzichten. Duschen ist selbstverst\u00e4ndlich erlaubt. Um Nachblutungen nach der Prostata Aussch\u00e4lung zu vermeiden, achten Sie bitte auf weichen Stuhlgang.<\/p>\n<p>Da bei diesem Verfahren die Erektionsnerven bestm\u00f6glich gesch\u00fctzt werden, ist Sex nach der Prostata-Aussch\u00e4lung f\u00fcr die allermeisten M\u00e4nner problemlos m\u00f6glich. Einzig die F\u00e4higkeit zum Samenerguss geht in einigen F\u00e4llen verloren, da das Dr\u00fcsengewebe im Inneren der Prostata, das f\u00fcr die Produktion der Samenfl\u00fcssigkeit zust\u00e4ndig ist, bei der bipolaren Prostataenukleation vollst\u00e4ndig entfernt wird. In jedem Fall sollten Patienten in den ersten Wochen nach dem Eingriff auf Geschlechtsverkehr verzichten, um den Heilungsprozess zu beschleunigen.<\/p>\n<p>Es ist wichtig, die Nachsorge gewissenhaft zu betreiben und Nachsorgetermine beim Urologen wahrzunehmen. Sollte es nach der Aussch\u00e4lung der Prostata zu Nachblutungen oder Fieber \u00fcber 38 Grad kommen, sollten Patienten umgehend ihre \u00c4rztin bzw. ihren Arzt informieren.<\/p>\n<h2>Alternative OP-Verfahren bei stark vergr\u00f6sserter Prostata<\/h2>\n<h3>Die ejakulationserhaltende Methode<\/h3>\n<p>In manchen F\u00e4llen kann die\u00a0<a title=\"Ejakulationserhaltende Prostataresektion\" href=\"https:\/\/www.kontinenzzentrum.ch\/de\/untersuchung-und-therapie\/operationen-der-prostata\/ejakulationserhaltende-prostataresektion.html\">F\u00e4higkeit zum Samenerguss nach der Prostataoperation mittels Prostataresektion<\/a>\u00a0(Ejakulationserhaltende TUR-P) erhalten werden. Bei einer sehr weit fortgeschrittenen Prostatavergr\u00f6sserung oder falls bereits Komplikationen aufgetreten sind, ist von dieser Technik allerdings abzuraten. Ob ein Mann f\u00fcr diesen Eingriff geeignet ist, muss sein Urologe oder seine Urologin im Vorfeld im Detail abkl\u00e4ren und mit dem Patienten besprechen.<\/p>\n<h3>Die Da Vinci Methode<\/h3>\n<p>Ist die Prostata bereits sehr stark vergr\u00f6ssert, stossen transurethrale Behandlungsmethoden (also durch die Harnr\u00f6hre durchgef\u00fchrte Eingriffe) wie die\u00a0<strong>bipolare Enukleation der Prostata<\/strong>,\u00a0<a title=\"TURP\" href=\"https:\/\/www.kontinenzzentrum.ch\/de\/untersuchung-und-therapie\/operationen-der-prostata\/bipolare-resektion-der-prostata-turp.html\">TURP<\/a>\u00a0und\u00a0<a title=\"TUIP\" href=\"https:\/\/www.kontinenzzentrum.ch\/de\/untersuchung-und-therapie\/operationen-der-prostata\/bipolare-prostatainzision-tuip.html\">TUIP<\/a>\u00a0an technische Grenzen. Alternativ zur Ausschabung oder Aussch\u00e4lung der Prostata kann dann die moderne\u00a0<a title=\"Da Vinci Methode bei Prostata-Vergr\u00f6sserung\" href=\"https:\/\/www.kontinenzzentrum.ch\/de\/untersuchung-und-therapie\/operationen-der-prostata\/da-vinci-op-bei-gutartig-vergroesserter-prostata.html\">Da Vinci Methode zur Behandlung der Prostata-Vergr\u00f6sserung<\/a>\u00a0eingesetzt werden.<\/p>\n<p>Die roboterassistierte Da Vinci-Methode ist bei sehr grosser Prostata eine sichere und nachhaltige Behandlungsm\u00f6glichkeit. Der Eingriff wird mittels Bauchspiegelung durchgef\u00fchrt und kommt daher mit sehr wenigen, kleinen Schnitten aus. Aus diesem schonenden Zugriff auf Harnblase und Prostata ergeben sich einige Vorteile f\u00fcr den Patienten, wie beispielsweise:<\/p>\n<ul>\n<li>geringerer Blut-Verlust<\/li>\n<li>weniger Schmerzen nach der Operation<\/li>\n<li>kleinere Narben<\/li>\n<li>ein k\u00fcrzerer Aufenthalt im Spital<\/li>\n<\/ul>\n<p>Welche Verfahren zur Behandlung der gutartig vergr\u00f6sserten Prostata in Ihrem individuellen Fall durchgef\u00fchrt werden k\u00f6nnen, kl\u00e4rt der Arzt oder die \u00c4rztin mit Ihnen in einem ausf\u00fchrlichen Patientengespr\u00e4ch in unserem KontinenzZentrum Hirslanden in Z\u00fcrich.<\/p>\n<\/div>\n<\/div><\/div><div id=\"panel-1670-0-0-5\" class=\"so-panel widget widget_fn-info-box-widget panel-last-child\" data-index=\"5\" ><div\n\t\t\t\n\t\t\tclass=\"so-widget-fn-info-box-widget so-widget-fn-info-box-widget-base\"\n\t\t\t\n\t\t><div class=\"uk-child-width-1-1 uk-grid-match\" uk-grid><div>\n        <div class=\"fn-info-box-title\">\n          <div class=\"uk-grid-small\" uk-grid>            <div class=\"uk-width-auto\"><img decoding=\"async\" src=\"https:\/\/www.kontinenzzentrum.ch\/wp-content\/uploads\/ICON_kontakt.svg\" class=\"attachment-small size-small\" alt=\"\" \/>            <\/div>            <div class=\"uk-width-expand\">\n              <h4 class=\"uk-h3\">Informieren Sie sich \u00fcber die Enukleation (Aussch\u00e4lung) der Prostata!<\/h4>\n            <\/div>\n          <\/div>\n        <\/div>\n        <div class=\"fn-info-box-content\">\n              <p><strong>Kontaktieren Sie uns<\/strong><strong>\u00a0gern\u00a0<\/strong>f\u00fcr ein individuelles Beratungsgespr\u00e4ch! Unsere Spezialisten informieren Sie gerne \u00fcber die bipolare Prostataenukleation sowie m\u00f6glichen Diagnose- und Behandlungsmethoden bei einer gutartigen Prostatavergr\u00f6sserung<strong>.<\/strong><\/p>\n<p>Sie erreichen unser KontinenzZentrum in Hirslanden, Z\u00fcrich telefonisch, <a href=\"mailto:kontinenzzentrum.hirslanden@hirslanden.ch\">per E-Mail<\/a> oder \u00fcber unser Kontaktformular.<br \/>\nUnsere Klinik ist von Montag bis Freitag zwischen 8 und 17 Uhr ge\u00f6ffnet. Nutzen Sie auch unsere Online-Terminvereinbarung!<\/p>\n<p><div class=\"uk-flex uk-child-width-auto uk-grid-small\" uk-grid><div><a class=\"uk-button uk-button-primary\" href=\"tel:+41443872910\"><i class=\"fas fa-phone-alt uk-margin-small-right\"><\/i>+41 44 387 29 10<\/a><\/div><div><a class=\"uk-button uk-button-primary\" href=\"https:\/\/www.kontinenzzentrum.ch\/de\/ueber-uns\/termin.html\"><i class=\"fas fa-comments uk-margin-small-right\"><\/i>Online Terminvereinbarung<\/a><\/div><\/div><\/p>\n        <\/div>\n      <\/div><\/div><\/div><\/div><\/div><\/div><\/div>","protected":false},"excerpt":{"rendered":"<p>Bipolare Prostataenukleation Prostata Aussch\u00e4lung bei starker Prostatavergr\u00f6sserung Bei einer sehr ausgepr\u00e4gten Prostatavergr\u00f6sserung ist der Abfluss aus der Blase so stark eingeengt, dass die Blasenentleerung nur noch unvollst\u00e4ndig m\u00f6glich ist. Betroffene M\u00e4nner leiden unter erhebliche\u00a0Beschwerden bei gutartiger Prostatavergr\u00f6sserung. H\u00e4ufig sind die verf\u00fcgbaren Medikamente nicht mehr ausreichend wirksam, um die Beschwerden durch die so ausgepr\u00e4gte vergr\u00f6sserte Prostata [&hellip;]<\/p>\n","protected":false},"author":1,"featured_media":566,"parent":1663,"menu_order":0,"comment_status":"closed","ping_status":"closed","template":"","meta":{"_acf_changed":false,"footnotes":""},"class_list":["post-1670","page","type-page","status-publish","has-post-thumbnail","hentry"],"acf":[],"yoast_head":"<!-- This site is optimized with the Yoast SEO plugin v26.9 - https:\/\/yoast.com\/product\/yoast-seo-wordpress\/ -->\n<title>Prostataenukleation | KontinenzZentrum Hirslanden Z\u00fcrich<\/title>\n<meta name=\"description\" content=\"Die Bipolare Prostataenukleation (Prostata Aussch\u00e4lung) bezeichnet ein OP-Verfahren bei gutartiger Prostatavergr\u00f6sserung. Unsere Spezialisten informieren!\" \/>\n<meta name=\"robots\" content=\"index, follow, max-snippet:-1, max-image-preview:large, max-video-preview:-1\" \/>\n<link rel=\"canonical\" href=\"https:\/\/www.kontinenzzentrum.ch\/de\/untersuchung-und-therapie\/operationen-der-prostata\/bipolare-prostataenukleation.html\" \/>\n<meta property=\"og:locale\" content=\"de_DE\" \/>\n<meta property=\"og:type\" content=\"article\" \/>\n<meta property=\"og:title\" content=\"Prostataenukleation | KontinenzZentrum Hirslanden Z\u00fcrich\" \/>\n<meta property=\"og:description\" content=\"Die Bipolare Prostataenukleation (Prostata Aussch\u00e4lung) bezeichnet ein OP-Verfahren bei gutartiger Prostatavergr\u00f6sserung. Unsere Spezialisten informieren!\" \/>\n<meta property=\"og:url\" content=\"https:\/\/www.kontinenzzentrum.ch\/de\/untersuchung-und-therapie\/operationen-der-prostata\/bipolare-prostataenukleation.html\" \/>\n<meta property=\"og:site_name\" content=\"KontinenzZentrum\" \/>\n<meta property=\"article:modified_time\" content=\"2025-03-11T15:57:00+00:00\" \/>\n<meta property=\"og:image\" content=\"https:\/\/www.kontinenzzentrum.ch\/wp-content\/uploads\/untersuchung-op-prostata-9652.jpeg\" \/>\n\t<meta property=\"og:image:width\" content=\"1920\" \/>\n\t<meta property=\"og:image:height\" content=\"450\" \/>\n\t<meta property=\"og:image:type\" content=\"image\/jpeg\" \/>\n<meta name=\"twitter:card\" content=\"summary_large_image\" \/>\n<meta name=\"twitter:label1\" content=\"Gesch\u00e4tzte Lesezeit\" \/>\n\t<meta name=\"twitter:data1\" content=\"6\u00a0Minuten\" \/>\n<script type=\"application\/ld+json\" class=\"yoast-schema-graph\">{\"@context\":\"https:\/\/schema.org\",\"@graph\":[{\"@type\":\"WebPage\",\"@id\":\"https:\/\/www.kontinenzzentrum.ch\/de\/untersuchung-und-therapie\/operationen-der-prostata\/bipolare-prostataenukleation.html\",\"url\":\"https:\/\/www.kontinenzzentrum.ch\/de\/untersuchung-und-therapie\/operationen-der-prostata\/bipolare-prostataenukleation.html\",\"name\":\"Prostataenukleation | KontinenzZentrum Hirslanden Z\u00fcrich\",\"isPartOf\":{\"@id\":\"https:\/\/www.kontinenzzentrum.ch\/de\/#website\"},\"primaryImageOfPage\":{\"@id\":\"https:\/\/www.kontinenzzentrum.ch\/de\/untersuchung-und-therapie\/operationen-der-prostata\/bipolare-prostataenukleation.html#primaryimage\"},\"image\":{\"@id\":\"https:\/\/www.kontinenzzentrum.ch\/de\/untersuchung-und-therapie\/operationen-der-prostata\/bipolare-prostataenukleation.html#primaryimage\"},\"thumbnailUrl\":\"https:\/\/www.kontinenzzentrum.ch\/wp-content\/uploads\/untersuchung-op-prostata-9652.jpeg\",\"datePublished\":\"2023-03-03T15:33:39+00:00\",\"dateModified\":\"2025-03-11T15:57:00+00:00\",\"description\":\"Die Bipolare Prostataenukleation (Prostata Aussch\u00e4lung) bezeichnet ein OP-Verfahren bei gutartiger Prostatavergr\u00f6sserung. Unsere Spezialisten informieren!\",\"breadcrumb\":{\"@id\":\"https:\/\/www.kontinenzzentrum.ch\/de\/untersuchung-und-therapie\/operationen-der-prostata\/bipolare-prostataenukleation.html#breadcrumb\"},\"inLanguage\":\"de\",\"potentialAction\":[{\"@type\":\"ReadAction\",\"target\":[\"https:\/\/www.kontinenzzentrum.ch\/de\/untersuchung-und-therapie\/operationen-der-prostata\/bipolare-prostataenukleation.html\"]}]},{\"@type\":\"ImageObject\",\"inLanguage\":\"de\",\"@id\":\"https:\/\/www.kontinenzzentrum.ch\/de\/untersuchung-und-therapie\/operationen-der-prostata\/bipolare-prostataenukleation.html#primaryimage\",\"url\":\"https:\/\/www.kontinenzzentrum.ch\/wp-content\/uploads\/untersuchung-op-prostata-9652.jpeg\",\"contentUrl\":\"https:\/\/www.kontinenzzentrum.ch\/wp-content\/uploads\/untersuchung-op-prostata-9652.jpeg\",\"width\":1920,\"height\":450},{\"@type\":\"BreadcrumbList\",\"@id\":\"https:\/\/www.kontinenzzentrum.ch\/de\/untersuchung-und-therapie\/operationen-der-prostata\/bipolare-prostataenukleation.html#breadcrumb\",\"itemListElement\":[{\"@type\":\"ListItem\",\"position\":1,\"name\":\"Startseite\",\"item\":\"https:\/\/www.kontinenzzentrum.ch\/de\"},{\"@type\":\"ListItem\",\"position\":2,\"name\":\"Untersuchung &#038; Therapie\",\"item\":\"https:\/\/www.kontinenzzentrum.ch\/de\/untersuchung-und-therapie.html\"},{\"@type\":\"ListItem\",\"position\":3,\"name\":\"Operationen der Prostata\",\"item\":\"https:\/\/www.kontinenzzentrum.ch\/de\/untersuchung-und-therapie\/operationen-der-prostata.html\"},{\"@type\":\"ListItem\",\"position\":4,\"name\":\"Bipolare Prostataenukleation\"}]},{\"@type\":\"WebSite\",\"@id\":\"https:\/\/www.kontinenzzentrum.ch\/de\/#website\",\"url\":\"https:\/\/www.kontinenzzentrum.ch\/de\/\",\"name\":\"KontinenzZentrum Hirslanden Z\u00fcrich\",\"description\":\"KontinenzZentrum Hirslanden Z\u00fcrich: Blasenst\u00f6rungen & Inkontinenz\",\"publisher\":{\"@id\":\"https:\/\/www.kontinenzzentrum.ch\/de\/#organization\"},\"potentialAction\":[{\"@type\":\"SearchAction\",\"target\":{\"@type\":\"EntryPoint\",\"urlTemplate\":\"https:\/\/www.kontinenzzentrum.ch\/de\/?s={search_term_string}\"},\"query-input\":{\"@type\":\"PropertyValueSpecification\",\"valueRequired\":true,\"valueName\":\"search_term_string\"}}],\"inLanguage\":\"de\"},{\"@type\":\"Organization\",\"@id\":\"https:\/\/www.kontinenzzentrum.ch\/de\/#organization\",\"name\":\"KontinenzZentrum Hirslanden Z\u00fcrich\",\"url\":\"https:\/\/www.kontinenzzentrum.ch\/de\/\",\"logo\":{\"@type\":\"ImageObject\",\"inLanguage\":\"de\",\"@id\":\"https:\/\/www.kontinenzzentrum.ch\/de\/#\/schema\/logo\/image\/\",\"url\":\"https:\/\/www.kontinenzzentrum.ch\/wp-content\/uploads\/Logo_KontinenzZentrum.png\",\"contentUrl\":\"https:\/\/www.kontinenzzentrum.ch\/wp-content\/uploads\/Logo_KontinenzZentrum.png\",\"width\":800,\"height\":142,\"caption\":\"KontinenzZentrum Hirslanden Z\u00fcrich\"},\"image\":{\"@id\":\"https:\/\/www.kontinenzzentrum.ch\/de\/#\/schema\/logo\/image\/\"}}]}<\/script>\n<!-- \/ Yoast SEO plugin. -->","yoast_head_json":{"title":"Prostataenukleation | KontinenzZentrum Hirslanden Z\u00fcrich","description":"Die Bipolare Prostataenukleation (Prostata Aussch\u00e4lung) bezeichnet ein OP-Verfahren bei gutartiger Prostatavergr\u00f6sserung. Unsere Spezialisten informieren!","robots":{"index":"index","follow":"follow","max-snippet":"max-snippet:-1","max-image-preview":"max-image-preview:large","max-video-preview":"max-video-preview:-1"},"canonical":"https:\/\/www.kontinenzzentrum.ch\/de\/untersuchung-und-therapie\/operationen-der-prostata\/bipolare-prostataenukleation.html","og_locale":"de_DE","og_type":"article","og_title":"Prostataenukleation | KontinenzZentrum Hirslanden Z\u00fcrich","og_description":"Die Bipolare Prostataenukleation (Prostata Aussch\u00e4lung) bezeichnet ein OP-Verfahren bei gutartiger Prostatavergr\u00f6sserung. Unsere Spezialisten informieren!","og_url":"https:\/\/www.kontinenzzentrum.ch\/de\/untersuchung-und-therapie\/operationen-der-prostata\/bipolare-prostataenukleation.html","og_site_name":"KontinenzZentrum","article_modified_time":"2025-03-11T15:57:00+00:00","og_image":[{"width":1920,"height":450,"url":"https:\/\/www.kontinenzzentrum.ch\/wp-content\/uploads\/untersuchung-op-prostata-9652.jpeg","type":"image\/jpeg"}],"twitter_card":"summary_large_image","twitter_misc":{"Gesch\u00e4tzte Lesezeit":"6\u00a0Minuten"},"schema":{"@context":"https:\/\/schema.org","@graph":[{"@type":"WebPage","@id":"https:\/\/www.kontinenzzentrum.ch\/de\/untersuchung-und-therapie\/operationen-der-prostata\/bipolare-prostataenukleation.html","url":"https:\/\/www.kontinenzzentrum.ch\/de\/untersuchung-und-therapie\/operationen-der-prostata\/bipolare-prostataenukleation.html","name":"Prostataenukleation | KontinenzZentrum Hirslanden Z\u00fcrich","isPartOf":{"@id":"https:\/\/www.kontinenzzentrum.ch\/de\/#website"},"primaryImageOfPage":{"@id":"https:\/\/www.kontinenzzentrum.ch\/de\/untersuchung-und-therapie\/operationen-der-prostata\/bipolare-prostataenukleation.html#primaryimage"},"image":{"@id":"https:\/\/www.kontinenzzentrum.ch\/de\/untersuchung-und-therapie\/operationen-der-prostata\/bipolare-prostataenukleation.html#primaryimage"},"thumbnailUrl":"https:\/\/www.kontinenzzentrum.ch\/wp-content\/uploads\/untersuchung-op-prostata-9652.jpeg","datePublished":"2023-03-03T15:33:39+00:00","dateModified":"2025-03-11T15:57:00+00:00","description":"Die Bipolare Prostataenukleation (Prostata Aussch\u00e4lung) bezeichnet ein OP-Verfahren bei gutartiger Prostatavergr\u00f6sserung. Unsere Spezialisten informieren!","breadcrumb":{"@id":"https:\/\/www.kontinenzzentrum.ch\/de\/untersuchung-und-therapie\/operationen-der-prostata\/bipolare-prostataenukleation.html#breadcrumb"},"inLanguage":"de","potentialAction":[{"@type":"ReadAction","target":["https:\/\/www.kontinenzzentrum.ch\/de\/untersuchung-und-therapie\/operationen-der-prostata\/bipolare-prostataenukleation.html"]}]},{"@type":"ImageObject","inLanguage":"de","@id":"https:\/\/www.kontinenzzentrum.ch\/de\/untersuchung-und-therapie\/operationen-der-prostata\/bipolare-prostataenukleation.html#primaryimage","url":"https:\/\/www.kontinenzzentrum.ch\/wp-content\/uploads\/untersuchung-op-prostata-9652.jpeg","contentUrl":"https:\/\/www.kontinenzzentrum.ch\/wp-content\/uploads\/untersuchung-op-prostata-9652.jpeg","width":1920,"height":450},{"@type":"BreadcrumbList","@id":"https:\/\/www.kontinenzzentrum.ch\/de\/untersuchung-und-therapie\/operationen-der-prostata\/bipolare-prostataenukleation.html#breadcrumb","itemListElement":[{"@type":"ListItem","position":1,"name":"Startseite","item":"https:\/\/www.kontinenzzentrum.ch\/de"},{"@type":"ListItem","position":2,"name":"Untersuchung &#038; Therapie","item":"https:\/\/www.kontinenzzentrum.ch\/de\/untersuchung-und-therapie.html"},{"@type":"ListItem","position":3,"name":"Operationen der Prostata","item":"https:\/\/www.kontinenzzentrum.ch\/de\/untersuchung-und-therapie\/operationen-der-prostata.html"},{"@type":"ListItem","position":4,"name":"Bipolare Prostataenukleation"}]},{"@type":"WebSite","@id":"https:\/\/www.kontinenzzentrum.ch\/de\/#website","url":"https:\/\/www.kontinenzzentrum.ch\/de\/","name":"KontinenzZentrum Hirslanden Z\u00fcrich","description":"KontinenzZentrum Hirslanden Z\u00fcrich: Blasenst\u00f6rungen & Inkontinenz","publisher":{"@id":"https:\/\/www.kontinenzzentrum.ch\/de\/#organization"},"potentialAction":[{"@type":"SearchAction","target":{"@type":"EntryPoint","urlTemplate":"https:\/\/www.kontinenzzentrum.ch\/de\/?s={search_term_string}"},"query-input":{"@type":"PropertyValueSpecification","valueRequired":true,"valueName":"search_term_string"}}],"inLanguage":"de"},{"@type":"Organization","@id":"https:\/\/www.kontinenzzentrum.ch\/de\/#organization","name":"KontinenzZentrum Hirslanden Z\u00fcrich","url":"https:\/\/www.kontinenzzentrum.ch\/de\/","logo":{"@type":"ImageObject","inLanguage":"de","@id":"https:\/\/www.kontinenzzentrum.ch\/de\/#\/schema\/logo\/image\/","url":"https:\/\/www.kontinenzzentrum.ch\/wp-content\/uploads\/Logo_KontinenzZentrum.png","contentUrl":"https:\/\/www.kontinenzzentrum.ch\/wp-content\/uploads\/Logo_KontinenzZentrum.png","width":800,"height":142,"caption":"KontinenzZentrum Hirslanden Z\u00fcrich"},"image":{"@id":"https:\/\/www.kontinenzzentrum.ch\/de\/#\/schema\/logo\/image\/"}}]}},"_links":{"self":[{"href":"https:\/\/www.kontinenzzentrum.ch\/de\/wp-json\/wp\/v2\/pages\/1670","targetHints":{"allow":["GET"]}}],"collection":[{"href":"https:\/\/www.kontinenzzentrum.ch\/de\/wp-json\/wp\/v2\/pages"}],"about":[{"href":"https:\/\/www.kontinenzzentrum.ch\/de\/wp-json\/wp\/v2\/types\/page"}],"author":[{"embeddable":true,"href":"https:\/\/www.kontinenzzentrum.ch\/de\/wp-json\/wp\/v2\/users\/1"}],"replies":[{"embeddable":true,"href":"https:\/\/www.kontinenzzentrum.ch\/de\/wp-json\/wp\/v2\/comments?post=1670"}],"version-history":[{"count":8,"href":"https:\/\/www.kontinenzzentrum.ch\/de\/wp-json\/wp\/v2\/pages\/1670\/revisions"}],"predecessor-version":[{"id":4223,"href":"https:\/\/www.kontinenzzentrum.ch\/de\/wp-json\/wp\/v2\/pages\/1670\/revisions\/4223"}],"up":[{"embeddable":true,"href":"https:\/\/www.kontinenzzentrum.ch\/de\/wp-json\/wp\/v2\/pages\/1663"}],"wp:featuredmedia":[{"embeddable":true,"href":"https:\/\/www.kontinenzzentrum.ch\/de\/wp-json\/wp\/v2\/media\/566"}],"wp:attachment":[{"href":"https:\/\/www.kontinenzzentrum.ch\/de\/wp-json\/wp\/v2\/media?parent=1670"}],"curies":[{"name":"wp","href":"https:\/\/api.w.org\/{rel}","templated":true}]}}