{"id":1677,"date":"2023-03-03T16:37:46","date_gmt":"2023-03-03T15:37:46","guid":{"rendered":"https:\/\/www.kontinenzzentrum.ch\/?page_id=1677"},"modified":"2025-03-11T18:13:51","modified_gmt":"2025-03-11T17:13:51","slug":"bipolare-prostatainzision-tuip","status":"publish","type":"page","link":"https:\/\/www.kontinenzzentrum.ch\/de\/untersuchung-und-therapie\/operationen-der-prostata\/bipolare-prostatainzision-tuip.html","title":{"rendered":"Bipolare Prostatainzision (TUIP)"},"content":{"rendered":"<div id=\"pl-1677\"  class=\"panel-layout\" ><div id=\"pg-1677-0\"  class=\"panel-grid panel-no-style\" ><div id=\"pgc-1677-0-0\"  class=\"panel-grid-cell\" ><div id=\"panel-1677-0-0-0\" class=\"so-panel widget widget_sow-editor panel-first-child panel-last-child\" data-index=\"0\" ><div\n\t\t\t\n\t\t\tclass=\"so-widget-sow-editor so-widget-sow-editor-base\"\n\t\t\t\n\t\t>\n<div class=\"siteorigin-widget-tinymce textwidget\">\n\t<h1>Bipolare Prostatainzision (TUIP)<\/h1>\n<h2>Operative Einkerbung einer wenig vergr\u00f6sserten Prostata<\/h2>\n<\/div>\n<\/div><\/div><\/div><\/div><div id=\"pg-1677-1\"  class=\"panel-grid panel-no-style\" ><div id=\"pgc-1677-1-0\"  class=\"panel-grid-cell\" ><div id=\"panel-1677-1-0-0\" class=\"so-panel widget widget_sow-editor panel-first-child panel-last-child\" data-index=\"1\" ><div\n\t\t\t\n\t\t\tclass=\"so-widget-sow-editor so-widget-sow-editor-base\"\n\t\t\t\n\t\t>\n<div class=\"siteorigin-widget-tinymce textwidget\">\n\t<p>Auch eine nur wenig vergr\u00f6sserte Prostata kann den Abfluss aus der Blase einengen und die\u00a0<a href=\"https:\/\/www.kontinenzzentrum.ch\/de\/erkrankungen\/blasenfunktionsstoerung\/gutartige-prostatavergroesserung.html\">typischen Beschwerden bei gutartiger Prostatavergr\u00f6sserung<\/a>\u00a0(Benigne Prostatahyperplasie, BPH) hervorrufen.<\/p>\n<p>Die Behandlung erfolgt in der Regel zun\u00e4chst konservativ mit Medikamenten, zum Beispiel mit Alphablockern. Sind diese Medikamente bei\u00a0<strong>gutartiger Prostatavergr\u00f6sserung<\/strong>\u00a0nicht ausreichend wirksam oder werden sie vom Patienten nicht vertragen, so kann eine\u00a0<strong>operative Einkerbung der Prostata (transurethrale Inzision der Prostata, TUIP)<\/strong>\u00a0durchgef\u00fchrt werden. Der Eingriff wird auch als\u00a0<strong>bipolare Prostatainzision<\/strong>\u00a0bezeichnet und soll die Blasenentleerung wieder ungest\u00f6rt erm\u00f6glichen.<\/p>\n<\/div>\n<\/div><\/div><\/div><div id=\"pgc-1677-1-1\"  class=\"panel-grid-cell\" ><div id=\"panel-1677-1-1-0\" class=\"so-panel widget widget_sow-image panel-first-child panel-last-child\" data-index=\"2\" ><div\n\t\t\t\n\t\t\tclass=\"so-widget-sow-image so-widget-sow-image-default-8b5b6f678277-1677\"\n\t\t\t\n\t\t>\n<div class=\"sow-image-container\">\n\t\t<img \n\tsrc=\"https:\/\/www.kontinenzzentrum.ch\/wp-content\/uploads\/vaporisation.png\" width=\"602\" height=\"358\" srcset=\"https:\/\/www.kontinenzzentrum.ch\/wp-content\/uploads\/vaporisation.png 602w, https:\/\/www.kontinenzzentrum.ch\/wp-content\/uploads\/vaporisation-300x178.png 300w\" sizes=\"(max-width: 602px) 100vw, 602px\" alt=\"Vaporisation\" \t\tclass=\"so-widget-image\"\/>\n\t<\/div>\n\n<\/div><\/div><\/div><\/div><div id=\"pg-1677-2\"  class=\"panel-grid panel-no-style\" ><div id=\"pgc-1677-2-0\"  class=\"panel-grid-cell\" ><div id=\"panel-1677-2-0-0\" class=\"so-panel widget widget_fn-info-box-widget panel-first-child panel-last-child\" data-index=\"3\" ><div\n\t\t\t\n\t\t\tclass=\"so-widget-fn-info-box-widget so-widget-fn-info-box-widget-base\"\n\t\t\t\n\t\t><div class=\"uk-child-width-1-1 uk-grid-match\" uk-grid><div>\n        <div class=\"fn-info-box-title\">\n          <div class=\"uk-grid-small\" uk-grid>            <div class=\"uk-width-auto\"><img decoding=\"async\" src=\"https:\/\/www.kontinenzzentrum.ch\/wp-content\/uploads\/ICON_info.svg\" class=\"attachment-small size-small\" alt=\"\" \/>            <\/div>            <div class=\"uk-width-expand\">\n              <h4 class=\"uk-h3\">Informieren Sie sich \u00fcber Bipolare Prostatainzision (TUIP)<\/h4>\n            <\/div>\n          <\/div>\n        <\/div>\n        <div class=\"fn-info-box-content\">\n              <p><strong>Sie sind von einer gutartigen Prostatavergr\u00f6sserung betroffen? <\/strong>Wir informieren Sie gerne \u00fcber die transurethrale Inzision der Prostata (TUIP) sowie weitere m\u00f6gliche Behandlungsmethoden.<\/p>\n<p>Sie erreichen das KontinenzZentrum Hirslanden in Z\u00fcrich telefonisch von Montag bis Freitag zwischen 8 und 17 Uhr. Nutzen Sie auch unsere Online-Terminvereinbarung!<\/p>\n<p><div class=\"uk-flex uk-child-width-auto uk-grid-small\" uk-grid><div><a class=\"uk-button uk-button-primary\" href=\"tel:+41443872910\"><i class=\"fas fa-phone-alt uk-margin-small-right\"><\/i>+41 44 387 29 10<\/a><\/div><div><a class=\"uk-button uk-button-primary\" href=\"https:\/\/www.kontinenzzentrum.ch\/de\/ueber-uns\/termin.html\"><i class=\"fas fa-comments uk-margin-small-right\"><\/i>Online Terminvereinbarung<\/a><\/div><\/div><\/p>\n        <\/div>\n      <\/div><\/div><\/div><\/div><\/div><\/div><div id=\"pg-1677-3\"  class=\"panel-grid panel-no-style\" ><div id=\"pgc-1677-3-0\"  class=\"panel-grid-cell\" ><div id=\"panel-1677-3-0-0\" class=\"so-panel widget widget_sow-editor panel-first-child\" data-index=\"4\" ><div\n\t\t\t\n\t\t\tclass=\"so-widget-sow-editor so-widget-sow-editor-base\"\n\t\t\t\n\t\t>\n<div class=\"siteorigin-widget-tinymce textwidget\">\n\t<h2>Ablauf der TUIP-Operation an der Prostata<\/h2>\n<p>Der kurze\u00a0<strong>TUIP<\/strong>-Eingriff kann in Vollnarkose oder auch unter Spinalan\u00e4sthesie erfolgen. Bei dieser\u00a0<a title=\"Prostata-Operation\" href=\"https:\/\/www.kontinenzzentrum.ch\/de\/untersuchung-und-therapie\/operationen-der-prostata.html\">Prostata-Operation<\/a>\u00a0wird die Prostata mit Hilfe eines \u00fcber die Harnr\u00f6hre (transurethral) eingef\u00fchrten optischen Instrumentes und\u00a0<strong>einer Vaporisationssonde<\/strong>\u00a0an drei Positionen eingeschnitten. Die kleinen durch die Urethra vorgenommenen Einschnitte an Prostata und Blasenhals bezeichnet man als Inzision. Durch diese Einkerbungen wird die Abflussbahn aus der Blase wieder er\u00f6ffnet. Blutungen aus er\u00f6ffneten Gef\u00e4ssen werden mit elektrischem Strom gestillt. Nach dem Eingriff wird ein Dauerkatheter eingelegt und danach f\u00fcr drei bis f\u00fcnf Tage belassen. Der Katheter wird vor der Entlassung aus dem Spital wieder entfernt. Im Anschluss ist die Blasenentleerung wieder ungest\u00f6rt und mit gutem Harnstrahl m\u00f6glich.<\/p>\n<h2>Vorteile der transurethralen Inzision<\/h2>\n<ul>\n<li>schonender Zugang zu Prostata und Harnblase \u00fcber die Urethra (Harnr\u00f6hre)<\/li>\n<li>keine Hautschnitte notwendig, daher keine sichtbaren Narben nach der OP<\/li>\n<li>wenige Tage nach dem Eingriff ist die Blasenentleerung wieder uneingeschr\u00e4nkt m\u00f6glich<\/li>\n<li>bei vielen M\u00e4nnern bleibt die F\u00e4higkeit zum *Samenerguss* nach der Operation erhalten<\/li>\n<\/ul>\n<h3>Nachsorge und Hinweise zu Vorsorgeuntersuchungen<\/h3>\n<p>Nach der\u00a0<strong>TUIP-Operation an der Prostata<\/strong>\u00a0bleiben Patienten in der Regel drei bis vier Tage im Spital. W\u00e4hrend dieser Zeit erfolgt die Blasenentleerung mithilfe eines Katheters. Nach der Entfernung des Katheters sollten Patienten viel Fl\u00fcssigkeit trinken, um die Harnblase gut zu sp\u00fclen und den Heilungsprozess zu beschleunigen. Starke K\u00f6rperliche Belastungen wie Fahrrad Fahren oder das Heben schwerer Lasten sollten in den ersten Wochen vermieden werden. Das gleiche gilt f\u00fcr Geschlechtsverkehr, heisse Vollb\u00e4der oder Saunag\u00e4nge. Selbstverst\u00e4ndlich k\u00f6nnen Patienten duschen.<\/p>\n<p>Ein gezieltes\u00a0<a title=\"Gezieltes Beckenbodentraining\" href=\"https:\/\/www.kontinenzzentrum.ch\/de\/kompetenzen\/beckenbodentherapie.html\">Beckenbodentraining<\/a>\u00a0kann dazu beitragen, schnell und dauerhaft die Kontrolle \u00fcber die Blasenentleerung wiederzuerlangen. Patienten erhalten dazu von ihrem behandelnden Arzt im KontinenzZentrum Hirslanden entsprechende Empfehlungen. Es ist wichtig, die Nachsorge gewissenhaft zu betreiben und Nachsorgetermine beim Arzt wahrzunehmen. Sollte es nach der TUIP-Operation zu Fieber \u00fcber 38 Grad kommen, sollten Patienten umgehend ihre \u00c4rztin bzw. ihren Arzt informieren.<\/p>\n<\/div>\n<\/div><\/div><div id=\"panel-1677-3-0-1\" class=\"so-panel widget widget_fn-info-box-widget\" data-index=\"5\" ><div\n\t\t\t\n\t\t\tclass=\"so-widget-fn-info-box-widget so-widget-fn-info-box-widget-base\"\n\t\t\t\n\t\t><div class=\"uk-child-width-1-1 uk-grid-match\" uk-grid><div>\n        <div class=\"fn-info-box-title\">\n          <div class=\"uk-grid-small\" uk-grid>            <div class=\"uk-width-auto\"><img decoding=\"async\" src=\"https:\/\/www.kontinenzzentrum.ch\/wp-content\/uploads\/ICON_info.svg\" class=\"attachment-small size-small\" alt=\"\" \/>            <\/div>            <div class=\"uk-width-expand\">\n              <h4 class=\"uk-h3\">Wichtiger Hinweis zur Krebsvorsorge<\/h4>\n            <\/div>\n          <\/div>\n        <\/div>\n        <div class=\"fn-info-box-content\">\n              <p>Da bei der TUIP-Operation kein Gewebe entfernt wird, kann es in der Folge erneut zu einem Wachstum der Prostata kommen. Auch das Risiko einer Prostatakrebs-Erkrankung bleibt bestehen. Patienten sollten daher unbedingt regelm\u00e4ssige Krebsvorsorgeuntersuchungen beim Urologen wahrnehmen.<\/p>\n        <\/div>\n      <\/div><\/div><\/div><\/div><div id=\"panel-1677-3-0-2\" class=\"so-panel widget widget_sow-editor\" data-index=\"6\" ><div\n\t\t\t\n\t\t\tclass=\"so-widget-sow-editor so-widget-sow-editor-base\"\n\t\t\t\n\t\t>\n<div class=\"siteorigin-widget-tinymce textwidget\">\n\t<h3>Alternative Verfahren zur bipolaren Prostatainzision<\/h3>\n<p>Kommt es in Folge einer geringf\u00fcgigen gutartigen Prostatavergr\u00f6sserung zu einer Blasenhalsverengung, kann eine\u00a0<a title=\"Blasenhalsinzision bei Blasenhalsverengung\" href=\"https:\/\/www.kontinenzzentrum.ch\/de\/untersuchung-und-therapie\/operationen-der-prostata\/blasenhalsinzision.html\">Blasenhalsinzision<\/a>\u00a0vorgenommen werden. Dieses Verfahren kann auch durchgef\u00fchrt werden, falls es nach einer Prostata-OP zu einer verst\u00e4rkten Vernarbung im Bereich des Blasenhalses kommt.<\/p>\n<p>Ist die Prostata gering oder m\u00e4ssig vergr\u00f6ssert, kann die Prostataoperation im\u00a0<a title=\"Mehr zum TURP-Verfahren\" href=\"https:\/\/www.kontinenzzentrum.ch\/de\/untersuchung-und-therapie\/operationen-der-prostata\/bipolare-resektion-der-prostata-turp.html\">TURP<\/a>-Verfahren durchgef\u00fchrt werden. Dies ist aktuell das Standardverfahren zur Behandlung einer gutartigen Prostatavergr\u00f6sserung und wird ebenfalls transurethral vorgenommen. Unter bestimmten Voraussetzungen kann bei der transurethralen\u00a0<a title=\"Prostataresektion zum Erhalt der F\u00e4higkeit zum Samenerguss\" href=\"https:\/\/www.kontinenzzentrum.ch\/de\/untersuchung-und-therapie\/operationen-der-prostata\/ejakulationserhaltende-prostataresektion.html\">Prostataresektion die F\u00e4higkeit zum Samenerguss nach der Prostataoperation<\/a>\u00a0erhalten werden.<\/p>\n<p>Ist die Prostata bereits stark vergr\u00f6ssert, besteht die M\u00f6glichkeit, die\u00a0<a title=\"Da Vinci Methode bei Prostata-Vergr\u00f6sserung\" href=\"https:\/\/www.kontinenzzentrum.ch\/de\/untersuchung-und-therapie\/operationen-der-prostata\/da-vinci-op-bei-gutartig-vergroesserter-prostata.html\">moderne Da Vinci-Methode zur Behandlung der Prostata-Vergr\u00f6sserung<\/a>\u00a0einzusetzen. Bei dieser wird der Operateur durch den Operationsroboter Da Vinci\u00ae unterst\u00fctzt, mithilfe dessen deutlich kleinere und genauere Schnitte m\u00f6glich sind und ein schonender Zugang zu Blase und Prostata erfolgt.<\/p>\n<p>Welches Verfahren in Ihrem individuellen Fall durchgef\u00fchrt werden kann, kl\u00e4rt der behandelnde Arzt nach eingehenden Untersuchungen in einem ausf\u00fchrlichen Patientengespr\u00e4ch.<\/p>\n<\/div>\n<\/div><\/div><div id=\"panel-1677-3-0-3\" class=\"so-panel widget widget_fn-info-box-widget panel-last-child\" data-index=\"7\" ><div\n\t\t\t\n\t\t\tclass=\"so-widget-fn-info-box-widget so-widget-fn-info-box-widget-base\"\n\t\t\t\n\t\t><div class=\"uk-child-width-1-1 uk-grid-match\" uk-grid><div>\n        <div class=\"fn-info-box-title\">\n          <div class=\"uk-grid-small\" uk-grid>            <div class=\"uk-width-auto\"><img decoding=\"async\" src=\"https:\/\/www.kontinenzzentrum.ch\/wp-content\/uploads\/ICON_kontakt.svg\" class=\"attachment-small size-small\" alt=\"\" \/>            <\/div>            <div class=\"uk-width-expand\">\n              <h4 class=\"uk-h3\">Informieren Sie sich \u00fcber die transurethrale Inzision der Prostata (TUIP)<\/h4>\n            <\/div>\n          <\/div>\n        <\/div>\n        <div class=\"fn-info-box-content\">\n              <p><strong>Kontaktieren Sie uns<\/strong> f\u00fcr ein Beratungsgespr\u00e4ch! Wir informieren Sie gerne \u00fcber die transurethrale Inzision der Prostata (TUIP) sowie m\u00f6gliche Diagnose- und Behandlungsmethoden bei gutartiger Prostatavergr\u00f6sserung.<\/p>\n<p>Sie erreichen unser KontinenzZentrum in Hirslanden, Z\u00fcrich telefonisch, <a href=\"mailto:kontinenzzentrum.hirslanden@hirslanden.ch\">per E-Mail<\/a> oder \u00fcber unser Kontaktformular. Nutzen Sie auch unsere Online-Terminvereinbarung!<\/p>\n<p><div class=\"uk-flex uk-child-width-auto uk-grid-small\" uk-grid><div><a class=\"uk-button uk-button-primary\" href=\"tel:+41443872910\"><i class=\"fas fa-phone-alt uk-margin-small-right\"><\/i>+41 44 387 29 10<\/a><\/div><div><a class=\"uk-button uk-button-primary\" href=\"https:\/\/www.kontinenzzentrum.ch\/de\/ueber-uns\/termin.html\"><i class=\"fas fa-comments uk-margin-small-right\"><\/i>Online Terminvereinbarung<\/a><\/div><\/div><\/p>\n        <\/div>\n      <\/div><\/div><\/div><\/div><\/div><\/div><\/div>","protected":false},"excerpt":{"rendered":"<p>Bipolare Prostatainzision (TUIP) Operative Einkerbung einer wenig vergr\u00f6sserten Prostata Auch eine nur wenig vergr\u00f6sserte Prostata kann den Abfluss aus der Blase einengen und die\u00a0typischen Beschwerden bei gutartiger Prostatavergr\u00f6sserung\u00a0(Benigne Prostatahyperplasie, BPH) hervorrufen. Die Behandlung erfolgt in der Regel zun\u00e4chst konservativ mit Medikamenten, zum Beispiel mit Alphablockern. Sind diese Medikamente bei\u00a0gutartiger Prostatavergr\u00f6sserung\u00a0nicht ausreichend wirksam oder werden sie [&hellip;]<\/p>\n","protected":false},"author":1,"featured_media":566,"parent":1663,"menu_order":0,"comment_status":"closed","ping_status":"closed","template":"","meta":{"_acf_changed":false,"footnotes":""},"class_list":["post-1677","page","type-page","status-publish","has-post-thumbnail","hentry"],"acf":[],"yoast_head":"<!-- This site is optimized with the Yoast SEO plugin v26.9 - https:\/\/yoast.com\/product\/yoast-seo-wordpress\/ -->\n<title>TUIP: Transurethrale Inzision der Prostata | KontinenzZentrum Hirslanden<\/title>\n<meta name=\"description\" content=\"TUIP ist ein Operationsverfahren zur Behandlung einer gutartig vergr\u00f6sserten Prostata. Unsere Spezialisten informieren zu Ablauf, Vorteilen &amp; Nachsorge.\" \/>\n<meta name=\"robots\" content=\"index, follow, max-snippet:-1, max-image-preview:large, max-video-preview:-1\" \/>\n<link rel=\"canonical\" href=\"https:\/\/www.kontinenzzentrum.ch\/de\/untersuchung-und-therapie\/operationen-der-prostata\/bipolare-prostatainzision-tuip.html\" \/>\n<meta property=\"og:locale\" content=\"de_DE\" \/>\n<meta property=\"og:type\" content=\"article\" \/>\n<meta property=\"og:title\" content=\"TUIP: Transurethrale Inzision der Prostata | KontinenzZentrum Hirslanden\" \/>\n<meta property=\"og:description\" content=\"TUIP ist ein Operationsverfahren zur Behandlung einer gutartig vergr\u00f6sserten Prostata. Unsere Spezialisten informieren zu Ablauf, Vorteilen &amp; Nachsorge.\" \/>\n<meta property=\"og:url\" content=\"https:\/\/www.kontinenzzentrum.ch\/de\/untersuchung-und-therapie\/operationen-der-prostata\/bipolare-prostatainzision-tuip.html\" \/>\n<meta property=\"og:site_name\" content=\"KontinenzZentrum\" \/>\n<meta property=\"article:modified_time\" content=\"2025-03-11T17:13:51+00:00\" \/>\n<meta property=\"og:image\" content=\"https:\/\/www.kontinenzzentrum.ch\/wp-content\/uploads\/untersuchung-op-prostata-9652.jpeg\" \/>\n\t<meta property=\"og:image:width\" content=\"1920\" \/>\n\t<meta property=\"og:image:height\" content=\"450\" \/>\n\t<meta property=\"og:image:type\" content=\"image\/jpeg\" \/>\n<meta name=\"twitter:card\" content=\"summary_large_image\" \/>\n<meta name=\"twitter:label1\" content=\"Gesch\u00e4tzte Lesezeit\" \/>\n\t<meta name=\"twitter:data1\" content=\"5\u00a0Minuten\" \/>\n<script type=\"application\/ld+json\" class=\"yoast-schema-graph\">{\"@context\":\"https:\/\/schema.org\",\"@graph\":[{\"@type\":\"WebPage\",\"@id\":\"https:\/\/www.kontinenzzentrum.ch\/de\/untersuchung-und-therapie\/operationen-der-prostata\/bipolare-prostatainzision-tuip.html\",\"url\":\"https:\/\/www.kontinenzzentrum.ch\/de\/untersuchung-und-therapie\/operationen-der-prostata\/bipolare-prostatainzision-tuip.html\",\"name\":\"TUIP: Transurethrale Inzision der Prostata | KontinenzZentrum Hirslanden\",\"isPartOf\":{\"@id\":\"https:\/\/www.kontinenzzentrum.ch\/de\/#website\"},\"primaryImageOfPage\":{\"@id\":\"https:\/\/www.kontinenzzentrum.ch\/de\/untersuchung-und-therapie\/operationen-der-prostata\/bipolare-prostatainzision-tuip.html#primaryimage\"},\"image\":{\"@id\":\"https:\/\/www.kontinenzzentrum.ch\/de\/untersuchung-und-therapie\/operationen-der-prostata\/bipolare-prostatainzision-tuip.html#primaryimage\"},\"thumbnailUrl\":\"https:\/\/www.kontinenzzentrum.ch\/wp-content\/uploads\/untersuchung-op-prostata-9652.jpeg\",\"datePublished\":\"2023-03-03T15:37:46+00:00\",\"dateModified\":\"2025-03-11T17:13:51+00:00\",\"description\":\"TUIP ist ein Operationsverfahren zur Behandlung einer gutartig vergr\u00f6sserten Prostata. Unsere Spezialisten informieren zu Ablauf, Vorteilen & Nachsorge.\",\"breadcrumb\":{\"@id\":\"https:\/\/www.kontinenzzentrum.ch\/de\/untersuchung-und-therapie\/operationen-der-prostata\/bipolare-prostatainzision-tuip.html#breadcrumb\"},\"inLanguage\":\"de\",\"potentialAction\":[{\"@type\":\"ReadAction\",\"target\":[\"https:\/\/www.kontinenzzentrum.ch\/de\/untersuchung-und-therapie\/operationen-der-prostata\/bipolare-prostatainzision-tuip.html\"]}]},{\"@type\":\"ImageObject\",\"inLanguage\":\"de\",\"@id\":\"https:\/\/www.kontinenzzentrum.ch\/de\/untersuchung-und-therapie\/operationen-der-prostata\/bipolare-prostatainzision-tuip.html#primaryimage\",\"url\":\"https:\/\/www.kontinenzzentrum.ch\/wp-content\/uploads\/untersuchung-op-prostata-9652.jpeg\",\"contentUrl\":\"https:\/\/www.kontinenzzentrum.ch\/wp-content\/uploads\/untersuchung-op-prostata-9652.jpeg\",\"width\":1920,\"height\":450},{\"@type\":\"BreadcrumbList\",\"@id\":\"https:\/\/www.kontinenzzentrum.ch\/de\/untersuchung-und-therapie\/operationen-der-prostata\/bipolare-prostatainzision-tuip.html#breadcrumb\",\"itemListElement\":[{\"@type\":\"ListItem\",\"position\":1,\"name\":\"Startseite\",\"item\":\"https:\/\/www.kontinenzzentrum.ch\/de\"},{\"@type\":\"ListItem\",\"position\":2,\"name\":\"Untersuchung &#038; Therapie\",\"item\":\"https:\/\/www.kontinenzzentrum.ch\/de\/untersuchung-und-therapie.html\"},{\"@type\":\"ListItem\",\"position\":3,\"name\":\"Operationen der Prostata\",\"item\":\"https:\/\/www.kontinenzzentrum.ch\/de\/untersuchung-und-therapie\/operationen-der-prostata.html\"},{\"@type\":\"ListItem\",\"position\":4,\"name\":\"Bipolare Prostatainzision (TUIP)\"}]},{\"@type\":\"WebSite\",\"@id\":\"https:\/\/www.kontinenzzentrum.ch\/de\/#website\",\"url\":\"https:\/\/www.kontinenzzentrum.ch\/de\/\",\"name\":\"KontinenzZentrum Hirslanden Z\u00fcrich\",\"description\":\"KontinenzZentrum Hirslanden Z\u00fcrich: Blasenst\u00f6rungen & Inkontinenz\",\"publisher\":{\"@id\":\"https:\/\/www.kontinenzzentrum.ch\/de\/#organization\"},\"potentialAction\":[{\"@type\":\"SearchAction\",\"target\":{\"@type\":\"EntryPoint\",\"urlTemplate\":\"https:\/\/www.kontinenzzentrum.ch\/de\/?s={search_term_string}\"},\"query-input\":{\"@type\":\"PropertyValueSpecification\",\"valueRequired\":true,\"valueName\":\"search_term_string\"}}],\"inLanguage\":\"de\"},{\"@type\":\"Organization\",\"@id\":\"https:\/\/www.kontinenzzentrum.ch\/de\/#organization\",\"name\":\"KontinenzZentrum Hirslanden Z\u00fcrich\",\"url\":\"https:\/\/www.kontinenzzentrum.ch\/de\/\",\"logo\":{\"@type\":\"ImageObject\",\"inLanguage\":\"de\",\"@id\":\"https:\/\/www.kontinenzzentrum.ch\/de\/#\/schema\/logo\/image\/\",\"url\":\"https:\/\/www.kontinenzzentrum.ch\/wp-content\/uploads\/Logo_KontinenzZentrum.png\",\"contentUrl\":\"https:\/\/www.kontinenzzentrum.ch\/wp-content\/uploads\/Logo_KontinenzZentrum.png\",\"width\":800,\"height\":142,\"caption\":\"KontinenzZentrum Hirslanden Z\u00fcrich\"},\"image\":{\"@id\":\"https:\/\/www.kontinenzzentrum.ch\/de\/#\/schema\/logo\/image\/\"}}]}<\/script>\n<!-- \/ Yoast SEO plugin. -->","yoast_head_json":{"title":"TUIP: Transurethrale Inzision der Prostata | KontinenzZentrum Hirslanden","description":"TUIP ist ein Operationsverfahren zur Behandlung einer gutartig vergr\u00f6sserten Prostata. Unsere Spezialisten informieren zu Ablauf, Vorteilen & Nachsorge.","robots":{"index":"index","follow":"follow","max-snippet":"max-snippet:-1","max-image-preview":"max-image-preview:large","max-video-preview":"max-video-preview:-1"},"canonical":"https:\/\/www.kontinenzzentrum.ch\/de\/untersuchung-und-therapie\/operationen-der-prostata\/bipolare-prostatainzision-tuip.html","og_locale":"de_DE","og_type":"article","og_title":"TUIP: Transurethrale Inzision der Prostata | KontinenzZentrum Hirslanden","og_description":"TUIP ist ein Operationsverfahren zur Behandlung einer gutartig vergr\u00f6sserten Prostata. Unsere Spezialisten informieren zu Ablauf, Vorteilen & Nachsorge.","og_url":"https:\/\/www.kontinenzzentrum.ch\/de\/untersuchung-und-therapie\/operationen-der-prostata\/bipolare-prostatainzision-tuip.html","og_site_name":"KontinenzZentrum","article_modified_time":"2025-03-11T17:13:51+00:00","og_image":[{"width":1920,"height":450,"url":"https:\/\/www.kontinenzzentrum.ch\/wp-content\/uploads\/untersuchung-op-prostata-9652.jpeg","type":"image\/jpeg"}],"twitter_card":"summary_large_image","twitter_misc":{"Gesch\u00e4tzte Lesezeit":"5\u00a0Minuten"},"schema":{"@context":"https:\/\/schema.org","@graph":[{"@type":"WebPage","@id":"https:\/\/www.kontinenzzentrum.ch\/de\/untersuchung-und-therapie\/operationen-der-prostata\/bipolare-prostatainzision-tuip.html","url":"https:\/\/www.kontinenzzentrum.ch\/de\/untersuchung-und-therapie\/operationen-der-prostata\/bipolare-prostatainzision-tuip.html","name":"TUIP: Transurethrale Inzision der Prostata | KontinenzZentrum Hirslanden","isPartOf":{"@id":"https:\/\/www.kontinenzzentrum.ch\/de\/#website"},"primaryImageOfPage":{"@id":"https:\/\/www.kontinenzzentrum.ch\/de\/untersuchung-und-therapie\/operationen-der-prostata\/bipolare-prostatainzision-tuip.html#primaryimage"},"image":{"@id":"https:\/\/www.kontinenzzentrum.ch\/de\/untersuchung-und-therapie\/operationen-der-prostata\/bipolare-prostatainzision-tuip.html#primaryimage"},"thumbnailUrl":"https:\/\/www.kontinenzzentrum.ch\/wp-content\/uploads\/untersuchung-op-prostata-9652.jpeg","datePublished":"2023-03-03T15:37:46+00:00","dateModified":"2025-03-11T17:13:51+00:00","description":"TUIP ist ein Operationsverfahren zur Behandlung einer gutartig vergr\u00f6sserten Prostata. Unsere Spezialisten informieren zu Ablauf, Vorteilen & Nachsorge.","breadcrumb":{"@id":"https:\/\/www.kontinenzzentrum.ch\/de\/untersuchung-und-therapie\/operationen-der-prostata\/bipolare-prostatainzision-tuip.html#breadcrumb"},"inLanguage":"de","potentialAction":[{"@type":"ReadAction","target":["https:\/\/www.kontinenzzentrum.ch\/de\/untersuchung-und-therapie\/operationen-der-prostata\/bipolare-prostatainzision-tuip.html"]}]},{"@type":"ImageObject","inLanguage":"de","@id":"https:\/\/www.kontinenzzentrum.ch\/de\/untersuchung-und-therapie\/operationen-der-prostata\/bipolare-prostatainzision-tuip.html#primaryimage","url":"https:\/\/www.kontinenzzentrum.ch\/wp-content\/uploads\/untersuchung-op-prostata-9652.jpeg","contentUrl":"https:\/\/www.kontinenzzentrum.ch\/wp-content\/uploads\/untersuchung-op-prostata-9652.jpeg","width":1920,"height":450},{"@type":"BreadcrumbList","@id":"https:\/\/www.kontinenzzentrum.ch\/de\/untersuchung-und-therapie\/operationen-der-prostata\/bipolare-prostatainzision-tuip.html#breadcrumb","itemListElement":[{"@type":"ListItem","position":1,"name":"Startseite","item":"https:\/\/www.kontinenzzentrum.ch\/de"},{"@type":"ListItem","position":2,"name":"Untersuchung &#038; Therapie","item":"https:\/\/www.kontinenzzentrum.ch\/de\/untersuchung-und-therapie.html"},{"@type":"ListItem","position":3,"name":"Operationen der Prostata","item":"https:\/\/www.kontinenzzentrum.ch\/de\/untersuchung-und-therapie\/operationen-der-prostata.html"},{"@type":"ListItem","position":4,"name":"Bipolare Prostatainzision (TUIP)"}]},{"@type":"WebSite","@id":"https:\/\/www.kontinenzzentrum.ch\/de\/#website","url":"https:\/\/www.kontinenzzentrum.ch\/de\/","name":"KontinenzZentrum Hirslanden Z\u00fcrich","description":"KontinenzZentrum Hirslanden Z\u00fcrich: Blasenst\u00f6rungen & Inkontinenz","publisher":{"@id":"https:\/\/www.kontinenzzentrum.ch\/de\/#organization"},"potentialAction":[{"@type":"SearchAction","target":{"@type":"EntryPoint","urlTemplate":"https:\/\/www.kontinenzzentrum.ch\/de\/?s={search_term_string}"},"query-input":{"@type":"PropertyValueSpecification","valueRequired":true,"valueName":"search_term_string"}}],"inLanguage":"de"},{"@type":"Organization","@id":"https:\/\/www.kontinenzzentrum.ch\/de\/#organization","name":"KontinenzZentrum Hirslanden Z\u00fcrich","url":"https:\/\/www.kontinenzzentrum.ch\/de\/","logo":{"@type":"ImageObject","inLanguage":"de","@id":"https:\/\/www.kontinenzzentrum.ch\/de\/#\/schema\/logo\/image\/","url":"https:\/\/www.kontinenzzentrum.ch\/wp-content\/uploads\/Logo_KontinenzZentrum.png","contentUrl":"https:\/\/www.kontinenzzentrum.ch\/wp-content\/uploads\/Logo_KontinenzZentrum.png","width":800,"height":142,"caption":"KontinenzZentrum Hirslanden Z\u00fcrich"},"image":{"@id":"https:\/\/www.kontinenzzentrum.ch\/de\/#\/schema\/logo\/image\/"}}]}},"_links":{"self":[{"href":"https:\/\/www.kontinenzzentrum.ch\/de\/wp-json\/wp\/v2\/pages\/1677","targetHints":{"allow":["GET"]}}],"collection":[{"href":"https:\/\/www.kontinenzzentrum.ch\/de\/wp-json\/wp\/v2\/pages"}],"about":[{"href":"https:\/\/www.kontinenzzentrum.ch\/de\/wp-json\/wp\/v2\/types\/page"}],"author":[{"embeddable":true,"href":"https:\/\/www.kontinenzzentrum.ch\/de\/wp-json\/wp\/v2\/users\/1"}],"replies":[{"embeddable":true,"href":"https:\/\/www.kontinenzzentrum.ch\/de\/wp-json\/wp\/v2\/comments?post=1677"}],"version-history":[{"count":8,"href":"https:\/\/www.kontinenzzentrum.ch\/de\/wp-json\/wp\/v2\/pages\/1677\/revisions"}],"predecessor-version":[{"id":4226,"href":"https:\/\/www.kontinenzzentrum.ch\/de\/wp-json\/wp\/v2\/pages\/1677\/revisions\/4226"}],"up":[{"embeddable":true,"href":"https:\/\/www.kontinenzzentrum.ch\/de\/wp-json\/wp\/v2\/pages\/1663"}],"wp:featuredmedia":[{"embeddable":true,"href":"https:\/\/www.kontinenzzentrum.ch\/de\/wp-json\/wp\/v2\/media\/566"}],"wp:attachment":[{"href":"https:\/\/www.kontinenzzentrum.ch\/de\/wp-json\/wp\/v2\/media?parent=1677"}],"curies":[{"name":"wp","href":"https:\/\/api.w.org\/{rel}","templated":true}]}}