{"id":1719,"date":"2023-03-03T16:52:50","date_gmt":"2023-03-03T15:52:50","guid":{"rendered":"https:\/\/www.kontinenzzentrum.ch\/?page_id=1719"},"modified":"2025-01-28T14:36:37","modified_gmt":"2025-01-28T13:36:37","slug":"blasenhalsinzision","status":"publish","type":"page","link":"https:\/\/www.kontinenzzentrum.ch\/de\/untersuchung-und-therapie\/operationen-der-prostata\/blasenhalsinzision.html","title":{"rendered":"Blasenhalsinzision"},"content":{"rendered":"<div id=\"pl-1719\"  class=\"panel-layout\" ><div id=\"pg-1719-0\"  class=\"panel-grid panel-no-style\" ><div id=\"pgc-1719-0-0\"  class=\"panel-grid-cell\" ><div id=\"panel-1719-0-0-0\" class=\"so-panel widget widget_sow-editor panel-first-child\" data-index=\"0\" ><div\n\t\t\t\n\t\t\tclass=\"so-widget-sow-editor so-widget-sow-editor-base\"\n\t\t\t\n\t\t>\n<div class=\"siteorigin-widget-tinymce textwidget\">\n\t<h1>Blasenhalsinzision bei Blasenhalsstenose<\/h1>\n<h2>Operative Er\u00f6ffnung einer narbigen Blasenhalsverengung<\/h2>\n<p><img decoding=\"async\" class=\"alignright\" title=\"\" src=\"https:\/\/www.kontinenzzentrum.ch\/wp-content\/uploads\/untersuchung-operation-harnroehre-10221-txt.jpeg\" alt=\"\" width=\"458\" height=\"356\" \/><br \/>\nEine\u00a0<strong>Blasenhalsverengung<\/strong>, Blasenhalsenge oder Blasenhalsstenose ist eine\u00a0<strong>Verengung am \u00dcbergang von der Harnblase zur Prostata<\/strong>. Der Urin kann so nur erschwert aus der Blase abfliessen.<\/p>\n<p>Bei einer\u00a0<strong>Blasenhalsenge<\/strong> ist der Harnstrahl abgeschw\u00e4cht, auch weitere Beschwerden wie wiederkehrende <a title=\"Blasenentz\u00fcndungen\" href=\"https:\/\/www.kontinenzzentrum.ch\/de\/erkrankungen\/schmerz-und-entzuendungen\/blasenentzuendung.html\">Blasenentz\u00fcndungen<\/a>,\u00a0<a title=\"Restharn bei unvollst\u00e4ndiger Blasenentleerung\" href=\"https:\/\/www.kontinenzzentrum.ch\/de\/erkrankungen\/blasenfunktionsstoerung\/restharn-unvollstaendige-blasenentleerung.html\">Restharn<\/a>\u00a0in der Blase sowie Brennen und Schmerzen beim Wasserlassen k\u00f6nnen auftreten.<\/p>\n<p>Ist die\u00a0<strong>Blasenhalsenge<\/strong>\u00a0im Anfangsstadium \u00fcberwiegend durch eine Muskelverkrampfung bedingt, k\u00f6nnen Medikamente wie Alpha-Blocker versucht werden.<\/p>\n<p>Ist die Verengung fortgeschritten und \u00fcberwiegend durch eine Vernarbung bedingt, so wird eine operative Er\u00f6ffnung durchgef\u00fchrt: Die\u00a0<strong>Blasenhalsinzision<\/strong>.<\/p>\n<p>&nbsp;<\/p>\n<\/div>\n<\/div><\/div><div id=\"panel-1719-0-0-1\" class=\"so-panel widget widget_fn-info-box-widget\" data-index=\"1\" ><div\n\t\t\t\n\t\t\tclass=\"so-widget-fn-info-box-widget so-widget-fn-info-box-widget-base\"\n\t\t\t\n\t\t><div class=\"uk-child-width-1-1 uk-grid-match\" uk-grid><div>\n        <div class=\"fn-info-box-title\">\n          <div class=\"uk-grid-small\" uk-grid>            <div class=\"uk-width-auto\"><img decoding=\"async\" src=\"https:\/\/www.kontinenzzentrum.ch\/wp-content\/uploads\/ICON_kontakt.svg\" class=\"attachment-small size-small\" alt=\"\" \/>            <\/div>            <div class=\"uk-width-expand\">\n              <h4 class=\"uk-h3\">Informieren Sie sich \u00fcber die Blasenhalsinzision<\/h4>\n            <\/div>\n          <\/div>\n        <\/div>\n        <div class=\"fn-info-box-content\">\n              <p><strong>Kontaktieren Sie uns<\/strong> f\u00fcr ein Beratungsgespr\u00e4ch! Wir informieren Sie gerne ausf\u00fchrlich zur <strong>Blasenhalsinzision<\/strong><strong>.<\/strong> Sie erreichen das KontinenzZentrum Hirslanden in Z\u00fcrich telefonisch von Montag bis Freitag zwischen 8 und 17 Uhr.<\/p>\n<p>Nutzen Sie auch unsere Online-Terminvereinbarung!<\/p>\n<p><div class=\"uk-flex uk-child-width-auto uk-grid-small\" uk-grid><div><a class=\"uk-button uk-button-primary\" href=\"tel:+41443872910\"><i class=\"fas fa-phone-alt uk-margin-small-right\"><\/i>+41 44 387 29 10<\/a><\/div><div><a class=\"uk-button uk-button-primary\" href=\"https:\/\/www.kontinenzzentrum.ch\/de\/ueber-uns\/termin.html\"><i class=\"fas fa-comments uk-margin-small-right\"><\/i>Online Terminvereinbarung<\/a><\/div><\/div><\/p>\n        <\/div>\n      <\/div><\/div><\/div><\/div><div id=\"panel-1719-0-0-2\" class=\"so-panel widget widget_sow-editor\" data-index=\"2\" ><div\n\t\t\t\n\t\t\tclass=\"so-widget-sow-editor so-widget-sow-editor-base\"\n\t\t\t\n\t\t>\n<div class=\"siteorigin-widget-tinymce textwidget\">\n\t<h2>Ursachen f\u00fcr eine Blasenhalsverengung<\/h2>\n<p><strong>Eine Verengung des Blasenhalses ist ein h\u00e4ufiges Krankheitsbild in der Urologie und kann mehrere Ursachen haben:<\/strong><\/p>\n<ul>\n<li>Verkrampfung der Muskulatur am Blasenhals<\/li>\n<li><a title=\"Gutartige Prostatavergr\u00f6sserung (Benigne Prostatahyperplasie)\" href=\"https:\/\/www.kontinenzzentrum.ch\/de\/erkrankungen\/blasenfunktionsstoerung\/gutartige-prostatavergroesserung.html\">Gutartige Prostatavergr\u00f6sserung<\/a>, wodurch das Prostatagewebe auf den Blasenhals dr\u00fcckt und die Harnr\u00f6hre an dieser Stelle verengt<\/li>\n<li>Vernarbung aufgrund chronischer Entz\u00fcndungen der Prostata<\/li>\n<li>Vernarbung in Folge operativer Eingriffe an der Prostata zur Behandlung eines benignen Prostatasyndroms (BPS) oder eines Prostatakarzinoms<\/li>\n<li>seltener: Angeborene Fehlbildung am Blasenhals oder mechanische Verletzung<\/li>\n<\/ul>\n<p>Im Zuge einer Operation an der Prostata kann es zur vermehrten Narbenbildung am \u00dcbergang von Harnblase und Prostata kommen. Meistens tritt die Blasenhalsstenose bei Patienten nach einer radikalen Prostatektomie auf, bei der die Prostata zur Behandlung von Prostatakrebs vollst\u00e4ndig entfernt wird. Auch bei transurethral durchgef\u00fchrten Prostata-OPs \u2013 also Operationen, bei denen die Instrumente durch die Harnr\u00f6hre gef\u00fchrt werden, um das innere Prostatagewebe abzutragen \u2013 kann in der Folge eine Blasenhalsverengung auftreten. Stellen Patienten nach der Prostata-OP die oben genannten Beschwerden fest, sind genaue urologische Untersuchungen sowie gegebenenfalls eine Operation zur Behandlung der Blasenhalsverengung notwendig.<\/p>\n<h2>Ablauf der Operation zur Behandlung einer Blasenhalsstenose<\/h2>\n<p>Der kurze Eingriff kann in Vollnarkose oder auch unter Spinalan\u00e4sthesie erfolgen. W\u00e4hrend dieser\u00a0<a title=\"Prostata-Operation\" href=\"https:\/\/www.kontinenzzentrum.ch\/de\/untersuchung-und-therapie\/operationen-der-prostata.html\">Prostata-Operation<\/a>\u00a0wird die Verengung mit Hilfe eines \u00fcber die Harnr\u00f6hre eingef\u00fchrten optischen Instrumentes und eines elektrischen H\u00e4kchens eingeschnitten (<strong>Blasenhalsinzision<\/strong>) oder mit einer elektrischen Schlinge das gesamte narbige Gewebe als\u00a0<strong>Blasenhalsrekonstruktion<\/strong>\u00a0abgetragen. Blutungen aus er\u00f6ffneten Gef\u00e4ssen werden mit elektrischem Strom gestillt. Nach dem Eingriff wird ein Dauerkatheter eingelegt und danach f\u00fcr drei bis f\u00fcnf Tage belassen. Nach Entfernung des Katheters ist die Blasenentleerung wieder ungest\u00f6rt und mit gutem Harnstrahl m\u00f6glich.<\/p>\n<h3>Durchf\u00fchrung der Blasenhalsrekonstruktion mit der Da Vinci Methode<\/h3>\n<p>Die<strong>Blasenhalsrekonstruktion<\/strong>\u00a0wird normalerweise als offene Harnr\u00f6hren-Operation durchgef\u00fchrt. Hier kann auch die moderne\u00a0<a title=\"Da Vinci Methode bei Prostata-Operationen\" href=\"https:\/\/www.kontinenzzentrum.ch\/de\/untersuchung-und-therapie\/operationen-der-prostata\/da-vinci-op-bei-gutartig-vergroesserter-prostata.html\">minimal-invasive Da Vinci Methode<\/a>\u00a0zum Einsatz kommen. Bei der sogenannten \u201elaparoskopischen roboterassistierten Operation\u201c wird der Eingriff per Bauchspiegelung und mit Unterst\u00fctzung des Operationsroboters Da Vinci durchgef\u00fchrt. Durch wenige kleine Hautschnitte auf H\u00f6he des Bauchnabels werden die Operationsinstrumente eingef\u00fchrt. Der Operationsroboter Da Vinci \u00fcbertr\u00e4gt die Bewegungen des Operateurs \u00e4usserst pr\u00e4zise auf die Instrumente. Eine hochaufl\u00f6sende Kamera bietet dem Arzt zudem eine detaillierte 3D-Ansicht des Operationsfeldes. Dadurch kann er viel kleinere und genauere Schnitte vornehmen. Die Vorteile dieser Methode sind unter anderem ein geringerer Blutverlust, die bestm\u00f6gliche Schonung von Nerven und Gewebe des Patienten sowie ein verk\u00fcrzter Heilungsprozess durch den schonenden Zugang zu Harnr\u00f6hre, Harnblase und Prostata.<\/p>\n<p>Welche Operationsmethode angewendet werden kann, h\u00e4ngt von den individuellen Voraussetzungen eines Patienten sowie den Ursachen und dem Fortschritt der Blasenhalsstenose ab. Der behandelnde Arzt wird vor dem m\u00f6glichen Eingriff alle Therapiem\u00f6glichkeiten, deren Erfolgsaussichten sowie m\u00f6gliche Risiken in einem umfassenden Beratungsgespr\u00e4ch mit dem Patienten abkl\u00e4ren.\u00a0<strong>Sie vermuten eine bestehende Blasenhalsverengung?<\/strong>\u00a0Die Fach\u00e4rzte und Fach\u00e4rztinnen in unserem KontinenzZentrum Hirslanden in Z\u00fcrich informieren Sie gern \u00fcber Ihre individuellen Abkl\u00e4rungs- und Behandlungsm\u00f6glichkeiten.<\/p>\n<\/div>\n<\/div><\/div><div id=\"panel-1719-0-0-3\" class=\"so-panel widget widget_fn-info-box-widget panel-last-child\" data-index=\"3\" ><div\n\t\t\t\n\t\t\tclass=\"so-widget-fn-info-box-widget so-widget-fn-info-box-widget-base\"\n\t\t\t\n\t\t><div class=\"uk-child-width-1-1 uk-grid-match\" uk-grid><div>\n        <div class=\"fn-info-box-title\">\n          <div class=\"uk-grid-small\" uk-grid>            <div class=\"uk-width-auto\"><img decoding=\"async\" src=\"https:\/\/www.kontinenzzentrum.ch\/wp-content\/uploads\/ICON_kontakt.svg\" class=\"attachment-small size-small\" alt=\"\" \/>            <\/div>            <div class=\"uk-width-expand\">\n              <h4 class=\"uk-h3\">Informieren Sie sich \u00fcber die Blasenhalsinzision und weitere Behandlungsm\u00f6glichkeiten bei Blasenhalsstenose<\/h4>\n            <\/div>\n          <\/div>\n        <\/div>\n        <div class=\"fn-info-box-content\">\n              <p><strong>Kontaktieren Sie uns<\/strong>\u00a0f\u00fcr ein Beratungsgespr\u00e4ch! Wir informieren Sie gerne \u00fcber m\u00f6gliche Diagnose- und Behandlungsmethoden bei Blasenhalsverengung sowie zur\u00a0<strong>Blasenhalsinzision<\/strong>\u00a0und der\u00a0<strong>Blasenhalsrekonstruktion.<\/strong> Sie erreichen unser Zentrum (KontinenzZentrum Hirslanden) in Z\u00fcrich per Telefon und <a title=\"E-Mail-Kontakt\" href=\"mailto:kontinenzzentrum.hirslanden@hirslanden.ch\">E-Mail<\/a>. Unsere Klinik ist von Montag bis Freitag zwischen 8 und 17 Uhr ge\u00f6ffnet.<\/p>\n<p>Nutzen Sie auch unsere Online-Terminvereinbarung!<\/p>\n<p><div class=\"uk-flex uk-child-width-auto uk-grid-small\" uk-grid><div><a class=\"uk-button uk-button-primary\" href=\"tel:+41443872910\"><i class=\"fas fa-phone-alt uk-margin-small-right\"><\/i>+41 44 387 29 10<\/a><\/div><div><a class=\"uk-button uk-button-primary\" href=\"https:\/\/www.kontinenzzentrum.ch\/de\/ueber-uns\/termin.html\"><i class=\"fas fa-comments uk-margin-small-right\"><\/i>Online Terminvereinbarung<\/a><\/div><\/div><\/p>\n        <\/div>\n      <\/div><\/div><\/div><\/div><\/div><\/div><\/div>","protected":false},"excerpt":{"rendered":"<p>Blasenhalsinzision bei Blasenhalsstenose Operative Er\u00f6ffnung einer narbigen Blasenhalsverengung Eine\u00a0Blasenhalsverengung, Blasenhalsenge oder Blasenhalsstenose ist eine\u00a0Verengung am \u00dcbergang von der Harnblase zur Prostata. Der Urin kann so nur erschwert aus der Blase abfliessen. Bei einer\u00a0Blasenhalsenge ist der Harnstrahl abgeschw\u00e4cht, auch weitere Beschwerden wie wiederkehrende Blasenentz\u00fcndungen,\u00a0Restharn\u00a0in der Blase sowie Brennen und Schmerzen beim Wasserlassen k\u00f6nnen auftreten. Ist die\u00a0Blasenhalsenge\u00a0im [&hellip;]<\/p>\n","protected":false},"author":1,"featured_media":566,"parent":1663,"menu_order":0,"comment_status":"closed","ping_status":"closed","template":"","meta":{"_acf_changed":false,"footnotes":""},"class_list":["post-1719","page","type-page","status-publish","has-post-thumbnail","hentry"],"acf":[],"yoast_head":"<!-- This site is optimized with the Yoast SEO plugin v26.9 - https:\/\/yoast.com\/product\/yoast-seo-wordpress\/ -->\n<title>Blasenhalsinzision bei Blasenhalsverengung | KontinenzZentrum Hirslanden<\/title>\n<meta name=\"description\" content=\"Besteht eine Blasenhalsverengung (Stenose), kann eine Blasenhalsinzision durchgef\u00fchrt werden. Unsere Spezialisten informieren Sie \u00fcber die Operation.\" \/>\n<meta name=\"robots\" content=\"index, follow, max-snippet:-1, max-image-preview:large, max-video-preview:-1\" \/>\n<link rel=\"canonical\" href=\"https:\/\/www.kontinenzzentrum.ch\/de\/untersuchung-und-therapie\/operationen-der-prostata\/blasenhalsinzision.html\" \/>\n<meta property=\"og:locale\" content=\"de_DE\" \/>\n<meta property=\"og:type\" content=\"article\" \/>\n<meta property=\"og:title\" content=\"Blasenhalsinzision bei Blasenhalsverengung | KontinenzZentrum Hirslanden\" \/>\n<meta property=\"og:description\" content=\"Besteht eine Blasenhalsverengung (Stenose), kann eine Blasenhalsinzision durchgef\u00fchrt werden. Unsere Spezialisten informieren Sie \u00fcber die Operation.\" \/>\n<meta property=\"og:url\" content=\"https:\/\/www.kontinenzzentrum.ch\/de\/untersuchung-und-therapie\/operationen-der-prostata\/blasenhalsinzision.html\" \/>\n<meta property=\"og:site_name\" content=\"KontinenzZentrum\" \/>\n<meta property=\"article:modified_time\" content=\"2025-01-28T13:36:37+00:00\" \/>\n<meta property=\"og:image\" content=\"https:\/\/www.kontinenzzentrum.ch\/wp-content\/uploads\/untersuchung-op-prostata-9652.jpeg\" \/>\n\t<meta property=\"og:image:width\" content=\"1920\" \/>\n\t<meta property=\"og:image:height\" content=\"450\" \/>\n\t<meta property=\"og:image:type\" content=\"image\/jpeg\" \/>\n<meta name=\"twitter:card\" content=\"summary_large_image\" \/>\n<meta name=\"twitter:label1\" content=\"Gesch\u00e4tzte Lesezeit\" \/>\n\t<meta name=\"twitter:data1\" content=\"5\u00a0Minuten\" \/>\n<script type=\"application\/ld+json\" class=\"yoast-schema-graph\">{\"@context\":\"https:\/\/schema.org\",\"@graph\":[{\"@type\":\"WebPage\",\"@id\":\"https:\/\/www.kontinenzzentrum.ch\/de\/untersuchung-und-therapie\/operationen-der-prostata\/blasenhalsinzision.html\",\"url\":\"https:\/\/www.kontinenzzentrum.ch\/de\/untersuchung-und-therapie\/operationen-der-prostata\/blasenhalsinzision.html\",\"name\":\"Blasenhalsinzision bei Blasenhalsverengung | KontinenzZentrum Hirslanden\",\"isPartOf\":{\"@id\":\"https:\/\/www.kontinenzzentrum.ch\/de\/#website\"},\"primaryImageOfPage\":{\"@id\":\"https:\/\/www.kontinenzzentrum.ch\/de\/untersuchung-und-therapie\/operationen-der-prostata\/blasenhalsinzision.html#primaryimage\"},\"image\":{\"@id\":\"https:\/\/www.kontinenzzentrum.ch\/de\/untersuchung-und-therapie\/operationen-der-prostata\/blasenhalsinzision.html#primaryimage\"},\"thumbnailUrl\":\"https:\/\/www.kontinenzzentrum.ch\/wp-content\/uploads\/untersuchung-op-prostata-9652.jpeg\",\"datePublished\":\"2023-03-03T15:52:50+00:00\",\"dateModified\":\"2025-01-28T13:36:37+00:00\",\"description\":\"Besteht eine Blasenhalsverengung (Stenose), kann eine Blasenhalsinzision durchgef\u00fchrt werden. Unsere Spezialisten informieren Sie \u00fcber die Operation.\",\"breadcrumb\":{\"@id\":\"https:\/\/www.kontinenzzentrum.ch\/de\/untersuchung-und-therapie\/operationen-der-prostata\/blasenhalsinzision.html#breadcrumb\"},\"inLanguage\":\"de\",\"potentialAction\":[{\"@type\":\"ReadAction\",\"target\":[\"https:\/\/www.kontinenzzentrum.ch\/de\/untersuchung-und-therapie\/operationen-der-prostata\/blasenhalsinzision.html\"]}]},{\"@type\":\"ImageObject\",\"inLanguage\":\"de\",\"@id\":\"https:\/\/www.kontinenzzentrum.ch\/de\/untersuchung-und-therapie\/operationen-der-prostata\/blasenhalsinzision.html#primaryimage\",\"url\":\"https:\/\/www.kontinenzzentrum.ch\/wp-content\/uploads\/untersuchung-op-prostata-9652.jpeg\",\"contentUrl\":\"https:\/\/www.kontinenzzentrum.ch\/wp-content\/uploads\/untersuchung-op-prostata-9652.jpeg\",\"width\":1920,\"height\":450},{\"@type\":\"BreadcrumbList\",\"@id\":\"https:\/\/www.kontinenzzentrum.ch\/de\/untersuchung-und-therapie\/operationen-der-prostata\/blasenhalsinzision.html#breadcrumb\",\"itemListElement\":[{\"@type\":\"ListItem\",\"position\":1,\"name\":\"Startseite\",\"item\":\"https:\/\/www.kontinenzzentrum.ch\/de\"},{\"@type\":\"ListItem\",\"position\":2,\"name\":\"Untersuchung &#038; Therapie\",\"item\":\"https:\/\/www.kontinenzzentrum.ch\/de\/untersuchung-und-therapie.html\"},{\"@type\":\"ListItem\",\"position\":3,\"name\":\"Operationen der Prostata\",\"item\":\"https:\/\/www.kontinenzzentrum.ch\/de\/untersuchung-und-therapie\/operationen-der-prostata.html\"},{\"@type\":\"ListItem\",\"position\":4,\"name\":\"Blasenhalsinzision\"}]},{\"@type\":\"WebSite\",\"@id\":\"https:\/\/www.kontinenzzentrum.ch\/de\/#website\",\"url\":\"https:\/\/www.kontinenzzentrum.ch\/de\/\",\"name\":\"KontinenzZentrum Hirslanden Z\u00fcrich\",\"description\":\"KontinenzZentrum Hirslanden Z\u00fcrich: Blasenst\u00f6rungen & Inkontinenz\",\"publisher\":{\"@id\":\"https:\/\/www.kontinenzzentrum.ch\/de\/#organization\"},\"potentialAction\":[{\"@type\":\"SearchAction\",\"target\":{\"@type\":\"EntryPoint\",\"urlTemplate\":\"https:\/\/www.kontinenzzentrum.ch\/de\/?s={search_term_string}\"},\"query-input\":{\"@type\":\"PropertyValueSpecification\",\"valueRequired\":true,\"valueName\":\"search_term_string\"}}],\"inLanguage\":\"de\"},{\"@type\":\"Organization\",\"@id\":\"https:\/\/www.kontinenzzentrum.ch\/de\/#organization\",\"name\":\"KontinenzZentrum Hirslanden Z\u00fcrich\",\"url\":\"https:\/\/www.kontinenzzentrum.ch\/de\/\",\"logo\":{\"@type\":\"ImageObject\",\"inLanguage\":\"de\",\"@id\":\"https:\/\/www.kontinenzzentrum.ch\/de\/#\/schema\/logo\/image\/\",\"url\":\"https:\/\/www.kontinenzzentrum.ch\/wp-content\/uploads\/Logo_KontinenzZentrum.png\",\"contentUrl\":\"https:\/\/www.kontinenzzentrum.ch\/wp-content\/uploads\/Logo_KontinenzZentrum.png\",\"width\":800,\"height\":142,\"caption\":\"KontinenzZentrum Hirslanden Z\u00fcrich\"},\"image\":{\"@id\":\"https:\/\/www.kontinenzzentrum.ch\/de\/#\/schema\/logo\/image\/\"}}]}<\/script>\n<!-- \/ Yoast SEO plugin. -->","yoast_head_json":{"title":"Blasenhalsinzision bei Blasenhalsverengung | KontinenzZentrum Hirslanden","description":"Besteht eine Blasenhalsverengung (Stenose), kann eine Blasenhalsinzision durchgef\u00fchrt werden. Unsere Spezialisten informieren Sie \u00fcber die Operation.","robots":{"index":"index","follow":"follow","max-snippet":"max-snippet:-1","max-image-preview":"max-image-preview:large","max-video-preview":"max-video-preview:-1"},"canonical":"https:\/\/www.kontinenzzentrum.ch\/de\/untersuchung-und-therapie\/operationen-der-prostata\/blasenhalsinzision.html","og_locale":"de_DE","og_type":"article","og_title":"Blasenhalsinzision bei Blasenhalsverengung | KontinenzZentrum Hirslanden","og_description":"Besteht eine Blasenhalsverengung (Stenose), kann eine Blasenhalsinzision durchgef\u00fchrt werden. Unsere Spezialisten informieren Sie \u00fcber die Operation.","og_url":"https:\/\/www.kontinenzzentrum.ch\/de\/untersuchung-und-therapie\/operationen-der-prostata\/blasenhalsinzision.html","og_site_name":"KontinenzZentrum","article_modified_time":"2025-01-28T13:36:37+00:00","og_image":[{"width":1920,"height":450,"url":"https:\/\/www.kontinenzzentrum.ch\/wp-content\/uploads\/untersuchung-op-prostata-9652.jpeg","type":"image\/jpeg"}],"twitter_card":"summary_large_image","twitter_misc":{"Gesch\u00e4tzte Lesezeit":"5\u00a0Minuten"},"schema":{"@context":"https:\/\/schema.org","@graph":[{"@type":"WebPage","@id":"https:\/\/www.kontinenzzentrum.ch\/de\/untersuchung-und-therapie\/operationen-der-prostata\/blasenhalsinzision.html","url":"https:\/\/www.kontinenzzentrum.ch\/de\/untersuchung-und-therapie\/operationen-der-prostata\/blasenhalsinzision.html","name":"Blasenhalsinzision bei Blasenhalsverengung | KontinenzZentrum Hirslanden","isPartOf":{"@id":"https:\/\/www.kontinenzzentrum.ch\/de\/#website"},"primaryImageOfPage":{"@id":"https:\/\/www.kontinenzzentrum.ch\/de\/untersuchung-und-therapie\/operationen-der-prostata\/blasenhalsinzision.html#primaryimage"},"image":{"@id":"https:\/\/www.kontinenzzentrum.ch\/de\/untersuchung-und-therapie\/operationen-der-prostata\/blasenhalsinzision.html#primaryimage"},"thumbnailUrl":"https:\/\/www.kontinenzzentrum.ch\/wp-content\/uploads\/untersuchung-op-prostata-9652.jpeg","datePublished":"2023-03-03T15:52:50+00:00","dateModified":"2025-01-28T13:36:37+00:00","description":"Besteht eine Blasenhalsverengung (Stenose), kann eine Blasenhalsinzision durchgef\u00fchrt werden. Unsere Spezialisten informieren Sie \u00fcber die Operation.","breadcrumb":{"@id":"https:\/\/www.kontinenzzentrum.ch\/de\/untersuchung-und-therapie\/operationen-der-prostata\/blasenhalsinzision.html#breadcrumb"},"inLanguage":"de","potentialAction":[{"@type":"ReadAction","target":["https:\/\/www.kontinenzzentrum.ch\/de\/untersuchung-und-therapie\/operationen-der-prostata\/blasenhalsinzision.html"]}]},{"@type":"ImageObject","inLanguage":"de","@id":"https:\/\/www.kontinenzzentrum.ch\/de\/untersuchung-und-therapie\/operationen-der-prostata\/blasenhalsinzision.html#primaryimage","url":"https:\/\/www.kontinenzzentrum.ch\/wp-content\/uploads\/untersuchung-op-prostata-9652.jpeg","contentUrl":"https:\/\/www.kontinenzzentrum.ch\/wp-content\/uploads\/untersuchung-op-prostata-9652.jpeg","width":1920,"height":450},{"@type":"BreadcrumbList","@id":"https:\/\/www.kontinenzzentrum.ch\/de\/untersuchung-und-therapie\/operationen-der-prostata\/blasenhalsinzision.html#breadcrumb","itemListElement":[{"@type":"ListItem","position":1,"name":"Startseite","item":"https:\/\/www.kontinenzzentrum.ch\/de"},{"@type":"ListItem","position":2,"name":"Untersuchung &#038; Therapie","item":"https:\/\/www.kontinenzzentrum.ch\/de\/untersuchung-und-therapie.html"},{"@type":"ListItem","position":3,"name":"Operationen der Prostata","item":"https:\/\/www.kontinenzzentrum.ch\/de\/untersuchung-und-therapie\/operationen-der-prostata.html"},{"@type":"ListItem","position":4,"name":"Blasenhalsinzision"}]},{"@type":"WebSite","@id":"https:\/\/www.kontinenzzentrum.ch\/de\/#website","url":"https:\/\/www.kontinenzzentrum.ch\/de\/","name":"KontinenzZentrum Hirslanden Z\u00fcrich","description":"KontinenzZentrum Hirslanden Z\u00fcrich: Blasenst\u00f6rungen & Inkontinenz","publisher":{"@id":"https:\/\/www.kontinenzzentrum.ch\/de\/#organization"},"potentialAction":[{"@type":"SearchAction","target":{"@type":"EntryPoint","urlTemplate":"https:\/\/www.kontinenzzentrum.ch\/de\/?s={search_term_string}"},"query-input":{"@type":"PropertyValueSpecification","valueRequired":true,"valueName":"search_term_string"}}],"inLanguage":"de"},{"@type":"Organization","@id":"https:\/\/www.kontinenzzentrum.ch\/de\/#organization","name":"KontinenzZentrum Hirslanden Z\u00fcrich","url":"https:\/\/www.kontinenzzentrum.ch\/de\/","logo":{"@type":"ImageObject","inLanguage":"de","@id":"https:\/\/www.kontinenzzentrum.ch\/de\/#\/schema\/logo\/image\/","url":"https:\/\/www.kontinenzzentrum.ch\/wp-content\/uploads\/Logo_KontinenzZentrum.png","contentUrl":"https:\/\/www.kontinenzzentrum.ch\/wp-content\/uploads\/Logo_KontinenzZentrum.png","width":800,"height":142,"caption":"KontinenzZentrum Hirslanden Z\u00fcrich"},"image":{"@id":"https:\/\/www.kontinenzzentrum.ch\/de\/#\/schema\/logo\/image\/"}}]}},"_links":{"self":[{"href":"https:\/\/www.kontinenzzentrum.ch\/de\/wp-json\/wp\/v2\/pages\/1719","targetHints":{"allow":["GET"]}}],"collection":[{"href":"https:\/\/www.kontinenzzentrum.ch\/de\/wp-json\/wp\/v2\/pages"}],"about":[{"href":"https:\/\/www.kontinenzzentrum.ch\/de\/wp-json\/wp\/v2\/types\/page"}],"author":[{"embeddable":true,"href":"https:\/\/www.kontinenzzentrum.ch\/de\/wp-json\/wp\/v2\/users\/1"}],"replies":[{"embeddable":true,"href":"https:\/\/www.kontinenzzentrum.ch\/de\/wp-json\/wp\/v2\/comments?post=1719"}],"version-history":[{"count":10,"href":"https:\/\/www.kontinenzzentrum.ch\/de\/wp-json\/wp\/v2\/pages\/1719\/revisions"}],"predecessor-version":[{"id":4153,"href":"https:\/\/www.kontinenzzentrum.ch\/de\/wp-json\/wp\/v2\/pages\/1719\/revisions\/4153"}],"up":[{"embeddable":true,"href":"https:\/\/www.kontinenzzentrum.ch\/de\/wp-json\/wp\/v2\/pages\/1663"}],"wp:featuredmedia":[{"embeddable":true,"href":"https:\/\/www.kontinenzzentrum.ch\/de\/wp-json\/wp\/v2\/media\/566"}],"wp:attachment":[{"href":"https:\/\/www.kontinenzzentrum.ch\/de\/wp-json\/wp\/v2\/media?parent=1719"}],"curies":[{"name":"wp","href":"https:\/\/api.w.org\/{rel}","templated":true}]}}