{"id":1747,"date":"2023-03-06T10:57:06","date_gmt":"2023-03-06T09:57:06","guid":{"rendered":"https:\/\/www.kontinenzzentrum.ch\/?page_id=1747"},"modified":"2023-03-17T16:00:17","modified_gmt":"2023-03-17T15:00:17","slug":"implantation","status":"publish","type":"page","link":"https:\/\/www.kontinenzzentrum.ch\/de\/untersuchung-und-therapie\/sakrale-neuromodulation\/implantation.html","title":{"rendered":"Implantation"},"content":{"rendered":"<div id=\"pl-1747\"  class=\"panel-layout\" ><div id=\"pg-1747-0\"  class=\"panel-grid panel-no-style\" ><div id=\"pgc-1747-0-0\"  class=\"panel-grid-cell\" ><div id=\"panel-1747-0-0-0\" class=\"so-panel widget widget_sow-editor panel-first-child\" data-index=\"0\" ><div\n\t\t\t\n\t\t\tclass=\"so-widget-sow-editor so-widget-sow-editor-base\"\n\t\t\t\n\t\t>\n<div class=\"siteorigin-widget-tinymce textwidget\">\n\t<h1>Implantation der sakralen Neuromodulation<\/h1>\n<h3>Permanente sakrale Neuromodulation mit dem INTERSTIM-Implantat<\/h3>\n<p>Die Implantation eines\u00a0<strong>INTERSTIM-Implantates zur sakralen Neuromodulation<\/strong>\u00a0erfordert nur kleine Hautschnitte und wird deshalb als minimal invasiv bezeichnet.<\/p>\n<p>Der Eingriff wird w\u00e4hrend eines kurzen Spitalaufenthaltes, \u00fcblicherweise unter Vollnarkose durchgef\u00fchrt.<\/p>\n<p>Die eingesetzten Implantate werden komplett unter die Haut eingepflanzt, so dass sie \u00e4u\u00dferlich nicht bemerkt werden.<\/p>\n<p>Das\u00a0<strong>INTERSTIM-Implantates zur sakralen Neuromodulation<\/strong>\u00a0l\u00e4sst sich jederzeit nach dem Eingriff telemetrisch \u00fcber ein Steuerger\u00e4t des Arztes programmieren und fein abstimmen, so dass sich auch sp\u00e4ter noch die Therapie optimieren l\u00e4sst.<\/p>\n<\/div>\n<\/div><\/div><div id=\"panel-1747-0-0-1\" class=\"so-panel widget widget_sow-editor panel-last-child\" data-index=\"1\" ><div\n\t\t\t\n\t\t\tclass=\"so-widget-sow-editor so-widget-sow-editor-base\"\n\t\t\t\n\t\t>\n<div class=\"siteorigin-widget-tinymce textwidget\">\n\t<p>Jeder Patient erh\u00e4lt dar\u00fcber hinaus eine Fernbedienung, \u00fcber die das\u00a0<strong>INTERSTIM-Implantates zur sakralen Neuromodulation<\/strong>\u00a0jederzeit aus- und eingeschaltet und die St\u00e4rke der elektrischen Impulse ver\u00e4ndern werden kann.<\/p>\n<p>Die Batterie hat etwa eine Lebensdauer von 5-9 Jahren. Danach muss der Schrittmacher in einem weiteren Eingriff ausgetauscht werden.<\/p>\n<\/div>\n<\/div><\/div><\/div><div id=\"pgc-1747-0-1\"  class=\"panel-grid-cell\" ><div id=\"panel-1747-0-1-0\" class=\"so-panel widget widget_sow-image panel-first-child\" data-index=\"2\" ><div\n\t\t\t\n\t\t\tclass=\"so-widget-sow-image so-widget-sow-image-default-8b5b6f678277-1747\"\n\t\t\t\n\t\t>\n<div class=\"sow-image-container\">\n\t\t<img \n\tsrc=\"https:\/\/www.kontinenzzentrum.ch\/wp-content\/uploads\/neuromodulation_implant_2.jpeg\" width=\"245\" height=\"250\" sizes=\"(max-width: 245px) 100vw, 245px\" alt=\"\" \t\tclass=\"so-widget-image\"\/>\n\t<\/div>\n\n<\/div><\/div><div id=\"panel-1747-0-1-1\" class=\"so-panel widget widget_sow-image panel-last-child\" data-index=\"3\" ><div\n\t\t\t\n\t\t\tclass=\"so-widget-sow-image so-widget-sow-image-default-8b5b6f678277-1747\"\n\t\t\t\n\t\t>\n<div class=\"sow-image-container\">\n\t\t<img \n\tsrc=\"https:\/\/www.kontinenzzentrum.ch\/wp-content\/uploads\/neuromodulation_implantation_3.jpeg\" width=\"245\" height=\"213\" sizes=\"(max-width: 245px) 100vw, 245px\" alt=\"\" \t\tclass=\"so-widget-image\"\/>\n\t<\/div>\n\n<\/div><\/div><\/div><\/div><\/div>","protected":false},"excerpt":{"rendered":"<p>Implantation der sakralen Neuromodulation Permanente sakrale Neuromodulation mit dem INTERSTIM-Implantat Die Implantation eines\u00a0INTERSTIM-Implantates zur sakralen Neuromodulation\u00a0erfordert nur kleine Hautschnitte und wird deshalb als minimal invasiv bezeichnet. Der Eingriff wird w\u00e4hrend eines kurzen Spitalaufenthaltes, \u00fcblicherweise unter Vollnarkose durchgef\u00fchrt. Die eingesetzten Implantate werden komplett unter die Haut eingepflanzt, so dass sie \u00e4u\u00dferlich nicht bemerkt werden. Das\u00a0INTERSTIM-Implantates zur [&hellip;]<\/p>\n","protected":false},"author":1,"featured_media":1044,"parent":1754,"menu_order":0,"comment_status":"closed","ping_status":"closed","template":"","meta":{"_acf_changed":false,"footnotes":""},"class_list":["post-1747","page","type-page","status-publish","has-post-thumbnail","hentry"],"acf":[],"yoast_head":"<!-- This site is optimized with the Yoast SEO plugin v26.9 - https:\/\/yoast.com\/product\/yoast-seo-wordpress\/ -->\n<title>Implantation<\/title>\n<meta name=\"robots\" content=\"index, follow, max-snippet:-1, max-image-preview:large, max-video-preview:-1\" \/>\n<link rel=\"canonical\" href=\"https:\/\/www.kontinenzzentrum.ch\/de\/untersuchung-und-therapie\/sakrale-neuromodulation\/implantation.html\" \/>\n<meta property=\"og:locale\" content=\"de_DE\" \/>\n<meta property=\"og:type\" content=\"article\" \/>\n<meta property=\"og:title\" content=\"Implantation\" \/>\n<meta property=\"og:description\" content=\"Implantation der sakralen Neuromodulation Permanente sakrale Neuromodulation mit dem INTERSTIM-Implantat Die Implantation eines\u00a0INTERSTIM-Implantates zur sakralen Neuromodulation\u00a0erfordert nur kleine Hautschnitte und wird deshalb als minimal invasiv bezeichnet. Der Eingriff wird w\u00e4hrend eines kurzen Spitalaufenthaltes, \u00fcblicherweise unter Vollnarkose durchgef\u00fchrt. Die eingesetzten Implantate werden komplett unter die Haut eingepflanzt, so dass sie \u00e4u\u00dferlich nicht bemerkt werden. Das\u00a0INTERSTIM-Implantates zur [&hellip;]\" \/>\n<meta property=\"og:url\" content=\"https:\/\/www.kontinenzzentrum.ch\/de\/untersuchung-und-therapie\/sakrale-neuromodulation\/implantation.html\" \/>\n<meta property=\"og:site_name\" content=\"KontinenzZentrum\" \/>\n<meta property=\"article:modified_time\" content=\"2023-03-17T15:00:17+00:00\" \/>\n<meta property=\"og:image\" content=\"https:\/\/www.kontinenzzentrum.ch\/wp-content\/uploads\/ueber-uns-forschung-9908-1.jpeg\" \/>\n\t<meta property=\"og:image:width\" content=\"1920\" \/>\n\t<meta property=\"og:image:height\" content=\"450\" \/>\n\t<meta property=\"og:image:type\" content=\"image\/jpeg\" \/>\n<meta name=\"twitter:card\" content=\"summary_large_image\" \/>\n<meta name=\"twitter:label1\" content=\"Gesch\u00e4tzte Lesezeit\" \/>\n\t<meta name=\"twitter:data1\" content=\"1\u00a0Minute\" \/>\n<script type=\"application\/ld+json\" class=\"yoast-schema-graph\">{\"@context\":\"https:\/\/schema.org\",\"@graph\":[{\"@type\":\"WebPage\",\"@id\":\"https:\/\/www.kontinenzzentrum.ch\/de\/untersuchung-und-therapie\/sakrale-neuromodulation\/implantation.html\",\"url\":\"https:\/\/www.kontinenzzentrum.ch\/de\/untersuchung-und-therapie\/sakrale-neuromodulation\/implantation.html\",\"name\":\"Implantation\",\"isPartOf\":{\"@id\":\"https:\/\/www.kontinenzzentrum.ch\/de\/#website\"},\"primaryImageOfPage\":{\"@id\":\"https:\/\/www.kontinenzzentrum.ch\/de\/untersuchung-und-therapie\/sakrale-neuromodulation\/implantation.html#primaryimage\"},\"image\":{\"@id\":\"https:\/\/www.kontinenzzentrum.ch\/de\/untersuchung-und-therapie\/sakrale-neuromodulation\/implantation.html#primaryimage\"},\"thumbnailUrl\":\"https:\/\/www.kontinenzzentrum.ch\/wp-content\/uploads\/ueber-uns-forschung-9908-1.jpeg\",\"datePublished\":\"2023-03-06T09:57:06+00:00\",\"dateModified\":\"2023-03-17T15:00:17+00:00\",\"breadcrumb\":{\"@id\":\"https:\/\/www.kontinenzzentrum.ch\/de\/untersuchung-und-therapie\/sakrale-neuromodulation\/implantation.html#breadcrumb\"},\"inLanguage\":\"de\",\"potentialAction\":[{\"@type\":\"ReadAction\",\"target\":[\"https:\/\/www.kontinenzzentrum.ch\/de\/untersuchung-und-therapie\/sakrale-neuromodulation\/implantation.html\"]}]},{\"@type\":\"ImageObject\",\"inLanguage\":\"de\",\"@id\":\"https:\/\/www.kontinenzzentrum.ch\/de\/untersuchung-und-therapie\/sakrale-neuromodulation\/implantation.html#primaryimage\",\"url\":\"https:\/\/www.kontinenzzentrum.ch\/wp-content\/uploads\/ueber-uns-forschung-9908-1.jpeg\",\"contentUrl\":\"https:\/\/www.kontinenzzentrum.ch\/wp-content\/uploads\/ueber-uns-forschung-9908-1.jpeg\",\"width\":1920,\"height\":450},{\"@type\":\"BreadcrumbList\",\"@id\":\"https:\/\/www.kontinenzzentrum.ch\/de\/untersuchung-und-therapie\/sakrale-neuromodulation\/implantation.html#breadcrumb\",\"itemListElement\":[{\"@type\":\"ListItem\",\"position\":1,\"name\":\"Startseite\",\"item\":\"https:\/\/www.kontinenzzentrum.ch\/de\"},{\"@type\":\"ListItem\",\"position\":2,\"name\":\"Untersuchung &#038; Therapie\",\"item\":\"https:\/\/www.kontinenzzentrum.ch\/de\/untersuchung-und-therapie.html\"},{\"@type\":\"ListItem\",\"position\":3,\"name\":\"Sakrale Neuromodulation\",\"item\":\"https:\/\/www.kontinenzzentrum.ch\/de\/untersuchung-und-therapie\/sakrale-neuromodulation.html\"},{\"@type\":\"ListItem\",\"position\":4,\"name\":\"Implantation\"}]},{\"@type\":\"WebSite\",\"@id\":\"https:\/\/www.kontinenzzentrum.ch\/de\/#website\",\"url\":\"https:\/\/www.kontinenzzentrum.ch\/de\/\",\"name\":\"KontinenzZentrum Hirslanden Z\u00fcrich\",\"description\":\"KontinenzZentrum Hirslanden Z\u00fcrich: Blasenst\u00f6rungen & Inkontinenz\",\"publisher\":{\"@id\":\"https:\/\/www.kontinenzzentrum.ch\/de\/#organization\"},\"potentialAction\":[{\"@type\":\"SearchAction\",\"target\":{\"@type\":\"EntryPoint\",\"urlTemplate\":\"https:\/\/www.kontinenzzentrum.ch\/de\/?s={search_term_string}\"},\"query-input\":{\"@type\":\"PropertyValueSpecification\",\"valueRequired\":true,\"valueName\":\"search_term_string\"}}],\"inLanguage\":\"de\"},{\"@type\":\"Organization\",\"@id\":\"https:\/\/www.kontinenzzentrum.ch\/de\/#organization\",\"name\":\"KontinenzZentrum Hirslanden Z\u00fcrich\",\"url\":\"https:\/\/www.kontinenzzentrum.ch\/de\/\",\"logo\":{\"@type\":\"ImageObject\",\"inLanguage\":\"de\",\"@id\":\"https:\/\/www.kontinenzzentrum.ch\/de\/#\/schema\/logo\/image\/\",\"url\":\"https:\/\/www.kontinenzzentrum.ch\/wp-content\/uploads\/Logo_KontinenzZentrum.png\",\"contentUrl\":\"https:\/\/www.kontinenzzentrum.ch\/wp-content\/uploads\/Logo_KontinenzZentrum.png\",\"width\":800,\"height\":142,\"caption\":\"KontinenzZentrum Hirslanden Z\u00fcrich\"},\"image\":{\"@id\":\"https:\/\/www.kontinenzzentrum.ch\/de\/#\/schema\/logo\/image\/\"}}]}<\/script>\n<!-- \/ Yoast SEO plugin. -->","yoast_head_json":{"title":"Implantation","robots":{"index":"index","follow":"follow","max-snippet":"max-snippet:-1","max-image-preview":"max-image-preview:large","max-video-preview":"max-video-preview:-1"},"canonical":"https:\/\/www.kontinenzzentrum.ch\/de\/untersuchung-und-therapie\/sakrale-neuromodulation\/implantation.html","og_locale":"de_DE","og_type":"article","og_title":"Implantation","og_description":"Implantation der sakralen Neuromodulation Permanente sakrale Neuromodulation mit dem INTERSTIM-Implantat Die Implantation eines\u00a0INTERSTIM-Implantates zur sakralen Neuromodulation\u00a0erfordert nur kleine Hautschnitte und wird deshalb als minimal invasiv bezeichnet. Der Eingriff wird w\u00e4hrend eines kurzen Spitalaufenthaltes, \u00fcblicherweise unter Vollnarkose durchgef\u00fchrt. Die eingesetzten Implantate werden komplett unter die Haut eingepflanzt, so dass sie \u00e4u\u00dferlich nicht bemerkt werden. Das\u00a0INTERSTIM-Implantates zur [&hellip;]","og_url":"https:\/\/www.kontinenzzentrum.ch\/de\/untersuchung-und-therapie\/sakrale-neuromodulation\/implantation.html","og_site_name":"KontinenzZentrum","article_modified_time":"2023-03-17T15:00:17+00:00","og_image":[{"width":1920,"height":450,"url":"https:\/\/www.kontinenzzentrum.ch\/wp-content\/uploads\/ueber-uns-forschung-9908-1.jpeg","type":"image\/jpeg"}],"twitter_card":"summary_large_image","twitter_misc":{"Gesch\u00e4tzte Lesezeit":"1\u00a0Minute"},"schema":{"@context":"https:\/\/schema.org","@graph":[{"@type":"WebPage","@id":"https:\/\/www.kontinenzzentrum.ch\/de\/untersuchung-und-therapie\/sakrale-neuromodulation\/implantation.html","url":"https:\/\/www.kontinenzzentrum.ch\/de\/untersuchung-und-therapie\/sakrale-neuromodulation\/implantation.html","name":"Implantation","isPartOf":{"@id":"https:\/\/www.kontinenzzentrum.ch\/de\/#website"},"primaryImageOfPage":{"@id":"https:\/\/www.kontinenzzentrum.ch\/de\/untersuchung-und-therapie\/sakrale-neuromodulation\/implantation.html#primaryimage"},"image":{"@id":"https:\/\/www.kontinenzzentrum.ch\/de\/untersuchung-und-therapie\/sakrale-neuromodulation\/implantation.html#primaryimage"},"thumbnailUrl":"https:\/\/www.kontinenzzentrum.ch\/wp-content\/uploads\/ueber-uns-forschung-9908-1.jpeg","datePublished":"2023-03-06T09:57:06+00:00","dateModified":"2023-03-17T15:00:17+00:00","breadcrumb":{"@id":"https:\/\/www.kontinenzzentrum.ch\/de\/untersuchung-und-therapie\/sakrale-neuromodulation\/implantation.html#breadcrumb"},"inLanguage":"de","potentialAction":[{"@type":"ReadAction","target":["https:\/\/www.kontinenzzentrum.ch\/de\/untersuchung-und-therapie\/sakrale-neuromodulation\/implantation.html"]}]},{"@type":"ImageObject","inLanguage":"de","@id":"https:\/\/www.kontinenzzentrum.ch\/de\/untersuchung-und-therapie\/sakrale-neuromodulation\/implantation.html#primaryimage","url":"https:\/\/www.kontinenzzentrum.ch\/wp-content\/uploads\/ueber-uns-forschung-9908-1.jpeg","contentUrl":"https:\/\/www.kontinenzzentrum.ch\/wp-content\/uploads\/ueber-uns-forschung-9908-1.jpeg","width":1920,"height":450},{"@type":"BreadcrumbList","@id":"https:\/\/www.kontinenzzentrum.ch\/de\/untersuchung-und-therapie\/sakrale-neuromodulation\/implantation.html#breadcrumb","itemListElement":[{"@type":"ListItem","position":1,"name":"Startseite","item":"https:\/\/www.kontinenzzentrum.ch\/de"},{"@type":"ListItem","position":2,"name":"Untersuchung &#038; Therapie","item":"https:\/\/www.kontinenzzentrum.ch\/de\/untersuchung-und-therapie.html"},{"@type":"ListItem","position":3,"name":"Sakrale Neuromodulation","item":"https:\/\/www.kontinenzzentrum.ch\/de\/untersuchung-und-therapie\/sakrale-neuromodulation.html"},{"@type":"ListItem","position":4,"name":"Implantation"}]},{"@type":"WebSite","@id":"https:\/\/www.kontinenzzentrum.ch\/de\/#website","url":"https:\/\/www.kontinenzzentrum.ch\/de\/","name":"KontinenzZentrum Hirslanden Z\u00fcrich","description":"KontinenzZentrum Hirslanden Z\u00fcrich: Blasenst\u00f6rungen & Inkontinenz","publisher":{"@id":"https:\/\/www.kontinenzzentrum.ch\/de\/#organization"},"potentialAction":[{"@type":"SearchAction","target":{"@type":"EntryPoint","urlTemplate":"https:\/\/www.kontinenzzentrum.ch\/de\/?s={search_term_string}"},"query-input":{"@type":"PropertyValueSpecification","valueRequired":true,"valueName":"search_term_string"}}],"inLanguage":"de"},{"@type":"Organization","@id":"https:\/\/www.kontinenzzentrum.ch\/de\/#organization","name":"KontinenzZentrum Hirslanden Z\u00fcrich","url":"https:\/\/www.kontinenzzentrum.ch\/de\/","logo":{"@type":"ImageObject","inLanguage":"de","@id":"https:\/\/www.kontinenzzentrum.ch\/de\/#\/schema\/logo\/image\/","url":"https:\/\/www.kontinenzzentrum.ch\/wp-content\/uploads\/Logo_KontinenzZentrum.png","contentUrl":"https:\/\/www.kontinenzzentrum.ch\/wp-content\/uploads\/Logo_KontinenzZentrum.png","width":800,"height":142,"caption":"KontinenzZentrum Hirslanden Z\u00fcrich"},"image":{"@id":"https:\/\/www.kontinenzzentrum.ch\/de\/#\/schema\/logo\/image\/"}}]}},"_links":{"self":[{"href":"https:\/\/www.kontinenzzentrum.ch\/de\/wp-json\/wp\/v2\/pages\/1747","targetHints":{"allow":["GET"]}}],"collection":[{"href":"https:\/\/www.kontinenzzentrum.ch\/de\/wp-json\/wp\/v2\/pages"}],"about":[{"href":"https:\/\/www.kontinenzzentrum.ch\/de\/wp-json\/wp\/v2\/types\/page"}],"author":[{"embeddable":true,"href":"https:\/\/www.kontinenzzentrum.ch\/de\/wp-json\/wp\/v2\/users\/1"}],"replies":[{"embeddable":true,"href":"https:\/\/www.kontinenzzentrum.ch\/de\/wp-json\/wp\/v2\/comments?post=1747"}],"version-history":[{"count":6,"href":"https:\/\/www.kontinenzzentrum.ch\/de\/wp-json\/wp\/v2\/pages\/1747\/revisions"}],"predecessor-version":[{"id":2592,"href":"https:\/\/www.kontinenzzentrum.ch\/de\/wp-json\/wp\/v2\/pages\/1747\/revisions\/2592"}],"up":[{"embeddable":true,"href":"https:\/\/www.kontinenzzentrum.ch\/de\/wp-json\/wp\/v2\/pages\/1754"}],"wp:featuredmedia":[{"embeddable":true,"href":"https:\/\/www.kontinenzzentrum.ch\/de\/wp-json\/wp\/v2\/media\/1044"}],"wp:attachment":[{"href":"https:\/\/www.kontinenzzentrum.ch\/de\/wp-json\/wp\/v2\/media?parent=1747"}],"curies":[{"name":"wp","href":"https:\/\/api.w.org\/{rel}","templated":true}]}}