{"id":1762,"date":"2023-03-06T11:08:23","date_gmt":"2023-03-06T10:08:23","guid":{"rendered":"https:\/\/www.kontinenzzentrum.ch\/?page_id=1762"},"modified":"2025-10-01T15:42:48","modified_gmt":"2025-10-01T13:42:48","slug":"teststimulation","status":"publish","type":"page","link":"https:\/\/www.kontinenzzentrum.ch\/de\/untersuchung-und-therapie\/sakrale-neuromodulation\/teststimulation.html","title":{"rendered":"Teststimulation"},"content":{"rendered":"<div id=\"pl-1762\"  class=\"panel-layout\" ><div id=\"pg-1762-0\"  class=\"panel-grid panel-no-style\" ><div id=\"pgc-1762-0-0\"  class=\"panel-grid-cell\" ><div id=\"panel-1762-0-0-0\" class=\"so-panel widget widget_sow-editor panel-first-child panel-last-child\" data-index=\"0\" ><div\n\t\t\t\n\t\t\tclass=\"so-widget-sow-editor so-widget-sow-editor-base\"\n\t\t\t\n\t\t>\n<div class=\"siteorigin-widget-tinymce textwidget\">\n\t<h1>Teststimulation der sakralen Neuromodulation<\/h1>\n<h2>Probestimulation zum Nachweis der Wirksamkeit der sakralen Neuromodulation<\/h2>\n<p>Im Vergleich zu anderen operativen Verfahren bietet die Sakralnervenstimulation zur <strong>sakralen Neuromodulation<\/strong>\u00a0den besonderen Vorteil, dass sich das sp\u00e4tere Behandlungsergebnis durch eine Teststimulation gut vorhersagen l\u00e4sst.<\/p>\n<\/div>\n<\/div><\/div><\/div><\/div><div id=\"pg-1762-1\"  class=\"panel-grid panel-no-style\" ><div id=\"pgc-1762-1-0\"  class=\"panel-grid-cell\" ><div id=\"panel-1762-1-0-0\" class=\"so-panel widget widget_sow-editor panel-first-child panel-last-child\" data-index=\"1\" ><div\n\t\t\t\n\t\t\tclass=\"so-widget-sow-editor so-widget-sow-editor-base\"\n\t\t\t\n\t\t>\n<div class=\"siteorigin-widget-tinymce textwidget\">\n\t<p>F\u00fcr diese Teststimulationsphase\u00a0<strong>der sakralen Neuromodulation<\/strong>\u00a0werden eine oder mehrere Elektroden im Bereich des Kreuzbeines eingepflanzt. W\u00e4hrend der Testphase wird die Elektrode mit einem externen Stimulator verbunden, der am G\u00fcrtel getragen werden kann. Die Teststimulation dauert rund eine Woche. Allerdings m\u00fcssen Sie nur wenige Tage nach der Operation im Krankenhaus bleiben, wo Sie mit der Bedienung des externen Stimulators vertraut gemacht werden.<\/p>\n<p>Der Rest der Testphase wird unter Alltagsbedingungen in Ihrer h\u00e4uslichen Umgebung weiter gef\u00fchrt. W\u00e4hrend dieser Testphase dokumentiert ein Blasen- oder Stuhltagebuch f\u00fchren, in welchem Ausma\u00df sich Ihre Beschwerden durch die\u00a0<strong>Sakralnervenstimulation<\/strong>\u00a0gebessert haben. Reduzieren sich Beschwerden in der Testphase, ist die Implantation des Schrittmachers zu empfehlen, ansonsten werden die Elektroden wieder entfernt.<\/p>\n<\/div>\n<\/div><\/div><\/div><div id=\"pgc-1762-1-1\"  class=\"panel-grid-cell\" ><div id=\"panel-1762-1-1-0\" class=\"so-panel widget widget_sow-image panel-first-child panel-last-child\" data-index=\"2\" ><div\n\t\t\t\n\t\t\tclass=\"so-widget-sow-image so-widget-sow-image-default-e4c2d9f6c920-1762\"\n\t\t\t\n\t\t>\n<div class=\"sow-image-container\">\n\t\t<img \n\tsrc=\"https:\/\/www.kontinenzzentrum.ch\/wp-content\/uploads\/neuromodulation_teststimulation_1.jpeg\" width=\"245\" height=\"301\" sizes=\"(max-width: 245px) 100vw, 245px\" alt=\"Neuromodulation Testsimulation\" \t\tclass=\"so-widget-image\"\/>\n\t<\/div>\n\n<\/div><\/div><\/div><\/div><div id=\"pg-1762-2\"  class=\"panel-grid panel-no-style\" ><div id=\"pgc-1762-2-0\"  class=\"panel-grid-cell\" ><div id=\"panel-1762-2-0-0\" class=\"so-panel widget widget_sow-image panel-first-child panel-last-child\" data-index=\"3\" ><div\n\t\t\t\n\t\t\tclass=\"so-widget-sow-image so-widget-sow-image-default-8b5b6f678277-1762\"\n\t\t\t\n\t\t>\n<div class=\"sow-image-container\">\n\t\t<img \n\tsrc=\"https:\/\/www.kontinenzzentrum.ch\/wp-content\/uploads\/untersuchung-operation-neuromodulation-12043-txt.jpeg\" width=\"640\" height=\"497\" srcset=\"https:\/\/www.kontinenzzentrum.ch\/wp-content\/uploads\/untersuchung-operation-neuromodulation-12043-txt.jpeg 640w, https:\/\/www.kontinenzzentrum.ch\/wp-content\/uploads\/untersuchung-operation-neuromodulation-12043-txt-300x233.jpeg 300w\" sizes=\"(max-width: 640px) 100vw, 640px\" alt=\"Neuromodulation Testsimulation Spiralelektrode\" \t\tclass=\"so-widget-image\"\/>\n\t<\/div>\n\n<\/div><\/div><\/div><div id=\"pgc-1762-2-1\"  class=\"panel-grid-cell\" ><div id=\"panel-1762-2-1-0\" class=\"so-panel widget widget_sow-editor panel-first-child panel-last-child\" data-index=\"4\" ><div\n\t\t\t\n\t\t\tclass=\"so-widget-sow-editor so-widget-sow-editor-base\"\n\t\t\t\n\t\t>\n<div class=\"siteorigin-widget-tinymce textwidget\">\n\t<p>F\u00fcr die Testphase k\u00f6nnen zwei verschiedene Techniken eingesetzt werden, die Testung mit einer einfachen Spiralelektrode oder mit einer permanenten Elektrode. Die Testung mit einer Spiralelektrode ist weniger invasiv, die Implantation kann auch in lokaler Bet\u00e4ubung durchgef\u00fchrt werden, und es sind keine Hautschnitte erforderlich.<\/p>\n<p>Der wesentliche Vorteil ist, dass bis zu sechs Elektroden implantiert und getestet werden kann. Im Falle eines ausbleibenden Behandlungserfolges lassen sich die Elektroden einfach ohne Operation entfernen.<\/p>\n<p>Die Testung mit der permanenten Elektrode der<strong>\u00a0sakralen Neuromodulation<\/strong>\u00a0ist invasiver, da hierf\u00fcr in einer Vollnarkose drei kleine Hautschnitte erforderlich sind. Nach erfolgreicher Testphase wird dann nur noch der Schrittmacher unter der Haut eingepflanzt und mit der bereits implantierten Elektrode verbunden.<\/p>\n<\/div>\n<\/div><\/div><\/div><\/div><div id=\"pg-1762-3\"  class=\"panel-grid panel-no-style\" ><div id=\"pgc-1762-3-0\"  class=\"panel-grid-cell\" ><div id=\"panel-1762-3-0-0\" class=\"so-panel widget widget_sow-editor panel-first-child panel-last-child\" data-index=\"5\" ><div\n\t\t\t\n\t\t\tclass=\"so-widget-sow-editor so-widget-sow-editor-base\"\n\t\t\t\n\t\t>\n<div class=\"siteorigin-widget-tinymce textwidget\">\n\t<p>Verl\u00e4uft die Testphase nicht erfolgreich, so muss die Elektrode wieder in einem kurzen Eingriff entfernt werden. In der Regel lassen sich alle Komponenten wieder komplett aus dem K\u00f6rper entfernen. Alternativ k\u00f6nnte die Elektrode auch bei\u00a0 mangelhaftem Ansprechen der Therapie im K\u00f6rper belassen werden.<\/p>\n<\/div>\n<\/div><\/div><\/div><\/div><div id=\"pg-1762-4\"  class=\"panel-grid panel-no-style\" ><div id=\"pgc-1762-4-0\"  class=\"panel-grid-cell\" ><div id=\"panel-1762-4-0-0\" class=\"so-panel widget widget_fn-info-box-widget panel-first-child panel-last-child\" data-index=\"6\" ><div\n\t\t\t\n\t\t\tclass=\"so-widget-fn-info-box-widget so-widget-fn-info-box-widget-base\"\n\t\t\t\n\t\t><div class=\"uk-child-width-1-1 uk-grid-match\" uk-grid><div>\n        <div class=\"fn-info-box-title\">\n          <div class=\"uk-grid-small\" uk-grid>            <div class=\"uk-width-auto\"><img decoding=\"async\" src=\"https:\/\/www.kontinenzzentrum.ch\/wp-content\/uploads\/ICON_kontakt.svg\" class=\"attachment-small size-small\" alt=\"\" \/>            <\/div>            <div class=\"uk-width-expand\">\n              <h4 class=\"uk-h3\">Informieren Sie sich \u00fcber die Testsimulation der sakralen Neuromodulation<\/h4>\n            <\/div>\n          <\/div>\n        <\/div>\n        <div class=\"fn-info-box-content\">\n              <p>Kontaktieren Sie uns f\u00fcr ein Beratungsgespr\u00e4ch. Wir informieren Sie gerne \u00fcber Therapieverfahren wie die sakrale Neuromodulation und deren Probesimulation.<\/p>\n<p>Sie erreichen unser Zentrum (KontinenzZentrum Hirslanden in Z\u00fcrich) von Montag bis Freitag zwischen 8 und 17 Uhr. Vereinbaren Sie gerne einen Termin per Telefon oder \u00fcber unsere Online Terminvereinbarung.<\/p>\n<p><div class=\"uk-flex uk-child-width-auto uk-grid-small\" uk-grid><div><a class=\"uk-button uk-button-primary\" href=\"tel:+41443872910\"><i class=\"fas fa-phone-alt uk-margin-small-right\"><\/i>+41 44 387 29 10<\/a><\/div><div><a class=\"uk-button uk-button-primary\" href=\"https:\/\/www.kontinenzzentrum.ch\/de\/ueber-uns\/termin.html\"><i class=\"fas fa-comments uk-margin-small-right\"><\/i>Online Terminvereinbarung<\/a><\/div><\/div><\/p>\n        <\/div>\n      <\/div><\/div><\/div><\/div><\/div><\/div><\/div>","protected":false},"excerpt":{"rendered":"<p>Teststimulation der sakralen Neuromodulation Probestimulation zum Nachweis der Wirksamkeit der sakralen Neuromodulation Im Vergleich zu anderen operativen Verfahren bietet die Sakralnervenstimulation zur sakralen Neuromodulation\u00a0den besonderen Vorteil, dass sich das sp\u00e4tere Behandlungsergebnis durch eine Teststimulation gut vorhersagen l\u00e4sst. F\u00fcr diese Teststimulationsphase\u00a0der sakralen Neuromodulation\u00a0werden eine oder mehrere Elektroden im Bereich des Kreuzbeines eingepflanzt. W\u00e4hrend der Testphase wird [&hellip;]<\/p>\n","protected":false},"author":1,"featured_media":1767,"parent":1754,"menu_order":0,"comment_status":"closed","ping_status":"closed","template":"","meta":{"_acf_changed":false,"footnotes":""},"class_list":["post-1762","page","type-page","status-publish","has-post-thumbnail","hentry"],"acf":[],"yoast_head":"<!-- This site is optimized with the Yoast SEO plugin v26.9 - https:\/\/yoast.com\/product\/yoast-seo-wordpress\/ -->\n<title>Teststimulation<\/title>\n<meta name=\"robots\" content=\"index, follow, max-snippet:-1, max-image-preview:large, max-video-preview:-1\" \/>\n<link rel=\"canonical\" href=\"https:\/\/www.kontinenzzentrum.ch\/de\/untersuchung-und-therapie\/sakrale-neuromodulation\/teststimulation.html\" \/>\n<meta property=\"og:locale\" content=\"de_DE\" \/>\n<meta property=\"og:type\" content=\"article\" \/>\n<meta property=\"og:title\" content=\"Teststimulation\" \/>\n<meta property=\"og:description\" content=\"Teststimulation der sakralen Neuromodulation Probestimulation zum Nachweis der Wirksamkeit der sakralen Neuromodulation Im Vergleich zu anderen operativen Verfahren bietet die Sakralnervenstimulation zur sakralen Neuromodulation\u00a0den besonderen Vorteil, dass sich das sp\u00e4tere Behandlungsergebnis durch eine Teststimulation gut vorhersagen l\u00e4sst. F\u00fcr diese Teststimulationsphase\u00a0der sakralen Neuromodulation\u00a0werden eine oder mehrere Elektroden im Bereich des Kreuzbeines eingepflanzt. W\u00e4hrend der Testphase wird [&hellip;]\" \/>\n<meta property=\"og:url\" content=\"https:\/\/www.kontinenzzentrum.ch\/de\/untersuchung-und-therapie\/sakrale-neuromodulation\/teststimulation.html\" \/>\n<meta property=\"og:site_name\" content=\"KontinenzZentrum\" \/>\n<meta property=\"article:modified_time\" content=\"2025-10-01T13:42:48+00:00\" \/>\n<meta property=\"og:image\" content=\"https:\/\/www.kontinenzzentrum.ch\/wp-content\/uploads\/untersuchung-sakrale-neurostimulation-test-12022.jpeg\" \/>\n\t<meta property=\"og:image:width\" content=\"1920\" \/>\n\t<meta property=\"og:image:height\" content=\"450\" \/>\n\t<meta property=\"og:image:type\" content=\"image\/jpeg\" \/>\n<meta name=\"twitter:card\" content=\"summary_large_image\" \/>\n<meta name=\"twitter:label1\" content=\"Gesch\u00e4tzte Lesezeit\" \/>\n\t<meta name=\"twitter:data1\" content=\"3\u00a0Minuten\" \/>\n<script type=\"application\/ld+json\" class=\"yoast-schema-graph\">{\"@context\":\"https:\/\/schema.org\",\"@graph\":[{\"@type\":\"WebPage\",\"@id\":\"https:\/\/www.kontinenzzentrum.ch\/de\/untersuchung-und-therapie\/sakrale-neuromodulation\/teststimulation.html\",\"url\":\"https:\/\/www.kontinenzzentrum.ch\/de\/untersuchung-und-therapie\/sakrale-neuromodulation\/teststimulation.html\",\"name\":\"Teststimulation\",\"isPartOf\":{\"@id\":\"https:\/\/www.kontinenzzentrum.ch\/de\/#website\"},\"primaryImageOfPage\":{\"@id\":\"https:\/\/www.kontinenzzentrum.ch\/de\/untersuchung-und-therapie\/sakrale-neuromodulation\/teststimulation.html#primaryimage\"},\"image\":{\"@id\":\"https:\/\/www.kontinenzzentrum.ch\/de\/untersuchung-und-therapie\/sakrale-neuromodulation\/teststimulation.html#primaryimage\"},\"thumbnailUrl\":\"https:\/\/www.kontinenzzentrum.ch\/wp-content\/uploads\/untersuchung-sakrale-neurostimulation-test-12022.jpeg\",\"datePublished\":\"2023-03-06T10:08:23+00:00\",\"dateModified\":\"2025-10-01T13:42:48+00:00\",\"breadcrumb\":{\"@id\":\"https:\/\/www.kontinenzzentrum.ch\/de\/untersuchung-und-therapie\/sakrale-neuromodulation\/teststimulation.html#breadcrumb\"},\"inLanguage\":\"de\",\"potentialAction\":[{\"@type\":\"ReadAction\",\"target\":[\"https:\/\/www.kontinenzzentrum.ch\/de\/untersuchung-und-therapie\/sakrale-neuromodulation\/teststimulation.html\"]}]},{\"@type\":\"ImageObject\",\"inLanguage\":\"de\",\"@id\":\"https:\/\/www.kontinenzzentrum.ch\/de\/untersuchung-und-therapie\/sakrale-neuromodulation\/teststimulation.html#primaryimage\",\"url\":\"https:\/\/www.kontinenzzentrum.ch\/wp-content\/uploads\/untersuchung-sakrale-neurostimulation-test-12022.jpeg\",\"contentUrl\":\"https:\/\/www.kontinenzzentrum.ch\/wp-content\/uploads\/untersuchung-sakrale-neurostimulation-test-12022.jpeg\",\"width\":1920,\"height\":450},{\"@type\":\"BreadcrumbList\",\"@id\":\"https:\/\/www.kontinenzzentrum.ch\/de\/untersuchung-und-therapie\/sakrale-neuromodulation\/teststimulation.html#breadcrumb\",\"itemListElement\":[{\"@type\":\"ListItem\",\"position\":1,\"name\":\"Startseite\",\"item\":\"https:\/\/www.kontinenzzentrum.ch\/de\"},{\"@type\":\"ListItem\",\"position\":2,\"name\":\"Untersuchung &#038; Therapie\",\"item\":\"https:\/\/www.kontinenzzentrum.ch\/de\/untersuchung-und-therapie.html\"},{\"@type\":\"ListItem\",\"position\":3,\"name\":\"Sakrale Neuromodulation\",\"item\":\"https:\/\/www.kontinenzzentrum.ch\/de\/untersuchung-und-therapie\/sakrale-neuromodulation.html\"},{\"@type\":\"ListItem\",\"position\":4,\"name\":\"Teststimulation\"}]},{\"@type\":\"WebSite\",\"@id\":\"https:\/\/www.kontinenzzentrum.ch\/de\/#website\",\"url\":\"https:\/\/www.kontinenzzentrum.ch\/de\/\",\"name\":\"KontinenzZentrum Hirslanden Z\u00fcrich\",\"description\":\"KontinenzZentrum Hirslanden Z\u00fcrich: Blasenst\u00f6rungen & Inkontinenz\",\"publisher\":{\"@id\":\"https:\/\/www.kontinenzzentrum.ch\/de\/#organization\"},\"potentialAction\":[{\"@type\":\"SearchAction\",\"target\":{\"@type\":\"EntryPoint\",\"urlTemplate\":\"https:\/\/www.kontinenzzentrum.ch\/de\/?s={search_term_string}\"},\"query-input\":{\"@type\":\"PropertyValueSpecification\",\"valueRequired\":true,\"valueName\":\"search_term_string\"}}],\"inLanguage\":\"de\"},{\"@type\":\"Organization\",\"@id\":\"https:\/\/www.kontinenzzentrum.ch\/de\/#organization\",\"name\":\"KontinenzZentrum Hirslanden Z\u00fcrich\",\"url\":\"https:\/\/www.kontinenzzentrum.ch\/de\/\",\"logo\":{\"@type\":\"ImageObject\",\"inLanguage\":\"de\",\"@id\":\"https:\/\/www.kontinenzzentrum.ch\/de\/#\/schema\/logo\/image\/\",\"url\":\"https:\/\/www.kontinenzzentrum.ch\/wp-content\/uploads\/Logo_KontinenzZentrum.png\",\"contentUrl\":\"https:\/\/www.kontinenzzentrum.ch\/wp-content\/uploads\/Logo_KontinenzZentrum.png\",\"width\":800,\"height\":142,\"caption\":\"KontinenzZentrum Hirslanden Z\u00fcrich\"},\"image\":{\"@id\":\"https:\/\/www.kontinenzzentrum.ch\/de\/#\/schema\/logo\/image\/\"}}]}<\/script>\n<!-- \/ Yoast SEO plugin. -->","yoast_head_json":{"title":"Teststimulation","robots":{"index":"index","follow":"follow","max-snippet":"max-snippet:-1","max-image-preview":"max-image-preview:large","max-video-preview":"max-video-preview:-1"},"canonical":"https:\/\/www.kontinenzzentrum.ch\/de\/untersuchung-und-therapie\/sakrale-neuromodulation\/teststimulation.html","og_locale":"de_DE","og_type":"article","og_title":"Teststimulation","og_description":"Teststimulation der sakralen Neuromodulation Probestimulation zum Nachweis der Wirksamkeit der sakralen Neuromodulation Im Vergleich zu anderen operativen Verfahren bietet die Sakralnervenstimulation zur sakralen Neuromodulation\u00a0den besonderen Vorteil, dass sich das sp\u00e4tere Behandlungsergebnis durch eine Teststimulation gut vorhersagen l\u00e4sst. F\u00fcr diese Teststimulationsphase\u00a0der sakralen Neuromodulation\u00a0werden eine oder mehrere Elektroden im Bereich des Kreuzbeines eingepflanzt. W\u00e4hrend der Testphase wird [&hellip;]","og_url":"https:\/\/www.kontinenzzentrum.ch\/de\/untersuchung-und-therapie\/sakrale-neuromodulation\/teststimulation.html","og_site_name":"KontinenzZentrum","article_modified_time":"2025-10-01T13:42:48+00:00","og_image":[{"width":1920,"height":450,"url":"https:\/\/www.kontinenzzentrum.ch\/wp-content\/uploads\/untersuchung-sakrale-neurostimulation-test-12022.jpeg","type":"image\/jpeg"}],"twitter_card":"summary_large_image","twitter_misc":{"Gesch\u00e4tzte Lesezeit":"3\u00a0Minuten"},"schema":{"@context":"https:\/\/schema.org","@graph":[{"@type":"WebPage","@id":"https:\/\/www.kontinenzzentrum.ch\/de\/untersuchung-und-therapie\/sakrale-neuromodulation\/teststimulation.html","url":"https:\/\/www.kontinenzzentrum.ch\/de\/untersuchung-und-therapie\/sakrale-neuromodulation\/teststimulation.html","name":"Teststimulation","isPartOf":{"@id":"https:\/\/www.kontinenzzentrum.ch\/de\/#website"},"primaryImageOfPage":{"@id":"https:\/\/www.kontinenzzentrum.ch\/de\/untersuchung-und-therapie\/sakrale-neuromodulation\/teststimulation.html#primaryimage"},"image":{"@id":"https:\/\/www.kontinenzzentrum.ch\/de\/untersuchung-und-therapie\/sakrale-neuromodulation\/teststimulation.html#primaryimage"},"thumbnailUrl":"https:\/\/www.kontinenzzentrum.ch\/wp-content\/uploads\/untersuchung-sakrale-neurostimulation-test-12022.jpeg","datePublished":"2023-03-06T10:08:23+00:00","dateModified":"2025-10-01T13:42:48+00:00","breadcrumb":{"@id":"https:\/\/www.kontinenzzentrum.ch\/de\/untersuchung-und-therapie\/sakrale-neuromodulation\/teststimulation.html#breadcrumb"},"inLanguage":"de","potentialAction":[{"@type":"ReadAction","target":["https:\/\/www.kontinenzzentrum.ch\/de\/untersuchung-und-therapie\/sakrale-neuromodulation\/teststimulation.html"]}]},{"@type":"ImageObject","inLanguage":"de","@id":"https:\/\/www.kontinenzzentrum.ch\/de\/untersuchung-und-therapie\/sakrale-neuromodulation\/teststimulation.html#primaryimage","url":"https:\/\/www.kontinenzzentrum.ch\/wp-content\/uploads\/untersuchung-sakrale-neurostimulation-test-12022.jpeg","contentUrl":"https:\/\/www.kontinenzzentrum.ch\/wp-content\/uploads\/untersuchung-sakrale-neurostimulation-test-12022.jpeg","width":1920,"height":450},{"@type":"BreadcrumbList","@id":"https:\/\/www.kontinenzzentrum.ch\/de\/untersuchung-und-therapie\/sakrale-neuromodulation\/teststimulation.html#breadcrumb","itemListElement":[{"@type":"ListItem","position":1,"name":"Startseite","item":"https:\/\/www.kontinenzzentrum.ch\/de"},{"@type":"ListItem","position":2,"name":"Untersuchung &#038; Therapie","item":"https:\/\/www.kontinenzzentrum.ch\/de\/untersuchung-und-therapie.html"},{"@type":"ListItem","position":3,"name":"Sakrale Neuromodulation","item":"https:\/\/www.kontinenzzentrum.ch\/de\/untersuchung-und-therapie\/sakrale-neuromodulation.html"},{"@type":"ListItem","position":4,"name":"Teststimulation"}]},{"@type":"WebSite","@id":"https:\/\/www.kontinenzzentrum.ch\/de\/#website","url":"https:\/\/www.kontinenzzentrum.ch\/de\/","name":"KontinenzZentrum Hirslanden Z\u00fcrich","description":"KontinenzZentrum Hirslanden Z\u00fcrich: Blasenst\u00f6rungen & Inkontinenz","publisher":{"@id":"https:\/\/www.kontinenzzentrum.ch\/de\/#organization"},"potentialAction":[{"@type":"SearchAction","target":{"@type":"EntryPoint","urlTemplate":"https:\/\/www.kontinenzzentrum.ch\/de\/?s={search_term_string}"},"query-input":{"@type":"PropertyValueSpecification","valueRequired":true,"valueName":"search_term_string"}}],"inLanguage":"de"},{"@type":"Organization","@id":"https:\/\/www.kontinenzzentrum.ch\/de\/#organization","name":"KontinenzZentrum Hirslanden Z\u00fcrich","url":"https:\/\/www.kontinenzzentrum.ch\/de\/","logo":{"@type":"ImageObject","inLanguage":"de","@id":"https:\/\/www.kontinenzzentrum.ch\/de\/#\/schema\/logo\/image\/","url":"https:\/\/www.kontinenzzentrum.ch\/wp-content\/uploads\/Logo_KontinenzZentrum.png","contentUrl":"https:\/\/www.kontinenzzentrum.ch\/wp-content\/uploads\/Logo_KontinenzZentrum.png","width":800,"height":142,"caption":"KontinenzZentrum Hirslanden Z\u00fcrich"},"image":{"@id":"https:\/\/www.kontinenzzentrum.ch\/de\/#\/schema\/logo\/image\/"}}]}},"_links":{"self":[{"href":"https:\/\/www.kontinenzzentrum.ch\/de\/wp-json\/wp\/v2\/pages\/1762","targetHints":{"allow":["GET"]}}],"collection":[{"href":"https:\/\/www.kontinenzzentrum.ch\/de\/wp-json\/wp\/v2\/pages"}],"about":[{"href":"https:\/\/www.kontinenzzentrum.ch\/de\/wp-json\/wp\/v2\/types\/page"}],"author":[{"embeddable":true,"href":"https:\/\/www.kontinenzzentrum.ch\/de\/wp-json\/wp\/v2\/users\/1"}],"replies":[{"embeddable":true,"href":"https:\/\/www.kontinenzzentrum.ch\/de\/wp-json\/wp\/v2\/comments?post=1762"}],"version-history":[{"count":7,"href":"https:\/\/www.kontinenzzentrum.ch\/de\/wp-json\/wp\/v2\/pages\/1762\/revisions"}],"predecessor-version":[{"id":4628,"href":"https:\/\/www.kontinenzzentrum.ch\/de\/wp-json\/wp\/v2\/pages\/1762\/revisions\/4628"}],"up":[{"embeddable":true,"href":"https:\/\/www.kontinenzzentrum.ch\/de\/wp-json\/wp\/v2\/pages\/1754"}],"wp:featuredmedia":[{"embeddable":true,"href":"https:\/\/www.kontinenzzentrum.ch\/de\/wp-json\/wp\/v2\/media\/1767"}],"wp:attachment":[{"href":"https:\/\/www.kontinenzzentrum.ch\/de\/wp-json\/wp\/v2\/media?parent=1762"}],"curies":[{"name":"wp","href":"https:\/\/api.w.org\/{rel}","templated":true}]}}