{"id":1789,"date":"2023-03-06T12:32:31","date_gmt":"2023-03-06T11:32:31","guid":{"rendered":"https:\/\/www.kontinenzzentrum.ch\/?page_id=1789"},"modified":"2025-11-03T13:23:08","modified_gmt":"2025-11-03T12:23:08","slug":"testen-sie-sich","status":"publish","type":"page","link":"https:\/\/www.kontinenzzentrum.ch\/de\/untersuchung-und-therapie\/testen-sie-sich.html","title":{"rendered":"Testen Sie sich!"},"content":{"rendered":"<div id=\"pl-1789\"  class=\"panel-layout\" ><div id=\"pg-1789-0\"  class=\"panel-grid panel-no-style\" ><div id=\"pgc-1789-0-0\"  class=\"panel-grid-cell\" ><div id=\"panel-1789-0-0-0\" class=\"so-panel widget widget_sow-editor panel-first-child panel-last-child\" data-index=\"0\" ><div\n\t\t\t\n\t\t\tclass=\"so-widget-sow-editor so-widget-sow-editor-base\"\n\t\t\t\n\t\t>\n<div class=\"siteorigin-widget-tinymce textwidget\">\n\t<h1>Testen Sie sich selbst!<\/h1>\n<p>Eine Harninkontinenz oder eine St\u00f6rung der Blasenfunktion kann jeden treffen - ob jung oder alt, Frau oder Mann. Blasenprobleme und Inkontinenz beeintr\u00e4chtigen empfindlich den Alltag und die Lebensqualit\u00e4t von vielen Frauen und M\u00e4nnern. Oft verschweigen Betroffene aus Scham ihre Beschwerden oder f\u00fchlen sich damit beim Arzt nicht ernst genommen.<\/p>\n<p>Dabei Blasenprobleme und Inkontinenz kein \u201eSchicksal\u201c, mit dem man sich abfinden muss, praktisch allen Betroffenen kann wirksam geholfen werden. Werden Sie \u201eExperte in eigener Sache\u201c, \u00fcberwinden Sie Ihr Blasenproblem und gewinnen Sie Ihre Lebensfreude zur\u00fcck!<\/p>\n<p>Solange die Speicherung und Entleerung des Harns reibungslos funktionieren, bleibt die Funktion der Harnblase im Hintergrund der allt\u00e4glichen Besch\u00e4ftigungen. Tritt jedoch eine St\u00f6rung der Blasenfunktion oder eine Harninkontinenz ein, r\u00fcckt die Blase unmittelbar in den Mittelpunkt des t\u00e4glichen Lebens. Betroffene Frauen und M\u00e4nner sind empfindlich in ihrem Wohlbefinden und in ihrer Lebensqualit\u00e4t gest\u00f6rt. Neben den eigentlichen Beschwerden erleben sie nicht selten eine enorme Verunsicherung, die sich nach und nach auf alle Bereiche des Lebens auswirken kann. So leidet die Mobilit\u00e4t unter dem Zwang, st\u00e4ndig eine Toilette in der N\u00e4he zu haben. Soziale Kontakte werden schwieriger, manchmal droht gar eine soziale Isolation. Der Versuch, das Blasenproblem zu \u00fcberspielen und zu kompensieren, raubt einen betr\u00e4chtlichen Teil der Tag f\u00fcr Tag zur Verf\u00fcgung stehenden Energie, ein Leistungsabfall im Beruf und ein Verlust an Interesse am Job k\u00f6nnen die Folge sein. Nicht wenige Betroffene setzten sich und ihre Blase unter Druck, sodass ihre Psyche darunter leiden kann. Auch das Sexualleben ist in der Regel betroffen, mit den entsprechenden Auswirkungen auf die Partnerschaft. Der Zwang, Vorlagen oder gar Windeln zu tragen, wirkt sich negativ auf das Selbstbild aus.<\/p>\n<\/div>\n<\/div><\/div><\/div><\/div><div id=\"pg-1789-1\"  class=\"panel-grid panel-has-style\" ><div class=\"fn-lines panel-row-style panel-row-style-for-1789-1\" ><div id=\"pgc-1789-1-0\"  class=\"panel-grid-cell\" ><div id=\"panel-1789-1-0-0\" class=\"so-panel widget widget_sow-editor panel-first-child\" data-index=\"1\" ><div\n\t\t\t\n\t\t\tclass=\"so-widget-sow-editor so-widget-sow-editor-base\"\n\t\t\t\n\t\t>\n<div class=\"siteorigin-widget-tinymce textwidget\">\n\t<h2>Verf\u00fcgbare Tests:<\/h2>\n<\/div>\n<\/div><\/div><div id=\"panel-1789-1-0-1\" class=\"so-panel widget widget_fn-accordion-widget panel-last-child\" data-index=\"2\" ><div\n\t\t\t\n\t\t\tclass=\"so-widget-fn-accordion-widget so-widget-fn-accordion-widget-base\"\n\t\t\t\n\t\t><ul class=\"uk-list\" uk-accordion><li>\n        <a class=\"uk-accordion-title\" href=\"#\">Reizblase & Dranginkontinenz<\/a>\n        <div class=\"uk-accordion-content\">Wenn Sie zwei oder mehr dieser Fragen mit JA beantworten, dann k\u00f6nnte bei Ihnen eine \u00fcberaktive Blase mit oder ohne begleitende Harninkontinenz vorliegen. Eine Abkl\u00e4rung kann diesen Verdacht kl\u00e4ren. F\u00fcr die Behandlung stehen sehr effektive Methoden zur Verf\u00fcgung.\n<ul>\n \t<li>Bemerken Sie h\u00e4ufigen, pl\u00f6tzlich auftretenden und dann kaum unterdr\u00fcckbaren Harndrang?<\/li>\n \t<li>M\u00fcssen Sie bei Harndrang sofort gehen und k\u00f6nnen nicht oder nur kurz warten?<\/li>\n \t<li>M\u00fcssen Sie h\u00e4ufiger als die Menschen in Ihrer Umgebung die Blase entleeren?<\/li>\n \t<li>M\u00fcssen Sie nachts mehr als 1x Wasser lassen?<\/li>\n \t<li>Verlieren Sie auf dem Weg zur Toilette Urin?<\/li>\n \t<li>Versp\u00fcren Sie pl\u00f6tzlichen Harndrang und verlieren kurz darauf Urin, ohne es verhindern zu k\u00f6nnen?<\/li>\n \t<li>Verlieren Sie \u00fcblicherweise mehr als nur ein paar Spritzer Harn?<\/li>\n<\/ul><\/div>\n      <\/li><li>\n        <a class=\"uk-accordion-title\" href=\"#\">Belastungsinkontinenz<\/a>\n        <div class=\"uk-accordion-content\">Wenn Sie zwei oder mehr dieser Fragen mit JA beantworten, dann k\u00f6nnten bei Ihnen ein nicht mehr wasserdicht verschliessender Harnr\u00f6hrenschliessmuskel und eine Belastungsinkontinenz vorliegen. Eine Abkl\u00e4rung kann diesen Verdacht kl\u00e4ren. F\u00fcr die Behandlung stehen sehr effektive Methoden zur Verf\u00fcgung.\n<ul>\n \t<li>Verlieren Sie unfreiwillig Urin beim Husten und Niesen?<\/li>\n \t<li>Verlieren Sie unfreiwillig Urin bei k\u00f6rperlicher Bet\u00e4tigung (Laufen, Springen, Anheben von Lasten)?<\/li>\n \t<li>Verlieren Sie \u00fcblicherweise mehr als nur ein paar Spritzer Harn?<\/li>\n \t<li>F\u00fcr Frauen: Haben Sie Kinder geboren?<\/li>\n \t<li>F\u00fcr M\u00e4nner: Haben Sie sich einer Prostataoperation unterziehen m\u00fcssen?<\/li>\n<\/ul><\/div>\n      <\/li><li>\n        <a class=\"uk-accordion-title\" href=\"#\">Blasenfunktionsst\u00f6rungen<\/a>\n        <div class=\"uk-accordion-content\">Treten bei Ihnen diese oder \u00e4hnliche Beschwerden l\u00e4nger als einige Tage auf und ist eine Harnwegsinfektion ausgeschlossen, kann eine Blasenfunktionsst\u00f6rung vorliegen. Eine Abkl\u00e4rung ist dann ratsam. Beschwerden und Symptome einer gest\u00f6rten Blasenfunktion k\u00f6nnen sein:\n<ul>\n \t<li>H\u00e4ufiges Wasserlassen am Tage<\/li>\n \t<li>H\u00e4ufiges n\u00e4chtliches Wasserlassen<\/li>\n \t<li>Pl\u00f6tzlicher, h\u00e4ufiger und verst\u00e4rkter Harndrang<\/li>\n \t<li>Fehlendes Blasenf\u00fcllungsgef\u00fchl und schwacher Harndrang<\/li>\n \t<li>Unfreiwilliger Harnverlust oder Harninkontinenz<\/li>\n \t<li>Erschwerte und unvollst\u00e4ndige Blasenentleerung<\/li>\n \t<li>Unvollst\u00e4ndige Blasenentleerung<\/li>\n \t<li>Schwacher und unterbrochener Harnstrahl<\/li>\n \t<li>Schwierigkeiten beim Start oder der Einleitung der Entleerung<\/li>\n \t<li>Schmerzhafte Blasenf\u00fcllung und -entleerung<\/li>\n<\/ul><\/div>\n      <\/li><li>\n        <a class=\"uk-accordion-title\" href=\"#\">Schmerzhafte Blase<\/a>\n        <div class=\"uk-accordion-content\">Wenn Sie drei oder mehr dieser Fragen mit JA beantworten, dann k\u00f6nnte bei Ihnen eine chronische Blasenentz\u00fcndung vorliegen. Eine solche chronische Zystitis kann eine behandelbare Erkrankung oder auch ein Symptom einer anderen Erkrankung sein. Besprechen Sie die Behandlungsm\u00f6glichkeiten und die f\u00fcr Sie passende Therapie mit uns.\n<ul>\n \t<li>Haben Sie im Lauf des letzten Monats oftmals unvermittelt starken und schmerzhaften Harndrang?<\/li>\n \t<li>Haben Sie Abst\u00e4nde von weniger als zwei Stunden zwischen zwei Toiletteng\u00e4ngen?<\/li>\n \t<li>Mussten Sie im Laufe des letzten Monats mehr als drei Mal pro Nacht urinieren?<\/li>\n \t<li>Hatten Sie im Laufe des letzten Monats Schmerzen oder ein Brennen in der Blase?<\/li>\n \t<li>Haben Sie sich in letzter Zeit einer Strahlenbehandlung des Beckens unterziehen m\u00fcssen?<\/li>\n \t<li>Haben Sie schon einmal Blut im Urin bemerkt?<\/li>\n \t<li>Wurde bei Ihnen bereits fr\u00fcher eine Blasen- oder Harnwegsentz\u00fcndung festgestellt?<\/li>\n \t<li>Hatten Sie mehr als eine Blasen- oder Harnwegsentz\u00fcndung w\u00e4hrend der letzten 12 Monate?<\/li>\n<\/ul><\/div>\n      <\/li><li>\n        <a class=\"uk-accordion-title\" href=\"#\">Erschwerte & unvollst\u00e4ndige Blasenentleerung<\/a>\n        <div class=\"uk-accordion-content\">Wenn Sie zwei oder mehr dieser Fragen mit JA beantworten, dann k\u00f6nnte bei Ihnen eine erschwerte und unvollst\u00e4ndige Blasenentleerung vorliegen. Eine Abkl\u00e4rung kann diesen Verdacht kl\u00e4ren. F\u00fcr die Behandlung stehen sehr effektive Methoden zur Verf\u00fcgung.\n<ul>\n \t<li>Haben Sie das Gef\u00fchl, dass Ihre Blase nach dem Wasserlassen nicht ganz geleert ist?<\/li>\n \t<li>M\u00fcssen Sie in weniger als zwei Stunden ein zweites Mal Wasser lassen?<\/li>\n \t<li>M\u00fcssen Sie beim Wasserlassen mehrmals aufh\u00f6ren und neu beginnen?<\/li>\n \t<li>Haben Sie Schwierigkeiten, das Wasserlassen hinauszuz\u00f6gern?<\/li>\n \t<li>Haben Sie einen schwachen Strahl beim Wasserlassen?<\/li>\n \t<li>M\u00fcssen Sie pressen oder sich anstrengen, um mit dem Wasserlassen zu beginnen?<\/li>\n \t<li>M\u00fcssen Sie regelm\u00e4ssig nachts aufstehen, um Wasser zu lassen?<\/li>\n<\/ul><\/div>\n      <\/li><li>\n        <a class=\"uk-accordion-title\" href=\"#\">Blasen- und Geb\u00e4rmuttersenkung<\/a>\n        <div class=\"uk-accordion-content\">Wenn Sie zwei oder mehr dieser Fragen mit JA beantworten, dann k\u00f6nnte bei Ihnen eine Blasen-, Geb\u00e4rmutter- oder Darmsenkung vorliegen. Eine Abkl\u00e4rung kann diesen Verdacht kl\u00e4ren. F\u00fcr die Behandlung stehen sehr effektive Methoden zur Verf\u00fcgung.\n<ul>\n \t<li>Haben Sie ein Fremdk\u00f6rpergef\u00fchl in der Scheide?<\/li>\n \t<li>Haben Sie das Gef\u00fchl, dass sich Ihr Genital abgesenkt hat?<\/li>\n \t<li>Haben Sie Schwierigkeiten bei der Blasenentleerung?<\/li>\n \t<li>M\u00fcssen Sie die Senkung zur\u00fcckschieben, um Wasser lassen zu k\u00f6nnen?<\/li>\n \t<li>Haben Sie Schwierigkeiten bei der Darmentleerung?<\/li>\n \t<li>M\u00fcssen Sie die Senkung zur\u00fcckschieben zum Stuhlgang?<\/li>\n \t<li>Habe Sie durch die Senkung Probleme oder Schmerzen beim Geschlechtsverkehr?<\/li>\n<\/ul><\/div>\n      <\/li><\/ul><\/div><\/div><\/div><\/div><\/div><div id=\"pg-1789-2\"  class=\"panel-grid panel-no-style\" ><div id=\"pgc-1789-2-0\"  class=\"panel-grid-cell\" ><div id=\"panel-1789-2-0-0\" class=\"so-panel widget widget_fn-info-box-widget panel-first-child panel-last-child\" data-index=\"3\" ><div\n\t\t\t\n\t\t\tclass=\"so-widget-fn-info-box-widget so-widget-fn-info-box-widget-base\"\n\t\t\t\n\t\t><div class=\"uk-child-width-1-1 uk-grid-match\" uk-grid><div>\n        <div class=\"fn-info-box-title\">\n          <div class=\"uk-grid-small\" uk-grid>            <div class=\"uk-width-auto\"><img decoding=\"async\" src=\"https:\/\/www.kontinenzzentrum.ch\/wp-content\/uploads\/ICON_kontakt.svg\" class=\"attachment-small size-small\" alt=\"\" \/>            <\/div>            <div class=\"uk-width-expand\">\n              <h4 class=\"uk-h3\">Informieren Sie sich zu Inkontinenz, Blasenst\u00f6rungen sowie Schmerzen und Senkungen<\/h4>\n            <\/div>\n          <\/div>\n        <\/div>\n        <div class=\"fn-info-box-content\">\n              <p>Vereinbaren Sie gerne ein umfassendes und vertrauliches Beratungsgespr\u00e4ch. Unsere Spezialisten und Spezialistinnen informieren \u00fcber Ihre individuellen <strong>Abkl\u00e4rungs- und Behandlungm\u00f6glichkeiten bei Beschwerden im Urogenitalbereich<\/strong>(z.B. Inkontinenz, Blasenst\u00f6rungen, Organsenkungen oder Schmerzen).<\/p>\n<p>Sie erreichen unser KontinenzZentrum in Hirslanden, Z\u00fcrich, telefonisch oder per <a title=\"Senden Sie uns eine E-Mail\" href=\"mailto:kontinenzzentrum.hirslanden@hirslanden.ch\">E-Mail<\/a> von Montag bis Freitag zwischen 8 und 17 Uhr. Nutzen Sie auch unsere praktische Online Terminvereinbarung.<\/p>\n<p><div class=\"uk-flex uk-child-width-auto uk-grid-small\" uk-grid><div><a class=\"uk-button uk-button-primary\" href=\"tel:+41443872910\"><i class=\"fas fa-phone-alt uk-margin-small-right\"><\/i>+41 44 387 29 10<\/a><\/div><div><a class=\"uk-button uk-button-primary\" href=\"https:\/\/www.kontinenzzentrum.ch\/de\/ueber-uns\/termin.html\"><i class=\"fas fa-comments uk-margin-small-right\"><\/i>Online Terminvereinbarung<\/a><\/div><\/div><\/p>\n        <\/div>\n      <\/div><\/div><\/div><\/div><\/div><\/div><\/div>","protected":false},"excerpt":{"rendered":"<p>Testen Sie sich selbst! Eine Harninkontinenz oder eine St\u00f6rung der Blasenfunktion kann jeden treffen - ob jung oder alt, Frau oder Mann. Blasenprobleme und Inkontinenz beeintr\u00e4chtigen empfindlich den Alltag und die Lebensqualit\u00e4t von vielen Frauen und M\u00e4nnern. Oft verschweigen Betroffene aus Scham ihre Beschwerden oder f\u00fchlen sich damit beim Arzt nicht ernst genommen. Dabei Blasenprobleme [&hellip;]<\/p>\n","protected":false},"author":1,"featured_media":1645,"parent":1308,"menu_order":0,"comment_status":"closed","ping_status":"closed","template":"","meta":{"_acf_changed":false,"footnotes":""},"class_list":["post-1789","page","type-page","status-publish","has-post-thumbnail","hentry"],"acf":[],"yoast_head":"<!-- This site is optimized with the Yoast SEO plugin v26.9 - https:\/\/yoast.com\/product\/yoast-seo-wordpress\/ -->\n<title>Testen Sie sich!<\/title>\n<meta name=\"robots\" content=\"index, follow, max-snippet:-1, max-image-preview:large, max-video-preview:-1\" \/>\n<link rel=\"canonical\" href=\"https:\/\/www.kontinenzzentrum.ch\/de\/untersuchung-und-therapie\/testen-sie-sich.html\" \/>\n<meta property=\"og:locale\" content=\"de_DE\" \/>\n<meta property=\"og:type\" content=\"article\" \/>\n<meta property=\"og:title\" content=\"Testen Sie sich!\" \/>\n<meta property=\"og:description\" content=\"Testen Sie sich selbst! Eine Harninkontinenz oder eine St\u00f6rung der Blasenfunktion kann jeden treffen - ob jung oder alt, Frau oder Mann. Blasenprobleme und Inkontinenz beeintr\u00e4chtigen empfindlich den Alltag und die Lebensqualit\u00e4t von vielen Frauen und M\u00e4nnern. Oft verschweigen Betroffene aus Scham ihre Beschwerden oder f\u00fchlen sich damit beim Arzt nicht ernst genommen. Dabei Blasenprobleme [&hellip;]\" \/>\n<meta property=\"og:url\" content=\"https:\/\/www.kontinenzzentrum.ch\/de\/untersuchung-und-therapie\/testen-sie-sich.html\" \/>\n<meta property=\"og:site_name\" content=\"KontinenzZentrum\" \/>\n<meta property=\"article:modified_time\" content=\"2025-11-03T12:23:08+00:00\" \/>\n<meta property=\"og:image\" content=\"https:\/\/www.kontinenzzentrum.ch\/wp-content\/uploads\/kompetenz-psychosomatische-urologie-212871.jpeg\" \/>\n\t<meta property=\"og:image:width\" content=\"1920\" \/>\n\t<meta property=\"og:image:height\" content=\"450\" \/>\n\t<meta property=\"og:image:type\" content=\"image\/jpeg\" \/>\n<meta name=\"twitter:card\" content=\"summary_large_image\" \/>\n<meta name=\"twitter:label1\" content=\"Gesch\u00e4tzte Lesezeit\" \/>\n\t<meta name=\"twitter:data1\" content=\"6\u00a0Minuten\" \/>\n<script type=\"application\/ld+json\" class=\"yoast-schema-graph\">{\"@context\":\"https:\/\/schema.org\",\"@graph\":[{\"@type\":\"WebPage\",\"@id\":\"https:\/\/www.kontinenzzentrum.ch\/de\/untersuchung-und-therapie\/testen-sie-sich.html\",\"url\":\"https:\/\/www.kontinenzzentrum.ch\/de\/untersuchung-und-therapie\/testen-sie-sich.html\",\"name\":\"Testen Sie sich!\",\"isPartOf\":{\"@id\":\"https:\/\/www.kontinenzzentrum.ch\/de\/#website\"},\"primaryImageOfPage\":{\"@id\":\"https:\/\/www.kontinenzzentrum.ch\/de\/untersuchung-und-therapie\/testen-sie-sich.html#primaryimage\"},\"image\":{\"@id\":\"https:\/\/www.kontinenzzentrum.ch\/de\/untersuchung-und-therapie\/testen-sie-sich.html#primaryimage\"},\"thumbnailUrl\":\"https:\/\/www.kontinenzzentrum.ch\/wp-content\/uploads\/kompetenz-psychosomatische-urologie-212871.jpeg\",\"datePublished\":\"2023-03-06T11:32:31+00:00\",\"dateModified\":\"2025-11-03T12:23:08+00:00\",\"breadcrumb\":{\"@id\":\"https:\/\/www.kontinenzzentrum.ch\/de\/untersuchung-und-therapie\/testen-sie-sich.html#breadcrumb\"},\"inLanguage\":\"de\",\"potentialAction\":[{\"@type\":\"ReadAction\",\"target\":[\"https:\/\/www.kontinenzzentrum.ch\/de\/untersuchung-und-therapie\/testen-sie-sich.html\"]}]},{\"@type\":\"ImageObject\",\"inLanguage\":\"de\",\"@id\":\"https:\/\/www.kontinenzzentrum.ch\/de\/untersuchung-und-therapie\/testen-sie-sich.html#primaryimage\",\"url\":\"https:\/\/www.kontinenzzentrum.ch\/wp-content\/uploads\/kompetenz-psychosomatische-urologie-212871.jpeg\",\"contentUrl\":\"https:\/\/www.kontinenzzentrum.ch\/wp-content\/uploads\/kompetenz-psychosomatische-urologie-212871.jpeg\",\"width\":1920,\"height\":450},{\"@type\":\"BreadcrumbList\",\"@id\":\"https:\/\/www.kontinenzzentrum.ch\/de\/untersuchung-und-therapie\/testen-sie-sich.html#breadcrumb\",\"itemListElement\":[{\"@type\":\"ListItem\",\"position\":1,\"name\":\"Startseite\",\"item\":\"https:\/\/www.kontinenzzentrum.ch\/de\"},{\"@type\":\"ListItem\",\"position\":2,\"name\":\"Untersuchung &#038; Therapie\",\"item\":\"https:\/\/www.kontinenzzentrum.ch\/de\/untersuchung-und-therapie.html\"},{\"@type\":\"ListItem\",\"position\":3,\"name\":\"Testen Sie sich!\"}]},{\"@type\":\"WebSite\",\"@id\":\"https:\/\/www.kontinenzzentrum.ch\/de\/#website\",\"url\":\"https:\/\/www.kontinenzzentrum.ch\/de\/\",\"name\":\"KontinenzZentrum Hirslanden Z\u00fcrich\",\"description\":\"KontinenzZentrum Hirslanden Z\u00fcrich: Blasenst\u00f6rungen & Inkontinenz\",\"publisher\":{\"@id\":\"https:\/\/www.kontinenzzentrum.ch\/de\/#organization\"},\"potentialAction\":[{\"@type\":\"SearchAction\",\"target\":{\"@type\":\"EntryPoint\",\"urlTemplate\":\"https:\/\/www.kontinenzzentrum.ch\/de\/?s={search_term_string}\"},\"query-input\":{\"@type\":\"PropertyValueSpecification\",\"valueRequired\":true,\"valueName\":\"search_term_string\"}}],\"inLanguage\":\"de\"},{\"@type\":\"Organization\",\"@id\":\"https:\/\/www.kontinenzzentrum.ch\/de\/#organization\",\"name\":\"KontinenzZentrum Hirslanden Z\u00fcrich\",\"url\":\"https:\/\/www.kontinenzzentrum.ch\/de\/\",\"logo\":{\"@type\":\"ImageObject\",\"inLanguage\":\"de\",\"@id\":\"https:\/\/www.kontinenzzentrum.ch\/de\/#\/schema\/logo\/image\/\",\"url\":\"https:\/\/www.kontinenzzentrum.ch\/wp-content\/uploads\/Logo_KontinenzZentrum.png\",\"contentUrl\":\"https:\/\/www.kontinenzzentrum.ch\/wp-content\/uploads\/Logo_KontinenzZentrum.png\",\"width\":800,\"height\":142,\"caption\":\"KontinenzZentrum Hirslanden Z\u00fcrich\"},\"image\":{\"@id\":\"https:\/\/www.kontinenzzentrum.ch\/de\/#\/schema\/logo\/image\/\"}}]}<\/script>\n<!-- \/ Yoast SEO plugin. -->","yoast_head_json":{"title":"Testen Sie sich!","robots":{"index":"index","follow":"follow","max-snippet":"max-snippet:-1","max-image-preview":"max-image-preview:large","max-video-preview":"max-video-preview:-1"},"canonical":"https:\/\/www.kontinenzzentrum.ch\/de\/untersuchung-und-therapie\/testen-sie-sich.html","og_locale":"de_DE","og_type":"article","og_title":"Testen Sie sich!","og_description":"Testen Sie sich selbst! Eine Harninkontinenz oder eine St\u00f6rung der Blasenfunktion kann jeden treffen - ob jung oder alt, Frau oder Mann. Blasenprobleme und Inkontinenz beeintr\u00e4chtigen empfindlich den Alltag und die Lebensqualit\u00e4t von vielen Frauen und M\u00e4nnern. Oft verschweigen Betroffene aus Scham ihre Beschwerden oder f\u00fchlen sich damit beim Arzt nicht ernst genommen. Dabei Blasenprobleme [&hellip;]","og_url":"https:\/\/www.kontinenzzentrum.ch\/de\/untersuchung-und-therapie\/testen-sie-sich.html","og_site_name":"KontinenzZentrum","article_modified_time":"2025-11-03T12:23:08+00:00","og_image":[{"width":1920,"height":450,"url":"https:\/\/www.kontinenzzentrum.ch\/wp-content\/uploads\/kompetenz-psychosomatische-urologie-212871.jpeg","type":"image\/jpeg"}],"twitter_card":"summary_large_image","twitter_misc":{"Gesch\u00e4tzte Lesezeit":"6\u00a0Minuten"},"schema":{"@context":"https:\/\/schema.org","@graph":[{"@type":"WebPage","@id":"https:\/\/www.kontinenzzentrum.ch\/de\/untersuchung-und-therapie\/testen-sie-sich.html","url":"https:\/\/www.kontinenzzentrum.ch\/de\/untersuchung-und-therapie\/testen-sie-sich.html","name":"Testen Sie sich!","isPartOf":{"@id":"https:\/\/www.kontinenzzentrum.ch\/de\/#website"},"primaryImageOfPage":{"@id":"https:\/\/www.kontinenzzentrum.ch\/de\/untersuchung-und-therapie\/testen-sie-sich.html#primaryimage"},"image":{"@id":"https:\/\/www.kontinenzzentrum.ch\/de\/untersuchung-und-therapie\/testen-sie-sich.html#primaryimage"},"thumbnailUrl":"https:\/\/www.kontinenzzentrum.ch\/wp-content\/uploads\/kompetenz-psychosomatische-urologie-212871.jpeg","datePublished":"2023-03-06T11:32:31+00:00","dateModified":"2025-11-03T12:23:08+00:00","breadcrumb":{"@id":"https:\/\/www.kontinenzzentrum.ch\/de\/untersuchung-und-therapie\/testen-sie-sich.html#breadcrumb"},"inLanguage":"de","potentialAction":[{"@type":"ReadAction","target":["https:\/\/www.kontinenzzentrum.ch\/de\/untersuchung-und-therapie\/testen-sie-sich.html"]}]},{"@type":"ImageObject","inLanguage":"de","@id":"https:\/\/www.kontinenzzentrum.ch\/de\/untersuchung-und-therapie\/testen-sie-sich.html#primaryimage","url":"https:\/\/www.kontinenzzentrum.ch\/wp-content\/uploads\/kompetenz-psychosomatische-urologie-212871.jpeg","contentUrl":"https:\/\/www.kontinenzzentrum.ch\/wp-content\/uploads\/kompetenz-psychosomatische-urologie-212871.jpeg","width":1920,"height":450},{"@type":"BreadcrumbList","@id":"https:\/\/www.kontinenzzentrum.ch\/de\/untersuchung-und-therapie\/testen-sie-sich.html#breadcrumb","itemListElement":[{"@type":"ListItem","position":1,"name":"Startseite","item":"https:\/\/www.kontinenzzentrum.ch\/de"},{"@type":"ListItem","position":2,"name":"Untersuchung &#038; Therapie","item":"https:\/\/www.kontinenzzentrum.ch\/de\/untersuchung-und-therapie.html"},{"@type":"ListItem","position":3,"name":"Testen Sie sich!"}]},{"@type":"WebSite","@id":"https:\/\/www.kontinenzzentrum.ch\/de\/#website","url":"https:\/\/www.kontinenzzentrum.ch\/de\/","name":"KontinenzZentrum Hirslanden Z\u00fcrich","description":"KontinenzZentrum Hirslanden Z\u00fcrich: Blasenst\u00f6rungen & Inkontinenz","publisher":{"@id":"https:\/\/www.kontinenzzentrum.ch\/de\/#organization"},"potentialAction":[{"@type":"SearchAction","target":{"@type":"EntryPoint","urlTemplate":"https:\/\/www.kontinenzzentrum.ch\/de\/?s={search_term_string}"},"query-input":{"@type":"PropertyValueSpecification","valueRequired":true,"valueName":"search_term_string"}}],"inLanguage":"de"},{"@type":"Organization","@id":"https:\/\/www.kontinenzzentrum.ch\/de\/#organization","name":"KontinenzZentrum Hirslanden Z\u00fcrich","url":"https:\/\/www.kontinenzzentrum.ch\/de\/","logo":{"@type":"ImageObject","inLanguage":"de","@id":"https:\/\/www.kontinenzzentrum.ch\/de\/#\/schema\/logo\/image\/","url":"https:\/\/www.kontinenzzentrum.ch\/wp-content\/uploads\/Logo_KontinenzZentrum.png","contentUrl":"https:\/\/www.kontinenzzentrum.ch\/wp-content\/uploads\/Logo_KontinenzZentrum.png","width":800,"height":142,"caption":"KontinenzZentrum Hirslanden Z\u00fcrich"},"image":{"@id":"https:\/\/www.kontinenzzentrum.ch\/de\/#\/schema\/logo\/image\/"}}]}},"_links":{"self":[{"href":"https:\/\/www.kontinenzzentrum.ch\/de\/wp-json\/wp\/v2\/pages\/1789","targetHints":{"allow":["GET"]}}],"collection":[{"href":"https:\/\/www.kontinenzzentrum.ch\/de\/wp-json\/wp\/v2\/pages"}],"about":[{"href":"https:\/\/www.kontinenzzentrum.ch\/de\/wp-json\/wp\/v2\/types\/page"}],"author":[{"embeddable":true,"href":"https:\/\/www.kontinenzzentrum.ch\/de\/wp-json\/wp\/v2\/users\/1"}],"replies":[{"embeddable":true,"href":"https:\/\/www.kontinenzzentrum.ch\/de\/wp-json\/wp\/v2\/comments?post=1789"}],"version-history":[{"count":6,"href":"https:\/\/www.kontinenzzentrum.ch\/de\/wp-json\/wp\/v2\/pages\/1789\/revisions"}],"predecessor-version":[{"id":4656,"href":"https:\/\/www.kontinenzzentrum.ch\/de\/wp-json\/wp\/v2\/pages\/1789\/revisions\/4656"}],"up":[{"embeddable":true,"href":"https:\/\/www.kontinenzzentrum.ch\/de\/wp-json\/wp\/v2\/pages\/1308"}],"wp:featuredmedia":[{"embeddable":true,"href":"https:\/\/www.kontinenzzentrum.ch\/de\/wp-json\/wp\/v2\/media\/1645"}],"wp:attachment":[{"href":"https:\/\/www.kontinenzzentrum.ch\/de\/wp-json\/wp\/v2\/media?parent=1789"}],"curies":[{"name":"wp","href":"https:\/\/api.w.org\/{rel}","templated":true}]}}