{"id":1814,"date":"2023-03-06T12:53:36","date_gmt":"2023-03-06T11:53:36","guid":{"rendered":"https:\/\/www.kontinenzzentrum.ch\/?page_id=1814"},"modified":"2025-09-29T11:58:26","modified_gmt":"2025-09-29T09:58:26","slug":"harnuntersuchung","status":"publish","type":"page","link":"https:\/\/www.kontinenzzentrum.ch\/de\/untersuchung-und-therapie\/untersuchungsverfahren\/harnuntersuchung.html","title":{"rendered":"Harnuntersuchung"},"content":{"rendered":"<div id=\"pl-1814\"  class=\"panel-layout\" ><div id=\"pg-1814-0\"  class=\"panel-grid panel-no-style\" ><div id=\"pgc-1814-0-0\"  class=\"panel-grid-cell\" ><div id=\"panel-1814-0-0-0\" class=\"so-panel widget widget_sow-editor panel-first-child panel-last-child\" data-index=\"0\" ><div\n\t\t\t\n\t\t\tclass=\"so-widget-sow-editor so-widget-sow-editor-base\"\n\t\t\t\n\t\t>\n<div class=\"siteorigin-widget-tinymce textwidget\">\n\t<h1>Harnuntersuchung<\/h1>\n<h2>Laboruntersuchung bei Blaseninfektion oder Blut im Urin<\/h2>\n<p><img decoding=\"async\" class=\"alignright\" title=\"Laboruntersuchung bei Blaseninfektion oder Blut im Urin\" src=\"https:\/\/www.kontinenzzentrum.ch\/wp-content\/uploads\/patienten_harnuntersuchung.jpeg\" alt=\"Laboruntersuchung bei Blaseninfektion oder Blut im Urin\" width=\"312\" height=\"713\" \/><\/p>\n<p>Vor einer neurourologischen Untersuchung wird der Urin im Labor untersucht, um eine Fehlinterpretation durch eine Blasenentz\u00fcndung zu vermeiden. Mit der Bestimmung des pH-Werts kann der Untersucher erkennen, ob ein saurer, neutraler oder basischer Harn vorliegt.<\/p>\n<p>Finden sich allein rote Blutk\u00f6rperchen im Urin, so kann dies auf einen Tumor im Harntrakt hinweisen. In diesem Fall sind immer weitere Untersuchungen notwendig. Findet sich Zucker im Urin, so kann das auf einen Diabetes mellitus hinweisen, auch hier ist eine weitere Abkl\u00e4rung ratsam. Zeigt der Urintest Eiwei\u00dfpuren an, so kann eine Erkrankung der Nieren vorliegen.<\/p>\n<p>Der Hauptgrund f\u00fcr das Anfertigen eines Urintests ist jedoch der Verdacht auf eine\u00a0<a title=\"\u201eBlasenentz\u00fcndung&quot;\" href=\"https:\/\/www.kontinenzzentrum.ch\/de\/erkrankungen\/schmerz-und-entzuendungen\/blasenentzuendung.html\">Blasenentz\u00fcndung<\/a>. Wichtige Parameter hierf\u00fcr sind der Nitrit-Test und die Anzahl wei\u00dfer Blutk\u00f6rperchen im Urin. Liegt keine Harnwegsinfektion vor, ist der Test auf Nitrit negativ, und es werden keine wei\u00dfen Blutk\u00f6rperchen im Urin gefunden. Normalerweise findet sich im Urin die chemische Verbindung Nitrat, ein Abfallprodukt des Stoffwechsels, das \u00fcber die Nieren in den Harn ausgeschieden wird.<\/p>\n<p>Ist es Bakterien gelungen in den Harntrakt einzudringen, so k\u00f6nnen einige Bakterienarten die Verbindung Nitrat zu Nitrit umbauen. So kann das Vorhandensein von Nitrit im Urin, indirekt auch Bakterien im Harn nachweisen. Bakterien im Urin allein sind noch keine Blasenentz\u00fcndung. Erst die Abwehrreaktion des K\u00f6rpers auf die Bakterien l\u00e4sst eine Entz\u00fcndung in Gang kommen. So werden aus der Blasenwand wei\u00dfe Blutk\u00f6rperchen in den Urin entsandt, die dort die Bakterien bek\u00e4mpfen sollen.<\/p>\n<p>Zusammen betrachtet sind der Nachweis von wei\u00dfen Blutk\u00f6rperchen und Nitrit im Urin ein starker Hinweis auf das Vorliegen einer Blasenentz\u00fcndung und sollten weitere Untersuchungen des Urin nach sich ziehen.<\/p>\n<\/div>\n<\/div><\/div><\/div><\/div><div id=\"pg-1814-1\"  class=\"panel-grid panel-no-style\" ><div id=\"pgc-1814-1-0\"  class=\"panel-grid-cell\" ><div id=\"panel-1814-1-0-0\" class=\"so-panel widget widget_fn-info-box-widget panel-first-child panel-last-child\" data-index=\"1\" ><div\n\t\t\t\n\t\t\tclass=\"so-widget-fn-info-box-widget so-widget-fn-info-box-widget-base\"\n\t\t\t\n\t\t><div class=\"uk-child-width-1-1 uk-grid-match\" uk-grid><div>\n        <div class=\"fn-info-box-title\">\n          <div class=\"uk-grid-small\" uk-grid>            <div class=\"uk-width-auto\"><img decoding=\"async\" src=\"https:\/\/www.kontinenzzentrum.ch\/wp-content\/uploads\/ICON_kontakt.svg\" class=\"attachment-small size-small\" alt=\"\" \/>            <\/div>            <div class=\"uk-width-expand\">\n              <h4 class=\"uk-h3\">Haben Sie Fragen zur Harnuntersuchung?<\/h4>\n            <\/div>\n          <\/div>\n        <\/div>\n        <div class=\"fn-info-box-content\">\n              <p>Leiden Sie unter Schmerzen beim Wasserlassen oder Auff\u00e4lligkeiten im Urin? <strong>Eine Harnuntersuchung kann helfen, Infektionen, Entz\u00fcndungen oder andere Ursachen f\u00fcr Ihre Beschwerden festzustellen<\/strong>. Unser Team erkl\u00e4rt Ihnen den Ablauf genau und bespricht die Ergebnisse verst\u00e4ndlich mit Ihnen.<\/p>\n<p data-start=\"922\" data-end=\"1008\">Rufen Sie uns an oder nutzen Sie unseren Online-Terminservice \u2013 wir sind f\u00fcr Sie da.<\/p>\n<p data-start=\"1010\" data-end=\"1068\"><div class=\"uk-flex uk-child-width-auto uk-grid-small\" uk-grid><div><a class=\"uk-button uk-button-primary\" href=\"tel:+41443872910\"><i class=\"fas fa-phone-alt uk-margin-small-right\"><\/i>+41 44 387 29 10<\/a><\/div><div><a class=\"uk-button uk-button-primary\" href=\"https:\/\/www.kontinenzzentrum.ch\/de\/ueber-uns\/termin.html\"><i class=\"fas fa-comments uk-margin-small-right\"><\/i>Online Terminvereinbarung<\/a><\/div><\/div><\/p>\n        <\/div>\n      <\/div><\/div><\/div><\/div><\/div><\/div><\/div>","protected":false},"excerpt":{"rendered":"<p>Harnuntersuchung Laboruntersuchung bei Blaseninfektion oder Blut im Urin Vor einer neurourologischen Untersuchung wird der Urin im Labor untersucht, um eine Fehlinterpretation durch eine Blasenentz\u00fcndung zu vermeiden. Mit der Bestimmung des pH-Werts kann der Untersucher erkennen, ob ein saurer, neutraler oder basischer Harn vorliegt. Finden sich allein rote Blutk\u00f6rperchen im Urin, so kann dies auf einen [&hellip;]<\/p>\n","protected":false},"author":1,"featured_media":1809,"parent":1797,"menu_order":0,"comment_status":"closed","ping_status":"closed","template":"","meta":{"_acf_changed":false,"footnotes":""},"class_list":["post-1814","page","type-page","status-publish","has-post-thumbnail","hentry"],"acf":[],"yoast_head":"<!-- This site is optimized with the Yoast SEO plugin v26.9 - https:\/\/yoast.com\/product\/yoast-seo-wordpress\/ -->\n<title>Harnuntersuchung<\/title>\n<meta name=\"robots\" content=\"index, follow, max-snippet:-1, max-image-preview:large, max-video-preview:-1\" \/>\n<link rel=\"canonical\" href=\"https:\/\/www.kontinenzzentrum.ch\/de\/untersuchung-und-therapie\/untersuchungsverfahren\/harnuntersuchung.html\" \/>\n<meta property=\"og:locale\" content=\"de_DE\" \/>\n<meta property=\"og:type\" content=\"article\" \/>\n<meta property=\"og:title\" content=\"Harnuntersuchung\" \/>\n<meta property=\"og:description\" content=\"Harnuntersuchung Laboruntersuchung bei Blaseninfektion oder Blut im Urin Vor einer neurourologischen Untersuchung wird der Urin im Labor untersucht, um eine Fehlinterpretation durch eine Blasenentz\u00fcndung zu vermeiden. Mit der Bestimmung des pH-Werts kann der Untersucher erkennen, ob ein saurer, neutraler oder basischer Harn vorliegt. Finden sich allein rote Blutk\u00f6rperchen im Urin, so kann dies auf einen [&hellip;]\" \/>\n<meta property=\"og:url\" content=\"https:\/\/www.kontinenzzentrum.ch\/de\/untersuchung-und-therapie\/untersuchungsverfahren\/harnuntersuchung.html\" \/>\n<meta property=\"og:site_name\" content=\"KontinenzZentrum\" \/>\n<meta property=\"article:modified_time\" content=\"2025-09-29T09:58:26+00:00\" \/>\n<meta property=\"og:image\" content=\"https:\/\/www.kontinenzzentrum.ch\/wp-content\/uploads\/medien-uebersicht-213523.jpeg\" \/>\n\t<meta property=\"og:image:width\" content=\"1920\" \/>\n\t<meta property=\"og:image:height\" content=\"450\" \/>\n\t<meta property=\"og:image:type\" content=\"image\/jpeg\" \/>\n<meta name=\"twitter:card\" content=\"summary_large_image\" \/>\n<meta name=\"twitter:label1\" content=\"Gesch\u00e4tzte Lesezeit\" \/>\n\t<meta name=\"twitter:data1\" content=\"3\u00a0Minuten\" \/>\n<script type=\"application\/ld+json\" class=\"yoast-schema-graph\">{\"@context\":\"https:\/\/schema.org\",\"@graph\":[{\"@type\":\"WebPage\",\"@id\":\"https:\/\/www.kontinenzzentrum.ch\/de\/untersuchung-und-therapie\/untersuchungsverfahren\/harnuntersuchung.html\",\"url\":\"https:\/\/www.kontinenzzentrum.ch\/de\/untersuchung-und-therapie\/untersuchungsverfahren\/harnuntersuchung.html\",\"name\":\"Harnuntersuchung\",\"isPartOf\":{\"@id\":\"https:\/\/www.kontinenzzentrum.ch\/de\/#website\"},\"primaryImageOfPage\":{\"@id\":\"https:\/\/www.kontinenzzentrum.ch\/de\/untersuchung-und-therapie\/untersuchungsverfahren\/harnuntersuchung.html#primaryimage\"},\"image\":{\"@id\":\"https:\/\/www.kontinenzzentrum.ch\/de\/untersuchung-und-therapie\/untersuchungsverfahren\/harnuntersuchung.html#primaryimage\"},\"thumbnailUrl\":\"https:\/\/www.kontinenzzentrum.ch\/wp-content\/uploads\/medien-uebersicht-213523.jpeg\",\"datePublished\":\"2023-03-06T11:53:36+00:00\",\"dateModified\":\"2025-09-29T09:58:26+00:00\",\"breadcrumb\":{\"@id\":\"https:\/\/www.kontinenzzentrum.ch\/de\/untersuchung-und-therapie\/untersuchungsverfahren\/harnuntersuchung.html#breadcrumb\"},\"inLanguage\":\"de\",\"potentialAction\":[{\"@type\":\"ReadAction\",\"target\":[\"https:\/\/www.kontinenzzentrum.ch\/de\/untersuchung-und-therapie\/untersuchungsverfahren\/harnuntersuchung.html\"]}]},{\"@type\":\"ImageObject\",\"inLanguage\":\"de\",\"@id\":\"https:\/\/www.kontinenzzentrum.ch\/de\/untersuchung-und-therapie\/untersuchungsverfahren\/harnuntersuchung.html#primaryimage\",\"url\":\"https:\/\/www.kontinenzzentrum.ch\/wp-content\/uploads\/medien-uebersicht-213523.jpeg\",\"contentUrl\":\"https:\/\/www.kontinenzzentrum.ch\/wp-content\/uploads\/medien-uebersicht-213523.jpeg\",\"width\":1920,\"height\":450},{\"@type\":\"BreadcrumbList\",\"@id\":\"https:\/\/www.kontinenzzentrum.ch\/de\/untersuchung-und-therapie\/untersuchungsverfahren\/harnuntersuchung.html#breadcrumb\",\"itemListElement\":[{\"@type\":\"ListItem\",\"position\":1,\"name\":\"Startseite\",\"item\":\"https:\/\/www.kontinenzzentrum.ch\/de\"},{\"@type\":\"ListItem\",\"position\":2,\"name\":\"Untersuchung &#038; Therapie\",\"item\":\"https:\/\/www.kontinenzzentrum.ch\/de\/untersuchung-und-therapie.html\"},{\"@type\":\"ListItem\",\"position\":3,\"name\":\"Untersuchungsverfahren\",\"item\":\"https:\/\/www.kontinenzzentrum.ch\/de\/untersuchung-und-therapie\/untersuchungsverfahren.html\"},{\"@type\":\"ListItem\",\"position\":4,\"name\":\"Harnuntersuchung\"}]},{\"@type\":\"WebSite\",\"@id\":\"https:\/\/www.kontinenzzentrum.ch\/de\/#website\",\"url\":\"https:\/\/www.kontinenzzentrum.ch\/de\/\",\"name\":\"KontinenzZentrum Hirslanden Z\u00fcrich\",\"description\":\"KontinenzZentrum Hirslanden Z\u00fcrich: Blasenst\u00f6rungen & Inkontinenz\",\"publisher\":{\"@id\":\"https:\/\/www.kontinenzzentrum.ch\/de\/#organization\"},\"potentialAction\":[{\"@type\":\"SearchAction\",\"target\":{\"@type\":\"EntryPoint\",\"urlTemplate\":\"https:\/\/www.kontinenzzentrum.ch\/de\/?s={search_term_string}\"},\"query-input\":{\"@type\":\"PropertyValueSpecification\",\"valueRequired\":true,\"valueName\":\"search_term_string\"}}],\"inLanguage\":\"de\"},{\"@type\":\"Organization\",\"@id\":\"https:\/\/www.kontinenzzentrum.ch\/de\/#organization\",\"name\":\"KontinenzZentrum Hirslanden Z\u00fcrich\",\"url\":\"https:\/\/www.kontinenzzentrum.ch\/de\/\",\"logo\":{\"@type\":\"ImageObject\",\"inLanguage\":\"de\",\"@id\":\"https:\/\/www.kontinenzzentrum.ch\/de\/#\/schema\/logo\/image\/\",\"url\":\"https:\/\/www.kontinenzzentrum.ch\/wp-content\/uploads\/Logo_KontinenzZentrum.png\",\"contentUrl\":\"https:\/\/www.kontinenzzentrum.ch\/wp-content\/uploads\/Logo_KontinenzZentrum.png\",\"width\":800,\"height\":142,\"caption\":\"KontinenzZentrum Hirslanden Z\u00fcrich\"},\"image\":{\"@id\":\"https:\/\/www.kontinenzzentrum.ch\/de\/#\/schema\/logo\/image\/\"}}]}<\/script>\n<!-- \/ Yoast SEO plugin. -->","yoast_head_json":{"title":"Harnuntersuchung","robots":{"index":"index","follow":"follow","max-snippet":"max-snippet:-1","max-image-preview":"max-image-preview:large","max-video-preview":"max-video-preview:-1"},"canonical":"https:\/\/www.kontinenzzentrum.ch\/de\/untersuchung-und-therapie\/untersuchungsverfahren\/harnuntersuchung.html","og_locale":"de_DE","og_type":"article","og_title":"Harnuntersuchung","og_description":"Harnuntersuchung Laboruntersuchung bei Blaseninfektion oder Blut im Urin Vor einer neurourologischen Untersuchung wird der Urin im Labor untersucht, um eine Fehlinterpretation durch eine Blasenentz\u00fcndung zu vermeiden. Mit der Bestimmung des pH-Werts kann der Untersucher erkennen, ob ein saurer, neutraler oder basischer Harn vorliegt. Finden sich allein rote Blutk\u00f6rperchen im Urin, so kann dies auf einen [&hellip;]","og_url":"https:\/\/www.kontinenzzentrum.ch\/de\/untersuchung-und-therapie\/untersuchungsverfahren\/harnuntersuchung.html","og_site_name":"KontinenzZentrum","article_modified_time":"2025-09-29T09:58:26+00:00","og_image":[{"width":1920,"height":450,"url":"https:\/\/www.kontinenzzentrum.ch\/wp-content\/uploads\/medien-uebersicht-213523.jpeg","type":"image\/jpeg"}],"twitter_card":"summary_large_image","twitter_misc":{"Gesch\u00e4tzte Lesezeit":"3\u00a0Minuten"},"schema":{"@context":"https:\/\/schema.org","@graph":[{"@type":"WebPage","@id":"https:\/\/www.kontinenzzentrum.ch\/de\/untersuchung-und-therapie\/untersuchungsverfahren\/harnuntersuchung.html","url":"https:\/\/www.kontinenzzentrum.ch\/de\/untersuchung-und-therapie\/untersuchungsverfahren\/harnuntersuchung.html","name":"Harnuntersuchung","isPartOf":{"@id":"https:\/\/www.kontinenzzentrum.ch\/de\/#website"},"primaryImageOfPage":{"@id":"https:\/\/www.kontinenzzentrum.ch\/de\/untersuchung-und-therapie\/untersuchungsverfahren\/harnuntersuchung.html#primaryimage"},"image":{"@id":"https:\/\/www.kontinenzzentrum.ch\/de\/untersuchung-und-therapie\/untersuchungsverfahren\/harnuntersuchung.html#primaryimage"},"thumbnailUrl":"https:\/\/www.kontinenzzentrum.ch\/wp-content\/uploads\/medien-uebersicht-213523.jpeg","datePublished":"2023-03-06T11:53:36+00:00","dateModified":"2025-09-29T09:58:26+00:00","breadcrumb":{"@id":"https:\/\/www.kontinenzzentrum.ch\/de\/untersuchung-und-therapie\/untersuchungsverfahren\/harnuntersuchung.html#breadcrumb"},"inLanguage":"de","potentialAction":[{"@type":"ReadAction","target":["https:\/\/www.kontinenzzentrum.ch\/de\/untersuchung-und-therapie\/untersuchungsverfahren\/harnuntersuchung.html"]}]},{"@type":"ImageObject","inLanguage":"de","@id":"https:\/\/www.kontinenzzentrum.ch\/de\/untersuchung-und-therapie\/untersuchungsverfahren\/harnuntersuchung.html#primaryimage","url":"https:\/\/www.kontinenzzentrum.ch\/wp-content\/uploads\/medien-uebersicht-213523.jpeg","contentUrl":"https:\/\/www.kontinenzzentrum.ch\/wp-content\/uploads\/medien-uebersicht-213523.jpeg","width":1920,"height":450},{"@type":"BreadcrumbList","@id":"https:\/\/www.kontinenzzentrum.ch\/de\/untersuchung-und-therapie\/untersuchungsverfahren\/harnuntersuchung.html#breadcrumb","itemListElement":[{"@type":"ListItem","position":1,"name":"Startseite","item":"https:\/\/www.kontinenzzentrum.ch\/de"},{"@type":"ListItem","position":2,"name":"Untersuchung &#038; Therapie","item":"https:\/\/www.kontinenzzentrum.ch\/de\/untersuchung-und-therapie.html"},{"@type":"ListItem","position":3,"name":"Untersuchungsverfahren","item":"https:\/\/www.kontinenzzentrum.ch\/de\/untersuchung-und-therapie\/untersuchungsverfahren.html"},{"@type":"ListItem","position":4,"name":"Harnuntersuchung"}]},{"@type":"WebSite","@id":"https:\/\/www.kontinenzzentrum.ch\/de\/#website","url":"https:\/\/www.kontinenzzentrum.ch\/de\/","name":"KontinenzZentrum Hirslanden Z\u00fcrich","description":"KontinenzZentrum Hirslanden Z\u00fcrich: Blasenst\u00f6rungen & Inkontinenz","publisher":{"@id":"https:\/\/www.kontinenzzentrum.ch\/de\/#organization"},"potentialAction":[{"@type":"SearchAction","target":{"@type":"EntryPoint","urlTemplate":"https:\/\/www.kontinenzzentrum.ch\/de\/?s={search_term_string}"},"query-input":{"@type":"PropertyValueSpecification","valueRequired":true,"valueName":"search_term_string"}}],"inLanguage":"de"},{"@type":"Organization","@id":"https:\/\/www.kontinenzzentrum.ch\/de\/#organization","name":"KontinenzZentrum Hirslanden Z\u00fcrich","url":"https:\/\/www.kontinenzzentrum.ch\/de\/","logo":{"@type":"ImageObject","inLanguage":"de","@id":"https:\/\/www.kontinenzzentrum.ch\/de\/#\/schema\/logo\/image\/","url":"https:\/\/www.kontinenzzentrum.ch\/wp-content\/uploads\/Logo_KontinenzZentrum.png","contentUrl":"https:\/\/www.kontinenzzentrum.ch\/wp-content\/uploads\/Logo_KontinenzZentrum.png","width":800,"height":142,"caption":"KontinenzZentrum Hirslanden Z\u00fcrich"},"image":{"@id":"https:\/\/www.kontinenzzentrum.ch\/de\/#\/schema\/logo\/image\/"}}]}},"_links":{"self":[{"href":"https:\/\/www.kontinenzzentrum.ch\/de\/wp-json\/wp\/v2\/pages\/1814","targetHints":{"allow":["GET"]}}],"collection":[{"href":"https:\/\/www.kontinenzzentrum.ch\/de\/wp-json\/wp\/v2\/pages"}],"about":[{"href":"https:\/\/www.kontinenzzentrum.ch\/de\/wp-json\/wp\/v2\/types\/page"}],"author":[{"embeddable":true,"href":"https:\/\/www.kontinenzzentrum.ch\/de\/wp-json\/wp\/v2\/users\/1"}],"replies":[{"embeddable":true,"href":"https:\/\/www.kontinenzzentrum.ch\/de\/wp-json\/wp\/v2\/comments?post=1814"}],"version-history":[{"count":5,"href":"https:\/\/www.kontinenzzentrum.ch\/de\/wp-json\/wp\/v2\/pages\/1814\/revisions"}],"predecessor-version":[{"id":4588,"href":"https:\/\/www.kontinenzzentrum.ch\/de\/wp-json\/wp\/v2\/pages\/1814\/revisions\/4588"}],"up":[{"embeddable":true,"href":"https:\/\/www.kontinenzzentrum.ch\/de\/wp-json\/wp\/v2\/pages\/1797"}],"wp:featuredmedia":[{"embeddable":true,"href":"https:\/\/www.kontinenzzentrum.ch\/de\/wp-json\/wp\/v2\/media\/1809"}],"wp:attachment":[{"href":"https:\/\/www.kontinenzzentrum.ch\/de\/wp-json\/wp\/v2\/media?parent=1814"}],"curies":[{"name":"wp","href":"https:\/\/api.w.org\/{rel}","templated":true}]}}