{"id":1820,"date":"2023-03-06T12:57:01","date_gmt":"2023-03-06T11:57:01","guid":{"rendered":"https:\/\/www.kontinenzzentrum.ch\/?page_id=1820"},"modified":"2025-12-02T13:39:54","modified_gmt":"2025-12-02T12:39:54","slug":"neurologische-untersuchung","status":"publish","type":"page","link":"https:\/\/www.kontinenzzentrum.ch\/de\/untersuchung-und-therapie\/untersuchungsverfahren\/neurologische-untersuchung.html","title":{"rendered":"Neurologische Untersuchung"},"content":{"rendered":"<div id=\"pl-1820\"  class=\"panel-layout\" ><div id=\"pg-1820-0\"  class=\"panel-grid panel-no-style\" ><div id=\"pgc-1820-0-0\"  class=\"panel-grid-cell\" ><div id=\"panel-1820-0-0-0\" class=\"so-panel widget widget_sow-editor panel-first-child panel-last-child\" data-index=\"0\" ><div\n\t\t\t\n\t\t\tclass=\"so-widget-sow-editor so-widget-sow-editor-base\"\n\t\t\t\n\t\t>\n<div class=\"siteorigin-widget-tinymce textwidget\">\n\t<h1>Neurologische\/neurophysiologische Untersuchung<\/h1>\n<h2>Messung von Nervenbahnen und Reflexen im Becken<\/h2>\n<\/div>\n<\/div><\/div><\/div><\/div><div id=\"pg-1820-1\"  class=\"panel-grid panel-no-style\" ><div id=\"pgc-1820-1-0\"  class=\"panel-grid-cell\" ><div id=\"panel-1820-1-0-0\" class=\"so-panel widget widget_fn-image-text-widget panel-first-child panel-last-child\" data-index=\"1\" ><div\n\t\t\t\n\t\t\tclass=\"so-widget-fn-image-text-widget so-widget-fn-image-text-widget-base\"\n\t\t\t\n\t\t><div class=\"uk-child-width-1-1 uk-child-width-1-1@s uk-child-width-1-1@m uk-grid-match\" uk-grid><div><div class=\"uk-card-media-top\">\n                <img decoding=\"async\" width=\"501\" height=\"353\" src=\"https:\/\/www.kontinenzzentrum.ch\/wp-content\/uploads\/neuropysiologie.jpg\" class=\"attachment-full size-full\" alt=\"\" srcset=\"https:\/\/www.kontinenzzentrum.ch\/wp-content\/uploads\/neuropysiologie.jpg 501w, https:\/\/www.kontinenzzentrum.ch\/wp-content\/uploads\/neuropysiologie-300x211.jpg 300w\" sizes=\"(max-width: 501px) 100vw, 501px\" \/>            <\/div><div class=\"fn-text-image uk-background-muted\">\n              <p>Messung der Beckennerven<\/p>\n          <\/div>\n      <\/div><\/div><\/div><\/div><\/div><div id=\"pgc-1820-1-1\"  class=\"panel-grid-cell\" ><div id=\"panel-1820-1-1-0\" class=\"so-panel widget widget_sow-editor panel-first-child panel-last-child\" data-index=\"2\" ><div\n\t\t\t\n\t\t\tclass=\"so-widget-sow-editor so-widget-sow-editor-base\"\n\t\t\t\n\t\t>\n<div class=\"siteorigin-widget-tinymce textwidget\">\n\t<p>Blasenfunktionsst\u00f6rungen und unwillk\u00fcrlicher Harnverlust k\u00f6nnen als Begleiterscheinungen von Erkrankungen des Nervensystems auftreten. So kann ein Schlaganfall die Steuerung des Harntraktes im Gehirn besch\u00e4digen, eine Multiple Sklerose die Nervenverbindungen im R\u00fcckenmark unterbrechen oder ein Diabetes mellitus die Blasennerven direkt l\u00e4hmen.<\/p>\n<p>In allen diesen F\u00e4llen ist eine Untersuchung der f\u00fcr die Harntraktfunktion wichtigen Teile des Nervensystems sinnvoll. Einige Nervenverbindungen k\u00f6nnen direkt in der k\u00f6rperlichen Untersuchung beurteilt werden, andere nur durch aufwendigere Test wie das Elekromyogramm und die Messung der Nervenleitgeschwindigkeit.<\/p>\n<p>Ein wichtiges Kriterium ist die Sensibilit\u00e4t der Haut im Bereich des Unterbauchs, des Genitalbereichs, des Damms und rings um den Darmausgang. Eine Einschr\u00e4nkung der Hautsensibilit\u00e4t in diesen Arealen kann auf eine Besch\u00e4digung von Nervenverbindungen im R\u00fcckenmark hindeuten.<\/p>\n<\/div>\n<\/div><\/div><\/div><\/div><div id=\"pg-1820-2\"  class=\"panel-grid panel-no-style\" ><div id=\"pgc-1820-2-0\"  class=\"panel-grid-cell\" ><div id=\"panel-1820-2-0-0\" class=\"so-panel widget widget_sow-editor panel-first-child panel-last-child\" data-index=\"3\" ><div\n\t\t\t\n\t\t\tclass=\"so-widget-sow-editor so-widget-sow-editor-base\"\n\t\t\t\n\t\t>\n<div class=\"siteorigin-widget-tinymce textwidget\">\n\t<p>Das Ausl\u00f6sen oder Fehlen von Reflexen der Beckenmuskeln erm\u00f6glicht R\u00fcckschl\u00fcsse auf intakte oder gest\u00f6rte Nervenverbindungen zwischen den entsprechenden Muskeln und den Nervenverbindungen im R\u00fcckenmark. F\u00fcr den wasserdichten Verschluss der Harnr\u00f6hre und damit die sichere Kontrolle der Blase ist der Schlie\u00dfmuskel von herausragender Bedeutung.<\/p>\n<p>Folglich steht auch das Testen der Schliessmuskelfunktion mit auf dem Programm einer neurologischen Untersuchung. Auch ohne eine Anspannung zeigt der Schlie\u00dfmuskel eine gewisse Aktivit\u00e4t. Der Ruhetonus erlaubt R\u00fcckschl\u00fcsse auf eine zu vermutende St\u00f6rung. Dar\u00fcber hinaus wird die F\u00e4higkeit gepr\u00fcft, den Schlie\u00dfmuskel auf Kommando anspannen und entspannen zu k\u00f6nnen.<\/p>\n<\/div>\n<\/div><\/div><\/div><\/div><div id=\"pg-1820-3\"  class=\"panel-grid panel-no-style\" ><div id=\"pgc-1820-3-0\"  class=\"panel-grid-cell\" ><div id=\"panel-1820-3-0-0\" class=\"so-panel widget widget_fn-info-box-widget panel-first-child panel-last-child\" data-index=\"4\" ><div\n\t\t\t\n\t\t\tclass=\"so-widget-fn-info-box-widget so-widget-fn-info-box-widget-base\"\n\t\t\t\n\t\t><div class=\"uk-child-width-1-1 uk-grid-match\" uk-grid><div>\n        <div class=\"fn-info-box-title\">\n          <div class=\"uk-grid-small\" uk-grid>            <div class=\"uk-width-auto\"><img decoding=\"async\" src=\"https:\/\/www.kontinenzzentrum.ch\/wp-content\/uploads\/ICON_info.svg\" class=\"attachment-small size-small\" alt=\"\" \/>            <\/div>            <div class=\"uk-width-expand\">\n              <h4 class=\"uk-h3\">Haben Sie Fragen zur neurologischen Untersuchung?<\/h4>\n            <\/div>\n          <\/div>\n        <\/div>\n        <div class=\"fn-info-box-content\">\n              <p>Bei Blasenfunktionsst\u00f6rungen oder unwillk\u00fcrlichem Harnverlust spielt das Nervensystem oft eine zentrale Rolle. In der neurologischen oder neurophysiologischen Untersuchung pr\u00fcfen wir unter anderem Sensibilit\u00e4t und Reflexe im Beckenbereich und beurteilen die Schliessmuskelfunktion, um Hinweise auf m\u00f6gliche St\u00f6rungen der Nervenbahnen zu erhalten. Wenn Sie unsicher sind, ob diese Abkl\u00e4rung f\u00fcr Sie sinnvoll ist, melden Sie sich gern bei uns wir nehmen uns Zeit und besprechen das Vorgehen mit Ihnen.<\/p>\n<p><div class=\"uk-flex uk-child-width-auto uk-grid-small\" uk-grid><div><a class=\"uk-button uk-button-primary\" href=\"tel:+41443872910\"><i class=\"fas fa-phone-alt uk-margin-small-right\"><\/i>+41 44 387 29 10<\/a><\/div><div><a class=\"uk-button uk-button-primary\" href=\"https:\/\/www.kontinenzzentrum.ch\/de\/ueber-uns\/termin.html\"><i class=\"fas fa-comments uk-margin-small-right\"><\/i>Online Terminvereinbarung<\/a><\/div><\/div><\/p>\n        <\/div>\n      <\/div><\/div><\/div><\/div><\/div><\/div><\/div>","protected":false},"excerpt":{"rendered":"<p>Neurologische\/neurophysiologische Untersuchung Messung von Nervenbahnen und Reflexen im Becken Blasenfunktionsst\u00f6rungen und unwillk\u00fcrlicher Harnverlust k\u00f6nnen als Begleiterscheinungen von Erkrankungen des Nervensystems auftreten. So kann ein Schlaganfall die Steuerung des Harntraktes im Gehirn besch\u00e4digen, eine Multiple Sklerose die Nervenverbindungen im R\u00fcckenmark unterbrechen oder ein Diabetes mellitus die Blasennerven direkt l\u00e4hmen. In allen diesen F\u00e4llen ist eine Untersuchung [&hellip;]<\/p>\n","protected":false},"author":1,"featured_media":515,"parent":1797,"menu_order":0,"comment_status":"closed","ping_status":"closed","template":"","meta":{"_acf_changed":false,"footnotes":""},"class_list":["post-1820","page","type-page","status-publish","has-post-thumbnail","hentry"],"acf":[],"yoast_head":"<!-- This site is optimized with the Yoast SEO plugin v26.9 - https:\/\/yoast.com\/product\/yoast-seo-wordpress\/ -->\n<title>Neurologische Untersuchung<\/title>\n<meta name=\"robots\" content=\"index, follow, max-snippet:-1, max-image-preview:large, max-video-preview:-1\" \/>\n<link rel=\"canonical\" href=\"https:\/\/www.kontinenzzentrum.ch\/de\/untersuchung-und-therapie\/untersuchungsverfahren\/neurologische-untersuchung.html\" \/>\n<meta property=\"og:locale\" content=\"de_DE\" \/>\n<meta property=\"og:type\" content=\"article\" \/>\n<meta property=\"og:title\" content=\"Neurologische Untersuchung\" \/>\n<meta property=\"og:description\" content=\"Neurologische\/neurophysiologische Untersuchung Messung von Nervenbahnen und Reflexen im Becken Blasenfunktionsst\u00f6rungen und unwillk\u00fcrlicher Harnverlust k\u00f6nnen als Begleiterscheinungen von Erkrankungen des Nervensystems auftreten. So kann ein Schlaganfall die Steuerung des Harntraktes im Gehirn besch\u00e4digen, eine Multiple Sklerose die Nervenverbindungen im R\u00fcckenmark unterbrechen oder ein Diabetes mellitus die Blasennerven direkt l\u00e4hmen. In allen diesen F\u00e4llen ist eine Untersuchung [&hellip;]\" \/>\n<meta property=\"og:url\" content=\"https:\/\/www.kontinenzzentrum.ch\/de\/untersuchung-und-therapie\/untersuchungsverfahren\/neurologische-untersuchung.html\" \/>\n<meta property=\"og:site_name\" content=\"KontinenzZentrum\" \/>\n<meta property=\"article:modified_time\" content=\"2025-12-02T12:39:54+00:00\" \/>\n<meta property=\"og:image\" content=\"https:\/\/www.kontinenzzentrum.ch\/wp-content\/uploads\/untersuchung-neurologisch-stock131540239.jpeg\" \/>\n\t<meta property=\"og:image:width\" content=\"1920\" \/>\n\t<meta property=\"og:image:height\" content=\"450\" \/>\n\t<meta property=\"og:image:type\" content=\"image\/jpeg\" \/>\n<meta name=\"twitter:card\" content=\"summary_large_image\" \/>\n<meta name=\"twitter:label1\" content=\"Gesch\u00e4tzte Lesezeit\" \/>\n\t<meta name=\"twitter:data1\" content=\"3\u00a0Minuten\" \/>\n<script type=\"application\/ld+json\" class=\"yoast-schema-graph\">{\"@context\":\"https:\/\/schema.org\",\"@graph\":[{\"@type\":\"WebPage\",\"@id\":\"https:\/\/www.kontinenzzentrum.ch\/de\/untersuchung-und-therapie\/untersuchungsverfahren\/neurologische-untersuchung.html\",\"url\":\"https:\/\/www.kontinenzzentrum.ch\/de\/untersuchung-und-therapie\/untersuchungsverfahren\/neurologische-untersuchung.html\",\"name\":\"Neurologische Untersuchung\",\"isPartOf\":{\"@id\":\"https:\/\/www.kontinenzzentrum.ch\/de\/#website\"},\"primaryImageOfPage\":{\"@id\":\"https:\/\/www.kontinenzzentrum.ch\/de\/untersuchung-und-therapie\/untersuchungsverfahren\/neurologische-untersuchung.html#primaryimage\"},\"image\":{\"@id\":\"https:\/\/www.kontinenzzentrum.ch\/de\/untersuchung-und-therapie\/untersuchungsverfahren\/neurologische-untersuchung.html#primaryimage\"},\"thumbnailUrl\":\"https:\/\/www.kontinenzzentrum.ch\/wp-content\/uploads\/untersuchung-neurologisch-stock131540239.jpeg\",\"datePublished\":\"2023-03-06T11:57:01+00:00\",\"dateModified\":\"2025-12-02T12:39:54+00:00\",\"breadcrumb\":{\"@id\":\"https:\/\/www.kontinenzzentrum.ch\/de\/untersuchung-und-therapie\/untersuchungsverfahren\/neurologische-untersuchung.html#breadcrumb\"},\"inLanguage\":\"de\",\"potentialAction\":[{\"@type\":\"ReadAction\",\"target\":[\"https:\/\/www.kontinenzzentrum.ch\/de\/untersuchung-und-therapie\/untersuchungsverfahren\/neurologische-untersuchung.html\"]}]},{\"@type\":\"ImageObject\",\"inLanguage\":\"de\",\"@id\":\"https:\/\/www.kontinenzzentrum.ch\/de\/untersuchung-und-therapie\/untersuchungsverfahren\/neurologische-untersuchung.html#primaryimage\",\"url\":\"https:\/\/www.kontinenzzentrum.ch\/wp-content\/uploads\/untersuchung-neurologisch-stock131540239.jpeg\",\"contentUrl\":\"https:\/\/www.kontinenzzentrum.ch\/wp-content\/uploads\/untersuchung-neurologisch-stock131540239.jpeg\",\"width\":1920,\"height\":450},{\"@type\":\"BreadcrumbList\",\"@id\":\"https:\/\/www.kontinenzzentrum.ch\/de\/untersuchung-und-therapie\/untersuchungsverfahren\/neurologische-untersuchung.html#breadcrumb\",\"itemListElement\":[{\"@type\":\"ListItem\",\"position\":1,\"name\":\"Startseite\",\"item\":\"https:\/\/www.kontinenzzentrum.ch\/de\"},{\"@type\":\"ListItem\",\"position\":2,\"name\":\"Untersuchung &#038; Therapie\",\"item\":\"https:\/\/www.kontinenzzentrum.ch\/de\/untersuchung-und-therapie.html\"},{\"@type\":\"ListItem\",\"position\":3,\"name\":\"Untersuchungsverfahren\",\"item\":\"https:\/\/www.kontinenzzentrum.ch\/de\/untersuchung-und-therapie\/untersuchungsverfahren.html\"},{\"@type\":\"ListItem\",\"position\":4,\"name\":\"Neurologische Untersuchung\"}]},{\"@type\":\"WebSite\",\"@id\":\"https:\/\/www.kontinenzzentrum.ch\/de\/#website\",\"url\":\"https:\/\/www.kontinenzzentrum.ch\/de\/\",\"name\":\"KontinenzZentrum Hirslanden Z\u00fcrich\",\"description\":\"KontinenzZentrum Hirslanden Z\u00fcrich: Blasenst\u00f6rungen & Inkontinenz\",\"publisher\":{\"@id\":\"https:\/\/www.kontinenzzentrum.ch\/de\/#organization\"},\"potentialAction\":[{\"@type\":\"SearchAction\",\"target\":{\"@type\":\"EntryPoint\",\"urlTemplate\":\"https:\/\/www.kontinenzzentrum.ch\/de\/?s={search_term_string}\"},\"query-input\":{\"@type\":\"PropertyValueSpecification\",\"valueRequired\":true,\"valueName\":\"search_term_string\"}}],\"inLanguage\":\"de\"},{\"@type\":\"Organization\",\"@id\":\"https:\/\/www.kontinenzzentrum.ch\/de\/#organization\",\"name\":\"KontinenzZentrum Hirslanden Z\u00fcrich\",\"url\":\"https:\/\/www.kontinenzzentrum.ch\/de\/\",\"logo\":{\"@type\":\"ImageObject\",\"inLanguage\":\"de\",\"@id\":\"https:\/\/www.kontinenzzentrum.ch\/de\/#\/schema\/logo\/image\/\",\"url\":\"https:\/\/www.kontinenzzentrum.ch\/wp-content\/uploads\/Logo_KontinenzZentrum.png\",\"contentUrl\":\"https:\/\/www.kontinenzzentrum.ch\/wp-content\/uploads\/Logo_KontinenzZentrum.png\",\"width\":800,\"height\":142,\"caption\":\"KontinenzZentrum Hirslanden Z\u00fcrich\"},\"image\":{\"@id\":\"https:\/\/www.kontinenzzentrum.ch\/de\/#\/schema\/logo\/image\/\"}}]}<\/script>\n<!-- \/ Yoast SEO plugin. -->","yoast_head_json":{"title":"Neurologische Untersuchung","robots":{"index":"index","follow":"follow","max-snippet":"max-snippet:-1","max-image-preview":"max-image-preview:large","max-video-preview":"max-video-preview:-1"},"canonical":"https:\/\/www.kontinenzzentrum.ch\/de\/untersuchung-und-therapie\/untersuchungsverfahren\/neurologische-untersuchung.html","og_locale":"de_DE","og_type":"article","og_title":"Neurologische Untersuchung","og_description":"Neurologische\/neurophysiologische Untersuchung Messung von Nervenbahnen und Reflexen im Becken Blasenfunktionsst\u00f6rungen und unwillk\u00fcrlicher Harnverlust k\u00f6nnen als Begleiterscheinungen von Erkrankungen des Nervensystems auftreten. So kann ein Schlaganfall die Steuerung des Harntraktes im Gehirn besch\u00e4digen, eine Multiple Sklerose die Nervenverbindungen im R\u00fcckenmark unterbrechen oder ein Diabetes mellitus die Blasennerven direkt l\u00e4hmen. In allen diesen F\u00e4llen ist eine Untersuchung [&hellip;]","og_url":"https:\/\/www.kontinenzzentrum.ch\/de\/untersuchung-und-therapie\/untersuchungsverfahren\/neurologische-untersuchung.html","og_site_name":"KontinenzZentrum","article_modified_time":"2025-12-02T12:39:54+00:00","og_image":[{"width":1920,"height":450,"url":"https:\/\/www.kontinenzzentrum.ch\/wp-content\/uploads\/untersuchung-neurologisch-stock131540239.jpeg","type":"image\/jpeg"}],"twitter_card":"summary_large_image","twitter_misc":{"Gesch\u00e4tzte Lesezeit":"3\u00a0Minuten"},"schema":{"@context":"https:\/\/schema.org","@graph":[{"@type":"WebPage","@id":"https:\/\/www.kontinenzzentrum.ch\/de\/untersuchung-und-therapie\/untersuchungsverfahren\/neurologische-untersuchung.html","url":"https:\/\/www.kontinenzzentrum.ch\/de\/untersuchung-und-therapie\/untersuchungsverfahren\/neurologische-untersuchung.html","name":"Neurologische Untersuchung","isPartOf":{"@id":"https:\/\/www.kontinenzzentrum.ch\/de\/#website"},"primaryImageOfPage":{"@id":"https:\/\/www.kontinenzzentrum.ch\/de\/untersuchung-und-therapie\/untersuchungsverfahren\/neurologische-untersuchung.html#primaryimage"},"image":{"@id":"https:\/\/www.kontinenzzentrum.ch\/de\/untersuchung-und-therapie\/untersuchungsverfahren\/neurologische-untersuchung.html#primaryimage"},"thumbnailUrl":"https:\/\/www.kontinenzzentrum.ch\/wp-content\/uploads\/untersuchung-neurologisch-stock131540239.jpeg","datePublished":"2023-03-06T11:57:01+00:00","dateModified":"2025-12-02T12:39:54+00:00","breadcrumb":{"@id":"https:\/\/www.kontinenzzentrum.ch\/de\/untersuchung-und-therapie\/untersuchungsverfahren\/neurologische-untersuchung.html#breadcrumb"},"inLanguage":"de","potentialAction":[{"@type":"ReadAction","target":["https:\/\/www.kontinenzzentrum.ch\/de\/untersuchung-und-therapie\/untersuchungsverfahren\/neurologische-untersuchung.html"]}]},{"@type":"ImageObject","inLanguage":"de","@id":"https:\/\/www.kontinenzzentrum.ch\/de\/untersuchung-und-therapie\/untersuchungsverfahren\/neurologische-untersuchung.html#primaryimage","url":"https:\/\/www.kontinenzzentrum.ch\/wp-content\/uploads\/untersuchung-neurologisch-stock131540239.jpeg","contentUrl":"https:\/\/www.kontinenzzentrum.ch\/wp-content\/uploads\/untersuchung-neurologisch-stock131540239.jpeg","width":1920,"height":450},{"@type":"BreadcrumbList","@id":"https:\/\/www.kontinenzzentrum.ch\/de\/untersuchung-und-therapie\/untersuchungsverfahren\/neurologische-untersuchung.html#breadcrumb","itemListElement":[{"@type":"ListItem","position":1,"name":"Startseite","item":"https:\/\/www.kontinenzzentrum.ch\/de"},{"@type":"ListItem","position":2,"name":"Untersuchung &#038; Therapie","item":"https:\/\/www.kontinenzzentrum.ch\/de\/untersuchung-und-therapie.html"},{"@type":"ListItem","position":3,"name":"Untersuchungsverfahren","item":"https:\/\/www.kontinenzzentrum.ch\/de\/untersuchung-und-therapie\/untersuchungsverfahren.html"},{"@type":"ListItem","position":4,"name":"Neurologische Untersuchung"}]},{"@type":"WebSite","@id":"https:\/\/www.kontinenzzentrum.ch\/de\/#website","url":"https:\/\/www.kontinenzzentrum.ch\/de\/","name":"KontinenzZentrum Hirslanden Z\u00fcrich","description":"KontinenzZentrum Hirslanden Z\u00fcrich: Blasenst\u00f6rungen & Inkontinenz","publisher":{"@id":"https:\/\/www.kontinenzzentrum.ch\/de\/#organization"},"potentialAction":[{"@type":"SearchAction","target":{"@type":"EntryPoint","urlTemplate":"https:\/\/www.kontinenzzentrum.ch\/de\/?s={search_term_string}"},"query-input":{"@type":"PropertyValueSpecification","valueRequired":true,"valueName":"search_term_string"}}],"inLanguage":"de"},{"@type":"Organization","@id":"https:\/\/www.kontinenzzentrum.ch\/de\/#organization","name":"KontinenzZentrum Hirslanden Z\u00fcrich","url":"https:\/\/www.kontinenzzentrum.ch\/de\/","logo":{"@type":"ImageObject","inLanguage":"de","@id":"https:\/\/www.kontinenzzentrum.ch\/de\/#\/schema\/logo\/image\/","url":"https:\/\/www.kontinenzzentrum.ch\/wp-content\/uploads\/Logo_KontinenzZentrum.png","contentUrl":"https:\/\/www.kontinenzzentrum.ch\/wp-content\/uploads\/Logo_KontinenzZentrum.png","width":800,"height":142,"caption":"KontinenzZentrum Hirslanden Z\u00fcrich"},"image":{"@id":"https:\/\/www.kontinenzzentrum.ch\/de\/#\/schema\/logo\/image\/"}}]}},"_links":{"self":[{"href":"https:\/\/www.kontinenzzentrum.ch\/de\/wp-json\/wp\/v2\/pages\/1820","targetHints":{"allow":["GET"]}}],"collection":[{"href":"https:\/\/www.kontinenzzentrum.ch\/de\/wp-json\/wp\/v2\/pages"}],"about":[{"href":"https:\/\/www.kontinenzzentrum.ch\/de\/wp-json\/wp\/v2\/types\/page"}],"author":[{"embeddable":true,"href":"https:\/\/www.kontinenzzentrum.ch\/de\/wp-json\/wp\/v2\/users\/1"}],"replies":[{"embeddable":true,"href":"https:\/\/www.kontinenzzentrum.ch\/de\/wp-json\/wp\/v2\/comments?post=1820"}],"version-history":[{"count":12,"href":"https:\/\/www.kontinenzzentrum.ch\/de\/wp-json\/wp\/v2\/pages\/1820\/revisions"}],"predecessor-version":[{"id":4781,"href":"https:\/\/www.kontinenzzentrum.ch\/de\/wp-json\/wp\/v2\/pages\/1820\/revisions\/4781"}],"up":[{"embeddable":true,"href":"https:\/\/www.kontinenzzentrum.ch\/de\/wp-json\/wp\/v2\/pages\/1797"}],"wp:featuredmedia":[{"embeddable":true,"href":"https:\/\/www.kontinenzzentrum.ch\/de\/wp-json\/wp\/v2\/media\/515"}],"wp:attachment":[{"href":"https:\/\/www.kontinenzzentrum.ch\/de\/wp-json\/wp\/v2\/media?parent=1820"}],"curies":[{"name":"wp","href":"https:\/\/api.w.org\/{rel}","templated":true}]}}