{"id":1834,"date":"2023-03-06T13:04:18","date_gmt":"2023-03-06T12:04:18","guid":{"rendered":"https:\/\/www.kontinenzzentrum.ch\/?page_id=1834"},"modified":"2025-12-02T14:49:14","modified_gmt":"2025-12-02T13:49:14","slug":"spiegelung-des-harntraktes","status":"publish","type":"page","link":"https:\/\/www.kontinenzzentrum.ch\/de\/untersuchung-und-therapie\/untersuchungsverfahren\/spiegelung-des-harntraktes.html","title":{"rendered":"Spiegelung des Harntraktes"},"content":{"rendered":"<div id=\"pl-1834\"  class=\"panel-layout\" ><div id=\"pg-1834-0\"  class=\"panel-grid panel-no-style\" ><div id=\"pgc-1834-0-0\"  class=\"panel-grid-cell\" ><div id=\"panel-1834-0-0-0\" class=\"so-panel widget widget_sow-editor panel-first-child panel-last-child\" data-index=\"0\" ><div\n\t\t\t\n\t\t\tclass=\"so-widget-sow-editor so-widget-sow-editor-base\"\n\t\t\t\n\t\t>\n<div class=\"siteorigin-widget-tinymce textwidget\">\n\t<h1>Spiegelung von Harnr\u00f6hre und Harnblase<\/h1>\n<h2>Erm\u00f6glicht die direkte Betrachtung des Harntraktes<\/h2>\n<p>Die Spiegelung der Harnr\u00f6hre, der Harnblase und der Harnleiter dient der direkten Betrachtung der durch die genannten Organe gebildeten Hohlr\u00e4ume. Der Untersucher fahndet nach Missbildungen, nach Sch\u00e4den in der Organstruktur oder der Schleimh\u00e4ute sowie nach Fremdk\u00f6rpern im Harntrakt wie zum Beispiel Harnsteinen. Auch das Ausma\u00df einer Prostatavergr\u00f6\u00dferung kann durch eine endoskopische Betrachtung beurteilt werden.<\/p>\n<p>Eine Blasenspiegelung kann in der Regel unter \u00f6rtlicher Bet\u00e4ubung vorgenommen werden. F\u00fcr eine Harnleiter- und Nierenspiegelung ist eine Vollnarkose notwendig. Meist wird ein flexibles Instrument verwendet, in bestimmten Situationen kann auch ein starres Ger\u00e4t sinnvoll sein. Das Bild wird mit einer Kamera aufgezeichnet und auf einen Bildschirm \u00fcbertragen, so dass der Untersucher es dort verfolgen kann.<\/p>\n<\/div>\n<\/div><\/div><\/div><\/div><div id=\"pg-1834-1\"  class=\"panel-grid panel-no-style\" ><div id=\"pgc-1834-1-0\"  class=\"panel-grid-cell\" ><div id=\"panel-1834-1-0-0\" class=\"so-panel widget widget_fn-info-box-widget panel-first-child panel-last-child\" data-index=\"1\" ><div\n\t\t\t\n\t\t\tclass=\"so-widget-fn-info-box-widget so-widget-fn-info-box-widget-base\"\n\t\t\t\n\t\t><div class=\"uk-child-width-1-1 uk-grid-match\" uk-grid><div>\n        <div class=\"fn-info-box-title\">\n          <div class=\"uk-grid-small\" uk-grid>            <div class=\"uk-width-auto\"><img decoding=\"async\" src=\"https:\/\/www.kontinenzzentrum.ch\/wp-content\/uploads\/ICON_kontakt.svg\" class=\"attachment-small size-small\" alt=\"\" \/>            <\/div>            <div class=\"uk-width-expand\">\n              <h4 class=\"uk-h3\">Unsicher, ob Sie eine Spiegelung des Harntraktes durchf\u00fchren lassen sollten?<\/h4>\n            <\/div>\n          <\/div>\n        <\/div>\n        <div class=\"fn-info-box-content\">\n              <p>Mit der Spiegelung von Harnr\u00f6hre und Blase lassen sich Ursachen f\u00fcr Beschwerden direkt einordnen. Wenn Sie eine fachliche Einsch\u00e4tzung w\u00fcnschen, unterst\u00fctzen wir Sie gern bei der Entscheidung und den n\u00e4chsten Schritten. Nehmen Sie einfach Kontakt zu uns auf, entweder telefonisch, oder nutzen Sie unsere praktische Online-Terminvereinbarung!<\/p>\n<p><div class=\"uk-flex uk-child-width-auto uk-grid-small\" uk-grid><div><a class=\"uk-button uk-button-primary\" href=\"tel:+41443872910\"><i class=\"fas fa-phone-alt uk-margin-small-right\"><\/i>+41 44 387 29 10<\/a><\/div><div><a class=\"uk-button uk-button-primary\" href=\"https:\/\/www.kontinenzzentrum.ch\/de\/ueber-uns\/termin.html\"><i class=\"fas fa-comments uk-margin-small-right\"><\/i>Online Terminvereinbarung<\/a><\/div><\/div><\/p>\n        <\/div>\n      <\/div><\/div><\/div><\/div><\/div><\/div><\/div>","protected":false},"excerpt":{"rendered":"<p>Spiegelung von Harnr\u00f6hre und Harnblase Erm\u00f6glicht die direkte Betrachtung des Harntraktes Die Spiegelung der Harnr\u00f6hre, der Harnblase und der Harnleiter dient der direkten Betrachtung der durch die genannten Organe gebildeten Hohlr\u00e4ume. Der Untersucher fahndet nach Missbildungen, nach Sch\u00e4den in der Organstruktur oder der Schleimh\u00e4ute sowie nach Fremdk\u00f6rpern im Harntrakt wie zum Beispiel Harnsteinen. Auch das [&hellip;]<\/p>\n","protected":false},"author":1,"featured_media":1447,"parent":1797,"menu_order":0,"comment_status":"closed","ping_status":"closed","template":"","meta":{"_acf_changed":false,"footnotes":""},"class_list":["post-1834","page","type-page","status-publish","has-post-thumbnail","hentry"],"acf":[],"yoast_head":"<!-- This site is optimized with the Yoast SEO plugin v26.9 - https:\/\/yoast.com\/product\/yoast-seo-wordpress\/ -->\n<title>Spiegelung des Harntraktes<\/title>\n<meta name=\"robots\" content=\"index, follow, max-snippet:-1, max-image-preview:large, max-video-preview:-1\" \/>\n<link rel=\"canonical\" href=\"https:\/\/www.kontinenzzentrum.ch\/de\/untersuchung-und-therapie\/untersuchungsverfahren\/spiegelung-des-harntraktes.html\" \/>\n<meta property=\"og:locale\" content=\"de_DE\" \/>\n<meta property=\"og:type\" content=\"article\" \/>\n<meta property=\"og:title\" content=\"Spiegelung des Harntraktes\" \/>\n<meta property=\"og:description\" content=\"Spiegelung von Harnr\u00f6hre und Harnblase Erm\u00f6glicht die direkte Betrachtung des Harntraktes Die Spiegelung der Harnr\u00f6hre, der Harnblase und der Harnleiter dient der direkten Betrachtung der durch die genannten Organe gebildeten Hohlr\u00e4ume. Der Untersucher fahndet nach Missbildungen, nach Sch\u00e4den in der Organstruktur oder der Schleimh\u00e4ute sowie nach Fremdk\u00f6rpern im Harntrakt wie zum Beispiel Harnsteinen. Auch das [&hellip;]\" \/>\n<meta property=\"og:url\" content=\"https:\/\/www.kontinenzzentrum.ch\/de\/untersuchung-und-therapie\/untersuchungsverfahren\/spiegelung-des-harntraktes.html\" \/>\n<meta property=\"og:site_name\" content=\"KontinenzZentrum\" \/>\n<meta property=\"article:modified_time\" content=\"2025-12-02T13:49:14+00:00\" \/>\n<meta property=\"og:image\" content=\"https:\/\/www.kontinenzzentrum.ch\/wp-content\/uploads\/untersuchung-spiegelung-harntrakt-9768.jpeg\" \/>\n\t<meta property=\"og:image:width\" content=\"1920\" \/>\n\t<meta property=\"og:image:height\" content=\"450\" \/>\n\t<meta property=\"og:image:type\" content=\"image\/jpeg\" \/>\n<meta name=\"twitter:card\" content=\"summary_large_image\" \/>\n<meta name=\"twitter:label1\" content=\"Gesch\u00e4tzte Lesezeit\" \/>\n\t<meta name=\"twitter:data1\" content=\"2\u00a0Minuten\" \/>\n<script type=\"application\/ld+json\" class=\"yoast-schema-graph\">{\"@context\":\"https:\/\/schema.org\",\"@graph\":[{\"@type\":\"WebPage\",\"@id\":\"https:\/\/www.kontinenzzentrum.ch\/de\/untersuchung-und-therapie\/untersuchungsverfahren\/spiegelung-des-harntraktes.html\",\"url\":\"https:\/\/www.kontinenzzentrum.ch\/de\/untersuchung-und-therapie\/untersuchungsverfahren\/spiegelung-des-harntraktes.html\",\"name\":\"Spiegelung des Harntraktes\",\"isPartOf\":{\"@id\":\"https:\/\/www.kontinenzzentrum.ch\/de\/#website\"},\"primaryImageOfPage\":{\"@id\":\"https:\/\/www.kontinenzzentrum.ch\/de\/untersuchung-und-therapie\/untersuchungsverfahren\/spiegelung-des-harntraktes.html#primaryimage\"},\"image\":{\"@id\":\"https:\/\/www.kontinenzzentrum.ch\/de\/untersuchung-und-therapie\/untersuchungsverfahren\/spiegelung-des-harntraktes.html#primaryimage\"},\"thumbnailUrl\":\"https:\/\/www.kontinenzzentrum.ch\/wp-content\/uploads\/untersuchung-spiegelung-harntrakt-9768.jpeg\",\"datePublished\":\"2023-03-06T12:04:18+00:00\",\"dateModified\":\"2025-12-02T13:49:14+00:00\",\"breadcrumb\":{\"@id\":\"https:\/\/www.kontinenzzentrum.ch\/de\/untersuchung-und-therapie\/untersuchungsverfahren\/spiegelung-des-harntraktes.html#breadcrumb\"},\"inLanguage\":\"de\",\"potentialAction\":[{\"@type\":\"ReadAction\",\"target\":[\"https:\/\/www.kontinenzzentrum.ch\/de\/untersuchung-und-therapie\/untersuchungsverfahren\/spiegelung-des-harntraktes.html\"]}]},{\"@type\":\"ImageObject\",\"inLanguage\":\"de\",\"@id\":\"https:\/\/www.kontinenzzentrum.ch\/de\/untersuchung-und-therapie\/untersuchungsverfahren\/spiegelung-des-harntraktes.html#primaryimage\",\"url\":\"https:\/\/www.kontinenzzentrum.ch\/wp-content\/uploads\/untersuchung-spiegelung-harntrakt-9768.jpeg\",\"contentUrl\":\"https:\/\/www.kontinenzzentrum.ch\/wp-content\/uploads\/untersuchung-spiegelung-harntrakt-9768.jpeg\",\"width\":1920,\"height\":450},{\"@type\":\"BreadcrumbList\",\"@id\":\"https:\/\/www.kontinenzzentrum.ch\/de\/untersuchung-und-therapie\/untersuchungsverfahren\/spiegelung-des-harntraktes.html#breadcrumb\",\"itemListElement\":[{\"@type\":\"ListItem\",\"position\":1,\"name\":\"Startseite\",\"item\":\"https:\/\/www.kontinenzzentrum.ch\/de\"},{\"@type\":\"ListItem\",\"position\":2,\"name\":\"Untersuchung &#038; Therapie\",\"item\":\"https:\/\/www.kontinenzzentrum.ch\/de\/untersuchung-und-therapie.html\"},{\"@type\":\"ListItem\",\"position\":3,\"name\":\"Untersuchungsverfahren\",\"item\":\"https:\/\/www.kontinenzzentrum.ch\/de\/untersuchung-und-therapie\/untersuchungsverfahren.html\"},{\"@type\":\"ListItem\",\"position\":4,\"name\":\"Spiegelung des Harntraktes\"}]},{\"@type\":\"WebSite\",\"@id\":\"https:\/\/www.kontinenzzentrum.ch\/de\/#website\",\"url\":\"https:\/\/www.kontinenzzentrum.ch\/de\/\",\"name\":\"KontinenzZentrum Hirslanden Z\u00fcrich\",\"description\":\"KontinenzZentrum Hirslanden Z\u00fcrich: Blasenst\u00f6rungen & Inkontinenz\",\"publisher\":{\"@id\":\"https:\/\/www.kontinenzzentrum.ch\/de\/#organization\"},\"potentialAction\":[{\"@type\":\"SearchAction\",\"target\":{\"@type\":\"EntryPoint\",\"urlTemplate\":\"https:\/\/www.kontinenzzentrum.ch\/de\/?s={search_term_string}\"},\"query-input\":{\"@type\":\"PropertyValueSpecification\",\"valueRequired\":true,\"valueName\":\"search_term_string\"}}],\"inLanguage\":\"de\"},{\"@type\":\"Organization\",\"@id\":\"https:\/\/www.kontinenzzentrum.ch\/de\/#organization\",\"name\":\"KontinenzZentrum Hirslanden Z\u00fcrich\",\"url\":\"https:\/\/www.kontinenzzentrum.ch\/de\/\",\"logo\":{\"@type\":\"ImageObject\",\"inLanguage\":\"de\",\"@id\":\"https:\/\/www.kontinenzzentrum.ch\/de\/#\/schema\/logo\/image\/\",\"url\":\"https:\/\/www.kontinenzzentrum.ch\/wp-content\/uploads\/Logo_KontinenzZentrum.png\",\"contentUrl\":\"https:\/\/www.kontinenzzentrum.ch\/wp-content\/uploads\/Logo_KontinenzZentrum.png\",\"width\":800,\"height\":142,\"caption\":\"KontinenzZentrum Hirslanden Z\u00fcrich\"},\"image\":{\"@id\":\"https:\/\/www.kontinenzzentrum.ch\/de\/#\/schema\/logo\/image\/\"}}]}<\/script>\n<!-- \/ Yoast SEO plugin. -->","yoast_head_json":{"title":"Spiegelung des Harntraktes","robots":{"index":"index","follow":"follow","max-snippet":"max-snippet:-1","max-image-preview":"max-image-preview:large","max-video-preview":"max-video-preview:-1"},"canonical":"https:\/\/www.kontinenzzentrum.ch\/de\/untersuchung-und-therapie\/untersuchungsverfahren\/spiegelung-des-harntraktes.html","og_locale":"de_DE","og_type":"article","og_title":"Spiegelung des Harntraktes","og_description":"Spiegelung von Harnr\u00f6hre und Harnblase Erm\u00f6glicht die direkte Betrachtung des Harntraktes Die Spiegelung der Harnr\u00f6hre, der Harnblase und der Harnleiter dient der direkten Betrachtung der durch die genannten Organe gebildeten Hohlr\u00e4ume. Der Untersucher fahndet nach Missbildungen, nach Sch\u00e4den in der Organstruktur oder der Schleimh\u00e4ute sowie nach Fremdk\u00f6rpern im Harntrakt wie zum Beispiel Harnsteinen. Auch das [&hellip;]","og_url":"https:\/\/www.kontinenzzentrum.ch\/de\/untersuchung-und-therapie\/untersuchungsverfahren\/spiegelung-des-harntraktes.html","og_site_name":"KontinenzZentrum","article_modified_time":"2025-12-02T13:49:14+00:00","og_image":[{"width":1920,"height":450,"url":"https:\/\/www.kontinenzzentrum.ch\/wp-content\/uploads\/untersuchung-spiegelung-harntrakt-9768.jpeg","type":"image\/jpeg"}],"twitter_card":"summary_large_image","twitter_misc":{"Gesch\u00e4tzte Lesezeit":"2\u00a0Minuten"},"schema":{"@context":"https:\/\/schema.org","@graph":[{"@type":"WebPage","@id":"https:\/\/www.kontinenzzentrum.ch\/de\/untersuchung-und-therapie\/untersuchungsverfahren\/spiegelung-des-harntraktes.html","url":"https:\/\/www.kontinenzzentrum.ch\/de\/untersuchung-und-therapie\/untersuchungsverfahren\/spiegelung-des-harntraktes.html","name":"Spiegelung des Harntraktes","isPartOf":{"@id":"https:\/\/www.kontinenzzentrum.ch\/de\/#website"},"primaryImageOfPage":{"@id":"https:\/\/www.kontinenzzentrum.ch\/de\/untersuchung-und-therapie\/untersuchungsverfahren\/spiegelung-des-harntraktes.html#primaryimage"},"image":{"@id":"https:\/\/www.kontinenzzentrum.ch\/de\/untersuchung-und-therapie\/untersuchungsverfahren\/spiegelung-des-harntraktes.html#primaryimage"},"thumbnailUrl":"https:\/\/www.kontinenzzentrum.ch\/wp-content\/uploads\/untersuchung-spiegelung-harntrakt-9768.jpeg","datePublished":"2023-03-06T12:04:18+00:00","dateModified":"2025-12-02T13:49:14+00:00","breadcrumb":{"@id":"https:\/\/www.kontinenzzentrum.ch\/de\/untersuchung-und-therapie\/untersuchungsverfahren\/spiegelung-des-harntraktes.html#breadcrumb"},"inLanguage":"de","potentialAction":[{"@type":"ReadAction","target":["https:\/\/www.kontinenzzentrum.ch\/de\/untersuchung-und-therapie\/untersuchungsverfahren\/spiegelung-des-harntraktes.html"]}]},{"@type":"ImageObject","inLanguage":"de","@id":"https:\/\/www.kontinenzzentrum.ch\/de\/untersuchung-und-therapie\/untersuchungsverfahren\/spiegelung-des-harntraktes.html#primaryimage","url":"https:\/\/www.kontinenzzentrum.ch\/wp-content\/uploads\/untersuchung-spiegelung-harntrakt-9768.jpeg","contentUrl":"https:\/\/www.kontinenzzentrum.ch\/wp-content\/uploads\/untersuchung-spiegelung-harntrakt-9768.jpeg","width":1920,"height":450},{"@type":"BreadcrumbList","@id":"https:\/\/www.kontinenzzentrum.ch\/de\/untersuchung-und-therapie\/untersuchungsverfahren\/spiegelung-des-harntraktes.html#breadcrumb","itemListElement":[{"@type":"ListItem","position":1,"name":"Startseite","item":"https:\/\/www.kontinenzzentrum.ch\/de"},{"@type":"ListItem","position":2,"name":"Untersuchung &#038; Therapie","item":"https:\/\/www.kontinenzzentrum.ch\/de\/untersuchung-und-therapie.html"},{"@type":"ListItem","position":3,"name":"Untersuchungsverfahren","item":"https:\/\/www.kontinenzzentrum.ch\/de\/untersuchung-und-therapie\/untersuchungsverfahren.html"},{"@type":"ListItem","position":4,"name":"Spiegelung des Harntraktes"}]},{"@type":"WebSite","@id":"https:\/\/www.kontinenzzentrum.ch\/de\/#website","url":"https:\/\/www.kontinenzzentrum.ch\/de\/","name":"KontinenzZentrum Hirslanden Z\u00fcrich","description":"KontinenzZentrum Hirslanden Z\u00fcrich: Blasenst\u00f6rungen & Inkontinenz","publisher":{"@id":"https:\/\/www.kontinenzzentrum.ch\/de\/#organization"},"potentialAction":[{"@type":"SearchAction","target":{"@type":"EntryPoint","urlTemplate":"https:\/\/www.kontinenzzentrum.ch\/de\/?s={search_term_string}"},"query-input":{"@type":"PropertyValueSpecification","valueRequired":true,"valueName":"search_term_string"}}],"inLanguage":"de"},{"@type":"Organization","@id":"https:\/\/www.kontinenzzentrum.ch\/de\/#organization","name":"KontinenzZentrum Hirslanden Z\u00fcrich","url":"https:\/\/www.kontinenzzentrum.ch\/de\/","logo":{"@type":"ImageObject","inLanguage":"de","@id":"https:\/\/www.kontinenzzentrum.ch\/de\/#\/schema\/logo\/image\/","url":"https:\/\/www.kontinenzzentrum.ch\/wp-content\/uploads\/Logo_KontinenzZentrum.png","contentUrl":"https:\/\/www.kontinenzzentrum.ch\/wp-content\/uploads\/Logo_KontinenzZentrum.png","width":800,"height":142,"caption":"KontinenzZentrum Hirslanden Z\u00fcrich"},"image":{"@id":"https:\/\/www.kontinenzzentrum.ch\/de\/#\/schema\/logo\/image\/"}}]}},"_links":{"self":[{"href":"https:\/\/www.kontinenzzentrum.ch\/de\/wp-json\/wp\/v2\/pages\/1834","targetHints":{"allow":["GET"]}}],"collection":[{"href":"https:\/\/www.kontinenzzentrum.ch\/de\/wp-json\/wp\/v2\/pages"}],"about":[{"href":"https:\/\/www.kontinenzzentrum.ch\/de\/wp-json\/wp\/v2\/types\/page"}],"author":[{"embeddable":true,"href":"https:\/\/www.kontinenzzentrum.ch\/de\/wp-json\/wp\/v2\/users\/1"}],"replies":[{"embeddable":true,"href":"https:\/\/www.kontinenzzentrum.ch\/de\/wp-json\/wp\/v2\/comments?post=1834"}],"version-history":[{"count":5,"href":"https:\/\/www.kontinenzzentrum.ch\/de\/wp-json\/wp\/v2\/pages\/1834\/revisions"}],"predecessor-version":[{"id":4788,"href":"https:\/\/www.kontinenzzentrum.ch\/de\/wp-json\/wp\/v2\/pages\/1834\/revisions\/4788"}],"up":[{"embeddable":true,"href":"https:\/\/www.kontinenzzentrum.ch\/de\/wp-json\/wp\/v2\/pages\/1797"}],"wp:featuredmedia":[{"embeddable":true,"href":"https:\/\/www.kontinenzzentrum.ch\/de\/wp-json\/wp\/v2\/media\/1447"}],"wp:attachment":[{"href":"https:\/\/www.kontinenzzentrum.ch\/de\/wp-json\/wp\/v2\/media?parent=1834"}],"curies":[{"name":"wp","href":"https:\/\/api.w.org\/{rel}","templated":true}]}}