{"id":1837,"date":"2023-03-06T13:06:53","date_gmt":"2023-03-06T12:06:53","guid":{"rendered":"https:\/\/www.kontinenzzentrum.ch\/?page_id=1837"},"modified":"2025-03-11T16:51:05","modified_gmt":"2025-03-11T15:51:05","slug":"ultraschall-des-harntraktes","status":"publish","type":"page","link":"https:\/\/www.kontinenzzentrum.ch\/de\/untersuchung-und-therapie\/untersuchungsverfahren\/ultraschall-des-harntraktes.html","title":{"rendered":"Ultraschall des Harntraktes"},"content":{"rendered":"<div id=\"pl-1837\"  class=\"panel-layout\" ><div id=\"pg-1837-0\"  class=\"panel-grid panel-no-style\" ><div id=\"pgc-1837-0-0\"  class=\"panel-grid-cell\" ><div id=\"panel-1837-0-0-0\" class=\"so-panel widget widget_sow-editor panel-first-child\" data-index=\"0\" ><div\n\t\t\t\n\t\t\tclass=\"so-widget-sow-editor so-widget-sow-editor-base\"\n\t\t\t\n\t\t>\n<div class=\"siteorigin-widget-tinymce textwidget\">\n\t<h1>Ultraschall des Harntraktes<\/h1>\n<h2>Sonographische Darstellung von Harnblase, Harnr\u00f6hre, Beckenboden und Prostata<\/h2>\n<p><img decoding=\"async\" class=\"alignright\" title=\"\" src=\"https:\/\/www.kontinenzzentrum.ch\/wp-content\/uploads\/untersuchung-ultraschall-213140-txt.jpeg\" alt=\"\" width=\"455\" height=\"353\" \/><br \/>\nDie Ultraschalluntersuchung der ableitenden Harnwege und der Geschlechtsorgane erg\u00e4nzt die k\u00f6rperliche und urodynamische Untersuchung und erm\u00f6glicht eine genauere Beurteilung der Harnorgane und ihrer Funktion. Die Nieren werden auf ihre korrekte Lage im hinteren Bauchraum, ihre \u00e4u\u00dfere Form und innere Struktur sowie ihre Gr\u00f6\u00dfe untersucht. Der Untersucher fahndet nach einer St\u00f6rung des Harnabflusses, nach Nierensteinen und Raumforderungen wie Zysten oder Tumoren.<\/p>\n<p>Die Harnblase kann am besten in gut gef\u00fclltem Zustand untersucht werden, der Arzt achtet auf eine glatte Blasenwand und auf m\u00f6gliche Fremdk\u00f6rper in der Blase wie Blasensteine, Tumoren oder eine in die Blase hineingewachsene Prostata. Die St\u00e4rke des Blasenmuskels gibt Aufschluss \u00fcber eine m\u00f6gliche Abflussbehinderung. Bei M\u00e4nnern wird die Prostata durch den Enddarm hindurch untersucht. Diese Methode erm\u00f6glicht eine Beurteilung des Dr\u00fcsengewebes und eine genaue Messung des Prostatavolumens. \u00dcbersteigt das gemessene Volumen einen Wert von 15ml, ist von einer Vergr\u00f6\u00dferung der Dr\u00fcse auszugehen.<\/p>\n<p>Bei Frauen kann die Funktion von Blase und Harnr\u00f6hre durch die Scheide hindurch untersucht werden. Dabei werden die L\u00e4nge der Harnr\u00f6hre und ihr Winkel zur Blase gemessen, zuerst in Ruhe und dann beim Pressen und Hussten. Hier zeigt sich, ob eine Blasensenkung als Ursache einer Inkontinenz vorliegt.<\/p>\n<\/div>\n<\/div><\/div><div id=\"panel-1837-0-0-1\" class=\"so-panel widget widget_fn-info-box-widget panel-last-child\" data-index=\"1\" ><div\n\t\t\t\n\t\t\tclass=\"so-widget-fn-info-box-widget so-widget-fn-info-box-widget-base\"\n\t\t\t\n\t\t><div class=\"uk-child-width-1-1 uk-grid-match\" uk-grid><div>\n        <div class=\"fn-info-box-title\">\n          <div class=\"uk-grid-small\" uk-grid>            <div class=\"uk-width-auto\"><img decoding=\"async\" src=\"https:\/\/www.kontinenzzentrum.ch\/wp-content\/uploads\/ICON_kontakt.svg\" class=\"attachment-small size-small\" alt=\"\" \/>            <\/div>            <div class=\"uk-width-expand\">\n              <h4 class=\"uk-h3\">Informieren Sie sich \u00fcber Ihre Abkl\u00e4rungsm\u00f6glichkeiten bei Inkontinenz<\/h4>\n            <\/div>\n          <\/div>\n        <\/div>\n        <div class=\"fn-info-box-content\">\n              <p>Sie sind von Inkontinenz betroffen oder vermuten eine beginnende Blasenfunktionsst\u00f6rung? Informieren Sie sich jetzt \u00fcber die Ultraschalluntersuchung des Harntraktes sowie weitere M\u00f6glichkeiten zur Abkl\u00e4rung bei unseren Spezialisten f\u00fcr Urologie. <strong>Kontaktieren Sie uns<\/strong>, wir beraten Sie gerne.<\/p>\n<p>Sie erreichen unser KontinenzZentrum in Hirslanden, Z\u00fcrich telefonisch, <a href=\"mailto:kontinenzzentrum.hirslanden@hirslanden.ch\">per E-Mail<\/a> oder \u00fcber unser\u00a0Kontaktformular.<\/p>\n<p><div class=\"uk-flex uk-child-width-auto uk-grid-small\" uk-grid><div><a class=\"uk-button uk-button-primary\" href=\"tel:+41443872910\"><i class=\"fas fa-phone-alt uk-margin-small-right\"><\/i>+41 44 387 29 10<\/a><\/div><div><a class=\"uk-button uk-button-primary\" href=\"https:\/\/www.kontinenzzentrum.ch\/de\/ueber-uns\/termin.html\"><i class=\"fas fa-comments uk-margin-small-right\"><\/i>Online Terminvereinbarung<\/a><\/div><\/div><\/p>\n        <\/div>\n      <\/div><\/div><\/div><\/div><\/div><\/div><\/div>","protected":false},"excerpt":{"rendered":"<p>Ultraschall des Harntraktes Sonographische Darstellung von Harnblase, Harnr\u00f6hre, Beckenboden und Prostata Die Ultraschalluntersuchung der ableitenden Harnwege und der Geschlechtsorgane erg\u00e4nzt die k\u00f6rperliche und urodynamische Untersuchung und erm\u00f6glicht eine genauere Beurteilung der Harnorgane und ihrer Funktion. Die Nieren werden auf ihre korrekte Lage im hinteren Bauchraum, ihre \u00e4u\u00dfere Form und innere Struktur sowie ihre Gr\u00f6\u00dfe untersucht. [&hellip;]<\/p>\n","protected":false},"author":1,"featured_media":1592,"parent":1797,"menu_order":0,"comment_status":"closed","ping_status":"closed","template":"","meta":{"_acf_changed":false,"footnotes":""},"class_list":["post-1837","page","type-page","status-publish","has-post-thumbnail","hentry"],"acf":[],"yoast_head":"<!-- This site is optimized with the Yoast SEO plugin v26.9 - https:\/\/yoast.com\/product\/yoast-seo-wordpress\/ -->\n<title>Ultraschall des Harntraktes<\/title>\n<meta name=\"robots\" content=\"index, follow, max-snippet:-1, max-image-preview:large, max-video-preview:-1\" \/>\n<link rel=\"canonical\" href=\"https:\/\/www.kontinenzzentrum.ch\/de\/untersuchung-und-therapie\/untersuchungsverfahren\/ultraschall-des-harntraktes.html\" \/>\n<meta property=\"og:locale\" content=\"de_DE\" \/>\n<meta property=\"og:type\" content=\"article\" \/>\n<meta property=\"og:title\" content=\"Ultraschall des Harntraktes\" \/>\n<meta property=\"og:description\" content=\"Ultraschall des Harntraktes Sonographische Darstellung von Harnblase, Harnr\u00f6hre, Beckenboden und Prostata Die Ultraschalluntersuchung der ableitenden Harnwege und der Geschlechtsorgane erg\u00e4nzt die k\u00f6rperliche und urodynamische Untersuchung und erm\u00f6glicht eine genauere Beurteilung der Harnorgane und ihrer Funktion. Die Nieren werden auf ihre korrekte Lage im hinteren Bauchraum, ihre \u00e4u\u00dfere Form und innere Struktur sowie ihre Gr\u00f6\u00dfe untersucht. [&hellip;]\" \/>\n<meta property=\"og:url\" content=\"https:\/\/www.kontinenzzentrum.ch\/de\/untersuchung-und-therapie\/untersuchungsverfahren\/ultraschall-des-harntraktes.html\" \/>\n<meta property=\"og:site_name\" content=\"KontinenzZentrum\" \/>\n<meta property=\"article:modified_time\" content=\"2025-03-11T15:51:05+00:00\" \/>\n<meta property=\"og:image\" content=\"https:\/\/www.kontinenzzentrum.ch\/wp-content\/uploads\/kompetenz-urogynaekologie-213140.jpeg\" \/>\n\t<meta property=\"og:image:width\" content=\"1920\" \/>\n\t<meta property=\"og:image:height\" content=\"400\" \/>\n\t<meta property=\"og:image:type\" content=\"image\/jpeg\" \/>\n<meta name=\"twitter:card\" content=\"summary_large_image\" \/>\n<meta name=\"twitter:label1\" content=\"Gesch\u00e4tzte Lesezeit\" \/>\n\t<meta name=\"twitter:data1\" content=\"3\u00a0Minuten\" \/>\n<script type=\"application\/ld+json\" class=\"yoast-schema-graph\">{\"@context\":\"https:\/\/schema.org\",\"@graph\":[{\"@type\":\"WebPage\",\"@id\":\"https:\/\/www.kontinenzzentrum.ch\/de\/untersuchung-und-therapie\/untersuchungsverfahren\/ultraschall-des-harntraktes.html\",\"url\":\"https:\/\/www.kontinenzzentrum.ch\/de\/untersuchung-und-therapie\/untersuchungsverfahren\/ultraschall-des-harntraktes.html\",\"name\":\"Ultraschall des Harntraktes\",\"isPartOf\":{\"@id\":\"https:\/\/www.kontinenzzentrum.ch\/de\/#website\"},\"primaryImageOfPage\":{\"@id\":\"https:\/\/www.kontinenzzentrum.ch\/de\/untersuchung-und-therapie\/untersuchungsverfahren\/ultraschall-des-harntraktes.html#primaryimage\"},\"image\":{\"@id\":\"https:\/\/www.kontinenzzentrum.ch\/de\/untersuchung-und-therapie\/untersuchungsverfahren\/ultraschall-des-harntraktes.html#primaryimage\"},\"thumbnailUrl\":\"https:\/\/www.kontinenzzentrum.ch\/wp-content\/uploads\/kompetenz-urogynaekologie-213140.jpeg\",\"datePublished\":\"2023-03-06T12:06:53+00:00\",\"dateModified\":\"2025-03-11T15:51:05+00:00\",\"breadcrumb\":{\"@id\":\"https:\/\/www.kontinenzzentrum.ch\/de\/untersuchung-und-therapie\/untersuchungsverfahren\/ultraschall-des-harntraktes.html#breadcrumb\"},\"inLanguage\":\"de\",\"potentialAction\":[{\"@type\":\"ReadAction\",\"target\":[\"https:\/\/www.kontinenzzentrum.ch\/de\/untersuchung-und-therapie\/untersuchungsverfahren\/ultraschall-des-harntraktes.html\"]}]},{\"@type\":\"ImageObject\",\"inLanguage\":\"de\",\"@id\":\"https:\/\/www.kontinenzzentrum.ch\/de\/untersuchung-und-therapie\/untersuchungsverfahren\/ultraschall-des-harntraktes.html#primaryimage\",\"url\":\"https:\/\/www.kontinenzzentrum.ch\/wp-content\/uploads\/kompetenz-urogynaekologie-213140.jpeg\",\"contentUrl\":\"https:\/\/www.kontinenzzentrum.ch\/wp-content\/uploads\/kompetenz-urogynaekologie-213140.jpeg\",\"width\":1920,\"height\":400},{\"@type\":\"BreadcrumbList\",\"@id\":\"https:\/\/www.kontinenzzentrum.ch\/de\/untersuchung-und-therapie\/untersuchungsverfahren\/ultraschall-des-harntraktes.html#breadcrumb\",\"itemListElement\":[{\"@type\":\"ListItem\",\"position\":1,\"name\":\"Startseite\",\"item\":\"https:\/\/www.kontinenzzentrum.ch\/de\"},{\"@type\":\"ListItem\",\"position\":2,\"name\":\"Untersuchung &#038; Therapie\",\"item\":\"https:\/\/www.kontinenzzentrum.ch\/de\/untersuchung-und-therapie.html\"},{\"@type\":\"ListItem\",\"position\":3,\"name\":\"Untersuchungsverfahren\",\"item\":\"https:\/\/www.kontinenzzentrum.ch\/de\/untersuchung-und-therapie\/untersuchungsverfahren.html\"},{\"@type\":\"ListItem\",\"position\":4,\"name\":\"Ultraschall des Harntraktes\"}]},{\"@type\":\"WebSite\",\"@id\":\"https:\/\/www.kontinenzzentrum.ch\/de\/#website\",\"url\":\"https:\/\/www.kontinenzzentrum.ch\/de\/\",\"name\":\"KontinenzZentrum Hirslanden Z\u00fcrich\",\"description\":\"KontinenzZentrum Hirslanden Z\u00fcrich: Blasenst\u00f6rungen & Inkontinenz\",\"publisher\":{\"@id\":\"https:\/\/www.kontinenzzentrum.ch\/de\/#organization\"},\"potentialAction\":[{\"@type\":\"SearchAction\",\"target\":{\"@type\":\"EntryPoint\",\"urlTemplate\":\"https:\/\/www.kontinenzzentrum.ch\/de\/?s={search_term_string}\"},\"query-input\":{\"@type\":\"PropertyValueSpecification\",\"valueRequired\":true,\"valueName\":\"search_term_string\"}}],\"inLanguage\":\"de\"},{\"@type\":\"Organization\",\"@id\":\"https:\/\/www.kontinenzzentrum.ch\/de\/#organization\",\"name\":\"KontinenzZentrum Hirslanden Z\u00fcrich\",\"url\":\"https:\/\/www.kontinenzzentrum.ch\/de\/\",\"logo\":{\"@type\":\"ImageObject\",\"inLanguage\":\"de\",\"@id\":\"https:\/\/www.kontinenzzentrum.ch\/de\/#\/schema\/logo\/image\/\",\"url\":\"https:\/\/www.kontinenzzentrum.ch\/wp-content\/uploads\/Logo_KontinenzZentrum.png\",\"contentUrl\":\"https:\/\/www.kontinenzzentrum.ch\/wp-content\/uploads\/Logo_KontinenzZentrum.png\",\"width\":800,\"height\":142,\"caption\":\"KontinenzZentrum Hirslanden Z\u00fcrich\"},\"image\":{\"@id\":\"https:\/\/www.kontinenzzentrum.ch\/de\/#\/schema\/logo\/image\/\"}}]}<\/script>\n<!-- \/ Yoast SEO plugin. -->","yoast_head_json":{"title":"Ultraschall des Harntraktes","robots":{"index":"index","follow":"follow","max-snippet":"max-snippet:-1","max-image-preview":"max-image-preview:large","max-video-preview":"max-video-preview:-1"},"canonical":"https:\/\/www.kontinenzzentrum.ch\/de\/untersuchung-und-therapie\/untersuchungsverfahren\/ultraschall-des-harntraktes.html","og_locale":"de_DE","og_type":"article","og_title":"Ultraschall des Harntraktes","og_description":"Ultraschall des Harntraktes Sonographische Darstellung von Harnblase, Harnr\u00f6hre, Beckenboden und Prostata Die Ultraschalluntersuchung der ableitenden Harnwege und der Geschlechtsorgane erg\u00e4nzt die k\u00f6rperliche und urodynamische Untersuchung und erm\u00f6glicht eine genauere Beurteilung der Harnorgane und ihrer Funktion. Die Nieren werden auf ihre korrekte Lage im hinteren Bauchraum, ihre \u00e4u\u00dfere Form und innere Struktur sowie ihre Gr\u00f6\u00dfe untersucht. [&hellip;]","og_url":"https:\/\/www.kontinenzzentrum.ch\/de\/untersuchung-und-therapie\/untersuchungsverfahren\/ultraschall-des-harntraktes.html","og_site_name":"KontinenzZentrum","article_modified_time":"2025-03-11T15:51:05+00:00","og_image":[{"width":1920,"height":400,"url":"https:\/\/www.kontinenzzentrum.ch\/wp-content\/uploads\/kompetenz-urogynaekologie-213140.jpeg","type":"image\/jpeg"}],"twitter_card":"summary_large_image","twitter_misc":{"Gesch\u00e4tzte Lesezeit":"3\u00a0Minuten"},"schema":{"@context":"https:\/\/schema.org","@graph":[{"@type":"WebPage","@id":"https:\/\/www.kontinenzzentrum.ch\/de\/untersuchung-und-therapie\/untersuchungsverfahren\/ultraschall-des-harntraktes.html","url":"https:\/\/www.kontinenzzentrum.ch\/de\/untersuchung-und-therapie\/untersuchungsverfahren\/ultraschall-des-harntraktes.html","name":"Ultraschall des Harntraktes","isPartOf":{"@id":"https:\/\/www.kontinenzzentrum.ch\/de\/#website"},"primaryImageOfPage":{"@id":"https:\/\/www.kontinenzzentrum.ch\/de\/untersuchung-und-therapie\/untersuchungsverfahren\/ultraschall-des-harntraktes.html#primaryimage"},"image":{"@id":"https:\/\/www.kontinenzzentrum.ch\/de\/untersuchung-und-therapie\/untersuchungsverfahren\/ultraschall-des-harntraktes.html#primaryimage"},"thumbnailUrl":"https:\/\/www.kontinenzzentrum.ch\/wp-content\/uploads\/kompetenz-urogynaekologie-213140.jpeg","datePublished":"2023-03-06T12:06:53+00:00","dateModified":"2025-03-11T15:51:05+00:00","breadcrumb":{"@id":"https:\/\/www.kontinenzzentrum.ch\/de\/untersuchung-und-therapie\/untersuchungsverfahren\/ultraschall-des-harntraktes.html#breadcrumb"},"inLanguage":"de","potentialAction":[{"@type":"ReadAction","target":["https:\/\/www.kontinenzzentrum.ch\/de\/untersuchung-und-therapie\/untersuchungsverfahren\/ultraschall-des-harntraktes.html"]}]},{"@type":"ImageObject","inLanguage":"de","@id":"https:\/\/www.kontinenzzentrum.ch\/de\/untersuchung-und-therapie\/untersuchungsverfahren\/ultraschall-des-harntraktes.html#primaryimage","url":"https:\/\/www.kontinenzzentrum.ch\/wp-content\/uploads\/kompetenz-urogynaekologie-213140.jpeg","contentUrl":"https:\/\/www.kontinenzzentrum.ch\/wp-content\/uploads\/kompetenz-urogynaekologie-213140.jpeg","width":1920,"height":400},{"@type":"BreadcrumbList","@id":"https:\/\/www.kontinenzzentrum.ch\/de\/untersuchung-und-therapie\/untersuchungsverfahren\/ultraschall-des-harntraktes.html#breadcrumb","itemListElement":[{"@type":"ListItem","position":1,"name":"Startseite","item":"https:\/\/www.kontinenzzentrum.ch\/de"},{"@type":"ListItem","position":2,"name":"Untersuchung &#038; Therapie","item":"https:\/\/www.kontinenzzentrum.ch\/de\/untersuchung-und-therapie.html"},{"@type":"ListItem","position":3,"name":"Untersuchungsverfahren","item":"https:\/\/www.kontinenzzentrum.ch\/de\/untersuchung-und-therapie\/untersuchungsverfahren.html"},{"@type":"ListItem","position":4,"name":"Ultraschall des Harntraktes"}]},{"@type":"WebSite","@id":"https:\/\/www.kontinenzzentrum.ch\/de\/#website","url":"https:\/\/www.kontinenzzentrum.ch\/de\/","name":"KontinenzZentrum Hirslanden Z\u00fcrich","description":"KontinenzZentrum Hirslanden Z\u00fcrich: Blasenst\u00f6rungen & Inkontinenz","publisher":{"@id":"https:\/\/www.kontinenzzentrum.ch\/de\/#organization"},"potentialAction":[{"@type":"SearchAction","target":{"@type":"EntryPoint","urlTemplate":"https:\/\/www.kontinenzzentrum.ch\/de\/?s={search_term_string}"},"query-input":{"@type":"PropertyValueSpecification","valueRequired":true,"valueName":"search_term_string"}}],"inLanguage":"de"},{"@type":"Organization","@id":"https:\/\/www.kontinenzzentrum.ch\/de\/#organization","name":"KontinenzZentrum Hirslanden Z\u00fcrich","url":"https:\/\/www.kontinenzzentrum.ch\/de\/","logo":{"@type":"ImageObject","inLanguage":"de","@id":"https:\/\/www.kontinenzzentrum.ch\/de\/#\/schema\/logo\/image\/","url":"https:\/\/www.kontinenzzentrum.ch\/wp-content\/uploads\/Logo_KontinenzZentrum.png","contentUrl":"https:\/\/www.kontinenzzentrum.ch\/wp-content\/uploads\/Logo_KontinenzZentrum.png","width":800,"height":142,"caption":"KontinenzZentrum Hirslanden Z\u00fcrich"},"image":{"@id":"https:\/\/www.kontinenzzentrum.ch\/de\/#\/schema\/logo\/image\/"}}]}},"_links":{"self":[{"href":"https:\/\/www.kontinenzzentrum.ch\/de\/wp-json\/wp\/v2\/pages\/1837","targetHints":{"allow":["GET"]}}],"collection":[{"href":"https:\/\/www.kontinenzzentrum.ch\/de\/wp-json\/wp\/v2\/pages"}],"about":[{"href":"https:\/\/www.kontinenzzentrum.ch\/de\/wp-json\/wp\/v2\/types\/page"}],"author":[{"embeddable":true,"href":"https:\/\/www.kontinenzzentrum.ch\/de\/wp-json\/wp\/v2\/users\/1"}],"replies":[{"embeddable":true,"href":"https:\/\/www.kontinenzzentrum.ch\/de\/wp-json\/wp\/v2\/comments?post=1837"}],"version-history":[{"count":6,"href":"https:\/\/www.kontinenzzentrum.ch\/de\/wp-json\/wp\/v2\/pages\/1837\/revisions"}],"predecessor-version":[{"id":4221,"href":"https:\/\/www.kontinenzzentrum.ch\/de\/wp-json\/wp\/v2\/pages\/1837\/revisions\/4221"}],"up":[{"embeddable":true,"href":"https:\/\/www.kontinenzzentrum.ch\/de\/wp-json\/wp\/v2\/pages\/1797"}],"wp:featuredmedia":[{"embeddable":true,"href":"https:\/\/www.kontinenzzentrum.ch\/de\/wp-json\/wp\/v2\/media\/1592"}],"wp:attachment":[{"href":"https:\/\/www.kontinenzzentrum.ch\/de\/wp-json\/wp\/v2\/media?parent=1837"}],"curies":[{"name":"wp","href":"https:\/\/api.w.org\/{rel}","templated":true}]}}