{"id":1849,"date":"2023-03-06T13:14:50","date_gmt":"2023-03-06T12:14:50","guid":{"rendered":"https:\/\/www.kontinenzzentrum.ch\/?page_id=1849"},"modified":"2025-12-02T14:13:49","modified_gmt":"2025-12-02T13:13:49","slug":"zweitmeinung","status":"publish","type":"page","link":"https:\/\/www.kontinenzzentrum.ch\/de\/untersuchung-und-therapie\/zweitmeinung.html","title":{"rendered":"Zweitmeinung"},"content":{"rendered":"<div id=\"pl-1849\"  class=\"panel-layout\" ><div id=\"pg-1849-0\"  class=\"panel-grid panel-no-style\" ><div id=\"pgc-1849-0-0\"  class=\"panel-grid-cell\" ><div id=\"panel-1849-0-0-0\" class=\"so-panel widget widget_sow-editor panel-first-child panel-last-child\" data-index=\"0\" ><div\n\t\t\t\n\t\t\tclass=\"so-widget-sow-editor so-widget-sow-editor-base\"\n\t\t\t\n\t\t>\n<div class=\"siteorigin-widget-tinymce textwidget\">\n\t<h1>Zweitmeinung<\/h1>\n<h2>Profitieren Sie von unserer Expertise<\/h2>\n<p><img decoding=\"async\" class=\"alignright\" title=\"Profitieren Sie von unserer Expertise\" src=\"https:\/\/www.kontinenzzentrum.ch\/wp-content\/uploads\/ressourcen.jpeg\" alt=\"Profitieren Sie von unserer Expertise\" width=\"477\" height=\"317\" \/><br \/>\nVor dem Hintergrund einer Erkrankung des Nervensystems, nach einer Operation oder wenn bisher angewendete Therapieverfahren nicht erfolgreich waren, kann die Beurteilung und Behandlung einer Harntraktfunktionsst\u00f6rung oder einer Harninkontinenz kompliziert sein.<\/p>\n<p>In einer Zweitmeinungs-Konsultation haben Sie die M\u00f6glichkeit, Ihre Beschwerden oder Erkrankungen aus unserer Perspektive begutachten zu lassen. Hierbei profitieren Sie von unser langj\u00e4hrigen fach\u00e4rztlichen Erfahrungin den Bereichen und von unserer international anerkannten wissenschaftlichen Expertise. Nach der Begutachtung der Vorbefunde beraten wir sie gerne ausf\u00fchrlich zu den M\u00f6glichkeiten einer weiteren Abkl\u00e4rung und Behandlung Ihres Problems.<\/p>\n<p>Ergibt sich aus der Konsultation weiterer Abkl\u00e4rungsbedarf, so k\u00f6nnen die notwendigen Untersuchungen rasch und unkompliziert in unserem Zentrum durchgef\u00fchrt werden, so etwa die urodynamische Funktionsdiagnostik des Harntraktes einschliesslich Ultraschall, R\u00f6ntgen und Endoskopie oder die neurophysiologischen Messung der Nervenbahnen des R\u00fcckenmarks und des Beckens.<\/p>\n<p>Vor dem Hintergrund unserer langj\u00e4hrigen klinischen und wissenschaftlichen Erfahrungen erhalten Sie von uns ausschliesslich Therapieempfehlungen, f\u00fcr die es eine ausreichende wissenschaftliche Evidenz gibt bzw. die in Leitlinien der internationalen Fachgesellschaften aufgef\u00fchrt sind. Unsere Zweitmeinung soll Ihnen helfen, die f\u00fcr Sie in Frage kommenden Behandlungsoptionen mit ihren M\u00f6glichkeiten und Grenzen angemessen einzusch\u00e4tzen und den Entscheidungsprozess f\u00fcr oder gegen eine Therapie aktiv mitzugestalten.<\/p>\n<p>Patienten aus dem Ausland oder mit langem Anfahrtsweg k\u00f6nnen wir den Service einer Zweitmeinungs-Konsultation nach Aktenlage anbieten. Liegen alle f\u00fcr eine Beurteilung n\u00f6tigen Befunde in ausreichender Qualit\u00e4t vor, so senden wir Ihnen gerne eine ausf\u00fchrliche schriftliche Beurteilung zu. Wir sprechen deutsch, englisch, franz\u00f6sisch und italienisch. Gerne k\u00f6nnen wir Ihnen nach Absprache einen professionellen Dolmetscher f\u00fcr weitere Sprachen zur Verf\u00fcgung stellen.<\/p>\n<\/div>\n<\/div><\/div><\/div><\/div><div id=\"pg-1849-1\"  class=\"panel-grid panel-no-style\" ><div id=\"pgc-1849-1-0\"  class=\"panel-grid-cell\" ><div id=\"panel-1849-1-0-0\" class=\"so-panel widget widget_fn-info-box-widget panel-first-child panel-last-child\" data-index=\"1\" ><div\n\t\t\t\n\t\t\tclass=\"so-widget-fn-info-box-widget so-widget-fn-info-box-widget-base\"\n\t\t\t\n\t\t><div class=\"uk-child-width-1-1 uk-grid-match\" uk-grid><div>\n        <div class=\"fn-info-box-title\">\n          <div class=\"uk-grid-small\" uk-grid>            <div class=\"uk-width-auto\"><img decoding=\"async\" src=\"https:\/\/www.kontinenzzentrum.ch\/wp-content\/uploads\/ICON_achtung.svg\" class=\"attachment-small size-small\" alt=\"\" \/>            <\/div>            <div class=\"uk-width-expand\">\n              <h4 class=\"uk-h3\">Sie m\u00f6chten eine Zweitmeinung einholen?<\/h4>\n            <\/div>\n          <\/div>\n        <\/div>\n        <div class=\"fn-info-box-content\">\n              <p>Eine Zweitmeinung hilft Ihnen, die Behandlungsoptionen mit ihren M\u00f6glichkeiten und Grenzen realistisch einzusch\u00e4tzen. Wir pr\u00fcfen Ihre Situation unabh\u00e4ngig, ordnen Befunde und Therapieoptionen ein und helfen Ihnen, die n\u00e4chsten Schritte sicher zu planen. Nehmen Sie Kontakt auf, dann kl\u00e4ren wir das Vorgehen und die ben\u00f6tigten Unterlagen.<\/p>\n<p><div class=\"uk-flex uk-child-width-auto uk-grid-small\" uk-grid><div><a class=\"uk-button uk-button-primary\" href=\"tel:+41443872910\"><i class=\"fas fa-phone-alt uk-margin-small-right\"><\/i>+41 44 387 29 10<\/a><\/div><div><a class=\"uk-button uk-button-primary\" href=\"https:\/\/www.kontinenzzentrum.ch\/de\/ueber-uns\/termin.html\"><i class=\"fas fa-comments uk-margin-small-right\"><\/i>Online Terminvereinbarung<\/a><\/div><\/div><\/p>\n        <\/div>\n      <\/div><\/div><\/div><\/div><\/div><\/div><\/div>","protected":false},"excerpt":{"rendered":"<p>Zweitmeinung Profitieren Sie von unserer Expertise Vor dem Hintergrund einer Erkrankung des Nervensystems, nach einer Operation oder wenn bisher angewendete Therapieverfahren nicht erfolgreich waren, kann die Beurteilung und Behandlung einer Harntraktfunktionsst\u00f6rung oder einer Harninkontinenz kompliziert sein. In einer Zweitmeinungs-Konsultation haben Sie die M\u00f6glichkeit, Ihre Beschwerden oder Erkrankungen aus unserer Perspektive begutachten zu lassen. Hierbei profitieren [&hellip;]<\/p>\n","protected":false},"author":1,"featured_media":453,"parent":1308,"menu_order":0,"comment_status":"closed","ping_status":"closed","template":"","meta":{"_acf_changed":false,"footnotes":""},"class_list":["post-1849","page","type-page","status-publish","has-post-thumbnail","hentry"],"acf":[],"yoast_head":"<!-- This site is optimized with the Yoast SEO plugin v26.9 - https:\/\/yoast.com\/product\/yoast-seo-wordpress\/ -->\n<title>Zweitmeinung<\/title>\n<meta name=\"robots\" content=\"index, follow, max-snippet:-1, max-image-preview:large, max-video-preview:-1\" \/>\n<link rel=\"canonical\" href=\"https:\/\/www.kontinenzzentrum.ch\/de\/untersuchung-und-therapie\/zweitmeinung.html\" \/>\n<meta property=\"og:locale\" content=\"de_DE\" \/>\n<meta property=\"og:type\" content=\"article\" \/>\n<meta property=\"og:title\" content=\"Zweitmeinung\" \/>\n<meta property=\"og:description\" content=\"Zweitmeinung Profitieren Sie von unserer Expertise Vor dem Hintergrund einer Erkrankung des Nervensystems, nach einer Operation oder wenn bisher angewendete Therapieverfahren nicht erfolgreich waren, kann die Beurteilung und Behandlung einer Harntraktfunktionsst\u00f6rung oder einer Harninkontinenz kompliziert sein. In einer Zweitmeinungs-Konsultation haben Sie die M\u00f6glichkeit, Ihre Beschwerden oder Erkrankungen aus unserer Perspektive begutachten zu lassen. Hierbei profitieren [&hellip;]\" \/>\n<meta property=\"og:url\" content=\"https:\/\/www.kontinenzzentrum.ch\/de\/untersuchung-und-therapie\/zweitmeinung.html\" \/>\n<meta property=\"og:site_name\" content=\"KontinenzZentrum\" \/>\n<meta property=\"article:modified_time\" content=\"2025-12-02T13:13:49+00:00\" \/>\n<meta property=\"og:image\" content=\"https:\/\/www.kontinenzzentrum.ch\/wp-content\/uploads\/kompetenz-inkontinenz-212980.jpeg\" \/>\n\t<meta property=\"og:image:width\" content=\"1920\" \/>\n\t<meta property=\"og:image:height\" content=\"450\" \/>\n\t<meta property=\"og:image:type\" content=\"image\/jpeg\" \/>\n<meta name=\"twitter:card\" content=\"summary_large_image\" \/>\n<meta name=\"twitter:label1\" content=\"Gesch\u00e4tzte Lesezeit\" \/>\n\t<meta name=\"twitter:data1\" content=\"3\u00a0Minuten\" \/>\n<script type=\"application\/ld+json\" class=\"yoast-schema-graph\">{\"@context\":\"https:\/\/schema.org\",\"@graph\":[{\"@type\":\"WebPage\",\"@id\":\"https:\/\/www.kontinenzzentrum.ch\/de\/untersuchung-und-therapie\/zweitmeinung.html\",\"url\":\"https:\/\/www.kontinenzzentrum.ch\/de\/untersuchung-und-therapie\/zweitmeinung.html\",\"name\":\"Zweitmeinung\",\"isPartOf\":{\"@id\":\"https:\/\/www.kontinenzzentrum.ch\/de\/#website\"},\"primaryImageOfPage\":{\"@id\":\"https:\/\/www.kontinenzzentrum.ch\/de\/untersuchung-und-therapie\/zweitmeinung.html#primaryimage\"},\"image\":{\"@id\":\"https:\/\/www.kontinenzzentrum.ch\/de\/untersuchung-und-therapie\/zweitmeinung.html#primaryimage\"},\"thumbnailUrl\":\"https:\/\/www.kontinenzzentrum.ch\/wp-content\/uploads\/kompetenz-inkontinenz-212980.jpeg\",\"datePublished\":\"2023-03-06T12:14:50+00:00\",\"dateModified\":\"2025-12-02T13:13:49+00:00\",\"breadcrumb\":{\"@id\":\"https:\/\/www.kontinenzzentrum.ch\/de\/untersuchung-und-therapie\/zweitmeinung.html#breadcrumb\"},\"inLanguage\":\"de\",\"potentialAction\":[{\"@type\":\"ReadAction\",\"target\":[\"https:\/\/www.kontinenzzentrum.ch\/de\/untersuchung-und-therapie\/zweitmeinung.html\"]}]},{\"@type\":\"ImageObject\",\"inLanguage\":\"de\",\"@id\":\"https:\/\/www.kontinenzzentrum.ch\/de\/untersuchung-und-therapie\/zweitmeinung.html#primaryimage\",\"url\":\"https:\/\/www.kontinenzzentrum.ch\/wp-content\/uploads\/kompetenz-inkontinenz-212980.jpeg\",\"contentUrl\":\"https:\/\/www.kontinenzzentrum.ch\/wp-content\/uploads\/kompetenz-inkontinenz-212980.jpeg\",\"width\":1920,\"height\":450},{\"@type\":\"BreadcrumbList\",\"@id\":\"https:\/\/www.kontinenzzentrum.ch\/de\/untersuchung-und-therapie\/zweitmeinung.html#breadcrumb\",\"itemListElement\":[{\"@type\":\"ListItem\",\"position\":1,\"name\":\"Startseite\",\"item\":\"https:\/\/www.kontinenzzentrum.ch\/de\"},{\"@type\":\"ListItem\",\"position\":2,\"name\":\"Untersuchung &#038; Therapie\",\"item\":\"https:\/\/www.kontinenzzentrum.ch\/de\/untersuchung-und-therapie.html\"},{\"@type\":\"ListItem\",\"position\":3,\"name\":\"Zweitmeinung\"}]},{\"@type\":\"WebSite\",\"@id\":\"https:\/\/www.kontinenzzentrum.ch\/de\/#website\",\"url\":\"https:\/\/www.kontinenzzentrum.ch\/de\/\",\"name\":\"KontinenzZentrum Hirslanden Z\u00fcrich\",\"description\":\"KontinenzZentrum Hirslanden Z\u00fcrich: Blasenst\u00f6rungen & Inkontinenz\",\"publisher\":{\"@id\":\"https:\/\/www.kontinenzzentrum.ch\/de\/#organization\"},\"potentialAction\":[{\"@type\":\"SearchAction\",\"target\":{\"@type\":\"EntryPoint\",\"urlTemplate\":\"https:\/\/www.kontinenzzentrum.ch\/de\/?s={search_term_string}\"},\"query-input\":{\"@type\":\"PropertyValueSpecification\",\"valueRequired\":true,\"valueName\":\"search_term_string\"}}],\"inLanguage\":\"de\"},{\"@type\":\"Organization\",\"@id\":\"https:\/\/www.kontinenzzentrum.ch\/de\/#organization\",\"name\":\"KontinenzZentrum Hirslanden Z\u00fcrich\",\"url\":\"https:\/\/www.kontinenzzentrum.ch\/de\/\",\"logo\":{\"@type\":\"ImageObject\",\"inLanguage\":\"de\",\"@id\":\"https:\/\/www.kontinenzzentrum.ch\/de\/#\/schema\/logo\/image\/\",\"url\":\"https:\/\/www.kontinenzzentrum.ch\/wp-content\/uploads\/Logo_KontinenzZentrum.png\",\"contentUrl\":\"https:\/\/www.kontinenzzentrum.ch\/wp-content\/uploads\/Logo_KontinenzZentrum.png\",\"width\":800,\"height\":142,\"caption\":\"KontinenzZentrum Hirslanden Z\u00fcrich\"},\"image\":{\"@id\":\"https:\/\/www.kontinenzzentrum.ch\/de\/#\/schema\/logo\/image\/\"}}]}<\/script>\n<!-- \/ Yoast SEO plugin. -->","yoast_head_json":{"title":"Zweitmeinung","robots":{"index":"index","follow":"follow","max-snippet":"max-snippet:-1","max-image-preview":"max-image-preview:large","max-video-preview":"max-video-preview:-1"},"canonical":"https:\/\/www.kontinenzzentrum.ch\/de\/untersuchung-und-therapie\/zweitmeinung.html","og_locale":"de_DE","og_type":"article","og_title":"Zweitmeinung","og_description":"Zweitmeinung Profitieren Sie von unserer Expertise Vor dem Hintergrund einer Erkrankung des Nervensystems, nach einer Operation oder wenn bisher angewendete Therapieverfahren nicht erfolgreich waren, kann die Beurteilung und Behandlung einer Harntraktfunktionsst\u00f6rung oder einer Harninkontinenz kompliziert sein. In einer Zweitmeinungs-Konsultation haben Sie die M\u00f6glichkeit, Ihre Beschwerden oder Erkrankungen aus unserer Perspektive begutachten zu lassen. Hierbei profitieren [&hellip;]","og_url":"https:\/\/www.kontinenzzentrum.ch\/de\/untersuchung-und-therapie\/zweitmeinung.html","og_site_name":"KontinenzZentrum","article_modified_time":"2025-12-02T13:13:49+00:00","og_image":[{"width":1920,"height":450,"url":"https:\/\/www.kontinenzzentrum.ch\/wp-content\/uploads\/kompetenz-inkontinenz-212980.jpeg","type":"image\/jpeg"}],"twitter_card":"summary_large_image","twitter_misc":{"Gesch\u00e4tzte Lesezeit":"3\u00a0Minuten"},"schema":{"@context":"https:\/\/schema.org","@graph":[{"@type":"WebPage","@id":"https:\/\/www.kontinenzzentrum.ch\/de\/untersuchung-und-therapie\/zweitmeinung.html","url":"https:\/\/www.kontinenzzentrum.ch\/de\/untersuchung-und-therapie\/zweitmeinung.html","name":"Zweitmeinung","isPartOf":{"@id":"https:\/\/www.kontinenzzentrum.ch\/de\/#website"},"primaryImageOfPage":{"@id":"https:\/\/www.kontinenzzentrum.ch\/de\/untersuchung-und-therapie\/zweitmeinung.html#primaryimage"},"image":{"@id":"https:\/\/www.kontinenzzentrum.ch\/de\/untersuchung-und-therapie\/zweitmeinung.html#primaryimage"},"thumbnailUrl":"https:\/\/www.kontinenzzentrum.ch\/wp-content\/uploads\/kompetenz-inkontinenz-212980.jpeg","datePublished":"2023-03-06T12:14:50+00:00","dateModified":"2025-12-02T13:13:49+00:00","breadcrumb":{"@id":"https:\/\/www.kontinenzzentrum.ch\/de\/untersuchung-und-therapie\/zweitmeinung.html#breadcrumb"},"inLanguage":"de","potentialAction":[{"@type":"ReadAction","target":["https:\/\/www.kontinenzzentrum.ch\/de\/untersuchung-und-therapie\/zweitmeinung.html"]}]},{"@type":"ImageObject","inLanguage":"de","@id":"https:\/\/www.kontinenzzentrum.ch\/de\/untersuchung-und-therapie\/zweitmeinung.html#primaryimage","url":"https:\/\/www.kontinenzzentrum.ch\/wp-content\/uploads\/kompetenz-inkontinenz-212980.jpeg","contentUrl":"https:\/\/www.kontinenzzentrum.ch\/wp-content\/uploads\/kompetenz-inkontinenz-212980.jpeg","width":1920,"height":450},{"@type":"BreadcrumbList","@id":"https:\/\/www.kontinenzzentrum.ch\/de\/untersuchung-und-therapie\/zweitmeinung.html#breadcrumb","itemListElement":[{"@type":"ListItem","position":1,"name":"Startseite","item":"https:\/\/www.kontinenzzentrum.ch\/de"},{"@type":"ListItem","position":2,"name":"Untersuchung &#038; Therapie","item":"https:\/\/www.kontinenzzentrum.ch\/de\/untersuchung-und-therapie.html"},{"@type":"ListItem","position":3,"name":"Zweitmeinung"}]},{"@type":"WebSite","@id":"https:\/\/www.kontinenzzentrum.ch\/de\/#website","url":"https:\/\/www.kontinenzzentrum.ch\/de\/","name":"KontinenzZentrum Hirslanden Z\u00fcrich","description":"KontinenzZentrum Hirslanden Z\u00fcrich: Blasenst\u00f6rungen & Inkontinenz","publisher":{"@id":"https:\/\/www.kontinenzzentrum.ch\/de\/#organization"},"potentialAction":[{"@type":"SearchAction","target":{"@type":"EntryPoint","urlTemplate":"https:\/\/www.kontinenzzentrum.ch\/de\/?s={search_term_string}"},"query-input":{"@type":"PropertyValueSpecification","valueRequired":true,"valueName":"search_term_string"}}],"inLanguage":"de"},{"@type":"Organization","@id":"https:\/\/www.kontinenzzentrum.ch\/de\/#organization","name":"KontinenzZentrum Hirslanden Z\u00fcrich","url":"https:\/\/www.kontinenzzentrum.ch\/de\/","logo":{"@type":"ImageObject","inLanguage":"de","@id":"https:\/\/www.kontinenzzentrum.ch\/de\/#\/schema\/logo\/image\/","url":"https:\/\/www.kontinenzzentrum.ch\/wp-content\/uploads\/Logo_KontinenzZentrum.png","contentUrl":"https:\/\/www.kontinenzzentrum.ch\/wp-content\/uploads\/Logo_KontinenzZentrum.png","width":800,"height":142,"caption":"KontinenzZentrum Hirslanden Z\u00fcrich"},"image":{"@id":"https:\/\/www.kontinenzzentrum.ch\/de\/#\/schema\/logo\/image\/"}}]}},"_links":{"self":[{"href":"https:\/\/www.kontinenzzentrum.ch\/de\/wp-json\/wp\/v2\/pages\/1849","targetHints":{"allow":["GET"]}}],"collection":[{"href":"https:\/\/www.kontinenzzentrum.ch\/de\/wp-json\/wp\/v2\/pages"}],"about":[{"href":"https:\/\/www.kontinenzzentrum.ch\/de\/wp-json\/wp\/v2\/types\/page"}],"author":[{"embeddable":true,"href":"https:\/\/www.kontinenzzentrum.ch\/de\/wp-json\/wp\/v2\/users\/1"}],"replies":[{"embeddable":true,"href":"https:\/\/www.kontinenzzentrum.ch\/de\/wp-json\/wp\/v2\/comments?post=1849"}],"version-history":[{"count":6,"href":"https:\/\/www.kontinenzzentrum.ch\/de\/wp-json\/wp\/v2\/pages\/1849\/revisions"}],"predecessor-version":[{"id":4793,"href":"https:\/\/www.kontinenzzentrum.ch\/de\/wp-json\/wp\/v2\/pages\/1849\/revisions\/4793"}],"up":[{"embeddable":true,"href":"https:\/\/www.kontinenzzentrum.ch\/de\/wp-json\/wp\/v2\/pages\/1308"}],"wp:featuredmedia":[{"embeddable":true,"href":"https:\/\/www.kontinenzzentrum.ch\/de\/wp-json\/wp\/v2\/media\/453"}],"wp:attachment":[{"href":"https:\/\/www.kontinenzzentrum.ch\/de\/wp-json\/wp\/v2\/media?parent=1849"}],"curies":[{"name":"wp","href":"https:\/\/api.w.org\/{rel}","templated":true}]}}