{"id":1942,"date":"2023-03-09T14:02:55","date_gmt":"2023-03-09T13:02:55","guid":{"rendered":"https:\/\/www.kontinenzzentrum.ch\/?page_id=1942"},"modified":"2023-11-27T12:40:22","modified_gmt":"2023-11-27T11:40:22","slug":"medien","status":"publish","type":"page","link":"https:\/\/www.kontinenzzentrum.ch\/de\/medien.html","title":{"rendered":"Medien"},"content":{"rendered":"<div id=\"pl-1942\"  class=\"panel-layout\" ><div id=\"pg-1942-0\"  class=\"panel-grid panel-no-style\" ><div id=\"pgc-1942-0-0\"  class=\"panel-grid-cell\" ><div id=\"panel-1942-0-0-0\" class=\"so-panel widget widget_sow-editor panel-first-child panel-last-child\" data-index=\"0\" ><div\n\t\t\t\n\t\t\tclass=\"so-widget-sow-editor so-widget-sow-editor-base\"\n\t\t\t\n\t\t>\n<div class=\"siteorigin-widget-tinymce textwidget\">\n\t<h1>Medien des Kontinenzzentrum Hirslanden<\/h1>\n<h2>Hirslanden Fachartikel 01.11.2023<\/h2>\n<h3>M\u00e4nnergesundheit - auf Warnsignale des K\u00f6rpers achten<\/h3>\n<h4>Herr Prof. Dr. med. Andr\u00e9 Reitz<\/h4>\n<p>Das Risiko suchen, exzessiv leben, Pr\u00e4vention ignorieren, Vorsorge meiden und bei Beschwerden z\u00f6gerlich Rat beim Arzt suchen \u2013 Wesensmerkmale von M\u00e4nnern, wenn es um ihre Gesundheit geht. In Sachen Gesundheit aber in jedem Alter auf Kurs zu bleiben, das gilt auch und gerade f\u00fcr die M\u00e4nner.<\/p>\n<p>Im Interview f\u00fcr den Hirslanden Blog erl\u00e4utert \u00a0Prof. Dr. Andr\u00e9 Reitz, Facharzt f\u00fcr Urologie im KontinenzZentrum Hirslanden, die wichtigsten Warnsignale auf die Mann zum Wohle seiner Gesundheit achten sollte.<\/p>\n<p><em><a href=\"https:\/\/www.hirslanden.ch\/de\/corporate\/publications\/hirslanden-fachartikel\/maennergesundheit-warnsignale.html\">Lesen Sie mehr<\/a><\/em><\/p>\n<\/div>\n<\/div><\/div><\/div><div id=\"pgc-1942-0-1\"  class=\"panel-grid-cell\" ><div id=\"panel-1942-0-1-0\" class=\"so-panel widget widget_fn-image-text-widget panel-first-child panel-last-child\" data-index=\"1\" ><div\n\t\t\t\n\t\t\tclass=\"so-widget-fn-image-text-widget so-widget-fn-image-text-widget-base\"\n\t\t\t\n\t\t><div class=\"uk-child-width-1-1 uk-child-width-1-1@s uk-child-width-1-1@m uk-grid-match\" uk-grid><div><div class=\"uk-card-media-top\">\n                <img decoding=\"async\" width=\"2048\" height=\"1365\" src=\"https:\/\/www.kontinenzzentrum.ch\/wp-content\/uploads\/AdobeStock_91479891.jpeg\" class=\"attachment-full size-full\" alt=\"M\u00e4nnergesundheit, Warnsignale des K\u00f6rpers, Gesundheit, Mann\" srcset=\"https:\/\/www.kontinenzzentrum.ch\/wp-content\/uploads\/AdobeStock_91479891.jpeg 2048w, https:\/\/www.kontinenzzentrum.ch\/wp-content\/uploads\/AdobeStock_91479891-300x200.jpeg 300w, https:\/\/www.kontinenzzentrum.ch\/wp-content\/uploads\/AdobeStock_91479891-1024x683.jpeg 1024w, https:\/\/www.kontinenzzentrum.ch\/wp-content\/uploads\/AdobeStock_91479891-768x512.jpeg 768w, https:\/\/www.kontinenzzentrum.ch\/wp-content\/uploads\/AdobeStock_91479891-1536x1024.jpeg 1536w\" sizes=\"(max-width: 2048px) 100vw, 2048px\" \/>            <\/div><div class=\"fn-text-image uk-background-muted\">\n              <p>\"Ein Mann muss tun, was ein Mann tun muss f\u00fcr seine Gesundheit: die Warnsignale des K\u00f6rpers kennen, ernst nehmen und im Falle eines Falles z\u00fcgig \u00e4rztlichen Rat einholen.\"<\/p>\n          <\/div>\n      <\/div><\/div><\/div><\/div><\/div><\/div><div id=\"pg-1942-1\"  class=\"panel-grid panel-has-style\" ><div class=\"fn-lines panel-row-style panel-row-style-for-1942-1\" ><div id=\"pgc-1942-1-0\"  class=\"panel-grid-cell\" ><div id=\"panel-1942-1-0-0\" class=\"so-panel widget widget_sow-editor panel-first-child panel-last-child\" data-index=\"2\" ><div\n\t\t\t\n\t\t\tclass=\"so-widget-sow-editor so-widget-sow-editor-base\"\n\t\t\t\n\t\t>\n<div class=\"siteorigin-widget-tinymce textwidget\">\n\t<h4>Weitere Medieninhalte finden Sie hier:<\/h4>\n<ul class=\"rex-navi1 rex-navi-depth-1 rex-navi-has-3-elements\">\n<li class=\"rex-article-17 rex-normal\"><a class=\"\" href=\"https:\/\/www.kontinenzzentrum.ch\/de\/medien\/videos.html\">Videos<\/a><\/li>\n<li class=\"rex-article-16 rex-normal\"><a class=\"\" href=\"https:\/\/www.kontinenzzentrum.ch\/de\/medien\/buecher.html\">B\u00fccher<\/a><\/li>\n<li class=\"rex-article-165 rex-normal\"><a class=\"\" href=\"https:\/\/www.kontinenzzentrum.ch\/de\/medien\/medienpraesenz.html\">Medienpr\u00e4senz<\/a><\/li>\n<\/ul>\n<\/div>\n<\/div><\/div><\/div><\/div><\/div><\/div>","protected":false},"excerpt":{"rendered":"<p>Medien des Kontinenzzentrum Hirslanden Hirslanden Fachartikel 01.11.2023 M\u00e4nnergesundheit - auf Warnsignale des K\u00f6rpers achten Herr Prof. Dr. med. Andr\u00e9 Reitz Das Risiko suchen, exzessiv leben, Pr\u00e4vention ignorieren, Vorsorge meiden und bei Beschwerden z\u00f6gerlich Rat beim Arzt suchen \u2013 Wesensmerkmale von M\u00e4nnern, wenn es um ihre Gesundheit geht. In Sachen Gesundheit aber in jedem Alter auf [&hellip;]<\/p>\n","protected":false},"author":1,"featured_media":404,"parent":0,"menu_order":0,"comment_status":"closed","ping_status":"closed","template":"","meta":{"_acf_changed":false,"footnotes":""},"class_list":["post-1942","page","type-page","status-publish","has-post-thumbnail","hentry"],"acf":[],"yoast_head":"<!-- This site is optimized with the Yoast SEO plugin v26.9 - https:\/\/yoast.com\/product\/yoast-seo-wordpress\/ -->\n<title>Medien<\/title>\n<meta name=\"robots\" content=\"index, follow, max-snippet:-1, max-image-preview:large, max-video-preview:-1\" \/>\n<link rel=\"canonical\" href=\"https:\/\/www.kontinenzzentrum.ch\/de\/medien.html\" \/>\n<meta property=\"og:locale\" content=\"de_DE\" \/>\n<meta property=\"og:type\" content=\"article\" \/>\n<meta property=\"og:title\" content=\"Medien\" \/>\n<meta property=\"og:description\" content=\"Medien des Kontinenzzentrum Hirslanden Hirslanden Fachartikel 01.11.2023 M\u00e4nnergesundheit - auf Warnsignale des K\u00f6rpers achten Herr Prof. Dr. med. Andr\u00e9 Reitz Das Risiko suchen, exzessiv leben, Pr\u00e4vention ignorieren, Vorsorge meiden und bei Beschwerden z\u00f6gerlich Rat beim Arzt suchen \u2013 Wesensmerkmale von M\u00e4nnern, wenn es um ihre Gesundheit geht. In Sachen Gesundheit aber in jedem Alter auf [&hellip;]\" \/>\n<meta property=\"og:url\" content=\"https:\/\/www.kontinenzzentrum.ch\/de\/medien.html\" \/>\n<meta property=\"og:site_name\" content=\"KontinenzZentrum\" \/>\n<meta property=\"article:modified_time\" content=\"2023-11-27T11:40:22+00:00\" \/>\n<meta property=\"og:image\" content=\"https:\/\/www.kontinenzzentrum.ch\/wp-content\/uploads\/kompetenz-maennergesundheit-10220.jpeg\" \/>\n\t<meta property=\"og:image:width\" content=\"1920\" \/>\n\t<meta property=\"og:image:height\" content=\"450\" \/>\n\t<meta property=\"og:image:type\" content=\"image\/jpeg\" \/>\n<meta name=\"twitter:card\" content=\"summary_large_image\" \/>\n<meta name=\"twitter:label1\" content=\"Gesch\u00e4tzte Lesezeit\" \/>\n\t<meta name=\"twitter:data1\" content=\"1\u00a0Minute\" \/>\n<script type=\"application\/ld+json\" class=\"yoast-schema-graph\">{\"@context\":\"https:\/\/schema.org\",\"@graph\":[{\"@type\":\"WebPage\",\"@id\":\"https:\/\/www.kontinenzzentrum.ch\/de\/medien.html\",\"url\":\"https:\/\/www.kontinenzzentrum.ch\/de\/medien.html\",\"name\":\"Medien\",\"isPartOf\":{\"@id\":\"https:\/\/www.kontinenzzentrum.ch\/de\/#website\"},\"primaryImageOfPage\":{\"@id\":\"https:\/\/www.kontinenzzentrum.ch\/de\/medien.html#primaryimage\"},\"image\":{\"@id\":\"https:\/\/www.kontinenzzentrum.ch\/de\/medien.html#primaryimage\"},\"thumbnailUrl\":\"https:\/\/www.kontinenzzentrum.ch\/wp-content\/uploads\/kompetenz-maennergesundheit-10220.jpeg\",\"datePublished\":\"2023-03-09T13:02:55+00:00\",\"dateModified\":\"2023-11-27T11:40:22+00:00\",\"breadcrumb\":{\"@id\":\"https:\/\/www.kontinenzzentrum.ch\/de\/medien.html#breadcrumb\"},\"inLanguage\":\"de\",\"potentialAction\":[{\"@type\":\"ReadAction\",\"target\":[\"https:\/\/www.kontinenzzentrum.ch\/de\/medien.html\"]}]},{\"@type\":\"ImageObject\",\"inLanguage\":\"de\",\"@id\":\"https:\/\/www.kontinenzzentrum.ch\/de\/medien.html#primaryimage\",\"url\":\"https:\/\/www.kontinenzzentrum.ch\/wp-content\/uploads\/kompetenz-maennergesundheit-10220.jpeg\",\"contentUrl\":\"https:\/\/www.kontinenzzentrum.ch\/wp-content\/uploads\/kompetenz-maennergesundheit-10220.jpeg\",\"width\":1920,\"height\":450},{\"@type\":\"BreadcrumbList\",\"@id\":\"https:\/\/www.kontinenzzentrum.ch\/de\/medien.html#breadcrumb\",\"itemListElement\":[{\"@type\":\"ListItem\",\"position\":1,\"name\":\"Startseite\",\"item\":\"https:\/\/www.kontinenzzentrum.ch\/de\"},{\"@type\":\"ListItem\",\"position\":2,\"name\":\"Medien\"}]},{\"@type\":\"WebSite\",\"@id\":\"https:\/\/www.kontinenzzentrum.ch\/de\/#website\",\"url\":\"https:\/\/www.kontinenzzentrum.ch\/de\/\",\"name\":\"KontinenzZentrum Hirslanden Z\u00fcrich\",\"description\":\"KontinenzZentrum Hirslanden Z\u00fcrich: Blasenst\u00f6rungen & Inkontinenz\",\"publisher\":{\"@id\":\"https:\/\/www.kontinenzzentrum.ch\/de\/#organization\"},\"potentialAction\":[{\"@type\":\"SearchAction\",\"target\":{\"@type\":\"EntryPoint\",\"urlTemplate\":\"https:\/\/www.kontinenzzentrum.ch\/de\/?s={search_term_string}\"},\"query-input\":{\"@type\":\"PropertyValueSpecification\",\"valueRequired\":true,\"valueName\":\"search_term_string\"}}],\"inLanguage\":\"de\"},{\"@type\":\"Organization\",\"@id\":\"https:\/\/www.kontinenzzentrum.ch\/de\/#organization\",\"name\":\"KontinenzZentrum Hirslanden Z\u00fcrich\",\"url\":\"https:\/\/www.kontinenzzentrum.ch\/de\/\",\"logo\":{\"@type\":\"ImageObject\",\"inLanguage\":\"de\",\"@id\":\"https:\/\/www.kontinenzzentrum.ch\/de\/#\/schema\/logo\/image\/\",\"url\":\"https:\/\/www.kontinenzzentrum.ch\/wp-content\/uploads\/Logo_KontinenzZentrum.png\",\"contentUrl\":\"https:\/\/www.kontinenzzentrum.ch\/wp-content\/uploads\/Logo_KontinenzZentrum.png\",\"width\":800,\"height\":142,\"caption\":\"KontinenzZentrum Hirslanden Z\u00fcrich\"},\"image\":{\"@id\":\"https:\/\/www.kontinenzzentrum.ch\/de\/#\/schema\/logo\/image\/\"}}]}<\/script>\n<!-- \/ Yoast SEO plugin. -->","yoast_head_json":{"title":"Medien","robots":{"index":"index","follow":"follow","max-snippet":"max-snippet:-1","max-image-preview":"max-image-preview:large","max-video-preview":"max-video-preview:-1"},"canonical":"https:\/\/www.kontinenzzentrum.ch\/de\/medien.html","og_locale":"de_DE","og_type":"article","og_title":"Medien","og_description":"Medien des Kontinenzzentrum Hirslanden Hirslanden Fachartikel 01.11.2023 M\u00e4nnergesundheit - auf Warnsignale des K\u00f6rpers achten Herr Prof. Dr. med. Andr\u00e9 Reitz Das Risiko suchen, exzessiv leben, Pr\u00e4vention ignorieren, Vorsorge meiden und bei Beschwerden z\u00f6gerlich Rat beim Arzt suchen \u2013 Wesensmerkmale von M\u00e4nnern, wenn es um ihre Gesundheit geht. In Sachen Gesundheit aber in jedem Alter auf [&hellip;]","og_url":"https:\/\/www.kontinenzzentrum.ch\/de\/medien.html","og_site_name":"KontinenzZentrum","article_modified_time":"2023-11-27T11:40:22+00:00","og_image":[{"width":1920,"height":450,"url":"https:\/\/www.kontinenzzentrum.ch\/wp-content\/uploads\/kompetenz-maennergesundheit-10220.jpeg","type":"image\/jpeg"}],"twitter_card":"summary_large_image","twitter_misc":{"Gesch\u00e4tzte Lesezeit":"1\u00a0Minute"},"schema":{"@context":"https:\/\/schema.org","@graph":[{"@type":"WebPage","@id":"https:\/\/www.kontinenzzentrum.ch\/de\/medien.html","url":"https:\/\/www.kontinenzzentrum.ch\/de\/medien.html","name":"Medien","isPartOf":{"@id":"https:\/\/www.kontinenzzentrum.ch\/de\/#website"},"primaryImageOfPage":{"@id":"https:\/\/www.kontinenzzentrum.ch\/de\/medien.html#primaryimage"},"image":{"@id":"https:\/\/www.kontinenzzentrum.ch\/de\/medien.html#primaryimage"},"thumbnailUrl":"https:\/\/www.kontinenzzentrum.ch\/wp-content\/uploads\/kompetenz-maennergesundheit-10220.jpeg","datePublished":"2023-03-09T13:02:55+00:00","dateModified":"2023-11-27T11:40:22+00:00","breadcrumb":{"@id":"https:\/\/www.kontinenzzentrum.ch\/de\/medien.html#breadcrumb"},"inLanguage":"de","potentialAction":[{"@type":"ReadAction","target":["https:\/\/www.kontinenzzentrum.ch\/de\/medien.html"]}]},{"@type":"ImageObject","inLanguage":"de","@id":"https:\/\/www.kontinenzzentrum.ch\/de\/medien.html#primaryimage","url":"https:\/\/www.kontinenzzentrum.ch\/wp-content\/uploads\/kompetenz-maennergesundheit-10220.jpeg","contentUrl":"https:\/\/www.kontinenzzentrum.ch\/wp-content\/uploads\/kompetenz-maennergesundheit-10220.jpeg","width":1920,"height":450},{"@type":"BreadcrumbList","@id":"https:\/\/www.kontinenzzentrum.ch\/de\/medien.html#breadcrumb","itemListElement":[{"@type":"ListItem","position":1,"name":"Startseite","item":"https:\/\/www.kontinenzzentrum.ch\/de"},{"@type":"ListItem","position":2,"name":"Medien"}]},{"@type":"WebSite","@id":"https:\/\/www.kontinenzzentrum.ch\/de\/#website","url":"https:\/\/www.kontinenzzentrum.ch\/de\/","name":"KontinenzZentrum Hirslanden Z\u00fcrich","description":"KontinenzZentrum Hirslanden Z\u00fcrich: Blasenst\u00f6rungen & Inkontinenz","publisher":{"@id":"https:\/\/www.kontinenzzentrum.ch\/de\/#organization"},"potentialAction":[{"@type":"SearchAction","target":{"@type":"EntryPoint","urlTemplate":"https:\/\/www.kontinenzzentrum.ch\/de\/?s={search_term_string}"},"query-input":{"@type":"PropertyValueSpecification","valueRequired":true,"valueName":"search_term_string"}}],"inLanguage":"de"},{"@type":"Organization","@id":"https:\/\/www.kontinenzzentrum.ch\/de\/#organization","name":"KontinenzZentrum Hirslanden Z\u00fcrich","url":"https:\/\/www.kontinenzzentrum.ch\/de\/","logo":{"@type":"ImageObject","inLanguage":"de","@id":"https:\/\/www.kontinenzzentrum.ch\/de\/#\/schema\/logo\/image\/","url":"https:\/\/www.kontinenzzentrum.ch\/wp-content\/uploads\/Logo_KontinenzZentrum.png","contentUrl":"https:\/\/www.kontinenzzentrum.ch\/wp-content\/uploads\/Logo_KontinenzZentrum.png","width":800,"height":142,"caption":"KontinenzZentrum Hirslanden Z\u00fcrich"},"image":{"@id":"https:\/\/www.kontinenzzentrum.ch\/de\/#\/schema\/logo\/image\/"}}]}},"_links":{"self":[{"href":"https:\/\/www.kontinenzzentrum.ch\/de\/wp-json\/wp\/v2\/pages\/1942","targetHints":{"allow":["GET"]}}],"collection":[{"href":"https:\/\/www.kontinenzzentrum.ch\/de\/wp-json\/wp\/v2\/pages"}],"about":[{"href":"https:\/\/www.kontinenzzentrum.ch\/de\/wp-json\/wp\/v2\/types\/page"}],"author":[{"embeddable":true,"href":"https:\/\/www.kontinenzzentrum.ch\/de\/wp-json\/wp\/v2\/users\/1"}],"replies":[{"embeddable":true,"href":"https:\/\/www.kontinenzzentrum.ch\/de\/wp-json\/wp\/v2\/comments?post=1942"}],"version-history":[{"count":19,"href":"https:\/\/www.kontinenzzentrum.ch\/de\/wp-json\/wp\/v2\/pages\/1942\/revisions"}],"predecessor-version":[{"id":3456,"href":"https:\/\/www.kontinenzzentrum.ch\/de\/wp-json\/wp\/v2\/pages\/1942\/revisions\/3456"}],"wp:featuredmedia":[{"embeddable":true,"href":"https:\/\/www.kontinenzzentrum.ch\/de\/wp-json\/wp\/v2\/media\/404"}],"wp:attachment":[{"href":"https:\/\/www.kontinenzzentrum.ch\/de\/wp-json\/wp\/v2\/media?parent=1942"}],"curies":[{"name":"wp","href":"https:\/\/api.w.org\/{rel}","templated":true}]}}