{"id":1953,"date":"2023-03-09T14:11:06","date_gmt":"2023-03-09T13:11:06","guid":{"rendered":"https:\/\/www.kontinenzzentrum.ch\/?page_id=1953"},"modified":"2025-12-02T14:55:51","modified_gmt":"2025-12-02T13:55:51","slug":"videos","status":"publish","type":"page","link":"https:\/\/www.kontinenzzentrum.ch\/de\/medien\/videos.html","title":{"rendered":"Videos"},"content":{"rendered":"<div id=\"pl-1953\"  class=\"panel-layout\" ><div id=\"pg-1953-0\"  class=\"panel-grid panel-no-style\" ><div id=\"pgc-1953-0-0\"  class=\"panel-grid-cell\" ><div id=\"panel-1953-0-0-0\" class=\"so-panel widget widget_sow-editor panel-first-child panel-last-child\" data-index=\"0\" ><div\n\t\t\t\n\t\t\tclass=\"so-widget-sow-editor so-widget-sow-editor-base\"\n\t\t\t\n\t\t>\n<div class=\"siteorigin-widget-tinymce textwidget\">\n\t<h1>Videos<\/h1>\n<p>In unseren Videos erhalten Sie einen verst&auml;ndlichen Einblick in h&auml;ufige Beschwerden und Krankheitsbilder rund um Blase, Beckenboden und Kontinenz. Die Beitr&auml;ge erkl&auml;ren Hintergr&uuml;nde, zeigen typische Behandlungswege und helfen dabei, sich vor einer Abkl&auml;rung oder einem Gespr&auml;ch besser zu orientieren.<\/p>\n<h2>Hier finden Sie unsere Sendungen im Gesundheitsmagazin Check-Up<\/h2>\n  <div class=\"fn-videos-container\">          <div class=\"uk-grid-small fn-video-grid\" uk-grid><div class=\"uk-width-1-6@m fn-lightbox\"><div class=\"fn-video\" uk--lightbox><a href=\"https:\/\/www.youtube.com\/watch?v=RrTrD0thamE\" target=\"_blank\" data-attrs=\"width: 1280; height: 720;\"><img decoding=\"async\" alt=\"Blasenentz\u00fcndungen und Inkontinenz\" src=\"https:\/\/www.kontinenzzentrum.ch\/wp-content\/uploads\/icon_videocheckup.jpeg\"\/>\n              <\/a><\/div><\/div>            <div class=\"uk-width-5-6@m uk-width-1-1\">\n              <h3 class=\"uk-margin-remove\">Blasenentz\u00fcndungen und Inkontinenz<\/h3><p>Blasenentz\u00fcndungen werden leicht chronisch und k\u00f6nnen auch die Kontinenz beeintr\u00e4chtigen. Die Symptome sind z.B.\u00a0Brennen beim Wasserlassen, starke Schmerzen im Unterbauch und st\u00e4ndiger Harndrang. Fast jede zweite Frau kennt diese typischen Anzeichen\u00a0einer <a title=\"Blasenentz\u00fcndung: Symptome, Ursachen und Behandlung\" href=\"\/de\/erkrankungen\/schmerz-und-entzuendungen\/blasenentzuendung.html\">Blasenentz\u00fcndung<\/a>. Hier bietet eine ganzheitliche urologische oder urogyn\u00e4klogische Betreuung Abhilfe und zeigt effektive Pr\u00e4ventionsm\u00f6glichkeiten auf.<\/p>\n            <div class=\"uk-margin-top\">\n              <a class=\"uk-button uk-button-text\" href=\"https:\/\/www.youtube.com\/watch?v=RrTrD0thamE\" target=\"_blank\" rel=\"noopener noreferrer\">Video ansehen<\/a>\n            <\/div>\n            <\/div>\n          <\/div>          <div class=\"uk-grid-small fn-video-grid\" uk-grid><div class=\"uk-width-1-6@m fn-lightbox\"><div class=\"fn-video\" uk--lightbox><a href=\"https:\/\/www.youtube.com\/watch?v=TIOm_T7HXWQ\" target=\"_blank\" data-attrs=\"width: 1280; height: 720;\"><img decoding=\"async\" alt=\"Inkontinenz\" src=\"https:\/\/www.kontinenzzentrum.ch\/wp-content\/uploads\/icon_videocheckup.jpeg\"\/>\n              <\/a><\/div><\/div>            <div class=\"uk-width-5-6@m uk-width-1-1\">\n              <h3 class=\"uk-margin-remove\">Inkontinenz<\/h3><p>Eine Harninkontinenz hat enorme Auswirkungen auf das Selbstwertgef\u00fchl und die Lebensqualit\u00e4t, Betroffenen ist jeder unwillk\u00fcrliche Urinverlust sehr unangenehm und peinlich. Obwohl sehr viel verbreiteter als allgemein angenommen, ist die Inkontinenz ein weitgehend tabuisiertes Problem. Sch\u00e4tzungen gehen von 400000 betroffenen Frauen und M\u00e4nnern in der Schweiz aus. CheckUp das Gesundheitsmagazin zeigt Behandlungsm\u00f6glichkeiten und bricht das Schweigen mit einer Betroffenen.<\/p>\n            <div class=\"uk-margin-top\">\n              <a class=\"uk-button uk-button-text\" href=\"https:\/\/www.youtube.com\/watch?v=TIOm_T7HXWQ\" target=\"_blank\" rel=\"noopener noreferrer\">Video ansehen<\/a>\n            <\/div>\n            <\/div>\n          <\/div>          <div class=\"uk-grid-small fn-video-grid\" uk-grid><div class=\"uk-width-1-6@m fn-lightbox\"><div class=\"fn-video\" uk--lightbox><a href=\"https:\/\/www.youtube.com\/watch?v=U7okdmLROxo\" target=\"_blank\" data-attrs=\"width: 1280; height: 720;\"><img decoding=\"async\" alt=\"Schliessmuskelprothese nach Prostatakrebs\" src=\"https:\/\/www.kontinenzzentrum.ch\/wp-content\/uploads\/icon_videocheckup.jpeg\"\/>\n              <\/a><\/div><\/div>            <div class=\"uk-width-5-6@m uk-width-1-1\">\n              <h3 class=\"uk-margin-remove\">Schliessmuskelprothese nach Prostatakrebs<\/h3><p>Nach einer erfolgreichen Prostatakrebs-Behandlung bekommt Reinhard Gabathuler pl\u00f6tzlich Probleme mit Inkontinenz. Spezialisten vom Urologie- und Kontinenzzentrum in Z\u00fcrich setzten dem 71-J\u00e4hrigen ein neues Prothesensystem ein - zum ersten Mal \u00fcberhaupt in der Schweiz. Dank dieser Operation kann Reinhard Gabathuler wieder ein fast ganz normales Leben f\u00fchren.<\/p>\n            <div class=\"uk-margin-top\">\n              <a class=\"uk-button uk-button-text\" href=\"https:\/\/www.youtube.com\/watch?v=U7okdmLROxo\" target=\"_blank\" rel=\"noopener noreferrer\">Video ansehen<\/a>\n            <\/div>\n            <\/div>\n          <\/div>\n\n<\/div>\n<h2>Publikumsvortr\u00e4ge<\/h2>\n<h2>Sehen Sie hier unsere Publikumsvortr\u00e4ge zu den Themen Inkontinenz und Blasenprobleme<\/h2>\n  <div class=\"fn-videos-container\">          <div class=\"uk-grid-small fn-video-grid\" uk-grid><div class=\"uk-width-1-6@m fn-lightbox\"><div class=\"fn-video\" uk--lightbox><a href=\"https:\/\/www.youtube.com\/watch?v=t1qM1wEJpKM\" target=\"_blank\" data-attrs=\"width: 1280; height: 720;\"><img decoding=\"async\" alt=\"Inkontinenz beim Mann - Teil 3: Spezielle Therapieverfahren beim Belastungsinkontinenz\" src=\"https:\/\/www.kontinenzzentrum.ch\/wp-content\/uploads\/icon_videocheckup.jpeg\"\/>\n              <\/a><\/div><\/div>            <div class=\"uk-width-5-6@m uk-width-1-1\">\n              <h3 class=\"uk-margin-remove\">Inkontinenz beim Mann - Teil 3: Spezielle Therapieverfahren beim Belastungsinkontinenz<\/h3><p>Vortrag von Prof. Dr. med. Andr\u00e9 Reitz am 21.11.2013 in der Klinik Hirslanden in Z\u00fcrich<\/p>\n            <div class=\"uk-margin-top\">\n              <a class=\"uk-button uk-button-text\" href=\"https:\/\/www.youtube.com\/watch?v=t1qM1wEJpKM\" target=\"_blank\" rel=\"noopener noreferrer\">Video ansehen<\/a>\n            <\/div>\n            <\/div>\n          <\/div>          <div class=\"uk-grid-small fn-video-grid\" uk-grid><div class=\"uk-width-1-6@m fn-lightbox\"><div class=\"fn-video\" uk--lightbox><a href=\"https:\/\/www.youtube.com\/watch?v=z82vOHEY1OA\" target=\"_blank\" data-attrs=\"width: 1280; height: 720;\"><img decoding=\"async\" alt=\"Inkontinenz beim Mann - Teil 2: Spezielle Therapieverfahren bei Dranginkontinenz\" src=\"https:\/\/www.kontinenzzentrum.ch\/wp-content\/uploads\/icon_videocheckup.jpeg\"\/>\n              <\/a><\/div><\/div>            <div class=\"uk-width-5-6@m uk-width-1-1\">\n              <h3 class=\"uk-margin-remove\">Inkontinenz beim Mann - Teil 2: Spezielle Therapieverfahren bei Dranginkontinenz<\/h3><p>Vortrag von Prof. Dr. med. Andr\u00e9 Reitz am 21.11.2013 in der Klinik Hirslanden in Z\u00fcrich<\/p>\n            <div class=\"uk-margin-top\">\n              <a class=\"uk-button uk-button-text\" href=\"https:\/\/www.youtube.com\/watch?v=z82vOHEY1OA\" target=\"_blank\" rel=\"noopener noreferrer\">Video ansehen<\/a>\n            <\/div>\n            <\/div>\n          <\/div>          <div class=\"uk-grid-small fn-video-grid\" uk-grid><div class=\"uk-width-1-6@m fn-lightbox\"><div class=\"fn-video\" uk--lightbox><a href=\"https:\/\/www.youtube.com\/watch?v=JgzOtlT32NQ\" target=\"_blank\" data-attrs=\"width: 1280; height: 720;\"><img decoding=\"async\" alt=\"Inkontinenz beim Mann - Teil 1: Abkl\u00e4rung und Untersuchung\" src=\"https:\/\/www.kontinenzzentrum.ch\/wp-content\/uploads\/icon_videocheckup.jpeg\"\/>\n              <\/a><\/div><\/div>            <div class=\"uk-width-5-6@m uk-width-1-1\">\n              <h3 class=\"uk-margin-remove\">Inkontinenz beim Mann - Teil 1: Abkl\u00e4rung und Untersuchung<\/h3><p>Vortrag von Prof. Dr. med. Andr\u00e9 Reitz am 21.11.2013 in der Klinik Hirslanden in Z\u00fcrich<\/p>\n            <div class=\"uk-margin-top\">\n              <a class=\"uk-button uk-button-text\" href=\"https:\/\/www.youtube.com\/watch?v=JgzOtlT32NQ\" target=\"_blank\" rel=\"noopener noreferrer\">Video ansehen<\/a>\n            <\/div>\n            <\/div>\n          <\/div>\n\n<\/div>\n<\/div>\n<\/div><\/div><\/div><\/div><div id=\"pg-1953-1\"  class=\"panel-grid panel-no-style\" ><div id=\"pgc-1953-1-0\"  class=\"panel-grid-cell\" ><div id=\"panel-1953-1-0-0\" class=\"so-panel widget widget_fn-info-box-widget panel-first-child panel-last-child\" data-index=\"1\" ><div\n\t\t\t\n\t\t\tclass=\"so-widget-fn-info-box-widget so-widget-fn-info-box-widget-base\"\n\t\t\t\n\t\t><div class=\"uk-child-width-1-1 uk-grid-match\" uk-grid><div>\n        <div class=\"fn-info-box-title\">\n          <div class=\"uk-grid-small\" uk-grid>            <div class=\"uk-width-expand\">\n              <h4 class=\"uk-h3\">Sie m\u00f6chten Ihre Fragen im pers\u00f6nlichen Gespr\u00e4ch kl\u00e4ren?<\/h4>\n            <\/div>\n          <\/div>\n        <\/div>\n        <div class=\"fn-info-box-content\">\n              <p>Wir nehmen Ihre Situation ernst, kl\u00e4ren die Ursachen strukturiert ab und besprechen mit Ihnen, welche n\u00e4chsten Schritte sinnvoll sind. Nehmen Sie Kontakt auf oder buchen Sie Ihren Termin bequem online.<br \/>\n<div class=\"uk-flex uk-child-width-auto uk-grid-small\" uk-grid><div><a class=\"uk-button uk-button-primary\" href=\"tel:+41443872910\"><i class=\"fas fa-phone-alt uk-margin-small-right\"><\/i>+41 44 387 29 10<\/a><\/div><div><a class=\"uk-button uk-button-primary\" href=\"https:\/\/www.kontinenzzentrum.ch\/de\/ueber-uns\/termin.html\"><i class=\"fas fa-comments uk-margin-small-right\"><\/i>Online Terminvereinbarung<\/a><\/div><\/div><\/p>\n        <\/div>\n      <\/div><\/div><\/div><\/div><\/div><\/div><\/div>","protected":false},"excerpt":{"rendered":"<p>Videos In unseren Videos erhalten Sie einen verst&auml;ndlichen Einblick in h&auml;ufige Beschwerden und Krankheitsbilder rund um Blase, Beckenboden und Kontinenz. Die Beitr&auml;ge erkl&auml;ren Hintergr&uuml;nde, zeigen typische Behandlungswege und helfen dabei, sich vor einer Abkl&auml;rung oder einem Gespr&auml;ch besser zu orientieren. Hier finden Sie unsere Sendungen im Gesundheitsmagazin Check-Up Blasenentz\u00fcndungen und Inkontinenz Blasenentz\u00fcndungen werden leicht chronisch [&hellip;]<\/p>\n","protected":false},"author":1,"featured_media":1947,"parent":1942,"menu_order":0,"comment_status":"closed","ping_status":"closed","template":"","meta":{"_acf_changed":false,"footnotes":""},"class_list":["post-1953","page","type-page","status-publish","has-post-thumbnail","hentry"],"acf":[],"yoast_head":"<!-- This site is optimized with the Yoast SEO plugin v26.9 - https:\/\/yoast.com\/product\/yoast-seo-wordpress\/ -->\n<title>Videos<\/title>\n<meta name=\"robots\" content=\"index, follow, max-snippet:-1, max-image-preview:large, max-video-preview:-1\" \/>\n<link rel=\"canonical\" href=\"https:\/\/www.kontinenzzentrum.ch\/de\/medien\/videos.html\" \/>\n<meta property=\"og:locale\" content=\"de_DE\" \/>\n<meta property=\"og:type\" content=\"article\" \/>\n<meta property=\"og:title\" content=\"Videos\" \/>\n<meta property=\"og:description\" content=\"Videos In unseren Videos erhalten Sie einen verst&auml;ndlichen Einblick in h&auml;ufige Beschwerden und Krankheitsbilder rund um Blase, Beckenboden und Kontinenz. Die Beitr&auml;ge erkl&auml;ren Hintergr&uuml;nde, zeigen typische Behandlungswege und helfen dabei, sich vor einer Abkl&auml;rung oder einem Gespr&auml;ch besser zu orientieren. Hier finden Sie unsere Sendungen im Gesundheitsmagazin Check-Up Blasenentz\u00fcndungen und Inkontinenz Blasenentz\u00fcndungen werden leicht chronisch [&hellip;]\" \/>\n<meta property=\"og:url\" content=\"https:\/\/www.kontinenzzentrum.ch\/de\/medien\/videos.html\" \/>\n<meta property=\"og:site_name\" content=\"KontinenzZentrum\" \/>\n<meta property=\"article:modified_time\" content=\"2025-12-02T13:55:51+00:00\" \/>\n<meta property=\"og:image\" content=\"https:\/\/www.kontinenzzentrum.ch\/wp-content\/uploads\/fachpersonen-forschung-11926-1.jpeg\" \/>\n\t<meta property=\"og:image:width\" content=\"1920\" \/>\n\t<meta property=\"og:image:height\" content=\"400\" \/>\n\t<meta property=\"og:image:type\" content=\"image\/jpeg\" \/>\n<meta name=\"twitter:card\" content=\"summary_large_image\" \/>\n<meta name=\"twitter:label1\" content=\"Gesch\u00e4tzte Lesezeit\" \/>\n\t<meta name=\"twitter:data1\" content=\"4\u00a0Minuten\" \/>\n<script type=\"application\/ld+json\" class=\"yoast-schema-graph\">{\"@context\":\"https:\/\/schema.org\",\"@graph\":[{\"@type\":\"WebPage\",\"@id\":\"https:\/\/www.kontinenzzentrum.ch\/de\/medien\/videos.html\",\"url\":\"https:\/\/www.kontinenzzentrum.ch\/de\/medien\/videos.html\",\"name\":\"Videos\",\"isPartOf\":{\"@id\":\"https:\/\/www.kontinenzzentrum.ch\/de\/#website\"},\"primaryImageOfPage\":{\"@id\":\"https:\/\/www.kontinenzzentrum.ch\/de\/medien\/videos.html#primaryimage\"},\"image\":{\"@id\":\"https:\/\/www.kontinenzzentrum.ch\/de\/medien\/videos.html#primaryimage\"},\"thumbnailUrl\":\"https:\/\/www.kontinenzzentrum.ch\/wp-content\/uploads\/fachpersonen-forschung-11926-1.jpeg\",\"datePublished\":\"2023-03-09T13:11:06+00:00\",\"dateModified\":\"2025-12-02T13:55:51+00:00\",\"breadcrumb\":{\"@id\":\"https:\/\/www.kontinenzzentrum.ch\/de\/medien\/videos.html#breadcrumb\"},\"inLanguage\":\"de\",\"potentialAction\":[{\"@type\":\"ReadAction\",\"target\":[\"https:\/\/www.kontinenzzentrum.ch\/de\/medien\/videos.html\"]}]},{\"@type\":\"ImageObject\",\"inLanguage\":\"de\",\"@id\":\"https:\/\/www.kontinenzzentrum.ch\/de\/medien\/videos.html#primaryimage\",\"url\":\"https:\/\/www.kontinenzzentrum.ch\/wp-content\/uploads\/fachpersonen-forschung-11926-1.jpeg\",\"contentUrl\":\"https:\/\/www.kontinenzzentrum.ch\/wp-content\/uploads\/fachpersonen-forschung-11926-1.jpeg\",\"width\":1920,\"height\":400},{\"@type\":\"BreadcrumbList\",\"@id\":\"https:\/\/www.kontinenzzentrum.ch\/de\/medien\/videos.html#breadcrumb\",\"itemListElement\":[{\"@type\":\"ListItem\",\"position\":1,\"name\":\"Startseite\",\"item\":\"https:\/\/www.kontinenzzentrum.ch\/de\"},{\"@type\":\"ListItem\",\"position\":2,\"name\":\"Medien\",\"item\":\"https:\/\/www.kontinenzzentrum.ch\/de\/medien.html\"},{\"@type\":\"ListItem\",\"position\":3,\"name\":\"Videos\"}]},{\"@type\":\"WebSite\",\"@id\":\"https:\/\/www.kontinenzzentrum.ch\/de\/#website\",\"url\":\"https:\/\/www.kontinenzzentrum.ch\/de\/\",\"name\":\"KontinenzZentrum Hirslanden Z\u00fcrich\",\"description\":\"KontinenzZentrum Hirslanden Z\u00fcrich: Blasenst\u00f6rungen & Inkontinenz\",\"publisher\":{\"@id\":\"https:\/\/www.kontinenzzentrum.ch\/de\/#organization\"},\"potentialAction\":[{\"@type\":\"SearchAction\",\"target\":{\"@type\":\"EntryPoint\",\"urlTemplate\":\"https:\/\/www.kontinenzzentrum.ch\/de\/?s={search_term_string}\"},\"query-input\":{\"@type\":\"PropertyValueSpecification\",\"valueRequired\":true,\"valueName\":\"search_term_string\"}}],\"inLanguage\":\"de\"},{\"@type\":\"Organization\",\"@id\":\"https:\/\/www.kontinenzzentrum.ch\/de\/#organization\",\"name\":\"KontinenzZentrum Hirslanden Z\u00fcrich\",\"url\":\"https:\/\/www.kontinenzzentrum.ch\/de\/\",\"logo\":{\"@type\":\"ImageObject\",\"inLanguage\":\"de\",\"@id\":\"https:\/\/www.kontinenzzentrum.ch\/de\/#\/schema\/logo\/image\/\",\"url\":\"https:\/\/www.kontinenzzentrum.ch\/wp-content\/uploads\/Logo_KontinenzZentrum.png\",\"contentUrl\":\"https:\/\/www.kontinenzzentrum.ch\/wp-content\/uploads\/Logo_KontinenzZentrum.png\",\"width\":800,\"height\":142,\"caption\":\"KontinenzZentrum Hirslanden Z\u00fcrich\"},\"image\":{\"@id\":\"https:\/\/www.kontinenzzentrum.ch\/de\/#\/schema\/logo\/image\/\"}}]}<\/script>\n<!-- \/ Yoast SEO plugin. -->","yoast_head_json":{"title":"Videos","robots":{"index":"index","follow":"follow","max-snippet":"max-snippet:-1","max-image-preview":"max-image-preview:large","max-video-preview":"max-video-preview:-1"},"canonical":"https:\/\/www.kontinenzzentrum.ch\/de\/medien\/videos.html","og_locale":"de_DE","og_type":"article","og_title":"Videos","og_description":"Videos In unseren Videos erhalten Sie einen verst&auml;ndlichen Einblick in h&auml;ufige Beschwerden und Krankheitsbilder rund um Blase, Beckenboden und Kontinenz. Die Beitr&auml;ge erkl&auml;ren Hintergr&uuml;nde, zeigen typische Behandlungswege und helfen dabei, sich vor einer Abkl&auml;rung oder einem Gespr&auml;ch besser zu orientieren. Hier finden Sie unsere Sendungen im Gesundheitsmagazin Check-Up Blasenentz\u00fcndungen und Inkontinenz Blasenentz\u00fcndungen werden leicht chronisch [&hellip;]","og_url":"https:\/\/www.kontinenzzentrum.ch\/de\/medien\/videos.html","og_site_name":"KontinenzZentrum","article_modified_time":"2025-12-02T13:55:51+00:00","og_image":[{"width":1920,"height":400,"url":"https:\/\/www.kontinenzzentrum.ch\/wp-content\/uploads\/fachpersonen-forschung-11926-1.jpeg","type":"image\/jpeg"}],"twitter_card":"summary_large_image","twitter_misc":{"Gesch\u00e4tzte Lesezeit":"4\u00a0Minuten"},"schema":{"@context":"https:\/\/schema.org","@graph":[{"@type":"WebPage","@id":"https:\/\/www.kontinenzzentrum.ch\/de\/medien\/videos.html","url":"https:\/\/www.kontinenzzentrum.ch\/de\/medien\/videos.html","name":"Videos","isPartOf":{"@id":"https:\/\/www.kontinenzzentrum.ch\/de\/#website"},"primaryImageOfPage":{"@id":"https:\/\/www.kontinenzzentrum.ch\/de\/medien\/videos.html#primaryimage"},"image":{"@id":"https:\/\/www.kontinenzzentrum.ch\/de\/medien\/videos.html#primaryimage"},"thumbnailUrl":"https:\/\/www.kontinenzzentrum.ch\/wp-content\/uploads\/fachpersonen-forschung-11926-1.jpeg","datePublished":"2023-03-09T13:11:06+00:00","dateModified":"2025-12-02T13:55:51+00:00","breadcrumb":{"@id":"https:\/\/www.kontinenzzentrum.ch\/de\/medien\/videos.html#breadcrumb"},"inLanguage":"de","potentialAction":[{"@type":"ReadAction","target":["https:\/\/www.kontinenzzentrum.ch\/de\/medien\/videos.html"]}]},{"@type":"ImageObject","inLanguage":"de","@id":"https:\/\/www.kontinenzzentrum.ch\/de\/medien\/videos.html#primaryimage","url":"https:\/\/www.kontinenzzentrum.ch\/wp-content\/uploads\/fachpersonen-forschung-11926-1.jpeg","contentUrl":"https:\/\/www.kontinenzzentrum.ch\/wp-content\/uploads\/fachpersonen-forschung-11926-1.jpeg","width":1920,"height":400},{"@type":"BreadcrumbList","@id":"https:\/\/www.kontinenzzentrum.ch\/de\/medien\/videos.html#breadcrumb","itemListElement":[{"@type":"ListItem","position":1,"name":"Startseite","item":"https:\/\/www.kontinenzzentrum.ch\/de"},{"@type":"ListItem","position":2,"name":"Medien","item":"https:\/\/www.kontinenzzentrum.ch\/de\/medien.html"},{"@type":"ListItem","position":3,"name":"Videos"}]},{"@type":"WebSite","@id":"https:\/\/www.kontinenzzentrum.ch\/de\/#website","url":"https:\/\/www.kontinenzzentrum.ch\/de\/","name":"KontinenzZentrum Hirslanden Z\u00fcrich","description":"KontinenzZentrum Hirslanden Z\u00fcrich: Blasenst\u00f6rungen & Inkontinenz","publisher":{"@id":"https:\/\/www.kontinenzzentrum.ch\/de\/#organization"},"potentialAction":[{"@type":"SearchAction","target":{"@type":"EntryPoint","urlTemplate":"https:\/\/www.kontinenzzentrum.ch\/de\/?s={search_term_string}"},"query-input":{"@type":"PropertyValueSpecification","valueRequired":true,"valueName":"search_term_string"}}],"inLanguage":"de"},{"@type":"Organization","@id":"https:\/\/www.kontinenzzentrum.ch\/de\/#organization","name":"KontinenzZentrum Hirslanden Z\u00fcrich","url":"https:\/\/www.kontinenzzentrum.ch\/de\/","logo":{"@type":"ImageObject","inLanguage":"de","@id":"https:\/\/www.kontinenzzentrum.ch\/de\/#\/schema\/logo\/image\/","url":"https:\/\/www.kontinenzzentrum.ch\/wp-content\/uploads\/Logo_KontinenzZentrum.png","contentUrl":"https:\/\/www.kontinenzzentrum.ch\/wp-content\/uploads\/Logo_KontinenzZentrum.png","width":800,"height":142,"caption":"KontinenzZentrum Hirslanden Z\u00fcrich"},"image":{"@id":"https:\/\/www.kontinenzzentrum.ch\/de\/#\/schema\/logo\/image\/"}}]}},"_links":{"self":[{"href":"https:\/\/www.kontinenzzentrum.ch\/de\/wp-json\/wp\/v2\/pages\/1953","targetHints":{"allow":["GET"]}}],"collection":[{"href":"https:\/\/www.kontinenzzentrum.ch\/de\/wp-json\/wp\/v2\/pages"}],"about":[{"href":"https:\/\/www.kontinenzzentrum.ch\/de\/wp-json\/wp\/v2\/types\/page"}],"author":[{"embeddable":true,"href":"https:\/\/www.kontinenzzentrum.ch\/de\/wp-json\/wp\/v2\/users\/1"}],"replies":[{"embeddable":true,"href":"https:\/\/www.kontinenzzentrum.ch\/de\/wp-json\/wp\/v2\/comments?post=1953"}],"version-history":[{"count":19,"href":"https:\/\/www.kontinenzzentrum.ch\/de\/wp-json\/wp\/v2\/pages\/1953\/revisions"}],"predecessor-version":[{"id":4798,"href":"https:\/\/www.kontinenzzentrum.ch\/de\/wp-json\/wp\/v2\/pages\/1953\/revisions\/4798"}],"up":[{"embeddable":true,"href":"https:\/\/www.kontinenzzentrum.ch\/de\/wp-json\/wp\/v2\/pages\/1942"}],"wp:featuredmedia":[{"embeddable":true,"href":"https:\/\/www.kontinenzzentrum.ch\/de\/wp-json\/wp\/v2\/media\/1947"}],"wp:attachment":[{"href":"https:\/\/www.kontinenzzentrum.ch\/de\/wp-json\/wp\/v2\/media?parent=1953"}],"curies":[{"name":"wp","href":"https:\/\/api.w.org\/{rel}","templated":true}]}}