{"id":28,"date":"2022-08-02T12:16:26","date_gmt":"2022-08-02T10:16:26","guid":{"rendered":"https:\/\/www.kontinenzzentrum.ch\/?page_id=28"},"modified":"2024-08-05T14:50:22","modified_gmt":"2024-08-05T12:50:22","slug":"impressum","status":"publish","type":"page","link":"https:\/\/www.kontinenzzentrum.ch\/de\/extra\/impressum.html","title":{"rendered":"Impressum"},"content":{"rendered":"<div id=\"pl-28\"  class=\"panel-layout\" ><div id=\"pg-28-0\"  class=\"panel-grid panel-no-style\" ><div id=\"pgc-28-0-0\"  class=\"panel-grid-cell\" ><div id=\"panel-28-0-0-0\" class=\"so-panel widget widget_sow-editor panel-first-child panel-last-child\" data-index=\"0\" ><div\n\t\t\t\n\t\t\tclass=\"so-widget-sow-editor so-widget-sow-editor-base\"\n\t\t\t\n\t\t>\n<div class=\"siteorigin-widget-tinymce textwidget\">\n\t<h1>Impressum<\/h1>\n<p><strong>KontinenzZentrum AG<\/strong><br \/>\nKlinik Hirslanden<br \/>\nWitellikerstrasse 40<br \/>\nCH - 8032 Z\u00fcrich<\/p>\n<p>T <a class=\"\" href=\"tel:+41443872910\">+41 44 387 29 10<\/a><br \/>\nF <span class=\"\">+41 44 387 29 11<\/span><br \/>\nE <a class=\"\" href=\"mailto:&#107;&#111;&#110;&#116;inenz&#122;ent&#114;&#117;&#109;&#46;hir&#115;&#108;&#97;nden&#64;&#104;&#105;rsla&#110;d&#101;&#110;&#46;&#99;h\">konti&#110;e&#110;zzent&#114;&#117;&#109;.&#104;ir&#115;l&#97;n&#100;e&#110;&#64;&#104;&#105;&#114;sl&#97;&#110;&#100;&#101;&#110;&#46;&#99;&#104;<\/a><\/p>\n<p>Gesamtleitung<br \/>\nProf. Dr. med. Andr\u00e9 Reitz<\/p>\n<p>Realisation<br \/>\nfirmennest, Berlin, Deutschland<\/p>\n<p>Layout<br \/>\nKeybits, Essen, Deutschland<\/p>\n<p>\u00a9 2023 KontinenzZentrum Hirslanden, Z\u00fcrich, Schweiz<br \/>\n\u00a9 Alle Fotos - DAS BILD Judith Stadler, Andr\u00e9 Uster<br \/>\nAlle Rechte vorbehalten<\/p>\n<h2>Disclaimer<\/h2>\n<p>ALLGEMEINE NUTZUNGSBEDINGUNGEN<\/p>\n<p><em>1. Geltungsbereich<\/em><\/p>\n<p>Die Website www.kontinenzzentrum.ch (WEBSITE) wird von KontinenzZentrum AG mit Sitz in Z\u00fcrich betrieben (KontinenzZentrum). Die WEBSITE richtet sich an Personen mit Sitz oder Wohnsitz in der Schweiz. Die WEBSITE und die Allgemeinen Nutzungsbedingungen richten sich nach den gesetzlichen Bestimmungen der Schweiz. Personen, welche auf die WEBSITE zugreifen (NUTZER), erkl\u00e4ren sich mit den nachfolgenden Bedingungen einverstanden und akzeptieren insbesondere den Haftungsausschluss (Ziffer 8).<\/p>\n<p>&nbsp;<\/p>\n<p><em>2. \u00c4nderung der Nutzungsbedingungen<\/em><\/p>\n<p>\u00c4nderungen dieser allgemeinen Nutzungsbestimmungen k\u00f6nnen jederzeit ohne Ank\u00fcndigung erfolgen und werden unmittelbar mit der Ver\u00f6ffentlichung auf dieser WEBSITE wirksam.<\/p>\n<p><em>3. Zugang und Verf\u00fcgbarkeit<\/em><\/p>\n<p>Der NUTZER hat keinen Anspruch auf Zugang zu dieser WEBSITE und auf die fehlerfreie technische Verf\u00fcgbarkeit der WEBSITE. KontinenzZentrum kann den Zugang zur WEBSITE jederzeit und ohne Ank\u00fcndigung sperren oder beschr\u00e4nken.<\/p>\n<p><em>4. Inhalte<\/em><\/p>\n<p>Die Inhalte auf dieser WEBSITE (INHALTE) dienen ausschliesslich der allgemeinen Information \u00fcber KontinenzZentrum und die Dienstleistungen von KontinenzZentrum sowie der allgemeinen Information \u00fcber medizinische Fragen. Die auf dieser WEBSITE enthaltenen Informationen \u00fcber Dienstleistungen von KontinenzZentrum stellen keinen verbindlichen Antrag oder eine Offerte an den NUTZER dar.<\/p>\n<p>\u00c4nderungen<br \/>\nS\u00e4mtliche INHALTE dieser WEBSITE k\u00f6nnen von KontinenzZentrum jederzeit ohne Ank\u00fcndigung ge\u00e4ndert, erg\u00e4nzt oder entfernt werden.<\/p>\n<p>Medizinische Informationen<br \/>\nDer NUTZER wird ausdr\u00fccklich darauf hingewiesen, dass medizinische Informationen auf dieser WEBSITE in keiner Weise die pers\u00f6nliche Beratung durch einen Arzt oder qualifiziertes medizinisches Fachpersonal ersetzen k\u00f6nnen.<\/p>\n<p>Inhalte von Dritten<br \/>\nDie WEBSITE bietet an daf\u00fcr bezeichneten Stellen Dritten die M\u00f6glichkeit, eigene Beitr\u00e4ge zu ver\u00f6ffentlichen. F\u00fcr die Inhalte dieser Beitr\u00e4ge sind ausschliesslich die Absender verantwortlich.<\/p>\n<p>Interaktive Angebote<br \/>\nBei der Nutzung von interaktiven Angeboten der WEBSITE, wie beispielsweise dem Versand von E-Cards ist allein der NUTZER f\u00fcr die von ihm \u00fcbermittelten Inhalte verantwortlich. Die \u00dcbermittlung von sittenwidrigen oder rechtswidrigen Inhalten sowie die \u00dcbermittlung von Inhalten an Adressaten, die dem NUTZER unbekannt sind (z.B. der Versand von Werbung) ist verboten. KontinenzZentrum kann die \u00dcbermittlung von Inhalten des NUTZERS ohne Benachrichtigung des NUTZERS und jedenfalls ohne Angabe von Gr\u00fcnden unterlassen.<\/p>\n<p>Links<br \/>\nDiese WEBSITE enth\u00e4lt Verkn\u00fcpfungen (Links) zur Website von anderen Anbietern. Diese Links dienen lediglich der Benutzungsfreundlichkeit der WEBSITE und stellen keine Genehmigung des Inhalts einer anderen Website dar. KontinenzZentrum kann f\u00fcr eine Website eines anderen Anbieters grunds\u00e4tzlich keine Verantwortung \u00fcbernehmen. Die Aktivierung eines Links erfolgt daher auf eigenes Risiko des NUTZERS.<\/p>\n<p>&nbsp;<\/p>\n<p><em>5. Datenschutz<\/em><\/p>\n<p>Nutzungsdaten<br \/>\nBeim Zugang des NUTZERS registriert KontinenzZentrum unpers\u00f6nliche Nutzungsdaten (Logfiles). Diese anonymen Daten werden zu statistischen Zwecken ausgewertet.<\/p>\n<p>Cookies<br \/>\nUm den Zugriff auf die INHALTE f\u00fcr den NUTZER zu vereinfachen, verwendet diese WEBSITE sogenannte Cookies (z. B. zur automatischen Sprachwahl). Der NUTZER erteilt KontinenzZentrum seine Einwilligung zur Verwendung von Cookies. Der NUTZER wird darauf hingewiesen, dass er die Annahme von Cookies durch eine entsprechende Einstellung an seinem Computer verweigern kann. Die Nutzung interaktiver Angebote ist allerdings nur mit Cookies m\u00f6glich.<\/p>\n<p>Google Analytics<br \/>\nDiese Website benutzt Google Analytics, einen Webanalysedienst der Google Inc. (\u201eGoogle\u201c). Google Analytics verwendet sog. \u201eCookies\u201c, Textdateien, die auf Ihrem Computer gespeichert werden und die eine Analyse der Benutzung der Website durch Sie erm\u00f6glichen. Die durch den Cookie erzeugten Informationen \u00fcber Ihre Benutzung dieser Website (einschlie\u00dflich Ihrer IP-Adresse) wird an einen Server von Google in den USA \u00fcbertragen und dort gespeichert. Google wird diese Informationen benutzen, um Ihre Nutzung der Website auszuwerten, um Reports \u00fcber die Websiteaktivit\u00e4ten f\u00fcr die Websitebetreiber zusammenzustellen und um weitere mit der Websitenutzung und der Internetnutzung verbundene Dienstleistungen zu erbringen. Auch wird Google diese Informationen gegebenenfalls an Dritte \u00fcbertragen, sofern dies gesetzlich vorgeschrieben oder soweit Dritte diese Daten im Auftrag von Google verarbeiten. Google wird in keinem Fall Ihre IP-Adresse mit anderen Daten von Google in Verbindung bringen. Sie k\u00f6nnen die Installation der Cookies durch eine entsprechende Einstellung Ihrer Browser Software verhindern; wir weisen Sie jedoch darauf hin, dass Sie in diesem Fall gegebenenfalls nicht s\u00e4mtliche Funktionen dieser Website vollumf\u00e4nglich nutzen k\u00f6nnen. Durch die Nutzung dieser Website erkl\u00e4ren Sie sich mit der Bearbeitung der \u00fcber Sie erhobenen Daten durch Google in der zuvor beschriebenen Art und Weise und zu dem zuvor benannten Zweck einverstanden.<\/p>\n<p>Pers\u00f6nliche Daten<br \/>\nHIRSLANDEN speichert und bearbeitet die pers\u00f6nlichen Daten des NUTZERS nur zu dem Zweck, zu dem der NUTZER diese Daten \u00fcberlassen hat. Diese pers\u00f6nlichen Daten werden nicht an Dritte zur Verwendung weitergegeben und werden nicht mit Nutzungsdaten oder anderen Datenbest\u00e4nden von KontinenzZentrum verkn\u00fcpft.<\/p>\n<p><em>6. Datensicherheit und Vertraulichkeit<\/em><\/p>\n<p>Bei der unverschl\u00fcsselten \u00dcbermittlung in einem offenen Netz k\u00f6nnen Daten von unbefugten Dritten gelesen, ver\u00e4ndert oder vernichtet werden. Jede \u00dcbermittlung von Daten von oder zur WEBSITE erfolgt daher auf eigenes Risiko des NUTZERS.<\/p>\n<p><em>7. Urheberrechte<\/em><\/p>\n<p>S\u00e4mtliche INHALTE sind durch Marken-, Patent-, Urheberrechte und sonstige Rechte zum Schutz des geistigen Eigentums gesch\u00fctzt und sind Eigentum von KontinenzZentrum. Vorbehalten sind die Rechte Dritter.<\/p>\n<p>Der NUTZER darf die INHALTE zur ausschliesslich privaten Nutzung anzeigen, speichern, ausdrucken und kopieren. Dabei d\u00fcrfen die INHALTE durch den NUTZER nicht ver\u00e4ndert werden und alle Hinweise auf Urheber- und Markenrechte m\u00fcssen erhalten bleiben. Jede weitergehende Verwendung der INHALTE oder von Teilen davon erfordert die vorherige schriftliche Zustimmung von KontinenzZentrum.<\/p>\n<p>Insbesondere sind ohne vorherige schriftliche Zustimmung von KontinenzZentrum untersagt:<\/p>\n<p>jede Form der Weiterverbreitung, Weiterleitung, Bearbeitung und Reproduktion der INHALTE oder von Teilen davon f\u00fcr kommerzielle Zwecke<\/p>\n<p>jede Form der Ver\u00f6ffentlichung der INHALTE oder von Teilen davon sowie jede Form der Ver\u00f6ffentlichung von abgeleiteten Arbeiten, die im Wesentlichen auf INHALTEN oder Teilen davon basieren, auch f\u00fcr nicht kommerzielle Zwecke die Verkn\u00fcpfung von anderen Webseiten mit den INHALTEN oder von Teilen davon durch Links.<\/p>\n<p>Ausgenommen sind speziell bezeichnete Bilder und Texte im Bereich \"Medieninformationen\u201c, die ohne vorherige schriftliche Zustimmung von KontinenzZentrum ausschliesslich und nur in unmittelbarem Zusammenhang f\u00fcr die Medienberichterstattung \u00fcber KontinenzZentrum verwendet werden d\u00fcrfen. Voraussetzung ist die ausdr\u00fcckliche Angabe der Quelle.<\/p>\n<p>&nbsp;<\/p>\n<p><em>8. Haftungsausschluss<\/em><\/p>\n<p>KontinenzZentrum pr\u00fcft die INHALTE auf deren Richtigkeit und Aktualit\u00e4t. HIRSLANDEN kann jedoch keine Gew\u00e4hr f\u00fcr die Richtigkeit, Aktualit\u00e4t oder Vollst\u00e4ndigkeit der Inhalte \u00fcbernehmen. Jede Haftung f\u00fcr Sch\u00e4den des NUTZERS oder Dritter aus der Nutzung der INHALTE wird von HIRSLANDEN abgelehnt.<\/p>\n<p>KontinenzZentrum kann ausserdem nicht gew\u00e4hrleisten, dass die WEBSITE frei von Viren oder anderen sch\u00e4dlichen Bestandteilen ist und haftet nicht f\u00fcr daraus entstehende Sch\u00e4den des NUTZERS oder Dritter.<\/p>\n<p><em>9. Rechtsanwendung und Gerichtsstand<\/em><\/p>\n<p>Anwendbar ist ausschliesslich Schweizerisches Recht. Sollten eine oder mehrere dieser Nutzungsbedingungen aufgrund gesetzlicher Bestimmungen, Vorschriften oder Gesetzes\u00e4nderungen ganz oder teilweise unwirksam sein oder werden, bleiben alle \u00fcbrigen Nutzungsbedingungen in Kraft und es kommt diejenige wirksame Regelung zur Anwendung, die dem angestrebten Zweck der unwirksamen Regelung am n\u00e4chsten kommt. Ausschliesslicher Gerichtsstand ist Z\u00fcrich.<\/p>\n<p><strong>Bildquellennachweise<br \/>\n<\/strong><\/p>\n<ul>\n<li>Frau am Strand \u00a9\u00a0<a href=\"https:\/\/www.strandperle.biz\/de\/bilder-fotos\/20658_moodboard-rf\/%2A.html\" target=\"_blank\" rel=\"noopener\">Moodboard<\/a>\u00a0\u2013 Strandperle<\/li>\n<li>Vater mit Sohn am Strand \u00a9\u00a0<a href=\"https:\/\/www.strandperle.biz\/de\/bilder-fotos\/20658_moodboard-rf\/%2A.html\" target=\"_blank\" rel=\"noopener\">Moodboard<\/a>\u00a0\u2013 Strandperle<\/li>\n<li>Paar Strandspaziergang \u00a9\u00a0<a href=\"https:\/\/www.strandperle.biz\/de\/bilder-fotos\/20658_moodboard-rf\/%2A.html\" target=\"_blank\" rel=\"noopener\">Moodboard<\/a>\u00a0\u2013 Strandperle<\/li>\n<li>Paar am Strand \u00a9\u00a0<a href=\"https:\/\/www.strandperle.biz\/de\/bilder-fotos\/20658_moodboard-rf\/%2A.html\" target=\"_blank\" rel=\"noopener\">Moodboard<\/a>\u00a0\u2013 Strandperle<\/li>\n<li>Family am Strand \u00a9\u00a0<a href=\"https:\/\/www.strandperle.biz\/de\/bilder-fotos\/20658_moodboard-rf\/%2A.html\" target=\"_blank\" rel=\"noopener\">Moodboard<\/a>\u00a0\u2013 Strandperle<\/li>\n<li><span class=\"grey dove-text\">Male Urogenital \u00a9\u00a0<\/span>\u00a0<a href=\"https:\/\/stock.adobe.com\/de\/contributor\/201046938\/cliparea-com?load_type=author&amp;prev_url=detail\" target=\"_blank\" rel=\"noopener\">CLIPAREA.com<\/a>\u00a0\u2013 Adobe Stock<\/li>\n<li><span class=\"grey dove-text\">Woman With a Bladder Infection\u00a0\u00a9\u00a0<\/span>\u00a0<a href=\"https:\/\/stock.adobe.com\/de\/contributor\/202597331\/ruigsantos?load_type=author&amp;prev_url=detail\" target=\"_blank\" rel=\"noopener\">ruigsantos\u00a0<\/a>\u2013 Adobe Stock<\/li>\n<li><span class=\"grey dove-text\">man on wheelchair relaxing in a park\u00a0\u00a9\u00a0<\/span>\u00a0<a href=\"https:\/\/stock.adobe.com\/de\/contributor\/205073519\/alextype?load_type=author&amp;prev_url=detail\" target=\"_blank\" rel=\"noopener\">Alextype<\/a>\u00a0\u2013 Adobe Stock<\/li>\n<li><span class=\"grey dove-text\">Blasenschw\u00e4che \u00a9\u00a0<\/span><a href=\"https:\/\/stock.adobe.com\/de\/contributor\/205382767\/kei907?load_type=author&amp;prev_url=detail\" target=\"_blank\" rel=\"noopener\">kei907\u00a0<\/a>\u2013 Adobe Stock<\/li>\n<li><span class=\"grey dove-text\">Unterleibsschmerzen \u00a9\u00a0<\/span><a href=\"https:\/\/stock.adobe.com\/de\/contributor\/205563618\/aldecastudio?load_type=author&amp;prev_url=detail\" target=\"_blank\" rel=\"noopener\">ALDECAstudio\u00a0<\/a>\u2013 Adobe Stock<\/li>\n<li><a href=\"https:\/\/www.flaticon.com\/free-icons\/male\" title=\"male icons\">Male icons created by Sir.Vector - Flaticon<\/a><\/li>\n<\/ul>\n<\/div>\n<\/div><\/div><\/div><\/div><\/div>","protected":false},"excerpt":{"rendered":"<p>Impressum KontinenzZentrum AG Klinik Hirslanden Witellikerstrasse 40 CH - 8032 Z\u00fcrich T F E Gesamtleitung Prof. Dr. med. Andr\u00e9 Reitz Realisation firmennest, Berlin, Deutschland Layout Keybits, Essen, Deutschland \u00a9 2023 KontinenzZentrum Hirslanden, Z\u00fcrich, Schweiz \u00a9 Alle Fotos - DAS BILD Judith Stadler, Andr\u00e9 Uster Alle Rechte vorbehalten Disclaimer ALLGEMEINE NUTZUNGSBEDINGUNGEN 1. Geltungsbereich Die Website www.kontinenzzentrum.ch [&hellip;]<\/p>\n","protected":false},"author":1,"featured_media":2005,"parent":2011,"menu_order":0,"comment_status":"closed","ping_status":"closed","template":"","meta":{"_acf_changed":false,"footnotes":""},"class_list":["post-28","page","type-page","status-publish","has-post-thumbnail","hentry"],"acf":[],"yoast_head":"<!-- This site is optimized with the Yoast SEO plugin v26.9 - https:\/\/yoast.com\/product\/yoast-seo-wordpress\/ -->\n<title>Impressum - KontinenzZentrum<\/title>\n<meta name=\"robots\" content=\"index, follow, max-snippet:-1, max-image-preview:large, max-video-preview:-1\" \/>\n<link rel=\"canonical\" href=\"https:\/\/www.kontinenzzentrum.ch\/de\/extra\/impressum.html\" \/>\n<meta property=\"og:locale\" content=\"de_DE\" \/>\n<meta property=\"og:type\" content=\"article\" \/>\n<meta property=\"og:title\" content=\"Impressum - KontinenzZentrum\" \/>\n<meta property=\"og:description\" content=\"Impressum KontinenzZentrum AG Klinik Hirslanden Witellikerstrasse 40 CH - 8032 Z\u00fcrich T F E Gesamtleitung Prof. Dr. med. Andr\u00e9 Reitz Realisation firmennest, Berlin, Deutschland Layout Keybits, Essen, Deutschland \u00a9 2023 KontinenzZentrum Hirslanden, Z\u00fcrich, Schweiz \u00a9 Alle Fotos - DAS BILD Judith Stadler, Andr\u00e9 Uster Alle Rechte vorbehalten Disclaimer ALLGEMEINE NUTZUNGSBEDINGUNGEN 1. Geltungsbereich Die Website www.kontinenzzentrum.ch [&hellip;]\" \/>\n<meta property=\"og:url\" content=\"https:\/\/www.kontinenzzentrum.ch\/de\/extra\/impressum.html\" \/>\n<meta property=\"og:site_name\" content=\"KontinenzZentrum\" \/>\n<meta property=\"article:modified_time\" content=\"2024-08-05T12:50:22+00:00\" \/>\n<meta property=\"og:image\" content=\"https:\/\/www.kontinenzzentrum.ch\/wp-content\/uploads\/extra-praxisansicht-11699.jpeg\" \/>\n\t<meta property=\"og:image:width\" content=\"1920\" \/>\n\t<meta property=\"og:image:height\" content=\"450\" \/>\n\t<meta property=\"og:image:type\" content=\"image\/jpeg\" \/>\n<meta name=\"twitter:card\" content=\"summary_large_image\" \/>\n<meta name=\"twitter:label1\" content=\"Gesch\u00e4tzte Lesezeit\" \/>\n\t<meta name=\"twitter:data1\" content=\"7\u00a0Minuten\" \/>\n<script type=\"application\/ld+json\" class=\"yoast-schema-graph\">{\"@context\":\"https:\/\/schema.org\",\"@graph\":[{\"@type\":\"WebPage\",\"@id\":\"https:\/\/www.kontinenzzentrum.ch\/de\/extra\/impressum.html\",\"url\":\"https:\/\/www.kontinenzzentrum.ch\/de\/extra\/impressum.html\",\"name\":\"Impressum - KontinenzZentrum\",\"isPartOf\":{\"@id\":\"https:\/\/www.kontinenzzentrum.ch\/de\/#website\"},\"primaryImageOfPage\":{\"@id\":\"https:\/\/www.kontinenzzentrum.ch\/de\/extra\/impressum.html#primaryimage\"},\"image\":{\"@id\":\"https:\/\/www.kontinenzzentrum.ch\/de\/extra\/impressum.html#primaryimage\"},\"thumbnailUrl\":\"https:\/\/www.kontinenzzentrum.ch\/wp-content\/uploads\/extra-praxisansicht-11699.jpeg\",\"datePublished\":\"2022-08-02T10:16:26+00:00\",\"dateModified\":\"2024-08-05T12:50:22+00:00\",\"breadcrumb\":{\"@id\":\"https:\/\/www.kontinenzzentrum.ch\/de\/extra\/impressum.html#breadcrumb\"},\"inLanguage\":\"de\",\"potentialAction\":[{\"@type\":\"ReadAction\",\"target\":[\"https:\/\/www.kontinenzzentrum.ch\/de\/extra\/impressum.html\"]}]},{\"@type\":\"ImageObject\",\"inLanguage\":\"de\",\"@id\":\"https:\/\/www.kontinenzzentrum.ch\/de\/extra\/impressum.html#primaryimage\",\"url\":\"https:\/\/www.kontinenzzentrum.ch\/wp-content\/uploads\/extra-praxisansicht-11699.jpeg\",\"contentUrl\":\"https:\/\/www.kontinenzzentrum.ch\/wp-content\/uploads\/extra-praxisansicht-11699.jpeg\",\"width\":1920,\"height\":450},{\"@type\":\"BreadcrumbList\",\"@id\":\"https:\/\/www.kontinenzzentrum.ch\/de\/extra\/impressum.html#breadcrumb\",\"itemListElement\":[{\"@type\":\"ListItem\",\"position\":1,\"name\":\"Startseite\",\"item\":\"https:\/\/www.kontinenzzentrum.ch\/de\"},{\"@type\":\"ListItem\",\"position\":2,\"name\":\"Extra\",\"item\":\"https:\/\/www.kontinenzzentrum.ch\/de\/extra.html\"},{\"@type\":\"ListItem\",\"position\":3,\"name\":\"Impressum\"}]},{\"@type\":\"WebSite\",\"@id\":\"https:\/\/www.kontinenzzentrum.ch\/de\/#website\",\"url\":\"https:\/\/www.kontinenzzentrum.ch\/de\/\",\"name\":\"KontinenzZentrum Hirslanden Z\u00fcrich\",\"description\":\"KontinenzZentrum Hirslanden Z\u00fcrich: Blasenst\u00f6rungen & Inkontinenz\",\"publisher\":{\"@id\":\"https:\/\/www.kontinenzzentrum.ch\/de\/#organization\"},\"potentialAction\":[{\"@type\":\"SearchAction\",\"target\":{\"@type\":\"EntryPoint\",\"urlTemplate\":\"https:\/\/www.kontinenzzentrum.ch\/de\/?s={search_term_string}\"},\"query-input\":{\"@type\":\"PropertyValueSpecification\",\"valueRequired\":true,\"valueName\":\"search_term_string\"}}],\"inLanguage\":\"de\"},{\"@type\":\"Organization\",\"@id\":\"https:\/\/www.kontinenzzentrum.ch\/de\/#organization\",\"name\":\"KontinenzZentrum Hirslanden Z\u00fcrich\",\"url\":\"https:\/\/www.kontinenzzentrum.ch\/de\/\",\"logo\":{\"@type\":\"ImageObject\",\"inLanguage\":\"de\",\"@id\":\"https:\/\/www.kontinenzzentrum.ch\/de\/#\/schema\/logo\/image\/\",\"url\":\"https:\/\/www.kontinenzzentrum.ch\/wp-content\/uploads\/Logo_KontinenzZentrum.png\",\"contentUrl\":\"https:\/\/www.kontinenzzentrum.ch\/wp-content\/uploads\/Logo_KontinenzZentrum.png\",\"width\":800,\"height\":142,\"caption\":\"KontinenzZentrum Hirslanden Z\u00fcrich\"},\"image\":{\"@id\":\"https:\/\/www.kontinenzzentrum.ch\/de\/#\/schema\/logo\/image\/\"}}]}<\/script>\n<!-- \/ Yoast SEO plugin. -->","yoast_head_json":{"title":"Impressum - KontinenzZentrum","robots":{"index":"index","follow":"follow","max-snippet":"max-snippet:-1","max-image-preview":"max-image-preview:large","max-video-preview":"max-video-preview:-1"},"canonical":"https:\/\/www.kontinenzzentrum.ch\/de\/extra\/impressum.html","og_locale":"de_DE","og_type":"article","og_title":"Impressum - KontinenzZentrum","og_description":"Impressum KontinenzZentrum AG Klinik Hirslanden Witellikerstrasse 40 CH - 8032 Z\u00fcrich T F E Gesamtleitung Prof. Dr. med. Andr\u00e9 Reitz Realisation firmennest, Berlin, Deutschland Layout Keybits, Essen, Deutschland \u00a9 2023 KontinenzZentrum Hirslanden, Z\u00fcrich, Schweiz \u00a9 Alle Fotos - DAS BILD Judith Stadler, Andr\u00e9 Uster Alle Rechte vorbehalten Disclaimer ALLGEMEINE NUTZUNGSBEDINGUNGEN 1. Geltungsbereich Die Website www.kontinenzzentrum.ch [&hellip;]","og_url":"https:\/\/www.kontinenzzentrum.ch\/de\/extra\/impressum.html","og_site_name":"KontinenzZentrum","article_modified_time":"2024-08-05T12:50:22+00:00","og_image":[{"width":1920,"height":450,"url":"https:\/\/www.kontinenzzentrum.ch\/wp-content\/uploads\/extra-praxisansicht-11699.jpeg","type":"image\/jpeg"}],"twitter_card":"summary_large_image","twitter_misc":{"Gesch\u00e4tzte Lesezeit":"7\u00a0Minuten"},"schema":{"@context":"https:\/\/schema.org","@graph":[{"@type":"WebPage","@id":"https:\/\/www.kontinenzzentrum.ch\/de\/extra\/impressum.html","url":"https:\/\/www.kontinenzzentrum.ch\/de\/extra\/impressum.html","name":"Impressum - KontinenzZentrum","isPartOf":{"@id":"https:\/\/www.kontinenzzentrum.ch\/de\/#website"},"primaryImageOfPage":{"@id":"https:\/\/www.kontinenzzentrum.ch\/de\/extra\/impressum.html#primaryimage"},"image":{"@id":"https:\/\/www.kontinenzzentrum.ch\/de\/extra\/impressum.html#primaryimage"},"thumbnailUrl":"https:\/\/www.kontinenzzentrum.ch\/wp-content\/uploads\/extra-praxisansicht-11699.jpeg","datePublished":"2022-08-02T10:16:26+00:00","dateModified":"2024-08-05T12:50:22+00:00","breadcrumb":{"@id":"https:\/\/www.kontinenzzentrum.ch\/de\/extra\/impressum.html#breadcrumb"},"inLanguage":"de","potentialAction":[{"@type":"ReadAction","target":["https:\/\/www.kontinenzzentrum.ch\/de\/extra\/impressum.html"]}]},{"@type":"ImageObject","inLanguage":"de","@id":"https:\/\/www.kontinenzzentrum.ch\/de\/extra\/impressum.html#primaryimage","url":"https:\/\/www.kontinenzzentrum.ch\/wp-content\/uploads\/extra-praxisansicht-11699.jpeg","contentUrl":"https:\/\/www.kontinenzzentrum.ch\/wp-content\/uploads\/extra-praxisansicht-11699.jpeg","width":1920,"height":450},{"@type":"BreadcrumbList","@id":"https:\/\/www.kontinenzzentrum.ch\/de\/extra\/impressum.html#breadcrumb","itemListElement":[{"@type":"ListItem","position":1,"name":"Startseite","item":"https:\/\/www.kontinenzzentrum.ch\/de"},{"@type":"ListItem","position":2,"name":"Extra","item":"https:\/\/www.kontinenzzentrum.ch\/de\/extra.html"},{"@type":"ListItem","position":3,"name":"Impressum"}]},{"@type":"WebSite","@id":"https:\/\/www.kontinenzzentrum.ch\/de\/#website","url":"https:\/\/www.kontinenzzentrum.ch\/de\/","name":"KontinenzZentrum Hirslanden Z\u00fcrich","description":"KontinenzZentrum Hirslanden Z\u00fcrich: Blasenst\u00f6rungen & Inkontinenz","publisher":{"@id":"https:\/\/www.kontinenzzentrum.ch\/de\/#organization"},"potentialAction":[{"@type":"SearchAction","target":{"@type":"EntryPoint","urlTemplate":"https:\/\/www.kontinenzzentrum.ch\/de\/?s={search_term_string}"},"query-input":{"@type":"PropertyValueSpecification","valueRequired":true,"valueName":"search_term_string"}}],"inLanguage":"de"},{"@type":"Organization","@id":"https:\/\/www.kontinenzzentrum.ch\/de\/#organization","name":"KontinenzZentrum Hirslanden Z\u00fcrich","url":"https:\/\/www.kontinenzzentrum.ch\/de\/","logo":{"@type":"ImageObject","inLanguage":"de","@id":"https:\/\/www.kontinenzzentrum.ch\/de\/#\/schema\/logo\/image\/","url":"https:\/\/www.kontinenzzentrum.ch\/wp-content\/uploads\/Logo_KontinenzZentrum.png","contentUrl":"https:\/\/www.kontinenzzentrum.ch\/wp-content\/uploads\/Logo_KontinenzZentrum.png","width":800,"height":142,"caption":"KontinenzZentrum Hirslanden Z\u00fcrich"},"image":{"@id":"https:\/\/www.kontinenzzentrum.ch\/de\/#\/schema\/logo\/image\/"}}]}},"_links":{"self":[{"href":"https:\/\/www.kontinenzzentrum.ch\/de\/wp-json\/wp\/v2\/pages\/28","targetHints":{"allow":["GET"]}}],"collection":[{"href":"https:\/\/www.kontinenzzentrum.ch\/de\/wp-json\/wp\/v2\/pages"}],"about":[{"href":"https:\/\/www.kontinenzzentrum.ch\/de\/wp-json\/wp\/v2\/types\/page"}],"author":[{"embeddable":true,"href":"https:\/\/www.kontinenzzentrum.ch\/de\/wp-json\/wp\/v2\/users\/1"}],"replies":[{"embeddable":true,"href":"https:\/\/www.kontinenzzentrum.ch\/de\/wp-json\/wp\/v2\/comments?post=28"}],"version-history":[{"count":19,"href":"https:\/\/www.kontinenzzentrum.ch\/de\/wp-json\/wp\/v2\/pages\/28\/revisions"}],"predecessor-version":[{"id":138,"href":"https:\/\/www.kontinenzzentrum.ch\/de\/wp-json\/wp\/v2\/pages\/28\/revisions\/138"}],"up":[{"embeddable":true,"href":"https:\/\/www.kontinenzzentrum.ch\/de\/wp-json\/wp\/v2\/pages\/2011"}],"wp:featuredmedia":[{"embeddable":true,"href":"https:\/\/www.kontinenzzentrum.ch\/de\/wp-json\/wp\/v2\/media\/2005"}],"wp:attachment":[{"href":"https:\/\/www.kontinenzzentrum.ch\/de\/wp-json\/wp\/v2\/media?parent=28"}],"curies":[{"name":"wp","href":"https:\/\/api.w.org\/{rel}","templated":true}]}}