{"id":370,"date":"2023-02-09T15:12:47","date_gmt":"2023-02-09T14:12:47","guid":{"rendered":"https:\/\/www.kontinenzzentrum.ch\/?page_id=370"},"modified":"2025-10-01T11:47:19","modified_gmt":"2025-10-01T09:47:19","slug":"erkrankungen","status":"publish","type":"page","link":"https:\/\/www.kontinenzzentrum.ch\/de\/erkrankungen.html","title":{"rendered":"Erkrankungen"},"content":{"rendered":"<div id=\"pl-370\"  class=\"panel-layout\" ><div id=\"pg-370-0\"  class=\"panel-grid panel-no-style\" ><div id=\"pgc-370-0-0\"  class=\"panel-grid-cell\" ><div id=\"panel-370-0-0-0\" class=\"so-panel widget widget_sow-editor panel-first-child\" data-index=\"0\" ><div\n\t\t\t\n\t\t\tclass=\"so-widget-sow-editor so-widget-sow-editor-base\"\n\t\t\t\n\t\t>\n<div class=\"siteorigin-widget-tinymce textwidget\">\n\t<h1>Blasenst\u00f6rung, Inkontinenz, Senkung und Schmerz im Becken<\/h1>\n<h3>als Folge anderer Erkrankungen<\/h3>\n<\/div>\n<\/div><\/div><div id=\"panel-370-0-0-1\" class=\"so-panel widget widget_sow-editor panel-last-child\" data-index=\"1\" ><div\n\t\t\t\n\t\t\tclass=\"so-widget-sow-editor so-widget-sow-editor-base\"\n\t\t\t\n\t\t>\n<div class=\"siteorigin-widget-tinymce textwidget\">\n\t<p><a title=\"Blasenfunktionsst\u00f6rungen\" href=\"https:\/\/www.kontinenzzentrum.ch\/de\/erkrankungen\/blasenfunktionsstoerung.html\">Blasenfunktionsst\u00f6rungen<\/a>\u00a0oder eine\u00a0<a title=\"Urininkontinenz - Diagnose und Behandlung\" href=\"https:\/\/www.kontinenzzentrum.ch\/de\/kompetenzen\/inkontinenz.html\">Urininkontinenz<\/a>\u00a0k\u00f6nnen als Begleiterscheinungen einer ganzen Reihe von Erkrankungen auftreten.<\/p>\n<p>Eine vergr\u00f6\u00dferte Prostata kann zu h\u00e4ufigem n\u00e4chtlichen Wasserlassen und l\u00e4stigem Harndrang f\u00fchren. Eine\u00a0<a title=\"Prostata Operation\" href=\"https:\/\/www.kontinenzzentrum.ch\/de\/untersuchung-und-therapie\/operationen-der-prostata.html\">Prostata-Operation<\/a>\u00a0bei Prostatakrebs kann eine Inkontinenz zur Folge haben.<\/p>\n<p><strong>Erkrankungen des Nervensystems<\/strong>\u00a0wie die Multiple Sklerose, die Parkinsonerkrankung oder ein Schlaganfall haben h\u00e4ufig auch ein Blasenproblem oder eine Inkontinenz zu Folge.<\/p>\n<p>Unf\u00e4lle oder Verletzungen wie die ein\u00a0<strong>Sch\u00e4delhirntrauma<\/strong>\u00a0oder eine\u00a0<strong>Querschnittl\u00e4hmung<\/strong>\u00a0f\u00fchren in den allermeisten F\u00e4llen zur einer Fehlfunktion des Harntraktes.<\/p>\n<p><strong>Geburten<\/strong>\u00a0oder eine\u00a0<strong>Bindegewebsschw\u00e4che<\/strong>\u00a0f\u00fchrt bei vielen Frauen zu einem unwillk\u00fcrlichen Harnverlust bei k\u00f6rperlicher Anstrengung oder beim Husten und Niesen. Bei schwierigen und langwierigen Verl\u00e4ufen kann es dabei direkt oder auch erst sp\u00e4ter mit fortgeschrittenem Alter und einsetzen der Menopause zu\u00a0<strong>Organsenkungen<\/strong>\u00a0im Becken kommen.<\/p>\n<p>Die Volkskrankheit\u00a0<strong>Diabetes mellitus<\/strong>\u00a0kann zu einer Blasenl\u00e4hmung f\u00fchren, die Liste lie\u00dfe sich beliebig fortsetzen.<\/p>\n<p>Auf den folgenden Seiten erfahren Sie mehr \u00fcber die Erkrankungen, die zu\u00a0<a href=\"https:\/\/www.kontinenzzentrum.ch\/de\/kompetenzen\/inkontinenz.html\">Inkontinenz<\/a>, Blasenst\u00f6rungen, Organsenkungen, Schmerzen, Entz\u00fcndungen etc. f\u00fchren k\u00f6nnen.<\/p>\n<\/div>\n<\/div><\/div><\/div><div id=\"pgc-370-0-1\"  class=\"panel-grid-cell\" ><div id=\"panel-370-0-1-0\" class=\"so-panel widget widget_fn-image-text-widget panel-first-child panel-last-child\" data-index=\"2\" ><div\n\t\t\t\n\t\t\tclass=\"so-widget-fn-image-text-widget so-widget-fn-image-text-widget-base\"\n\t\t\t\n\t\t><div class=\"uk-child-width-1-1 uk-child-width-1-1@s uk-child-width-1-1@m uk-grid-match\" uk-grid><div><div class=\"uk-card-media-top\">\n                <img decoding=\"async\" width=\"450\" height=\"577\" src=\"https:\/\/www.kontinenzzentrum.ch\/wp-content\/uploads\/erkrankungen-koerperquerschnitt.png\" class=\"attachment-full size-full\" alt=\"\" srcset=\"https:\/\/www.kontinenzzentrum.ch\/wp-content\/uploads\/erkrankungen-koerperquerschnitt.png 450w, https:\/\/www.kontinenzzentrum.ch\/wp-content\/uploads\/erkrankungen-koerperquerschnitt-234x300.png 234w\" sizes=\"(max-width: 450px) 100vw, 450px\" \/>            <\/div><div class=\"fn-text-image uk-background-muted\">\n              <p>Nervenverbindungen zwischen Gehirn und Blase:<br \/>\n(1) Miktionszentrum im Gro\u00dfhirn,<br \/>\n(2) Miktionszentrumim Hirnstamm,<br \/>\n(3) R\u00fcckenmark, (4) sakrales (Kreuzbein-) Reflexzentrum, (5) Nervus hypogastricus,<br \/>\n(6) Nervus pelvicus (Beckennerv), (7) Nervus pudendus, (8) Blase, (9) Beckenboden,<br \/>\n(10) Schlie\u00dfmuskel, (11) Harnr\u00f6hre<\/p>\n          <\/div>\n      <\/div><\/div><\/div><\/div><\/div><\/div><div id=\"pg-370-1\"  class=\"panel-grid panel-no-style\" ><div id=\"pgc-370-1-0\"  class=\"panel-grid-cell\" ><div id=\"panel-370-1-0-0\" class=\"so-panel widget widget_fn-info-box-widget panel-first-child panel-last-child\" data-index=\"3\" ><div\n\t\t\t\n\t\t\tclass=\"so-widget-fn-info-box-widget so-widget-fn-info-box-widget-base\"\n\t\t\t\n\t\t><div class=\"uk-child-width-1-1 uk-grid-match\" uk-grid><div>\n        <div class=\"fn-info-box-title\">\n          <div class=\"uk-grid-small\" uk-grid>            <div class=\"uk-width-auto\"><img decoding=\"async\" src=\"https:\/\/www.kontinenzzentrum.ch\/wp-content\/uploads\/ICON_kontakt.svg\" class=\"attachment-small size-small\" alt=\"\" \/>            <\/div>            <div class=\"uk-width-expand\">\n              <h4 class=\"uk-h3\">Informieren Sie sich \u00fcber Erkrankungen, die zu Inkontinenz f\u00fchren k\u00f6nnen<\/h4>\n            <\/div>\n          <\/div>\n        <\/div>\n        <div class=\"fn-info-box-content\">\n              <p>Kontaktieren Sie uns f\u00fcr ein Beratungsgespr\u00e4ch, wenn Sie von einer Blasenst\u00f6rung oder Senkung aufgrund einer Erkrankung betroffen sind. Wir informieren Sie gerne \u00fcber Ihre individuellen Diagnose- und Behandlungsm\u00f6glichkeiten.<\/p>\n<p>Sie erreichen unser Zentrum (KontinenzZentrum Hirslanden in Z\u00fcrich) von Montag bis Freitag zwischen 8 und 17 Uhr. Vereinbaren Sie gerne einen Termin per Telefon oder \u00fcber unsere Online Terminvereinbarung.<\/p>\n<p><div class=\"uk-flex uk-child-width-auto uk-grid-small\" uk-grid><div><a class=\"uk-button uk-button-primary\" href=\"tel:+41443872910\"><i class=\"fas fa-phone-alt uk-margin-small-right\"><\/i>+41 44 387 29 10<\/a><\/div><div><a class=\"uk-button uk-button-primary\" href=\"https:\/\/www.kontinenzzentrum.ch\/de\/ueber-uns\/termin.html\"><i class=\"fas fa-comments uk-margin-small-right\"><\/i>Online Terminvereinbarung<\/a><\/div><\/div><\/p>\n        <\/div>\n      <\/div><\/div><\/div><\/div><\/div><\/div><div id=\"pg-370-2\"  class=\"panel-grid panel-has-style\" ><div class=\"fn-lines panel-row-style panel-row-style-for-370-2\" ><div id=\"pgc-370-2-0\"  class=\"panel-grid-cell\" ><div id=\"panel-370-2-0-0\" class=\"so-panel widget widget_sow-editor panel-first-child panel-last-child\" data-index=\"4\" ><div\n\t\t\t\n\t\t\tclass=\"so-widget-sow-editor so-widget-sow-editor-base\"\n\t\t\t\n\t\t>\n<div class=\"siteorigin-widget-tinymce textwidget\">\n\t<h4>Mehr Informationen zu einzelnen Erkrankungen:<\/h4>\n<ul>\n<li><a class=\"\" href=\"https:\/\/www.kontinenzzentrum.ch\/de\/erkrankungen\/inkontinenzformen.html\">Inkontinenzformen<\/a><\/li>\n<li><a class=\"\" href=\"https:\/\/www.kontinenzzentrum.ch\/de\/erkrankungen\/blasenfunktionsstoerung.html\">Blasenfunktionsst\u00f6rung<\/a><\/li>\n<li><a class=\"\" href=\"https:\/\/www.kontinenzzentrum.ch\/de\/erkrankungen\/neurogene-blasenstoerungen.html\">Neurogene Blasenst\u00f6rungen<\/a><\/li>\n<li><a class=\"\" href=\"https:\/\/www.kontinenzzentrum.ch\/de\/erkrankungen\/schmerz-und-entzuendungen.html\">Schmerz &amp; Entz\u00fcndungen<\/a><\/li>\n<li><a class=\"\" href=\"https:\/\/www.kontinenzzentrum.ch\/de\/erkrankungen\/senkungen-im-becken.html\">Senkungen im Becken<\/a><\/li>\n<\/ul>\n<\/div>\n<\/div><\/div><\/div><\/div><\/div><\/div>","protected":false},"excerpt":{"rendered":"<p>Blasenst\u00f6rung, Inkontinenz, Senkung und Schmerz im Becken als Folge anderer Erkrankungen Blasenfunktionsst\u00f6rungen\u00a0oder eine\u00a0Urininkontinenz\u00a0k\u00f6nnen als Begleiterscheinungen einer ganzen Reihe von Erkrankungen auftreten. Eine vergr\u00f6\u00dferte Prostata kann zu h\u00e4ufigem n\u00e4chtlichen Wasserlassen und l\u00e4stigem Harndrang f\u00fchren. Eine\u00a0Prostata-Operation\u00a0bei Prostatakrebs kann eine Inkontinenz zur Folge haben. Erkrankungen des Nervensystems\u00a0wie die Multiple Sklerose, die Parkinsonerkrankung oder ein Schlaganfall haben h\u00e4ufig auch [&hellip;]<\/p>\n","protected":false},"author":1,"featured_media":375,"parent":0,"menu_order":0,"comment_status":"closed","ping_status":"closed","template":"","meta":{"_acf_changed":false,"footnotes":""},"class_list":["post-370","page","type-page","status-publish","has-post-thumbnail","hentry"],"acf":[],"yoast_head":"<!-- This site is optimized with the Yoast SEO plugin v26.9 - https:\/\/yoast.com\/product\/yoast-seo-wordpress\/ -->\n<title>Erkrankungen - KontinenzZentrum<\/title>\n<meta name=\"robots\" content=\"index, follow, max-snippet:-1, max-image-preview:large, max-video-preview:-1\" \/>\n<link rel=\"canonical\" href=\"https:\/\/www.kontinenzzentrum.ch\/de\/erkrankungen.html\" \/>\n<meta property=\"og:locale\" content=\"de_DE\" \/>\n<meta property=\"og:type\" content=\"article\" \/>\n<meta property=\"og:title\" content=\"Erkrankungen - KontinenzZentrum\" \/>\n<meta property=\"og:description\" content=\"Blasenst\u00f6rung, Inkontinenz, Senkung und Schmerz im Becken als Folge anderer Erkrankungen Blasenfunktionsst\u00f6rungen\u00a0oder eine\u00a0Urininkontinenz\u00a0k\u00f6nnen als Begleiterscheinungen einer ganzen Reihe von Erkrankungen auftreten. Eine vergr\u00f6\u00dferte Prostata kann zu h\u00e4ufigem n\u00e4chtlichen Wasserlassen und l\u00e4stigem Harndrang f\u00fchren. Eine\u00a0Prostata-Operation\u00a0bei Prostatakrebs kann eine Inkontinenz zur Folge haben. Erkrankungen des Nervensystems\u00a0wie die Multiple Sklerose, die Parkinsonerkrankung oder ein Schlaganfall haben h\u00e4ufig auch [&hellip;]\" \/>\n<meta property=\"og:url\" content=\"https:\/\/www.kontinenzzentrum.ch\/de\/erkrankungen.html\" \/>\n<meta property=\"og:site_name\" content=\"KontinenzZentrum\" \/>\n<meta property=\"article:modified_time\" content=\"2025-10-01T09:47:19+00:00\" \/>\n<meta property=\"og:image\" content=\"https:\/\/www.kontinenzzentrum.ch\/wp-content\/uploads\/erkrankungen-213393.jpeg\" \/>\n\t<meta property=\"og:image:width\" content=\"1920\" \/>\n\t<meta property=\"og:image:height\" content=\"450\" \/>\n\t<meta property=\"og:image:type\" content=\"image\/jpeg\" \/>\n<meta name=\"twitter:card\" content=\"summary_large_image\" \/>\n<meta name=\"twitter:label1\" content=\"Gesch\u00e4tzte Lesezeit\" \/>\n\t<meta name=\"twitter:data1\" content=\"3\u00a0Minuten\" \/>\n<script type=\"application\/ld+json\" class=\"yoast-schema-graph\">{\"@context\":\"https:\/\/schema.org\",\"@graph\":[{\"@type\":\"WebPage\",\"@id\":\"https:\/\/www.kontinenzzentrum.ch\/de\/erkrankungen.html\",\"url\":\"https:\/\/www.kontinenzzentrum.ch\/de\/erkrankungen.html\",\"name\":\"Erkrankungen - KontinenzZentrum\",\"isPartOf\":{\"@id\":\"https:\/\/www.kontinenzzentrum.ch\/de\/#website\"},\"primaryImageOfPage\":{\"@id\":\"https:\/\/www.kontinenzzentrum.ch\/de\/erkrankungen.html#primaryimage\"},\"image\":{\"@id\":\"https:\/\/www.kontinenzzentrum.ch\/de\/erkrankungen.html#primaryimage\"},\"thumbnailUrl\":\"https:\/\/www.kontinenzzentrum.ch\/wp-content\/uploads\/erkrankungen-213393.jpeg\",\"datePublished\":\"2023-02-09T14:12:47+00:00\",\"dateModified\":\"2025-10-01T09:47:19+00:00\",\"breadcrumb\":{\"@id\":\"https:\/\/www.kontinenzzentrum.ch\/de\/erkrankungen.html#breadcrumb\"},\"inLanguage\":\"de\",\"potentialAction\":[{\"@type\":\"ReadAction\",\"target\":[\"https:\/\/www.kontinenzzentrum.ch\/de\/erkrankungen.html\"]}]},{\"@type\":\"ImageObject\",\"inLanguage\":\"de\",\"@id\":\"https:\/\/www.kontinenzzentrum.ch\/de\/erkrankungen.html#primaryimage\",\"url\":\"https:\/\/www.kontinenzzentrum.ch\/wp-content\/uploads\/erkrankungen-213393.jpeg\",\"contentUrl\":\"https:\/\/www.kontinenzzentrum.ch\/wp-content\/uploads\/erkrankungen-213393.jpeg\",\"width\":1920,\"height\":450},{\"@type\":\"BreadcrumbList\",\"@id\":\"https:\/\/www.kontinenzzentrum.ch\/de\/erkrankungen.html#breadcrumb\",\"itemListElement\":[{\"@type\":\"ListItem\",\"position\":1,\"name\":\"Startseite\",\"item\":\"https:\/\/www.kontinenzzentrum.ch\/de\"},{\"@type\":\"ListItem\",\"position\":2,\"name\":\"Erkrankungen\"}]},{\"@type\":\"WebSite\",\"@id\":\"https:\/\/www.kontinenzzentrum.ch\/de\/#website\",\"url\":\"https:\/\/www.kontinenzzentrum.ch\/de\/\",\"name\":\"KontinenzZentrum Hirslanden Z\u00fcrich\",\"description\":\"KontinenzZentrum Hirslanden Z\u00fcrich: Blasenst\u00f6rungen & Inkontinenz\",\"publisher\":{\"@id\":\"https:\/\/www.kontinenzzentrum.ch\/de\/#organization\"},\"potentialAction\":[{\"@type\":\"SearchAction\",\"target\":{\"@type\":\"EntryPoint\",\"urlTemplate\":\"https:\/\/www.kontinenzzentrum.ch\/de\/?s={search_term_string}\"},\"query-input\":{\"@type\":\"PropertyValueSpecification\",\"valueRequired\":true,\"valueName\":\"search_term_string\"}}],\"inLanguage\":\"de\"},{\"@type\":\"Organization\",\"@id\":\"https:\/\/www.kontinenzzentrum.ch\/de\/#organization\",\"name\":\"KontinenzZentrum Hirslanden Z\u00fcrich\",\"url\":\"https:\/\/www.kontinenzzentrum.ch\/de\/\",\"logo\":{\"@type\":\"ImageObject\",\"inLanguage\":\"de\",\"@id\":\"https:\/\/www.kontinenzzentrum.ch\/de\/#\/schema\/logo\/image\/\",\"url\":\"https:\/\/www.kontinenzzentrum.ch\/wp-content\/uploads\/Logo_KontinenzZentrum.png\",\"contentUrl\":\"https:\/\/www.kontinenzzentrum.ch\/wp-content\/uploads\/Logo_KontinenzZentrum.png\",\"width\":800,\"height\":142,\"caption\":\"KontinenzZentrum Hirslanden Z\u00fcrich\"},\"image\":{\"@id\":\"https:\/\/www.kontinenzzentrum.ch\/de\/#\/schema\/logo\/image\/\"}}]}<\/script>\n<!-- \/ Yoast SEO plugin. -->","yoast_head_json":{"title":"Erkrankungen - KontinenzZentrum","robots":{"index":"index","follow":"follow","max-snippet":"max-snippet:-1","max-image-preview":"max-image-preview:large","max-video-preview":"max-video-preview:-1"},"canonical":"https:\/\/www.kontinenzzentrum.ch\/de\/erkrankungen.html","og_locale":"de_DE","og_type":"article","og_title":"Erkrankungen - KontinenzZentrum","og_description":"Blasenst\u00f6rung, Inkontinenz, Senkung und Schmerz im Becken als Folge anderer Erkrankungen Blasenfunktionsst\u00f6rungen\u00a0oder eine\u00a0Urininkontinenz\u00a0k\u00f6nnen als Begleiterscheinungen einer ganzen Reihe von Erkrankungen auftreten. Eine vergr\u00f6\u00dferte Prostata kann zu h\u00e4ufigem n\u00e4chtlichen Wasserlassen und l\u00e4stigem Harndrang f\u00fchren. Eine\u00a0Prostata-Operation\u00a0bei Prostatakrebs kann eine Inkontinenz zur Folge haben. Erkrankungen des Nervensystems\u00a0wie die Multiple Sklerose, die Parkinsonerkrankung oder ein Schlaganfall haben h\u00e4ufig auch [&hellip;]","og_url":"https:\/\/www.kontinenzzentrum.ch\/de\/erkrankungen.html","og_site_name":"KontinenzZentrum","article_modified_time":"2025-10-01T09:47:19+00:00","og_image":[{"width":1920,"height":450,"url":"https:\/\/www.kontinenzzentrum.ch\/wp-content\/uploads\/erkrankungen-213393.jpeg","type":"image\/jpeg"}],"twitter_card":"summary_large_image","twitter_misc":{"Gesch\u00e4tzte Lesezeit":"3\u00a0Minuten"},"schema":{"@context":"https:\/\/schema.org","@graph":[{"@type":"WebPage","@id":"https:\/\/www.kontinenzzentrum.ch\/de\/erkrankungen.html","url":"https:\/\/www.kontinenzzentrum.ch\/de\/erkrankungen.html","name":"Erkrankungen - KontinenzZentrum","isPartOf":{"@id":"https:\/\/www.kontinenzzentrum.ch\/de\/#website"},"primaryImageOfPage":{"@id":"https:\/\/www.kontinenzzentrum.ch\/de\/erkrankungen.html#primaryimage"},"image":{"@id":"https:\/\/www.kontinenzzentrum.ch\/de\/erkrankungen.html#primaryimage"},"thumbnailUrl":"https:\/\/www.kontinenzzentrum.ch\/wp-content\/uploads\/erkrankungen-213393.jpeg","datePublished":"2023-02-09T14:12:47+00:00","dateModified":"2025-10-01T09:47:19+00:00","breadcrumb":{"@id":"https:\/\/www.kontinenzzentrum.ch\/de\/erkrankungen.html#breadcrumb"},"inLanguage":"de","potentialAction":[{"@type":"ReadAction","target":["https:\/\/www.kontinenzzentrum.ch\/de\/erkrankungen.html"]}]},{"@type":"ImageObject","inLanguage":"de","@id":"https:\/\/www.kontinenzzentrum.ch\/de\/erkrankungen.html#primaryimage","url":"https:\/\/www.kontinenzzentrum.ch\/wp-content\/uploads\/erkrankungen-213393.jpeg","contentUrl":"https:\/\/www.kontinenzzentrum.ch\/wp-content\/uploads\/erkrankungen-213393.jpeg","width":1920,"height":450},{"@type":"BreadcrumbList","@id":"https:\/\/www.kontinenzzentrum.ch\/de\/erkrankungen.html#breadcrumb","itemListElement":[{"@type":"ListItem","position":1,"name":"Startseite","item":"https:\/\/www.kontinenzzentrum.ch\/de"},{"@type":"ListItem","position":2,"name":"Erkrankungen"}]},{"@type":"WebSite","@id":"https:\/\/www.kontinenzzentrum.ch\/de\/#website","url":"https:\/\/www.kontinenzzentrum.ch\/de\/","name":"KontinenzZentrum Hirslanden Z\u00fcrich","description":"KontinenzZentrum Hirslanden Z\u00fcrich: Blasenst\u00f6rungen & Inkontinenz","publisher":{"@id":"https:\/\/www.kontinenzzentrum.ch\/de\/#organization"},"potentialAction":[{"@type":"SearchAction","target":{"@type":"EntryPoint","urlTemplate":"https:\/\/www.kontinenzzentrum.ch\/de\/?s={search_term_string}"},"query-input":{"@type":"PropertyValueSpecification","valueRequired":true,"valueName":"search_term_string"}}],"inLanguage":"de"},{"@type":"Organization","@id":"https:\/\/www.kontinenzzentrum.ch\/de\/#organization","name":"KontinenzZentrum Hirslanden Z\u00fcrich","url":"https:\/\/www.kontinenzzentrum.ch\/de\/","logo":{"@type":"ImageObject","inLanguage":"de","@id":"https:\/\/www.kontinenzzentrum.ch\/de\/#\/schema\/logo\/image\/","url":"https:\/\/www.kontinenzzentrum.ch\/wp-content\/uploads\/Logo_KontinenzZentrum.png","contentUrl":"https:\/\/www.kontinenzzentrum.ch\/wp-content\/uploads\/Logo_KontinenzZentrum.png","width":800,"height":142,"caption":"KontinenzZentrum Hirslanden Z\u00fcrich"},"image":{"@id":"https:\/\/www.kontinenzzentrum.ch\/de\/#\/schema\/logo\/image\/"}}]}},"_links":{"self":[{"href":"https:\/\/www.kontinenzzentrum.ch\/de\/wp-json\/wp\/v2\/pages\/370","targetHints":{"allow":["GET"]}}],"collection":[{"href":"https:\/\/www.kontinenzzentrum.ch\/de\/wp-json\/wp\/v2\/pages"}],"about":[{"href":"https:\/\/www.kontinenzzentrum.ch\/de\/wp-json\/wp\/v2\/types\/page"}],"author":[{"embeddable":true,"href":"https:\/\/www.kontinenzzentrum.ch\/de\/wp-json\/wp\/v2\/users\/1"}],"replies":[{"embeddable":true,"href":"https:\/\/www.kontinenzzentrum.ch\/de\/wp-json\/wp\/v2\/comments?post=370"}],"version-history":[{"count":19,"href":"https:\/\/www.kontinenzzentrum.ch\/de\/wp-json\/wp\/v2\/pages\/370\/revisions"}],"predecessor-version":[{"id":4614,"href":"https:\/\/www.kontinenzzentrum.ch\/de\/wp-json\/wp\/v2\/pages\/370\/revisions\/4614"}],"wp:featuredmedia":[{"embeddable":true,"href":"https:\/\/www.kontinenzzentrum.ch\/de\/wp-json\/wp\/v2\/media\/375"}],"wp:attachment":[{"href":"https:\/\/www.kontinenzzentrum.ch\/de\/wp-json\/wp\/v2\/media?parent=370"}],"curies":[{"name":"wp","href":"https:\/\/api.w.org\/{rel}","templated":true}]}}