{"id":394,"date":"2023-02-09T15:52:23","date_gmt":"2023-02-09T14:52:23","guid":{"rendered":"https:\/\/www.kontinenzzentrum.ch\/?page_id=394"},"modified":"2025-11-03T13:05:04","modified_gmt":"2025-11-03T12:05:04","slug":"blasenfunktionsstoerung","status":"publish","type":"page","link":"https:\/\/www.kontinenzzentrum.ch\/de\/erkrankungen\/blasenfunktionsstoerung.html","title":{"rendered":"Blasenfunktionsst\u00f6rung"},"content":{"rendered":"<div id=\"pl-394\"  class=\"panel-layout\" ><div id=\"pg-394-0\"  class=\"panel-grid panel-no-style\" ><div id=\"pgc-394-0-0\"  class=\"panel-grid-cell\" ><div id=\"panel-394-0-0-0\" class=\"so-panel widget widget_sow-editor panel-first-child panel-last-child\" data-index=\"0\" ><div\n\t\t\t\n\t\t\tclass=\"so-widget-sow-editor so-widget-sow-editor-base\"\n\t\t\t\n\t\t>\n<div class=\"siteorigin-widget-tinymce textwidget\">\n\t<h1>Blasenfunktionsst\u00f6rung<\/h1>\n<p><strong>Funktion der Blase<\/strong><\/p>\n<p>Die Harnblase und der Schliessmuskel sorgen im Zusammenspiel daf\u00fcr, dass der von den Nieren produzierte Urin eine Zeitlang in der Blase gespeichert und zu einem willk\u00fcrlich gew\u00e4hlten Zeitpunkt vollst\u00e4ndig entleert wird. Dabei soll w\u00e4hrend der Speicherung ein wasserdichter Verschluss bestehen und das Fassungsverm\u00f6gen der Blase ausreichen, um einen normalen Tagesablauf sowie eine ungest\u00f6rte Nachtruhe gew\u00e4hrleistet sein. Die Entleerung der Blase scherzfrei und vollst\u00e4ndig erfolgen.<\/p>\n<p><strong>Was passiert wenn Harnblase und Schliessmuskel gest\u00f6rt sind<\/strong><\/p>\n<p>Ist die Funktion von Harnblase und Schliessmuskel gest\u00f6rt, so hat dies h\u00e4ufig gravierende Auswirkungen auf die Lebensqualit\u00e4t. Blasenfunktionsst\u00f6rungen k\u00f6nnen bei einer Vielzahl von Erkrankungen als Begleiterscheinung auftreten oder sich als eigenst\u00e4ndiges Problem \u00e4ussern. Hierbei werden St\u00f6rungen der Harnspeicherung und der Harnentleerung unterschieden. Blasenfunktionsst\u00f6rungen sollten angemessen abgekl\u00e4rt und behandelt werden, da neben der eingeschr\u00e4nkten Lebensqualit\u00e4t auch Folgeerscheinungen und Komplikationen drohen. Eine\u00a0<a href=\"https:\/\/www.kontinenzzentrum.ch\/de\/untersuchung-und-therapie\/untersuchungsverfahren\/urodynamische-untersuchung.html\">urodynamische Messung<\/a>\u00a0kann zusammen mit\u00a0<a href=\"https:\/\/www.kontinenzzentrum.ch\/de\/untersuchung-und-therapie\/untersuchungsverfahren\/ultraschall-des-harntraktes.html\">Ultraschall<\/a>\u00a0und\u00a0<a href=\"https:\/\/www.kontinenzzentrum.ch\/de\/untersuchung-und-therapie\/untersuchungsverfahren\/roentgenuntersuchung.html\">R\u00f6ntgenuntersuchungen<\/a>\u00a0die Ursachen f\u00fcr Blasenfunktionsst\u00f6rungen ermitteln und Wege f\u00fcr eine effiziente Therapie aufzeigen.<\/p>\n<p><strong>Zu den\u00a0Blasenfunktionsst\u00f6rungen z\u00e4hlen folgende Krankheitsbilder:<\/strong><\/p>\n<\/div>\n<\/div><\/div><\/div><\/div><div id=\"pg-394-1\"  class=\"panel-grid panel-has-style\" ><div class=\"fn-lines panel-row-style panel-row-style-for-394-1\" ><div id=\"pgc-394-1-0\"  class=\"panel-grid-cell\" ><div id=\"panel-394-1-0-0\" class=\"so-panel widget widget_sow-editor panel-first-child panel-last-child\" data-index=\"1\" ><div\n\t\t\t\n\t\t\tclass=\"so-widget-sow-editor so-widget-sow-editor-base\"\n\t\t\t\n\t\t>\n<div class=\"siteorigin-widget-tinymce textwidget\">\n\t<ul>\n<li><a class=\"\" href=\"https:\/\/www.kontinenzzentrum.ch\/de\/erkrankungen\/blasenfunktionsstoerung\/altersblase.html\">Altersblase<\/a><\/li>\n<li><a class=\"\" href=\"https:\/\/www.kontinenzzentrum.ch\/de\/erkrankungen\/blasenfunktionsstoerung\/blasenentleerungsstoerung.html\">Blasenentleerungsst\u00f6rung<\/a><\/li>\n<li><a class=\"\" href=\"https:\/\/www.kontinenzzentrum.ch\/de\/erkrankungen\/blasenfunktionsstoerung\/blasenschwaeche.html\">Blasenschw\u00e4che<\/a><\/li>\n<li><a class=\"\" href=\"https:\/\/www.kontinenzzentrum.ch\/de\/erkrankungen\/blasenfunktionsstoerung\/gutartige-prostatavergroesserung.html\">Gutartige Prostatavergr\u00f6sserung<\/a><\/li>\n<\/ul>\n<\/div>\n<\/div><\/div><\/div><div id=\"pgc-394-1-1\"  class=\"panel-grid-cell\" ><div id=\"panel-394-1-1-0\" class=\"so-panel widget widget_sow-editor panel-first-child panel-last-child\" data-index=\"2\" ><div\n\t\t\t\n\t\t\tclass=\"so-widget-sow-editor so-widget-sow-editor-base\"\n\t\t\t\n\t\t>\n<div class=\"siteorigin-widget-tinymce textwidget\">\n\t<ul>\n<li><a class=\"\" href=\"https:\/\/www.kontinenzzentrum.ch\/de\/erkrankungen\/blasenfunktionsstoerung\/haeufiges-wasserlassen.html\">H\u00e4ufiges Wasserlassen<\/a><\/li>\n<li><a class=\"\" href=\"https:\/\/www.kontinenzzentrum.ch\/de\/erkrankungen\/blasenfunktionsstoerung\/reizblase.html\">Reizblase<\/a><\/li>\n<li><a class=\"\" href=\"https:\/\/www.kontinenzzentrum.ch\/de\/erkrankungen\/blasenfunktionsstoerung\/restharn-unvollstaendige-blasenentleerung.html\">Restharn: Unvollst\u00e4ndige Blasenentleerung<\/a><\/li>\n<\/ul>\n<\/div>\n<\/div><\/div><\/div><\/div><\/div><div id=\"pg-394-2\"  class=\"panel-grid panel-no-style\" ><div id=\"pgc-394-2-0\"  class=\"panel-grid-cell\" ><div id=\"panel-394-2-0-0\" class=\"so-panel widget widget_fn-info-box-widget panel-first-child panel-last-child\" data-index=\"3\" ><div\n\t\t\t\n\t\t\tclass=\"so-widget-fn-info-box-widget so-widget-fn-info-box-widget-base\"\n\t\t\t\n\t\t><div class=\"uk-child-width-1-1 uk-grid-match\" uk-grid><div>\n        <div class=\"fn-info-box-title\">\n          <div class=\"uk-grid-small\" uk-grid>            <div class=\"uk-width-auto\"><img decoding=\"async\" src=\"https:\/\/www.kontinenzzentrum.ch\/wp-content\/uploads\/ICON_kontakt.svg\" class=\"attachment-small size-small\" alt=\"\" \/>            <\/div>            <div class=\"uk-width-expand\">\n              <h4 class=\"uk-h3\">Informieren Sie sich zu Blasenfunktionsst\u00f6rungen<\/h4>\n            <\/div>\n          <\/div>\n        <\/div>\n        <div class=\"fn-info-box-content\">\n              <p><strong>Kontaktieren Sie uns<\/strong> f\u00fcr ein Beratungsgespr\u00e4ch, wir informieren Sie gerne \u00fcber Ihre individuellen Diagnose- und Behandlungsm\u00f6glichkeiten.<\/p>\n<p>Sie erreichen unser KontinenzZentrum in Hirslanden, Z\u00fcrich telefonisch unter <b><a class=\"\" href=\"tel:+41443872910\">+41 44 387 29 10<\/a><\/b>, per E-Mail unter <b><a class=\"\" href=\"mailto:k&#111;&#110;&#116;&#105;nenz&#122;en&#116;rum&#46;h&#105;r&#115;la&#110;d&#101;n&#64;h&#105;&#114;s&#108;an&#100;e&#110;&#46;c&#104;\">&#107;&#111;n&#116;&#105;&#110;en&#122;&#122;&#101;n&#116;&#114;um&#46;&#104;irsl&#97;&#110;den&#64;h&#105;&#114;&#115;&#108;&#97;&#110;de&#110;&#46;&#99;&#104;<\/a><\/b>\u00a0oder \u00fcber unser\u00a0<strong><a title=\"Nutzen Sie einfach unser Kontaktformular!\" href=\"https:\/\/www.kontinenzzentrum.ch\/de\/ueber-uns\/termin.html\">Kontaktformular<\/a><\/strong>.<\/p>\n<p><div class=\"uk-flex uk-child-width-auto uk-grid-small\" uk-grid><div><a class=\"uk-button uk-button-primary\" href=\"tel:+41443872910\"><i class=\"fas fa-phone-alt uk-margin-small-right\"><\/i>+41 44 387 29 10<\/a><\/div><div><a class=\"uk-button uk-button-primary\" href=\"https:\/\/www.kontinenzzentrum.ch\/de\/ueber-uns\/termin.html\"><i class=\"fas fa-comments uk-margin-small-right\"><\/i>Online Terminvereinbarung<\/a><\/div><\/div><\/p>\n        <\/div>\n      <\/div><\/div><\/div><\/div><\/div><\/div><\/div>","protected":false},"excerpt":{"rendered":"<p>Blasenfunktionsst\u00f6rung Funktion der Blase Die Harnblase und der Schliessmuskel sorgen im Zusammenspiel daf\u00fcr, dass der von den Nieren produzierte Urin eine Zeitlang in der Blase gespeichert und zu einem willk\u00fcrlich gew\u00e4hlten Zeitpunkt vollst\u00e4ndig entleert wird. Dabei soll w\u00e4hrend der Speicherung ein wasserdichter Verschluss bestehen und das Fassungsverm\u00f6gen der Blase ausreichen, um einen normalen Tagesablauf sowie [&hellip;]<\/p>\n","protected":false},"author":1,"featured_media":395,"parent":370,"menu_order":0,"comment_status":"closed","ping_status":"closed","template":"","meta":{"_acf_changed":false,"footnotes":""},"class_list":["post-394","page","type-page","status-publish","has-post-thumbnail","hentry"],"acf":[],"yoast_head":"<!-- This site is optimized with the Yoast SEO plugin v26.9 - https:\/\/yoast.com\/product\/yoast-seo-wordpress\/ -->\n<title>Blasenfunktionsst\u00f6rung - KontinenzZentrum<\/title>\n<meta name=\"robots\" content=\"index, follow, max-snippet:-1, max-image-preview:large, max-video-preview:-1\" \/>\n<link rel=\"canonical\" href=\"https:\/\/www.kontinenzzentrum.ch\/de\/erkrankungen\/blasenfunktionsstoerung.html\" \/>\n<meta property=\"og:locale\" content=\"de_DE\" \/>\n<meta property=\"og:type\" content=\"article\" \/>\n<meta property=\"og:title\" content=\"Blasenfunktionsst\u00f6rung - KontinenzZentrum\" \/>\n<meta property=\"og:description\" content=\"Blasenfunktionsst\u00f6rung Funktion der Blase Die Harnblase und der Schliessmuskel sorgen im Zusammenspiel daf\u00fcr, dass der von den Nieren produzierte Urin eine Zeitlang in der Blase gespeichert und zu einem willk\u00fcrlich gew\u00e4hlten Zeitpunkt vollst\u00e4ndig entleert wird. Dabei soll w\u00e4hrend der Speicherung ein wasserdichter Verschluss bestehen und das Fassungsverm\u00f6gen der Blase ausreichen, um einen normalen Tagesablauf sowie [&hellip;]\" \/>\n<meta property=\"og:url\" content=\"https:\/\/www.kontinenzzentrum.ch\/de\/erkrankungen\/blasenfunktionsstoerung.html\" \/>\n<meta property=\"og:site_name\" content=\"KontinenzZentrum\" \/>\n<meta property=\"article:modified_time\" content=\"2025-11-03T12:05:04+00:00\" \/>\n<meta property=\"og:image\" content=\"https:\/\/www.kontinenzzentrum.ch\/wp-content\/uploads\/untersuchung-blase.jpeg\" \/>\n\t<meta property=\"og:image:width\" content=\"1920\" \/>\n\t<meta property=\"og:image:height\" content=\"450\" \/>\n\t<meta property=\"og:image:type\" content=\"image\/jpeg\" \/>\n<meta name=\"twitter:card\" content=\"summary_large_image\" \/>\n<meta name=\"twitter:label1\" content=\"Gesch\u00e4tzte Lesezeit\" \/>\n\t<meta name=\"twitter:data1\" content=\"2\u00a0Minuten\" \/>\n<script type=\"application\/ld+json\" class=\"yoast-schema-graph\">{\"@context\":\"https:\/\/schema.org\",\"@graph\":[{\"@type\":\"WebPage\",\"@id\":\"https:\/\/www.kontinenzzentrum.ch\/de\/erkrankungen\/blasenfunktionsstoerung.html\",\"url\":\"https:\/\/www.kontinenzzentrum.ch\/de\/erkrankungen\/blasenfunktionsstoerung.html\",\"name\":\"Blasenfunktionsst\u00f6rung - KontinenzZentrum\",\"isPartOf\":{\"@id\":\"https:\/\/www.kontinenzzentrum.ch\/de\/#website\"},\"primaryImageOfPage\":{\"@id\":\"https:\/\/www.kontinenzzentrum.ch\/de\/erkrankungen\/blasenfunktionsstoerung.html#primaryimage\"},\"image\":{\"@id\":\"https:\/\/www.kontinenzzentrum.ch\/de\/erkrankungen\/blasenfunktionsstoerung.html#primaryimage\"},\"thumbnailUrl\":\"https:\/\/www.kontinenzzentrum.ch\/wp-content\/uploads\/untersuchung-blase.jpeg\",\"datePublished\":\"2023-02-09T14:52:23+00:00\",\"dateModified\":\"2025-11-03T12:05:04+00:00\",\"breadcrumb\":{\"@id\":\"https:\/\/www.kontinenzzentrum.ch\/de\/erkrankungen\/blasenfunktionsstoerung.html#breadcrumb\"},\"inLanguage\":\"de\",\"potentialAction\":[{\"@type\":\"ReadAction\",\"target\":[\"https:\/\/www.kontinenzzentrum.ch\/de\/erkrankungen\/blasenfunktionsstoerung.html\"]}]},{\"@type\":\"ImageObject\",\"inLanguage\":\"de\",\"@id\":\"https:\/\/www.kontinenzzentrum.ch\/de\/erkrankungen\/blasenfunktionsstoerung.html#primaryimage\",\"url\":\"https:\/\/www.kontinenzzentrum.ch\/wp-content\/uploads\/untersuchung-blase.jpeg\",\"contentUrl\":\"https:\/\/www.kontinenzzentrum.ch\/wp-content\/uploads\/untersuchung-blase.jpeg\",\"width\":1920,\"height\":450},{\"@type\":\"BreadcrumbList\",\"@id\":\"https:\/\/www.kontinenzzentrum.ch\/de\/erkrankungen\/blasenfunktionsstoerung.html#breadcrumb\",\"itemListElement\":[{\"@type\":\"ListItem\",\"position\":1,\"name\":\"Startseite\",\"item\":\"https:\/\/www.kontinenzzentrum.ch\/de\"},{\"@type\":\"ListItem\",\"position\":2,\"name\":\"Erkrankungen\",\"item\":\"https:\/\/www.kontinenzzentrum.ch\/de\/erkrankungen.html\"},{\"@type\":\"ListItem\",\"position\":3,\"name\":\"Blasenfunktionsst\u00f6rung\"}]},{\"@type\":\"WebSite\",\"@id\":\"https:\/\/www.kontinenzzentrum.ch\/de\/#website\",\"url\":\"https:\/\/www.kontinenzzentrum.ch\/de\/\",\"name\":\"KontinenzZentrum Hirslanden Z\u00fcrich\",\"description\":\"KontinenzZentrum Hirslanden Z\u00fcrich: Blasenst\u00f6rungen & Inkontinenz\",\"publisher\":{\"@id\":\"https:\/\/www.kontinenzzentrum.ch\/de\/#organization\"},\"potentialAction\":[{\"@type\":\"SearchAction\",\"target\":{\"@type\":\"EntryPoint\",\"urlTemplate\":\"https:\/\/www.kontinenzzentrum.ch\/de\/?s={search_term_string}\"},\"query-input\":{\"@type\":\"PropertyValueSpecification\",\"valueRequired\":true,\"valueName\":\"search_term_string\"}}],\"inLanguage\":\"de\"},{\"@type\":\"Organization\",\"@id\":\"https:\/\/www.kontinenzzentrum.ch\/de\/#organization\",\"name\":\"KontinenzZentrum Hirslanden Z\u00fcrich\",\"url\":\"https:\/\/www.kontinenzzentrum.ch\/de\/\",\"logo\":{\"@type\":\"ImageObject\",\"inLanguage\":\"de\",\"@id\":\"https:\/\/www.kontinenzzentrum.ch\/de\/#\/schema\/logo\/image\/\",\"url\":\"https:\/\/www.kontinenzzentrum.ch\/wp-content\/uploads\/Logo_KontinenzZentrum.png\",\"contentUrl\":\"https:\/\/www.kontinenzzentrum.ch\/wp-content\/uploads\/Logo_KontinenzZentrum.png\",\"width\":800,\"height\":142,\"caption\":\"KontinenzZentrum Hirslanden Z\u00fcrich\"},\"image\":{\"@id\":\"https:\/\/www.kontinenzzentrum.ch\/de\/#\/schema\/logo\/image\/\"}}]}<\/script>\n<!-- \/ Yoast SEO plugin. -->","yoast_head_json":{"title":"Blasenfunktionsst\u00f6rung - KontinenzZentrum","robots":{"index":"index","follow":"follow","max-snippet":"max-snippet:-1","max-image-preview":"max-image-preview:large","max-video-preview":"max-video-preview:-1"},"canonical":"https:\/\/www.kontinenzzentrum.ch\/de\/erkrankungen\/blasenfunktionsstoerung.html","og_locale":"de_DE","og_type":"article","og_title":"Blasenfunktionsst\u00f6rung - KontinenzZentrum","og_description":"Blasenfunktionsst\u00f6rung Funktion der Blase Die Harnblase und der Schliessmuskel sorgen im Zusammenspiel daf\u00fcr, dass der von den Nieren produzierte Urin eine Zeitlang in der Blase gespeichert und zu einem willk\u00fcrlich gew\u00e4hlten Zeitpunkt vollst\u00e4ndig entleert wird. Dabei soll w\u00e4hrend der Speicherung ein wasserdichter Verschluss bestehen und das Fassungsverm\u00f6gen der Blase ausreichen, um einen normalen Tagesablauf sowie [&hellip;]","og_url":"https:\/\/www.kontinenzzentrum.ch\/de\/erkrankungen\/blasenfunktionsstoerung.html","og_site_name":"KontinenzZentrum","article_modified_time":"2025-11-03T12:05:04+00:00","og_image":[{"width":1920,"height":450,"url":"https:\/\/www.kontinenzzentrum.ch\/wp-content\/uploads\/untersuchung-blase.jpeg","type":"image\/jpeg"}],"twitter_card":"summary_large_image","twitter_misc":{"Gesch\u00e4tzte Lesezeit":"2\u00a0Minuten"},"schema":{"@context":"https:\/\/schema.org","@graph":[{"@type":"WebPage","@id":"https:\/\/www.kontinenzzentrum.ch\/de\/erkrankungen\/blasenfunktionsstoerung.html","url":"https:\/\/www.kontinenzzentrum.ch\/de\/erkrankungen\/blasenfunktionsstoerung.html","name":"Blasenfunktionsst\u00f6rung - KontinenzZentrum","isPartOf":{"@id":"https:\/\/www.kontinenzzentrum.ch\/de\/#website"},"primaryImageOfPage":{"@id":"https:\/\/www.kontinenzzentrum.ch\/de\/erkrankungen\/blasenfunktionsstoerung.html#primaryimage"},"image":{"@id":"https:\/\/www.kontinenzzentrum.ch\/de\/erkrankungen\/blasenfunktionsstoerung.html#primaryimage"},"thumbnailUrl":"https:\/\/www.kontinenzzentrum.ch\/wp-content\/uploads\/untersuchung-blase.jpeg","datePublished":"2023-02-09T14:52:23+00:00","dateModified":"2025-11-03T12:05:04+00:00","breadcrumb":{"@id":"https:\/\/www.kontinenzzentrum.ch\/de\/erkrankungen\/blasenfunktionsstoerung.html#breadcrumb"},"inLanguage":"de","potentialAction":[{"@type":"ReadAction","target":["https:\/\/www.kontinenzzentrum.ch\/de\/erkrankungen\/blasenfunktionsstoerung.html"]}]},{"@type":"ImageObject","inLanguage":"de","@id":"https:\/\/www.kontinenzzentrum.ch\/de\/erkrankungen\/blasenfunktionsstoerung.html#primaryimage","url":"https:\/\/www.kontinenzzentrum.ch\/wp-content\/uploads\/untersuchung-blase.jpeg","contentUrl":"https:\/\/www.kontinenzzentrum.ch\/wp-content\/uploads\/untersuchung-blase.jpeg","width":1920,"height":450},{"@type":"BreadcrumbList","@id":"https:\/\/www.kontinenzzentrum.ch\/de\/erkrankungen\/blasenfunktionsstoerung.html#breadcrumb","itemListElement":[{"@type":"ListItem","position":1,"name":"Startseite","item":"https:\/\/www.kontinenzzentrum.ch\/de"},{"@type":"ListItem","position":2,"name":"Erkrankungen","item":"https:\/\/www.kontinenzzentrum.ch\/de\/erkrankungen.html"},{"@type":"ListItem","position":3,"name":"Blasenfunktionsst\u00f6rung"}]},{"@type":"WebSite","@id":"https:\/\/www.kontinenzzentrum.ch\/de\/#website","url":"https:\/\/www.kontinenzzentrum.ch\/de\/","name":"KontinenzZentrum Hirslanden Z\u00fcrich","description":"KontinenzZentrum Hirslanden Z\u00fcrich: Blasenst\u00f6rungen & Inkontinenz","publisher":{"@id":"https:\/\/www.kontinenzzentrum.ch\/de\/#organization"},"potentialAction":[{"@type":"SearchAction","target":{"@type":"EntryPoint","urlTemplate":"https:\/\/www.kontinenzzentrum.ch\/de\/?s={search_term_string}"},"query-input":{"@type":"PropertyValueSpecification","valueRequired":true,"valueName":"search_term_string"}}],"inLanguage":"de"},{"@type":"Organization","@id":"https:\/\/www.kontinenzzentrum.ch\/de\/#organization","name":"KontinenzZentrum Hirslanden Z\u00fcrich","url":"https:\/\/www.kontinenzzentrum.ch\/de\/","logo":{"@type":"ImageObject","inLanguage":"de","@id":"https:\/\/www.kontinenzzentrum.ch\/de\/#\/schema\/logo\/image\/","url":"https:\/\/www.kontinenzzentrum.ch\/wp-content\/uploads\/Logo_KontinenzZentrum.png","contentUrl":"https:\/\/www.kontinenzzentrum.ch\/wp-content\/uploads\/Logo_KontinenzZentrum.png","width":800,"height":142,"caption":"KontinenzZentrum Hirslanden Z\u00fcrich"},"image":{"@id":"https:\/\/www.kontinenzzentrum.ch\/de\/#\/schema\/logo\/image\/"}}]}},"_links":{"self":[{"href":"https:\/\/www.kontinenzzentrum.ch\/de\/wp-json\/wp\/v2\/pages\/394","targetHints":{"allow":["GET"]}}],"collection":[{"href":"https:\/\/www.kontinenzzentrum.ch\/de\/wp-json\/wp\/v2\/pages"}],"about":[{"href":"https:\/\/www.kontinenzzentrum.ch\/de\/wp-json\/wp\/v2\/types\/page"}],"author":[{"embeddable":true,"href":"https:\/\/www.kontinenzzentrum.ch\/de\/wp-json\/wp\/v2\/users\/1"}],"replies":[{"embeddable":true,"href":"https:\/\/www.kontinenzzentrum.ch\/de\/wp-json\/wp\/v2\/comments?post=394"}],"version-history":[{"count":9,"href":"https:\/\/www.kontinenzzentrum.ch\/de\/wp-json\/wp\/v2\/pages\/394\/revisions"}],"predecessor-version":[{"id":4654,"href":"https:\/\/www.kontinenzzentrum.ch\/de\/wp-json\/wp\/v2\/pages\/394\/revisions\/4654"}],"up":[{"embeddable":true,"href":"https:\/\/www.kontinenzzentrum.ch\/de\/wp-json\/wp\/v2\/pages\/370"}],"wp:featuredmedia":[{"embeddable":true,"href":"https:\/\/www.kontinenzzentrum.ch\/de\/wp-json\/wp\/v2\/media\/395"}],"wp:attachment":[{"href":"https:\/\/www.kontinenzzentrum.ch\/de\/wp-json\/wp\/v2\/media?parent=394"}],"curies":[{"name":"wp","href":"https:\/\/api.w.org\/{rel}","templated":true}]}}