{"id":403,"date":"2023-02-09T16:13:34","date_gmt":"2023-02-09T15:13:34","guid":{"rendered":"https:\/\/www.kontinenzzentrum.ch\/?page_id=403"},"modified":"2023-02-09T17:23:22","modified_gmt":"2023-02-09T16:23:22","slug":"altersblase","status":"publish","type":"page","link":"https:\/\/www.kontinenzzentrum.ch\/de\/erkrankungen\/blasenfunktionsstoerung\/altersblase.html","title":{"rendered":"Altersblase"},"content":{"rendered":"<div id=\"pl-403\"  class=\"panel-layout\" ><div id=\"pg-403-0\"  class=\"panel-grid panel-no-style\" ><div id=\"pgc-403-0-0\"  class=\"panel-grid-cell\" ><div id=\"panel-403-0-0-0\" class=\"so-panel widget widget_sow-editor panel-first-child\" data-index=\"0\" ><div\n\t\t\t\n\t\t\tclass=\"so-widget-sow-editor so-widget-sow-editor-base\"\n\t\t\t\n\t\t>\n<div class=\"siteorigin-widget-tinymce textwidget\">\n\t<h1>Die Altersblase<\/h1>\n<h2>Ver\u00e4nderungen der Blasenfunktion im Alter<\/h2>\n<p>Die St\u00f6rung der\u00a0<strong>Harnblasenfunktion<\/strong>\u00a0und eine damit verbundene\u00a0<strong>Harninkontinenz<\/strong>\u00a0ist ein h\u00e4ufiges und gravierendes Problem des \u00e4lteren Menschen. Bis zu<strong>\u00a0einem Drittel aller zu Hause lebenden \u00e4lteren Menschen<\/strong>\u00a0sind davon betroffen, in Pflegeeinrichtungen sind es h\u00e4ufig weit mehr als die H\u00e4lfte aller Bewohner. Nicht selten ist eine neu auftretende Harninkontinenz Anlass f\u00fcr eine Unterbringung in einer Pflegeeinrichtung. Betroffene versuchen zun\u00e4chst, aus Angst und Scham das Problem zu vertuschen oder durch allerlei Behelfe mit der Situation allein zurechtzukommen.<\/p>\n<h2>Erfolgsaussichten bei Inkontinenz im Alter<\/h2>\n<p>Oft vergehen Monate bis Jahre, bis eine Pflegeperson oder ein Arzt auf die\u00a0<strong>Inkontinenz<\/strong>\u00a0angesprochen oder eine Behandlung nachgefragt wird. Dabei sind die\u00a0<strong>Erfolgsaussichten<\/strong>\u00a0einer Behandlung der Inkontinenz auch bei Betroffenen jenseits des 80. Lebensjahres gut, gew\u00f6hnlich l\u00e4sst sich eine\u00a0<strong>Kontrolle der Blase<\/strong>\u00a0durch einfache Ma\u00dfnahmen und Behandlungen wiederherstellen oder zumindest der\u00a0<strong>ungewollte Harnverlust<\/strong>\u00a0kontrollieren. Zu Unrecht wird das Auftreten einer\u00a0<a title=\"Inkontinenz untersuchen und behandeln\" href=\"https:\/\/www.kontinenzzentrum.ch\/de\/kompetenzen\/inkontinenz.html\">Urininkontinenz<\/a>\u00a0als normaler Teil des \u00c4lterwerdens betrachtet.<\/p>\n<p>Ein unfreiwilliger Harnverlust ist in jedem Alter abkl\u00e4rungs- und behandlungsbed\u00fcrftig.<\/p>\n<\/div>\n<\/div><\/div><div id=\"panel-403-0-0-1\" class=\"so-panel widget widget_fn-info-box-widget panel-last-child\" data-index=\"1\" ><div\n\t\t\t\n\t\t\tclass=\"so-widget-fn-info-box-widget so-widget-fn-info-box-widget-base\"\n\t\t\t\n\t\t><div class=\"uk-child-width-1-1 uk-grid-match\" uk-grid><div>\n        <div class=\"fn-info-box-title\">\n          <div class=\"uk-grid-small\" uk-grid>            <div class=\"uk-width-auto\"><img decoding=\"async\" src=\"https:\/\/www.kontinenzzentrum.ch\/wp-content\/uploads\/ICON_kontakt.svg\" class=\"attachment-small size-small\" alt=\"\" \/>            <\/div>            <div class=\"uk-width-expand\">\n              <h4 class=\"uk-h3\">Informieren Sie sich jetzt<\/h4>\n            <\/div>\n          <\/div>\n        <\/div>\n        <div class=\"fn-info-box-content\">\n              <p><strong>Kontaktieren Sie uns<\/strong>\u00a0f\u00fcr ein Beratungsgespr\u00e4ch, wir informieren Sie gerne \u00fcber Ihre individuellen Abkl\u00e4rungs- und\u00a0Behandlungsm\u00f6glichkeiten bei einer\u00a0<strong>Harninkontinenz<\/strong>\u00a0oder\u00a0<a title=\"Blasenschw\u00e4che\" href=\"https:\/\/www.kontinenzzentrum.ch\/de\/erkrankungen\/blasenfunktionsstoerung\/blasenschwaeche.html\">Blasenschw\u00e4che<\/a>.<\/p>\n<p>Tel. <a class=\"\" href=\"tel:+41443872910\">+41 44 387 29 10<\/a><\/p>\n<p><strong><a href=\"https:\/\/www.kontinenzzentrum.ch\/de\/ueber-uns\/termin.html\">Online Terminvereinbarung\u00a0<\/a><\/strong><\/p>\n        <\/div>\n      <\/div><\/div><\/div><\/div><\/div><\/div><\/div>","protected":false},"excerpt":{"rendered":"<p>Die Altersblase Ver\u00e4nderungen der Blasenfunktion im Alter Die St\u00f6rung der\u00a0Harnblasenfunktion\u00a0und eine damit verbundene\u00a0Harninkontinenz\u00a0ist ein h\u00e4ufiges und gravierendes Problem des \u00e4lteren Menschen. Bis zu\u00a0einem Drittel aller zu Hause lebenden \u00e4lteren Menschen\u00a0sind davon betroffen, in Pflegeeinrichtungen sind es h\u00e4ufig weit mehr als die H\u00e4lfte aller Bewohner. Nicht selten ist eine neu auftretende Harninkontinenz Anlass f\u00fcr eine Unterbringung [&hellip;]<\/p>\n","protected":false},"author":1,"featured_media":404,"parent":394,"menu_order":0,"comment_status":"closed","ping_status":"closed","template":"","meta":{"_acf_changed":false,"footnotes":""},"class_list":["post-403","page","type-page","status-publish","has-post-thumbnail","hentry"],"acf":[],"yoast_head":"<!-- This site is optimized with the Yoast SEO plugin v26.9 - https:\/\/yoast.com\/product\/yoast-seo-wordpress\/ -->\n<title>KontinenzZentrum Hirslanden: Einschr\u00e4nkung der Blasenfunktion, im Alter<\/title>\n<meta name=\"description\" content=\"Unsere Fach\u00e4rzte sind auch darauf spezialisiert \u00e4lteren Menschen mit einer Altersblase mit eingeschr\u00e4nkten Funktion oder Inkontinenz Lebensqualit\u00e4t zur\u00fcck zu geben.\" \/>\n<meta name=\"robots\" content=\"index, follow, max-snippet:-1, max-image-preview:large, max-video-preview:-1\" \/>\n<link rel=\"canonical\" href=\"https:\/\/www.kontinenzzentrum.ch\/de\/erkrankungen\/blasenfunktionsstoerung\/altersblase.html\" \/>\n<meta property=\"og:locale\" content=\"de_DE\" \/>\n<meta property=\"og:type\" content=\"article\" \/>\n<meta property=\"og:title\" content=\"KontinenzZentrum Hirslanden: Einschr\u00e4nkung der Blasenfunktion, im Alter\" \/>\n<meta property=\"og:description\" content=\"Unsere Fach\u00e4rzte sind auch darauf spezialisiert \u00e4lteren Menschen mit einer Altersblase mit eingeschr\u00e4nkten Funktion oder Inkontinenz Lebensqualit\u00e4t zur\u00fcck zu geben.\" \/>\n<meta property=\"og:url\" content=\"https:\/\/www.kontinenzzentrum.ch\/de\/erkrankungen\/blasenfunktionsstoerung\/altersblase.html\" \/>\n<meta property=\"og:site_name\" content=\"KontinenzZentrum\" \/>\n<meta property=\"article:modified_time\" content=\"2023-02-09T16:23:22+00:00\" \/>\n<meta property=\"og:image\" content=\"https:\/\/www.kontinenzzentrum.ch\/wp-content\/uploads\/kompetenz-maennergesundheit-10220.jpeg\" \/>\n\t<meta property=\"og:image:width\" content=\"1920\" \/>\n\t<meta property=\"og:image:height\" content=\"450\" \/>\n\t<meta property=\"og:image:type\" content=\"image\/jpeg\" \/>\n<meta name=\"twitter:card\" content=\"summary_large_image\" \/>\n<meta name=\"twitter:label1\" content=\"Gesch\u00e4tzte Lesezeit\" \/>\n\t<meta name=\"twitter:data1\" content=\"1\u00a0Minute\" \/>\n<script type=\"application\/ld+json\" class=\"yoast-schema-graph\">{\"@context\":\"https:\/\/schema.org\",\"@graph\":[{\"@type\":\"WebPage\",\"@id\":\"https:\/\/www.kontinenzzentrum.ch\/de\/erkrankungen\/blasenfunktionsstoerung\/altersblase.html\",\"url\":\"https:\/\/www.kontinenzzentrum.ch\/de\/erkrankungen\/blasenfunktionsstoerung\/altersblase.html\",\"name\":\"KontinenzZentrum Hirslanden: Einschr\u00e4nkung der Blasenfunktion, im Alter\",\"isPartOf\":{\"@id\":\"https:\/\/www.kontinenzzentrum.ch\/de\/#website\"},\"primaryImageOfPage\":{\"@id\":\"https:\/\/www.kontinenzzentrum.ch\/de\/erkrankungen\/blasenfunktionsstoerung\/altersblase.html#primaryimage\"},\"image\":{\"@id\":\"https:\/\/www.kontinenzzentrum.ch\/de\/erkrankungen\/blasenfunktionsstoerung\/altersblase.html#primaryimage\"},\"thumbnailUrl\":\"https:\/\/www.kontinenzzentrum.ch\/wp-content\/uploads\/kompetenz-maennergesundheit-10220.jpeg\",\"datePublished\":\"2023-02-09T15:13:34+00:00\",\"dateModified\":\"2023-02-09T16:23:22+00:00\",\"description\":\"Unsere Fach\u00e4rzte sind auch darauf spezialisiert \u00e4lteren Menschen mit einer Altersblase mit eingeschr\u00e4nkten Funktion oder Inkontinenz Lebensqualit\u00e4t zur\u00fcck zu geben.\",\"breadcrumb\":{\"@id\":\"https:\/\/www.kontinenzzentrum.ch\/de\/erkrankungen\/blasenfunktionsstoerung\/altersblase.html#breadcrumb\"},\"inLanguage\":\"de\",\"potentialAction\":[{\"@type\":\"ReadAction\",\"target\":[\"https:\/\/www.kontinenzzentrum.ch\/de\/erkrankungen\/blasenfunktionsstoerung\/altersblase.html\"]}]},{\"@type\":\"ImageObject\",\"inLanguage\":\"de\",\"@id\":\"https:\/\/www.kontinenzzentrum.ch\/de\/erkrankungen\/blasenfunktionsstoerung\/altersblase.html#primaryimage\",\"url\":\"https:\/\/www.kontinenzzentrum.ch\/wp-content\/uploads\/kompetenz-maennergesundheit-10220.jpeg\",\"contentUrl\":\"https:\/\/www.kontinenzzentrum.ch\/wp-content\/uploads\/kompetenz-maennergesundheit-10220.jpeg\",\"width\":1920,\"height\":450},{\"@type\":\"BreadcrumbList\",\"@id\":\"https:\/\/www.kontinenzzentrum.ch\/de\/erkrankungen\/blasenfunktionsstoerung\/altersblase.html#breadcrumb\",\"itemListElement\":[{\"@type\":\"ListItem\",\"position\":1,\"name\":\"Startseite\",\"item\":\"https:\/\/www.kontinenzzentrum.ch\/de\"},{\"@type\":\"ListItem\",\"position\":2,\"name\":\"Erkrankungen\",\"item\":\"https:\/\/www.kontinenzzentrum.ch\/de\/erkrankungen.html\"},{\"@type\":\"ListItem\",\"position\":3,\"name\":\"Blasenfunktionsst\u00f6rung\",\"item\":\"https:\/\/www.kontinenzzentrum.ch\/de\/erkrankungen\/blasenfunktionsstoerung.html\"},{\"@type\":\"ListItem\",\"position\":4,\"name\":\"Altersblase\"}]},{\"@type\":\"WebSite\",\"@id\":\"https:\/\/www.kontinenzzentrum.ch\/de\/#website\",\"url\":\"https:\/\/www.kontinenzzentrum.ch\/de\/\",\"name\":\"KontinenzZentrum Hirslanden Z\u00fcrich\",\"description\":\"KontinenzZentrum Hirslanden Z\u00fcrich: Blasenst\u00f6rungen & Inkontinenz\",\"publisher\":{\"@id\":\"https:\/\/www.kontinenzzentrum.ch\/de\/#organization\"},\"potentialAction\":[{\"@type\":\"SearchAction\",\"target\":{\"@type\":\"EntryPoint\",\"urlTemplate\":\"https:\/\/www.kontinenzzentrum.ch\/de\/?s={search_term_string}\"},\"query-input\":{\"@type\":\"PropertyValueSpecification\",\"valueRequired\":true,\"valueName\":\"search_term_string\"}}],\"inLanguage\":\"de\"},{\"@type\":\"Organization\",\"@id\":\"https:\/\/www.kontinenzzentrum.ch\/de\/#organization\",\"name\":\"KontinenzZentrum Hirslanden Z\u00fcrich\",\"url\":\"https:\/\/www.kontinenzzentrum.ch\/de\/\",\"logo\":{\"@type\":\"ImageObject\",\"inLanguage\":\"de\",\"@id\":\"https:\/\/www.kontinenzzentrum.ch\/de\/#\/schema\/logo\/image\/\",\"url\":\"https:\/\/www.kontinenzzentrum.ch\/wp-content\/uploads\/Logo_KontinenzZentrum.png\",\"contentUrl\":\"https:\/\/www.kontinenzzentrum.ch\/wp-content\/uploads\/Logo_KontinenzZentrum.png\",\"width\":800,\"height\":142,\"caption\":\"KontinenzZentrum Hirslanden Z\u00fcrich\"},\"image\":{\"@id\":\"https:\/\/www.kontinenzzentrum.ch\/de\/#\/schema\/logo\/image\/\"}}]}<\/script>\n<!-- \/ Yoast SEO plugin. -->","yoast_head_json":{"title":"KontinenzZentrum Hirslanden: Einschr\u00e4nkung der Blasenfunktion, im Alter","description":"Unsere Fach\u00e4rzte sind auch darauf spezialisiert \u00e4lteren Menschen mit einer Altersblase mit eingeschr\u00e4nkten Funktion oder Inkontinenz Lebensqualit\u00e4t zur\u00fcck zu geben.","robots":{"index":"index","follow":"follow","max-snippet":"max-snippet:-1","max-image-preview":"max-image-preview:large","max-video-preview":"max-video-preview:-1"},"canonical":"https:\/\/www.kontinenzzentrum.ch\/de\/erkrankungen\/blasenfunktionsstoerung\/altersblase.html","og_locale":"de_DE","og_type":"article","og_title":"KontinenzZentrum Hirslanden: Einschr\u00e4nkung der Blasenfunktion, im Alter","og_description":"Unsere Fach\u00e4rzte sind auch darauf spezialisiert \u00e4lteren Menschen mit einer Altersblase mit eingeschr\u00e4nkten Funktion oder Inkontinenz Lebensqualit\u00e4t zur\u00fcck zu geben.","og_url":"https:\/\/www.kontinenzzentrum.ch\/de\/erkrankungen\/blasenfunktionsstoerung\/altersblase.html","og_site_name":"KontinenzZentrum","article_modified_time":"2023-02-09T16:23:22+00:00","og_image":[{"width":1920,"height":450,"url":"https:\/\/www.kontinenzzentrum.ch\/wp-content\/uploads\/kompetenz-maennergesundheit-10220.jpeg","type":"image\/jpeg"}],"twitter_card":"summary_large_image","twitter_misc":{"Gesch\u00e4tzte Lesezeit":"1\u00a0Minute"},"schema":{"@context":"https:\/\/schema.org","@graph":[{"@type":"WebPage","@id":"https:\/\/www.kontinenzzentrum.ch\/de\/erkrankungen\/blasenfunktionsstoerung\/altersblase.html","url":"https:\/\/www.kontinenzzentrum.ch\/de\/erkrankungen\/blasenfunktionsstoerung\/altersblase.html","name":"KontinenzZentrum Hirslanden: Einschr\u00e4nkung der Blasenfunktion, im Alter","isPartOf":{"@id":"https:\/\/www.kontinenzzentrum.ch\/de\/#website"},"primaryImageOfPage":{"@id":"https:\/\/www.kontinenzzentrum.ch\/de\/erkrankungen\/blasenfunktionsstoerung\/altersblase.html#primaryimage"},"image":{"@id":"https:\/\/www.kontinenzzentrum.ch\/de\/erkrankungen\/blasenfunktionsstoerung\/altersblase.html#primaryimage"},"thumbnailUrl":"https:\/\/www.kontinenzzentrum.ch\/wp-content\/uploads\/kompetenz-maennergesundheit-10220.jpeg","datePublished":"2023-02-09T15:13:34+00:00","dateModified":"2023-02-09T16:23:22+00:00","description":"Unsere Fach\u00e4rzte sind auch darauf spezialisiert \u00e4lteren Menschen mit einer Altersblase mit eingeschr\u00e4nkten Funktion oder Inkontinenz Lebensqualit\u00e4t zur\u00fcck zu geben.","breadcrumb":{"@id":"https:\/\/www.kontinenzzentrum.ch\/de\/erkrankungen\/blasenfunktionsstoerung\/altersblase.html#breadcrumb"},"inLanguage":"de","potentialAction":[{"@type":"ReadAction","target":["https:\/\/www.kontinenzzentrum.ch\/de\/erkrankungen\/blasenfunktionsstoerung\/altersblase.html"]}]},{"@type":"ImageObject","inLanguage":"de","@id":"https:\/\/www.kontinenzzentrum.ch\/de\/erkrankungen\/blasenfunktionsstoerung\/altersblase.html#primaryimage","url":"https:\/\/www.kontinenzzentrum.ch\/wp-content\/uploads\/kompetenz-maennergesundheit-10220.jpeg","contentUrl":"https:\/\/www.kontinenzzentrum.ch\/wp-content\/uploads\/kompetenz-maennergesundheit-10220.jpeg","width":1920,"height":450},{"@type":"BreadcrumbList","@id":"https:\/\/www.kontinenzzentrum.ch\/de\/erkrankungen\/blasenfunktionsstoerung\/altersblase.html#breadcrumb","itemListElement":[{"@type":"ListItem","position":1,"name":"Startseite","item":"https:\/\/www.kontinenzzentrum.ch\/de"},{"@type":"ListItem","position":2,"name":"Erkrankungen","item":"https:\/\/www.kontinenzzentrum.ch\/de\/erkrankungen.html"},{"@type":"ListItem","position":3,"name":"Blasenfunktionsst\u00f6rung","item":"https:\/\/www.kontinenzzentrum.ch\/de\/erkrankungen\/blasenfunktionsstoerung.html"},{"@type":"ListItem","position":4,"name":"Altersblase"}]},{"@type":"WebSite","@id":"https:\/\/www.kontinenzzentrum.ch\/de\/#website","url":"https:\/\/www.kontinenzzentrum.ch\/de\/","name":"KontinenzZentrum Hirslanden Z\u00fcrich","description":"KontinenzZentrum Hirslanden Z\u00fcrich: Blasenst\u00f6rungen & Inkontinenz","publisher":{"@id":"https:\/\/www.kontinenzzentrum.ch\/de\/#organization"},"potentialAction":[{"@type":"SearchAction","target":{"@type":"EntryPoint","urlTemplate":"https:\/\/www.kontinenzzentrum.ch\/de\/?s={search_term_string}"},"query-input":{"@type":"PropertyValueSpecification","valueRequired":true,"valueName":"search_term_string"}}],"inLanguage":"de"},{"@type":"Organization","@id":"https:\/\/www.kontinenzzentrum.ch\/de\/#organization","name":"KontinenzZentrum Hirslanden Z\u00fcrich","url":"https:\/\/www.kontinenzzentrum.ch\/de\/","logo":{"@type":"ImageObject","inLanguage":"de","@id":"https:\/\/www.kontinenzzentrum.ch\/de\/#\/schema\/logo\/image\/","url":"https:\/\/www.kontinenzzentrum.ch\/wp-content\/uploads\/Logo_KontinenzZentrum.png","contentUrl":"https:\/\/www.kontinenzzentrum.ch\/wp-content\/uploads\/Logo_KontinenzZentrum.png","width":800,"height":142,"caption":"KontinenzZentrum Hirslanden Z\u00fcrich"},"image":{"@id":"https:\/\/www.kontinenzzentrum.ch\/de\/#\/schema\/logo\/image\/"}}]}},"_links":{"self":[{"href":"https:\/\/www.kontinenzzentrum.ch\/de\/wp-json\/wp\/v2\/pages\/403","targetHints":{"allow":["GET"]}}],"collection":[{"href":"https:\/\/www.kontinenzzentrum.ch\/de\/wp-json\/wp\/v2\/pages"}],"about":[{"href":"https:\/\/www.kontinenzzentrum.ch\/de\/wp-json\/wp\/v2\/types\/page"}],"author":[{"embeddable":true,"href":"https:\/\/www.kontinenzzentrum.ch\/de\/wp-json\/wp\/v2\/users\/1"}],"replies":[{"embeddable":true,"href":"https:\/\/www.kontinenzzentrum.ch\/de\/wp-json\/wp\/v2\/comments?post=403"}],"version-history":[{"count":5,"href":"https:\/\/www.kontinenzzentrum.ch\/de\/wp-json\/wp\/v2\/pages\/403\/revisions"}],"predecessor-version":[{"id":409,"href":"https:\/\/www.kontinenzzentrum.ch\/de\/wp-json\/wp\/v2\/pages\/403\/revisions\/409"}],"up":[{"embeddable":true,"href":"https:\/\/www.kontinenzzentrum.ch\/de\/wp-json\/wp\/v2\/pages\/394"}],"wp:featuredmedia":[{"embeddable":true,"href":"https:\/\/www.kontinenzzentrum.ch\/de\/wp-json\/wp\/v2\/media\/404"}],"wp:attachment":[{"href":"https:\/\/www.kontinenzzentrum.ch\/de\/wp-json\/wp\/v2\/media?parent=403"}],"curies":[{"name":"wp","href":"https:\/\/api.w.org\/{rel}","templated":true}]}}