{"id":410,"date":"2023-02-09T16:24:30","date_gmt":"2023-02-09T15:24:30","guid":{"rendered":"https:\/\/www.kontinenzzentrum.ch\/?page_id=410"},"modified":"2025-10-01T11:34:52","modified_gmt":"2025-10-01T09:34:52","slug":"blasenentleerungsstoerung","status":"publish","type":"page","link":"https:\/\/www.kontinenzzentrum.ch\/de\/erkrankungen\/blasenfunktionsstoerung\/blasenentleerungsstoerung.html","title":{"rendered":"Blasenentleerungsst\u00f6rung"},"content":{"rendered":"<div id=\"pl-410\"  class=\"panel-layout\" ><div id=\"pg-410-0\"  class=\"panel-grid panel-no-style\" ><div id=\"pgc-410-0-0\"  class=\"panel-grid-cell\" ><div id=\"panel-410-0-0-0\" class=\"so-panel widget widget_sow-editor panel-first-child\" data-index=\"0\" ><div\n\t\t\t\n\t\t\tclass=\"so-widget-sow-editor so-widget-sow-editor-base\"\n\t\t\t\n\t\t>\n<div class=\"siteorigin-widget-tinymce textwidget\">\n\t<h1>Blasenentleerungsst\u00f6rung<\/h1>\n<h2>Erschwerte, verz\u00f6gerte oder unvollst\u00e4ndige Entleerung der Harnblase<\/h2>\n<p>Sind Zeitpunkt und Ort geeignet, wird normalerweise willentlich der Mechanismus f\u00fcr die Blasenentleerung in Gang gesetzt. Das Gehirn gibt das Startsignal, der Schliessmuskel erschlafft und der Blasenmuskel presst den Urin durch die Harnr\u00f6hre nach au\u00dfen. Ist die\u00a0<a href=\"https:\/\/www.kontinenzzentrum.ch\/de\/untersuchung-und-therapie.html\">Blase<\/a>\u00a0leer, spannt sich der Schlie\u00dfmuskel wieder an, und die Entleerung ist abgeschlossen. Alles in allem dauert der Vorgang der Blasenentleerung nicht viel l\u00e4nger als 30 Sekunden. Erstes Anzeichen einer erschwerten Blasenentleerung ist nicht selten einen verl\u00e4ngerte Zeit beim Wasserlassen, Betroffenen brauchen also deutlich l\u00e4nger auf dem WC als normale Menschen. Gelegentlich kann das Einleiten der Blasenentleerung Schwierigkeiten bereiten, entweder wird im Gehirn ein falsche Startsignal erzeugt oder das richtige Signal gelangt nicht bis zur Blase.<\/p>\n<h2>Ursachen einer Blasenentleerungsst\u00f6rung<\/h2>\n<p>Solche St\u00f6rungen beobachtet man nicht selten nach einem\u00a0<a href=\"https:\/\/www.kontinenzzentrum.ch\/de\/erkrankungen\/neurogene-blasenstoerungen\/schlaganfall.html\">Schlaganfall<\/a>, einer\u00a0<a href=\"https:\/\/www.kontinenzzentrum.ch\/de\/erkrankungen\/neurogene-blasenstoerungen\/querschnittlaehmung.html\">Querschnittl\u00e4hmung<\/a>\u00a0oder auch einer\u00a0<a href=\"https:\/\/www.kontinenzzentrum.ch\/de\/erkrankungen\/neurogene-blasenstoerungen\/multiple-sklerose.html\">Multiple Sklerose-Erkrankung<\/a>. H\u00e4ufiges \u00c4rgernis ist der nicht auf Kommando \u00f6ffnende Schliessmuskel, der die Entleerung der Blase nicht in Gang kommen l\u00e4sst. Betroffene verbringen deutlich mehr Zeit auf der Toilette, meistens vergeblich auf die Blasenentleerung wartend. Um die Blase doch noch zur Entleerung zu bewegen, wird reflexartig die Bauchmuskulatur aktiviert, leider meist ohne Erfolg. Auch eine vergr\u00f6\u00dferte Prostata des Mannes kann zu einer erschwerten Blasenentleerung f\u00fchren.<\/p>\n<p>Schleichend \u00fcber viele Jahre engt die\u00a0<strong>wachsende Vorsteherdr\u00fcse<\/strong>\u00a0die Harnr\u00f6hre ein und behindert so den Abfluss des Harns. Auf dem WC verz\u00f6gert sich der Beginn der Entleerung, der Harnstrahl ist schwach, und es dauert l\u00e4nger bis die Blase leer ist. Auch Frauen nach einer\u00a0<a href=\"https:\/\/www.kontinenzzentrum.ch\/de\/untersuchung-und-therapie\/operationen-bei-harninkontinenz.html\">Inkontinenzoperation<\/a>\u00a0haben mitunter Schwierigkeiten bei der Blasenentleerung, insbesondere dann, wenn eine \u00dcberkorrektur erfolgte und der Blasenverschluss zu stark eingeengt wurde.<\/p>\n<p>Bei Funktionsst\u00f6rungen des Harntraktes findet h\u00e4ufig die Technik der\u00a0<a title=\"Selbstkatheterisierung \" href=\"https:\/\/www.kontinenzzentrum.ch\/de\/untersuchung-und-therapie\/konservative-therapieverfahren\/selbstkatheterismus.html\">Selbstkatheterisierung<\/a>\u00a0Anwendung. Dabei erlernen Betroffene, in bestimmten Zeitabst\u00e4nden selbst den Harn mittels Katheter abzuf\u00fchren.<\/p>\n<\/div>\n<\/div><\/div><div id=\"panel-410-0-0-1\" class=\"so-panel widget widget_fn-info-box-widget panel-last-child\" data-index=\"1\" ><div\n\t\t\t\n\t\t\tclass=\"so-widget-fn-info-box-widget so-widget-fn-info-box-widget-base\"\n\t\t\t\n\t\t><div class=\"uk-child-width-1-1 uk-grid-match\" uk-grid><div>\n        <div class=\"fn-info-box-title\">\n          <div class=\"uk-grid-small\" uk-grid>            <div class=\"uk-width-auto\"><img decoding=\"async\" src=\"https:\/\/www.kontinenzzentrum.ch\/wp-content\/uploads\/ICON_kontakt.svg\" class=\"attachment-small size-small\" alt=\"\" \/>            <\/div>            <div class=\"uk-width-expand\">\n              <h4 class=\"uk-h3\">Informieren Sie sich zu Blasenentleerungsst\u00f6rung<\/h4>\n            <\/div>\n          <\/div>\n        <\/div>\n        <div class=\"fn-info-box-content\">\n              <p><strong>Kontaktieren Sie uns<\/strong>\u00a0f\u00fcr ein Beratungsgespr\u00e4ch, wir informieren Sie gerne \u00fcber Ihre individuellen Abkl\u00e4rungs- und\u00a0Behandlungsm\u00f6glichkeiten bei einer\u00a0<strong>Blasenentleerungsst\u00f6rung<\/strong>\u00a0oder\u00a0<a title=\"Blasenschw\u00e4che\" href=\"https:\/\/www.kontinenzzentrum.ch\/de\/erkrankungen\/blasenfunktionsstoerung\/blasenschwaeche.html\">Blasenschw\u00e4che<\/a>.<\/p>\n<p>Sie erreichen unser Zentrum (KontinenzZentrum Hirslanden in Z\u00fcrich) von Montag bis Freitag zwischen 8 und 17 Uhr. Vereinbaren Sie gerne einen Termin per Telefon oder \u00fcber unsere Online Terminvereinbarung.<\/p>\n<p><div class=\"uk-flex uk-child-width-auto uk-grid-small\" uk-grid><div><a class=\"uk-button uk-button-primary\" href=\"tel:+41443872910\"><i class=\"fas fa-phone-alt uk-margin-small-right\"><\/i>+41 44 387 29 10<\/a><\/div><div><a class=\"uk-button uk-button-primary\" href=\"https:\/\/www.kontinenzzentrum.ch\/de\/ueber-uns\/termin.html\"><i class=\"fas fa-comments uk-margin-small-right\"><\/i>Online Terminvereinbarung<\/a><\/div><\/div><\/p>\n        <\/div>\n      <\/div><\/div><\/div><\/div><\/div><\/div><\/div>","protected":false},"excerpt":{"rendered":"<p>Blasenentleerungsst\u00f6rung Erschwerte, verz\u00f6gerte oder unvollst\u00e4ndige Entleerung der Harnblase Sind Zeitpunkt und Ort geeignet, wird normalerweise willentlich der Mechanismus f\u00fcr die Blasenentleerung in Gang gesetzt. Das Gehirn gibt das Startsignal, der Schliessmuskel erschlafft und der Blasenmuskel presst den Urin durch die Harnr\u00f6hre nach au\u00dfen. Ist die\u00a0Blase\u00a0leer, spannt sich der Schlie\u00dfmuskel wieder an, und die Entleerung ist [&hellip;]<\/p>\n","protected":false},"author":1,"featured_media":395,"parent":394,"menu_order":0,"comment_status":"closed","ping_status":"closed","template":"","meta":{"_acf_changed":false,"footnotes":""},"class_list":["post-410","page","type-page","status-publish","has-post-thumbnail","hentry"],"acf":[],"yoast_head":"<!-- This site is optimized with the Yoast SEO plugin v26.9 - https:\/\/yoast.com\/product\/yoast-seo-wordpress\/ -->\n<title>Kontinenzzentrum Hirslanden - Blasenentleerungsst\u00f6rung - Wir k\u00f6nnen helfen<\/title>\n<meta name=\"description\" content=\"Unsere Fach\u00e4rzte sind darauf spezialisiert Patienten bei erschwerter, verz\u00f6gerter oder unvollst\u00e4ndiger Entleerung der Blase gezielt zu helfen.\" \/>\n<meta name=\"robots\" content=\"index, follow, max-snippet:-1, max-image-preview:large, max-video-preview:-1\" \/>\n<link rel=\"canonical\" href=\"https:\/\/www.kontinenzzentrum.ch\/de\/erkrankungen\/blasenfunktionsstoerung\/blasenentleerungsstoerung.html\" \/>\n<meta property=\"og:locale\" content=\"de_DE\" \/>\n<meta property=\"og:type\" content=\"article\" \/>\n<meta property=\"og:title\" content=\"Kontinenzzentrum Hirslanden - Blasenentleerungsst\u00f6rung - Wir k\u00f6nnen helfen\" \/>\n<meta property=\"og:description\" content=\"Unsere Fach\u00e4rzte sind darauf spezialisiert Patienten bei erschwerter, verz\u00f6gerter oder unvollst\u00e4ndiger Entleerung der Blase gezielt zu helfen.\" \/>\n<meta property=\"og:url\" content=\"https:\/\/www.kontinenzzentrum.ch\/de\/erkrankungen\/blasenfunktionsstoerung\/blasenentleerungsstoerung.html\" \/>\n<meta property=\"og:site_name\" content=\"KontinenzZentrum\" \/>\n<meta property=\"article:modified_time\" content=\"2025-10-01T09:34:52+00:00\" \/>\n<meta property=\"og:image\" content=\"https:\/\/www.kontinenzzentrum.ch\/wp-content\/uploads\/untersuchung-blase.jpeg\" \/>\n\t<meta property=\"og:image:width\" content=\"1920\" \/>\n\t<meta property=\"og:image:height\" content=\"450\" \/>\n\t<meta property=\"og:image:type\" content=\"image\/jpeg\" \/>\n<meta name=\"twitter:card\" content=\"summary_large_image\" \/>\n<meta name=\"twitter:label1\" content=\"Gesch\u00e4tzte Lesezeit\" \/>\n\t<meta name=\"twitter:data1\" content=\"3\u00a0Minuten\" \/>\n<script type=\"application\/ld+json\" class=\"yoast-schema-graph\">{\"@context\":\"https:\/\/schema.org\",\"@graph\":[{\"@type\":\"WebPage\",\"@id\":\"https:\/\/www.kontinenzzentrum.ch\/de\/erkrankungen\/blasenfunktionsstoerung\/blasenentleerungsstoerung.html\",\"url\":\"https:\/\/www.kontinenzzentrum.ch\/de\/erkrankungen\/blasenfunktionsstoerung\/blasenentleerungsstoerung.html\",\"name\":\"Kontinenzzentrum Hirslanden - Blasenentleerungsst\u00f6rung - Wir k\u00f6nnen helfen\",\"isPartOf\":{\"@id\":\"https:\/\/www.kontinenzzentrum.ch\/de\/#website\"},\"primaryImageOfPage\":{\"@id\":\"https:\/\/www.kontinenzzentrum.ch\/de\/erkrankungen\/blasenfunktionsstoerung\/blasenentleerungsstoerung.html#primaryimage\"},\"image\":{\"@id\":\"https:\/\/www.kontinenzzentrum.ch\/de\/erkrankungen\/blasenfunktionsstoerung\/blasenentleerungsstoerung.html#primaryimage\"},\"thumbnailUrl\":\"https:\/\/www.kontinenzzentrum.ch\/wp-content\/uploads\/untersuchung-blase.jpeg\",\"datePublished\":\"2023-02-09T15:24:30+00:00\",\"dateModified\":\"2025-10-01T09:34:52+00:00\",\"description\":\"Unsere Fach\u00e4rzte sind darauf spezialisiert Patienten bei erschwerter, verz\u00f6gerter oder unvollst\u00e4ndiger Entleerung der Blase gezielt zu helfen.\",\"breadcrumb\":{\"@id\":\"https:\/\/www.kontinenzzentrum.ch\/de\/erkrankungen\/blasenfunktionsstoerung\/blasenentleerungsstoerung.html#breadcrumb\"},\"inLanguage\":\"de\",\"potentialAction\":[{\"@type\":\"ReadAction\",\"target\":[\"https:\/\/www.kontinenzzentrum.ch\/de\/erkrankungen\/blasenfunktionsstoerung\/blasenentleerungsstoerung.html\"]}]},{\"@type\":\"ImageObject\",\"inLanguage\":\"de\",\"@id\":\"https:\/\/www.kontinenzzentrum.ch\/de\/erkrankungen\/blasenfunktionsstoerung\/blasenentleerungsstoerung.html#primaryimage\",\"url\":\"https:\/\/www.kontinenzzentrum.ch\/wp-content\/uploads\/untersuchung-blase.jpeg\",\"contentUrl\":\"https:\/\/www.kontinenzzentrum.ch\/wp-content\/uploads\/untersuchung-blase.jpeg\",\"width\":1920,\"height\":450},{\"@type\":\"BreadcrumbList\",\"@id\":\"https:\/\/www.kontinenzzentrum.ch\/de\/erkrankungen\/blasenfunktionsstoerung\/blasenentleerungsstoerung.html#breadcrumb\",\"itemListElement\":[{\"@type\":\"ListItem\",\"position\":1,\"name\":\"Startseite\",\"item\":\"https:\/\/www.kontinenzzentrum.ch\/de\"},{\"@type\":\"ListItem\",\"position\":2,\"name\":\"Erkrankungen\",\"item\":\"https:\/\/www.kontinenzzentrum.ch\/de\/erkrankungen.html\"},{\"@type\":\"ListItem\",\"position\":3,\"name\":\"Blasenfunktionsst\u00f6rung\",\"item\":\"https:\/\/www.kontinenzzentrum.ch\/de\/erkrankungen\/blasenfunktionsstoerung.html\"},{\"@type\":\"ListItem\",\"position\":4,\"name\":\"Blasenentleerungsst\u00f6rung\"}]},{\"@type\":\"WebSite\",\"@id\":\"https:\/\/www.kontinenzzentrum.ch\/de\/#website\",\"url\":\"https:\/\/www.kontinenzzentrum.ch\/de\/\",\"name\":\"KontinenzZentrum Hirslanden Z\u00fcrich\",\"description\":\"KontinenzZentrum Hirslanden Z\u00fcrich: Blasenst\u00f6rungen & Inkontinenz\",\"publisher\":{\"@id\":\"https:\/\/www.kontinenzzentrum.ch\/de\/#organization\"},\"potentialAction\":[{\"@type\":\"SearchAction\",\"target\":{\"@type\":\"EntryPoint\",\"urlTemplate\":\"https:\/\/www.kontinenzzentrum.ch\/de\/?s={search_term_string}\"},\"query-input\":{\"@type\":\"PropertyValueSpecification\",\"valueRequired\":true,\"valueName\":\"search_term_string\"}}],\"inLanguage\":\"de\"},{\"@type\":\"Organization\",\"@id\":\"https:\/\/www.kontinenzzentrum.ch\/de\/#organization\",\"name\":\"KontinenzZentrum Hirslanden Z\u00fcrich\",\"url\":\"https:\/\/www.kontinenzzentrum.ch\/de\/\",\"logo\":{\"@type\":\"ImageObject\",\"inLanguage\":\"de\",\"@id\":\"https:\/\/www.kontinenzzentrum.ch\/de\/#\/schema\/logo\/image\/\",\"url\":\"https:\/\/www.kontinenzzentrum.ch\/wp-content\/uploads\/Logo_KontinenzZentrum.png\",\"contentUrl\":\"https:\/\/www.kontinenzzentrum.ch\/wp-content\/uploads\/Logo_KontinenzZentrum.png\",\"width\":800,\"height\":142,\"caption\":\"KontinenzZentrum Hirslanden Z\u00fcrich\"},\"image\":{\"@id\":\"https:\/\/www.kontinenzzentrum.ch\/de\/#\/schema\/logo\/image\/\"}}]}<\/script>\n<!-- \/ Yoast SEO plugin. -->","yoast_head_json":{"title":"Kontinenzzentrum Hirslanden - Blasenentleerungsst\u00f6rung - Wir k\u00f6nnen helfen","description":"Unsere Fach\u00e4rzte sind darauf spezialisiert Patienten bei erschwerter, verz\u00f6gerter oder unvollst\u00e4ndiger Entleerung der Blase gezielt zu helfen.","robots":{"index":"index","follow":"follow","max-snippet":"max-snippet:-1","max-image-preview":"max-image-preview:large","max-video-preview":"max-video-preview:-1"},"canonical":"https:\/\/www.kontinenzzentrum.ch\/de\/erkrankungen\/blasenfunktionsstoerung\/blasenentleerungsstoerung.html","og_locale":"de_DE","og_type":"article","og_title":"Kontinenzzentrum Hirslanden - Blasenentleerungsst\u00f6rung - Wir k\u00f6nnen helfen","og_description":"Unsere Fach\u00e4rzte sind darauf spezialisiert Patienten bei erschwerter, verz\u00f6gerter oder unvollst\u00e4ndiger Entleerung der Blase gezielt zu helfen.","og_url":"https:\/\/www.kontinenzzentrum.ch\/de\/erkrankungen\/blasenfunktionsstoerung\/blasenentleerungsstoerung.html","og_site_name":"KontinenzZentrum","article_modified_time":"2025-10-01T09:34:52+00:00","og_image":[{"width":1920,"height":450,"url":"https:\/\/www.kontinenzzentrum.ch\/wp-content\/uploads\/untersuchung-blase.jpeg","type":"image\/jpeg"}],"twitter_card":"summary_large_image","twitter_misc":{"Gesch\u00e4tzte Lesezeit":"3\u00a0Minuten"},"schema":{"@context":"https:\/\/schema.org","@graph":[{"@type":"WebPage","@id":"https:\/\/www.kontinenzzentrum.ch\/de\/erkrankungen\/blasenfunktionsstoerung\/blasenentleerungsstoerung.html","url":"https:\/\/www.kontinenzzentrum.ch\/de\/erkrankungen\/blasenfunktionsstoerung\/blasenentleerungsstoerung.html","name":"Kontinenzzentrum Hirslanden - Blasenentleerungsst\u00f6rung - Wir k\u00f6nnen helfen","isPartOf":{"@id":"https:\/\/www.kontinenzzentrum.ch\/de\/#website"},"primaryImageOfPage":{"@id":"https:\/\/www.kontinenzzentrum.ch\/de\/erkrankungen\/blasenfunktionsstoerung\/blasenentleerungsstoerung.html#primaryimage"},"image":{"@id":"https:\/\/www.kontinenzzentrum.ch\/de\/erkrankungen\/blasenfunktionsstoerung\/blasenentleerungsstoerung.html#primaryimage"},"thumbnailUrl":"https:\/\/www.kontinenzzentrum.ch\/wp-content\/uploads\/untersuchung-blase.jpeg","datePublished":"2023-02-09T15:24:30+00:00","dateModified":"2025-10-01T09:34:52+00:00","description":"Unsere Fach\u00e4rzte sind darauf spezialisiert Patienten bei erschwerter, verz\u00f6gerter oder unvollst\u00e4ndiger Entleerung der Blase gezielt zu helfen.","breadcrumb":{"@id":"https:\/\/www.kontinenzzentrum.ch\/de\/erkrankungen\/blasenfunktionsstoerung\/blasenentleerungsstoerung.html#breadcrumb"},"inLanguage":"de","potentialAction":[{"@type":"ReadAction","target":["https:\/\/www.kontinenzzentrum.ch\/de\/erkrankungen\/blasenfunktionsstoerung\/blasenentleerungsstoerung.html"]}]},{"@type":"ImageObject","inLanguage":"de","@id":"https:\/\/www.kontinenzzentrum.ch\/de\/erkrankungen\/blasenfunktionsstoerung\/blasenentleerungsstoerung.html#primaryimage","url":"https:\/\/www.kontinenzzentrum.ch\/wp-content\/uploads\/untersuchung-blase.jpeg","contentUrl":"https:\/\/www.kontinenzzentrum.ch\/wp-content\/uploads\/untersuchung-blase.jpeg","width":1920,"height":450},{"@type":"BreadcrumbList","@id":"https:\/\/www.kontinenzzentrum.ch\/de\/erkrankungen\/blasenfunktionsstoerung\/blasenentleerungsstoerung.html#breadcrumb","itemListElement":[{"@type":"ListItem","position":1,"name":"Startseite","item":"https:\/\/www.kontinenzzentrum.ch\/de"},{"@type":"ListItem","position":2,"name":"Erkrankungen","item":"https:\/\/www.kontinenzzentrum.ch\/de\/erkrankungen.html"},{"@type":"ListItem","position":3,"name":"Blasenfunktionsst\u00f6rung","item":"https:\/\/www.kontinenzzentrum.ch\/de\/erkrankungen\/blasenfunktionsstoerung.html"},{"@type":"ListItem","position":4,"name":"Blasenentleerungsst\u00f6rung"}]},{"@type":"WebSite","@id":"https:\/\/www.kontinenzzentrum.ch\/de\/#website","url":"https:\/\/www.kontinenzzentrum.ch\/de\/","name":"KontinenzZentrum Hirslanden Z\u00fcrich","description":"KontinenzZentrum Hirslanden Z\u00fcrich: Blasenst\u00f6rungen & Inkontinenz","publisher":{"@id":"https:\/\/www.kontinenzzentrum.ch\/de\/#organization"},"potentialAction":[{"@type":"SearchAction","target":{"@type":"EntryPoint","urlTemplate":"https:\/\/www.kontinenzzentrum.ch\/de\/?s={search_term_string}"},"query-input":{"@type":"PropertyValueSpecification","valueRequired":true,"valueName":"search_term_string"}}],"inLanguage":"de"},{"@type":"Organization","@id":"https:\/\/www.kontinenzzentrum.ch\/de\/#organization","name":"KontinenzZentrum Hirslanden Z\u00fcrich","url":"https:\/\/www.kontinenzzentrum.ch\/de\/","logo":{"@type":"ImageObject","inLanguage":"de","@id":"https:\/\/www.kontinenzzentrum.ch\/de\/#\/schema\/logo\/image\/","url":"https:\/\/www.kontinenzzentrum.ch\/wp-content\/uploads\/Logo_KontinenzZentrum.png","contentUrl":"https:\/\/www.kontinenzzentrum.ch\/wp-content\/uploads\/Logo_KontinenzZentrum.png","width":800,"height":142,"caption":"KontinenzZentrum Hirslanden Z\u00fcrich"},"image":{"@id":"https:\/\/www.kontinenzzentrum.ch\/de\/#\/schema\/logo\/image\/"}}]}},"_links":{"self":[{"href":"https:\/\/www.kontinenzzentrum.ch\/de\/wp-json\/wp\/v2\/pages\/410","targetHints":{"allow":["GET"]}}],"collection":[{"href":"https:\/\/www.kontinenzzentrum.ch\/de\/wp-json\/wp\/v2\/pages"}],"about":[{"href":"https:\/\/www.kontinenzzentrum.ch\/de\/wp-json\/wp\/v2\/types\/page"}],"author":[{"embeddable":true,"href":"https:\/\/www.kontinenzzentrum.ch\/de\/wp-json\/wp\/v2\/users\/1"}],"replies":[{"embeddable":true,"href":"https:\/\/www.kontinenzzentrum.ch\/de\/wp-json\/wp\/v2\/comments?post=410"}],"version-history":[{"count":7,"href":"https:\/\/www.kontinenzzentrum.ch\/de\/wp-json\/wp\/v2\/pages\/410\/revisions"}],"predecessor-version":[{"id":4613,"href":"https:\/\/www.kontinenzzentrum.ch\/de\/wp-json\/wp\/v2\/pages\/410\/revisions\/4613"}],"up":[{"embeddable":true,"href":"https:\/\/www.kontinenzzentrum.ch\/de\/wp-json\/wp\/v2\/pages\/394"}],"wp:featuredmedia":[{"embeddable":true,"href":"https:\/\/www.kontinenzzentrum.ch\/de\/wp-json\/wp\/v2\/media\/395"}],"wp:attachment":[{"href":"https:\/\/www.kontinenzzentrum.ch\/de\/wp-json\/wp\/v2\/media?parent=410"}],"curies":[{"name":"wp","href":"https:\/\/api.w.org\/{rel}","templated":true}]}}