{"id":4633,"date":"2025-10-07T08:46:38","date_gmt":"2025-10-07T06:46:38","guid":{"rendered":"https:\/\/www.kontinenzzentrum.ch\/?page_id=4633"},"modified":"2026-02-25T12:12:56","modified_gmt":"2026-02-25T11:12:56","slug":"pd-dr-med-stephan-buse","status":"publish","type":"page","link":"https:\/\/www.kontinenzzentrum.ch\/de\/ueber-uns\/wer-wir-sind\/pd-dr-med-stephan-buse.html","title":{"rendered":"PD Dr. med. Stephan Buse"},"content":{"rendered":"<div id=\"pl-4633\"  class=\"panel-layout\" ><div id=\"pg-4633-0\"  class=\"panel-grid panel-no-style\" ><div id=\"pgc-4633-0-0\"  class=\"panel-grid-cell\" ><div id=\"panel-4633-0-0-0\" class=\"so-panel widget widget_fn-team-widget panel-first-child\" data-index=\"0\" ><div\n\t\t\t\n\t\t\tclass=\"so-widget-fn-team-widget so-widget-fn-team-widget-base\"\n\t\t\t\n\t\t>      <div class=\"fn-team uk-margin-medium-bottom\">        <div class=\"uk-grid-medium\" uk-grid><div class=\"uk-width-1-5@m uk-width-1-1\">\n            <div class='fn-team-image uk-background-cover uk-position-relative' data-src=\"https:\/\/www.kontinenzzentrum.ch\/wp-content\/uploads\/pd-dr-med-stephan-buse-1.jpg\" data-srcset=\"https:\/\/www.kontinenzzentrum.ch\/wp-content\/uploads\/pd-dr-med-stephan-buse-1.jpg\" uk-img>\n            <\/div>\n          <\/div>          <div class=\"uk-width-expand@m uk-width-1-1 fn-team-container uk-margin-top\">\n            <h1>PD Dr. med. Stephan Buse<\/h1>\n<h2>Facharzt f\u00fcr Urologie<br \/>\nspeziell: Operative Urologie<\/h2>\n          <\/div>\n        <\/div>\n    <\/div><\/div><\/div><div id=\"panel-4633-0-0-1\" class=\"so-panel widget widget_fn-accordion-widget panel-last-child\" data-index=\"1\" ><div\n\t\t\t\n\t\t\tclass=\"so-widget-fn-accordion-widget so-widget-fn-accordion-widget-base\"\n\t\t\t\n\t\t><ul class=\"uk-list\" uk-accordion><li>\n        <a class=\"uk-accordion-title\" href=\"#\">Kernkompetenzen<\/a>\n        <div class=\"uk-accordion-content\"><ul>\n<li>Roboterassistierte rekonstruktive Urologie bei Senkungszust\u00e4nden im Becken<\/li>\n<li>Urologische Kontinenzchirurgie und -prothektik<\/li>\n<li>Roboterassistierte Harnableitung\/Neoblase bei neurogener Harnblasenblasenfunktionsst\u00f6rung<\/li>\n<\/ul>\n<\/div>\n      <\/li><li>\n        <a class=\"uk-accordion-title\" href=\"#\">Werdegang<\/a>\n        <div class=\"uk-accordion-content\"><dl class=\"key-value-list horizontal\">\n \t<dt>2024 - heute\u00a0 \u00a0 Selbst\u00e4ndige T\u00e4tigkeit im KontinenzZentrum Z\u00fcrich<\/dt>\n \t<dt>2009 - heute\u00a0 \u00a0 Chefarzt Klinik f\u00fcr Urologie und urologische Onkologie, Alfried Krupp Krankenhaus Essen<\/dt>\n<dt>2006 - 2009 \u00a0 \u00a0 Oberarzt Universit\u00e4tsklinikum Heidelberg<\/dt>\n \t<dt>2001 - 2006 \u00a0 \u00a0 Facharztausbildung St. Gallen, Z\u00fcrich, Heidelberg<\/dt>\n<\/dl><\/div>\n      <\/li><li>\n        <a class=\"uk-accordion-title\" href=\"#\">Mitgliedschaften<\/a>\n        <div class=\"uk-accordion-content\"><ul>\n<li>Deutsche Gesellschaft f\u00fcr Urologie<\/li>\n<li>Deutsche Gesellschaft f\u00fcr Roboterassistierte Urologie<\/li>\n<li>European Association of Urololgy<\/li>\n<li>Society of Robotic Surgery (Board Member)<\/li>\n<\/ul>\n<\/div>\n      <\/li><li>\n        <a class=\"uk-accordion-title\" href=\"#\">Sprachen<\/a>\n        <div class=\"uk-accordion-content\"><ul>\n<li>Deutsch<\/li>\n<li>Englisch<\/li>\n<li>Italienisch<\/li>\n<\/ul>\n<\/div>\n      <\/li><\/ul><\/div><\/div><\/div><\/div><\/div>","protected":false},"excerpt":{"rendered":"<p>PD Dr. med. Stephan Buse Facharzt f\u00fcr Urologie speziell: Operative Urologie Kernkompetenzen Roboterassistierte rekonstruktive Urologie bei Senkungszust\u00e4nden im Becken Urologische Kontinenzchirurgie und -prothektik Roboterassistierte Harnableitung\/Neoblase bei neurogener Harnblasenblasenfunktionsst\u00f6rung Werdegang 2024 - heute\u00a0 \u00a0 Selbst\u00e4ndige T\u00e4tigkeit im KontinenzZentrum Z\u00fcrich 2009 - heute\u00a0 \u00a0 Chefarzt Klinik f\u00fcr Urologie und urologische Onkologie, Alfried Krupp Krankenhaus Essen 2006 - [&hellip;]<\/p>\n","protected":false},"author":1,"featured_media":996,"parent":1049,"menu_order":0,"comment_status":"closed","ping_status":"closed","template":"","meta":{"_acf_changed":false,"footnotes":""},"class_list":["post-4633","page","type-page","status-publish","has-post-thumbnail","hentry"],"acf":[],"yoast_head":"<!-- This site is optimized with the Yoast SEO plugin v26.9 - https:\/\/yoast.com\/product\/yoast-seo-wordpress\/ -->\n<title>PD Dr. med. Stephan Buse<\/title>\n<meta name=\"robots\" content=\"index, follow, max-snippet:-1, max-image-preview:large, max-video-preview:-1\" \/>\n<link rel=\"canonical\" href=\"https:\/\/www.kontinenzzentrum.ch\/de\/ueber-uns\/wer-wir-sind\/pd-dr-med-stephan-buse.html\" \/>\n<meta property=\"og:locale\" content=\"de_DE\" \/>\n<meta property=\"og:type\" content=\"article\" \/>\n<meta property=\"og:title\" content=\"PD Dr. med. Stephan Buse\" \/>\n<meta property=\"og:description\" content=\"PD Dr. med. Stephan Buse Facharzt f\u00fcr Urologie speziell: Operative Urologie Kernkompetenzen Roboterassistierte rekonstruktive Urologie bei Senkungszust\u00e4nden im Becken Urologische Kontinenzchirurgie und -prothektik Roboterassistierte Harnableitung\/Neoblase bei neurogener Harnblasenblasenfunktionsst\u00f6rung Werdegang 2024 - heute\u00a0 \u00a0 Selbst\u00e4ndige T\u00e4tigkeit im KontinenzZentrum Z\u00fcrich 2009 - heute\u00a0 \u00a0 Chefarzt Klinik f\u00fcr Urologie und urologische Onkologie, Alfried Krupp Krankenhaus Essen 2006 - [&hellip;]\" \/>\n<meta property=\"og:url\" content=\"https:\/\/www.kontinenzzentrum.ch\/de\/ueber-uns\/wer-wir-sind\/pd-dr-med-stephan-buse.html\" \/>\n<meta property=\"og:site_name\" content=\"KontinenzZentrum\" \/>\n<meta property=\"article:modified_time\" content=\"2026-02-25T11:12:56+00:00\" \/>\n<meta property=\"og:image\" content=\"https:\/\/www.kontinenzzentrum.ch\/wp-content\/uploads\/ueber-uns-wer-wir-sind-10502-2.jpeg\" \/>\n\t<meta property=\"og:image:width\" content=\"1920\" \/>\n\t<meta property=\"og:image:height\" content=\"450\" \/>\n\t<meta property=\"og:image:type\" content=\"image\/jpeg\" \/>\n<meta name=\"twitter:card\" content=\"summary_large_image\" \/>\n<meta name=\"twitter:label1\" content=\"Gesch\u00e4tzte Lesezeit\" \/>\n\t<meta name=\"twitter:data1\" content=\"1\u00a0Minute\" \/>\n<script type=\"application\/ld+json\" class=\"yoast-schema-graph\">{\"@context\":\"https:\/\/schema.org\",\"@graph\":[{\"@type\":\"WebPage\",\"@id\":\"https:\/\/www.kontinenzzentrum.ch\/de\/ueber-uns\/wer-wir-sind\/pd-dr-med-stephan-buse.html\",\"url\":\"https:\/\/www.kontinenzzentrum.ch\/de\/ueber-uns\/wer-wir-sind\/pd-dr-med-stephan-buse.html\",\"name\":\"PD Dr. med. Stephan Buse\",\"isPartOf\":{\"@id\":\"https:\/\/www.kontinenzzentrum.ch\/de\/#website\"},\"primaryImageOfPage\":{\"@id\":\"https:\/\/www.kontinenzzentrum.ch\/de\/ueber-uns\/wer-wir-sind\/pd-dr-med-stephan-buse.html#primaryimage\"},\"image\":{\"@id\":\"https:\/\/www.kontinenzzentrum.ch\/de\/ueber-uns\/wer-wir-sind\/pd-dr-med-stephan-buse.html#primaryimage\"},\"thumbnailUrl\":\"https:\/\/www.kontinenzzentrum.ch\/wp-content\/uploads\/ueber-uns-wer-wir-sind-10502-2.jpeg\",\"datePublished\":\"2025-10-07T06:46:38+00:00\",\"dateModified\":\"2026-02-25T11:12:56+00:00\",\"breadcrumb\":{\"@id\":\"https:\/\/www.kontinenzzentrum.ch\/de\/ueber-uns\/wer-wir-sind\/pd-dr-med-stephan-buse.html#breadcrumb\"},\"inLanguage\":\"de\",\"potentialAction\":[{\"@type\":\"ReadAction\",\"target\":[\"https:\/\/www.kontinenzzentrum.ch\/de\/ueber-uns\/wer-wir-sind\/pd-dr-med-stephan-buse.html\"]}]},{\"@type\":\"ImageObject\",\"inLanguage\":\"de\",\"@id\":\"https:\/\/www.kontinenzzentrum.ch\/de\/ueber-uns\/wer-wir-sind\/pd-dr-med-stephan-buse.html#primaryimage\",\"url\":\"https:\/\/www.kontinenzzentrum.ch\/wp-content\/uploads\/ueber-uns-wer-wir-sind-10502-2.jpeg\",\"contentUrl\":\"https:\/\/www.kontinenzzentrum.ch\/wp-content\/uploads\/ueber-uns-wer-wir-sind-10502-2.jpeg\",\"width\":1920,\"height\":450},{\"@type\":\"BreadcrumbList\",\"@id\":\"https:\/\/www.kontinenzzentrum.ch\/de\/ueber-uns\/wer-wir-sind\/pd-dr-med-stephan-buse.html#breadcrumb\",\"itemListElement\":[{\"@type\":\"ListItem\",\"position\":1,\"name\":\"Startseite\",\"item\":\"https:\/\/www.kontinenzzentrum.ch\/de\"},{\"@type\":\"ListItem\",\"position\":2,\"name\":\"\u00dcber uns\",\"item\":\"https:\/\/www.kontinenzzentrum.ch\/de\/ueber-uns.html\"},{\"@type\":\"ListItem\",\"position\":3,\"name\":\"Wer wir sind\",\"item\":\"https:\/\/www.kontinenzzentrum.ch\/de\/ueber-uns\/wer-wir-sind.html\"},{\"@type\":\"ListItem\",\"position\":4,\"name\":\"PD Dr. med. Stephan Buse\"}]},{\"@type\":\"WebSite\",\"@id\":\"https:\/\/www.kontinenzzentrum.ch\/de\/#website\",\"url\":\"https:\/\/www.kontinenzzentrum.ch\/de\/\",\"name\":\"KontinenzZentrum Hirslanden Z\u00fcrich\",\"description\":\"KontinenzZentrum Hirslanden Z\u00fcrich: Blasenst\u00f6rungen & Inkontinenz\",\"publisher\":{\"@id\":\"https:\/\/www.kontinenzzentrum.ch\/de\/#organization\"},\"potentialAction\":[{\"@type\":\"SearchAction\",\"target\":{\"@type\":\"EntryPoint\",\"urlTemplate\":\"https:\/\/www.kontinenzzentrum.ch\/de\/?s={search_term_string}\"},\"query-input\":{\"@type\":\"PropertyValueSpecification\",\"valueRequired\":true,\"valueName\":\"search_term_string\"}}],\"inLanguage\":\"de\"},{\"@type\":\"Organization\",\"@id\":\"https:\/\/www.kontinenzzentrum.ch\/de\/#organization\",\"name\":\"KontinenzZentrum Hirslanden Z\u00fcrich\",\"url\":\"https:\/\/www.kontinenzzentrum.ch\/de\/\",\"logo\":{\"@type\":\"ImageObject\",\"inLanguage\":\"de\",\"@id\":\"https:\/\/www.kontinenzzentrum.ch\/de\/#\/schema\/logo\/image\/\",\"url\":\"https:\/\/www.kontinenzzentrum.ch\/wp-content\/uploads\/Logo_KontinenzZentrum.png\",\"contentUrl\":\"https:\/\/www.kontinenzzentrum.ch\/wp-content\/uploads\/Logo_KontinenzZentrum.png\",\"width\":800,\"height\":142,\"caption\":\"KontinenzZentrum Hirslanden Z\u00fcrich\"},\"image\":{\"@id\":\"https:\/\/www.kontinenzzentrum.ch\/de\/#\/schema\/logo\/image\/\"}}]}<\/script>\n<!-- \/ Yoast SEO plugin. -->","yoast_head_json":{"title":"PD Dr. med. Stephan Buse","robots":{"index":"index","follow":"follow","max-snippet":"max-snippet:-1","max-image-preview":"max-image-preview:large","max-video-preview":"max-video-preview:-1"},"canonical":"https:\/\/www.kontinenzzentrum.ch\/de\/ueber-uns\/wer-wir-sind\/pd-dr-med-stephan-buse.html","og_locale":"de_DE","og_type":"article","og_title":"PD Dr. med. Stephan Buse","og_description":"PD Dr. med. Stephan Buse Facharzt f\u00fcr Urologie speziell: Operative Urologie Kernkompetenzen Roboterassistierte rekonstruktive Urologie bei Senkungszust\u00e4nden im Becken Urologische Kontinenzchirurgie und -prothektik Roboterassistierte Harnableitung\/Neoblase bei neurogener Harnblasenblasenfunktionsst\u00f6rung Werdegang 2024 - heute\u00a0 \u00a0 Selbst\u00e4ndige T\u00e4tigkeit im KontinenzZentrum Z\u00fcrich 2009 - heute\u00a0 \u00a0 Chefarzt Klinik f\u00fcr Urologie und urologische Onkologie, Alfried Krupp Krankenhaus Essen 2006 - [&hellip;]","og_url":"https:\/\/www.kontinenzzentrum.ch\/de\/ueber-uns\/wer-wir-sind\/pd-dr-med-stephan-buse.html","og_site_name":"KontinenzZentrum","article_modified_time":"2026-02-25T11:12:56+00:00","og_image":[{"width":1920,"height":450,"url":"https:\/\/www.kontinenzzentrum.ch\/wp-content\/uploads\/ueber-uns-wer-wir-sind-10502-2.jpeg","type":"image\/jpeg"}],"twitter_card":"summary_large_image","twitter_misc":{"Gesch\u00e4tzte Lesezeit":"1\u00a0Minute"},"schema":{"@context":"https:\/\/schema.org","@graph":[{"@type":"WebPage","@id":"https:\/\/www.kontinenzzentrum.ch\/de\/ueber-uns\/wer-wir-sind\/pd-dr-med-stephan-buse.html","url":"https:\/\/www.kontinenzzentrum.ch\/de\/ueber-uns\/wer-wir-sind\/pd-dr-med-stephan-buse.html","name":"PD Dr. med. Stephan Buse","isPartOf":{"@id":"https:\/\/www.kontinenzzentrum.ch\/de\/#website"},"primaryImageOfPage":{"@id":"https:\/\/www.kontinenzzentrum.ch\/de\/ueber-uns\/wer-wir-sind\/pd-dr-med-stephan-buse.html#primaryimage"},"image":{"@id":"https:\/\/www.kontinenzzentrum.ch\/de\/ueber-uns\/wer-wir-sind\/pd-dr-med-stephan-buse.html#primaryimage"},"thumbnailUrl":"https:\/\/www.kontinenzzentrum.ch\/wp-content\/uploads\/ueber-uns-wer-wir-sind-10502-2.jpeg","datePublished":"2025-10-07T06:46:38+00:00","dateModified":"2026-02-25T11:12:56+00:00","breadcrumb":{"@id":"https:\/\/www.kontinenzzentrum.ch\/de\/ueber-uns\/wer-wir-sind\/pd-dr-med-stephan-buse.html#breadcrumb"},"inLanguage":"de","potentialAction":[{"@type":"ReadAction","target":["https:\/\/www.kontinenzzentrum.ch\/de\/ueber-uns\/wer-wir-sind\/pd-dr-med-stephan-buse.html"]}]},{"@type":"ImageObject","inLanguage":"de","@id":"https:\/\/www.kontinenzzentrum.ch\/de\/ueber-uns\/wer-wir-sind\/pd-dr-med-stephan-buse.html#primaryimage","url":"https:\/\/www.kontinenzzentrum.ch\/wp-content\/uploads\/ueber-uns-wer-wir-sind-10502-2.jpeg","contentUrl":"https:\/\/www.kontinenzzentrum.ch\/wp-content\/uploads\/ueber-uns-wer-wir-sind-10502-2.jpeg","width":1920,"height":450},{"@type":"BreadcrumbList","@id":"https:\/\/www.kontinenzzentrum.ch\/de\/ueber-uns\/wer-wir-sind\/pd-dr-med-stephan-buse.html#breadcrumb","itemListElement":[{"@type":"ListItem","position":1,"name":"Startseite","item":"https:\/\/www.kontinenzzentrum.ch\/de"},{"@type":"ListItem","position":2,"name":"\u00dcber uns","item":"https:\/\/www.kontinenzzentrum.ch\/de\/ueber-uns.html"},{"@type":"ListItem","position":3,"name":"Wer wir sind","item":"https:\/\/www.kontinenzzentrum.ch\/de\/ueber-uns\/wer-wir-sind.html"},{"@type":"ListItem","position":4,"name":"PD Dr. med. Stephan Buse"}]},{"@type":"WebSite","@id":"https:\/\/www.kontinenzzentrum.ch\/de\/#website","url":"https:\/\/www.kontinenzzentrum.ch\/de\/","name":"KontinenzZentrum Hirslanden Z\u00fcrich","description":"KontinenzZentrum Hirslanden Z\u00fcrich: Blasenst\u00f6rungen & Inkontinenz","publisher":{"@id":"https:\/\/www.kontinenzzentrum.ch\/de\/#organization"},"potentialAction":[{"@type":"SearchAction","target":{"@type":"EntryPoint","urlTemplate":"https:\/\/www.kontinenzzentrum.ch\/de\/?s={search_term_string}"},"query-input":{"@type":"PropertyValueSpecification","valueRequired":true,"valueName":"search_term_string"}}],"inLanguage":"de"},{"@type":"Organization","@id":"https:\/\/www.kontinenzzentrum.ch\/de\/#organization","name":"KontinenzZentrum Hirslanden Z\u00fcrich","url":"https:\/\/www.kontinenzzentrum.ch\/de\/","logo":{"@type":"ImageObject","inLanguage":"de","@id":"https:\/\/www.kontinenzzentrum.ch\/de\/#\/schema\/logo\/image\/","url":"https:\/\/www.kontinenzzentrum.ch\/wp-content\/uploads\/Logo_KontinenzZentrum.png","contentUrl":"https:\/\/www.kontinenzzentrum.ch\/wp-content\/uploads\/Logo_KontinenzZentrum.png","width":800,"height":142,"caption":"KontinenzZentrum Hirslanden Z\u00fcrich"},"image":{"@id":"https:\/\/www.kontinenzzentrum.ch\/de\/#\/schema\/logo\/image\/"}}]}},"_links":{"self":[{"href":"https:\/\/www.kontinenzzentrum.ch\/de\/wp-json\/wp\/v2\/pages\/4633","targetHints":{"allow":["GET"]}}],"collection":[{"href":"https:\/\/www.kontinenzzentrum.ch\/de\/wp-json\/wp\/v2\/pages"}],"about":[{"href":"https:\/\/www.kontinenzzentrum.ch\/de\/wp-json\/wp\/v2\/types\/page"}],"author":[{"embeddable":true,"href":"https:\/\/www.kontinenzzentrum.ch\/de\/wp-json\/wp\/v2\/users\/1"}],"replies":[{"embeddable":true,"href":"https:\/\/www.kontinenzzentrum.ch\/de\/wp-json\/wp\/v2\/comments?post=4633"}],"version-history":[{"count":4,"href":"https:\/\/www.kontinenzzentrum.ch\/de\/wp-json\/wp\/v2\/pages\/4633\/revisions"}],"predecessor-version":[{"id":4844,"href":"https:\/\/www.kontinenzzentrum.ch\/de\/wp-json\/wp\/v2\/pages\/4633\/revisions\/4844"}],"up":[{"embeddable":true,"href":"https:\/\/www.kontinenzzentrum.ch\/de\/wp-json\/wp\/v2\/pages\/1049"}],"wp:featuredmedia":[{"embeddable":true,"href":"https:\/\/www.kontinenzzentrum.ch\/de\/wp-json\/wp\/v2\/media\/996"}],"wp:attachment":[{"href":"https:\/\/www.kontinenzzentrum.ch\/de\/wp-json\/wp\/v2\/media?parent=4633"}],"curies":[{"name":"wp","href":"https:\/\/api.w.org\/{rel}","templated":true}]}}