{"id":514,"date":"2023-02-10T13:09:59","date_gmt":"2023-02-10T12:09:59","guid":{"rendered":"https:\/\/www.kontinenzzentrum.ch\/?page_id=514"},"modified":"2025-10-01T15:07:19","modified_gmt":"2025-10-01T13:07:19","slug":"neurogene-blasenstoerungen","status":"publish","type":"page","link":"https:\/\/www.kontinenzzentrum.ch\/de\/erkrankungen\/neurogene-blasenstoerungen.html","title":{"rendered":"Neurogene Blasenst\u00f6rungen"},"content":{"rendered":"<div id=\"pl-514\"  class=\"panel-layout\" ><div id=\"pg-514-0\"  class=\"panel-grid panel-no-style\" ><div id=\"pgc-514-0-0\"  class=\"panel-grid-cell\" ><div id=\"panel-514-0-0-0\" class=\"so-panel widget widget_sow-editor panel-first-child panel-last-child\" data-index=\"0\" ><div\n\t\t\t\n\t\t\tclass=\"so-widget-sow-editor so-widget-sow-editor-base\"\n\t\t\t\n\t\t>\n<div class=\"siteorigin-widget-tinymce textwidget\">\n\t<h1>Neurogene Blasenst\u00f6rungen<\/h1>\n<p>Neurogene Blasenst\u00f6rungen sind St\u00f6rungen des Harntrakts, die durch Nervensch\u00e4digungen verursacht wurden. Dazu z\u00e4hlen einerseits Stoffwechselerkrankungen wie Multiple Sklerose und ein unzureichend behandelter Diabetes mellitus. Aber auch Nervensch\u00e4den durch eine Operation z.B. im Unterleib oder am R\u00fccken, Paraplegie, Schlaganfall oder Hirnverletzungen k\u00f6nnen neurogene Blasenst\u00f6rungen hervorrufen.<\/p>\n<\/div>\n<\/div><\/div><\/div><\/div><div id=\"pg-514-1\"  class=\"panel-grid panel-has-style\" ><div class=\"fn-lines panel-row-style panel-row-style-for-514-1\" ><div id=\"pgc-514-1-0\"  class=\"panel-grid-cell\" ><div id=\"panel-514-1-0-0\" class=\"so-panel widget widget_sow-editor panel-first-child panel-last-child\" data-index=\"1\" ><div\n\t\t\t\n\t\t\tclass=\"so-widget-sow-editor so-widget-sow-editor-base\"\n\t\t\t\n\t\t>\n<div class=\"siteorigin-widget-tinymce textwidget\">\n\t<ul>\n<li class=\"rex-article-189 rex-normal\"><a class=\"\" href=\"https:\/\/www.kontinenzzentrum.ch\/de\/erkrankungen\/neurogene-blasenstoerungen\/demenz.html\">Demenz<\/a><\/li>\n<li class=\"rex-article-152 rex-normal\"><a class=\"\" href=\"https:\/\/www.kontinenzzentrum.ch\/de\/erkrankungen\/neurogene-blasenstoerungen\/diabetes-mellitus.html\">Diabetes mellitus<\/a><\/li>\n<li class=\"rex-article-77 rex-normal\"><a class=\"\" href=\"https:\/\/www.kontinenzzentrum.ch\/de\/erkrankungen\/neurogene-blasenstoerungen\/diskusprolaps-spinalkanalstenose.html\">Diskusprolaps \/ Spinalkanalstenose<\/a><\/li>\n<li class=\"rex-article-75 rex-normal\"><a class=\"\" href=\"https:\/\/www.kontinenzzentrum.ch\/de\/erkrankungen\/neurogene-blasenstoerungen\/hirnverletzung.html\">Hirnverletzung<\/a><\/li>\n<li><a class=\"\" href=\"https:\/\/www.kontinenzzentrum.ch\/de\/erkrankungen\/neurogene-blasenstoerungen\/inkontinenz-nach-prostataoperation.html\">Inkontinenz nach Prostataoperation<\/a><\/li>\n<\/ul>\n<\/div>\n<\/div><\/div><\/div><div id=\"pgc-514-1-1\"  class=\"panel-grid-cell\" ><div id=\"panel-514-1-1-0\" class=\"so-panel widget widget_sow-editor panel-first-child panel-last-child\" data-index=\"2\" ><div\n\t\t\t\n\t\t\tclass=\"so-widget-sow-editor so-widget-sow-editor-base\"\n\t\t\t\n\t\t>\n<div class=\"siteorigin-widget-tinymce textwidget\">\n\t<ul>\n<li class=\"rex-article-76 rex-normal\"><a class=\"\" href=\"https:\/\/www.kontinenzzentrum.ch\/de\/erkrankungen\/neurogene-blasenstoerungen\/multiple-sklerose.html\">Multiple Sklerose<\/a><\/li>\n<li class=\"rex-article-78 rex-normal\"><a class=\"\" href=\"https:\/\/www.kontinenzzentrum.ch\/de\/erkrankungen\/neurogene-blasenstoerungen\/parkinson.html\">Parkinson<\/a><\/li>\n<li class=\"rex-article-81 rex-normal\"><a class=\"\" href=\"https:\/\/www.kontinenzzentrum.ch\/de\/erkrankungen\/neurogene-blasenstoerungen\/querschnittlaehmung.html\">Querschnittl\u00e4hmung<\/a><\/li>\n<li class=\"rex-article-95 rex-normal\"><a class=\"\" href=\"https:\/\/www.kontinenzzentrum.ch\/de\/erkrankungen\/neurogene-blasenstoerungen\/schlaganfall.html\">Schlaganfall<\/a><\/li>\n<\/ul>\n<\/div>\n<\/div><\/div><\/div><\/div><\/div><div id=\"pg-514-2\"  class=\"panel-grid panel-no-style\" ><div id=\"pgc-514-2-0\"  class=\"panel-grid-cell\" ><div id=\"panel-514-2-0-0\" class=\"so-panel widget widget_fn-info-box-widget panel-first-child panel-last-child\" data-index=\"3\" ><div\n\t\t\t\n\t\t\tclass=\"so-widget-fn-info-box-widget so-widget-fn-info-box-widget-base\"\n\t\t\t\n\t\t><div class=\"uk-child-width-1-1 uk-grid-match\" uk-grid><div>\n        <div class=\"fn-info-box-title\">\n          <div class=\"uk-grid-small\" uk-grid>            <div class=\"uk-width-auto\"><img decoding=\"async\" src=\"https:\/\/www.kontinenzzentrum.ch\/wp-content\/uploads\/ICON_kontakt.svg\" class=\"attachment-small size-small\" alt=\"\" \/>            <\/div>            <div class=\"uk-width-expand\">\n              <h4 class=\"uk-h3\">Informieren Sie sich jetzt zu den Ursachen neurogener Blasenentz\u00fcndungen<\/h4>\n            <\/div>\n          <\/div>\n        <\/div>\n        <div class=\"fn-info-box-content\">\n              <p><strong>Kontaktieren Sie uns<\/strong> f\u00fcr ein Beratungsgespr\u00e4ch, wir informieren Sie gerne \u00fcber Ihre individuellen Diagnose- und Behandlungsm\u00f6glichkeiten.<\/p>\n<p>Sie erreichen unser Zentrum (KontinenzZentrum Hirslanden in Z\u00fcrich) von Montag bis Freitag zwischen 8 und 17 Uhr. Vereinbaren Sie gerne einen Termin <strong>per Telefon<\/strong> oder \u00fcber unsere <strong>Online Terminvereinbarung<\/strong>.<\/p>\n<p><div class=\"uk-flex uk-child-width-auto uk-grid-small\" uk-grid><div><a class=\"uk-button uk-button-primary\" href=\"tel:+41443872910\"><i class=\"fas fa-phone-alt uk-margin-small-right\"><\/i>+41 44 387 29 10<\/a><\/div><div><a class=\"uk-button uk-button-primary\" href=\"https:\/\/www.kontinenzzentrum.ch\/de\/ueber-uns\/termin.html\"><i class=\"fas fa-comments uk-margin-small-right\"><\/i>Online Terminvereinbarung<\/a><\/div><\/div><\/p>\n        <\/div>\n      <\/div><\/div><\/div><\/div><\/div><\/div><\/div>","protected":false},"excerpt":{"rendered":"<p>Neurogene Blasenst\u00f6rungen Neurogene Blasenst\u00f6rungen sind St\u00f6rungen des Harntrakts, die durch Nervensch\u00e4digungen verursacht wurden. Dazu z\u00e4hlen einerseits Stoffwechselerkrankungen wie Multiple Sklerose und ein unzureichend behandelter Diabetes mellitus. Aber auch Nervensch\u00e4den durch eine Operation z.B. im Unterleib oder am R\u00fccken, Paraplegie, Schlaganfall oder Hirnverletzungen k\u00f6nnen neurogene Blasenst\u00f6rungen hervorrufen. Demenz Diabetes mellitus Diskusprolaps \/ Spinalkanalstenose Hirnverletzung Inkontinenz nach [&hellip;]<\/p>\n","protected":false},"author":1,"featured_media":515,"parent":370,"menu_order":0,"comment_status":"closed","ping_status":"closed","template":"","meta":{"_acf_changed":false,"footnotes":""},"class_list":["post-514","page","type-page","status-publish","has-post-thumbnail","hentry"],"acf":[],"yoast_head":"<!-- This site is optimized with the Yoast SEO plugin v26.9 - https:\/\/yoast.com\/product\/yoast-seo-wordpress\/ -->\n<title>Neurogene Blasenst\u00f6rungen<\/title>\n<meta name=\"robots\" content=\"index, follow, max-snippet:-1, max-image-preview:large, max-video-preview:-1\" \/>\n<link rel=\"canonical\" href=\"https:\/\/www.kontinenzzentrum.ch\/de\/erkrankungen\/neurogene-blasenstoerungen.html\" \/>\n<meta property=\"og:locale\" content=\"de_DE\" \/>\n<meta property=\"og:type\" content=\"article\" \/>\n<meta property=\"og:title\" content=\"Neurogene Blasenst\u00f6rungen\" \/>\n<meta property=\"og:description\" content=\"Neurogene Blasenst\u00f6rungen Neurogene Blasenst\u00f6rungen sind St\u00f6rungen des Harntrakts, die durch Nervensch\u00e4digungen verursacht wurden. Dazu z\u00e4hlen einerseits Stoffwechselerkrankungen wie Multiple Sklerose und ein unzureichend behandelter Diabetes mellitus. Aber auch Nervensch\u00e4den durch eine Operation z.B. im Unterleib oder am R\u00fccken, Paraplegie, Schlaganfall oder Hirnverletzungen k\u00f6nnen neurogene Blasenst\u00f6rungen hervorrufen. Demenz Diabetes mellitus Diskusprolaps \/ Spinalkanalstenose Hirnverletzung Inkontinenz nach [&hellip;]\" \/>\n<meta property=\"og:url\" content=\"https:\/\/www.kontinenzzentrum.ch\/de\/erkrankungen\/neurogene-blasenstoerungen.html\" \/>\n<meta property=\"og:site_name\" content=\"KontinenzZentrum\" \/>\n<meta property=\"article:modified_time\" content=\"2025-10-01T13:07:19+00:00\" \/>\n<meta property=\"og:image\" content=\"https:\/\/www.kontinenzzentrum.ch\/wp-content\/uploads\/untersuchung-neurologisch-stock131540239.jpeg\" \/>\n\t<meta property=\"og:image:width\" content=\"1920\" \/>\n\t<meta property=\"og:image:height\" content=\"450\" \/>\n\t<meta property=\"og:image:type\" content=\"image\/jpeg\" \/>\n<meta name=\"twitter:card\" content=\"summary_large_image\" \/>\n<meta name=\"twitter:label1\" content=\"Gesch\u00e4tzte Lesezeit\" \/>\n\t<meta name=\"twitter:data1\" content=\"2\u00a0Minuten\" \/>\n<script type=\"application\/ld+json\" class=\"yoast-schema-graph\">{\"@context\":\"https:\/\/schema.org\",\"@graph\":[{\"@type\":\"WebPage\",\"@id\":\"https:\/\/www.kontinenzzentrum.ch\/de\/erkrankungen\/neurogene-blasenstoerungen.html\",\"url\":\"https:\/\/www.kontinenzzentrum.ch\/de\/erkrankungen\/neurogene-blasenstoerungen.html\",\"name\":\"Neurogene Blasenst\u00f6rungen\",\"isPartOf\":{\"@id\":\"https:\/\/www.kontinenzzentrum.ch\/de\/#website\"},\"primaryImageOfPage\":{\"@id\":\"https:\/\/www.kontinenzzentrum.ch\/de\/erkrankungen\/neurogene-blasenstoerungen.html#primaryimage\"},\"image\":{\"@id\":\"https:\/\/www.kontinenzzentrum.ch\/de\/erkrankungen\/neurogene-blasenstoerungen.html#primaryimage\"},\"thumbnailUrl\":\"https:\/\/www.kontinenzzentrum.ch\/wp-content\/uploads\/untersuchung-neurologisch-stock131540239.jpeg\",\"datePublished\":\"2023-02-10T12:09:59+00:00\",\"dateModified\":\"2025-10-01T13:07:19+00:00\",\"breadcrumb\":{\"@id\":\"https:\/\/www.kontinenzzentrum.ch\/de\/erkrankungen\/neurogene-blasenstoerungen.html#breadcrumb\"},\"inLanguage\":\"de\",\"potentialAction\":[{\"@type\":\"ReadAction\",\"target\":[\"https:\/\/www.kontinenzzentrum.ch\/de\/erkrankungen\/neurogene-blasenstoerungen.html\"]}]},{\"@type\":\"ImageObject\",\"inLanguage\":\"de\",\"@id\":\"https:\/\/www.kontinenzzentrum.ch\/de\/erkrankungen\/neurogene-blasenstoerungen.html#primaryimage\",\"url\":\"https:\/\/www.kontinenzzentrum.ch\/wp-content\/uploads\/untersuchung-neurologisch-stock131540239.jpeg\",\"contentUrl\":\"https:\/\/www.kontinenzzentrum.ch\/wp-content\/uploads\/untersuchung-neurologisch-stock131540239.jpeg\",\"width\":1920,\"height\":450},{\"@type\":\"BreadcrumbList\",\"@id\":\"https:\/\/www.kontinenzzentrum.ch\/de\/erkrankungen\/neurogene-blasenstoerungen.html#breadcrumb\",\"itemListElement\":[{\"@type\":\"ListItem\",\"position\":1,\"name\":\"Startseite\",\"item\":\"https:\/\/www.kontinenzzentrum.ch\/de\"},{\"@type\":\"ListItem\",\"position\":2,\"name\":\"Erkrankungen\",\"item\":\"https:\/\/www.kontinenzzentrum.ch\/de\/erkrankungen.html\"},{\"@type\":\"ListItem\",\"position\":3,\"name\":\"Neurogene Blasenst\u00f6rungen\"}]},{\"@type\":\"WebSite\",\"@id\":\"https:\/\/www.kontinenzzentrum.ch\/de\/#website\",\"url\":\"https:\/\/www.kontinenzzentrum.ch\/de\/\",\"name\":\"KontinenzZentrum Hirslanden Z\u00fcrich\",\"description\":\"KontinenzZentrum Hirslanden Z\u00fcrich: Blasenst\u00f6rungen & Inkontinenz\",\"publisher\":{\"@id\":\"https:\/\/www.kontinenzzentrum.ch\/de\/#organization\"},\"potentialAction\":[{\"@type\":\"SearchAction\",\"target\":{\"@type\":\"EntryPoint\",\"urlTemplate\":\"https:\/\/www.kontinenzzentrum.ch\/de\/?s={search_term_string}\"},\"query-input\":{\"@type\":\"PropertyValueSpecification\",\"valueRequired\":true,\"valueName\":\"search_term_string\"}}],\"inLanguage\":\"de\"},{\"@type\":\"Organization\",\"@id\":\"https:\/\/www.kontinenzzentrum.ch\/de\/#organization\",\"name\":\"KontinenzZentrum Hirslanden Z\u00fcrich\",\"url\":\"https:\/\/www.kontinenzzentrum.ch\/de\/\",\"logo\":{\"@type\":\"ImageObject\",\"inLanguage\":\"de\",\"@id\":\"https:\/\/www.kontinenzzentrum.ch\/de\/#\/schema\/logo\/image\/\",\"url\":\"https:\/\/www.kontinenzzentrum.ch\/wp-content\/uploads\/Logo_KontinenzZentrum.png\",\"contentUrl\":\"https:\/\/www.kontinenzzentrum.ch\/wp-content\/uploads\/Logo_KontinenzZentrum.png\",\"width\":800,\"height\":142,\"caption\":\"KontinenzZentrum Hirslanden Z\u00fcrich\"},\"image\":{\"@id\":\"https:\/\/www.kontinenzzentrum.ch\/de\/#\/schema\/logo\/image\/\"}}]}<\/script>\n<!-- \/ Yoast SEO plugin. -->","yoast_head_json":{"title":"Neurogene Blasenst\u00f6rungen","robots":{"index":"index","follow":"follow","max-snippet":"max-snippet:-1","max-image-preview":"max-image-preview:large","max-video-preview":"max-video-preview:-1"},"canonical":"https:\/\/www.kontinenzzentrum.ch\/de\/erkrankungen\/neurogene-blasenstoerungen.html","og_locale":"de_DE","og_type":"article","og_title":"Neurogene Blasenst\u00f6rungen","og_description":"Neurogene Blasenst\u00f6rungen Neurogene Blasenst\u00f6rungen sind St\u00f6rungen des Harntrakts, die durch Nervensch\u00e4digungen verursacht wurden. Dazu z\u00e4hlen einerseits Stoffwechselerkrankungen wie Multiple Sklerose und ein unzureichend behandelter Diabetes mellitus. Aber auch Nervensch\u00e4den durch eine Operation z.B. im Unterleib oder am R\u00fccken, Paraplegie, Schlaganfall oder Hirnverletzungen k\u00f6nnen neurogene Blasenst\u00f6rungen hervorrufen. Demenz Diabetes mellitus Diskusprolaps \/ Spinalkanalstenose Hirnverletzung Inkontinenz nach [&hellip;]","og_url":"https:\/\/www.kontinenzzentrum.ch\/de\/erkrankungen\/neurogene-blasenstoerungen.html","og_site_name":"KontinenzZentrum","article_modified_time":"2025-10-01T13:07:19+00:00","og_image":[{"width":1920,"height":450,"url":"https:\/\/www.kontinenzzentrum.ch\/wp-content\/uploads\/untersuchung-neurologisch-stock131540239.jpeg","type":"image\/jpeg"}],"twitter_card":"summary_large_image","twitter_misc":{"Gesch\u00e4tzte Lesezeit":"2\u00a0Minuten"},"schema":{"@context":"https:\/\/schema.org","@graph":[{"@type":"WebPage","@id":"https:\/\/www.kontinenzzentrum.ch\/de\/erkrankungen\/neurogene-blasenstoerungen.html","url":"https:\/\/www.kontinenzzentrum.ch\/de\/erkrankungen\/neurogene-blasenstoerungen.html","name":"Neurogene Blasenst\u00f6rungen","isPartOf":{"@id":"https:\/\/www.kontinenzzentrum.ch\/de\/#website"},"primaryImageOfPage":{"@id":"https:\/\/www.kontinenzzentrum.ch\/de\/erkrankungen\/neurogene-blasenstoerungen.html#primaryimage"},"image":{"@id":"https:\/\/www.kontinenzzentrum.ch\/de\/erkrankungen\/neurogene-blasenstoerungen.html#primaryimage"},"thumbnailUrl":"https:\/\/www.kontinenzzentrum.ch\/wp-content\/uploads\/untersuchung-neurologisch-stock131540239.jpeg","datePublished":"2023-02-10T12:09:59+00:00","dateModified":"2025-10-01T13:07:19+00:00","breadcrumb":{"@id":"https:\/\/www.kontinenzzentrum.ch\/de\/erkrankungen\/neurogene-blasenstoerungen.html#breadcrumb"},"inLanguage":"de","potentialAction":[{"@type":"ReadAction","target":["https:\/\/www.kontinenzzentrum.ch\/de\/erkrankungen\/neurogene-blasenstoerungen.html"]}]},{"@type":"ImageObject","inLanguage":"de","@id":"https:\/\/www.kontinenzzentrum.ch\/de\/erkrankungen\/neurogene-blasenstoerungen.html#primaryimage","url":"https:\/\/www.kontinenzzentrum.ch\/wp-content\/uploads\/untersuchung-neurologisch-stock131540239.jpeg","contentUrl":"https:\/\/www.kontinenzzentrum.ch\/wp-content\/uploads\/untersuchung-neurologisch-stock131540239.jpeg","width":1920,"height":450},{"@type":"BreadcrumbList","@id":"https:\/\/www.kontinenzzentrum.ch\/de\/erkrankungen\/neurogene-blasenstoerungen.html#breadcrumb","itemListElement":[{"@type":"ListItem","position":1,"name":"Startseite","item":"https:\/\/www.kontinenzzentrum.ch\/de"},{"@type":"ListItem","position":2,"name":"Erkrankungen","item":"https:\/\/www.kontinenzzentrum.ch\/de\/erkrankungen.html"},{"@type":"ListItem","position":3,"name":"Neurogene Blasenst\u00f6rungen"}]},{"@type":"WebSite","@id":"https:\/\/www.kontinenzzentrum.ch\/de\/#website","url":"https:\/\/www.kontinenzzentrum.ch\/de\/","name":"KontinenzZentrum Hirslanden Z\u00fcrich","description":"KontinenzZentrum Hirslanden Z\u00fcrich: Blasenst\u00f6rungen & Inkontinenz","publisher":{"@id":"https:\/\/www.kontinenzzentrum.ch\/de\/#organization"},"potentialAction":[{"@type":"SearchAction","target":{"@type":"EntryPoint","urlTemplate":"https:\/\/www.kontinenzzentrum.ch\/de\/?s={search_term_string}"},"query-input":{"@type":"PropertyValueSpecification","valueRequired":true,"valueName":"search_term_string"}}],"inLanguage":"de"},{"@type":"Organization","@id":"https:\/\/www.kontinenzzentrum.ch\/de\/#organization","name":"KontinenzZentrum Hirslanden Z\u00fcrich","url":"https:\/\/www.kontinenzzentrum.ch\/de\/","logo":{"@type":"ImageObject","inLanguage":"de","@id":"https:\/\/www.kontinenzzentrum.ch\/de\/#\/schema\/logo\/image\/","url":"https:\/\/www.kontinenzzentrum.ch\/wp-content\/uploads\/Logo_KontinenzZentrum.png","contentUrl":"https:\/\/www.kontinenzzentrum.ch\/wp-content\/uploads\/Logo_KontinenzZentrum.png","width":800,"height":142,"caption":"KontinenzZentrum Hirslanden Z\u00fcrich"},"image":{"@id":"https:\/\/www.kontinenzzentrum.ch\/de\/#\/schema\/logo\/image\/"}}]}},"_links":{"self":[{"href":"https:\/\/www.kontinenzzentrum.ch\/de\/wp-json\/wp\/v2\/pages\/514","targetHints":{"allow":["GET"]}}],"collection":[{"href":"https:\/\/www.kontinenzzentrum.ch\/de\/wp-json\/wp\/v2\/pages"}],"about":[{"href":"https:\/\/www.kontinenzzentrum.ch\/de\/wp-json\/wp\/v2\/types\/page"}],"author":[{"embeddable":true,"href":"https:\/\/www.kontinenzzentrum.ch\/de\/wp-json\/wp\/v2\/users\/1"}],"replies":[{"embeddable":true,"href":"https:\/\/www.kontinenzzentrum.ch\/de\/wp-json\/wp\/v2\/comments?post=514"}],"version-history":[{"count":10,"href":"https:\/\/www.kontinenzzentrum.ch\/de\/wp-json\/wp\/v2\/pages\/514\/revisions"}],"predecessor-version":[{"id":4626,"href":"https:\/\/www.kontinenzzentrum.ch\/de\/wp-json\/wp\/v2\/pages\/514\/revisions\/4626"}],"up":[{"embeddable":true,"href":"https:\/\/www.kontinenzzentrum.ch\/de\/wp-json\/wp\/v2\/pages\/370"}],"wp:featuredmedia":[{"embeddable":true,"href":"https:\/\/www.kontinenzzentrum.ch\/de\/wp-json\/wp\/v2\/media\/515"}],"wp:attachment":[{"href":"https:\/\/www.kontinenzzentrum.ch\/de\/wp-json\/wp\/v2\/media?parent=514"}],"curies":[{"name":"wp","href":"https:\/\/api.w.org\/{rel}","templated":true}]}}