{"id":554,"date":"2023-02-10T13:38:45","date_gmt":"2023-02-10T12:38:45","guid":{"rendered":"https:\/\/www.kontinenzzentrum.ch\/?page_id=554"},"modified":"2025-10-01T11:23:03","modified_gmt":"2025-10-01T09:23:03","slug":"hirnverletzung","status":"publish","type":"page","link":"https:\/\/www.kontinenzzentrum.ch\/de\/erkrankungen\/neurogene-blasenstoerungen\/hirnverletzung.html","title":{"rendered":"Hirnverletzung"},"content":{"rendered":"<div id=\"pl-554\"  class=\"panel-layout\" ><div id=\"pg-554-0\"  class=\"panel-grid panel-no-style\" ><div id=\"pgc-554-0-0\"  class=\"panel-grid-cell\" ><div id=\"panel-554-0-0-0\" class=\"so-panel widget widget_sow-editor panel-first-child\" data-index=\"0\" ><div\n\t\t\t\n\t\t\tclass=\"so-widget-sow-editor so-widget-sow-editor-base\"\n\t\t\t\n\t\t>\n<div class=\"siteorigin-widget-tinymce textwidget\">\n\t<h1>Blasenbeschwerden und Inkontinenz nach Hirnverletzung<\/h1>\n<h2>Blasenst\u00f6rungen bei Sch\u00e4digung des Gehirns durch Unfall, Tumor oder Schlaganfall<\/h2>\n<p><img decoding=\"async\" class=\"alignright\" title=\"\" src=\"https:\/\/www.kontinenzzentrum.ch\/wp-content\/uploads\/inkontinenz-nach-hirnverletzung.jpeg\" alt=\"\" width=\"438\" height=\"299\" \/><br \/>\n<strong>Das Gehirn und das R\u00fcckenmark steuern unter anderem auch die Blase und den Beckenboden. Eine traumatische Hirnverletzung, eine Entz\u00fcndung im Gehirn, ein Schlaganfall oder Hirntumoren k\u00f6nnen die Kommunikation zwischen den Nervenzellen st\u00f6ren. Daher k\u00f6nnen infolge einer Hirnverletzung auch St\u00f6rungen der Blasenfunktion und\u00a0<\/strong><a title=\"Inkontinenz\" href=\"https:\/\/www.kontinenzzentrum.ch\/de\/kompetenzen\/inkontinenz.html\"><strong>Inkontinenz<\/strong><\/a><strong>\u00a0auftreten. Man spricht in diesem Fall von einer\u00a0<\/strong><a title=\"Neurogene Blasenst\u00f6rung\" href=\"https:\/\/www.kontinenzzentrum.ch\/de\/erkrankungen\/neurogene-blasenstoerungen.html\"><strong>neurogenen Blasenst\u00f6rung<\/strong><\/a><strong>.<\/strong><\/p>\n<p>Kommt es nach einer Sch\u00e4digung des Gehirns zu Ver\u00e4nderungen der Blasenfunktion oder gar zum unfreiwilligen Harnverlust, sollten Ursachen und Symptome neurourologisch abgekl\u00e4rt und behandelt werden. Die Fach\u00e4rzte in unserem KontinenzZentrum Hirslanden in Z\u00fcrich sind auf neurogene Blasenst\u00f6rungen spezialisiert. Gern beraten wir Sie bei\u00a0<strong>Inkontinenz nach einer Hirnverletzung<\/strong>\u00a0zu Ihren individuellen Abkl\u00e4rungs- und Behandlungsm\u00f6glichkeiten.<\/p>\n<p>&nbsp;<\/p>\n<\/div>\n<\/div><\/div><div id=\"panel-554-0-0-1\" class=\"so-panel widget widget_fn-info-box-widget panel-last-child\" data-index=\"1\" ><div\n\t\t\t\n\t\t\tclass=\"so-widget-fn-info-box-widget so-widget-fn-info-box-widget-base\"\n\t\t\t\n\t\t><div class=\"uk-child-width-1-1 uk-grid-match\" uk-grid><div>\n        <div class=\"fn-info-box-title\">\n          <div class=\"uk-grid-small\" uk-grid>            <div class=\"uk-width-auto\"><img decoding=\"async\" src=\"https:\/\/www.kontinenzzentrum.ch\/wp-content\/uploads\/ICON_info.svg\" class=\"attachment-small size-small\" alt=\"\" \/>            <\/div>            <div class=\"uk-width-expand\">\n              <h4 class=\"uk-h3\">Hilfe bei Inkontinenz nach Hirnverletzung<\/h4>\n            <\/div>\n          <\/div>\n        <\/div>\n        <div class=\"fn-info-box-content\">\n              <p>Sie oder Angeh\u00f6rige sind von Inkontinenz nach einer Hirnverletzung betroffen?<strong> Kontaktieren Sie uns<\/strong> f\u00fcr ein Beratungsgespr\u00e4ch. Wir informieren Sie gerne \u00fcber Ihre individuellen Abkl\u00e4rungs- und Behandlungsm\u00f6glichkeiten.<\/p>\n<p>Sie erreichen unser Zentrum (KontinenzZentrum Hirslanden in Z\u00fcrich) von Montag bis Freitag zwischen 8 und 17 Uhr. Vereinbaren Sie gerne einen Termin per Telefon oder \u00fcber unsere Online Terminvereinbarung.<\/p>\n<p><div class=\"uk-flex uk-child-width-auto uk-grid-small\" uk-grid><div><a class=\"uk-button uk-button-primary\" href=\"tel:+41443872910\"><i class=\"fas fa-phone-alt uk-margin-small-right\"><\/i>+41 44 387 29 10<\/a><\/div><div><a class=\"uk-button uk-button-primary\" href=\"https:\/\/www.kontinenzzentrum.ch\/de\/ueber-uns\/termin.html\"><i class=\"fas fa-comments uk-margin-small-right\"><\/i>Online Terminvereinbarung<\/a><\/div><\/div><\/p>\n        <\/div>\n      <\/div><\/div><\/div><\/div><\/div><\/div><div id=\"pg-554-1\"  class=\"panel-grid panel-no-style\" ><div id=\"pgc-554-1-0\"  class=\"panel-grid-cell\" ><div id=\"panel-554-1-0-0\" class=\"so-panel widget widget_sow-editor panel-first-child\" data-index=\"2\" ><div\n\t\t\t\n\t\t\tclass=\"so-widget-sow-editor so-widget-sow-editor-base\"\n\t\t\t\n\t\t>\n<div class=\"siteorigin-widget-tinymce textwidget\">\n\t<h2>Symptome einer Blasenst\u00f6rung infolge einer Hirnverletzung<\/h2>\n<p>Betroffene Frauen und M\u00e4nner beklagen meist irritative Beschwerden, beispielsweise:<\/p>\n<ul>\n<li>h\u00e4ufiger und verst\u00e4rkter Harndrang,<\/li>\n<li><a title=\"h\u00e4ufiges Wasserlassen\" href=\"https:\/\/www.kontinenzzentrum.ch\/de\/erkrankungen\/blasenfunktionsstoerung\/haeufiges-wasserlassen.html\">h\u00e4ufiges Wasserlassen<\/a>\u00a0am Tage und in der Nacht sowie<\/li>\n<li>eine\u00a0<a title=\"Dranginkontinenz\" href=\"https:\/\/www.kontinenzzentrum.ch\/de\/erkrankungen\/inkontinenzformen\/dranginkontinenz.html\">Dranginkontinenz<\/a>.<\/li>\n<\/ul>\n<p>Aber auch eine\u00a0<a title=\"erschwerte Blasenentleerung\" href=\"https:\/\/www.kontinenzzentrum.ch\/de\/erkrankungen\/blasenfunktionsstoerung\/restharn-unvollstaendige-blasenentleerung.html\">erschwerte Blasenentleerung<\/a>\u00a0bis hin zum Harnverhalt kann vorkommen, insbesondere wenn Nervenzellzentren im Hirnstamm besch\u00e4digt wurden.<\/p>\n<p>Meist sind \u00e4ltere Frauen und M\u00e4nner betroffen. Deshalb m\u00fcssen auch vorbestehenden Ver\u00e4nderungen von Blase und Beckenboden sowie bei M\u00e4nnern eine m\u00f6gliche\u00a0<a title=\"gutartige Prostatavergr\u00f6sserung\" href=\"https:\/\/www.kontinenzzentrum.ch\/de\/erkrankungen\/blasenfunktionsstoerung\/gutartige-prostatavergroesserung.html\">gutartige Prostatavergr\u00f6sserung (Prostatahyperplasie)<\/a>\u00a0ber\u00fccksichtigt werden.<\/p>\n<h2>Diagnostik der Blase bei Hirnverletzungen<\/h2>\n<p><img decoding=\"async\" class=\"alignright\" title=\"\" src=\"https:\/\/www.kontinenzzentrum.ch\/wp-content\/uploads\/schlaganfall-inkontinenz-diagnose.jpeg\" alt=\"\" width=\"537\" height=\"403\" \/><br \/>\nBetroffene sollten einen Spezialisten f\u00fcr\u00a0<a title=\"Neuro-Urologie\" href=\"https:\/\/www.kontinenzzentrum.ch\/de\/kompetenzen\/neurourologie.html\">Neurourologie<\/a>\u00a0aufsuchen, um die Ursachen und Symptome der Blasenst\u00f6rung abkl\u00e4ren zu lassen. Der Facharzt oder die Fach\u00e4rztin kl\u00e4rt anhand einer Reihe von speziellen Untersuchungen und im Rahmen eines ausf\u00fchrlichen Patientengespr\u00e4chs ab, welche Form der Erkrankung vorliegt. Basierend auf der Anamnese und den Untersuchungsergebnissen erarbeitet der Arzt ein Therapiekonzept f\u00fcr die akute und die langfristige Behandlung.<\/p>\n<p>H\u00e4ufig findet nach der Akutbehandlung im Spital eine Rehabilitationsbehandlung in einer Reha-Klink statt. Bereits hier sollen die\u00a0<strong>Harnblase<\/strong>\u00a0und auch der\u00a0<strong>Darm<\/strong>\u00a0angemessen untersucht und in das\u00a0<strong>Therapiekonzept<\/strong>\u00a0eingebunden werden. Einfache Massnahmen k\u00f6nnen schon hier durchgef\u00fchrt werden, zum Beispiel:<\/p>\n<ul>\n<li>die Behandlung einer\u00a0<a title=\"Blasenentz\u00fcndung\" href=\"https:\/\/www.kontinenzzentrum.ch\/de\/erkrankungen\/schmerz-und-entzuendungen\/blasenentzuendung.html\">Blasenentz\u00fcndung<\/a><\/li>\n<li>die Bestimmung des Restharns nach der Blasenentleerung<\/li>\n<li>eine medikament\u00f6se Therapie bei Reizblase<\/li>\n<\/ul>\n<p>Idealerweise erfolgen diese Behandlungsschritte unter der Supervision eines neurourologisch ausgebildeten Arztes.<\/p>\n<p>F\u00fchren einfache Massnahmen nicht zu einer Linderung der Beschwerden, kann durch eine\u00a0<a title=\" urodynamische Untersuchung\" href=\"https:\/\/www.kontinenzzentrum.ch\/de\/untersuchung-und-therapie\/untersuchungsverfahren\/urodynamische-untersuchung.html\">urodynamische Untersuchung<\/a>\u00a0die zugrunde liegende Blasenst\u00f6rung identifiziert und ein entsprechendes Behandlungskonzept erarbeitet werden. Darin ber\u00fccksichtigt der behandelnde Arzt selbstverst\u00e4ndlich die individuellen Gegebenheiten der Patientin oder des Patienten.<\/p>\n<h2>Moderne Therapien f\u00fcr Blasenst\u00f6rungen bei Hirnverletzungen<\/h2>\n<p>Bei\u00a0<a title=\"Inkontinenz nach einem Schlaganfall\" href=\"https:\/\/www.kontinenzzentrum.ch\/de\/erkrankungen\/neurogene-blasenstoerungen\/schlaganfall.html\">Inkontinenz nach einem Schlaganfall<\/a>\u00a0oder einer traumatischen Hirnverletzung kommen verschiedene Behandlungsans\u00e4tze in Betracht. Heutzutage kann eine Blasenst\u00f6rung, die durch eine Sch\u00e4digung des Gehirns ausgel\u00f6st wurde, gut behandelt werden. Welche Therapieform zur Anwendung kommt, ist abh\u00e4ngig von den individuellen Beschwerden, dem Grad der Beeintr\u00e4chtigung und der Art der Sch\u00e4digung.<\/p>\n<h3>Konservative Behandlungsans\u00e4tze<\/h3>\n<p>M\u00f6gliche konservative Therapieverfahren sind ein\u00a0<a title=\"Beckenbodentherapie\" href=\"https:\/\/www.kontinenzzentrum.ch\/de\/untersuchung-und-therapie\/konservative-therapieverfahren\/funktionelle-beckenbodentherapie.html\">Biofeedback beim Beckenboden<\/a>, der Einsatz spezieller\u00a0<a title=\"Medikamente\" href=\"https:\/\/www.kontinenzzentrum.ch\/de\/untersuchung-und-therapie\/konservative-therapieverfahren\/medikamente.html\">Medikamente<\/a>\u00a0zur D\u00e4mpfung der Blase oder eine\u00a0<a title=\"Unterspritzung der Blasenwand\" href=\"https:\/\/www.kontinenzzentrum.ch\/de\/untersuchung-und-therapie\/operationen-bei-harninkontinenz\/unterspritzung-der-blasenwand.html\">Unterspritzung der Blasenwand<\/a>\u00a0mit einem krampfl\u00f6senden Medikament. Dadurch wird eine Entspannung der Blasenmuskulatur erreicht und der h\u00e4ufige und verst\u00e4rkte Harndrang nimmt ab. Auch das Risiko eines ungewollten Urinverlustes durch Drangbeschwerden kann so deutlich vermindert werden.<\/p>\n<h3>Operative Therapie<\/h3>\n<p>Kommen konservative Therapieverfahren nicht in Betracht oder f\u00fchren diese nicht zum gew\u00fcnschten Erfolg, kann eine Inkontinenz infolge einer Hirnverletzung auch operativ behandelt werden. Sind die Nerven aufgrund der Hirnverletzung dauerhaft gesch\u00e4digt, kann ein sogenannter \u201e<strong>Blasenschrittmacher<\/strong>\u201c (<a title=\"sakrale Neuromodulation\" href=\"https:\/\/www.kontinenzzentrum.ch\/de\/untersuchung-und-therapie\/sakrale-neuromodulation.html\">sakrale Neuromodulation<\/a>) zum Einsatz kommen. Dabei handelt es sich um ein komplett implantierbares System zur Stimulation der Blasennerven, das unter die Haut implantiert wird. Durch den Blasenschrittmacher werden die feinen Nervenbahnen der Blasenmuskulatur durch elektrische Stimulation angeregt. So sollen die Reflexe wiederhergestellt werden, die zur korrekten Funktion der Harnblase notwendig sind. Die Patienten k\u00f6nnen somit die Blasenentleerung wieder steuern und ihrem Alltag anpassen.<\/p>\n<\/div>\n<\/div><\/div><div id=\"panel-554-1-0-1\" class=\"so-panel widget widget_fn-info-box-widget panel-last-child\" data-index=\"3\" ><div\n\t\t\t\n\t\t\tclass=\"so-widget-fn-info-box-widget so-widget-fn-info-box-widget-base\"\n\t\t\t\n\t\t><div class=\"uk-child-width-1-1 uk-grid-match\" uk-grid><div>\n        <div class=\"fn-info-box-title\">\n          <div class=\"uk-grid-small\" uk-grid>            <div class=\"uk-width-auto\"><img decoding=\"async\" src=\"https:\/\/www.kontinenzzentrum.ch\/wp-content\/uploads\/ICON_kontakt.svg\" class=\"attachment-small size-small\" alt=\"\" \/>            <\/div>            <div class=\"uk-width-expand\">\n              <h4 class=\"uk-h3\">Informieren Sie sich jetzt zu Inkontinenz nach Hirnverletzung<\/h4>\n            <\/div>\n          <\/div>\n        <\/div>\n        <div class=\"fn-info-box-content\">\n              <p><strong>Kontaktieren Sie uns<\/strong>\u00a0f\u00fcr ein Beratungsgespr\u00e4ch, wenn Sie oder Angeh\u00f6rige unter Blasenbeschwerden und Inkontinenz infolge einer Hirnverletzung leiden. Wir informieren Sie gerne \u00fcber Ihre individuellen Abkl\u00e4rungs- und Behandlungsm\u00f6glichkeiten.<\/p>\n<p>Sie erreichen das KontinenzZentrum Hirslanden in Z\u00fcrich von Montag bis Freitag zwischen 8 und 17 Uhr. Vereinbaren Sie gerne einen Termin per Telefon oder \u00fcber unsere Online Terminvereinbarung.<\/p>\n<p><div class=\"uk-flex uk-child-width-auto uk-grid-small\" uk-grid><div><a class=\"uk-button uk-button-primary\" href=\"tel:+41443872910\"><i class=\"fas fa-phone-alt uk-margin-small-right\"><\/i>+41 44 387 29 10<\/a><\/div><div><a class=\"uk-button uk-button-primary\" href=\"https:\/\/www.kontinenzzentrum.ch\/de\/ueber-uns\/termin.html\"><i class=\"fas fa-comments uk-margin-small-right\"><\/i>Online Terminvereinbarung<\/a><\/div><\/div><\/p>\n        <\/div>\n      <\/div><\/div><\/div><\/div><\/div><\/div><\/div>","protected":false},"excerpt":{"rendered":"<p>Blasenbeschwerden und Inkontinenz nach Hirnverletzung Blasenst\u00f6rungen bei Sch\u00e4digung des Gehirns durch Unfall, Tumor oder Schlaganfall Das Gehirn und das R\u00fcckenmark steuern unter anderem auch die Blase und den Beckenboden. Eine traumatische Hirnverletzung, eine Entz\u00fcndung im Gehirn, ein Schlaganfall oder Hirntumoren k\u00f6nnen die Kommunikation zwischen den Nervenzellen st\u00f6ren. Daher k\u00f6nnen infolge einer Hirnverletzung auch St\u00f6rungen der [&hellip;]<\/p>\n","protected":false},"author":1,"featured_media":557,"parent":514,"menu_order":0,"comment_status":"closed","ping_status":"closed","template":"","meta":{"_acf_changed":false,"footnotes":""},"class_list":["post-554","page","type-page","status-publish","has-post-thumbnail","hentry"],"acf":[],"yoast_head":"<!-- This site is optimized with the Yoast SEO plugin v26.9 - https:\/\/yoast.com\/product\/yoast-seo-wordpress\/ -->\n<title>Inkontinenz bei Hirnverletzung - KontinenzZentrum Hirslanden<\/title>\n<meta name=\"description\" content=\"Sie leiden an Inkontinenz oder Blasenbeschwerden nach einer Hirnverletzung? Unsere Fach\u00e4rzte beraten Sie gern zu Diagnose- und Therapie-M\u00f6glichkeiten.\" \/>\n<meta name=\"robots\" content=\"index, follow, max-snippet:-1, max-image-preview:large, max-video-preview:-1\" \/>\n<link rel=\"canonical\" href=\"https:\/\/www.kontinenzzentrum.ch\/de\/erkrankungen\/neurogene-blasenstoerungen\/hirnverletzung.html\" \/>\n<meta property=\"og:locale\" content=\"de_DE\" \/>\n<meta property=\"og:type\" content=\"article\" \/>\n<meta property=\"og:title\" content=\"Inkontinenz bei Hirnverletzung - KontinenzZentrum Hirslanden\" \/>\n<meta property=\"og:description\" content=\"Sie leiden an Inkontinenz oder Blasenbeschwerden nach einer Hirnverletzung? Unsere Fach\u00e4rzte beraten Sie gern zu Diagnose- und Therapie-M\u00f6glichkeiten.\" \/>\n<meta property=\"og:url\" content=\"https:\/\/www.kontinenzzentrum.ch\/de\/erkrankungen\/neurogene-blasenstoerungen\/hirnverletzung.html\" \/>\n<meta property=\"og:site_name\" content=\"KontinenzZentrum\" \/>\n<meta property=\"article:modified_time\" content=\"2025-10-01T09:23:03+00:00\" \/>\n<meta property=\"og:image\" content=\"https:\/\/www.kontinenzzentrum.ch\/wp-content\/uploads\/kompetenz-neurourologie-212996.jpeg\" \/>\n\t<meta property=\"og:image:width\" content=\"1920\" \/>\n\t<meta property=\"og:image:height\" content=\"450\" \/>\n\t<meta property=\"og:image:type\" content=\"image\/jpeg\" \/>\n<meta name=\"twitter:card\" content=\"summary_large_image\" \/>\n<meta name=\"twitter:label1\" content=\"Gesch\u00e4tzte Lesezeit\" \/>\n\t<meta name=\"twitter:data1\" content=\"6\u00a0Minuten\" \/>\n<script type=\"application\/ld+json\" class=\"yoast-schema-graph\">{\"@context\":\"https:\/\/schema.org\",\"@graph\":[{\"@type\":\"WebPage\",\"@id\":\"https:\/\/www.kontinenzzentrum.ch\/de\/erkrankungen\/neurogene-blasenstoerungen\/hirnverletzung.html\",\"url\":\"https:\/\/www.kontinenzzentrum.ch\/de\/erkrankungen\/neurogene-blasenstoerungen\/hirnverletzung.html\",\"name\":\"Inkontinenz bei Hirnverletzung - KontinenzZentrum Hirslanden\",\"isPartOf\":{\"@id\":\"https:\/\/www.kontinenzzentrum.ch\/de\/#website\"},\"primaryImageOfPage\":{\"@id\":\"https:\/\/www.kontinenzzentrum.ch\/de\/erkrankungen\/neurogene-blasenstoerungen\/hirnverletzung.html#primaryimage\"},\"image\":{\"@id\":\"https:\/\/www.kontinenzzentrum.ch\/de\/erkrankungen\/neurogene-blasenstoerungen\/hirnverletzung.html#primaryimage\"},\"thumbnailUrl\":\"https:\/\/www.kontinenzzentrum.ch\/wp-content\/uploads\/kompetenz-neurourologie-212996.jpeg\",\"datePublished\":\"2023-02-10T12:38:45+00:00\",\"dateModified\":\"2025-10-01T09:23:03+00:00\",\"description\":\"Sie leiden an Inkontinenz oder Blasenbeschwerden nach einer Hirnverletzung? Unsere Fach\u00e4rzte beraten Sie gern zu Diagnose- und Therapie-M\u00f6glichkeiten.\",\"breadcrumb\":{\"@id\":\"https:\/\/www.kontinenzzentrum.ch\/de\/erkrankungen\/neurogene-blasenstoerungen\/hirnverletzung.html#breadcrumb\"},\"inLanguage\":\"de\",\"potentialAction\":[{\"@type\":\"ReadAction\",\"target\":[\"https:\/\/www.kontinenzzentrum.ch\/de\/erkrankungen\/neurogene-blasenstoerungen\/hirnverletzung.html\"]}]},{\"@type\":\"ImageObject\",\"inLanguage\":\"de\",\"@id\":\"https:\/\/www.kontinenzzentrum.ch\/de\/erkrankungen\/neurogene-blasenstoerungen\/hirnverletzung.html#primaryimage\",\"url\":\"https:\/\/www.kontinenzzentrum.ch\/wp-content\/uploads\/kompetenz-neurourologie-212996.jpeg\",\"contentUrl\":\"https:\/\/www.kontinenzzentrum.ch\/wp-content\/uploads\/kompetenz-neurourologie-212996.jpeg\",\"width\":1920,\"height\":450},{\"@type\":\"BreadcrumbList\",\"@id\":\"https:\/\/www.kontinenzzentrum.ch\/de\/erkrankungen\/neurogene-blasenstoerungen\/hirnverletzung.html#breadcrumb\",\"itemListElement\":[{\"@type\":\"ListItem\",\"position\":1,\"name\":\"Startseite\",\"item\":\"https:\/\/www.kontinenzzentrum.ch\/de\"},{\"@type\":\"ListItem\",\"position\":2,\"name\":\"Erkrankungen\",\"item\":\"https:\/\/www.kontinenzzentrum.ch\/de\/erkrankungen.html\"},{\"@type\":\"ListItem\",\"position\":3,\"name\":\"Neurogene Blasenst\u00f6rungen\",\"item\":\"https:\/\/www.kontinenzzentrum.ch\/de\/erkrankungen\/neurogene-blasenstoerungen.html\"},{\"@type\":\"ListItem\",\"position\":4,\"name\":\"Hirnverletzung\"}]},{\"@type\":\"WebSite\",\"@id\":\"https:\/\/www.kontinenzzentrum.ch\/de\/#website\",\"url\":\"https:\/\/www.kontinenzzentrum.ch\/de\/\",\"name\":\"KontinenzZentrum Hirslanden Z\u00fcrich\",\"description\":\"KontinenzZentrum Hirslanden Z\u00fcrich: Blasenst\u00f6rungen & Inkontinenz\",\"publisher\":{\"@id\":\"https:\/\/www.kontinenzzentrum.ch\/de\/#organization\"},\"potentialAction\":[{\"@type\":\"SearchAction\",\"target\":{\"@type\":\"EntryPoint\",\"urlTemplate\":\"https:\/\/www.kontinenzzentrum.ch\/de\/?s={search_term_string}\"},\"query-input\":{\"@type\":\"PropertyValueSpecification\",\"valueRequired\":true,\"valueName\":\"search_term_string\"}}],\"inLanguage\":\"de\"},{\"@type\":\"Organization\",\"@id\":\"https:\/\/www.kontinenzzentrum.ch\/de\/#organization\",\"name\":\"KontinenzZentrum Hirslanden Z\u00fcrich\",\"url\":\"https:\/\/www.kontinenzzentrum.ch\/de\/\",\"logo\":{\"@type\":\"ImageObject\",\"inLanguage\":\"de\",\"@id\":\"https:\/\/www.kontinenzzentrum.ch\/de\/#\/schema\/logo\/image\/\",\"url\":\"https:\/\/www.kontinenzzentrum.ch\/wp-content\/uploads\/Logo_KontinenzZentrum.png\",\"contentUrl\":\"https:\/\/www.kontinenzzentrum.ch\/wp-content\/uploads\/Logo_KontinenzZentrum.png\",\"width\":800,\"height\":142,\"caption\":\"KontinenzZentrum Hirslanden Z\u00fcrich\"},\"image\":{\"@id\":\"https:\/\/www.kontinenzzentrum.ch\/de\/#\/schema\/logo\/image\/\"}}]}<\/script>\n<!-- \/ Yoast SEO plugin. -->","yoast_head_json":{"title":"Inkontinenz bei Hirnverletzung - KontinenzZentrum Hirslanden","description":"Sie leiden an Inkontinenz oder Blasenbeschwerden nach einer Hirnverletzung? Unsere Fach\u00e4rzte beraten Sie gern zu Diagnose- und Therapie-M\u00f6glichkeiten.","robots":{"index":"index","follow":"follow","max-snippet":"max-snippet:-1","max-image-preview":"max-image-preview:large","max-video-preview":"max-video-preview:-1"},"canonical":"https:\/\/www.kontinenzzentrum.ch\/de\/erkrankungen\/neurogene-blasenstoerungen\/hirnverletzung.html","og_locale":"de_DE","og_type":"article","og_title":"Inkontinenz bei Hirnverletzung - KontinenzZentrum Hirslanden","og_description":"Sie leiden an Inkontinenz oder Blasenbeschwerden nach einer Hirnverletzung? Unsere Fach\u00e4rzte beraten Sie gern zu Diagnose- und Therapie-M\u00f6glichkeiten.","og_url":"https:\/\/www.kontinenzzentrum.ch\/de\/erkrankungen\/neurogene-blasenstoerungen\/hirnverletzung.html","og_site_name":"KontinenzZentrum","article_modified_time":"2025-10-01T09:23:03+00:00","og_image":[{"width":1920,"height":450,"url":"https:\/\/www.kontinenzzentrum.ch\/wp-content\/uploads\/kompetenz-neurourologie-212996.jpeg","type":"image\/jpeg"}],"twitter_card":"summary_large_image","twitter_misc":{"Gesch\u00e4tzte Lesezeit":"6\u00a0Minuten"},"schema":{"@context":"https:\/\/schema.org","@graph":[{"@type":"WebPage","@id":"https:\/\/www.kontinenzzentrum.ch\/de\/erkrankungen\/neurogene-blasenstoerungen\/hirnverletzung.html","url":"https:\/\/www.kontinenzzentrum.ch\/de\/erkrankungen\/neurogene-blasenstoerungen\/hirnverletzung.html","name":"Inkontinenz bei Hirnverletzung - KontinenzZentrum Hirslanden","isPartOf":{"@id":"https:\/\/www.kontinenzzentrum.ch\/de\/#website"},"primaryImageOfPage":{"@id":"https:\/\/www.kontinenzzentrum.ch\/de\/erkrankungen\/neurogene-blasenstoerungen\/hirnverletzung.html#primaryimage"},"image":{"@id":"https:\/\/www.kontinenzzentrum.ch\/de\/erkrankungen\/neurogene-blasenstoerungen\/hirnverletzung.html#primaryimage"},"thumbnailUrl":"https:\/\/www.kontinenzzentrum.ch\/wp-content\/uploads\/kompetenz-neurourologie-212996.jpeg","datePublished":"2023-02-10T12:38:45+00:00","dateModified":"2025-10-01T09:23:03+00:00","description":"Sie leiden an Inkontinenz oder Blasenbeschwerden nach einer Hirnverletzung? Unsere Fach\u00e4rzte beraten Sie gern zu Diagnose- und Therapie-M\u00f6glichkeiten.","breadcrumb":{"@id":"https:\/\/www.kontinenzzentrum.ch\/de\/erkrankungen\/neurogene-blasenstoerungen\/hirnverletzung.html#breadcrumb"},"inLanguage":"de","potentialAction":[{"@type":"ReadAction","target":["https:\/\/www.kontinenzzentrum.ch\/de\/erkrankungen\/neurogene-blasenstoerungen\/hirnverletzung.html"]}]},{"@type":"ImageObject","inLanguage":"de","@id":"https:\/\/www.kontinenzzentrum.ch\/de\/erkrankungen\/neurogene-blasenstoerungen\/hirnverletzung.html#primaryimage","url":"https:\/\/www.kontinenzzentrum.ch\/wp-content\/uploads\/kompetenz-neurourologie-212996.jpeg","contentUrl":"https:\/\/www.kontinenzzentrum.ch\/wp-content\/uploads\/kompetenz-neurourologie-212996.jpeg","width":1920,"height":450},{"@type":"BreadcrumbList","@id":"https:\/\/www.kontinenzzentrum.ch\/de\/erkrankungen\/neurogene-blasenstoerungen\/hirnverletzung.html#breadcrumb","itemListElement":[{"@type":"ListItem","position":1,"name":"Startseite","item":"https:\/\/www.kontinenzzentrum.ch\/de"},{"@type":"ListItem","position":2,"name":"Erkrankungen","item":"https:\/\/www.kontinenzzentrum.ch\/de\/erkrankungen.html"},{"@type":"ListItem","position":3,"name":"Neurogene Blasenst\u00f6rungen","item":"https:\/\/www.kontinenzzentrum.ch\/de\/erkrankungen\/neurogene-blasenstoerungen.html"},{"@type":"ListItem","position":4,"name":"Hirnverletzung"}]},{"@type":"WebSite","@id":"https:\/\/www.kontinenzzentrum.ch\/de\/#website","url":"https:\/\/www.kontinenzzentrum.ch\/de\/","name":"KontinenzZentrum Hirslanden Z\u00fcrich","description":"KontinenzZentrum Hirslanden Z\u00fcrich: Blasenst\u00f6rungen & Inkontinenz","publisher":{"@id":"https:\/\/www.kontinenzzentrum.ch\/de\/#organization"},"potentialAction":[{"@type":"SearchAction","target":{"@type":"EntryPoint","urlTemplate":"https:\/\/www.kontinenzzentrum.ch\/de\/?s={search_term_string}"},"query-input":{"@type":"PropertyValueSpecification","valueRequired":true,"valueName":"search_term_string"}}],"inLanguage":"de"},{"@type":"Organization","@id":"https:\/\/www.kontinenzzentrum.ch\/de\/#organization","name":"KontinenzZentrum Hirslanden Z\u00fcrich","url":"https:\/\/www.kontinenzzentrum.ch\/de\/","logo":{"@type":"ImageObject","inLanguage":"de","@id":"https:\/\/www.kontinenzzentrum.ch\/de\/#\/schema\/logo\/image\/","url":"https:\/\/www.kontinenzzentrum.ch\/wp-content\/uploads\/Logo_KontinenzZentrum.png","contentUrl":"https:\/\/www.kontinenzzentrum.ch\/wp-content\/uploads\/Logo_KontinenzZentrum.png","width":800,"height":142,"caption":"KontinenzZentrum Hirslanden Z\u00fcrich"},"image":{"@id":"https:\/\/www.kontinenzzentrum.ch\/de\/#\/schema\/logo\/image\/"}}]}},"_links":{"self":[{"href":"https:\/\/www.kontinenzzentrum.ch\/de\/wp-json\/wp\/v2\/pages\/554","targetHints":{"allow":["GET"]}}],"collection":[{"href":"https:\/\/www.kontinenzzentrum.ch\/de\/wp-json\/wp\/v2\/pages"}],"about":[{"href":"https:\/\/www.kontinenzzentrum.ch\/de\/wp-json\/wp\/v2\/types\/page"}],"author":[{"embeddable":true,"href":"https:\/\/www.kontinenzzentrum.ch\/de\/wp-json\/wp\/v2\/users\/1"}],"replies":[{"embeddable":true,"href":"https:\/\/www.kontinenzzentrum.ch\/de\/wp-json\/wp\/v2\/comments?post=554"}],"version-history":[{"count":9,"href":"https:\/\/www.kontinenzzentrum.ch\/de\/wp-json\/wp\/v2\/pages\/554\/revisions"}],"predecessor-version":[{"id":4611,"href":"https:\/\/www.kontinenzzentrum.ch\/de\/wp-json\/wp\/v2\/pages\/554\/revisions\/4611"}],"up":[{"embeddable":true,"href":"https:\/\/www.kontinenzzentrum.ch\/de\/wp-json\/wp\/v2\/pages\/514"}],"wp:featuredmedia":[{"embeddable":true,"href":"https:\/\/www.kontinenzzentrum.ch\/de\/wp-json\/wp\/v2\/media\/557"}],"wp:attachment":[{"href":"https:\/\/www.kontinenzzentrum.ch\/de\/wp-json\/wp\/v2\/media?parent=554"}],"curies":[{"name":"wp","href":"https:\/\/api.w.org\/{rel}","templated":true}]}}