{"id":613,"date":"2023-02-10T15:23:12","date_gmt":"2023-02-10T14:23:12","guid":{"rendered":"https:\/\/www.kontinenzzentrum.ch\/?page_id=613"},"modified":"2025-12-02T14:08:59","modified_gmt":"2025-12-02T13:08:59","slug":"schmerz-und-entzuendungen","status":"publish","type":"page","link":"https:\/\/www.kontinenzzentrum.ch\/de\/erkrankungen\/schmerz-und-entzuendungen.html","title":{"rendered":"Schmerz &#038; Entz\u00fcndungen"},"content":{"rendered":"<div id=\"pl-613\"  class=\"panel-layout\" ><div id=\"pg-613-0\"  class=\"panel-grid panel-no-style\" ><div id=\"pgc-613-0-0\"  class=\"panel-grid-cell\" ><div id=\"panel-613-0-0-0\" class=\"so-panel widget widget_sow-editor panel-first-child panel-last-child\" data-index=\"0\" ><div\n\t\t\t\n\t\t\tclass=\"so-widget-sow-editor so-widget-sow-editor-base\"\n\t\t\t\n\t\t>\n<div class=\"siteorigin-widget-tinymce textwidget\">\n\t<h1>Schmerz & Entz\u00fcndungen<\/h1>\n<p>Von den\u00a0Organen des Beckens k\u00f6nnen schmerzhafte Empfindungen ausgehen, sowohl bei Frauen\u00a0als auch bei M\u00e4nnern.\u00a0Die Schmerzen sind\u00a0dabei einem Organ des Beckens oder diffus im Becken lokalisiert.\u00a0Schmerzen im\u00a0Becken k\u00f6nnen durch:<\/p>\n<ul>\n<li>die Harnblase,<\/li>\n<li>die Prostata,<\/li>\n<li>den Darm,<\/li>\n<li>die\u00a0Geschlechtsorgane von Frau und Mann oder<\/li>\n<li>den das Becken st\u00fctzenden und\u00a0stabilisierenden Bewegungsapparat hervorgerufen\u00a0werden.<\/li>\n<\/ul>\n<p>Schmerzen an\u00a0Geb\u00e4rmutter\u00a0und\u00a0Eierst\u00f6cken,\u00a0Prostata, Hoden, Harnblase oder Darm haben vielf\u00e4ltige Gr\u00fcnde. Sie k\u00f6nnen durch eine\u00a0Erkrankung, Entz\u00fcndung oder Verletzung des betreffenden Organs\u00a0entstehen oder sich\u00a0bei einer Endometriose oder bei Ver\u00e4nderungen von Schleimh\u00e4uten \u00e4ussern.\u00a0Chronische Beckenschmerzen k\u00f6nnen auch zu Funktionsst\u00f6rungen der Harnblasen- und Darmfunktion f\u00fchren und nachhaltig die Lebensqualit\u00e4t beeintr\u00e4chtigen. Chronische Schmerzen und Entz\u00fcndungen sollten angemessen abgekl\u00e4rt und behandelt werden, um Komplikationen und Folgesch\u00e4den zu vermeiden und die Lebensqualit\u00e4t wiederherzustellen.<\/p>\n<\/div>\n<\/div><\/div><\/div><\/div><div id=\"pg-613-1\"  class=\"panel-grid panel-has-style\" ><div class=\"fn-lines panel-row-style panel-row-style-for-613-1\" ><div id=\"pgc-613-1-0\"  class=\"panel-grid-cell\" ><div id=\"panel-613-1-0-0\" class=\"so-panel widget widget_sow-editor panel-first-child panel-last-child\" data-index=\"1\" ><div\n\t\t\t\n\t\t\tclass=\"so-widget-sow-editor so-widget-sow-editor-base\"\n\t\t\t\n\t\t>\n<div class=\"siteorigin-widget-tinymce textwidget\">\n\t<ul>\n<li class=\"rex-article-69 rex-normal\"><a class=\"\" href=\"https:\/\/www.kontinenzzentrum.ch\/de\/erkrankungen\/schmerz-und-entzuendungen\/blasenentzuendung.html\">Blasenentz\u00fcndung<\/a><\/li>\n<li class=\"rex-article-201 rex-normal\"><a class=\"\" href=\"https:\/\/www.kontinenzzentrum.ch\/de\/erkrankungen\/schmerz-und-entzuendungen\/blasenentzuendung-durch-coronaviren.html\">Blasenentz\u00fcndung durch Coronaviren<\/a><\/li>\n<li class=\"rex-article-71 rex-normal\"><a class=\"\" href=\"https:\/\/www.kontinenzzentrum.ch\/de\/erkrankungen\/schmerz-und-entzuendungen\/blasenschmerz.html\">Blasenschmerz<\/a><\/li>\n<li class=\"rex-article-172 rex-normal\"><a class=\"\" href=\"https:\/\/www.kontinenzzentrum.ch\/de\/erkrankungen\/schmerz-und-entzuendungen\/prostataentzuendung.html\">Prostataentz\u00fcndung<\/a><\/li>\n<\/ul>\n<\/div>\n<\/div><\/div><\/div><\/div><\/div><div id=\"pg-613-2\"  class=\"panel-grid panel-no-style\" ><div id=\"pgc-613-2-0\"  class=\"panel-grid-cell\" ><div id=\"panel-613-2-0-0\" class=\"so-panel widget widget_fn-info-box-widget panel-first-child panel-last-child\" data-index=\"2\" ><div\n\t\t\t\n\t\t\tclass=\"so-widget-fn-info-box-widget so-widget-fn-info-box-widget-base\"\n\t\t\t\n\t\t><div class=\"uk-child-width-1-1 uk-grid-match\" uk-grid><div>\n        <div class=\"fn-info-box-title\">\n          <div class=\"uk-grid-small\" uk-grid>            <div class=\"uk-width-auto\"><img decoding=\"async\" src=\"https:\/\/www.kontinenzzentrum.ch\/wp-content\/uploads\/ICON_info.svg\" class=\"attachment-small size-small\" alt=\"\" \/>            <\/div>            <div class=\"uk-width-expand\">\n              <h4 class=\"uk-h3\">Informieren Sie sich jetzt<\/h4>\n            <\/div>\n          <\/div>\n        <\/div>\n        <div class=\"fn-info-box-content\">\n              <p>Schmerzen und Entz\u00fcndungen im Beckenbereich k\u00f6nnen verschiedene Ausl\u00f6ser haben. Wir kl\u00e4ren die Ursache gezielt ab und besprechen das weitere Vorgehen mit Ihnen. Nehmen Sie gern Kontakt auf oder buchen Sie Ihren Termin bequem online.<br \/>\n<div class=\"uk-flex uk-child-width-auto uk-grid-small\" uk-grid><div><a class=\"uk-button uk-button-primary\" href=\"tel:+41443872910\"><i class=\"fas fa-phone-alt uk-margin-small-right\"><\/i>+41 44 387 29 10<\/a><\/div><div><a class=\"uk-button uk-button-primary\" href=\"https:\/\/www.kontinenzzentrum.ch\/de\/ueber-uns\/termin.html\"><i class=\"fas fa-comments uk-margin-small-right\"><\/i>Online Terminvereinbarung<\/a><\/div><\/div><\/p>\n        <\/div>\n      <\/div><\/div><\/div><\/div><\/div><\/div><\/div>","protected":false},"excerpt":{"rendered":"<p>Schmerz &#038; Entz\u00fcndungen Von den\u00a0Organen des Beckens k\u00f6nnen schmerzhafte Empfindungen ausgehen, sowohl bei Frauen\u00a0als auch bei M\u00e4nnern.\u00a0Die Schmerzen sind\u00a0dabei einem Organ des Beckens oder diffus im Becken lokalisiert.\u00a0Schmerzen im\u00a0Becken k\u00f6nnen durch: die Harnblase, die Prostata, den Darm, die\u00a0Geschlechtsorgane von Frau und Mann oder den das Becken st\u00fctzenden und\u00a0stabilisierenden Bewegungsapparat hervorgerufen\u00a0werden. Schmerzen an\u00a0Geb\u00e4rmutter\u00a0und\u00a0Eierst\u00f6cken,\u00a0Prostata, Hoden, Harnblase oder [&hellip;]<\/p>\n","protected":false},"author":1,"featured_media":528,"parent":370,"menu_order":0,"comment_status":"closed","ping_status":"closed","template":"","meta":{"_acf_changed":false,"footnotes":""},"class_list":["post-613","page","type-page","status-publish","has-post-thumbnail","hentry"],"acf":[],"yoast_head":"<!-- This site is optimized with the Yoast SEO plugin v26.9 - https:\/\/yoast.com\/product\/yoast-seo-wordpress\/ -->\n<title>Schmerz &amp; Entz\u00fcndungen<\/title>\n<meta name=\"robots\" content=\"index, follow, max-snippet:-1, max-image-preview:large, max-video-preview:-1\" \/>\n<link rel=\"canonical\" href=\"https:\/\/www.kontinenzzentrum.ch\/de\/erkrankungen\/schmerz-und-entzuendungen.html\" \/>\n<meta property=\"og:locale\" content=\"de_DE\" \/>\n<meta property=\"og:type\" content=\"article\" \/>\n<meta property=\"og:title\" content=\"Schmerz &amp; Entz\u00fcndungen\" \/>\n<meta property=\"og:description\" content=\"Schmerz &amp; Entz\u00fcndungen Von den\u00a0Organen des Beckens k\u00f6nnen schmerzhafte Empfindungen ausgehen, sowohl bei Frauen\u00a0als auch bei M\u00e4nnern.\u00a0Die Schmerzen sind\u00a0dabei einem Organ des Beckens oder diffus im Becken lokalisiert.\u00a0Schmerzen im\u00a0Becken k\u00f6nnen durch: die Harnblase, die Prostata, den Darm, die\u00a0Geschlechtsorgane von Frau und Mann oder den das Becken st\u00fctzenden und\u00a0stabilisierenden Bewegungsapparat hervorgerufen\u00a0werden. Schmerzen an\u00a0Geb\u00e4rmutter\u00a0und\u00a0Eierst\u00f6cken,\u00a0Prostata, Hoden, Harnblase oder [&hellip;]\" \/>\n<meta property=\"og:url\" content=\"https:\/\/www.kontinenzzentrum.ch\/de\/erkrankungen\/schmerz-und-entzuendungen.html\" \/>\n<meta property=\"og:site_name\" content=\"KontinenzZentrum\" \/>\n<meta property=\"article:modified_time\" content=\"2025-12-02T13:08:59+00:00\" \/>\n<meta property=\"og:image\" content=\"https:\/\/www.kontinenzzentrum.ch\/wp-content\/uploads\/erkrankung-blasenentzuendung-212813.jpeg\" \/>\n\t<meta property=\"og:image:width\" content=\"1920\" \/>\n\t<meta property=\"og:image:height\" content=\"450\" \/>\n\t<meta property=\"og:image:type\" content=\"image\/jpeg\" \/>\n<meta name=\"twitter:card\" content=\"summary_large_image\" \/>\n<meta name=\"twitter:label1\" content=\"Gesch\u00e4tzte Lesezeit\" \/>\n\t<meta name=\"twitter:data1\" content=\"2\u00a0Minuten\" \/>\n<script type=\"application\/ld+json\" class=\"yoast-schema-graph\">{\"@context\":\"https:\/\/schema.org\",\"@graph\":[{\"@type\":\"WebPage\",\"@id\":\"https:\/\/www.kontinenzzentrum.ch\/de\/erkrankungen\/schmerz-und-entzuendungen.html\",\"url\":\"https:\/\/www.kontinenzzentrum.ch\/de\/erkrankungen\/schmerz-und-entzuendungen.html\",\"name\":\"Schmerz & Entz\u00fcndungen\",\"isPartOf\":{\"@id\":\"https:\/\/www.kontinenzzentrum.ch\/de\/#website\"},\"primaryImageOfPage\":{\"@id\":\"https:\/\/www.kontinenzzentrum.ch\/de\/erkrankungen\/schmerz-und-entzuendungen.html#primaryimage\"},\"image\":{\"@id\":\"https:\/\/www.kontinenzzentrum.ch\/de\/erkrankungen\/schmerz-und-entzuendungen.html#primaryimage\"},\"thumbnailUrl\":\"https:\/\/www.kontinenzzentrum.ch\/wp-content\/uploads\/erkrankung-blasenentzuendung-212813.jpeg\",\"datePublished\":\"2023-02-10T14:23:12+00:00\",\"dateModified\":\"2025-12-02T13:08:59+00:00\",\"breadcrumb\":{\"@id\":\"https:\/\/www.kontinenzzentrum.ch\/de\/erkrankungen\/schmerz-und-entzuendungen.html#breadcrumb\"},\"inLanguage\":\"de\",\"potentialAction\":[{\"@type\":\"ReadAction\",\"target\":[\"https:\/\/www.kontinenzzentrum.ch\/de\/erkrankungen\/schmerz-und-entzuendungen.html\"]}]},{\"@type\":\"ImageObject\",\"inLanguage\":\"de\",\"@id\":\"https:\/\/www.kontinenzzentrum.ch\/de\/erkrankungen\/schmerz-und-entzuendungen.html#primaryimage\",\"url\":\"https:\/\/www.kontinenzzentrum.ch\/wp-content\/uploads\/erkrankung-blasenentzuendung-212813.jpeg\",\"contentUrl\":\"https:\/\/www.kontinenzzentrum.ch\/wp-content\/uploads\/erkrankung-blasenentzuendung-212813.jpeg\",\"width\":1920,\"height\":450},{\"@type\":\"BreadcrumbList\",\"@id\":\"https:\/\/www.kontinenzzentrum.ch\/de\/erkrankungen\/schmerz-und-entzuendungen.html#breadcrumb\",\"itemListElement\":[{\"@type\":\"ListItem\",\"position\":1,\"name\":\"Startseite\",\"item\":\"https:\/\/www.kontinenzzentrum.ch\/de\"},{\"@type\":\"ListItem\",\"position\":2,\"name\":\"Erkrankungen\",\"item\":\"https:\/\/www.kontinenzzentrum.ch\/de\/erkrankungen.html\"},{\"@type\":\"ListItem\",\"position\":3,\"name\":\"Schmerz &#038; Entz\u00fcndungen\"}]},{\"@type\":\"WebSite\",\"@id\":\"https:\/\/www.kontinenzzentrum.ch\/de\/#website\",\"url\":\"https:\/\/www.kontinenzzentrum.ch\/de\/\",\"name\":\"KontinenzZentrum Hirslanden Z\u00fcrich\",\"description\":\"KontinenzZentrum Hirslanden Z\u00fcrich: Blasenst\u00f6rungen & Inkontinenz\",\"publisher\":{\"@id\":\"https:\/\/www.kontinenzzentrum.ch\/de\/#organization\"},\"potentialAction\":[{\"@type\":\"SearchAction\",\"target\":{\"@type\":\"EntryPoint\",\"urlTemplate\":\"https:\/\/www.kontinenzzentrum.ch\/de\/?s={search_term_string}\"},\"query-input\":{\"@type\":\"PropertyValueSpecification\",\"valueRequired\":true,\"valueName\":\"search_term_string\"}}],\"inLanguage\":\"de\"},{\"@type\":\"Organization\",\"@id\":\"https:\/\/www.kontinenzzentrum.ch\/de\/#organization\",\"name\":\"KontinenzZentrum Hirslanden Z\u00fcrich\",\"url\":\"https:\/\/www.kontinenzzentrum.ch\/de\/\",\"logo\":{\"@type\":\"ImageObject\",\"inLanguage\":\"de\",\"@id\":\"https:\/\/www.kontinenzzentrum.ch\/de\/#\/schema\/logo\/image\/\",\"url\":\"https:\/\/www.kontinenzzentrum.ch\/wp-content\/uploads\/Logo_KontinenzZentrum.png\",\"contentUrl\":\"https:\/\/www.kontinenzzentrum.ch\/wp-content\/uploads\/Logo_KontinenzZentrum.png\",\"width\":800,\"height\":142,\"caption\":\"KontinenzZentrum Hirslanden Z\u00fcrich\"},\"image\":{\"@id\":\"https:\/\/www.kontinenzzentrum.ch\/de\/#\/schema\/logo\/image\/\"}}]}<\/script>\n<!-- \/ Yoast SEO plugin. -->","yoast_head_json":{"title":"Schmerz & Entz\u00fcndungen","robots":{"index":"index","follow":"follow","max-snippet":"max-snippet:-1","max-image-preview":"max-image-preview:large","max-video-preview":"max-video-preview:-1"},"canonical":"https:\/\/www.kontinenzzentrum.ch\/de\/erkrankungen\/schmerz-und-entzuendungen.html","og_locale":"de_DE","og_type":"article","og_title":"Schmerz & Entz\u00fcndungen","og_description":"Schmerz & Entz\u00fcndungen Von den\u00a0Organen des Beckens k\u00f6nnen schmerzhafte Empfindungen ausgehen, sowohl bei Frauen\u00a0als auch bei M\u00e4nnern.\u00a0Die Schmerzen sind\u00a0dabei einem Organ des Beckens oder diffus im Becken lokalisiert.\u00a0Schmerzen im\u00a0Becken k\u00f6nnen durch: die Harnblase, die Prostata, den Darm, die\u00a0Geschlechtsorgane von Frau und Mann oder den das Becken st\u00fctzenden und\u00a0stabilisierenden Bewegungsapparat hervorgerufen\u00a0werden. Schmerzen an\u00a0Geb\u00e4rmutter\u00a0und\u00a0Eierst\u00f6cken,\u00a0Prostata, Hoden, Harnblase oder [&hellip;]","og_url":"https:\/\/www.kontinenzzentrum.ch\/de\/erkrankungen\/schmerz-und-entzuendungen.html","og_site_name":"KontinenzZentrum","article_modified_time":"2025-12-02T13:08:59+00:00","og_image":[{"width":1920,"height":450,"url":"https:\/\/www.kontinenzzentrum.ch\/wp-content\/uploads\/erkrankung-blasenentzuendung-212813.jpeg","type":"image\/jpeg"}],"twitter_card":"summary_large_image","twitter_misc":{"Gesch\u00e4tzte Lesezeit":"2\u00a0Minuten"},"schema":{"@context":"https:\/\/schema.org","@graph":[{"@type":"WebPage","@id":"https:\/\/www.kontinenzzentrum.ch\/de\/erkrankungen\/schmerz-und-entzuendungen.html","url":"https:\/\/www.kontinenzzentrum.ch\/de\/erkrankungen\/schmerz-und-entzuendungen.html","name":"Schmerz & Entz\u00fcndungen","isPartOf":{"@id":"https:\/\/www.kontinenzzentrum.ch\/de\/#website"},"primaryImageOfPage":{"@id":"https:\/\/www.kontinenzzentrum.ch\/de\/erkrankungen\/schmerz-und-entzuendungen.html#primaryimage"},"image":{"@id":"https:\/\/www.kontinenzzentrum.ch\/de\/erkrankungen\/schmerz-und-entzuendungen.html#primaryimage"},"thumbnailUrl":"https:\/\/www.kontinenzzentrum.ch\/wp-content\/uploads\/erkrankung-blasenentzuendung-212813.jpeg","datePublished":"2023-02-10T14:23:12+00:00","dateModified":"2025-12-02T13:08:59+00:00","breadcrumb":{"@id":"https:\/\/www.kontinenzzentrum.ch\/de\/erkrankungen\/schmerz-und-entzuendungen.html#breadcrumb"},"inLanguage":"de","potentialAction":[{"@type":"ReadAction","target":["https:\/\/www.kontinenzzentrum.ch\/de\/erkrankungen\/schmerz-und-entzuendungen.html"]}]},{"@type":"ImageObject","inLanguage":"de","@id":"https:\/\/www.kontinenzzentrum.ch\/de\/erkrankungen\/schmerz-und-entzuendungen.html#primaryimage","url":"https:\/\/www.kontinenzzentrum.ch\/wp-content\/uploads\/erkrankung-blasenentzuendung-212813.jpeg","contentUrl":"https:\/\/www.kontinenzzentrum.ch\/wp-content\/uploads\/erkrankung-blasenentzuendung-212813.jpeg","width":1920,"height":450},{"@type":"BreadcrumbList","@id":"https:\/\/www.kontinenzzentrum.ch\/de\/erkrankungen\/schmerz-und-entzuendungen.html#breadcrumb","itemListElement":[{"@type":"ListItem","position":1,"name":"Startseite","item":"https:\/\/www.kontinenzzentrum.ch\/de"},{"@type":"ListItem","position":2,"name":"Erkrankungen","item":"https:\/\/www.kontinenzzentrum.ch\/de\/erkrankungen.html"},{"@type":"ListItem","position":3,"name":"Schmerz &#038; Entz\u00fcndungen"}]},{"@type":"WebSite","@id":"https:\/\/www.kontinenzzentrum.ch\/de\/#website","url":"https:\/\/www.kontinenzzentrum.ch\/de\/","name":"KontinenzZentrum Hirslanden Z\u00fcrich","description":"KontinenzZentrum Hirslanden Z\u00fcrich: Blasenst\u00f6rungen & Inkontinenz","publisher":{"@id":"https:\/\/www.kontinenzzentrum.ch\/de\/#organization"},"potentialAction":[{"@type":"SearchAction","target":{"@type":"EntryPoint","urlTemplate":"https:\/\/www.kontinenzzentrum.ch\/de\/?s={search_term_string}"},"query-input":{"@type":"PropertyValueSpecification","valueRequired":true,"valueName":"search_term_string"}}],"inLanguage":"de"},{"@type":"Organization","@id":"https:\/\/www.kontinenzzentrum.ch\/de\/#organization","name":"KontinenzZentrum Hirslanden Z\u00fcrich","url":"https:\/\/www.kontinenzzentrum.ch\/de\/","logo":{"@type":"ImageObject","inLanguage":"de","@id":"https:\/\/www.kontinenzzentrum.ch\/de\/#\/schema\/logo\/image\/","url":"https:\/\/www.kontinenzzentrum.ch\/wp-content\/uploads\/Logo_KontinenzZentrum.png","contentUrl":"https:\/\/www.kontinenzzentrum.ch\/wp-content\/uploads\/Logo_KontinenzZentrum.png","width":800,"height":142,"caption":"KontinenzZentrum Hirslanden Z\u00fcrich"},"image":{"@id":"https:\/\/www.kontinenzzentrum.ch\/de\/#\/schema\/logo\/image\/"}}]}},"_links":{"self":[{"href":"https:\/\/www.kontinenzzentrum.ch\/de\/wp-json\/wp\/v2\/pages\/613","targetHints":{"allow":["GET"]}}],"collection":[{"href":"https:\/\/www.kontinenzzentrum.ch\/de\/wp-json\/wp\/v2\/pages"}],"about":[{"href":"https:\/\/www.kontinenzzentrum.ch\/de\/wp-json\/wp\/v2\/types\/page"}],"author":[{"embeddable":true,"href":"https:\/\/www.kontinenzzentrum.ch\/de\/wp-json\/wp\/v2\/users\/1"}],"replies":[{"embeddable":true,"href":"https:\/\/www.kontinenzzentrum.ch\/de\/wp-json\/wp\/v2\/comments?post=613"}],"version-history":[{"count":8,"href":"https:\/\/www.kontinenzzentrum.ch\/de\/wp-json\/wp\/v2\/pages\/613\/revisions"}],"predecessor-version":[{"id":4791,"href":"https:\/\/www.kontinenzzentrum.ch\/de\/wp-json\/wp\/v2\/pages\/613\/revisions\/4791"}],"up":[{"embeddable":true,"href":"https:\/\/www.kontinenzzentrum.ch\/de\/wp-json\/wp\/v2\/pages\/370"}],"wp:featuredmedia":[{"embeddable":true,"href":"https:\/\/www.kontinenzzentrum.ch\/de\/wp-json\/wp\/v2\/media\/528"}],"wp:attachment":[{"href":"https:\/\/www.kontinenzzentrum.ch\/de\/wp-json\/wp\/v2\/media?parent=613"}],"curies":[{"name":"wp","href":"https:\/\/api.w.org\/{rel}","templated":true}]}}