{"id":624,"date":"2023-02-10T16:16:50","date_gmt":"2023-02-10T15:16:50","guid":{"rendered":"https:\/\/www.kontinenzzentrum.ch\/?page_id=624"},"modified":"2025-03-24T10:54:08","modified_gmt":"2025-03-24T09:54:08","slug":"blasenentzuendung-durch-coronaviren","status":"publish","type":"page","link":"https:\/\/www.kontinenzzentrum.ch\/de\/erkrankungen\/schmerz-und-entzuendungen\/blasenentzuendung-durch-coronaviren.html","title":{"rendered":"Blasenentz\u00fcndung durch Coronaviren"},"content":{"rendered":"<div id=\"pl-624\"  class=\"panel-layout\" ><div id=\"pg-624-0\"  class=\"panel-grid panel-no-style\" ><div id=\"pgc-624-0-0\"  class=\"panel-grid-cell\" ><div id=\"panel-624-0-0-0\" class=\"so-panel widget widget_sow-editor panel-first-child panel-last-child\" data-index=\"0\" ><div\n\t\t\t\n\t\t\tclass=\"so-widget-sow-editor so-widget-sow-editor-base\"\n\t\t\t\n\t\t>\n<div class=\"siteorigin-widget-tinymce textwidget\">\n\t<h1>Die durch Coronaviren ausgel\u00f6ste Blasenentz\u00fcndung und m\u00f6gliche Langzeitfolgen<\/h1>\n<p>Seit Herbst 2020 mehren sich die Hinweise, dass w\u00e4hrend einer akuten Infektion mit dem Coronavirus auch die typischen Beschwerden und <a title=\"Blasenentz\u00fcndung: Symptome, Ursachen und Behandlung\" href=\"\/de\/erkrankungen\/schmerz-und-entzuendungen\/blasenentzuendung.html\">Symptome einer Blasenentz\u00fcndung<\/a> auftreten k\u00f6nnen. So klagen betroffene Frau und M\u00e4nner:<\/p>\n<ul>\n<li>\u00fcber einen h\u00e4ufigen und auch verst\u00e4rkten Harndrang, der dazu zwingt, die Blase h\u00e4ufig und in kurzen Abst\u00e4nden zu entleeren.<\/li>\n<li>Beim Wasserlassen treten dann brennende Schmerzen auf,<\/li>\n<li>die entleerte Menge ist jeweils klein.<\/li>\n<\/ul>\n<p>In einer<a href=\"https:\/\/pubmed.ncbi.nlm.nih.gov\/33213997\/\" target=\"_blank\" rel=\"noopener\">\u00a0Studie der amerikanischen Urologin Laura E. Lamb<\/a>\u00a0von der Oakland University William Beaumont School of Medicine aus Rochester Hills fand man im Urin eine erh\u00f6hte Konzentration entz\u00fcndungsf\u00f6rdernder Botenstoffe, sogenannter proinflammatorische Zytokine. Diese Proteine steuern und regulieren der Signal\u00fcbertragung zwischen\u00a0Zellen und\u00a0werden u.a. von Zellen des menschlichen Immunsystems wie\u00a0Makrophagen und\u00a0Lymphozyten gebildet.<\/p>\n<\/div>\n<\/div><\/div><\/div><div id=\"pgc-624-0-1\"  class=\"panel-grid-cell\" ><div id=\"panel-624-0-1-0\" class=\"so-panel widget widget_fn-image-text-widget panel-first-child panel-last-child\" data-index=\"1\" ><div\n\t\t\t\n\t\t\tclass=\"so-widget-fn-image-text-widget so-widget-fn-image-text-widget-base\"\n\t\t\t\n\t\t><div class=\"uk-child-width-1-1 uk-child-width-1-1@s uk-child-width-1-1@m uk-grid-match\" uk-grid><div><div class=\"uk-card-media-top\">\n                <img decoding=\"async\" width=\"350\" height=\"220\" src=\"https:\/\/www.kontinenzzentrum.ch\/wp-content\/uploads\/adobestock_317573300.jpeg\" class=\"attachment-full size-full\" alt=\"\" srcset=\"https:\/\/www.kontinenzzentrum.ch\/wp-content\/uploads\/adobestock_317573300.jpeg 350w, https:\/\/www.kontinenzzentrum.ch\/wp-content\/uploads\/adobestock_317573300-300x189.jpeg 300w\" sizes=\"(max-width: 350px) 100vw, 350px\" \/>            <\/div><div class=\"fn-text-image uk-background-muted\">\n              <p>Corona Viren k\u00f6nnen Blasenentz\u00fcndungen ausl\u00f6sen.<\/p>\n          <\/div>\n      <\/div><\/div><\/div><\/div><\/div><\/div><div id=\"pg-624-1\"  class=\"panel-grid panel-no-style\" ><div id=\"pgc-624-1-0\"  class=\"panel-grid-cell\" ><div id=\"panel-624-1-0-0\" class=\"so-panel widget widget_sow-editor panel-first-child panel-last-child\" data-index=\"2\" ><div\n\t\t\t\n\t\t\tclass=\"so-widget-sow-editor so-widget-sow-editor-base\"\n\t\t\t\n\t\t>\n<div class=\"siteorigin-widget-tinymce textwidget\">\n\t<p>In die Blase gelangen sie entweder \u00fcber den Urin oder sie werden von Zellen in der Blasenwand als Reaktion auf das Virus gebildet und in den Urin ausgeschieden. Die Autoren nennen das Krankheitsbild <strong>COVID-19 Associate Cystitis (CAC)\u00a0<\/strong>und argumentieren, dass diese Form der Blasenentz\u00fcndung durch die virusbedingte Aussch\u00fcttung der Zytokine ausgel\u00f6st wird. In den Schlussfolgerungen ihrer Arbeit vermuten die Autoren, dass es bei Patientinnen und Patienten, die sich nicht vollst\u00e4ndig von der COVID-19-Infektion erholen auch eine chronische Coronavirus-assoziierte Blasenentz\u00fcndung entwickeln kann.<\/p>\n<\/div>\n<\/div><\/div><\/div><\/div><div id=\"pg-624-2\"  class=\"panel-grid panel-no-style\" ><div id=\"pgc-624-2-0\"  class=\"panel-grid-cell\" ><div id=\"panel-624-2-0-0\" class=\"so-panel widget widget_sow-editor panel-first-child panel-last-child\" data-index=\"3\" ><div\n\t\t\t\n\t\t\tclass=\"so-widget-sow-editor so-widget-sow-editor-base\"\n\t\t\t\n\t\t>\n<div class=\"siteorigin-widget-tinymce textwidget\">\n\t<p>Diese Ende letzten Jahres ge\u00e4usserte Vermutung scheint sich nun zu best\u00e4tigen. Vermehrt stellen sich betroffene Patientinnen und Patienten in urologischen Spezialsprechstunden vor und berichten, dass sie sei l\u00e4ngerer Zeit, h\u00e4ufig seit mehreren Monaten st\u00e4ndig Harndrang haben und die Blase bis zu 20 Mal pro Tag entleeren m\u00fcssen. Eine Untersuchung des Urin auf Bakterien blieb h\u00e4ufig mehrfach ohne Ergebnis. Die Betroffenen sind verunsichert und leiden oft sehr unter der erheblich eingeschr\u00e4nkten Lebensqualit\u00e4t. Eine die Ursachen der Erkrankung behebende Therapie gibt es bisher nicht. Nach Ausschluss eine durch Bakterien ausgel\u00f6sten Blasenentz\u00fcndung werden zum Linderung der Symptome\u00a0Medikamente eingesetzt, die den Harndrang d\u00e4mpfen und die Blase beruhigen.<\/p>\n<\/div>\n<\/div><\/div><\/div><div id=\"pgc-624-2-1\"  class=\"panel-grid-cell\" ><div id=\"panel-624-2-1-0\" class=\"so-panel widget widget_fn-image-text-widget panel-first-child panel-last-child\" data-index=\"4\" ><div\n\t\t\t\n\t\t\tclass=\"so-widget-fn-image-text-widget so-widget-fn-image-text-widget-base\"\n\t\t\t\n\t\t><div class=\"uk-child-width-1-1 uk-child-width-1-1@s uk-child-width-1-1@m uk-grid-match\" uk-grid><div><div class=\"uk-card-media-top\">\n                <img decoding=\"async\" width=\"350\" height=\"220\" src=\"https:\/\/www.kontinenzzentrum.ch\/wp-content\/uploads\/adobestock_183956372.jpeg\" class=\"attachment-full size-full\" alt=\"\" srcset=\"https:\/\/www.kontinenzzentrum.ch\/wp-content\/uploads\/adobestock_183956372.jpeg 350w, https:\/\/www.kontinenzzentrum.ch\/wp-content\/uploads\/adobestock_183956372-300x189.jpeg 300w\" sizes=\"(max-width: 350px) 100vw, 350px\" \/>            <\/div><div class=\"fn-text-image uk-background-muted\">\n              <p>Betroffene leiden unter h\u00e4ufigem, starken Harndrang und brennenden Schmerzen beim Wasserlassen.<\/p>\n          <\/div>\n      <\/div><\/div><\/div><\/div><\/div><\/div><div id=\"pg-624-3\"  class=\"panel-grid panel-no-style\" ><div id=\"pgc-624-3-0\"  class=\"panel-grid-cell\" ><div id=\"panel-624-3-0-0\" class=\"so-panel widget widget_sow-editor panel-first-child panel-last-child\" data-index=\"5\" ><div\n\t\t\t\n\t\t\tclass=\"so-widget-sow-editor so-widget-sow-editor-base\"\n\t\t\t\n\t\t>\n<div class=\"siteorigin-widget-tinymce textwidget\">\n\t<h3>Studienergebnisse zu COVID-19 Associate Cystitis (CAC)<\/h3>\n<p><a class=\"download\" href=\"https:\/\/www.kontinenzzentrum.ch\/wp-content\/uploads\/lamb_et_al.pdf\" target=\"_blank\" rel=\"noopener\">COVID-19 inflammation results in urine cytokine elevation and causes COVID-19 associated cystitis (CAC)<\/a><\/p>\n<\/div>\n<\/div><\/div><\/div><\/div><div id=\"pg-624-4\"  class=\"panel-grid panel-has-style\" ><div class=\"fn-lines panel-row-style panel-row-style-for-624-4\" ><div id=\"pgc-624-4-0\"  class=\"panel-grid-cell\" ><div id=\"panel-624-4-0-0\" class=\"so-panel widget widget_fn-lightbox panel-first-child panel-last-child\" data-index=\"6\" ><div\n\t\t\t\n\t\t\tclass=\"so-widget-fn-lightbox so-widget-fn-lightbox-base\"\n\t\t\t\n\t\t>  <div class=\"uk-grid-small\" uk-grid><div class=\"uk-width-1-5@m fn-lightbox youtube\"><div class=\"fn-video\" uk-lightbox><a href=\"https:\/\/www.youtube.com\/watch?v=iNRNoAvBA9o&embeds_euri=https%3A%2F%2Fwww.kontinenzzentrum.ch%2F&feature=emb_logo\" data-attrs=\"width: 1280; height: 720;\"><img decoding=\"async\" width=\"400\" height=\"400\" src=\"https:\/\/www.kontinenzzentrum.ch\/wp-content\/uploads\/icon_videocheckup.jpeg\" class=\"attachment-large size-large\" alt=\"\" srcset=\"https:\/\/www.kontinenzzentrum.ch\/wp-content\/uploads\/icon_videocheckup.jpeg 400w, https:\/\/www.kontinenzzentrum.ch\/wp-content\/uploads\/icon_videocheckup-300x300.jpeg 300w, https:\/\/www.kontinenzzentrum.ch\/wp-content\/uploads\/icon_videocheckup-150x150.jpeg 150w\" sizes=\"(max-width: 400px) 100vw, 400px\" \/><\/a><\/div><\/div>    <div class=\"uk-width-4-5@m uk-width-1-1\">\n      <h2>The incidence of new or worsening OAB symptoms in patients with prior SARS-CoV-2 infection<\/h2>\n<p>Dr. Hoang Roberts elaborates on her abstract \u201cThe incidence of new or worsening OAB symptoms in patients with prior SARS-CoV-2 infection\u201d, which she presented at AUA2022.<\/p>\n      <a class=\"uk-button uk-button-text\" href=\"https:\/\/www.youtube.com\/watch?v=iNRNoAvBA9o&embeds_euri=https%3A%2F%2Fwww.kontinenzzentrum.ch%2F&feature=emb_logo\" target=\"_blank\" rel=\"noopener noreferrer\">Video ansehen<\/a>\n    <\/div><\/div><\/div><\/div><\/div><\/div><\/div><\/div>","protected":false},"excerpt":{"rendered":"<p>Die durch Coronaviren ausgel\u00f6ste Blasenentz\u00fcndung und m\u00f6gliche Langzeitfolgen Seit Herbst 2020 mehren sich die Hinweise, dass w\u00e4hrend einer akuten Infektion mit dem Coronavirus auch die typischen Beschwerden und Symptome einer Blasenentz\u00fcndung auftreten k\u00f6nnen. So klagen betroffene Frau und M\u00e4nner: \u00fcber einen h\u00e4ufigen und auch verst\u00e4rkten Harndrang, der dazu zwingt, die Blase h\u00e4ufig und in kurzen [&hellip;]<\/p>\n","protected":false},"author":1,"featured_media":528,"parent":613,"menu_order":0,"comment_status":"closed","ping_status":"closed","template":"","meta":{"_acf_changed":false,"footnotes":""},"class_list":["post-624","page","type-page","status-publish","has-post-thumbnail","hentry"],"acf":[],"yoast_head":"<!-- This site is optimized with the Yoast SEO plugin v26.9 - https:\/\/yoast.com\/product\/yoast-seo-wordpress\/ -->\n<title>Blasenentz\u00fcndung durch Coronaviren<\/title>\n<meta name=\"robots\" content=\"index, follow, max-snippet:-1, max-image-preview:large, max-video-preview:-1\" \/>\n<link rel=\"canonical\" href=\"https:\/\/www.kontinenzzentrum.ch\/de\/erkrankungen\/schmerz-und-entzuendungen\/blasenentzuendung-durch-coronaviren.html\" \/>\n<meta property=\"og:locale\" content=\"de_DE\" \/>\n<meta property=\"og:type\" content=\"article\" \/>\n<meta property=\"og:title\" content=\"Blasenentz\u00fcndung durch Coronaviren\" \/>\n<meta property=\"og:description\" content=\"Die durch Coronaviren ausgel\u00f6ste Blasenentz\u00fcndung und m\u00f6gliche Langzeitfolgen Seit Herbst 2020 mehren sich die Hinweise, dass w\u00e4hrend einer akuten Infektion mit dem Coronavirus auch die typischen Beschwerden und Symptome einer Blasenentz\u00fcndung auftreten k\u00f6nnen. So klagen betroffene Frau und M\u00e4nner: \u00fcber einen h\u00e4ufigen und auch verst\u00e4rkten Harndrang, der dazu zwingt, die Blase h\u00e4ufig und in kurzen [&hellip;]\" \/>\n<meta property=\"og:url\" content=\"https:\/\/www.kontinenzzentrum.ch\/de\/erkrankungen\/schmerz-und-entzuendungen\/blasenentzuendung-durch-coronaviren.html\" \/>\n<meta property=\"og:site_name\" content=\"KontinenzZentrum\" \/>\n<meta property=\"article:modified_time\" content=\"2025-03-24T09:54:08+00:00\" \/>\n<meta property=\"og:image\" content=\"https:\/\/www.kontinenzzentrum.ch\/wp-content\/uploads\/erkrankung-blasenentzuendung-212813.jpeg\" \/>\n\t<meta property=\"og:image:width\" content=\"1920\" \/>\n\t<meta property=\"og:image:height\" content=\"450\" \/>\n\t<meta property=\"og:image:type\" content=\"image\/jpeg\" \/>\n<meta name=\"twitter:card\" content=\"summary_large_image\" \/>\n<meta name=\"twitter:label1\" content=\"Gesch\u00e4tzte Lesezeit\" \/>\n\t<meta name=\"twitter:data1\" content=\"3\u00a0Minuten\" \/>\n<script type=\"application\/ld+json\" class=\"yoast-schema-graph\">{\"@context\":\"https:\/\/schema.org\",\"@graph\":[{\"@type\":\"WebPage\",\"@id\":\"https:\/\/www.kontinenzzentrum.ch\/de\/erkrankungen\/schmerz-und-entzuendungen\/blasenentzuendung-durch-coronaviren.html\",\"url\":\"https:\/\/www.kontinenzzentrum.ch\/de\/erkrankungen\/schmerz-und-entzuendungen\/blasenentzuendung-durch-coronaviren.html\",\"name\":\"Blasenentz\u00fcndung durch Coronaviren\",\"isPartOf\":{\"@id\":\"https:\/\/www.kontinenzzentrum.ch\/de\/#website\"},\"primaryImageOfPage\":{\"@id\":\"https:\/\/www.kontinenzzentrum.ch\/de\/erkrankungen\/schmerz-und-entzuendungen\/blasenentzuendung-durch-coronaviren.html#primaryimage\"},\"image\":{\"@id\":\"https:\/\/www.kontinenzzentrum.ch\/de\/erkrankungen\/schmerz-und-entzuendungen\/blasenentzuendung-durch-coronaviren.html#primaryimage\"},\"thumbnailUrl\":\"https:\/\/www.kontinenzzentrum.ch\/wp-content\/uploads\/erkrankung-blasenentzuendung-212813.jpeg\",\"datePublished\":\"2023-02-10T15:16:50+00:00\",\"dateModified\":\"2025-03-24T09:54:08+00:00\",\"breadcrumb\":{\"@id\":\"https:\/\/www.kontinenzzentrum.ch\/de\/erkrankungen\/schmerz-und-entzuendungen\/blasenentzuendung-durch-coronaviren.html#breadcrumb\"},\"inLanguage\":\"de\",\"potentialAction\":[{\"@type\":\"ReadAction\",\"target\":[\"https:\/\/www.kontinenzzentrum.ch\/de\/erkrankungen\/schmerz-und-entzuendungen\/blasenentzuendung-durch-coronaviren.html\"]}]},{\"@type\":\"ImageObject\",\"inLanguage\":\"de\",\"@id\":\"https:\/\/www.kontinenzzentrum.ch\/de\/erkrankungen\/schmerz-und-entzuendungen\/blasenentzuendung-durch-coronaviren.html#primaryimage\",\"url\":\"https:\/\/www.kontinenzzentrum.ch\/wp-content\/uploads\/erkrankung-blasenentzuendung-212813.jpeg\",\"contentUrl\":\"https:\/\/www.kontinenzzentrum.ch\/wp-content\/uploads\/erkrankung-blasenentzuendung-212813.jpeg\",\"width\":1920,\"height\":450},{\"@type\":\"BreadcrumbList\",\"@id\":\"https:\/\/www.kontinenzzentrum.ch\/de\/erkrankungen\/schmerz-und-entzuendungen\/blasenentzuendung-durch-coronaviren.html#breadcrumb\",\"itemListElement\":[{\"@type\":\"ListItem\",\"position\":1,\"name\":\"Startseite\",\"item\":\"https:\/\/www.kontinenzzentrum.ch\/de\"},{\"@type\":\"ListItem\",\"position\":2,\"name\":\"Erkrankungen\",\"item\":\"https:\/\/www.kontinenzzentrum.ch\/de\/erkrankungen.html\"},{\"@type\":\"ListItem\",\"position\":3,\"name\":\"Schmerz &#038; Entz\u00fcndungen\",\"item\":\"https:\/\/www.kontinenzzentrum.ch\/de\/erkrankungen\/schmerz-und-entzuendungen.html\"},{\"@type\":\"ListItem\",\"position\":4,\"name\":\"Blasenentz\u00fcndung durch Coronaviren\"}]},{\"@type\":\"WebSite\",\"@id\":\"https:\/\/www.kontinenzzentrum.ch\/de\/#website\",\"url\":\"https:\/\/www.kontinenzzentrum.ch\/de\/\",\"name\":\"KontinenzZentrum Hirslanden Z\u00fcrich\",\"description\":\"KontinenzZentrum Hirslanden Z\u00fcrich: Blasenst\u00f6rungen & Inkontinenz\",\"publisher\":{\"@id\":\"https:\/\/www.kontinenzzentrum.ch\/de\/#organization\"},\"potentialAction\":[{\"@type\":\"SearchAction\",\"target\":{\"@type\":\"EntryPoint\",\"urlTemplate\":\"https:\/\/www.kontinenzzentrum.ch\/de\/?s={search_term_string}\"},\"query-input\":{\"@type\":\"PropertyValueSpecification\",\"valueRequired\":true,\"valueName\":\"search_term_string\"}}],\"inLanguage\":\"de\"},{\"@type\":\"Organization\",\"@id\":\"https:\/\/www.kontinenzzentrum.ch\/de\/#organization\",\"name\":\"KontinenzZentrum Hirslanden Z\u00fcrich\",\"url\":\"https:\/\/www.kontinenzzentrum.ch\/de\/\",\"logo\":{\"@type\":\"ImageObject\",\"inLanguage\":\"de\",\"@id\":\"https:\/\/www.kontinenzzentrum.ch\/de\/#\/schema\/logo\/image\/\",\"url\":\"https:\/\/www.kontinenzzentrum.ch\/wp-content\/uploads\/Logo_KontinenzZentrum.png\",\"contentUrl\":\"https:\/\/www.kontinenzzentrum.ch\/wp-content\/uploads\/Logo_KontinenzZentrum.png\",\"width\":800,\"height\":142,\"caption\":\"KontinenzZentrum Hirslanden Z\u00fcrich\"},\"image\":{\"@id\":\"https:\/\/www.kontinenzzentrum.ch\/de\/#\/schema\/logo\/image\/\"}}]}<\/script>\n<!-- \/ Yoast SEO plugin. -->","yoast_head_json":{"title":"Blasenentz\u00fcndung durch Coronaviren","robots":{"index":"index","follow":"follow","max-snippet":"max-snippet:-1","max-image-preview":"max-image-preview:large","max-video-preview":"max-video-preview:-1"},"canonical":"https:\/\/www.kontinenzzentrum.ch\/de\/erkrankungen\/schmerz-und-entzuendungen\/blasenentzuendung-durch-coronaviren.html","og_locale":"de_DE","og_type":"article","og_title":"Blasenentz\u00fcndung durch Coronaviren","og_description":"Die durch Coronaviren ausgel\u00f6ste Blasenentz\u00fcndung und m\u00f6gliche Langzeitfolgen Seit Herbst 2020 mehren sich die Hinweise, dass w\u00e4hrend einer akuten Infektion mit dem Coronavirus auch die typischen Beschwerden und Symptome einer Blasenentz\u00fcndung auftreten k\u00f6nnen. So klagen betroffene Frau und M\u00e4nner: \u00fcber einen h\u00e4ufigen und auch verst\u00e4rkten Harndrang, der dazu zwingt, die Blase h\u00e4ufig und in kurzen [&hellip;]","og_url":"https:\/\/www.kontinenzzentrum.ch\/de\/erkrankungen\/schmerz-und-entzuendungen\/blasenentzuendung-durch-coronaviren.html","og_site_name":"KontinenzZentrum","article_modified_time":"2025-03-24T09:54:08+00:00","og_image":[{"width":1920,"height":450,"url":"https:\/\/www.kontinenzzentrum.ch\/wp-content\/uploads\/erkrankung-blasenentzuendung-212813.jpeg","type":"image\/jpeg"}],"twitter_card":"summary_large_image","twitter_misc":{"Gesch\u00e4tzte Lesezeit":"3\u00a0Minuten"},"schema":{"@context":"https:\/\/schema.org","@graph":[{"@type":"WebPage","@id":"https:\/\/www.kontinenzzentrum.ch\/de\/erkrankungen\/schmerz-und-entzuendungen\/blasenentzuendung-durch-coronaviren.html","url":"https:\/\/www.kontinenzzentrum.ch\/de\/erkrankungen\/schmerz-und-entzuendungen\/blasenentzuendung-durch-coronaviren.html","name":"Blasenentz\u00fcndung durch Coronaviren","isPartOf":{"@id":"https:\/\/www.kontinenzzentrum.ch\/de\/#website"},"primaryImageOfPage":{"@id":"https:\/\/www.kontinenzzentrum.ch\/de\/erkrankungen\/schmerz-und-entzuendungen\/blasenentzuendung-durch-coronaviren.html#primaryimage"},"image":{"@id":"https:\/\/www.kontinenzzentrum.ch\/de\/erkrankungen\/schmerz-und-entzuendungen\/blasenentzuendung-durch-coronaviren.html#primaryimage"},"thumbnailUrl":"https:\/\/www.kontinenzzentrum.ch\/wp-content\/uploads\/erkrankung-blasenentzuendung-212813.jpeg","datePublished":"2023-02-10T15:16:50+00:00","dateModified":"2025-03-24T09:54:08+00:00","breadcrumb":{"@id":"https:\/\/www.kontinenzzentrum.ch\/de\/erkrankungen\/schmerz-und-entzuendungen\/blasenentzuendung-durch-coronaviren.html#breadcrumb"},"inLanguage":"de","potentialAction":[{"@type":"ReadAction","target":["https:\/\/www.kontinenzzentrum.ch\/de\/erkrankungen\/schmerz-und-entzuendungen\/blasenentzuendung-durch-coronaviren.html"]}]},{"@type":"ImageObject","inLanguage":"de","@id":"https:\/\/www.kontinenzzentrum.ch\/de\/erkrankungen\/schmerz-und-entzuendungen\/blasenentzuendung-durch-coronaviren.html#primaryimage","url":"https:\/\/www.kontinenzzentrum.ch\/wp-content\/uploads\/erkrankung-blasenentzuendung-212813.jpeg","contentUrl":"https:\/\/www.kontinenzzentrum.ch\/wp-content\/uploads\/erkrankung-blasenentzuendung-212813.jpeg","width":1920,"height":450},{"@type":"BreadcrumbList","@id":"https:\/\/www.kontinenzzentrum.ch\/de\/erkrankungen\/schmerz-und-entzuendungen\/blasenentzuendung-durch-coronaviren.html#breadcrumb","itemListElement":[{"@type":"ListItem","position":1,"name":"Startseite","item":"https:\/\/www.kontinenzzentrum.ch\/de"},{"@type":"ListItem","position":2,"name":"Erkrankungen","item":"https:\/\/www.kontinenzzentrum.ch\/de\/erkrankungen.html"},{"@type":"ListItem","position":3,"name":"Schmerz &#038; Entz\u00fcndungen","item":"https:\/\/www.kontinenzzentrum.ch\/de\/erkrankungen\/schmerz-und-entzuendungen.html"},{"@type":"ListItem","position":4,"name":"Blasenentz\u00fcndung durch Coronaviren"}]},{"@type":"WebSite","@id":"https:\/\/www.kontinenzzentrum.ch\/de\/#website","url":"https:\/\/www.kontinenzzentrum.ch\/de\/","name":"KontinenzZentrum Hirslanden Z\u00fcrich","description":"KontinenzZentrum Hirslanden Z\u00fcrich: Blasenst\u00f6rungen & Inkontinenz","publisher":{"@id":"https:\/\/www.kontinenzzentrum.ch\/de\/#organization"},"potentialAction":[{"@type":"SearchAction","target":{"@type":"EntryPoint","urlTemplate":"https:\/\/www.kontinenzzentrum.ch\/de\/?s={search_term_string}"},"query-input":{"@type":"PropertyValueSpecification","valueRequired":true,"valueName":"search_term_string"}}],"inLanguage":"de"},{"@type":"Organization","@id":"https:\/\/www.kontinenzzentrum.ch\/de\/#organization","name":"KontinenzZentrum Hirslanden Z\u00fcrich","url":"https:\/\/www.kontinenzzentrum.ch\/de\/","logo":{"@type":"ImageObject","inLanguage":"de","@id":"https:\/\/www.kontinenzzentrum.ch\/de\/#\/schema\/logo\/image\/","url":"https:\/\/www.kontinenzzentrum.ch\/wp-content\/uploads\/Logo_KontinenzZentrum.png","contentUrl":"https:\/\/www.kontinenzzentrum.ch\/wp-content\/uploads\/Logo_KontinenzZentrum.png","width":800,"height":142,"caption":"KontinenzZentrum Hirslanden Z\u00fcrich"},"image":{"@id":"https:\/\/www.kontinenzzentrum.ch\/de\/#\/schema\/logo\/image\/"}}]}},"_links":{"self":[{"href":"https:\/\/www.kontinenzzentrum.ch\/de\/wp-json\/wp\/v2\/pages\/624","targetHints":{"allow":["GET"]}}],"collection":[{"href":"https:\/\/www.kontinenzzentrum.ch\/de\/wp-json\/wp\/v2\/pages"}],"about":[{"href":"https:\/\/www.kontinenzzentrum.ch\/de\/wp-json\/wp\/v2\/types\/page"}],"author":[{"embeddable":true,"href":"https:\/\/www.kontinenzzentrum.ch\/de\/wp-json\/wp\/v2\/users\/1"}],"replies":[{"embeddable":true,"href":"https:\/\/www.kontinenzzentrum.ch\/de\/wp-json\/wp\/v2\/comments?post=624"}],"version-history":[{"count":15,"href":"https:\/\/www.kontinenzzentrum.ch\/de\/wp-json\/wp\/v2\/pages\/624\/revisions"}],"predecessor-version":[{"id":4252,"href":"https:\/\/www.kontinenzzentrum.ch\/de\/wp-json\/wp\/v2\/pages\/624\/revisions\/4252"}],"up":[{"embeddable":true,"href":"https:\/\/www.kontinenzzentrum.ch\/de\/wp-json\/wp\/v2\/pages\/613"}],"wp:featuredmedia":[{"embeddable":true,"href":"https:\/\/www.kontinenzzentrum.ch\/de\/wp-json\/wp\/v2\/media\/528"}],"wp:attachment":[{"href":"https:\/\/www.kontinenzzentrum.ch\/de\/wp-json\/wp\/v2\/media?parent=624"}],"curies":[{"name":"wp","href":"https:\/\/api.w.org\/{rel}","templated":true}]}}