{"id":710,"date":"2023-02-14T10:38:08","date_gmt":"2023-02-14T09:38:08","guid":{"rendered":"https:\/\/www.kontinenzzentrum.ch\/?page_id=710"},"modified":"2025-10-01T14:53:19","modified_gmt":"2025-10-01T12:53:19","slug":"fachpersonen","status":"publish","type":"page","link":"https:\/\/www.kontinenzzentrum.ch\/de\/fachpersonen.html","title":{"rendered":"Fachpersonen"},"content":{"rendered":"<div id=\"pl-710\"  class=\"panel-layout\" ><div id=\"pg-710-0\"  class=\"panel-grid panel-no-style\" ><div id=\"pgc-710-0-0\"  class=\"panel-grid-cell\" ><div id=\"panel-710-0-0-0\" class=\"so-panel widget widget_sow-editor panel-first-child\" data-index=\"0\" ><div\n\t\t\t\n\t\t\tclass=\"so-widget-sow-editor so-widget-sow-editor-base\"\n\t\t\t\n\t\t>\n<div class=\"siteorigin-widget-tinymce textwidget\">\n\t<h1>Unser Service<\/h1>\n<h2>Medizinische Dienstleistungen auf h\u00f6chstem Niveau<\/h2>\n<p>Unsere Patienten werden von erfahrenen Fach\u00e4rzten und ausgewiesenen Spezialisten in ihrem Fachgebiet behandelt. Wir arbeiten im Team kollegial und kooperativ zusammen und verstehen unsere Arbeit als interdisziplin\u00e4re Aufgabe. Eine vertrauensvolle Zusammenarbeit mit Haus\u00e4rzten und weiteren behandelnden \u00c4rzten ist f\u00fcr uns selbstverst\u00e4ndlich. Wir arbeiten an der kontinuierlichen Verbesserung effizienter Prozesse, die sich an den Bed\u00fcrfnissen unserer Patienten und Partner orientieren.<\/p>\n<p>Den Bed\u00fcrfnisse eines jeden Einzelnen unserer Patienten zu entsprechen, ist unser wichtigstes Anliegen. Unsere Arbeit ist geleitet von Empathie und Mitgef\u00fchl. Im Umgang mit Patienten und Partnern sind wir pers\u00f6nlich, sorgf\u00e4ltig und authentisch. Wir nehmen uns Zeit und h\u00f6ren unseren Patienten zu. Wir ber\u00fccksichtigen die individuellen Bed\u00fcrfnisse, W\u00fcnsche und F\u00e4higkeiten eines jedem Einzelnen unserer Patienten und beziehen Partner, Angeh\u00f6rige und Familie in unsere Empfehlungen ein.<\/p>\n<\/div>\n<\/div><\/div><div id=\"panel-710-0-0-1\" class=\"so-panel widget widget_fn-info-box-widget panel-last-child\" data-index=\"1\" ><div\n\t\t\t\n\t\t\tclass=\"so-widget-fn-info-box-widget so-widget-fn-info-box-widget-base\"\n\t\t\t\n\t\t><div class=\"uk-child-width-1-1 uk-grid-match\" uk-grid><div>\n        <div class=\"fn-info-box-title\">\n          <div class=\"uk-grid-small\" uk-grid>            <div class=\"uk-width-auto\"><img decoding=\"async\" src=\"https:\/\/www.kontinenzzentrum.ch\/wp-content\/uploads\/ICON_kontakt.svg\" class=\"attachment-small size-small\" alt=\"\" \/>            <\/div>            <div class=\"uk-width-expand\">\n              <h4 class=\"uk-h3\">Kontakt f\u00fcr zuweisende \u00c4rzte<\/h4>\n            <\/div>\n          <\/div>\n        <\/div>\n        <div class=\"fn-info-box-content\">\n              <p>F\u00fcr <strong>telefonische Zuweisungen<\/strong> erreichen Sie das KontinenzZentrum Hirslanden in Z\u00fcrich von Montag bis Freitag von 8:00 bis 17:00.<\/p>\n<p>Schriftliche Anfragen nehmen wir gerne per <strong>E-Mail<\/strong> oder per <strong>Fax <span class=\"\">+41 44 387 29 11<\/span><\/strong> entgegen.<\/p>\n<p><div class=\"uk-flex uk-child-width-auto uk-grid-small\" uk-grid><div><a class=\"uk-button uk-button-primary\" href=\"tel:+41443872910\"><i class=\"fas fa-phone-alt uk-margin-small-right\"><\/i>+41 44 387 29 10<\/a><\/div><div><a class=\"uk-button uk-button-primary\" href=\"mailto:&#107;&#111;&#110;t&#105;ne&#110;zzen&#116;&#114;u&#109;.&#104;irs&#108;an&#100;&#101;&#110;&#64;&#104;&#105;rsl&#97;&#110;&#100;&#101;n.&#99;&#104;\"><i class=\"fas fa-envelope uk-margin-small-right\"><\/i>E-Mail schreiben<\/a><\/div><\/div><\/p>\n        <\/div>\n      <\/div><\/div><\/div><\/div><\/div><\/div><div id=\"pg-710-1\"  class=\"panel-grid panel-has-style\" ><div class=\"fn-lines panel-row-style panel-row-style-for-710-1\" ><div id=\"pgc-710-1-0\"  class=\"panel-grid-cell\" ><div id=\"panel-710-1-0-0\" class=\"so-panel widget widget_sow-editor panel-first-child panel-last-child\" data-index=\"2\" ><div\n\t\t\t\n\t\t\tclass=\"so-widget-sow-editor so-widget-sow-editor-base\"\n\t\t\t\n\t\t>\n<div class=\"siteorigin-widget-tinymce textwidget\">\n\t<h4>Mehr Informationen f\u00fcr Fachpersonen:<\/h4>\n<ul class=\"rex-navi1 rex-navi-depth-1 rex-navi-has-6-elements\">\n<li class=\"rex-article-99 rex-normal\"><a class=\"\" href=\"https:\/\/www.kontinenzzentrum.ch\/de\/fachpersonen\/urodynamische-techniken.html\">Urodynamische Techniken<\/a><\/li>\n<li class=\"rex-article-107 rex-normal\"><a class=\"\" href=\"https:\/\/www.kontinenzzentrum.ch\/de\/fachpersonen\/urodynamikgalerie.html\">Urodynamikgalerie<\/a><\/li>\n<li class=\"rex-article-106 rex-normal\"><a class=\"\" href=\"https:\/\/www.kontinenzzentrum.ch\/de\/fachpersonen\/neurophysiologische-tests.html\">Neurophysiologische Tests<\/a><\/li>\n<li class=\"rex-article-86 rex-normal\"><a class=\"\" href=\"https:\/\/www.kontinenzzentrum.ch\/de\/fachpersonen\/forschung.html\">Forschung<\/a><\/li>\n<li class=\"rex-article-88 rex-normal\"><a class=\"\" href=\"https:\/\/www.kontinenzzentrum.ch\/de\/fachpersonen\/ressourcen.html\">Ressourcen<\/a><\/li>\n<li class=\"rex-article-87 rex-normal\"><a class=\"\" href=\"https:\/\/www.kontinenzzentrum.ch\/de\/fachpersonen\/zuweisung.html\">Zuweisung<\/a><\/li>\n<\/ul>\n<\/div>\n<\/div><\/div><\/div><\/div><\/div><\/div>","protected":false},"excerpt":{"rendered":"<p>Unser Service Medizinische Dienstleistungen auf h\u00f6chstem Niveau Unsere Patienten werden von erfahrenen Fach\u00e4rzten und ausgewiesenen Spezialisten in ihrem Fachgebiet behandelt. Wir arbeiten im Team kollegial und kooperativ zusammen und verstehen unsere Arbeit als interdisziplin\u00e4re Aufgabe. Eine vertrauensvolle Zusammenarbeit mit Haus\u00e4rzten und weiteren behandelnden \u00c4rzten ist f\u00fcr uns selbstverst\u00e4ndlich. Wir arbeiten an der kontinuierlichen Verbesserung effizienter [&hellip;]<\/p>\n","protected":false},"author":1,"featured_media":711,"parent":0,"menu_order":0,"comment_status":"closed","ping_status":"closed","template":"","meta":{"_acf_changed":false,"footnotes":""},"class_list":["post-710","page","type-page","status-publish","has-post-thumbnail","hentry"],"acf":[],"yoast_head":"<!-- This site is optimized with the Yoast SEO plugin v26.9 - https:\/\/yoast.com\/product\/yoast-seo-wordpress\/ -->\n<title>F\u00fcr Fachpersonen<\/title>\n<meta name=\"robots\" content=\"index, follow, max-snippet:-1, max-image-preview:large, max-video-preview:-1\" \/>\n<link rel=\"canonical\" href=\"https:\/\/www.kontinenzzentrum.ch\/de\/fachpersonen.html\" \/>\n<meta property=\"og:locale\" content=\"de_DE\" \/>\n<meta property=\"og:type\" content=\"article\" \/>\n<meta property=\"og:title\" content=\"F\u00fcr Fachpersonen\" \/>\n<meta property=\"og:description\" content=\"Unser Service Medizinische Dienstleistungen auf h\u00f6chstem Niveau Unsere Patienten werden von erfahrenen Fach\u00e4rzten und ausgewiesenen Spezialisten in ihrem Fachgebiet behandelt. Wir arbeiten im Team kollegial und kooperativ zusammen und verstehen unsere Arbeit als interdisziplin\u00e4re Aufgabe. Eine vertrauensvolle Zusammenarbeit mit Haus\u00e4rzten und weiteren behandelnden \u00c4rzten ist f\u00fcr uns selbstverst\u00e4ndlich. Wir arbeiten an der kontinuierlichen Verbesserung effizienter [&hellip;]\" \/>\n<meta property=\"og:url\" content=\"https:\/\/www.kontinenzzentrum.ch\/de\/fachpersonen.html\" \/>\n<meta property=\"og:site_name\" content=\"KontinenzZentrum\" \/>\n<meta property=\"article:modified_time\" content=\"2025-10-01T12:53:19+00:00\" \/>\n<meta property=\"og:image\" content=\"https:\/\/www.kontinenzzentrum.ch\/wp-content\/uploads\/fachpersonen-uebersicht-10001.jpeg\" \/>\n\t<meta property=\"og:image:width\" content=\"1920\" \/>\n\t<meta property=\"og:image:height\" content=\"450\" \/>\n\t<meta property=\"og:image:type\" content=\"image\/jpeg\" \/>\n<meta name=\"twitter:card\" content=\"summary_large_image\" \/>\n<meta name=\"twitter:label1\" content=\"Gesch\u00e4tzte Lesezeit\" \/>\n\t<meta name=\"twitter:data1\" content=\"2\u00a0Minuten\" \/>\n<script type=\"application\/ld+json\" class=\"yoast-schema-graph\">{\"@context\":\"https:\/\/schema.org\",\"@graph\":[{\"@type\":\"WebPage\",\"@id\":\"https:\/\/www.kontinenzzentrum.ch\/de\/fachpersonen.html\",\"url\":\"https:\/\/www.kontinenzzentrum.ch\/de\/fachpersonen.html\",\"name\":\"F\u00fcr Fachpersonen\",\"isPartOf\":{\"@id\":\"https:\/\/www.kontinenzzentrum.ch\/de\/#website\"},\"primaryImageOfPage\":{\"@id\":\"https:\/\/www.kontinenzzentrum.ch\/de\/fachpersonen.html#primaryimage\"},\"image\":{\"@id\":\"https:\/\/www.kontinenzzentrum.ch\/de\/fachpersonen.html#primaryimage\"},\"thumbnailUrl\":\"https:\/\/www.kontinenzzentrum.ch\/wp-content\/uploads\/fachpersonen-uebersicht-10001.jpeg\",\"datePublished\":\"2023-02-14T09:38:08+00:00\",\"dateModified\":\"2025-10-01T12:53:19+00:00\",\"breadcrumb\":{\"@id\":\"https:\/\/www.kontinenzzentrum.ch\/de\/fachpersonen.html#breadcrumb\"},\"inLanguage\":\"de\",\"potentialAction\":[{\"@type\":\"ReadAction\",\"target\":[\"https:\/\/www.kontinenzzentrum.ch\/de\/fachpersonen.html\"]}]},{\"@type\":\"ImageObject\",\"inLanguage\":\"de\",\"@id\":\"https:\/\/www.kontinenzzentrum.ch\/de\/fachpersonen.html#primaryimage\",\"url\":\"https:\/\/www.kontinenzzentrum.ch\/wp-content\/uploads\/fachpersonen-uebersicht-10001.jpeg\",\"contentUrl\":\"https:\/\/www.kontinenzzentrum.ch\/wp-content\/uploads\/fachpersonen-uebersicht-10001.jpeg\",\"width\":1920,\"height\":450},{\"@type\":\"BreadcrumbList\",\"@id\":\"https:\/\/www.kontinenzzentrum.ch\/de\/fachpersonen.html#breadcrumb\",\"itemListElement\":[{\"@type\":\"ListItem\",\"position\":1,\"name\":\"Startseite\",\"item\":\"https:\/\/www.kontinenzzentrum.ch\/de\"},{\"@type\":\"ListItem\",\"position\":2,\"name\":\"Fachpersonen\"}]},{\"@type\":\"WebSite\",\"@id\":\"https:\/\/www.kontinenzzentrum.ch\/de\/#website\",\"url\":\"https:\/\/www.kontinenzzentrum.ch\/de\/\",\"name\":\"KontinenzZentrum Hirslanden Z\u00fcrich\",\"description\":\"KontinenzZentrum Hirslanden Z\u00fcrich: Blasenst\u00f6rungen & Inkontinenz\",\"publisher\":{\"@id\":\"https:\/\/www.kontinenzzentrum.ch\/de\/#organization\"},\"potentialAction\":[{\"@type\":\"SearchAction\",\"target\":{\"@type\":\"EntryPoint\",\"urlTemplate\":\"https:\/\/www.kontinenzzentrum.ch\/de\/?s={search_term_string}\"},\"query-input\":{\"@type\":\"PropertyValueSpecification\",\"valueRequired\":true,\"valueName\":\"search_term_string\"}}],\"inLanguage\":\"de\"},{\"@type\":\"Organization\",\"@id\":\"https:\/\/www.kontinenzzentrum.ch\/de\/#organization\",\"name\":\"KontinenzZentrum Hirslanden Z\u00fcrich\",\"url\":\"https:\/\/www.kontinenzzentrum.ch\/de\/\",\"logo\":{\"@type\":\"ImageObject\",\"inLanguage\":\"de\",\"@id\":\"https:\/\/www.kontinenzzentrum.ch\/de\/#\/schema\/logo\/image\/\",\"url\":\"https:\/\/www.kontinenzzentrum.ch\/wp-content\/uploads\/Logo_KontinenzZentrum.png\",\"contentUrl\":\"https:\/\/www.kontinenzzentrum.ch\/wp-content\/uploads\/Logo_KontinenzZentrum.png\",\"width\":800,\"height\":142,\"caption\":\"KontinenzZentrum Hirslanden Z\u00fcrich\"},\"image\":{\"@id\":\"https:\/\/www.kontinenzzentrum.ch\/de\/#\/schema\/logo\/image\/\"}}]}<\/script>\n<!-- \/ Yoast SEO plugin. -->","yoast_head_json":{"title":"F\u00fcr Fachpersonen","robots":{"index":"index","follow":"follow","max-snippet":"max-snippet:-1","max-image-preview":"max-image-preview:large","max-video-preview":"max-video-preview:-1"},"canonical":"https:\/\/www.kontinenzzentrum.ch\/de\/fachpersonen.html","og_locale":"de_DE","og_type":"article","og_title":"F\u00fcr Fachpersonen","og_description":"Unser Service Medizinische Dienstleistungen auf h\u00f6chstem Niveau Unsere Patienten werden von erfahrenen Fach\u00e4rzten und ausgewiesenen Spezialisten in ihrem Fachgebiet behandelt. Wir arbeiten im Team kollegial und kooperativ zusammen und verstehen unsere Arbeit als interdisziplin\u00e4re Aufgabe. Eine vertrauensvolle Zusammenarbeit mit Haus\u00e4rzten und weiteren behandelnden \u00c4rzten ist f\u00fcr uns selbstverst\u00e4ndlich. Wir arbeiten an der kontinuierlichen Verbesserung effizienter [&hellip;]","og_url":"https:\/\/www.kontinenzzentrum.ch\/de\/fachpersonen.html","og_site_name":"KontinenzZentrum","article_modified_time":"2025-10-01T12:53:19+00:00","og_image":[{"width":1920,"height":450,"url":"https:\/\/www.kontinenzzentrum.ch\/wp-content\/uploads\/fachpersonen-uebersicht-10001.jpeg","type":"image\/jpeg"}],"twitter_card":"summary_large_image","twitter_misc":{"Gesch\u00e4tzte Lesezeit":"2\u00a0Minuten"},"schema":{"@context":"https:\/\/schema.org","@graph":[{"@type":"WebPage","@id":"https:\/\/www.kontinenzzentrum.ch\/de\/fachpersonen.html","url":"https:\/\/www.kontinenzzentrum.ch\/de\/fachpersonen.html","name":"F\u00fcr Fachpersonen","isPartOf":{"@id":"https:\/\/www.kontinenzzentrum.ch\/de\/#website"},"primaryImageOfPage":{"@id":"https:\/\/www.kontinenzzentrum.ch\/de\/fachpersonen.html#primaryimage"},"image":{"@id":"https:\/\/www.kontinenzzentrum.ch\/de\/fachpersonen.html#primaryimage"},"thumbnailUrl":"https:\/\/www.kontinenzzentrum.ch\/wp-content\/uploads\/fachpersonen-uebersicht-10001.jpeg","datePublished":"2023-02-14T09:38:08+00:00","dateModified":"2025-10-01T12:53:19+00:00","breadcrumb":{"@id":"https:\/\/www.kontinenzzentrum.ch\/de\/fachpersonen.html#breadcrumb"},"inLanguage":"de","potentialAction":[{"@type":"ReadAction","target":["https:\/\/www.kontinenzzentrum.ch\/de\/fachpersonen.html"]}]},{"@type":"ImageObject","inLanguage":"de","@id":"https:\/\/www.kontinenzzentrum.ch\/de\/fachpersonen.html#primaryimage","url":"https:\/\/www.kontinenzzentrum.ch\/wp-content\/uploads\/fachpersonen-uebersicht-10001.jpeg","contentUrl":"https:\/\/www.kontinenzzentrum.ch\/wp-content\/uploads\/fachpersonen-uebersicht-10001.jpeg","width":1920,"height":450},{"@type":"BreadcrumbList","@id":"https:\/\/www.kontinenzzentrum.ch\/de\/fachpersonen.html#breadcrumb","itemListElement":[{"@type":"ListItem","position":1,"name":"Startseite","item":"https:\/\/www.kontinenzzentrum.ch\/de"},{"@type":"ListItem","position":2,"name":"Fachpersonen"}]},{"@type":"WebSite","@id":"https:\/\/www.kontinenzzentrum.ch\/de\/#website","url":"https:\/\/www.kontinenzzentrum.ch\/de\/","name":"KontinenzZentrum Hirslanden Z\u00fcrich","description":"KontinenzZentrum Hirslanden Z\u00fcrich: Blasenst\u00f6rungen & Inkontinenz","publisher":{"@id":"https:\/\/www.kontinenzzentrum.ch\/de\/#organization"},"potentialAction":[{"@type":"SearchAction","target":{"@type":"EntryPoint","urlTemplate":"https:\/\/www.kontinenzzentrum.ch\/de\/?s={search_term_string}"},"query-input":{"@type":"PropertyValueSpecification","valueRequired":true,"valueName":"search_term_string"}}],"inLanguage":"de"},{"@type":"Organization","@id":"https:\/\/www.kontinenzzentrum.ch\/de\/#organization","name":"KontinenzZentrum Hirslanden Z\u00fcrich","url":"https:\/\/www.kontinenzzentrum.ch\/de\/","logo":{"@type":"ImageObject","inLanguage":"de","@id":"https:\/\/www.kontinenzzentrum.ch\/de\/#\/schema\/logo\/image\/","url":"https:\/\/www.kontinenzzentrum.ch\/wp-content\/uploads\/Logo_KontinenzZentrum.png","contentUrl":"https:\/\/www.kontinenzzentrum.ch\/wp-content\/uploads\/Logo_KontinenzZentrum.png","width":800,"height":142,"caption":"KontinenzZentrum Hirslanden Z\u00fcrich"},"image":{"@id":"https:\/\/www.kontinenzzentrum.ch\/de\/#\/schema\/logo\/image\/"}}]}},"_links":{"self":[{"href":"https:\/\/www.kontinenzzentrum.ch\/de\/wp-json\/wp\/v2\/pages\/710","targetHints":{"allow":["GET"]}}],"collection":[{"href":"https:\/\/www.kontinenzzentrum.ch\/de\/wp-json\/wp\/v2\/pages"}],"about":[{"href":"https:\/\/www.kontinenzzentrum.ch\/de\/wp-json\/wp\/v2\/types\/page"}],"author":[{"embeddable":true,"href":"https:\/\/www.kontinenzzentrum.ch\/de\/wp-json\/wp\/v2\/users\/1"}],"replies":[{"embeddable":true,"href":"https:\/\/www.kontinenzzentrum.ch\/de\/wp-json\/wp\/v2\/comments?post=710"}],"version-history":[{"count":13,"href":"https:\/\/www.kontinenzzentrum.ch\/de\/wp-json\/wp\/v2\/pages\/710\/revisions"}],"predecessor-version":[{"id":4622,"href":"https:\/\/www.kontinenzzentrum.ch\/de\/wp-json\/wp\/v2\/pages\/710\/revisions\/4622"}],"wp:featuredmedia":[{"embeddable":true,"href":"https:\/\/www.kontinenzzentrum.ch\/de\/wp-json\/wp\/v2\/media\/711"}],"wp:attachment":[{"href":"https:\/\/www.kontinenzzentrum.ch\/de\/wp-json\/wp\/v2\/media?parent=710"}],"curies":[{"name":"wp","href":"https:\/\/api.w.org\/{rel}","templated":true}]}}