{"id":720,"date":"2023-02-14T10:42:10","date_gmt":"2023-02-14T09:42:10","guid":{"rendered":"https:\/\/www.kontinenzzentrum.ch\/?page_id=720"},"modified":"2023-02-14T10:42:10","modified_gmt":"2023-02-14T09:42:10","slug":"urodynamische-techniken","status":"publish","type":"page","link":"https:\/\/www.kontinenzzentrum.ch\/de\/fachpersonen\/urodynamische-techniken.html","title":{"rendered":"Urodynamische Techniken"},"content":{"rendered":"<div id=\"pl-720\"  class=\"panel-layout\" ><div id=\"pg-720-0\"  class=\"panel-grid panel-no-style\" ><div id=\"pgc-720-0-0\"  class=\"panel-grid-cell\" ><div id=\"panel-720-0-0-0\" class=\"so-panel widget widget_sow-editor panel-first-child panel-last-child\" data-index=\"0\" ><div\n\t\t\t\n\t\t\tclass=\"so-widget-sow-editor so-widget-sow-editor-base\"\n\t\t\t\n\t\t>\n<div class=\"siteorigin-widget-tinymce textwidget\">\n\t<h1>Urodynamische Funktionsdiagnostik<\/h1>\n<h3>Hintergrund<\/h3>\n<p><img decoding=\"async\" class=\"alignright\" title=\"Urodynamische Funktionsdiagnostik \" src=\"https:\/\/www.kontinenzzentrum.ch\/wp-content\/uploads\/patienten_urodynamisch-untersuchung1-700.jpeg\" alt=\"Urodynamische Funktionsdiagnostik \" width=\"554\" height=\"311\" \/><br \/>\nDie urodynamische Funktionsdiagnostik erm\u00f6glicht durch die Messung einfacher physiologischer Parameter eine direkte Beurteilung der Funktion des unteren Harntraktes. Die Urodynamik dient dazu, klinische Symptome quantitativ zu reproduzieren, eine eventuelle \u00c4nderung physiologischer Parameter w\u00e4hrend der Messung in einen pathophysiologischen Zusammenhang zu stellen, eine Diagnose abzuleiten, eine Behandlung einzuleiten und ggf. deren Erfolg zu kontrollieren.<\/p>\n<p>Die urodynamische Funktionsuntersuchung erm\u00f6glicht die Klassifizierung einer St\u00f6rung der Harntraktfunktion in eine Speicherst\u00f6rung, eine Entleerungsst\u00f6rung oder eine kombinierte Speicher- und Entleerungsst\u00f6rung. Diese Einteilung bildet die Grundlage f\u00fcr die Erarbeitung eines Therapiekonzeptes.<\/p>\n<\/div>\n<\/div><\/div><\/div><\/div><\/div>","protected":false},"excerpt":{"rendered":"<p>Urodynamische Funktionsdiagnostik Hintergrund Die urodynamische Funktionsdiagnostik erm\u00f6glicht durch die Messung einfacher physiologischer Parameter eine direkte Beurteilung der Funktion des unteren Harntraktes. Die Urodynamik dient dazu, klinische Symptome quantitativ zu reproduzieren, eine eventuelle \u00c4nderung physiologischer Parameter w\u00e4hrend der Messung in einen pathophysiologischen Zusammenhang zu stellen, eine Diagnose abzuleiten, eine Behandlung einzuleiten und ggf. deren Erfolg zu [&hellip;]<\/p>\n","protected":false},"author":1,"featured_media":722,"parent":710,"menu_order":0,"comment_status":"closed","ping_status":"closed","template":"","meta":{"_acf_changed":false,"footnotes":""},"class_list":["post-720","page","type-page","status-publish","has-post-thumbnail","hentry"],"acf":[],"yoast_head":"<!-- This site is optimized with the Yoast SEO plugin v26.9 - https:\/\/yoast.com\/product\/yoast-seo-wordpress\/ -->\n<title>Urodynamische Techniken<\/title>\n<meta name=\"robots\" content=\"index, follow, max-snippet:-1, max-image-preview:large, max-video-preview:-1\" \/>\n<link rel=\"canonical\" href=\"https:\/\/www.kontinenzzentrum.ch\/de\/fachpersonen\/urodynamische-techniken.html\" \/>\n<meta property=\"og:locale\" content=\"de_DE\" \/>\n<meta property=\"og:type\" content=\"article\" \/>\n<meta property=\"og:title\" content=\"Urodynamische Techniken\" \/>\n<meta property=\"og:description\" content=\"Urodynamische Funktionsdiagnostik Hintergrund Die urodynamische Funktionsdiagnostik erm\u00f6glicht durch die Messung einfacher physiologischer Parameter eine direkte Beurteilung der Funktion des unteren Harntraktes. Die Urodynamik dient dazu, klinische Symptome quantitativ zu reproduzieren, eine eventuelle \u00c4nderung physiologischer Parameter w\u00e4hrend der Messung in einen pathophysiologischen Zusammenhang zu stellen, eine Diagnose abzuleiten, eine Behandlung einzuleiten und ggf. deren Erfolg zu [&hellip;]\" \/>\n<meta property=\"og:url\" content=\"https:\/\/www.kontinenzzentrum.ch\/de\/fachpersonen\/urodynamische-techniken.html\" \/>\n<meta property=\"og:site_name\" content=\"KontinenzZentrum\" \/>\n<meta property=\"og:image\" content=\"https:\/\/www.kontinenzzentrum.ch\/wp-content\/uploads\/fachpersonen-untersuchungsverfahren-urodynamische-213030.jpeg\" \/>\n\t<meta property=\"og:image:width\" content=\"1920\" \/>\n\t<meta property=\"og:image:height\" content=\"450\" \/>\n\t<meta property=\"og:image:type\" content=\"image\/jpeg\" \/>\n<meta name=\"twitter:card\" content=\"summary_large_image\" \/>\n<meta name=\"twitter:label1\" content=\"Gesch\u00e4tzte Lesezeit\" \/>\n\t<meta name=\"twitter:data1\" content=\"1\u00a0Minute\" \/>\n<script type=\"application\/ld+json\" class=\"yoast-schema-graph\">{\"@context\":\"https:\/\/schema.org\",\"@graph\":[{\"@type\":\"WebPage\",\"@id\":\"https:\/\/www.kontinenzzentrum.ch\/de\/fachpersonen\/urodynamische-techniken.html\",\"url\":\"https:\/\/www.kontinenzzentrum.ch\/de\/fachpersonen\/urodynamische-techniken.html\",\"name\":\"Urodynamische Techniken\",\"isPartOf\":{\"@id\":\"https:\/\/www.kontinenzzentrum.ch\/de\/#website\"},\"primaryImageOfPage\":{\"@id\":\"https:\/\/www.kontinenzzentrum.ch\/de\/fachpersonen\/urodynamische-techniken.html#primaryimage\"},\"image\":{\"@id\":\"https:\/\/www.kontinenzzentrum.ch\/de\/fachpersonen\/urodynamische-techniken.html#primaryimage\"},\"thumbnailUrl\":\"https:\/\/www.kontinenzzentrum.ch\/wp-content\/uploads\/fachpersonen-untersuchungsverfahren-urodynamische-213030.jpeg\",\"datePublished\":\"2023-02-14T09:42:10+00:00\",\"breadcrumb\":{\"@id\":\"https:\/\/www.kontinenzzentrum.ch\/de\/fachpersonen\/urodynamische-techniken.html#breadcrumb\"},\"inLanguage\":\"de\",\"potentialAction\":[{\"@type\":\"ReadAction\",\"target\":[\"https:\/\/www.kontinenzzentrum.ch\/de\/fachpersonen\/urodynamische-techniken.html\"]}]},{\"@type\":\"ImageObject\",\"inLanguage\":\"de\",\"@id\":\"https:\/\/www.kontinenzzentrum.ch\/de\/fachpersonen\/urodynamische-techniken.html#primaryimage\",\"url\":\"https:\/\/www.kontinenzzentrum.ch\/wp-content\/uploads\/fachpersonen-untersuchungsverfahren-urodynamische-213030.jpeg\",\"contentUrl\":\"https:\/\/www.kontinenzzentrum.ch\/wp-content\/uploads\/fachpersonen-untersuchungsverfahren-urodynamische-213030.jpeg\",\"width\":1920,\"height\":450},{\"@type\":\"BreadcrumbList\",\"@id\":\"https:\/\/www.kontinenzzentrum.ch\/de\/fachpersonen\/urodynamische-techniken.html#breadcrumb\",\"itemListElement\":[{\"@type\":\"ListItem\",\"position\":1,\"name\":\"Startseite\",\"item\":\"https:\/\/www.kontinenzzentrum.ch\/de\"},{\"@type\":\"ListItem\",\"position\":2,\"name\":\"Fachpersonen\",\"item\":\"https:\/\/www.kontinenzzentrum.ch\/de\/fachpersonen.html\"},{\"@type\":\"ListItem\",\"position\":3,\"name\":\"Urodynamische Techniken\"}]},{\"@type\":\"WebSite\",\"@id\":\"https:\/\/www.kontinenzzentrum.ch\/de\/#website\",\"url\":\"https:\/\/www.kontinenzzentrum.ch\/de\/\",\"name\":\"KontinenzZentrum Hirslanden Z\u00fcrich\",\"description\":\"KontinenzZentrum Hirslanden Z\u00fcrich: Blasenst\u00f6rungen & Inkontinenz\",\"publisher\":{\"@id\":\"https:\/\/www.kontinenzzentrum.ch\/de\/#organization\"},\"potentialAction\":[{\"@type\":\"SearchAction\",\"target\":{\"@type\":\"EntryPoint\",\"urlTemplate\":\"https:\/\/www.kontinenzzentrum.ch\/de\/?s={search_term_string}\"},\"query-input\":{\"@type\":\"PropertyValueSpecification\",\"valueRequired\":true,\"valueName\":\"search_term_string\"}}],\"inLanguage\":\"de\"},{\"@type\":\"Organization\",\"@id\":\"https:\/\/www.kontinenzzentrum.ch\/de\/#organization\",\"name\":\"KontinenzZentrum Hirslanden Z\u00fcrich\",\"url\":\"https:\/\/www.kontinenzzentrum.ch\/de\/\",\"logo\":{\"@type\":\"ImageObject\",\"inLanguage\":\"de\",\"@id\":\"https:\/\/www.kontinenzzentrum.ch\/de\/#\/schema\/logo\/image\/\",\"url\":\"https:\/\/www.kontinenzzentrum.ch\/wp-content\/uploads\/Logo_KontinenzZentrum.png\",\"contentUrl\":\"https:\/\/www.kontinenzzentrum.ch\/wp-content\/uploads\/Logo_KontinenzZentrum.png\",\"width\":800,\"height\":142,\"caption\":\"KontinenzZentrum Hirslanden Z\u00fcrich\"},\"image\":{\"@id\":\"https:\/\/www.kontinenzzentrum.ch\/de\/#\/schema\/logo\/image\/\"}}]}<\/script>\n<!-- \/ Yoast SEO plugin. -->","yoast_head_json":{"title":"Urodynamische Techniken","robots":{"index":"index","follow":"follow","max-snippet":"max-snippet:-1","max-image-preview":"max-image-preview:large","max-video-preview":"max-video-preview:-1"},"canonical":"https:\/\/www.kontinenzzentrum.ch\/de\/fachpersonen\/urodynamische-techniken.html","og_locale":"de_DE","og_type":"article","og_title":"Urodynamische Techniken","og_description":"Urodynamische Funktionsdiagnostik Hintergrund Die urodynamische Funktionsdiagnostik erm\u00f6glicht durch die Messung einfacher physiologischer Parameter eine direkte Beurteilung der Funktion des unteren Harntraktes. Die Urodynamik dient dazu, klinische Symptome quantitativ zu reproduzieren, eine eventuelle \u00c4nderung physiologischer Parameter w\u00e4hrend der Messung in einen pathophysiologischen Zusammenhang zu stellen, eine Diagnose abzuleiten, eine Behandlung einzuleiten und ggf. deren Erfolg zu [&hellip;]","og_url":"https:\/\/www.kontinenzzentrum.ch\/de\/fachpersonen\/urodynamische-techniken.html","og_site_name":"KontinenzZentrum","og_image":[{"width":1920,"height":450,"url":"https:\/\/www.kontinenzzentrum.ch\/wp-content\/uploads\/fachpersonen-untersuchungsverfahren-urodynamische-213030.jpeg","type":"image\/jpeg"}],"twitter_card":"summary_large_image","twitter_misc":{"Gesch\u00e4tzte Lesezeit":"1\u00a0Minute"},"schema":{"@context":"https:\/\/schema.org","@graph":[{"@type":"WebPage","@id":"https:\/\/www.kontinenzzentrum.ch\/de\/fachpersonen\/urodynamische-techniken.html","url":"https:\/\/www.kontinenzzentrum.ch\/de\/fachpersonen\/urodynamische-techniken.html","name":"Urodynamische Techniken","isPartOf":{"@id":"https:\/\/www.kontinenzzentrum.ch\/de\/#website"},"primaryImageOfPage":{"@id":"https:\/\/www.kontinenzzentrum.ch\/de\/fachpersonen\/urodynamische-techniken.html#primaryimage"},"image":{"@id":"https:\/\/www.kontinenzzentrum.ch\/de\/fachpersonen\/urodynamische-techniken.html#primaryimage"},"thumbnailUrl":"https:\/\/www.kontinenzzentrum.ch\/wp-content\/uploads\/fachpersonen-untersuchungsverfahren-urodynamische-213030.jpeg","datePublished":"2023-02-14T09:42:10+00:00","breadcrumb":{"@id":"https:\/\/www.kontinenzzentrum.ch\/de\/fachpersonen\/urodynamische-techniken.html#breadcrumb"},"inLanguage":"de","potentialAction":[{"@type":"ReadAction","target":["https:\/\/www.kontinenzzentrum.ch\/de\/fachpersonen\/urodynamische-techniken.html"]}]},{"@type":"ImageObject","inLanguage":"de","@id":"https:\/\/www.kontinenzzentrum.ch\/de\/fachpersonen\/urodynamische-techniken.html#primaryimage","url":"https:\/\/www.kontinenzzentrum.ch\/wp-content\/uploads\/fachpersonen-untersuchungsverfahren-urodynamische-213030.jpeg","contentUrl":"https:\/\/www.kontinenzzentrum.ch\/wp-content\/uploads\/fachpersonen-untersuchungsverfahren-urodynamische-213030.jpeg","width":1920,"height":450},{"@type":"BreadcrumbList","@id":"https:\/\/www.kontinenzzentrum.ch\/de\/fachpersonen\/urodynamische-techniken.html#breadcrumb","itemListElement":[{"@type":"ListItem","position":1,"name":"Startseite","item":"https:\/\/www.kontinenzzentrum.ch\/de"},{"@type":"ListItem","position":2,"name":"Fachpersonen","item":"https:\/\/www.kontinenzzentrum.ch\/de\/fachpersonen.html"},{"@type":"ListItem","position":3,"name":"Urodynamische Techniken"}]},{"@type":"WebSite","@id":"https:\/\/www.kontinenzzentrum.ch\/de\/#website","url":"https:\/\/www.kontinenzzentrum.ch\/de\/","name":"KontinenzZentrum Hirslanden Z\u00fcrich","description":"KontinenzZentrum Hirslanden Z\u00fcrich: Blasenst\u00f6rungen & Inkontinenz","publisher":{"@id":"https:\/\/www.kontinenzzentrum.ch\/de\/#organization"},"potentialAction":[{"@type":"SearchAction","target":{"@type":"EntryPoint","urlTemplate":"https:\/\/www.kontinenzzentrum.ch\/de\/?s={search_term_string}"},"query-input":{"@type":"PropertyValueSpecification","valueRequired":true,"valueName":"search_term_string"}}],"inLanguage":"de"},{"@type":"Organization","@id":"https:\/\/www.kontinenzzentrum.ch\/de\/#organization","name":"KontinenzZentrum Hirslanden Z\u00fcrich","url":"https:\/\/www.kontinenzzentrum.ch\/de\/","logo":{"@type":"ImageObject","inLanguage":"de","@id":"https:\/\/www.kontinenzzentrum.ch\/de\/#\/schema\/logo\/image\/","url":"https:\/\/www.kontinenzzentrum.ch\/wp-content\/uploads\/Logo_KontinenzZentrum.png","contentUrl":"https:\/\/www.kontinenzzentrum.ch\/wp-content\/uploads\/Logo_KontinenzZentrum.png","width":800,"height":142,"caption":"KontinenzZentrum Hirslanden Z\u00fcrich"},"image":{"@id":"https:\/\/www.kontinenzzentrum.ch\/de\/#\/schema\/logo\/image\/"}}]}},"_links":{"self":[{"href":"https:\/\/www.kontinenzzentrum.ch\/de\/wp-json\/wp\/v2\/pages\/720","targetHints":{"allow":["GET"]}}],"collection":[{"href":"https:\/\/www.kontinenzzentrum.ch\/de\/wp-json\/wp\/v2\/pages"}],"about":[{"href":"https:\/\/www.kontinenzzentrum.ch\/de\/wp-json\/wp\/v2\/types\/page"}],"author":[{"embeddable":true,"href":"https:\/\/www.kontinenzzentrum.ch\/de\/wp-json\/wp\/v2\/users\/1"}],"replies":[{"embeddable":true,"href":"https:\/\/www.kontinenzzentrum.ch\/de\/wp-json\/wp\/v2\/comments?post=720"}],"version-history":[{"count":2,"href":"https:\/\/www.kontinenzzentrum.ch\/de\/wp-json\/wp\/v2\/pages\/720\/revisions"}],"predecessor-version":[{"id":724,"href":"https:\/\/www.kontinenzzentrum.ch\/de\/wp-json\/wp\/v2\/pages\/720\/revisions\/724"}],"up":[{"embeddable":true,"href":"https:\/\/www.kontinenzzentrum.ch\/de\/wp-json\/wp\/v2\/pages\/710"}],"wp:featuredmedia":[{"embeddable":true,"href":"https:\/\/www.kontinenzzentrum.ch\/de\/wp-json\/wp\/v2\/media\/722"}],"wp:attachment":[{"href":"https:\/\/www.kontinenzzentrum.ch\/de\/wp-json\/wp\/v2\/media?parent=720"}],"curies":[{"name":"wp","href":"https:\/\/api.w.org\/{rel}","templated":true}]}}