{"id":727,"date":"2023-02-14T10:51:20","date_gmt":"2023-02-14T09:51:20","guid":{"rendered":"https:\/\/www.kontinenzzentrum.ch\/?page_id=727"},"modified":"2023-02-14T11:22:23","modified_gmt":"2023-02-14T10:22:23","slug":"uroflowmetrie","status":"publish","type":"page","link":"https:\/\/www.kontinenzzentrum.ch\/de\/fachpersonen\/urodynamische-techniken\/uroflowmetrie.html","title":{"rendered":"Uroflowmetrie"},"content":{"rendered":"<div id=\"pl-727\"  class=\"panel-layout\" ><div id=\"pg-727-0\"  class=\"panel-grid panel-has-style\" ><div class=\"20 panel-row-style panel-row-style-for-727-0\" ><div id=\"pgc-727-0-0\"  class=\"panel-grid-cell\" ><div id=\"panel-727-0-0-0\" class=\"so-panel widget widget_sow-editor panel-first-child panel-last-child\" data-index=\"0\" ><div\n\t\t\t\n\t\t\tclass=\"so-widget-sow-editor so-widget-sow-editor-base\"\n\t\t\t\n\t\t>\n<div class=\"siteorigin-widget-tinymce textwidget\">\n\t<h1>Uroflowmetrie und Restharnmessung<\/h1>\n<h2>Harnstrahlmessung<\/h2>\n<p>Die Uroflowmetrie ist indiziert bei allen Formen von Miktionsst\u00f6rungen, die sich als Harnstrahl-abschw\u00e4chung, erschwertes Wasserlassen, verl\u00e4ngertes Wasserlassen, intermittierende Miktion, Miktionsstartst\u00f6rungen sowie Restharnbildung \u00e4u\u00dfern. Die Uroflowmetrie hat die Aufgabe, als orientierende Untersuchung zusammen mit der Restharn-Sonographie Blasenentleerungs-st\u00f6rungen zu identifizieren. Dar\u00fcber hinaus wird sie zur Therapiekontrolle nach Operationen an der Harnr\u00f6hre und am Blasenhals und nach medikament\u00f6ser Behandlung einer Blasenentleerungsst\u00f6rung angewandt. Eine einzelne Uroflowmetrie hat nur begrenzte Aussagekraft. Deshalb sollten wiederholte Untersuchungen bei pathologischer Harnflusskurve durchgef\u00fchrt werden.<\/p>\n<\/div>\n<\/div><\/div><\/div><\/div><\/div><div id=\"pg-727-1\"  class=\"panel-grid panel-no-style\" ><div id=\"pgc-727-1-0\"  class=\"panel-grid-cell\" ><div id=\"panel-727-1-0-0\" class=\"so-panel widget widget_sow-image panel-first-child panel-last-child\" data-index=\"1\" ><div\n\t\t\t\n\t\t\tclass=\"so-widget-sow-image so-widget-sow-image-default-8b5b6f678277-727\"\n\t\t\t\n\t\t>\n<div class=\"sow-image-container\">\n\t\t<img \n\tsrc=\"https:\/\/www.kontinenzzentrum.ch\/wp-content\/uploads\/flow_bei_bph.png\" width=\"640\" height=\"266\" srcset=\"https:\/\/www.kontinenzzentrum.ch\/wp-content\/uploads\/flow_bei_bph.png 640w, https:\/\/www.kontinenzzentrum.ch\/wp-content\/uploads\/flow_bei_bph-300x125.png 300w\" sizes=\"(max-width: 640px) 100vw, 640px\" alt=\"\" \t\tclass=\"so-widget-image\"\/>\n\t<\/div>\n\n<\/div><\/div><\/div><div id=\"pgc-727-1-1\"  class=\"panel-grid-cell\" ><div id=\"panel-727-1-1-0\" class=\"so-panel widget widget_sow-editor panel-first-child panel-last-child\" data-index=\"2\" ><div\n\t\t\t\n\t\t\tclass=\"so-widget-sow-editor so-widget-sow-editor-base\"\n\t\t\t\n\t\t>\n<div class=\"siteorigin-widget-tinymce textwidget\">\n\t<p><strong>Uroflowmetrie bei beginnender Blasenauslassobstruktion\u00a0<\/strong><\/p>\n<p>Miktionsvolumen 257 ml<br \/>\nMaximaler Fluss 11,5 ml\/s<br \/>\nMiktionszeit 38 s<br \/>\nRestharn 20 ml<\/p>\n<\/div>\n<\/div><\/div><\/div><\/div><div id=\"pg-727-2\"  class=\"panel-grid panel-no-style\" ><div id=\"pgc-727-2-0\"  class=\"panel-grid-cell\" ><div id=\"panel-727-2-0-0\" class=\"so-panel widget widget_sow-image panel-first-child panel-last-child\" data-index=\"3\" ><div\n\t\t\t\n\t\t\tclass=\"so-widget-sow-image so-widget-sow-image-default-8b5b6f678277-727\"\n\t\t\t\n\t\t>\n<div class=\"sow-image-container\">\n\t\t<img \n\tsrc=\"https:\/\/www.kontinenzzentrum.ch\/wp-content\/uploads\/flow_b_obstruktion.png\" width=\"640\" height=\"267\" srcset=\"https:\/\/www.kontinenzzentrum.ch\/wp-content\/uploads\/flow_b_obstruktion.png 640w, https:\/\/www.kontinenzzentrum.ch\/wp-content\/uploads\/flow_b_obstruktion-300x125.png 300w\" sizes=\"(max-width: 640px) 100vw, 640px\" alt=\"\" \t\tclass=\"so-widget-image\"\/>\n\t<\/div>\n\n<\/div><\/div><\/div><div id=\"pgc-727-2-1\"  class=\"panel-grid-cell\" ><div id=\"panel-727-2-1-0\" class=\"so-panel widget widget_sow-editor panel-first-child panel-last-child\" data-index=\"4\" ><div\n\t\t\t\n\t\t\tclass=\"so-widget-sow-editor so-widget-sow-editor-base\"\n\t\t\t\n\t\t>\n<div class=\"siteorigin-widget-tinymce textwidget\">\n\t<p><strong>Uroflowmetrie bei ausgepr\u00e4gter Blasenauslassobstruktion\u00a0<\/strong><\/p>\n<p>Miktionsvolumen 274 ml<br \/>\nMaximaler Fluss 3,6 ml\/s<br \/>\nMiktionszeit 110 s<br \/>\nRestharn 450 ml<\/p>\n<\/div>\n<\/div><\/div><\/div><\/div><div id=\"pg-727-3\"  class=\"panel-grid panel-no-style\" ><div id=\"pgc-727-3-0\"  class=\"panel-grid-cell\" ><div id=\"panel-727-3-0-0\" class=\"so-panel widget widget_sow-image panel-first-child panel-last-child\" data-index=\"5\" ><div\n\t\t\t\n\t\t\tclass=\"so-widget-sow-image so-widget-sow-image-default-8b5b6f678277-727\"\n\t\t\t\n\t\t>\n<div class=\"sow-image-container\">\n\t\t<img \n\tsrc=\"https:\/\/www.kontinenzzentrum.ch\/wp-content\/uploads\/flow_striktur.png\" width=\"640\" height=\"266\" srcset=\"https:\/\/www.kontinenzzentrum.ch\/wp-content\/uploads\/flow_striktur.png 640w, https:\/\/www.kontinenzzentrum.ch\/wp-content\/uploads\/flow_striktur-300x125.png 300w\" sizes=\"(max-width: 640px) 100vw, 640px\" alt=\"\" \t\tclass=\"so-widget-image\"\/>\n\t<\/div>\n\n<\/div><\/div><\/div><div id=\"pgc-727-3-1\"  class=\"panel-grid-cell\" ><div id=\"panel-727-3-1-0\" class=\"so-panel widget widget_sow-editor panel-first-child panel-last-child\" data-index=\"6\" ><div\n\t\t\t\n\t\t\tclass=\"so-widget-sow-editor so-widget-sow-editor-base\"\n\t\t\t\n\t\t>\n<div class=\"siteorigin-widget-tinymce textwidget\">\n\t<p><strong>Uroflowmetrie bei Harnr\u00f6hrenstriktur\u00a0<\/strong><\/p>\n<p>Miktionsvolumen 292 ml<br \/>\nMaximaler Fluss 5.6 ml\/s<br \/>\nMiktionszeit 114 s<br \/>\nRestharn 50 ml<\/p>\n<\/div>\n<\/div><\/div><\/div><\/div><div id=\"pg-727-4\"  class=\"panel-grid panel-no-style\" ><div id=\"pgc-727-4-0\"  class=\"panel-grid-cell\" ><div id=\"panel-727-4-0-0\" class=\"so-panel widget widget_sow-image panel-first-child panel-last-child\" data-index=\"7\" ><div\n\t\t\t\n\t\t\tclass=\"so-widget-sow-image so-widget-sow-image-default-8b5b6f678277-727\"\n\t\t\t\n\t\t>\n<div class=\"sow-image-container\">\n\t\t<img \n\tsrc=\"https:\/\/www.kontinenzzentrum.ch\/wp-content\/uploads\/flow_pressmiktion.png\" width=\"640\" height=\"266\" srcset=\"https:\/\/www.kontinenzzentrum.ch\/wp-content\/uploads\/flow_pressmiktion.png 640w, https:\/\/www.kontinenzzentrum.ch\/wp-content\/uploads\/flow_pressmiktion-300x125.png 300w\" sizes=\"(max-width: 640px) 100vw, 640px\" alt=\"\" \t\tclass=\"so-widget-image\"\/>\n\t<\/div>\n\n<\/div><\/div><\/div><div id=\"pgc-727-4-1\"  class=\"panel-grid-cell\" ><div id=\"panel-727-4-1-0\" class=\"so-panel widget widget_sow-editor panel-first-child panel-last-child\" data-index=\"8\" ><div\n\t\t\t\n\t\t\tclass=\"so-widget-sow-editor so-widget-sow-editor-base\"\n\t\t\t\n\t\t>\n<div class=\"siteorigin-widget-tinymce textwidget\">\n\t<p><strong>Uroflowmetrie bei Detrusorakontrakilit\u00e4t\u00a0<\/strong><\/p>\n<p>Miktionsvolumen 617 ml<br \/>\nMaximaler Fluss 23,5 ml\/s<br \/>\nMiktionszeit 163 s<br \/>\nRestharn 80 ml<\/p>\n<\/div>\n<\/div><\/div><\/div><\/div><\/div>","protected":false},"excerpt":{"rendered":"<p>Uroflowmetrie und Restharnmessung Harnstrahlmessung Die Uroflowmetrie ist indiziert bei allen Formen von Miktionsst\u00f6rungen, die sich als Harnstrahl-abschw\u00e4chung, erschwertes Wasserlassen, verl\u00e4ngertes Wasserlassen, intermittierende Miktion, Miktionsstartst\u00f6rungen sowie Restharnbildung \u00e4u\u00dfern. Die Uroflowmetrie hat die Aufgabe, als orientierende Untersuchung zusammen mit der Restharn-Sonographie Blasenentleerungs-st\u00f6rungen zu identifizieren. Dar\u00fcber hinaus wird sie zur Therapiekontrolle nach Operationen an der Harnr\u00f6hre und am [&hellip;]<\/p>\n","protected":false},"author":1,"featured_media":722,"parent":720,"menu_order":0,"comment_status":"closed","ping_status":"closed","template":"","meta":{"_acf_changed":false,"footnotes":""},"class_list":["post-727","page","type-page","status-publish","has-post-thumbnail","hentry"],"acf":[],"yoast_head":"<!-- This site is optimized with the Yoast SEO plugin v26.9 - https:\/\/yoast.com\/product\/yoast-seo-wordpress\/ -->\n<title>Uroflowmetrie<\/title>\n<meta name=\"robots\" content=\"index, follow, max-snippet:-1, max-image-preview:large, max-video-preview:-1\" \/>\n<link rel=\"canonical\" href=\"https:\/\/www.kontinenzzentrum.ch\/de\/fachpersonen\/urodynamische-techniken\/uroflowmetrie.html\" \/>\n<meta property=\"og:locale\" content=\"de_DE\" \/>\n<meta property=\"og:type\" content=\"article\" \/>\n<meta property=\"og:title\" content=\"Uroflowmetrie\" \/>\n<meta property=\"og:description\" content=\"Uroflowmetrie und Restharnmessung Harnstrahlmessung Die Uroflowmetrie ist indiziert bei allen Formen von Miktionsst\u00f6rungen, die sich als Harnstrahl-abschw\u00e4chung, erschwertes Wasserlassen, verl\u00e4ngertes Wasserlassen, intermittierende Miktion, Miktionsstartst\u00f6rungen sowie Restharnbildung \u00e4u\u00dfern. Die Uroflowmetrie hat die Aufgabe, als orientierende Untersuchung zusammen mit der Restharn-Sonographie Blasenentleerungs-st\u00f6rungen zu identifizieren. Dar\u00fcber hinaus wird sie zur Therapiekontrolle nach Operationen an der Harnr\u00f6hre und am [&hellip;]\" \/>\n<meta property=\"og:url\" content=\"https:\/\/www.kontinenzzentrum.ch\/de\/fachpersonen\/urodynamische-techniken\/uroflowmetrie.html\" \/>\n<meta property=\"og:site_name\" content=\"KontinenzZentrum\" \/>\n<meta property=\"article:modified_time\" content=\"2023-02-14T10:22:23+00:00\" \/>\n<meta property=\"og:image\" content=\"https:\/\/www.kontinenzzentrum.ch\/wp-content\/uploads\/fachpersonen-untersuchungsverfahren-urodynamische-213030.jpeg\" \/>\n\t<meta property=\"og:image:width\" content=\"1920\" \/>\n\t<meta property=\"og:image:height\" content=\"450\" \/>\n\t<meta property=\"og:image:type\" content=\"image\/jpeg\" \/>\n<meta name=\"twitter:card\" content=\"summary_large_image\" \/>\n<meta name=\"twitter:label1\" content=\"Gesch\u00e4tzte Lesezeit\" \/>\n\t<meta name=\"twitter:data1\" content=\"1\u00a0Minute\" \/>\n<script type=\"application\/ld+json\" class=\"yoast-schema-graph\">{\"@context\":\"https:\/\/schema.org\",\"@graph\":[{\"@type\":\"WebPage\",\"@id\":\"https:\/\/www.kontinenzzentrum.ch\/de\/fachpersonen\/urodynamische-techniken\/uroflowmetrie.html\",\"url\":\"https:\/\/www.kontinenzzentrum.ch\/de\/fachpersonen\/urodynamische-techniken\/uroflowmetrie.html\",\"name\":\"Uroflowmetrie\",\"isPartOf\":{\"@id\":\"https:\/\/www.kontinenzzentrum.ch\/de\/#website\"},\"primaryImageOfPage\":{\"@id\":\"https:\/\/www.kontinenzzentrum.ch\/de\/fachpersonen\/urodynamische-techniken\/uroflowmetrie.html#primaryimage\"},\"image\":{\"@id\":\"https:\/\/www.kontinenzzentrum.ch\/de\/fachpersonen\/urodynamische-techniken\/uroflowmetrie.html#primaryimage\"},\"thumbnailUrl\":\"https:\/\/www.kontinenzzentrum.ch\/wp-content\/uploads\/fachpersonen-untersuchungsverfahren-urodynamische-213030.jpeg\",\"datePublished\":\"2023-02-14T09:51:20+00:00\",\"dateModified\":\"2023-02-14T10:22:23+00:00\",\"breadcrumb\":{\"@id\":\"https:\/\/www.kontinenzzentrum.ch\/de\/fachpersonen\/urodynamische-techniken\/uroflowmetrie.html#breadcrumb\"},\"inLanguage\":\"de\",\"potentialAction\":[{\"@type\":\"ReadAction\",\"target\":[\"https:\/\/www.kontinenzzentrum.ch\/de\/fachpersonen\/urodynamische-techniken\/uroflowmetrie.html\"]}]},{\"@type\":\"ImageObject\",\"inLanguage\":\"de\",\"@id\":\"https:\/\/www.kontinenzzentrum.ch\/de\/fachpersonen\/urodynamische-techniken\/uroflowmetrie.html#primaryimage\",\"url\":\"https:\/\/www.kontinenzzentrum.ch\/wp-content\/uploads\/fachpersonen-untersuchungsverfahren-urodynamische-213030.jpeg\",\"contentUrl\":\"https:\/\/www.kontinenzzentrum.ch\/wp-content\/uploads\/fachpersonen-untersuchungsverfahren-urodynamische-213030.jpeg\",\"width\":1920,\"height\":450},{\"@type\":\"BreadcrumbList\",\"@id\":\"https:\/\/www.kontinenzzentrum.ch\/de\/fachpersonen\/urodynamische-techniken\/uroflowmetrie.html#breadcrumb\",\"itemListElement\":[{\"@type\":\"ListItem\",\"position\":1,\"name\":\"Startseite\",\"item\":\"https:\/\/www.kontinenzzentrum.ch\/de\"},{\"@type\":\"ListItem\",\"position\":2,\"name\":\"Fachpersonen\",\"item\":\"https:\/\/www.kontinenzzentrum.ch\/de\/fachpersonen.html\"},{\"@type\":\"ListItem\",\"position\":3,\"name\":\"Urodynamische Techniken\",\"item\":\"https:\/\/www.kontinenzzentrum.ch\/de\/fachpersonen\/urodynamische-techniken.html\"},{\"@type\":\"ListItem\",\"position\":4,\"name\":\"Uroflowmetrie\"}]},{\"@type\":\"WebSite\",\"@id\":\"https:\/\/www.kontinenzzentrum.ch\/de\/#website\",\"url\":\"https:\/\/www.kontinenzzentrum.ch\/de\/\",\"name\":\"KontinenzZentrum Hirslanden Z\u00fcrich\",\"description\":\"KontinenzZentrum Hirslanden Z\u00fcrich: Blasenst\u00f6rungen & Inkontinenz\",\"publisher\":{\"@id\":\"https:\/\/www.kontinenzzentrum.ch\/de\/#organization\"},\"potentialAction\":[{\"@type\":\"SearchAction\",\"target\":{\"@type\":\"EntryPoint\",\"urlTemplate\":\"https:\/\/www.kontinenzzentrum.ch\/de\/?s={search_term_string}\"},\"query-input\":{\"@type\":\"PropertyValueSpecification\",\"valueRequired\":true,\"valueName\":\"search_term_string\"}}],\"inLanguage\":\"de\"},{\"@type\":\"Organization\",\"@id\":\"https:\/\/www.kontinenzzentrum.ch\/de\/#organization\",\"name\":\"KontinenzZentrum Hirslanden Z\u00fcrich\",\"url\":\"https:\/\/www.kontinenzzentrum.ch\/de\/\",\"logo\":{\"@type\":\"ImageObject\",\"inLanguage\":\"de\",\"@id\":\"https:\/\/www.kontinenzzentrum.ch\/de\/#\/schema\/logo\/image\/\",\"url\":\"https:\/\/www.kontinenzzentrum.ch\/wp-content\/uploads\/Logo_KontinenzZentrum.png\",\"contentUrl\":\"https:\/\/www.kontinenzzentrum.ch\/wp-content\/uploads\/Logo_KontinenzZentrum.png\",\"width\":800,\"height\":142,\"caption\":\"KontinenzZentrum Hirslanden Z\u00fcrich\"},\"image\":{\"@id\":\"https:\/\/www.kontinenzzentrum.ch\/de\/#\/schema\/logo\/image\/\"}}]}<\/script>\n<!-- \/ Yoast SEO plugin. -->","yoast_head_json":{"title":"Uroflowmetrie","robots":{"index":"index","follow":"follow","max-snippet":"max-snippet:-1","max-image-preview":"max-image-preview:large","max-video-preview":"max-video-preview:-1"},"canonical":"https:\/\/www.kontinenzzentrum.ch\/de\/fachpersonen\/urodynamische-techniken\/uroflowmetrie.html","og_locale":"de_DE","og_type":"article","og_title":"Uroflowmetrie","og_description":"Uroflowmetrie und Restharnmessung Harnstrahlmessung Die Uroflowmetrie ist indiziert bei allen Formen von Miktionsst\u00f6rungen, die sich als Harnstrahl-abschw\u00e4chung, erschwertes Wasserlassen, verl\u00e4ngertes Wasserlassen, intermittierende Miktion, Miktionsstartst\u00f6rungen sowie Restharnbildung \u00e4u\u00dfern. Die Uroflowmetrie hat die Aufgabe, als orientierende Untersuchung zusammen mit der Restharn-Sonographie Blasenentleerungs-st\u00f6rungen zu identifizieren. Dar\u00fcber hinaus wird sie zur Therapiekontrolle nach Operationen an der Harnr\u00f6hre und am [&hellip;]","og_url":"https:\/\/www.kontinenzzentrum.ch\/de\/fachpersonen\/urodynamische-techniken\/uroflowmetrie.html","og_site_name":"KontinenzZentrum","article_modified_time":"2023-02-14T10:22:23+00:00","og_image":[{"width":1920,"height":450,"url":"https:\/\/www.kontinenzzentrum.ch\/wp-content\/uploads\/fachpersonen-untersuchungsverfahren-urodynamische-213030.jpeg","type":"image\/jpeg"}],"twitter_card":"summary_large_image","twitter_misc":{"Gesch\u00e4tzte Lesezeit":"1\u00a0Minute"},"schema":{"@context":"https:\/\/schema.org","@graph":[{"@type":"WebPage","@id":"https:\/\/www.kontinenzzentrum.ch\/de\/fachpersonen\/urodynamische-techniken\/uroflowmetrie.html","url":"https:\/\/www.kontinenzzentrum.ch\/de\/fachpersonen\/urodynamische-techniken\/uroflowmetrie.html","name":"Uroflowmetrie","isPartOf":{"@id":"https:\/\/www.kontinenzzentrum.ch\/de\/#website"},"primaryImageOfPage":{"@id":"https:\/\/www.kontinenzzentrum.ch\/de\/fachpersonen\/urodynamische-techniken\/uroflowmetrie.html#primaryimage"},"image":{"@id":"https:\/\/www.kontinenzzentrum.ch\/de\/fachpersonen\/urodynamische-techniken\/uroflowmetrie.html#primaryimage"},"thumbnailUrl":"https:\/\/www.kontinenzzentrum.ch\/wp-content\/uploads\/fachpersonen-untersuchungsverfahren-urodynamische-213030.jpeg","datePublished":"2023-02-14T09:51:20+00:00","dateModified":"2023-02-14T10:22:23+00:00","breadcrumb":{"@id":"https:\/\/www.kontinenzzentrum.ch\/de\/fachpersonen\/urodynamische-techniken\/uroflowmetrie.html#breadcrumb"},"inLanguage":"de","potentialAction":[{"@type":"ReadAction","target":["https:\/\/www.kontinenzzentrum.ch\/de\/fachpersonen\/urodynamische-techniken\/uroflowmetrie.html"]}]},{"@type":"ImageObject","inLanguage":"de","@id":"https:\/\/www.kontinenzzentrum.ch\/de\/fachpersonen\/urodynamische-techniken\/uroflowmetrie.html#primaryimage","url":"https:\/\/www.kontinenzzentrum.ch\/wp-content\/uploads\/fachpersonen-untersuchungsverfahren-urodynamische-213030.jpeg","contentUrl":"https:\/\/www.kontinenzzentrum.ch\/wp-content\/uploads\/fachpersonen-untersuchungsverfahren-urodynamische-213030.jpeg","width":1920,"height":450},{"@type":"BreadcrumbList","@id":"https:\/\/www.kontinenzzentrum.ch\/de\/fachpersonen\/urodynamische-techniken\/uroflowmetrie.html#breadcrumb","itemListElement":[{"@type":"ListItem","position":1,"name":"Startseite","item":"https:\/\/www.kontinenzzentrum.ch\/de"},{"@type":"ListItem","position":2,"name":"Fachpersonen","item":"https:\/\/www.kontinenzzentrum.ch\/de\/fachpersonen.html"},{"@type":"ListItem","position":3,"name":"Urodynamische Techniken","item":"https:\/\/www.kontinenzzentrum.ch\/de\/fachpersonen\/urodynamische-techniken.html"},{"@type":"ListItem","position":4,"name":"Uroflowmetrie"}]},{"@type":"WebSite","@id":"https:\/\/www.kontinenzzentrum.ch\/de\/#website","url":"https:\/\/www.kontinenzzentrum.ch\/de\/","name":"KontinenzZentrum Hirslanden Z\u00fcrich","description":"KontinenzZentrum Hirslanden Z\u00fcrich: Blasenst\u00f6rungen & Inkontinenz","publisher":{"@id":"https:\/\/www.kontinenzzentrum.ch\/de\/#organization"},"potentialAction":[{"@type":"SearchAction","target":{"@type":"EntryPoint","urlTemplate":"https:\/\/www.kontinenzzentrum.ch\/de\/?s={search_term_string}"},"query-input":{"@type":"PropertyValueSpecification","valueRequired":true,"valueName":"search_term_string"}}],"inLanguage":"de"},{"@type":"Organization","@id":"https:\/\/www.kontinenzzentrum.ch\/de\/#organization","name":"KontinenzZentrum Hirslanden Z\u00fcrich","url":"https:\/\/www.kontinenzzentrum.ch\/de\/","logo":{"@type":"ImageObject","inLanguage":"de","@id":"https:\/\/www.kontinenzzentrum.ch\/de\/#\/schema\/logo\/image\/","url":"https:\/\/www.kontinenzzentrum.ch\/wp-content\/uploads\/Logo_KontinenzZentrum.png","contentUrl":"https:\/\/www.kontinenzzentrum.ch\/wp-content\/uploads\/Logo_KontinenzZentrum.png","width":800,"height":142,"caption":"KontinenzZentrum Hirslanden Z\u00fcrich"},"image":{"@id":"https:\/\/www.kontinenzzentrum.ch\/de\/#\/schema\/logo\/image\/"}}]}},"_links":{"self":[{"href":"https:\/\/www.kontinenzzentrum.ch\/de\/wp-json\/wp\/v2\/pages\/727","targetHints":{"allow":["GET"]}}],"collection":[{"href":"https:\/\/www.kontinenzzentrum.ch\/de\/wp-json\/wp\/v2\/pages"}],"about":[{"href":"https:\/\/www.kontinenzzentrum.ch\/de\/wp-json\/wp\/v2\/types\/page"}],"author":[{"embeddable":true,"href":"https:\/\/www.kontinenzzentrum.ch\/de\/wp-json\/wp\/v2\/users\/1"}],"replies":[{"embeddable":true,"href":"https:\/\/www.kontinenzzentrum.ch\/de\/wp-json\/wp\/v2\/comments?post=727"}],"version-history":[{"count":11,"href":"https:\/\/www.kontinenzzentrum.ch\/de\/wp-json\/wp\/v2\/pages\/727\/revisions"}],"predecessor-version":[{"id":755,"href":"https:\/\/www.kontinenzzentrum.ch\/de\/wp-json\/wp\/v2\/pages\/727\/revisions\/755"}],"up":[{"embeddable":true,"href":"https:\/\/www.kontinenzzentrum.ch\/de\/wp-json\/wp\/v2\/pages\/720"}],"wp:featuredmedia":[{"embeddable":true,"href":"https:\/\/www.kontinenzzentrum.ch\/de\/wp-json\/wp\/v2\/media\/722"}],"wp:attachment":[{"href":"https:\/\/www.kontinenzzentrum.ch\/de\/wp-json\/wp\/v2\/media?parent=727"}],"curies":[{"name":"wp","href":"https:\/\/api.w.org\/{rel}","templated":true}]}}