{"id":740,"date":"2023-02-14T11:16:28","date_gmt":"2023-02-14T10:16:28","guid":{"rendered":"https:\/\/www.kontinenzzentrum.ch\/?page_id=740"},"modified":"2023-02-14T11:17:58","modified_gmt":"2023-02-14T10:17:58","slug":"provokationstests","status":"publish","type":"page","link":"https:\/\/www.kontinenzzentrum.ch\/de\/fachpersonen\/urodynamische-techniken\/provokationstests.html","title":{"rendered":"Provokationstests"},"content":{"rendered":"<div id=\"pl-740\"  class=\"panel-layout\" ><div id=\"pg-740-0\"  class=\"panel-grid panel-no-style\" ><div id=\"pgc-740-0-0\"  class=\"panel-grid-cell\" ><div id=\"panel-740-0-0-0\" class=\"so-panel widget widget_sow-editor panel-first-child panel-last-child\" data-index=\"0\" ><div\n\t\t\t\n\t\t\tclass=\"so-widget-sow-editor so-widget-sow-editor-base\"\n\t\t\t\n\t\t>\n<div class=\"siteorigin-widget-tinymce textwidget\">\n\t<h1>Provokationstests in der Urodynamik<\/h1>\n<h2>N\u00fctzlich bei besonderen Fragestellungen<\/h2>\n<p>Provokationstests w\u00e4hrend der Blasenf\u00fcllung k\u00f6nnen bestimmte Funktionsst\u00f6rungen nachweisen, die sich in einer normalen Zystometrie nicht zeigen. Schon die Lagever\u00e4nderung von liegender zu sitzender oder stehender Position kann die Detektionsrate einer \u00fcberaktiven Detrusorkontraktion von verdoppeln. Auch eine Provokation mit schneller F\u00fcllung kann den Nachweis eines \u00fcberaktiven Detrusors erleichtern. Ein eindrucksvoller Provokationstest zum Nachweis einer Detrusorhyperaktivit\u00e4t ist der Eiswassertest. Hierbei handelt es sich um eine Zystometrie mit schneller Instillation (100ml\/min) von 200ml NaCl mit 4 \u00b0C, erstmals beschrieben von Bors und Blinn. Es handelt sich dabei um einen primitiven spinalen Reflex \u00e4hnlich dem Babinsky-Reflex. Der Eiswassertest stimuliert eine Detrusorkontraktion bei 91-97% der Patienten mit suprasakraler Nervenl\u00e4sion, aber nur bei 47% der Patienten mit nicht-neurogen \u00fcberaktiver Blase.<\/p>\n<\/div>\n<\/div><\/div><\/div><\/div><div id=\"pg-740-1\"  class=\"panel-grid panel-no-style\" ><div id=\"pgc-740-1-0\"  class=\"panel-grid-cell\" ><div id=\"panel-740-1-0-0\" class=\"so-panel widget widget_sow-image panel-first-child panel-last-child\" data-index=\"1\" ><div\n\t\t\t\n\t\t\tclass=\"so-widget-sow-image so-widget-sow-image-default-8b5b6f678277-740\"\n\t\t\t\n\t\t>\n<div class=\"sow-image-container\">\n\t\t<img \n\tsrc=\"https:\/\/www.kontinenzzentrum.ch\/wp-content\/uploads\/ewt_parkinson.png\" width=\"640\" height=\"267\" srcset=\"https:\/\/www.kontinenzzentrum.ch\/wp-content\/uploads\/ewt_parkinson.png 640w, https:\/\/www.kontinenzzentrum.ch\/wp-content\/uploads\/ewt_parkinson-300x125.png 300w\" sizes=\"(max-width: 640px) 100vw, 640px\" alt=\"\" \t\tclass=\"so-widget-image\"\/>\n\t<\/div>\n\n<\/div><\/div><\/div><div id=\"pgc-740-1-1\"  class=\"panel-grid-cell\" ><div id=\"panel-740-1-1-0\" class=\"so-panel widget widget_sow-editor panel-first-child panel-last-child\" data-index=\"2\" ><div\n\t\t\t\n\t\t\tclass=\"so-widget-sow-editor so-widget-sow-editor-base\"\n\t\t\t\n\t\t>\n<div class=\"siteorigin-widget-tinymce textwidget\">\n\t<p><strong>Eiswasserprovokationstest bei Morbus Parkinson<\/strong><\/p>\n<p>F\u00fcllmedium Physiologische Kochsalzl\u00f6sung 4 Grad C<br \/>\nF\u00fcllgeschwindigkeit 100 ml\/min<\/p>\n<\/div>\n<\/div><\/div><\/div><\/div><\/div>","protected":false},"excerpt":{"rendered":"<p>Provokationstests in der Urodynamik N\u00fctzlich bei besonderen Fragestellungen Provokationstests w\u00e4hrend der Blasenf\u00fcllung k\u00f6nnen bestimmte Funktionsst\u00f6rungen nachweisen, die sich in einer normalen Zystometrie nicht zeigen. Schon die Lagever\u00e4nderung von liegender zu sitzender oder stehender Position kann die Detektionsrate einer \u00fcberaktiven Detrusorkontraktion von verdoppeln. Auch eine Provokation mit schneller F\u00fcllung kann den Nachweis eines \u00fcberaktiven Detrusors erleichtern. [&hellip;]<\/p>\n","protected":false},"author":1,"featured_media":722,"parent":720,"menu_order":0,"comment_status":"closed","ping_status":"closed","template":"","meta":{"_acf_changed":false,"footnotes":""},"class_list":["post-740","page","type-page","status-publish","has-post-thumbnail","hentry"],"acf":[],"yoast_head":"<!-- This site is optimized with the Yoast SEO plugin v26.9 - https:\/\/yoast.com\/product\/yoast-seo-wordpress\/ -->\n<title>Provokationstests<\/title>\n<meta name=\"robots\" content=\"index, follow, max-snippet:-1, max-image-preview:large, max-video-preview:-1\" \/>\n<link rel=\"canonical\" href=\"https:\/\/www.kontinenzzentrum.ch\/de\/fachpersonen\/urodynamische-techniken\/provokationstests.html\" \/>\n<meta property=\"og:locale\" content=\"de_DE\" \/>\n<meta property=\"og:type\" content=\"article\" \/>\n<meta property=\"og:title\" content=\"Provokationstests\" \/>\n<meta property=\"og:description\" content=\"Provokationstests in der Urodynamik N\u00fctzlich bei besonderen Fragestellungen Provokationstests w\u00e4hrend der Blasenf\u00fcllung k\u00f6nnen bestimmte Funktionsst\u00f6rungen nachweisen, die sich in einer normalen Zystometrie nicht zeigen. Schon die Lagever\u00e4nderung von liegender zu sitzender oder stehender Position kann die Detektionsrate einer \u00fcberaktiven Detrusorkontraktion von verdoppeln. Auch eine Provokation mit schneller F\u00fcllung kann den Nachweis eines \u00fcberaktiven Detrusors erleichtern. [&hellip;]\" \/>\n<meta property=\"og:url\" content=\"https:\/\/www.kontinenzzentrum.ch\/de\/fachpersonen\/urodynamische-techniken\/provokationstests.html\" \/>\n<meta property=\"og:site_name\" content=\"KontinenzZentrum\" \/>\n<meta property=\"article:modified_time\" content=\"2023-02-14T10:17:58+00:00\" \/>\n<meta property=\"og:image\" content=\"https:\/\/www.kontinenzzentrum.ch\/wp-content\/uploads\/fachpersonen-untersuchungsverfahren-urodynamische-213030.jpeg\" \/>\n\t<meta property=\"og:image:width\" content=\"1920\" \/>\n\t<meta property=\"og:image:height\" content=\"450\" \/>\n\t<meta property=\"og:image:type\" content=\"image\/jpeg\" \/>\n<meta name=\"twitter:card\" content=\"summary_large_image\" \/>\n<meta name=\"twitter:label1\" content=\"Gesch\u00e4tzte Lesezeit\" \/>\n\t<meta name=\"twitter:data1\" content=\"1\u00a0Minute\" \/>\n<script type=\"application\/ld+json\" class=\"yoast-schema-graph\">{\"@context\":\"https:\/\/schema.org\",\"@graph\":[{\"@type\":\"WebPage\",\"@id\":\"https:\/\/www.kontinenzzentrum.ch\/de\/fachpersonen\/urodynamische-techniken\/provokationstests.html\",\"url\":\"https:\/\/www.kontinenzzentrum.ch\/de\/fachpersonen\/urodynamische-techniken\/provokationstests.html\",\"name\":\"Provokationstests\",\"isPartOf\":{\"@id\":\"https:\/\/www.kontinenzzentrum.ch\/de\/#website\"},\"primaryImageOfPage\":{\"@id\":\"https:\/\/www.kontinenzzentrum.ch\/de\/fachpersonen\/urodynamische-techniken\/provokationstests.html#primaryimage\"},\"image\":{\"@id\":\"https:\/\/www.kontinenzzentrum.ch\/de\/fachpersonen\/urodynamische-techniken\/provokationstests.html#primaryimage\"},\"thumbnailUrl\":\"https:\/\/www.kontinenzzentrum.ch\/wp-content\/uploads\/fachpersonen-untersuchungsverfahren-urodynamische-213030.jpeg\",\"datePublished\":\"2023-02-14T10:16:28+00:00\",\"dateModified\":\"2023-02-14T10:17:58+00:00\",\"breadcrumb\":{\"@id\":\"https:\/\/www.kontinenzzentrum.ch\/de\/fachpersonen\/urodynamische-techniken\/provokationstests.html#breadcrumb\"},\"inLanguage\":\"de\",\"potentialAction\":[{\"@type\":\"ReadAction\",\"target\":[\"https:\/\/www.kontinenzzentrum.ch\/de\/fachpersonen\/urodynamische-techniken\/provokationstests.html\"]}]},{\"@type\":\"ImageObject\",\"inLanguage\":\"de\",\"@id\":\"https:\/\/www.kontinenzzentrum.ch\/de\/fachpersonen\/urodynamische-techniken\/provokationstests.html#primaryimage\",\"url\":\"https:\/\/www.kontinenzzentrum.ch\/wp-content\/uploads\/fachpersonen-untersuchungsverfahren-urodynamische-213030.jpeg\",\"contentUrl\":\"https:\/\/www.kontinenzzentrum.ch\/wp-content\/uploads\/fachpersonen-untersuchungsverfahren-urodynamische-213030.jpeg\",\"width\":1920,\"height\":450},{\"@type\":\"BreadcrumbList\",\"@id\":\"https:\/\/www.kontinenzzentrum.ch\/de\/fachpersonen\/urodynamische-techniken\/provokationstests.html#breadcrumb\",\"itemListElement\":[{\"@type\":\"ListItem\",\"position\":1,\"name\":\"Startseite\",\"item\":\"https:\/\/www.kontinenzzentrum.ch\/de\"},{\"@type\":\"ListItem\",\"position\":2,\"name\":\"Fachpersonen\",\"item\":\"https:\/\/www.kontinenzzentrum.ch\/de\/fachpersonen.html\"},{\"@type\":\"ListItem\",\"position\":3,\"name\":\"Urodynamische Techniken\",\"item\":\"https:\/\/www.kontinenzzentrum.ch\/de\/fachpersonen\/urodynamische-techniken.html\"},{\"@type\":\"ListItem\",\"position\":4,\"name\":\"Provokationstests\"}]},{\"@type\":\"WebSite\",\"@id\":\"https:\/\/www.kontinenzzentrum.ch\/de\/#website\",\"url\":\"https:\/\/www.kontinenzzentrum.ch\/de\/\",\"name\":\"KontinenzZentrum Hirslanden Z\u00fcrich\",\"description\":\"KontinenzZentrum Hirslanden Z\u00fcrich: Blasenst\u00f6rungen & Inkontinenz\",\"publisher\":{\"@id\":\"https:\/\/www.kontinenzzentrum.ch\/de\/#organization\"},\"potentialAction\":[{\"@type\":\"SearchAction\",\"target\":{\"@type\":\"EntryPoint\",\"urlTemplate\":\"https:\/\/www.kontinenzzentrum.ch\/de\/?s={search_term_string}\"},\"query-input\":{\"@type\":\"PropertyValueSpecification\",\"valueRequired\":true,\"valueName\":\"search_term_string\"}}],\"inLanguage\":\"de\"},{\"@type\":\"Organization\",\"@id\":\"https:\/\/www.kontinenzzentrum.ch\/de\/#organization\",\"name\":\"KontinenzZentrum Hirslanden Z\u00fcrich\",\"url\":\"https:\/\/www.kontinenzzentrum.ch\/de\/\",\"logo\":{\"@type\":\"ImageObject\",\"inLanguage\":\"de\",\"@id\":\"https:\/\/www.kontinenzzentrum.ch\/de\/#\/schema\/logo\/image\/\",\"url\":\"https:\/\/www.kontinenzzentrum.ch\/wp-content\/uploads\/Logo_KontinenzZentrum.png\",\"contentUrl\":\"https:\/\/www.kontinenzzentrum.ch\/wp-content\/uploads\/Logo_KontinenzZentrum.png\",\"width\":800,\"height\":142,\"caption\":\"KontinenzZentrum Hirslanden Z\u00fcrich\"},\"image\":{\"@id\":\"https:\/\/www.kontinenzzentrum.ch\/de\/#\/schema\/logo\/image\/\"}}]}<\/script>\n<!-- \/ Yoast SEO plugin. -->","yoast_head_json":{"title":"Provokationstests","robots":{"index":"index","follow":"follow","max-snippet":"max-snippet:-1","max-image-preview":"max-image-preview:large","max-video-preview":"max-video-preview:-1"},"canonical":"https:\/\/www.kontinenzzentrum.ch\/de\/fachpersonen\/urodynamische-techniken\/provokationstests.html","og_locale":"de_DE","og_type":"article","og_title":"Provokationstests","og_description":"Provokationstests in der Urodynamik N\u00fctzlich bei besonderen Fragestellungen Provokationstests w\u00e4hrend der Blasenf\u00fcllung k\u00f6nnen bestimmte Funktionsst\u00f6rungen nachweisen, die sich in einer normalen Zystometrie nicht zeigen. Schon die Lagever\u00e4nderung von liegender zu sitzender oder stehender Position kann die Detektionsrate einer \u00fcberaktiven Detrusorkontraktion von verdoppeln. Auch eine Provokation mit schneller F\u00fcllung kann den Nachweis eines \u00fcberaktiven Detrusors erleichtern. [&hellip;]","og_url":"https:\/\/www.kontinenzzentrum.ch\/de\/fachpersonen\/urodynamische-techniken\/provokationstests.html","og_site_name":"KontinenzZentrum","article_modified_time":"2023-02-14T10:17:58+00:00","og_image":[{"width":1920,"height":450,"url":"https:\/\/www.kontinenzzentrum.ch\/wp-content\/uploads\/fachpersonen-untersuchungsverfahren-urodynamische-213030.jpeg","type":"image\/jpeg"}],"twitter_card":"summary_large_image","twitter_misc":{"Gesch\u00e4tzte Lesezeit":"1\u00a0Minute"},"schema":{"@context":"https:\/\/schema.org","@graph":[{"@type":"WebPage","@id":"https:\/\/www.kontinenzzentrum.ch\/de\/fachpersonen\/urodynamische-techniken\/provokationstests.html","url":"https:\/\/www.kontinenzzentrum.ch\/de\/fachpersonen\/urodynamische-techniken\/provokationstests.html","name":"Provokationstests","isPartOf":{"@id":"https:\/\/www.kontinenzzentrum.ch\/de\/#website"},"primaryImageOfPage":{"@id":"https:\/\/www.kontinenzzentrum.ch\/de\/fachpersonen\/urodynamische-techniken\/provokationstests.html#primaryimage"},"image":{"@id":"https:\/\/www.kontinenzzentrum.ch\/de\/fachpersonen\/urodynamische-techniken\/provokationstests.html#primaryimage"},"thumbnailUrl":"https:\/\/www.kontinenzzentrum.ch\/wp-content\/uploads\/fachpersonen-untersuchungsverfahren-urodynamische-213030.jpeg","datePublished":"2023-02-14T10:16:28+00:00","dateModified":"2023-02-14T10:17:58+00:00","breadcrumb":{"@id":"https:\/\/www.kontinenzzentrum.ch\/de\/fachpersonen\/urodynamische-techniken\/provokationstests.html#breadcrumb"},"inLanguage":"de","potentialAction":[{"@type":"ReadAction","target":["https:\/\/www.kontinenzzentrum.ch\/de\/fachpersonen\/urodynamische-techniken\/provokationstests.html"]}]},{"@type":"ImageObject","inLanguage":"de","@id":"https:\/\/www.kontinenzzentrum.ch\/de\/fachpersonen\/urodynamische-techniken\/provokationstests.html#primaryimage","url":"https:\/\/www.kontinenzzentrum.ch\/wp-content\/uploads\/fachpersonen-untersuchungsverfahren-urodynamische-213030.jpeg","contentUrl":"https:\/\/www.kontinenzzentrum.ch\/wp-content\/uploads\/fachpersonen-untersuchungsverfahren-urodynamische-213030.jpeg","width":1920,"height":450},{"@type":"BreadcrumbList","@id":"https:\/\/www.kontinenzzentrum.ch\/de\/fachpersonen\/urodynamische-techniken\/provokationstests.html#breadcrumb","itemListElement":[{"@type":"ListItem","position":1,"name":"Startseite","item":"https:\/\/www.kontinenzzentrum.ch\/de"},{"@type":"ListItem","position":2,"name":"Fachpersonen","item":"https:\/\/www.kontinenzzentrum.ch\/de\/fachpersonen.html"},{"@type":"ListItem","position":3,"name":"Urodynamische Techniken","item":"https:\/\/www.kontinenzzentrum.ch\/de\/fachpersonen\/urodynamische-techniken.html"},{"@type":"ListItem","position":4,"name":"Provokationstests"}]},{"@type":"WebSite","@id":"https:\/\/www.kontinenzzentrum.ch\/de\/#website","url":"https:\/\/www.kontinenzzentrum.ch\/de\/","name":"KontinenzZentrum Hirslanden Z\u00fcrich","description":"KontinenzZentrum Hirslanden Z\u00fcrich: Blasenst\u00f6rungen & Inkontinenz","publisher":{"@id":"https:\/\/www.kontinenzzentrum.ch\/de\/#organization"},"potentialAction":[{"@type":"SearchAction","target":{"@type":"EntryPoint","urlTemplate":"https:\/\/www.kontinenzzentrum.ch\/de\/?s={search_term_string}"},"query-input":{"@type":"PropertyValueSpecification","valueRequired":true,"valueName":"search_term_string"}}],"inLanguage":"de"},{"@type":"Organization","@id":"https:\/\/www.kontinenzzentrum.ch\/de\/#organization","name":"KontinenzZentrum Hirslanden Z\u00fcrich","url":"https:\/\/www.kontinenzzentrum.ch\/de\/","logo":{"@type":"ImageObject","inLanguage":"de","@id":"https:\/\/www.kontinenzzentrum.ch\/de\/#\/schema\/logo\/image\/","url":"https:\/\/www.kontinenzzentrum.ch\/wp-content\/uploads\/Logo_KontinenzZentrum.png","contentUrl":"https:\/\/www.kontinenzzentrum.ch\/wp-content\/uploads\/Logo_KontinenzZentrum.png","width":800,"height":142,"caption":"KontinenzZentrum Hirslanden Z\u00fcrich"},"image":{"@id":"https:\/\/www.kontinenzzentrum.ch\/de\/#\/schema\/logo\/image\/"}}]}},"_links":{"self":[{"href":"https:\/\/www.kontinenzzentrum.ch\/de\/wp-json\/wp\/v2\/pages\/740","targetHints":{"allow":["GET"]}}],"collection":[{"href":"https:\/\/www.kontinenzzentrum.ch\/de\/wp-json\/wp\/v2\/pages"}],"about":[{"href":"https:\/\/www.kontinenzzentrum.ch\/de\/wp-json\/wp\/v2\/types\/page"}],"author":[{"embeddable":true,"href":"https:\/\/www.kontinenzzentrum.ch\/de\/wp-json\/wp\/v2\/users\/1"}],"replies":[{"embeddable":true,"href":"https:\/\/www.kontinenzzentrum.ch\/de\/wp-json\/wp\/v2\/comments?post=740"}],"version-history":[{"count":6,"href":"https:\/\/www.kontinenzzentrum.ch\/de\/wp-json\/wp\/v2\/pages\/740\/revisions"}],"predecessor-version":[{"id":747,"href":"https:\/\/www.kontinenzzentrum.ch\/de\/wp-json\/wp\/v2\/pages\/740\/revisions\/747"}],"up":[{"embeddable":true,"href":"https:\/\/www.kontinenzzentrum.ch\/de\/wp-json\/wp\/v2\/pages\/720"}],"wp:featuredmedia":[{"embeddable":true,"href":"https:\/\/www.kontinenzzentrum.ch\/de\/wp-json\/wp\/v2\/media\/722"}],"wp:attachment":[{"href":"https:\/\/www.kontinenzzentrum.ch\/de\/wp-json\/wp\/v2\/media?parent=740"}],"curies":[{"name":"wp","href":"https:\/\/api.w.org\/{rel}","templated":true}]}}